{"id":1052,"date":"2016-03-11T15:59:31","date_gmt":"2016-03-11T14:59:31","guid":{"rendered":"https:\/\/www2.bbs-me.de\/?page_id=1052"},"modified":"2016-03-31T13:48:40","modified_gmt":"2016-03-31T11:48:40","slug":"webportal","status":"publish","type":"page","link":"https:\/\/www2.bbs-me.de\/index.php\/webportal\/","title":{"rendered":"Webportal f\u00fcr Sch\u00fcler\/-innen"},"content":{"rendered":"<div class=\"flex_column av_one_full  flex_column_div first  avia-builder-el-0  el_before_av_one_half  avia-builder-el-first  \" ><section class=\"av_textblock_section \"  itemscope=\"itemscope\" itemtype=\"https:\/\/schema.org\/CreativeWork\" ><div class='avia_textblock  '  style='font-size:34px; '  itemprop=\"text\" ><p style=\"text-align: center\">Web-Portal f\u00fcr Sch\u00fclerinnen und Sch\u00fcler<\/p>\n<\/div><\/section><br \/>\n<section class=\"av_textblock_section \"  itemscope=\"itemscope\" itemtype=\"https:\/\/schema.org\/CreativeWork\" ><div class='avia_textblock  '   itemprop=\"text\" ><p>Als Sch\u00fclerin oder Sch\u00fcler unserer Schule erhalten Sie automatisch generierte Anmeldedaten, damit Sie unsere vielf\u00e4ltigen IT-Angebote nutzen k\u00f6nnen.<br \/>\nDas umfasst einen WLAN-Zugang, eine schulische E-Mail Adresse, einen Zugang zu unserem File-Server via Seafile und eine zentrale Landing-Page, von der aus die Dienste zentral erreichbar sind.<\/p>\n<\/div><\/section><\/p><\/div>\n<div class=\"flex_column av_one_half  flex_column_div first  avia-builder-el-3  el_after_av_one_full  el_before_av_one_half  column-top-margin\" ><section class=\"av_textblock_section \"  itemscope=\"itemscope\" itemtype=\"https:\/\/schema.org\/CreativeWork\" ><div class='avia_textblock  '  style='font-size:28px; '  itemprop=\"text\" ><p style=\"text-align: center\">Landing-Page<\/p>\n<\/div><\/section><br \/>\n<br \/>\n<section class=\"av_textblock_section \"  itemscope=\"itemscope\" itemtype=\"https:\/\/schema.org\/CreativeWork\" ><div class='avia_textblock  '   itemprop=\"text\" ><p>Die Landingpage dient als zentrale Anlaufstelle f\u00fcr Ihre schulischen Daten.<br \/>\nSie erreichen diese \u00fcber folgende URL: <a href=\"http:\/\/www.bbs-me.org\" target=\"_blank\" rel=\"noopener\">www.bbs-me.org<\/a><br \/>\nNach erfolgreicher Anmeldung an der Landing-Page erfolgen die Anmeldungen am Seafile und E-Mail Postfach automatisch.<br \/>\nDurch die Abmeldung von der Landing-Page werden sie ebenfalls von den oben genannten Diensten abgemeldet.<\/p>\n<\/div><\/section><\/p><\/div><div class=\"flex_column av_one_half  flex_column_div   avia-builder-el-7  el_after_av_one_half  el_before_av_one_half  column-top-margin\" ><section class=\"av_textblock_section \"  itemscope=\"itemscope\" itemtype=\"https:\/\/schema.org\/CreativeWork\" ><div class='avia_textblock  '  style='font-size:28px; '  itemprop=\"text\" ><p style=\"text-align: center\">WLAN f\u00fcr Sch\u00fcler<\/p>\n<\/div><\/section><br \/>\n<br \/>\n<section class=\"av_textblock_section \"  itemscope=\"itemscope\" itemtype=\"https:\/\/schema.org\/CreativeWork\" ><div class='avia_textblock  '   itemprop=\"text\" ><p>Das WLAN unserer Schule k\u00f6nnen alle Sch\u00fclerinnen und Sch\u00fcler kostenlos nutzen.<br \/>\nF\u00fcr die Nutzung des WLAN&#8217;s ben\u00f6tigen Sie die Anmeldedaten, welche Sie von uns erhalten haben.<br \/>\nIm Anschluss werden Sie auf die Landing-Page <a href=\"http:\/\/www.bbs-me.org\" target=\"_blank\" rel=\"noopener\">www.bbs-me.org<\/a> weitergeleitet.<\/p>\n<\/div><\/section><\/p><\/div><\/p>\n<div class=\"flex_column av_one_half  flex_column_div first  avia-builder-el-11  el_after_av_one_half  el_before_av_one_half  column-top-margin\" ><section class=\"av_textblock_section \"  itemscope=\"itemscope\" itemtype=\"https:\/\/schema.org\/CreativeWork\" ><div class='avia_textblock  '  style='font-size:28px; '  itemprop=\"text\" ><p style=\"text-align: center\">E-Mail<\/p>\n<\/div><\/section><br \/>\n<br \/>\n<section class=\"av_textblock_section \"  itemscope=\"itemscope\" itemtype=\"https:\/\/schema.org\/CreativeWork\" ><div class='avia_textblock  '   itemprop=\"text\" ><p>Das E-Mail Postfach ist \u00fcber die Landing-Page zu erreichen.<br \/>\nHier k\u00f6nnen Sie schulische E-Mails senden und empfangen, sowie eine automatische Weiterleitung einrichten.<br \/>\nDie Weiterleitung dienst sp\u00e4ter auch zum Zur\u00fccksetzen des Passwortes.<\/p>\n<\/div><\/section><\/p><\/div><div class=\"flex_column av_one_half  flex_column_div   avia-builder-el-15  el_after_av_one_half  el_before_av_one_full  column-top-margin\" ><section class=\"av_textblock_section \"  itemscope=\"itemscope\" itemtype=\"https:\/\/schema.org\/CreativeWork\" ><div class='avia_textblock  '  style='font-size:28px; '  itemprop=\"text\" ><p style=\"text-align: center\">Seafile<\/p>\n<\/div><\/section><br \/>\n<section class=\"av_textblock_section \"  itemscope=\"itemscope\" itemtype=\"https:\/\/schema.org\/CreativeWork\" ><div class='avia_textblock  '   itemprop=\"text\" ><p>Seafile dient als Ablageplatz f\u00fcr schulische Daten.<br \/>\nSie k\u00f6nnen \u00fcber die Landing-Page auf das Web-Portal von Seafile zugreifen oder sich auf Ihren Ger\u00e4ten einen Seafile-Client einrichten.<br \/>\n\u00dcber das Internet k\u00f6nnen Sie von \u00fcberall auf das Seafile zugreifen und mit Ihren Daten arbeiten.<\/p>\n<\/div><\/section><\/p><\/div><\/p>\n<div class=\"flex_column av_one_full  flex_column_div first  avia-builder-el-18  el_after_av_one_half  avia-builder-el-last  column-top-margin\" ><\/div>\n","protected":false},"excerpt":{"rendered":"","protected":false},"author":39,"featured_media":0,"parent":0,"menu_order":0,"comment_status":"closed","ping_status":"closed","template":"","meta":{"footnotes":""},"page_category":[],"yoast_head":"<!-- This site is optimized with the Yoast SEO plugin v22.8 - https:\/\/yoast.com\/wordpress\/plugins\/seo\/ -->\n<title>Webportal f\u00fcr Sch\u00fcler\/-innen - bbs|me<\/title>\n<meta name=\"robots\" content=\"index, follow, max-snippet:-1, max-image-preview:large, max-video-preview:-1\" \/>\n<link rel=\"canonical\" href=\"https:\/\/www2.bbs-me.de\/index.php\/webportal\/\" \/>\n<meta property=\"og:locale\" content=\"de_DE\" \/>\n<meta property=\"og:type\" content=\"article\" \/>\n<meta property=\"og:title\" content=\"Webportal f\u00fcr Sch\u00fcler\/-innen - bbs|me\" \/>\n<meta property=\"og:url\" content=\"https:\/\/www2.bbs-me.de\/index.php\/webportal\/\" \/>\n<meta property=\"og:site_name\" content=\"bbs|me\" \/>\n<meta property=\"article:modified_time\" content=\"2016-03-31T11:48:40+00:00\" \/>\n<meta name=\"twitter:card\" content=\"summary_large_image\" \/>\n<meta name=\"twitter:label1\" content=\"Gesch\u00e4tzte Lesezeit\" \/>\n\t<meta name=\"twitter:data1\" content=\"2\u00a0Minuten\" \/>\n<script type=\"application\/ld+json\" class=\"yoast-schema-graph\">{\"@context\":\"https:\/\/schema.org\",\"@graph\":[{\"@type\":\"WebPage\",\"@id\":\"https:\/\/www2.bbs-me.de\/index.php\/webportal\/\",\"url\":\"https:\/\/www2.bbs-me.de\/index.php\/webportal\/\",\"name\":\"Webportal f\u00fcr Sch\u00fcler\/-innen - bbs|me\",\"isPartOf\":{\"@id\":\"https:\/\/www2.bbs-me.de\/#website\"},\"datePublished\":\"2016-03-11T14:59:31+00:00\",\"dateModified\":\"2016-03-31T11:48:40+00:00\",\"breadcrumb\":{\"@id\":\"https:\/\/www2.bbs-me.de\/index.php\/webportal\/#breadcrumb\"},\"inLanguage\":\"de\",\"potentialAction\":[{\"@type\":\"ReadAction\",\"target\":[\"https:\/\/www2.bbs-me.de\/index.php\/webportal\/\"]}]},{\"@type\":\"BreadcrumbList\",\"@id\":\"https:\/\/www2.bbs-me.de\/index.php\/webportal\/#breadcrumb\",\"itemListElement\":[{\"@type\":\"ListItem\",\"position\":1,\"name\":\"Startseite\",\"item\":\"https:\/\/www2.bbs-me.de\/\"},{\"@type\":\"ListItem\",\"position\":2,\"name\":\"Webportal f\u00fcr Sch\u00fcler\/-innen\"}]},{\"@type\":\"WebSite\",\"@id\":\"https:\/\/www2.bbs-me.de\/#website\",\"url\":\"https:\/\/www2.bbs-me.de\/\",\"name\":\"bbs|me\",\"description\":\"Otto-Brenner-Schule - Berufsbildende Schule Metalltechnik \u2022 Elektrotechnik der Region Hannover\",\"potentialAction\":[{\"@type\":\"SearchAction\",\"target\":{\"@type\":\"EntryPoint\",\"urlTemplate\":\"https:\/\/www2.bbs-me.de\/?s={search_term_string}\"},\"query-input\":\"required name=search_term_string\"}],\"inLanguage\":\"de\"}]}<\/script>\n<!-- \/ Yoast SEO plugin. -->","yoast_head_json":{"title":"Webportal f\u00fcr Sch\u00fcler\/-innen - bbs|me","robots":{"index":"index","follow":"follow","max-snippet":"max-snippet:-1","max-image-preview":"max-image-preview:large","max-video-preview":"max-video-preview:-1"},"canonical":"https:\/\/www2.bbs-me.de\/index.php\/webportal\/","og_locale":"de_DE","og_type":"article","og_title":"Webportal f\u00fcr Sch\u00fcler\/-innen - bbs|me","og_url":"https:\/\/www2.bbs-me.de\/index.php\/webportal\/","og_site_name":"bbs|me","article_modified_time":"2016-03-31T11:48:40+00:00","twitter_card":"summary_large_image","twitter_misc":{"Gesch\u00e4tzte Lesezeit":"2\u00a0Minuten"},"schema":{"@context":"https:\/\/schema.org","@graph":[{"@type":"WebPage","@id":"https:\/\/www2.bbs-me.de\/index.php\/webportal\/","url":"https:\/\/www2.bbs-me.de\/index.php\/webportal\/","name":"Webportal f\u00fcr Sch\u00fcler\/-innen - bbs|me","isPartOf":{"@id":"https:\/\/www2.bbs-me.de\/#website"},"datePublished":"2016-03-11T14:59:31+00:00","dateModified":"2016-03-31T11:48:40+00:00","breadcrumb":{"@id":"https:\/\/www2.bbs-me.de\/index.php\/webportal\/#breadcrumb"},"inLanguage":"de","potentialAction":[{"@type":"ReadAction","target":["https:\/\/www2.bbs-me.de\/index.php\/webportal\/"]}]},{"@type":"BreadcrumbList","@id":"https:\/\/www2.bbs-me.de\/index.php\/webportal\/#breadcrumb","itemListElement":[{"@type":"ListItem","position":1,"name":"Startseite","item":"https:\/\/www2.bbs-me.de\/"},{"@type":"ListItem","position":2,"name":"Webportal f\u00fcr Sch\u00fcler\/-innen"}]},{"@type":"WebSite","@id":"https:\/\/www2.bbs-me.de\/#website","url":"https:\/\/www2.bbs-me.de\/","name":"bbs|me","description":"Otto-Brenner-Schule - Berufsbildende Schule Metalltechnik \u2022 Elektrotechnik der Region Hannover","potentialAction":[{"@type":"SearchAction","target":{"@type":"EntryPoint","urlTemplate":"https:\/\/www2.bbs-me.de\/?s={search_term_string}"},"query-input":"required name=search_term_string"}],"inLanguage":"de"}]}},"publishpress_future_action":{"enabled":false,"date":"2026-04-12 18:41:57","action":"change-status","newStatus":"draft","terms":[],"taxonomy":"page_category"},"_links":{"self":[{"href":"https:\/\/www2.bbs-me.de\/index.php\/wp-json\/wp\/v2\/pages\/1052"}],"collection":[{"href":"https:\/\/www2.bbs-me.de\/index.php\/wp-json\/wp\/v2\/pages"}],"about":[{"href":"https:\/\/www2.bbs-me.de\/index.php\/wp-json\/wp\/v2\/types\/page"}],"author":[{"embeddable":true,"href":"https:\/\/www2.bbs-me.de\/index.php\/wp-json\/wp\/v2\/users\/39"}],"replies":[{"embeddable":true,"href":"https:\/\/www2.bbs-me.de\/index.php\/wp-json\/wp\/v2\/comments?post=1052"}],"version-history":[{"count":43,"href":"https:\/\/www2.bbs-me.de\/index.php\/wp-json\/wp\/v2\/pages\/1052\/revisions"}],"predecessor-version":[{"id":6228,"href":"https:\/\/www2.bbs-me.de\/index.php\/wp-json\/wp\/v2\/pages\/1052\/revisions\/6228"}],"wp:attachment":[{"href":"https:\/\/www2.bbs-me.de\/index.php\/wp-json\/wp\/v2\/media?parent=1052"}],"wp:term":[{"taxonomy":"page_category","embeddable":true,"href":"https:\/\/www2.bbs-me.de\/index.php\/wp-json\/wp\/v2\/page_category?post=1052"}],"curies":[{"name":"wp","href":"https:\/\/api.w.org\/{rel}","templated":true}]}}