{"id":1056,"date":"2016-01-11T16:00:18","date_gmt":"2016-01-11T15:00:18","guid":{"rendered":"https:\/\/www2.bbs-me.de\/?page_id=1056"},"modified":"2016-03-30T09:24:43","modified_gmt":"2016-03-30T07:24:43","slug":"wer-war-otto-brenner","status":"publish","type":"page","link":"https:\/\/www2.bbs-me.de\/index.php\/wer-war-otto-brenner\/","title":{"rendered":"Wer war Otto Brenner?"},"content":{"rendered":"<div id='av-layout-grid-1'  class='av-layout-grid-container entry-content-wrapper main_color av-flex-cells     avia-builder-el-0  el_before_av_layout_row  avia-builder-el-first  container_wrap sidebar_right' style=' '  >\n<div class=\"flex_cell no_margin av_one_third  avia-builder-el-1  el_before_av_cell_two_third  avia-builder-el-first   \"  style='vertical-align:top; padding:66px 49px 30px 50px ; ' ><div class='flex_cell_inner' ><p><div  class='avia-image-container  av-styling-    avia-builder-el-2  el_before_av_hr  avia-builder-el-first  avia-align-right '  itemprop=\"image\" itemscope=\"itemscope\" itemtype=\"https:\/\/schema.org\/ImageObject\"  ><div class='avia-image-container-inner'><div class='avia-image-overlay-wrap'><img class='avia_image' src='https:\/\/www2.bbs-me.de\/wp-content\/uploads\/2016\/01\/50ef898a94-225x300.jpg' alt='' title='' height=\"300\" width=\"225\"  itemprop=\"thumbnailUrl\"  \/><\/div><\/div><\/div><br \/>\n<div   class='hr hr-default   avia-builder-el-3  el_after_av_image  el_before_av_textblock '><span class='hr-inner ' ><span class='hr-inner-style'><\/span><\/span><\/div><br \/>\n<section class=\"av_textblock_section \"  itemscope=\"itemscope\" itemtype=\"https:\/\/schema.org\/CreativeWork\" ><div class='avia_textblock  '   itemprop=\"text\" ><p style=\"text-align: right;\"><em>&#8220;Nicht Ruhe, nicht Unterw\u00fcrfigkeit gegen\u00fcber der Obrigkeit ist die erste B\u00fcrgerpflicht, sondern Kritik und demokratische Wachsamkeit.&#8221;<\/em><\/p>\n<p><!--<br \/--><\/p>\n<\/div><\/section><\/p>\n<\/div><\/div><div class=\"flex_cell no_margin av_two_third  avia-builder-el-5  el_after_av_cell_one_third  avia-builder-el-last   \"  style='vertical-align:top; padding:54px 49px 30px 50px ; ' ><div class='flex_cell_inner' ><section class=\"av_textblock_section \"  itemscope=\"itemscope\" itemtype=\"https:\/\/schema.org\/CreativeWork\" ><div class='avia_textblock  '  style='font-size:15px; '  itemprop=\"text\" ><h1>Wer war Otto Brenner ?<\/h1>\n<p><strong style=\"color: #111;\">Otto Brenner wurde am 8.11.1907 in Hannover geboren. Nach dem 2. Weltkrieg war er Mitbegr\u00fcnder der Gewerkschaften und der SPD in Niedersachsen. Von 1956 bis zu seinem Tode 1972 war er Erster Vorsitzender der IG Metall. Nach dem Ende des Krieges und der Befreiung von der Nazi-Diktatur beteiligte er sich aktiv am demokratischen Neuaufbau.<br \/>\nIm Dezember 1991 erhielt unsere Schule den Namen Otto-Brenner-Schule anl\u00e4sslich des 100. Geburtstages der IG Metall.<\/strong><\/p>\n<p>Als Sohn eines Mechanikers musste Otto Brenner bereits fr\u00fch die Schule verlassen und aus der Not seiner Familie heraus eine T\u00e4tigkeit als Hilfsarbeiter in einer Kesselfabrik als Nietenpresser und Nietenw\u00e4rmer aufnehmen. Dabei zog er sich starke Sch\u00e4digungen an Lunge und Bronchien zu. Sp\u00e4ter konnte er sich beruflich als Elektriker qualifizieren.<br \/>\nSchon fr\u00fch schloss er sich dem Metallarbeiter-Verband an und war in der Arbeiterbewegung, in der SPD und sp\u00e4ter der SAP aktiv. Er war Betriebsrat bei der Hanomag.<br \/>\nOtto Brenner war aktiv im Widerstand gegen die Nazis. Wegen \u201eVorbereitung zum Hochverrat&#8221; wurde er deswegen 1933 zu zwei Jahren Gef\u00e4ngnis verurteilt.<\/p>\n<p>Bei den ersten Kommunalwahlen nach dem Krieg wurde er am 13.10.1946 in den Rat der Stadt Hannover gew\u00e4hlt. <strong>Unter seiner Leitung beschloss der Schulausschuss am 11.01.1952 die Pl\u00e4ne zum Bau des Berufsschulzentrums am Waterlooplatz. Er wurde dadurch einer der V\u00e4ter unserer Schule. Gut ein Jahr sp\u00e4ter am 20.04.1953 konnte das erste Geb\u00e4ude bezogen werden. Das war die Geburtsstunde der Gewerblichen Berufsschule V, die damals durch eine Teilung der Gewerblichen Berufsschule IV entstand. 50 Jahre sp\u00e4ter, am 01.08.2003, wurden beide Schulen zur bbs|me &#8211; Otto-Brenner-Schule wieder vereint.<\/strong><\/p>\n<p>Otto Brenners Anliegen war es, &#8220;Hauptschule und Berufsschule aus dem Hinterhof des Bildungssystem zu befreien&#8221;. \u00d6ffnung und Durchl\u00e4ssigkeit auf allen Ebenen des Bildungssystems, besonders die soziale \u00d6ffnung der Hochschulen f\u00fcr Arbeiterkinder waren bildungspolitische Ziele, die Otto Brenner f\u00fcr die IG Metall formulierte.<\/p>\n<p>Zwei Jahrzehnte war Otto Brenner der wohl wichtigste Gewerkschaftsf\u00fchrer der Nachkriegszeit und hat einen bedeutenden Beitrag f\u00fcr die demokratische Entwicklung und die sozialen Rechte der Arbeitnehmer in unserem Land geleistet.<\/p>\n<\/div><\/section>\n<\/div><\/div><\/div><div id='av-layout-grid-2'  class='av-layout-grid-container entry-content-wrapper main_color av-flex-cells     avia-builder-el-7  el_after_av_layout_row  avia-builder-el-last  submenu-not-first container_wrap sidebar_right' style=' '  >\n<div class=\"flex_cell no_margin av_one_full  avia-builder-el-8  avia-builder-el-no-sibling   \"  style='vertical-align:top; padding:0px 30px 47px 49px ; ' ><div class='flex_cell_inner' ><\/div><\/div>\n<\/div><\/p>\n","protected":false},"excerpt":{"rendered":"","protected":false},"author":39,"featured_media":0,"parent":0,"menu_order":0,"comment_status":"closed","ping_status":"closed","template":"","meta":{"footnotes":""},"page_category":[99],"yoast_head":"<!-- This site is optimized with the Yoast SEO plugin v22.8 - https:\/\/yoast.com\/wordpress\/plugins\/seo\/ -->\n<title>Wer war Otto Brenner? - bbs|me<\/title>\n<meta name=\"robots\" content=\"index, follow, max-snippet:-1, max-image-preview:large, max-video-preview:-1\" \/>\n<link rel=\"canonical\" href=\"https:\/\/www2.bbs-me.de\/index.php\/wer-war-otto-brenner\/\" \/>\n<meta property=\"og:locale\" content=\"de_DE\" \/>\n<meta property=\"og:type\" content=\"article\" \/>\n<meta property=\"og:title\" content=\"Wer war Otto Brenner? - bbs|me\" \/>\n<meta property=\"og:url\" content=\"https:\/\/www2.bbs-me.de\/index.php\/wer-war-otto-brenner\/\" \/>\n<meta property=\"og:site_name\" content=\"bbs|me\" \/>\n<meta property=\"article:modified_time\" content=\"2016-03-30T07:24:43+00:00\" \/>\n<meta name=\"twitter:card\" content=\"summary_large_image\" \/>\n<meta name=\"twitter:label1\" content=\"Gesch\u00e4tzte Lesezeit\" \/>\n\t<meta name=\"twitter:data1\" content=\"3\u00a0Minuten\" \/>\n<script type=\"application\/ld+json\" class=\"yoast-schema-graph\">{\"@context\":\"https:\/\/schema.org\",\"@graph\":[{\"@type\":\"WebPage\",\"@id\":\"https:\/\/www2.bbs-me.de\/index.php\/wer-war-otto-brenner\/\",\"url\":\"https:\/\/www2.bbs-me.de\/index.php\/wer-war-otto-brenner\/\",\"name\":\"Wer war Otto Brenner? - bbs|me\",\"isPartOf\":{\"@id\":\"https:\/\/www2.bbs-me.de\/#website\"},\"datePublished\":\"2016-01-11T15:00:18+00:00\",\"dateModified\":\"2016-03-30T07:24:43+00:00\",\"breadcrumb\":{\"@id\":\"https:\/\/www2.bbs-me.de\/index.php\/wer-war-otto-brenner\/#breadcrumb\"},\"inLanguage\":\"de\",\"potentialAction\":[{\"@type\":\"ReadAction\",\"target\":[\"https:\/\/www2.bbs-me.de\/index.php\/wer-war-otto-brenner\/\"]}]},{\"@type\":\"BreadcrumbList\",\"@id\":\"https:\/\/www2.bbs-me.de\/index.php\/wer-war-otto-brenner\/#breadcrumb\",\"itemListElement\":[{\"@type\":\"ListItem\",\"position\":1,\"name\":\"Startseite\",\"item\":\"https:\/\/www2.bbs-me.de\/\"},{\"@type\":\"ListItem\",\"position\":2,\"name\":\"Wer war Otto Brenner?\"}]},{\"@type\":\"WebSite\",\"@id\":\"https:\/\/www2.bbs-me.de\/#website\",\"url\":\"https:\/\/www2.bbs-me.de\/\",\"name\":\"bbs|me\",\"description\":\"Otto-Brenner-Schule - Berufsbildende Schule Metalltechnik \u2022 Elektrotechnik der Region Hannover\",\"potentialAction\":[{\"@type\":\"SearchAction\",\"target\":{\"@type\":\"EntryPoint\",\"urlTemplate\":\"https:\/\/www2.bbs-me.de\/?s={search_term_string}\"},\"query-input\":\"required name=search_term_string\"}],\"inLanguage\":\"de\"}]}<\/script>\n<!-- \/ Yoast SEO plugin. -->","yoast_head_json":{"title":"Wer war Otto Brenner? - bbs|me","robots":{"index":"index","follow":"follow","max-snippet":"max-snippet:-1","max-image-preview":"max-image-preview:large","max-video-preview":"max-video-preview:-1"},"canonical":"https:\/\/www2.bbs-me.de\/index.php\/wer-war-otto-brenner\/","og_locale":"de_DE","og_type":"article","og_title":"Wer war Otto Brenner? - bbs|me","og_url":"https:\/\/www2.bbs-me.de\/index.php\/wer-war-otto-brenner\/","og_site_name":"bbs|me","article_modified_time":"2016-03-30T07:24:43+00:00","twitter_card":"summary_large_image","twitter_misc":{"Gesch\u00e4tzte Lesezeit":"3\u00a0Minuten"},"schema":{"@context":"https:\/\/schema.org","@graph":[{"@type":"WebPage","@id":"https:\/\/www2.bbs-me.de\/index.php\/wer-war-otto-brenner\/","url":"https:\/\/www2.bbs-me.de\/index.php\/wer-war-otto-brenner\/","name":"Wer war Otto Brenner? - bbs|me","isPartOf":{"@id":"https:\/\/www2.bbs-me.de\/#website"},"datePublished":"2016-01-11T15:00:18+00:00","dateModified":"2016-03-30T07:24:43+00:00","breadcrumb":{"@id":"https:\/\/www2.bbs-me.de\/index.php\/wer-war-otto-brenner\/#breadcrumb"},"inLanguage":"de","potentialAction":[{"@type":"ReadAction","target":["https:\/\/www2.bbs-me.de\/index.php\/wer-war-otto-brenner\/"]}]},{"@type":"BreadcrumbList","@id":"https:\/\/www2.bbs-me.de\/index.php\/wer-war-otto-brenner\/#breadcrumb","itemListElement":[{"@type":"ListItem","position":1,"name":"Startseite","item":"https:\/\/www2.bbs-me.de\/"},{"@type":"ListItem","position":2,"name":"Wer war Otto Brenner?"}]},{"@type":"WebSite","@id":"https:\/\/www2.bbs-me.de\/#website","url":"https:\/\/www2.bbs-me.de\/","name":"bbs|me","description":"Otto-Brenner-Schule - Berufsbildende Schule Metalltechnik \u2022 Elektrotechnik der Region Hannover","potentialAction":[{"@type":"SearchAction","target":{"@type":"EntryPoint","urlTemplate":"https:\/\/www2.bbs-me.de\/?s={search_term_string}"},"query-input":"required name=search_term_string"}],"inLanguage":"de"}]}},"publishpress_future_action":{"enabled":false,"date":"2026-04-12 18:58:15","action":"change-status","newStatus":"draft","terms":[],"taxonomy":"page_category"},"_links":{"self":[{"href":"https:\/\/www2.bbs-me.de\/index.php\/wp-json\/wp\/v2\/pages\/1056"}],"collection":[{"href":"https:\/\/www2.bbs-me.de\/index.php\/wp-json\/wp\/v2\/pages"}],"about":[{"href":"https:\/\/www2.bbs-me.de\/index.php\/wp-json\/wp\/v2\/types\/page"}],"author":[{"embeddable":true,"href":"https:\/\/www2.bbs-me.de\/index.php\/wp-json\/wp\/v2\/users\/39"}],"replies":[{"embeddable":true,"href":"https:\/\/www2.bbs-me.de\/index.php\/wp-json\/wp\/v2\/comments?post=1056"}],"version-history":[{"count":37,"href":"https:\/\/www2.bbs-me.de\/index.php\/wp-json\/wp\/v2\/pages\/1056\/revisions"}],"predecessor-version":[{"id":24779,"href":"https:\/\/www2.bbs-me.de\/index.php\/wp-json\/wp\/v2\/pages\/1056\/revisions\/24779"}],"wp:attachment":[{"href":"https:\/\/www2.bbs-me.de\/index.php\/wp-json\/wp\/v2\/media?parent=1056"}],"wp:term":[{"taxonomy":"page_category","embeddable":true,"href":"https:\/\/www2.bbs-me.de\/index.php\/wp-json\/wp\/v2\/page_category?post=1056"}],"curies":[{"name":"wp","href":"https:\/\/api.w.org\/{rel}","templated":true}]}}