{"id":10847,"date":"2017-05-08T14:55:08","date_gmt":"2017-05-08T12:55:08","guid":{"rendered":"https:\/\/www2.bbs-me.de\/?page_id=10847"},"modified":"2022-07-13T12:26:47","modified_gmt":"2022-07-13T10:26:47","slug":"technische-systemplaner","status":"publish","type":"page","link":"https:\/\/www2.bbs-me.de\/index.php\/berufsschule-metalltechnik\/team-produktdesignersystemplaner\/technische-systemplaner\/","title":{"rendered":"Technische Systemplaner"},"content":{"rendered":"<div id='basic-article'  class='av-layout-grid-container entry-content-wrapper alternate_color av-flex-cells     avia-builder-el-0  el_before_av_section  avia-builder-el-first  container_wrap sidebar_right' style=' '  >\n<div class=\"flex_cell no_margin av_one_half  avia-builder-el-1  el_before_av_cell_one_half  avia-builder-el-first   \"  style='vertical-align:top; padding:30px; ' ><div class='flex_cell_inner' ><p><div  style='height:30px' class='hr hr-invisible   avia-builder-el-2  el_before_av_heading  avia-builder-el-first '><span class='hr-inner ' ><span class='hr-inner-style'><\/span><\/span><\/div><br \/>\n<div  style='padding-bottom:10px; ' class='av-special-heading av-special-heading-h1  blockquote modern-quote  avia-builder-el-3  el_after_av_hr  el_before_av_textblock  '><h1 class='av-special-heading-tag '  itemprop=\"headline\"  >Technische Systemplanerinnen \/ Systemplaner<\/h1><div class='special-heading-border'><div class='special-heading-inner-border' ><\/div><\/div><\/div><br \/>\n<section class=\"av_textblock_section \"  itemscope=\"itemscope\" itemtype=\"https:\/\/schema.org\/CreativeWork\" ><div class='avia_textblock  '  style='font-size:16px; '  itemprop=\"text\" ><p>Der Beruf des Technischen Systemplaners wird an unserer Schule in den folgenden Fachrichtungen beschult:<\/p>\n<span  class=\"av_font_icon avia_animate_when_visible avia-icon-animate  av-icon-style-  av-no-color avia-icon-pos-left \" style=\"\"><span class='av-icon-char' style='font-size:20px;line-height:20px;' aria-hidden='true' data-av_icon='\ue871' data-av_iconfont='entypo-fontello' ><\/span><\/span>\n<p>Versorgungs- und Ausr\u00fcstungstechnik<\/p>\n<span  class=\"av_font_icon avia_animate_when_visible avia-icon-animate  av-icon-style-  av-no-color avia-icon-pos-left \" style=\"\"><span class='av-icon-char' style='font-size:20px;line-height:20px;' aria-hidden='true' data-av_icon='\ue871' data-av_iconfont='entypo-fontello' ><\/span><\/span>\n<p>Stahl- und Metallbautechnik<\/p>\n<p>Vorausgesetzt wird in den meisten Ausbildungsbetrieben die mittlere Reife, oftmals aber auch das Abitur.<br \/>\nDie duale Ausbildung dauert in allen drei Bereichen 3,5 Jahre, wobei die M\u00f6glichkeit besteht die Ausbildungszeit um \u00bd Jahr (Voraussetzung: Notenschnitt besser als 2,49) bzw. 1 Jahr (Voraussetzung: Abitur) zu verk\u00fcrzen.<\/p>\n<p>Technische Systemplaner\/innen der Fachrichtung Versorgungs- und Ausr\u00fcstungstechnik erstellen anlagentechnische Unterlagen mit rechnergest\u00fctzter CAD-Software. Diese Unterlagen werden in Gro\u00dfformaten ausgeplottet, um sie auf Baustellen zur Montage von Anlagen zu verwenden. Au\u00dferdem sind sie oftmals auch f\u00fcr die Bestandsdokumentation zust\u00e4ndig, wenn die Bauma\u00dfnahme (Sanierung, Neubau, Umbau o.\u00e4.) abgeschlossen ist.<\/p>\n<p>Wichtig f\u00fcr diesen Beruf ist das r\u00e4umliche Vorstellungsverm\u00f6gen, da oftmals in 3D gezeichnet wird und Schnitte durch das Geb\u00e4ude gemacht werden m\u00fcssen.<br \/>\nAu\u00dferdem ist gutes technisches Verst\u00e4ndnis wichtig um vor allem die komplexen Zusammenh\u00e4nge zwischen einzelnen Gewerken und Planungsabschnitten zu verstehen. Der Beruf ist nicht ausschlie\u00dflich im B\u00fcro auszu\u00fcben. Es kommt auch vor, dass Systemplaner auf die Baustellen fahren und Aufma\u00dfe erstellen m\u00fcssen.<\/p>\n<p>Die T\u00e4tigkeitsbereiche k\u00f6nnen sehr stark variieren, da technische Systemplaner sowohl in Planungsb\u00fcros bzw. Ingenieurb\u00fcros, aber auch in ausf\u00fchrenden Firmen oder \u00f6ffentlichen Verwaltungen arbeiten k\u00f6nnen. Sie werden auch bei Herstellern von Heizungs- und Klimatechnik ben\u00f6tigt um Berechnungen und Zeichnungen f\u00fcr Kunden zu erstellen.<\/p>\n<p>Im Rahmen der Versorgungs- und Ausr\u00fcstungstechnik gibt es die\u00a0folgenden Fachgebiete:<\/p>\n<p><a href=\"https:\/\/www2.bbs-me.de\/index.php\/berufsschule-metalltechnik\/team-produktdesignersystemplaner\/technische-produktdesigner-2-2\/\">Sanit\u00e4rtechnik<\/a><\/p>\n<p><a href=\"https:\/\/www2.bbs-me.de\/index.php\/berufsschule-metalltechnik\/team-produktdesignersystemplaner\/technische-produktdesigner-2-2-2-2\/\">Heizungstechnik<\/a><\/p>\n<p><a href=\"https:\/\/www2.bbs-me.de\/index.php\/berufsschule-metalltechnik\/team-produktdesignersystemplaner\/technische-produktdesigner-2-2-2-3\/\">Klimatechnik<\/a><\/p>\n<\/div><\/section><br \/>\n<section class=\"av_textblock_section \"  itemscope=\"itemscope\" itemtype=\"https:\/\/schema.org\/CreativeWork\" ><div class='avia_textblock  '  style='font-size:16px; '  itemprop=\"text\" ><p>Der Beruf des Technischen Systemplaners wird an unserer Schule in den folgenden\u00a0Fachrichtungen\u00a0beschult:<br \/>\n\uf0b7 Versorgungs- und Ausr\u00fcstungstechnik<br \/>\n\uf0b7 Stahl- und Metallbautechnik<\/p>\n<p>Vorausgesetzt wird in den meisten Ausbildungsbetrieben die mittlere Reife, oftmals aber auch das Abitur.<br \/>\nDie duale Ausbildung dauert in allen drei Bereichen 3,5 Jahre, wobei die M\u00f6glichkeit besteht die Ausbildungszeit um \u00bd Jahr (Voraussetzung: Notenschnitt besser als 2,49) bzw. 1 Jahr (Voraussetzung: Abitur) zu verk\u00fcrzen.<\/p>\n<p>Technische Systemplaner\/innen der Fachrichtung Versorgungs- und Ausr\u00fcstungstechnik erstellen anlagentechnische Unterlagen mit rechnergest\u00fctzter CAD-Software. Diese Unterlagen werden in Gro\u00dfformaten ausgeplottet, um sie auf Baustellen zur Montage von Anlagen zu verwenden. Au\u00dferdem sind sie oftmals auch f\u00fcr die Bestandsdokumentation zust\u00e4ndig, wenn die Bauma\u00dfnahme (Sanierung, Neubau, Umbau o.\u00e4.) abgeschlossen ist.<\/p>\n<p>Wichtig f\u00fcr diesen Beruf ist das r\u00e4umliche Vorstellungsverm\u00f6gen, da oftmals in 3D gezeichnet wird und Schnitte durch das Geb\u00e4ude gemacht werden m\u00fcssen.<br \/>\nAu\u00dferdem ist gutes technisches Verst\u00e4ndnis wichtig um vor allem die komplexen Zusammenh\u00e4nge zwischen einzelnen Gewerken und Planungsabschnitten zu verstehen. Der Beruf ist nicht ausschlie\u00dflich im B\u00fcro auszu\u00fcben. Es kommt auch vor, dass Systemplaner auf die Baustellen fahren und Aufma\u00dfe erstellen m\u00fcssen.<\/p>\n<p>Die T\u00e4tigkeitsbereiche k\u00f6nnen sehr stark variieren, da technische Systemplaner sowohl in Planungsb\u00fcros bzw. Ingenieurb\u00fcros, aber auch in ausf\u00fchrenden Firmen oder \u00f6ffentlichen Verwaltungen arbeiten k\u00f6nnen. Sie werden auch bei Herstellern von Heizungs- und Klimatechnik ben\u00f6tigt um Berechnungen und Zeichnungen f\u00fcr Kunden zu erstellen.<\/p>\n<p>Im Rahmen der Versorgungs- und Ausr\u00fcstungstechnik gibt es die\u00a0folgenden Fachgebiete:<\/p>\n<p><a href=\"https:\/\/www2.bbs-me.de\/index.php\/berufsschule-metalltechnik\/team-produktdesignersystemplaner\/technische-produktdesigner-2-2\/\">Sanit\u00e4rtechnik<\/a><\/p>\n<p><a href=\"https:\/\/www2.bbs-me.de\/index.php\/berufsschule-metalltechnik\/team-produktdesignersystemplaner\/technische-produktdesigner-2-2-2-2\/\">Heizungstechnik<\/a><\/p>\n<p><a href=\"https:\/\/www2.bbs-me.de\/index.php\/berufsschule-metalltechnik\/team-produktdesignersystemplaner\/technische-produktdesigner-2-2-2-3\/\">Klimatechnik<\/a><\/p>\n<\/div><\/section><\/p>\n<\/div><\/div><div class=\"flex_cell no_margin av_one_half  avia-builder-el-8  el_after_av_cell_one_half  avia-builder-el-last   \"  style='vertical-align:top; padding:30px; ' ><div class='flex_cell_inner' ><p><div  class='avia-image-container  av-styling-    avia-builder-el-9  el_before_av_sidebar  avia-builder-el-first  avia-align-center '  itemprop=\"image\" itemscope=\"itemscope\" itemtype=\"https:\/\/schema.org\/ImageObject\"  ><div class='avia-image-container-inner'><div class='avia-image-overlay-wrap'><img class='avia_image' src='https:\/\/www2.bbs-me.de\/wp-content\/uploads\/2017\/05\/schueler-pc-300x201.jpg' alt='' title='schueler pc' height=\"201\" width=\"300\"  itemprop=\"thumbnailUrl\"  \/><\/div><\/div><\/div><br \/>\n<br \/>\n<div  class='avia-image-container  av-styling-    avia-builder-el-11  el_after_av_sidebar  el_before_av_hr  avia-align-center '  itemprop=\"image\" itemscope=\"itemscope\" itemtype=\"https:\/\/schema.org\/ImageObject\"  ><div class='avia-image-container-inner'><div class='avia-image-overlay-wrap'><img class='avia_image' src='https:\/\/www2.bbs-me.de\/wp-content\/uploads\/2021\/03\/IMG_0194-300x225.jpg' alt='' title='bildschirm-smt' height=\"225\" width=\"300\"  itemprop=\"thumbnailUrl\"  \/><\/div><\/div><\/div><br \/>\n<div   class='hr hr-default   avia-builder-el-12  el_after_av_image  el_before_av_one_third '><span class='hr-inner ' ><span class='hr-inner-style'><\/span><\/span><\/div><br \/>\n<div class=\"flex_column av_one_third  flex_column_div first  avia-builder-el-13  el_after_av_hr  avia-builder-el-last  \" ><div  class='avia-button-wrap avia-button-center  avia-builder-el-14  avia-builder-el-no-sibling ' ><a href='https:\/\/berufenet.arbeitsagentur.de\/berufenet\/faces\/index?path=null\/kurzbeschreibung&dkz=33218' class='avia-button avia-button-fullwidth   avia-icon_select-no avia-color-theme-color ' target=\"_blank\" style='color:; ' rel=\"noopener\"><span class='avia_iconbox_title' >Berufsbeschreibung<\/span><span class='avia_button_background avia-button avia-button-fullwidth avia-color-theme-color-subtle' ><\/span><\/a><\/div><\/div><\/p>\n<\/div><\/div><\/div><div id='more-information'  class='avia-section alternate_color avia-section-default avia-no-shadow  avia-bg-style-scroll  avia-builder-el-15  el_after_av_layout_row  el_before_av_hr   container_wrap sidebar_right' style=' '  ><div class='container' ><div class='template-page content  av-content-small alpha units'><div class='post-entry post-entry-type-page post-entry-10847'><div class='entry-content-wrapper clearfix'>\n<div  style='padding-bottom:10px; font-size:25px;' class='av-special-heading av-special-heading-h3  blockquote modern-quote  avia-builder-el-16  el_before_av_one_half  avia-builder-el-first  av-inherit-size '><h3 class='av-special-heading-tag '  itemprop=\"headline\"  >Weitere Informationen<\/h3><div class='special-heading-border'><div class='special-heading-inner-border' ><\/div><\/div><\/div>\n<div class=\"flex_column av_one_half  flex_column_div av-zero-column-padding first  avia-builder-el-17  el_after_av_heading  avia-builder-el-last  \" style='border-radius:0px; '><div  class='av-catalogue-container   avia-builder-el-18  avia-builder-el-no-sibling '><ul class='av-catalogue-list'>\n<li><a href='https:\/\/www.bibb.de\/tools\/berufesuche\/index.php\/regulation\/techproduktdesigner.pdf' target=\"_blank\" class='av-catalogue-item' rel=\"noopener\"><img src='https:\/\/www2.bbs-me.de\/wp-content\/uploads\/2016\/01\/globe.png' title='' alt='' class='av-catalogue-image' \/><div class='av-catalogue-item-inner'><div class='av-catalogue-title-container'><div class='av-catalogue-title'>Ausbildungsordnung<\/div><div class='av-catalogue-price'><\/div><\/div><div class=\"av-catalogue-content\">\nextern<br \/>\n<\/div><\/div><\/a><\/li>\n<li><a href='http:\/\/www.kmk.org\/fileadmin\/Dateien\/pdf\/Bildung\/BeruflicheBildung\/rlp\/TechnischerSystemplaner11-05-27-E.pdf' target=\"_blank\" class='av-catalogue-item' rel=\"noopener\"><img src='https:\/\/www2.bbs-me.de\/wp-content\/uploads\/2016\/01\/globe.png' title='' alt='' class='av-catalogue-image' \/><div class='av-catalogue-item-inner'><div class='av-catalogue-title-container'><div class='av-catalogue-title'>Rahmenlehrplan Technischer Systemplaner<\/div><div class='av-catalogue-price'><\/div><\/div><div class=\"av-catalogue-content\">\nextern<br \/>\n<\/div><\/div><\/a><\/li>\n<\/ul><\/div><\/div>\n<\/div><\/div><\/div><!-- close content main div --><\/div><\/div><div id='after_section_1'  class='main_color av_default_container_wrap container_wrap sidebar_right' style=' '  ><div class='container' ><div class='template-page content  av-content-small alpha units'><div class='post-entry post-entry-type-page post-entry-10847'><div class='entry-content-wrapper clearfix'><\/p>\n<div   class='hr hr-default   avia-builder-el-19  el_after_av_section  el_before_av_textblock  avia-builder-el-first '><span class='hr-inner ' ><span class='hr-inner-style'><\/span><\/span><\/div>\n<section class=\"av_textblock_section \"  itemscope=\"itemscope\" itemtype=\"https:\/\/schema.org\/CreativeWork\" ><div class='avia_textblock  av_inherit_color '  style='font-size:18px; color:#000000; '  itemprop=\"text\" ><p>Nachrichten\/Stellenangebote f\u00fcr Produktdesigner und Systemplaner<\/p>\n<\/div><\/section>\n<div  style=' margin-top:10px; margin-bottom:10px;'  class='hr hr-custom hr-center hr-icon-no   avia-builder-el-21  el_after_av_textblock  el_before_av_postslider '><span class='hr-inner  inner-border-av-border-thin' style=' width:50px;' ><span class='hr-inner-style'><\/span><\/span><\/div>\n\n","protected":false},"excerpt":{"rendered":"","protected":false},"author":24,"featured_media":0,"parent":911,"menu_order":0,"comment_status":"closed","ping_status":"closed","template":"","meta":{"footnotes":""},"page_category":[44,43],"yoast_head":"<!-- This site is optimized with the Yoast SEO plugin v22.8 - https:\/\/yoast.com\/wordpress\/plugins\/seo\/ -->\n<title>Technische Systemplaner - bbs|me<\/title>\n<meta name=\"robots\" content=\"index, follow, max-snippet:-1, max-image-preview:large, max-video-preview:-1\" \/>\n<link rel=\"canonical\" href=\"https:\/\/www2.bbs-me.de\/index.php\/berufsschule-metalltechnik\/team-produktdesignersystemplaner\/technische-systemplaner\/\" \/>\n<meta property=\"og:locale\" content=\"de_DE\" \/>\n<meta property=\"og:type\" content=\"article\" \/>\n<meta property=\"og:title\" content=\"Technische Systemplaner - bbs|me\" \/>\n<meta property=\"og:url\" content=\"https:\/\/www2.bbs-me.de\/index.php\/berufsschule-metalltechnik\/team-produktdesignersystemplaner\/technische-systemplaner\/\" \/>\n<meta property=\"og:site_name\" content=\"bbs|me\" \/>\n<meta property=\"article:modified_time\" content=\"2022-07-13T10:26:47+00:00\" \/>\n<meta name=\"twitter:card\" content=\"summary_large_image\" \/>\n<meta name=\"twitter:label1\" content=\"Gesch\u00e4tzte Lesezeit\" \/>\n\t<meta name=\"twitter:data1\" content=\"5\u00a0Minuten\" \/>\n<script type=\"application\/ld+json\" class=\"yoast-schema-graph\">{\"@context\":\"https:\/\/schema.org\",\"@graph\":[{\"@type\":\"WebPage\",\"@id\":\"https:\/\/www2.bbs-me.de\/index.php\/berufsschule-metalltechnik\/team-produktdesignersystemplaner\/technische-systemplaner\/\",\"url\":\"https:\/\/www2.bbs-me.de\/index.php\/berufsschule-metalltechnik\/team-produktdesignersystemplaner\/technische-systemplaner\/\",\"name\":\"Technische Systemplaner - bbs|me\",\"isPartOf\":{\"@id\":\"https:\/\/www2.bbs-me.de\/#website\"},\"datePublished\":\"2017-05-08T12:55:08+00:00\",\"dateModified\":\"2022-07-13T10:26:47+00:00\",\"breadcrumb\":{\"@id\":\"https:\/\/www2.bbs-me.de\/index.php\/berufsschule-metalltechnik\/team-produktdesignersystemplaner\/technische-systemplaner\/#breadcrumb\"},\"inLanguage\":\"de\",\"potentialAction\":[{\"@type\":\"ReadAction\",\"target\":[\"https:\/\/www2.bbs-me.de\/index.php\/berufsschule-metalltechnik\/team-produktdesignersystemplaner\/technische-systemplaner\/\"]}]},{\"@type\":\"BreadcrumbList\",\"@id\":\"https:\/\/www2.bbs-me.de\/index.php\/berufsschule-metalltechnik\/team-produktdesignersystemplaner\/technische-systemplaner\/#breadcrumb\",\"itemListElement\":[{\"@type\":\"ListItem\",\"position\":1,\"name\":\"Startseite\",\"item\":\"https:\/\/www2.bbs-me.de\/\"},{\"@type\":\"ListItem\",\"position\":2,\"name\":\"Berufsschule Metalltechnik\",\"item\":\"https:\/\/www2.bbs-me.de\/index.php\/berufsschule-metalltechnik\/\"},{\"@type\":\"ListItem\",\"position\":3,\"name\":\"Produktdesigner\/Systemplaner\",\"item\":\"https:\/\/www2.bbs-me.de\/index.php\/berufsschule-metalltechnik\/team-produktdesignersystemplaner\/\"},{\"@type\":\"ListItem\",\"position\":4,\"name\":\"Technische Systemplaner\"}]},{\"@type\":\"WebSite\",\"@id\":\"https:\/\/www2.bbs-me.de\/#website\",\"url\":\"https:\/\/www2.bbs-me.de\/\",\"name\":\"bbs|me\",\"description\":\"Otto-Brenner-Schule - Berufsbildende Schule Metalltechnik \u2022 Elektrotechnik der Region Hannover\",\"potentialAction\":[{\"@type\":\"SearchAction\",\"target\":{\"@type\":\"EntryPoint\",\"urlTemplate\":\"https:\/\/www2.bbs-me.de\/?s={search_term_string}\"},\"query-input\":\"required name=search_term_string\"}],\"inLanguage\":\"de\"}]}<\/script>\n<!-- \/ Yoast SEO plugin. -->","yoast_head_json":{"title":"Technische Systemplaner - bbs|me","robots":{"index":"index","follow":"follow","max-snippet":"max-snippet:-1","max-image-preview":"max-image-preview:large","max-video-preview":"max-video-preview:-1"},"canonical":"https:\/\/www2.bbs-me.de\/index.php\/berufsschule-metalltechnik\/team-produktdesignersystemplaner\/technische-systemplaner\/","og_locale":"de_DE","og_type":"article","og_title":"Technische Systemplaner - bbs|me","og_url":"https:\/\/www2.bbs-me.de\/index.php\/berufsschule-metalltechnik\/team-produktdesignersystemplaner\/technische-systemplaner\/","og_site_name":"bbs|me","article_modified_time":"2022-07-13T10:26:47+00:00","twitter_card":"summary_large_image","twitter_misc":{"Gesch\u00e4tzte Lesezeit":"5\u00a0Minuten"},"schema":{"@context":"https:\/\/schema.org","@graph":[{"@type":"WebPage","@id":"https:\/\/www2.bbs-me.de\/index.php\/berufsschule-metalltechnik\/team-produktdesignersystemplaner\/technische-systemplaner\/","url":"https:\/\/www2.bbs-me.de\/index.php\/berufsschule-metalltechnik\/team-produktdesignersystemplaner\/technische-systemplaner\/","name":"Technische Systemplaner - bbs|me","isPartOf":{"@id":"https:\/\/www2.bbs-me.de\/#website"},"datePublished":"2017-05-08T12:55:08+00:00","dateModified":"2022-07-13T10:26:47+00:00","breadcrumb":{"@id":"https:\/\/www2.bbs-me.de\/index.php\/berufsschule-metalltechnik\/team-produktdesignersystemplaner\/technische-systemplaner\/#breadcrumb"},"inLanguage":"de","potentialAction":[{"@type":"ReadAction","target":["https:\/\/www2.bbs-me.de\/index.php\/berufsschule-metalltechnik\/team-produktdesignersystemplaner\/technische-systemplaner\/"]}]},{"@type":"BreadcrumbList","@id":"https:\/\/www2.bbs-me.de\/index.php\/berufsschule-metalltechnik\/team-produktdesignersystemplaner\/technische-systemplaner\/#breadcrumb","itemListElement":[{"@type":"ListItem","position":1,"name":"Startseite","item":"https:\/\/www2.bbs-me.de\/"},{"@type":"ListItem","position":2,"name":"Berufsschule Metalltechnik","item":"https:\/\/www2.bbs-me.de\/index.php\/berufsschule-metalltechnik\/"},{"@type":"ListItem","position":3,"name":"Produktdesigner\/Systemplaner","item":"https:\/\/www2.bbs-me.de\/index.php\/berufsschule-metalltechnik\/team-produktdesignersystemplaner\/"},{"@type":"ListItem","position":4,"name":"Technische Systemplaner"}]},{"@type":"WebSite","@id":"https:\/\/www2.bbs-me.de\/#website","url":"https:\/\/www2.bbs-me.de\/","name":"bbs|me","description":"Otto-Brenner-Schule - Berufsbildende Schule Metalltechnik \u2022 Elektrotechnik der Region Hannover","potentialAction":[{"@type":"SearchAction","target":{"@type":"EntryPoint","urlTemplate":"https:\/\/www2.bbs-me.de\/?s={search_term_string}"},"query-input":"required name=search_term_string"}],"inLanguage":"de"}]}},"publishpress_future_action":{"enabled":false,"date":"2026-04-12 22:16:26","action":"change-status","newStatus":"draft","terms":[],"taxonomy":"page_category"},"_links":{"self":[{"href":"https:\/\/www2.bbs-me.de\/index.php\/wp-json\/wp\/v2\/pages\/10847"}],"collection":[{"href":"https:\/\/www2.bbs-me.de\/index.php\/wp-json\/wp\/v2\/pages"}],"about":[{"href":"https:\/\/www2.bbs-me.de\/index.php\/wp-json\/wp\/v2\/types\/page"}],"author":[{"embeddable":true,"href":"https:\/\/www2.bbs-me.de\/index.php\/wp-json\/wp\/v2\/users\/24"}],"replies":[{"embeddable":true,"href":"https:\/\/www2.bbs-me.de\/index.php\/wp-json\/wp\/v2\/comments?post=10847"}],"version-history":[{"count":12,"href":"https:\/\/www2.bbs-me.de\/index.php\/wp-json\/wp\/v2\/pages\/10847\/revisions"}],"predecessor-version":[{"id":24587,"href":"https:\/\/www2.bbs-me.de\/index.php\/wp-json\/wp\/v2\/pages\/10847\/revisions\/24587"}],"up":[{"embeddable":true,"href":"https:\/\/www2.bbs-me.de\/index.php\/wp-json\/wp\/v2\/pages\/911"}],"wp:attachment":[{"href":"https:\/\/www2.bbs-me.de\/index.php\/wp-json\/wp\/v2\/media?parent=10847"}],"wp:term":[{"taxonomy":"page_category","embeddable":true,"href":"https:\/\/www2.bbs-me.de\/index.php\/wp-json\/wp\/v2\/page_category?post=10847"}],"curies":[{"name":"wp","href":"https:\/\/api.w.org\/{rel}","templated":true}]}}