{"id":10854,"date":"2017-05-08T15:37:02","date_gmt":"2017-05-08T13:37:02","guid":{"rendered":"https:\/\/www2.bbs-me.de\/?page_id=10854"},"modified":"2017-05-08T15:48:50","modified_gmt":"2017-05-08T13:48:50","slug":"technische-produktdesigner-2-2-2","status":"publish","type":"page","link":"https:\/\/www2.bbs-me.de\/index.php\/berufsschule-metalltechnik\/team-produktdesignersystemplaner\/technische-produktdesigner-2-2-2\/","title":{"rendered":"Technische Systemplaner Sanit\u00e4rtechnik"},"content":{"rendered":"<div id='basic-article'  class='av-layout-grid-container entry-content-wrapper alternate_color av-flex-cells     avia-builder-el-0  el_before_av_hr  avia-builder-el-first  container_wrap sidebar_right' style=' '  >\n<div class=\"flex_cell no_margin av_one_half  avia-builder-el-1  el_before_av_cell_one_half  avia-builder-el-first   \"  style='vertical-align:top; padding:30px; ' ><div class='flex_cell_inner' ><p><div  style='height:30px' class='hr hr-invisible   avia-builder-el-2  el_before_av_heading  avia-builder-el-first '><span class='hr-inner ' ><span class='hr-inner-style'><\/span><\/span><\/div><br \/>\n<div  style='padding-bottom:10px; ' class='av-special-heading av-special-heading-h1  blockquote modern-quote  avia-builder-el-3  el_after_av_hr  el_before_av_textblock  '><h1 class='av-special-heading-tag '  itemprop=\"headline\"  >Sanit\u00e4rtechnik<\/h1><div class='special-heading-border'><div class='special-heading-inner-border' ><\/div><\/div><\/div><br \/>\n<section class=\"av_textblock_section \"  itemscope=\"itemscope\" itemtype=\"https:\/\/schema.org\/CreativeWork\" ><div class='avia_textblock  '  style='font-size:16px; '  itemprop=\"text\" ><p>Sanit\u00e4rtechnik kommt \u00fcberall dort zum Einsatz wo Nutzwasser ben\u00f6tigt wird, sei es in einzelnen Familienh\u00e4usern oder in gro\u00dfen Schwimmhallen.<\/p>\n<p>Zur Planung geh\u00f6rt zum einen die ben\u00f6tigte Wasserversorgung zu leisten, zum anderen das dadurch anfallende Abwasser entsprechend zu entsorgen. Wie bei den anderen Gewerken auch wird die komplette Anlage so geplant, dass die gew\u00fcnschten Kriterien des Bauvorhabens optimal erf\u00fcllt werden.<\/p>\n<p>Dabei steht die Hygiene an erster Stelle.<\/p>\n<p>Zus\u00e4tzlich zur Anlage im Innern des Geb\u00e4udes gilt es bei der Sanit\u00e4rplanung auch das System mit dem Netz der Stadt\u00a0 zu verbinden.<\/p>\n<p>Schwerpunkte der schulischen Ausbildung:<\/p>\n<ul>\n<li>Berechnung des Rohrnetzes<\/li>\n<li>Entw\u00e4sserung von Schmutz- und Regenwasser<\/li>\n<li>Entw\u00e4sserungsm\u00f6glichkeiten<\/li>\n<li>Dimensionierung von allen Rohrleitungen<\/li>\n<li>Berechnung von Druckverlusten und Gef\u00e4llen<\/li>\n<li>Auslegung von Regenrinnen, Pumpen, Ventilen und sonstigen Ger\u00e4ten<\/li>\n<\/ul>\n<\/div><\/section><\/p>\n<\/div><\/div><div class=\"flex_cell no_margin av_one_half  avia-builder-el-5  el_after_av_cell_one_half  avia-builder-el-last   \"  style='vertical-align:top; padding:30px; ' ><div class='flex_cell_inner' ><p><div  class='avia-image-container  av-styling-    avia-builder-el-6  el_before_av_sidebar  avia-builder-el-first  avia-align-center '  itemprop=\"image\" itemscope=\"itemscope\" itemtype=\"https:\/\/schema.org\/ImageObject\"  ><div class='avia-image-container-inner'><div class='avia-image-overlay-wrap'><img class='avia_image' src='https:\/\/www2.bbs-me.de\/wp-content\/uploads\/2017\/05\/schueler-pc-300x201.jpg' alt='' title='schueler pc' height=\"201\" width=\"300\"  itemprop=\"thumbnailUrl\"  \/><\/div><\/div><\/div><br \/>\n<br \/>\n<div   class='hr hr-default   avia-builder-el-8  el_after_av_sidebar  avia-builder-el-last '><span class='hr-inner ' ><span class='hr-inner-style'><\/span><\/span><\/div><\/p>\n<\/div><\/div><\/div><div id='after_submenu_1'  class='main_color av_default_container_wrap container_wrap sidebar_right' style=' '  ><div class='container' ><div class='template-page content  av-content-small alpha units'><div class='post-entry post-entry-type-page post-entry-10854'><div class='entry-content-wrapper clearfix'><div   class='hr hr-default   avia-builder-el-9  el_after_av_layout_row  el_before_av_textblock  avia-builder-el-first '><span class='hr-inner ' ><span class='hr-inner-style'><\/span><\/span><\/div><\/p>\n<section class=\"av_textblock_section \"  itemscope=\"itemscope\" itemtype=\"https:\/\/schema.org\/CreativeWork\" ><div class='avia_textblock  av_inherit_color '  style='font-size:18px; color:#000000; '  itemprop=\"text\" ><p>Nachrichten\/Stellenangebote f\u00fcr Produktdesigner und Systemplaner<\/p>\n<\/div><\/section>\n<div  style=' margin-top:10px; margin-bottom:10px;'  class='hr hr-custom hr-center hr-icon-no   avia-builder-el-11  el_after_av_textblock  el_before_av_postslider '><span class='hr-inner  inner-border-av-border-thin' style=' width:50px;' ><span class='hr-inner-style'><\/span><\/span><\/div>\n\n","protected":false},"excerpt":{"rendered":"","protected":false},"author":24,"featured_media":0,"parent":911,"menu_order":0,"comment_status":"closed","ping_status":"closed","template":"","meta":{"footnotes":""},"page_category":[43],"yoast_head":"<!-- This site is optimized with the Yoast SEO plugin v22.8 - https:\/\/yoast.com\/wordpress\/plugins\/seo\/ -->\n<title>Technische Systemplaner Sanit\u00e4rtechnik - bbs|me<\/title>\n<meta name=\"robots\" content=\"index, follow, max-snippet:-1, max-image-preview:large, max-video-preview:-1\" \/>\n<link rel=\"canonical\" href=\"https:\/\/www2.bbs-me.de\/index.php\/berufsschule-metalltechnik\/team-produktdesignersystemplaner\/technische-produktdesigner-2-2-2\/\" \/>\n<meta property=\"og:locale\" content=\"de_DE\" \/>\n<meta property=\"og:type\" content=\"article\" \/>\n<meta property=\"og:title\" content=\"Technische Systemplaner Sanit\u00e4rtechnik - bbs|me\" \/>\n<meta property=\"og:url\" content=\"https:\/\/www2.bbs-me.de\/index.php\/berufsschule-metalltechnik\/team-produktdesignersystemplaner\/technische-produktdesigner-2-2-2\/\" \/>\n<meta property=\"og:site_name\" content=\"bbs|me\" \/>\n<meta property=\"article:modified_time\" content=\"2017-05-08T13:48:50+00:00\" \/>\n<meta name=\"twitter:card\" content=\"summary_large_image\" \/>\n<meta name=\"twitter:label1\" content=\"Gesch\u00e4tzte Lesezeit\" \/>\n\t<meta name=\"twitter:data1\" content=\"3\u00a0Minuten\" \/>\n<script type=\"application\/ld+json\" class=\"yoast-schema-graph\">{\"@context\":\"https:\/\/schema.org\",\"@graph\":[{\"@type\":\"WebPage\",\"@id\":\"https:\/\/www2.bbs-me.de\/index.php\/berufsschule-metalltechnik\/team-produktdesignersystemplaner\/technische-produktdesigner-2-2-2\/\",\"url\":\"https:\/\/www2.bbs-me.de\/index.php\/berufsschule-metalltechnik\/team-produktdesignersystemplaner\/technische-produktdesigner-2-2-2\/\",\"name\":\"Technische Systemplaner Sanit\u00e4rtechnik - bbs|me\",\"isPartOf\":{\"@id\":\"https:\/\/www2.bbs-me.de\/#website\"},\"datePublished\":\"2017-05-08T13:37:02+00:00\",\"dateModified\":\"2017-05-08T13:48:50+00:00\",\"breadcrumb\":{\"@id\":\"https:\/\/www2.bbs-me.de\/index.php\/berufsschule-metalltechnik\/team-produktdesignersystemplaner\/technische-produktdesigner-2-2-2\/#breadcrumb\"},\"inLanguage\":\"de\",\"potentialAction\":[{\"@type\":\"ReadAction\",\"target\":[\"https:\/\/www2.bbs-me.de\/index.php\/berufsschule-metalltechnik\/team-produktdesignersystemplaner\/technische-produktdesigner-2-2-2\/\"]}]},{\"@type\":\"BreadcrumbList\",\"@id\":\"https:\/\/www2.bbs-me.de\/index.php\/berufsschule-metalltechnik\/team-produktdesignersystemplaner\/technische-produktdesigner-2-2-2\/#breadcrumb\",\"itemListElement\":[{\"@type\":\"ListItem\",\"position\":1,\"name\":\"Startseite\",\"item\":\"https:\/\/www2.bbs-me.de\/\"},{\"@type\":\"ListItem\",\"position\":2,\"name\":\"Berufsschule Metalltechnik\",\"item\":\"https:\/\/www2.bbs-me.de\/index.php\/berufsschule-metalltechnik\/\"},{\"@type\":\"ListItem\",\"position\":3,\"name\":\"Produktdesigner\/Systemplaner\",\"item\":\"https:\/\/www2.bbs-me.de\/index.php\/berufsschule-metalltechnik\/team-produktdesignersystemplaner\/\"},{\"@type\":\"ListItem\",\"position\":4,\"name\":\"Technische Systemplaner Sanit\u00e4rtechnik\"}]},{\"@type\":\"WebSite\",\"@id\":\"https:\/\/www2.bbs-me.de\/#website\",\"url\":\"https:\/\/www2.bbs-me.de\/\",\"name\":\"bbs|me\",\"description\":\"Otto-Brenner-Schule - Berufsbildende Schule Metalltechnik \u2022 Elektrotechnik der Region Hannover\",\"potentialAction\":[{\"@type\":\"SearchAction\",\"target\":{\"@type\":\"EntryPoint\",\"urlTemplate\":\"https:\/\/www2.bbs-me.de\/?s={search_term_string}\"},\"query-input\":\"required name=search_term_string\"}],\"inLanguage\":\"de\"}]}<\/script>\n<!-- \/ Yoast SEO plugin. -->","yoast_head_json":{"title":"Technische Systemplaner Sanit\u00e4rtechnik - bbs|me","robots":{"index":"index","follow":"follow","max-snippet":"max-snippet:-1","max-image-preview":"max-image-preview:large","max-video-preview":"max-video-preview:-1"},"canonical":"https:\/\/www2.bbs-me.de\/index.php\/berufsschule-metalltechnik\/team-produktdesignersystemplaner\/technische-produktdesigner-2-2-2\/","og_locale":"de_DE","og_type":"article","og_title":"Technische Systemplaner Sanit\u00e4rtechnik - bbs|me","og_url":"https:\/\/www2.bbs-me.de\/index.php\/berufsschule-metalltechnik\/team-produktdesignersystemplaner\/technische-produktdesigner-2-2-2\/","og_site_name":"bbs|me","article_modified_time":"2017-05-08T13:48:50+00:00","twitter_card":"summary_large_image","twitter_misc":{"Gesch\u00e4tzte Lesezeit":"3\u00a0Minuten"},"schema":{"@context":"https:\/\/schema.org","@graph":[{"@type":"WebPage","@id":"https:\/\/www2.bbs-me.de\/index.php\/berufsschule-metalltechnik\/team-produktdesignersystemplaner\/technische-produktdesigner-2-2-2\/","url":"https:\/\/www2.bbs-me.de\/index.php\/berufsschule-metalltechnik\/team-produktdesignersystemplaner\/technische-produktdesigner-2-2-2\/","name":"Technische Systemplaner Sanit\u00e4rtechnik - bbs|me","isPartOf":{"@id":"https:\/\/www2.bbs-me.de\/#website"},"datePublished":"2017-05-08T13:37:02+00:00","dateModified":"2017-05-08T13:48:50+00:00","breadcrumb":{"@id":"https:\/\/www2.bbs-me.de\/index.php\/berufsschule-metalltechnik\/team-produktdesignersystemplaner\/technische-produktdesigner-2-2-2\/#breadcrumb"},"inLanguage":"de","potentialAction":[{"@type":"ReadAction","target":["https:\/\/www2.bbs-me.de\/index.php\/berufsschule-metalltechnik\/team-produktdesignersystemplaner\/technische-produktdesigner-2-2-2\/"]}]},{"@type":"BreadcrumbList","@id":"https:\/\/www2.bbs-me.de\/index.php\/berufsschule-metalltechnik\/team-produktdesignersystemplaner\/technische-produktdesigner-2-2-2\/#breadcrumb","itemListElement":[{"@type":"ListItem","position":1,"name":"Startseite","item":"https:\/\/www2.bbs-me.de\/"},{"@type":"ListItem","position":2,"name":"Berufsschule Metalltechnik","item":"https:\/\/www2.bbs-me.de\/index.php\/berufsschule-metalltechnik\/"},{"@type":"ListItem","position":3,"name":"Produktdesigner\/Systemplaner","item":"https:\/\/www2.bbs-me.de\/index.php\/berufsschule-metalltechnik\/team-produktdesignersystemplaner\/"},{"@type":"ListItem","position":4,"name":"Technische Systemplaner Sanit\u00e4rtechnik"}]},{"@type":"WebSite","@id":"https:\/\/www2.bbs-me.de\/#website","url":"https:\/\/www2.bbs-me.de\/","name":"bbs|me","description":"Otto-Brenner-Schule - Berufsbildende Schule Metalltechnik \u2022 Elektrotechnik der Region Hannover","potentialAction":[{"@type":"SearchAction","target":{"@type":"EntryPoint","urlTemplate":"https:\/\/www2.bbs-me.de\/?s={search_term_string}"},"query-input":"required name=search_term_string"}],"inLanguage":"de"}]}},"publishpress_future_action":{"enabled":false,"date":"2026-04-13 01:44:21","action":"change-status","newStatus":"draft","terms":[],"taxonomy":"page_category"},"_links":{"self":[{"href":"https:\/\/www2.bbs-me.de\/index.php\/wp-json\/wp\/v2\/pages\/10854"}],"collection":[{"href":"https:\/\/www2.bbs-me.de\/index.php\/wp-json\/wp\/v2\/pages"}],"about":[{"href":"https:\/\/www2.bbs-me.de\/index.php\/wp-json\/wp\/v2\/types\/page"}],"author":[{"embeddable":true,"href":"https:\/\/www2.bbs-me.de\/index.php\/wp-json\/wp\/v2\/users\/24"}],"replies":[{"embeddable":true,"href":"https:\/\/www2.bbs-me.de\/index.php\/wp-json\/wp\/v2\/comments?post=10854"}],"version-history":[{"count":5,"href":"https:\/\/www2.bbs-me.de\/index.php\/wp-json\/wp\/v2\/pages\/10854\/revisions"}],"predecessor-version":[{"id":10864,"href":"https:\/\/www2.bbs-me.de\/index.php\/wp-json\/wp\/v2\/pages\/10854\/revisions\/10864"}],"up":[{"embeddable":true,"href":"https:\/\/www2.bbs-me.de\/index.php\/wp-json\/wp\/v2\/pages\/911"}],"wp:attachment":[{"href":"https:\/\/www2.bbs-me.de\/index.php\/wp-json\/wp\/v2\/media?parent=10854"}],"wp:term":[{"taxonomy":"page_category","embeddable":true,"href":"https:\/\/www2.bbs-me.de\/index.php\/wp-json\/wp\/v2\/page_category?post=10854"}],"curies":[{"name":"wp","href":"https:\/\/api.w.org\/{rel}","templated":true}]}}