{"id":1110,"date":"2016-01-12T08:33:58","date_gmt":"2016-01-12T07:33:58","guid":{"rendered":"https:\/\/www2.bbs-me.de\/?page_id=1110"},"modified":"2025-07-01T10:34:40","modified_gmt":"2025-07-01T08:34:40","slug":"team-elektroniker-maschinen-und-antriebstechnik","status":"publish","type":"page","link":"https:\/\/www2.bbs-me.de\/index.php\/berufsschule-elektrotechnik\/team-elektroniker-maschinen-und-antriebstechnik\/","title":{"rendered":"Elektroniker f\u00fcr Maschinen und Antriebstechnik"},"content":{"rendered":"<div id='sidebarmenu'  class='av-layout-grid-container entry-content-wrapper main_color av-flex-cells     avia-builder-el-0  el_before_av_one_fourth  avia-builder-el-first  container_wrap sidebar_right' style=' '  >\n<div class=\"flex_cell no_margin av_one_third  avia-builder-el-1  el_before_av_cell_one_third  avia-builder-el-first   \"  style='vertical-align:top; padding:30px; ' ><div class='flex_cell_inner' ><p><section class=\"av_textblock_section \"  itemscope=\"itemscope\" itemtype=\"https:\/\/schema.org\/CreativeWork\" ><div class='avia_textblock  av_inherit_color '  style='font-size:20px; color:#000000; '  itemprop=\"text\" ><p>Bildungsganggruppe<br \/>\n<strong>Elektroniker f\u00fcr Maschinen und Antriebstechnik<\/strong><br \/>\n<strong>Elektronikerinnen f\u00fcr Maschinen und Antriebstechnik<\/strong><\/p>\n<\/div><\/section><br \/>\n<div   class='hr hr-default   avia-builder-el-3  el_after_av_textblock  el_before_av_textblock '><span class='hr-inner ' ><span class='hr-inner-style'><\/span><\/span><\/div><br \/>\n<section class=\"av_textblock_section \"  itemscope=\"itemscope\" itemtype=\"https:\/\/schema.org\/CreativeWork\" ><div class='avia_textblock  '   itemprop=\"text\" ><p>Sie stellen elektrische Maschinen und Antriebssysteme nach Kundenanforderungen her und nehmen sie in Betrieb. Sie arbeiten im Servicebereich, ermitteln und beseitigen systematisch Fehler und halten elektrische Maschinen und Antriebssysteme instand.<br \/>\nF\u00fcr die erfolgreiche Integration von Antriebssystemen in komplexe Gesamtsysteme ben\u00f6tigen sie Kenntnisse der Installationstechnik, der Automatisierungstechnik, der Steuerungs- und Regelungstechnik sowie \u00fcber den Einsatz von intelligenten Sensoren und digitalen Werkzeugen.<\/p>\n<p>Ansprechpartner:<\/p>\n<p><a href=\"mailto:hansen@bbs-me.de\"><strong>Herr Kim Hansen<\/strong> <\/a><\/p>\n<\/div><\/section><\/p>\n<\/div><\/div><div class=\"flex_cell no_margin av_one_third  avia-builder-el-5  el_after_av_cell_one_third  el_before_av_cell_one_third   \"  style='vertical-align:top; padding:30px 30px 30px 30px ; ' ><div class='flex_cell_inner' ><p><div  class='avia-image-container  av-styling-    avia-builder-el-6  el_before_av_image  avia-builder-el-first  avia-align-center '  itemprop=\"image\" itemscope=\"itemscope\" itemtype=\"https:\/\/schema.org\/ImageObject\"  ><div class='avia-image-container-inner'><div class='avia-image-overlay-wrap'><img class='avia_image' src='https:\/\/www2.bbs-me.de\/wp-content\/uploads\/2024\/08\/EMA-Bild-1-300x200.jpg' alt='' title='EMA Bild 1' height=\"200\" width=\"300\"  itemprop=\"thumbnailUrl\"  \/><\/div><\/div><\/div><br \/>\n<div  class='avia-image-container  av-styling-    avia-builder-el-7  el_after_av_image  avia-builder-el-last  avia-align-center '  itemprop=\"image\" itemscope=\"itemscope\" itemtype=\"https:\/\/schema.org\/ImageObject\"  ><div class='avia-image-container-inner'><div class='avia-image-overlay-wrap'><img class='avia_image' src='https:\/\/www2.bbs-me.de\/wp-content\/uploads\/2024\/08\/EMA-Bild-2-200x300.jpg' alt='' title='EMA Bild 2' height=\"300\" width=\"200\"  itemprop=\"thumbnailUrl\"  \/><\/div><\/div><\/div><\/p>\n<\/div><\/div><div class=\"flex_cell no_margin av_one_third  avia-builder-el-8  el_after_av_cell_one_third  avia-builder-el-last   \"  style='vertical-align:top; padding:30px; ' ><div class='flex_cell_inner' ><p><div  class='avia-image-container  av-styling-    avia-builder-el-9  el_before_av_image  avia-builder-el-first  avia-align-center '  itemprop=\"image\" itemscope=\"itemscope\" itemtype=\"https:\/\/schema.org\/ImageObject\"  ><div class='avia-image-container-inner'><div class='avia-image-overlay-wrap'><img class='avia_image' src='https:\/\/www2.bbs-me.de\/wp-content\/uploads\/2024\/08\/EMA-Bild-3-300x217.jpg' alt='' title='EMA Bild 3' height=\"217\" width=\"300\"  itemprop=\"thumbnailUrl\"  \/><\/div><\/div><\/div><br \/>\n<div  class='avia-image-container  av-styling-    avia-builder-el-10  el_after_av_image  avia-builder-el-last  avia-align-center '  itemprop=\"image\" itemscope=\"itemscope\" itemtype=\"https:\/\/schema.org\/ImageObject\"  ><div class='avia-image-container-inner'><div class='avia-image-overlay-wrap'><img class='avia_image' src='https:\/\/www2.bbs-me.de\/wp-content\/uploads\/2024\/08\/EMA-Bild-4-300x217.jpg' alt='' title='EMA Bild 4' height=\"217\" width=\"300\"  itemprop=\"thumbnailUrl\"  \/><\/div><\/div><\/div><\/p>\n<\/div><\/div>\n<\/div><div id='after_submenu_1'  class='main_color av_default_container_wrap container_wrap sidebar_right' style=' '  ><div class='container' ><div class='template-page content  av-content-small alpha units'><div class='post-entry post-entry-type-page post-entry-1110'><div class='entry-content-wrapper clearfix'>\n<div class=\"flex_column av_one_fourth  flex_column_div av-zero-column-padding first  avia-builder-el-11  el_after_av_layout_row  el_before_av_one_fourth  avia-builder-el-first  \" style='border-radius:0px; '><p><div  style='padding-bottom:10px; ' class='av-special-heading av-special-heading-h3    avia-builder-el-12  el_before_av_button  avia-builder-el-first  '><h3 class='av-special-heading-tag '  itemprop=\"headline\"  >Blockpl\u00e4ne 2025\/26<\/h3><div class='special-heading-border'><div class='special-heading-inner-border' ><\/div><\/div><\/div><br \/>\n<div  class='avia-button-wrap avia-button-left  avia-builder-el-13  el_after_av_heading  avia-builder-el-last ' ><a href='https:\/\/www2.bbs-me.de\/wp-content\/uploads\/2025\/04\/A2_Blockplan_KBLEMA_2025_26.pdf'  class='avia-button   avia-icon_select-yes-left-icon avia-color-red avia-size-small avia-position-left '  target=\"_blank\"   ><span class='avia_button_icon avia_button_icon_left ' aria-hidden='true' data-av_icon='\ue82d' data-av_iconfont='entypo-fontello'><\/span><span class='avia_iconbox_title' >Blockplan EMA K-Block<\/span><\/a><\/div><\/p><\/div>\n<div class=\"flex_column av_one_fourth  flex_column_div av-zero-column-padding   avia-builder-el-14  el_after_av_one_fourth  el_before_av_one_third  \" style='border-radius:0px; '><p><div  style='padding-bottom:10px; ' class='av-special-heading av-special-heading-h3    avia-builder-el-15  el_before_av_button  avia-builder-el-first  '><h3 class='av-special-heading-tag '  itemprop=\"headline\"  >Materialliste 2025\/26<\/h3><div class='special-heading-border'><div class='special-heading-inner-border' ><\/div><\/div><\/div><br \/>\n<div  class='avia-button-wrap avia-button-left  avia-builder-el-16  el_after_av_heading  avia-builder-el-last ' ><a href='https:\/\/www2.bbs-me.de\/wp-content\/uploads\/2025\/04\/Buecher-und-Material-EMA-2025.pdf'  class='avia-button   avia-icon_select-yes-left-icon avia-color-red avia-size-small avia-position-left '  target=\"_blank\"   ><span class='avia_button_icon avia_button_icon_left ' aria-hidden='true' data-av_icon='\ue82d' data-av_iconfont='entypo-fontello'><\/span><span class='avia_iconbox_title' >B\u00fccher- und Materialien EMA<\/span><\/a><\/div><\/p><\/div>\n<div class=\"flex_column av_one_third  flex_column_div av-zero-column-padding   avia-builder-el-17  el_after_av_one_fourth  avia-builder-el-last  \" style='border-radius:0px; '><\/div>\n","protected":false},"excerpt":{"rendered":"","protected":false},"author":31,"featured_media":0,"parent":1103,"menu_order":0,"comment_status":"closed","ping_status":"closed","template":"","meta":{"footnotes":""},"page_category":[61],"yoast_head":"<!-- This site is optimized with the Yoast SEO plugin v22.8 - https:\/\/yoast.com\/wordpress\/plugins\/seo\/ -->\n<title>Elektroniker f\u00fcr Maschinen und Antriebstechnik - bbs|me<\/title>\n<meta name=\"robots\" content=\"index, follow, max-snippet:-1, max-image-preview:large, max-video-preview:-1\" \/>\n<link rel=\"canonical\" href=\"https:\/\/www2.bbs-me.de\/index.php\/berufsschule-elektrotechnik\/team-elektroniker-maschinen-und-antriebstechnik\/\" \/>\n<meta property=\"og:locale\" content=\"de_DE\" \/>\n<meta property=\"og:type\" content=\"article\" \/>\n<meta property=\"og:title\" content=\"Elektroniker f\u00fcr Maschinen und Antriebstechnik - bbs|me\" \/>\n<meta property=\"og:url\" content=\"https:\/\/www2.bbs-me.de\/index.php\/berufsschule-elektrotechnik\/team-elektroniker-maschinen-und-antriebstechnik\/\" \/>\n<meta property=\"og:site_name\" content=\"bbs|me\" \/>\n<meta property=\"article:modified_time\" content=\"2025-07-01T08:34:40+00:00\" \/>\n<meta name=\"twitter:card\" content=\"summary_large_image\" \/>\n<meta name=\"twitter:label1\" content=\"Gesch\u00e4tzte Lesezeit\" \/>\n\t<meta name=\"twitter:data1\" content=\"3\u00a0Minuten\" \/>\n<script type=\"application\/ld+json\" class=\"yoast-schema-graph\">{\"@context\":\"https:\/\/schema.org\",\"@graph\":[{\"@type\":\"WebPage\",\"@id\":\"https:\/\/www2.bbs-me.de\/index.php\/berufsschule-elektrotechnik\/team-elektroniker-maschinen-und-antriebstechnik\/\",\"url\":\"https:\/\/www2.bbs-me.de\/index.php\/berufsschule-elektrotechnik\/team-elektroniker-maschinen-und-antriebstechnik\/\",\"name\":\"Elektroniker f\u00fcr Maschinen und Antriebstechnik - bbs|me\",\"isPartOf\":{\"@id\":\"https:\/\/www2.bbs-me.de\/#website\"},\"datePublished\":\"2016-01-12T07:33:58+00:00\",\"dateModified\":\"2025-07-01T08:34:40+00:00\",\"breadcrumb\":{\"@id\":\"https:\/\/www2.bbs-me.de\/index.php\/berufsschule-elektrotechnik\/team-elektroniker-maschinen-und-antriebstechnik\/#breadcrumb\"},\"inLanguage\":\"de\",\"potentialAction\":[{\"@type\":\"ReadAction\",\"target\":[\"https:\/\/www2.bbs-me.de\/index.php\/berufsschule-elektrotechnik\/team-elektroniker-maschinen-und-antriebstechnik\/\"]}]},{\"@type\":\"BreadcrumbList\",\"@id\":\"https:\/\/www2.bbs-me.de\/index.php\/berufsschule-elektrotechnik\/team-elektroniker-maschinen-und-antriebstechnik\/#breadcrumb\",\"itemListElement\":[{\"@type\":\"ListItem\",\"position\":1,\"name\":\"Startseite\",\"item\":\"https:\/\/www2.bbs-me.de\/\"},{\"@type\":\"ListItem\",\"position\":2,\"name\":\"Berufsschule Elektrotechnik\",\"item\":\"https:\/\/www2.bbs-me.de\/index.php\/berufsschule-elektrotechnik\/\"},{\"@type\":\"ListItem\",\"position\":3,\"name\":\"Elektroniker f\u00fcr Maschinen und Antriebstechnik\"}]},{\"@type\":\"WebSite\",\"@id\":\"https:\/\/www2.bbs-me.de\/#website\",\"url\":\"https:\/\/www2.bbs-me.de\/\",\"name\":\"bbs|me\",\"description\":\"Otto-Brenner-Schule - Berufsbildende Schule Metalltechnik \u2022 Elektrotechnik der Region Hannover\",\"potentialAction\":[{\"@type\":\"SearchAction\",\"target\":{\"@type\":\"EntryPoint\",\"urlTemplate\":\"https:\/\/www2.bbs-me.de\/?s={search_term_string}\"},\"query-input\":\"required name=search_term_string\"}],\"inLanguage\":\"de\"}]}<\/script>\n<!-- \/ Yoast SEO plugin. -->","yoast_head_json":{"title":"Elektroniker f\u00fcr Maschinen und Antriebstechnik - bbs|me","robots":{"index":"index","follow":"follow","max-snippet":"max-snippet:-1","max-image-preview":"max-image-preview:large","max-video-preview":"max-video-preview:-1"},"canonical":"https:\/\/www2.bbs-me.de\/index.php\/berufsschule-elektrotechnik\/team-elektroniker-maschinen-und-antriebstechnik\/","og_locale":"de_DE","og_type":"article","og_title":"Elektroniker f\u00fcr Maschinen und Antriebstechnik - bbs|me","og_url":"https:\/\/www2.bbs-me.de\/index.php\/berufsschule-elektrotechnik\/team-elektroniker-maschinen-und-antriebstechnik\/","og_site_name":"bbs|me","article_modified_time":"2025-07-01T08:34:40+00:00","twitter_card":"summary_large_image","twitter_misc":{"Gesch\u00e4tzte Lesezeit":"3\u00a0Minuten"},"schema":{"@context":"https:\/\/schema.org","@graph":[{"@type":"WebPage","@id":"https:\/\/www2.bbs-me.de\/index.php\/berufsschule-elektrotechnik\/team-elektroniker-maschinen-und-antriebstechnik\/","url":"https:\/\/www2.bbs-me.de\/index.php\/berufsschule-elektrotechnik\/team-elektroniker-maschinen-und-antriebstechnik\/","name":"Elektroniker f\u00fcr Maschinen und Antriebstechnik - bbs|me","isPartOf":{"@id":"https:\/\/www2.bbs-me.de\/#website"},"datePublished":"2016-01-12T07:33:58+00:00","dateModified":"2025-07-01T08:34:40+00:00","breadcrumb":{"@id":"https:\/\/www2.bbs-me.de\/index.php\/berufsschule-elektrotechnik\/team-elektroniker-maschinen-und-antriebstechnik\/#breadcrumb"},"inLanguage":"de","potentialAction":[{"@type":"ReadAction","target":["https:\/\/www2.bbs-me.de\/index.php\/berufsschule-elektrotechnik\/team-elektroniker-maschinen-und-antriebstechnik\/"]}]},{"@type":"BreadcrumbList","@id":"https:\/\/www2.bbs-me.de\/index.php\/berufsschule-elektrotechnik\/team-elektroniker-maschinen-und-antriebstechnik\/#breadcrumb","itemListElement":[{"@type":"ListItem","position":1,"name":"Startseite","item":"https:\/\/www2.bbs-me.de\/"},{"@type":"ListItem","position":2,"name":"Berufsschule Elektrotechnik","item":"https:\/\/www2.bbs-me.de\/index.php\/berufsschule-elektrotechnik\/"},{"@type":"ListItem","position":3,"name":"Elektroniker f\u00fcr Maschinen und Antriebstechnik"}]},{"@type":"WebSite","@id":"https:\/\/www2.bbs-me.de\/#website","url":"https:\/\/www2.bbs-me.de\/","name":"bbs|me","description":"Otto-Brenner-Schule - Berufsbildende Schule Metalltechnik \u2022 Elektrotechnik der Region Hannover","potentialAction":[{"@type":"SearchAction","target":{"@type":"EntryPoint","urlTemplate":"https:\/\/www2.bbs-me.de\/?s={search_term_string}"},"query-input":"required name=search_term_string"}],"inLanguage":"de"}]}},"publishpress_future_action":{"enabled":false,"date":"2026-04-12 20:37:39","action":"change-status","newStatus":"draft","terms":[],"taxonomy":"page_category"},"_links":{"self":[{"href":"https:\/\/www2.bbs-me.de\/index.php\/wp-json\/wp\/v2\/pages\/1110"}],"collection":[{"href":"https:\/\/www2.bbs-me.de\/index.php\/wp-json\/wp\/v2\/pages"}],"about":[{"href":"https:\/\/www2.bbs-me.de\/index.php\/wp-json\/wp\/v2\/types\/page"}],"author":[{"embeddable":true,"href":"https:\/\/www2.bbs-me.de\/index.php\/wp-json\/wp\/v2\/users\/31"}],"replies":[{"embeddable":true,"href":"https:\/\/www2.bbs-me.de\/index.php\/wp-json\/wp\/v2\/comments?post=1110"}],"version-history":[{"count":65,"href":"https:\/\/www2.bbs-me.de\/index.php\/wp-json\/wp\/v2\/pages\/1110\/revisions"}],"predecessor-version":[{"id":29398,"href":"https:\/\/www2.bbs-me.de\/index.php\/wp-json\/wp\/v2\/pages\/1110\/revisions\/29398"}],"up":[{"embeddable":true,"href":"https:\/\/www2.bbs-me.de\/index.php\/wp-json\/wp\/v2\/pages\/1103"}],"wp:attachment":[{"href":"https:\/\/www2.bbs-me.de\/index.php\/wp-json\/wp\/v2\/media?parent=1110"}],"wp:term":[{"taxonomy":"page_category","embeddable":true,"href":"https:\/\/www2.bbs-me.de\/index.php\/wp-json\/wp\/v2\/page_category?post=1110"}],"curies":[{"name":"wp","href":"https:\/\/api.w.org\/{rel}","templated":true}]}}