{"id":1114,"date":"2016-01-12T08:34:41","date_gmt":"2016-01-12T07:34:41","guid":{"rendered":"https:\/\/www2.bbs-me.de\/?page_id=1114"},"modified":"2025-07-01T10:33:30","modified_gmt":"2025-07-01T08:33:30","slug":"team-elektroniker-info-und-telekommunikationstechnik","status":"publish","type":"page","link":"https:\/\/www2.bbs-me.de\/index.php\/berufsschule-elektrotechnik\/team-elektroniker-info-und-telekommunikationstechnik\/","title":{"rendered":"Informationselektroniker \/ Elektroniker Fachrichtung Informations- und Telekommunikationstechnik"},"content":{"rendered":"<div class=\"flex_column av_one_full  flex_column_div av-zero-column-padding first  avia-builder-el-0  el_before_av_textblock  avia-builder-el-first  \" style='border-radius:0px; '><p><section class=\"av_textblock_section \"  itemscope=\"itemscope\" itemtype=\"https:\/\/schema.org\/CreativeWork\" ><div class='avia_textblock  '  style='font-size:16px; '  itemprop=\"text\" ><p>Bildungsganggruppe<\/p>\n<\/div><\/section><br \/>\n<section class=\"av_textblock_section \"  itemscope=\"itemscope\" itemtype=\"https:\/\/schema.org\/CreativeWork\" ><div class='avia_textblock  '  style='font-size:18px; '  itemprop=\"text\" ><p>Elektroniker Fachrichtung Informations- und Telekommunikationstechnik \/ Informationselektroniker<\/p>\n<\/div><\/section><\/p><\/div>\n<section class=\"av_textblock_section \"  itemscope=\"itemscope\" itemtype=\"https:\/\/schema.org\/CreativeWork\" ><div class='avia_textblock  '  style='font-size:34px; '  itemprop=\"text\" ><p><span style=\"color: #ff6600\">Achtung: <\/span>Der Name des Berufs \u00e4ndert sich f\u00fcr alle neuen Auszubildenden ab dem 1.8.2021 zu Informationselektroniker\/in<\/p>\n<\/div><\/section>\n<section class=\"av_textblock_section \"  itemscope=\"itemscope\" itemtype=\"https:\/\/schema.org\/CreativeWork\" ><div class='avia_textblock  '  style='font-size:34px; '  itemprop=\"text\" ><p>Unser Labor Sicherheitstechnik<\/p>\n<\/div><\/section>\n<section class=\"av_textblock_section \"  itemscope=\"itemscope\" itemtype=\"https:\/\/schema.org\/CreativeWork\" ><div class='avia_textblock  '  style='font-size:16px; '  itemprop=\"text\" ><p>Informations- und Telekommunikationstechnik sind Leittechniken auf dem Weg zur Informations- \u00adund Wissensgesellschaft. Auch wenn etliche Privatkunden den Methoden der \u201eBastel- und Baumarkt\u2011Technik&#8221; folgen, verlangt der VdS zu Recht professionell installierte Schutzeinrichtungen und gepr\u00fcfte Sicherheit von anerkannten Betrieben.<\/p>\n<p>Die Betriebe \u00fcbernehmen in der Regel einen ganzheitlichen Auftrag mit Planung, Installation und Wartung. Aus dem fr\u00fcheren \u201eFernmeldeanlagen-Elektroniker&#8221; ist heute der \u201eElektroniker\/Elektronikerin Fachrichtung Informations- und Telekommunikationstechnik&#8221; geworden. Die bbslme beschult diese Berufsgruppe als Landesfachklasse.<\/p>\n<p>Diese Verpflichtung war uns Anlass, ein gesondertes \u201eLabor Sicherheitstechnik&#8221; aufzubauen. Wir haben uns dabei sehr \u00fcber die positive Resonanz bei Herstellern von Sicherheitsanlagen gefreut. Mit deren Hilfe konnten wir unser Sicherheitszentrum\u00a0mit modernster Technik (Klasse C) ausstatten.<\/p>\n<\/div><\/section>\n<div class=\"flex_column av_one_half  flex_column_div av-zero-column-padding first  avia-builder-el-6  el_after_av_textblock  el_before_av_one_half  column-top-margin\" style='border-radius:0px; '><p><section class=\"av_textblock_section \"  itemscope=\"itemscope\" itemtype=\"https:\/\/schema.org\/CreativeWork\" ><div class='avia_textblock  '   itemprop=\"text\" ><p><strong>Einbruch leicht gemacht <\/strong><\/p>\n<ul>\n<li>Ich fand es sehr interessant zu h\u00f6ren, wie Einbrecher denken und gezielt Schwachstellen von Geb\u00e4uden ausnutzen.<\/li>\n<li>Leichte Einstiegspunkte sind \u00e4u\u00dfere Kellereing\u00e4nge und Kellerfenster.<\/li>\n<li>Einfallsreichtum kennt keine Grenzen: mit dem Gartenm\u00f6belturm aufs Dach!<\/li>\n<li>Herr Ingelmann hat uns einfache Tricks zum \u00d6ffnen von Fenstern und T\u00fcren gezeigt.<\/li>\n<li>Faszinierend zu sehen, wie schnell man T\u00fcren und Fenster mit entsprechendem Werkzeug \u00f6ffnen kann.<\/li>\n<li>Ich war erstaunt, wie schnell sich eine T\u00fcr mit einem Metalldraht \u00f6ffnen l\u00e4sst.<\/li>\n<li>Vor allem die Einbruch-Statistiken aus unserer Region waren sehr informativ<\/li>\n<li>\u00c4u\u00dferlich kann man nicht erkennen, ob eine Person ein Einbrecher ist, dies kann ein dunkel gekleideter Mann sein oder die h\u00fcbsche Dame von nebenan.<\/li>\n<li>Es war sehr interessant aber auch sehr erschreckend, zu sehen, wie schnell jemand in Geb\u00e4ude oder gar in die eigenen vier W\u00e4nde einsteigen kann.<\/li>\n<li>Zu beachten sind die psychologischen Folgen eines Einbruchs wie der Verlust des Sicherheitsgef\u00fchls und die Hilflosigkeit.<\/li>\n<\/ul>\n<\/div><\/section><br \/>\n<div  class='avia-image-container  av-styling-    avia-builder-el-8  el_after_av_textblock  el_before_av_textblock  avia-align-center '  itemprop=\"image\" itemscope=\"itemscope\" itemtype=\"https:\/\/schema.org\/ImageObject\"  ><div class='avia-image-container-inner'><div class='avia-image-overlay-wrap'><img class='avia_image' src='https:\/\/www2.bbs-me.de\/wp-content\/uploads\/2019\/03\/EIT_Laborplatz-300x157.jpg' alt='' title='EIT_Laborplatz' height=\"157\" width=\"300\"  itemprop=\"thumbnailUrl\"  \/><\/div><\/div><\/div><br \/>\n<section class=\"av_textblock_section \"  itemscope=\"itemscope\" itemtype=\"https:\/\/schema.org\/CreativeWork\" ><div class='avia_textblock  '   itemprop=\"text\" ><p>Die Sch\u00fclerinnen und Sch\u00fcler des Ausbildungsberufes Elektroniker\/Elektronikerin Informations- und Telekommunikationstechnik werden unter anderem in dem Schwerpunkt Einbruchmeldetechnik mit dem Fokus auf elektronischer \u00dcberwachung von Objekten unterrichtet. Dazu wurden im schuleigenen Sicherheitstechniklabor mittlerweile neun Praxisarbeitspl\u00e4tze mit umfangreichen professionellen Einbruchmeldeanlagen der Firmen Honeywell und Telenot eingerichtet. An diesen Arbeitspl\u00e4tzen erwerben und erweitern die Auszubildenden ihre Kenntnisse, F\u00e4higkeiten und Erfahrungen in der Planung, Montage, Parametrierung, Konfigurierung, Inbetriebnahme und Wartung von Einbruchmeldesystemen der VdS-Klassen B und C.<\/p>\n<\/div><\/section><\/p><\/div>\n<div class=\"flex_column av_one_half  flex_column_div av-zero-column-padding   avia-builder-el-10  el_after_av_one_half  el_before_av_tab_container  column-top-margin\" style='border-radius:0px; '><p><section class=\"av_textblock_section \"  itemscope=\"itemscope\" itemtype=\"https:\/\/schema.org\/CreativeWork\" ><div class='avia_textblock  '   itemprop=\"text\" ><p>Im Oktober begr\u00fc\u00dfte Abteilungsleiter Detlev Puppa Herrn POK Ingelmann und Frau KOKin Dirzka von der technischen Pr\u00e4vention der Polizeidirektion Hannover in unserer Schule. Auf Einladung des Fachlehrers Klaus Kuhnke informierte die Polizei \u00fcber Einbruchtechniken. Das Ziel des Vortrages war, die Beratungskompetenz der Auszubildenden im Bereich der mechanischen Sicherung von Objekten und weiterer Pr\u00e4ventionsma\u00dfnahmen zu erweitern.<\/p>\n<\/div><\/section><br \/>\n<div  class='avia-image-container  av-styling-    avia-builder-el-12  el_after_av_textblock  el_before_av_textblock  avia-align-center '  itemprop=\"image\" itemscope=\"itemscope\" itemtype=\"https:\/\/schema.org\/ImageObject\"  ><div class='avia-image-container-inner'><div class='avia-image-overlay-wrap'><img class='avia_image' src='https:\/\/www2.bbs-me.de\/wp-content\/uploads\/2019\/03\/EIT_Polizei-300x175.jpg' alt='' title='EIT_Polizei' height=\"175\" width=\"300\"  itemprop=\"thumbnailUrl\"  \/><\/div><\/div><\/div><br \/>\n<section class=\"av_textblock_section \"  itemscope=\"itemscope\" itemtype=\"https:\/\/schema.org\/CreativeWork\" ><div class='avia_textblock  '   itemprop=\"text\" ><p><strong>Einbruch schwer gemacht<\/strong><\/p>\n<ul>\n<li>Ich habe viele neue interessante Eindr\u00fccke sammeln k\u00f6nnen, die mir im weiteren Berufsleben weiter helfen k\u00f6nnen.<\/li>\n<li>Besonders gefallen hat mir, dass die mechanischen Sicherungsma\u00dfnahmen vorgestellt wurden, weil ich mit denen normalerweise nichts zu tun habe.<\/li>\n<li>Die Gegenma\u00dfnahmen waren sehr beeindruckend. Es gibt n\u00e4mlich verschiedene Sicherheitsstufen f\u00fcr Fenster und T\u00fcren. Wenn man sich an die DIN Normen h\u00e4lt und mindestens die Sicherheitsstufe RC2 benutzt, ist man gut bedient.<\/li>\n<li>Informativ waren auch Schl\u00fcssel, die mit Magnetismus arbeiten<\/li>\n<li>Ich werde nun sowohl bei mir privat als auch beim Privatkunden mehr darauf achten, dass die Mechanik der T\u00fcr und der Fenster ausreicht den Einbrecher davon abzuhalten in das Haus einzubrechen.<\/li>\n<li>Trotzdem sollte man eine EMA installieren, da diese f\u00fcr den Fall eines Einbruchs die Polizei informiert und die Montage eines akustischen Signalgebers den Einbrecher unter Druck setzt und von seinem Vorhaben abbringt.<\/li>\n<li>Als Resultat ziehe ich, dass die beste Alarmanlage nichts hilft, solange die mechanische Sicherung nicht auf einem angemessenen Stand ist.<\/li>\n<li>Durch den Vortrag bekommt man einen ganz anderen Blick auf Objekte von Kunden, bei denen wir in der Sicherheitstechnikbranche aktiv sind.<\/li>\n<\/ul>\n<\/div><\/section><\/p><\/div>\n<div  class=\"tabcontainer   top_tab   avia-builder-el-14  el_after_av_one_half  el_before_av_one_fourth \">\n\n<section class=\"av_tab_section\"  itemscope=\"itemscope\" itemtype=\"https:\/\/schema.org\/CreativeWork\" ><div aria-controls=\"tab-id-1\" role=\"tab\" tabindex=\"0\" data-fake-id=\"#tab-id-1\" class=\"tab active_tab\"  itemprop=\"headline\" >Ansprechpartner<\/div>\n<div id=\"tab-id-1-container\" class=\"tab_content active_tab_content\" aria-hidden=\"false\">\n<div class=\"tab_inner_content invers-color\"  itemprop=\"text\" >\n<ul>\n<li>Sekretariat:<br \/>\nE-Mail: mail@bbs-me.de, Tel. 0511 \/ 260 99 &#8211; 100<\/li>\n<\/ul>\n<ul>\n<li>Bildungsganggruppenleiter:<br \/>\nHerr\u00a0Reibold, E-Mail: reibold@bbs-me.de<\/li>\n<\/ul>\n<ul>\n<li>Kontakt zu Lehrkr\u00e4ften:<br \/>\nAlle Lehrkr\u00e4fte erreichen Sie unter der E-Mail: @bbs-me.de<br \/>\nDie zust\u00e4ndigen Klassenlehrer k\u00f6nnen Sie den unten verlinkten Blockpl\u00e4nen entnehmen.<\/li>\n<\/ul>\n<ul>\n<li>Onlineanmeldung neuer Auszubildender:<br \/>\n<a href=\"https:\/\/anmeldung.bbs-me.org\/\">Bitte diesen Link \u00f6ffnen.<\/a><\/li>\n<\/ul>\n\n<\/div>\n<\/div>\n<\/section>\n\n<section class=\"av_tab_section\"  itemscope=\"itemscope\" itemtype=\"https:\/\/schema.org\/CreativeWork\" ><div aria-controls=\"tab-id-2\" role=\"tab\" tabindex=\"0\" data-fake-id=\"#tab-id-2\" class=\"tab \"  itemprop=\"headline\" >Lehrkr\u00e4fte<\/div>\n<div id=\"tab-id-2-container\" class=\"tab_content \" aria-hidden=\"true\">\n<div class=\"tab_inner_content invers-color\"  itemprop=\"text\" >\n<p><a href=\"https:\/\/www2.bbs-me.de\/wp-content\/uploads\/2016\/01\/A_EIT2017_01.jpg\"><img loading=\"lazy\" decoding=\"async\" class=\"alignnone wp-image-10785\" src=\"https:\/\/www2.bbs-me.de\/wp-content\/uploads\/2016\/01\/A_EIT2017_01.jpg\" alt=\"\" width=\"764\" height=\"252\" srcset=\"https:\/\/www2.bbs-me.de\/wp-content\/uploads\/2016\/01\/A_EIT2017_01.jpg 1181w, https:\/\/www2.bbs-me.de\/wp-content\/uploads\/2016\/01\/A_EIT2017_01-300x99.jpg 300w, https:\/\/www2.bbs-me.de\/wp-content\/uploads\/2016\/01\/A_EIT2017_01-768x254.jpg 768w, https:\/\/www2.bbs-me.de\/wp-content\/uploads\/2016\/01\/A_EIT2017_01-1030x340.jpg 1030w, https:\/\/www2.bbs-me.de\/wp-content\/uploads\/2016\/01\/A_EIT2017_01-705x233.jpg 705w, https:\/\/www2.bbs-me.de\/wp-content\/uploads\/2016\/01\/A_EIT2017_01-450x149.jpg 450w\" sizes=\"(max-width: 764px) 100vw, 764px\" \/><\/a><\/p>\n<p>Von links nach rechts:\u00a0 [Ren\u00e9 Bornfelder], Peter Reibold, G\u00fcnter Brenneke, Thomas Bechinie, Klaus Kuhnke, Sven Uwe Wissel. Es fehlt Aymen Moujbani.<\/p>\n\n<\/div>\n<\/div>\n<\/section>\n\n<section class=\"av_tab_section\"  itemscope=\"itemscope\" itemtype=\"https:\/\/schema.org\/CreativeWork\" ><div aria-controls=\"tab-id-3\" role=\"tab\" tabindex=\"0\" data-fake-id=\"#tab-id-3\" class=\"tab \"  itemprop=\"headline\" >Verordnungen<\/div>\n<div id=\"tab-id-3-container\" class=\"tab_content \" aria-hidden=\"true\">\n<div class=\"tab_inner_content invers-color\"  itemprop=\"text\" >\n<ul>\n<li><a href=\"https:\/\/www.bibb.de\/dienst\/berufesuche\/de\/index_berufesuche.php\/regulation\/elektroniker__elektronikerin_(hw).pdf\">Rahmenlehrplan EIT (betrifft die schulische Seite)<\/a><\/li>\n<\/ul>\n<ul>\n<li><a href=\"https:\/\/www.kmk.org\/themen\/berufliche-schulen\/duale-berufsausbildung\/downloadbereich-rahmenlehrplaene.html?type=150&amp;tx_fedownloads_pi1%5Bdownload%5D=46659&amp;tx_fedownloads_pi1%5Baction%5D=forceDownload&amp;tx_fedownloads_pi1%5Bcontroller%5D=Downloads&amp;cHash=5009c7a44bcbcf622f374656509bec5e\">Rahmenlehrplan Informationselektroniker (betrifft die schulische Seite)<\/a><\/li>\n<\/ul>\n<ul>\n<li><a href=\"http:\/\/www.bgbl.de\/xaver\/bgbl\/start.xav?startbk=Bundesanzeiger_BGBl&amp;jumpTo=bgbl108s1413.pdf\">Ausbildungsordnung EIT (betrifft die betriebliche Seite und die Abschlusspr\u00fcfungen)<\/a><\/li>\n<\/ul>\n<ul>\n<li><a href=\"https:\/\/www.bibb.de\/dienst\/berufesuche\/de\/index_berufesuche.php\/regulation\/VO_Ausbildung_in%20handwerklichen%20Elektroberufen_2021.pdf\">Ausbildungsordnung Informationselektroniker (ab S. 674) (betrifft die betriebliche Seite und die Abschlusspr\u00fcfungen)<\/a><\/li>\n<\/ul>\n\n<\/div>\n<\/div>\n<\/section>\n\n<\/div>\n\n<div class=\"flex_column av_one_fourth  flex_column_div av-zero-column-padding first  avia-builder-el-15  el_after_av_tab_container  el_before_av_one_fourth  \" style='border-radius:0px; '><p><div  style='padding-bottom:10px; ' class='av-special-heading av-special-heading-h3    avia-builder-el-16  el_before_av_button  avia-builder-el-first  '><h3 class='av-special-heading-tag '  itemprop=\"headline\"  >Blockpl\u00e4ne 2025\/26<\/h3><div class='special-heading-border'><div class='special-heading-inner-border' ><\/div><\/div><\/div><br \/>\n<div  class='avia-button-wrap avia-button-left  avia-builder-el-17  el_after_av_heading  el_before_av_button ' ><a href='https:\/\/www2.bbs-me.de\/wp-content\/uploads\/2025\/03\/A2_Blockplan_KBLEIT_2025_26.pdf'  class='avia-button   avia-icon_select-yes-left-icon avia-color-red avia-size-small avia-position-left '  target=\"_blank\"   ><span class='avia_button_icon avia_button_icon_left ' aria-hidden='true' data-av_icon='\ue82d' data-av_iconfont='entypo-fontello'><\/span><span class='avia_iconbox_title' >Blockplan EIT K-Block<\/span><\/a><\/div><br \/>\n<div  class='avia-button-wrap avia-button-left  avia-builder-el-18  el_after_av_button  avia-builder-el-last ' ><a href='https:\/\/www2.bbs-me.de\/wp-content\/uploads\/2025\/03\/A2_Blockplan_LBLEIT_2025_26.pdf'  class='avia-button   avia-icon_select-yes-left-icon avia-color-red avia-size-small avia-position-left '  target=\"_blank\"   ><span class='avia_button_icon avia_button_icon_left ' aria-hidden='true' data-av_icon='\ue82d' data-av_iconfont='entypo-fontello'><\/span><span class='avia_iconbox_title' >Blockplan EIT L-Block<\/span><\/a><\/div><\/p><\/div>\n<div class=\"flex_column av_one_fourth  flex_column_div av-zero-column-padding   avia-builder-el-19  el_after_av_one_fourth  avia-builder-el-last  \" style='border-radius:0px; '><p><div  style='padding-bottom:10px; ' class='av-special-heading av-special-heading-h3    avia-builder-el-20  el_before_av_button  avia-builder-el-first  '><h3 class='av-special-heading-tag '  itemprop=\"headline\"  >Materialliste 2025\/26<\/h3><div class='special-heading-border'><div class='special-heading-inner-border' ><\/div><\/div><\/div><br \/>\n<div  class='avia-button-wrap avia-button-left  avia-builder-el-21  el_after_av_heading  avia-builder-el-last ' ><a href='https:\/\/www2.bbs-me.de\/wp-content\/uploads\/2025\/05\/Materialien_EIT_2025.pdf'  class='avia-button   avia-icon_select-yes-left-icon avia-color-red avia-size-small avia-position-left '  target=\"_blank\"   ><span class='avia_button_icon avia_button_icon_left ' aria-hidden='true' data-av_icon='\ue82d' data-av_iconfont='entypo-fontello'><\/span><span class='avia_iconbox_title' >Materialien EIT<\/span><\/a><\/div><\/p><\/div>\n","protected":false},"excerpt":{"rendered":"","protected":false},"author":31,"featured_media":0,"parent":1103,"menu_order":0,"comment_status":"closed","ping_status":"closed","template":"","meta":{"footnotes":""},"page_category":[59],"yoast_head":"<!-- This site is optimized with the Yoast SEO plugin v22.8 - https:\/\/yoast.com\/wordpress\/plugins\/seo\/ -->\n<title>Informationselektroniker \/ Elektroniker Fachrichtung Informations- und Telekommunikationstechnik - bbs|me<\/title>\n<meta name=\"robots\" content=\"index, follow, max-snippet:-1, max-image-preview:large, max-video-preview:-1\" \/>\n<link rel=\"canonical\" href=\"https:\/\/www2.bbs-me.de\/index.php\/berufsschule-elektrotechnik\/team-elektroniker-info-und-telekommunikationstechnik\/\" \/>\n<meta property=\"og:locale\" content=\"de_DE\" \/>\n<meta property=\"og:type\" content=\"article\" \/>\n<meta property=\"og:title\" content=\"Informationselektroniker \/ Elektroniker Fachrichtung Informations- und Telekommunikationstechnik - bbs|me\" \/>\n<meta property=\"og:url\" content=\"https:\/\/www2.bbs-me.de\/index.php\/berufsschule-elektrotechnik\/team-elektroniker-info-und-telekommunikationstechnik\/\" \/>\n<meta property=\"og:site_name\" content=\"bbs|me\" \/>\n<meta property=\"article:modified_time\" content=\"2025-07-01T08:33:30+00:00\" \/>\n<meta property=\"og:image\" content=\"https:\/\/www2.bbs-me.de\/wp-content\/uploads\/2016\/01\/A_EIT2017_01.jpg\" \/>\n<meta name=\"twitter:card\" content=\"summary_large_image\" \/>\n<meta name=\"twitter:label1\" content=\"Gesch\u00e4tzte Lesezeit\" \/>\n\t<meta name=\"twitter:data1\" content=\"7\u00a0Minuten\" \/>\n<script type=\"application\/ld+json\" class=\"yoast-schema-graph\">{\"@context\":\"https:\/\/schema.org\",\"@graph\":[{\"@type\":\"WebPage\",\"@id\":\"https:\/\/www2.bbs-me.de\/index.php\/berufsschule-elektrotechnik\/team-elektroniker-info-und-telekommunikationstechnik\/\",\"url\":\"https:\/\/www2.bbs-me.de\/index.php\/berufsschule-elektrotechnik\/team-elektroniker-info-und-telekommunikationstechnik\/\",\"name\":\"Informationselektroniker \/ Elektroniker Fachrichtung Informations- und Telekommunikationstechnik - bbs|me\",\"isPartOf\":{\"@id\":\"https:\/\/www2.bbs-me.de\/#website\"},\"primaryImageOfPage\":{\"@id\":\"https:\/\/www2.bbs-me.de\/index.php\/berufsschule-elektrotechnik\/team-elektroniker-info-und-telekommunikationstechnik\/#primaryimage\"},\"image\":{\"@id\":\"https:\/\/www2.bbs-me.de\/index.php\/berufsschule-elektrotechnik\/team-elektroniker-info-und-telekommunikationstechnik\/#primaryimage\"},\"thumbnailUrl\":\"https:\/\/www2.bbs-me.de\/wp-content\/uploads\/2016\/01\/A_EIT2017_01.jpg\",\"datePublished\":\"2016-01-12T07:34:41+00:00\",\"dateModified\":\"2025-07-01T08:33:30+00:00\",\"breadcrumb\":{\"@id\":\"https:\/\/www2.bbs-me.de\/index.php\/berufsschule-elektrotechnik\/team-elektroniker-info-und-telekommunikationstechnik\/#breadcrumb\"},\"inLanguage\":\"de\",\"potentialAction\":[{\"@type\":\"ReadAction\",\"target\":[\"https:\/\/www2.bbs-me.de\/index.php\/berufsschule-elektrotechnik\/team-elektroniker-info-und-telekommunikationstechnik\/\"]}]},{\"@type\":\"ImageObject\",\"inLanguage\":\"de\",\"@id\":\"https:\/\/www2.bbs-me.de\/index.php\/berufsschule-elektrotechnik\/team-elektroniker-info-und-telekommunikationstechnik\/#primaryimage\",\"url\":\"https:\/\/www2.bbs-me.de\/wp-content\/uploads\/2016\/01\/A_EIT2017_01.jpg\",\"contentUrl\":\"https:\/\/www2.bbs-me.de\/wp-content\/uploads\/2016\/01\/A_EIT2017_01.jpg\",\"width\":1181,\"height\":390},{\"@type\":\"BreadcrumbList\",\"@id\":\"https:\/\/www2.bbs-me.de\/index.php\/berufsschule-elektrotechnik\/team-elektroniker-info-und-telekommunikationstechnik\/#breadcrumb\",\"itemListElement\":[{\"@type\":\"ListItem\",\"position\":1,\"name\":\"Startseite\",\"item\":\"https:\/\/www2.bbs-me.de\/\"},{\"@type\":\"ListItem\",\"position\":2,\"name\":\"Berufsschule Elektrotechnik\",\"item\":\"https:\/\/www2.bbs-me.de\/index.php\/berufsschule-elektrotechnik\/\"},{\"@type\":\"ListItem\",\"position\":3,\"name\":\"Informationselektroniker \/ Elektroniker Fachrichtung Informations- und Telekommunikationstechnik\"}]},{\"@type\":\"WebSite\",\"@id\":\"https:\/\/www2.bbs-me.de\/#website\",\"url\":\"https:\/\/www2.bbs-me.de\/\",\"name\":\"bbs|me\",\"description\":\"Otto-Brenner-Schule - Berufsbildende Schule Metalltechnik \u2022 Elektrotechnik der Region Hannover\",\"potentialAction\":[{\"@type\":\"SearchAction\",\"target\":{\"@type\":\"EntryPoint\",\"urlTemplate\":\"https:\/\/www2.bbs-me.de\/?s={search_term_string}\"},\"query-input\":\"required name=search_term_string\"}],\"inLanguage\":\"de\"}]}<\/script>\n<!-- \/ Yoast SEO plugin. -->","yoast_head_json":{"title":"Informationselektroniker \/ Elektroniker Fachrichtung Informations- und Telekommunikationstechnik - bbs|me","robots":{"index":"index","follow":"follow","max-snippet":"max-snippet:-1","max-image-preview":"max-image-preview:large","max-video-preview":"max-video-preview:-1"},"canonical":"https:\/\/www2.bbs-me.de\/index.php\/berufsschule-elektrotechnik\/team-elektroniker-info-und-telekommunikationstechnik\/","og_locale":"de_DE","og_type":"article","og_title":"Informationselektroniker \/ Elektroniker Fachrichtung Informations- und Telekommunikationstechnik - bbs|me","og_url":"https:\/\/www2.bbs-me.de\/index.php\/berufsschule-elektrotechnik\/team-elektroniker-info-und-telekommunikationstechnik\/","og_site_name":"bbs|me","article_modified_time":"2025-07-01T08:33:30+00:00","og_image":[{"url":"https:\/\/www2.bbs-me.de\/wp-content\/uploads\/2016\/01\/A_EIT2017_01.jpg"}],"twitter_card":"summary_large_image","twitter_misc":{"Gesch\u00e4tzte Lesezeit":"7\u00a0Minuten"},"schema":{"@context":"https:\/\/schema.org","@graph":[{"@type":"WebPage","@id":"https:\/\/www2.bbs-me.de\/index.php\/berufsschule-elektrotechnik\/team-elektroniker-info-und-telekommunikationstechnik\/","url":"https:\/\/www2.bbs-me.de\/index.php\/berufsschule-elektrotechnik\/team-elektroniker-info-und-telekommunikationstechnik\/","name":"Informationselektroniker \/ Elektroniker Fachrichtung Informations- und Telekommunikationstechnik - bbs|me","isPartOf":{"@id":"https:\/\/www2.bbs-me.de\/#website"},"primaryImageOfPage":{"@id":"https:\/\/www2.bbs-me.de\/index.php\/berufsschule-elektrotechnik\/team-elektroniker-info-und-telekommunikationstechnik\/#primaryimage"},"image":{"@id":"https:\/\/www2.bbs-me.de\/index.php\/berufsschule-elektrotechnik\/team-elektroniker-info-und-telekommunikationstechnik\/#primaryimage"},"thumbnailUrl":"https:\/\/www2.bbs-me.de\/wp-content\/uploads\/2016\/01\/A_EIT2017_01.jpg","datePublished":"2016-01-12T07:34:41+00:00","dateModified":"2025-07-01T08:33:30+00:00","breadcrumb":{"@id":"https:\/\/www2.bbs-me.de\/index.php\/berufsschule-elektrotechnik\/team-elektroniker-info-und-telekommunikationstechnik\/#breadcrumb"},"inLanguage":"de","potentialAction":[{"@type":"ReadAction","target":["https:\/\/www2.bbs-me.de\/index.php\/berufsschule-elektrotechnik\/team-elektroniker-info-und-telekommunikationstechnik\/"]}]},{"@type":"ImageObject","inLanguage":"de","@id":"https:\/\/www2.bbs-me.de\/index.php\/berufsschule-elektrotechnik\/team-elektroniker-info-und-telekommunikationstechnik\/#primaryimage","url":"https:\/\/www2.bbs-me.de\/wp-content\/uploads\/2016\/01\/A_EIT2017_01.jpg","contentUrl":"https:\/\/www2.bbs-me.de\/wp-content\/uploads\/2016\/01\/A_EIT2017_01.jpg","width":1181,"height":390},{"@type":"BreadcrumbList","@id":"https:\/\/www2.bbs-me.de\/index.php\/berufsschule-elektrotechnik\/team-elektroniker-info-und-telekommunikationstechnik\/#breadcrumb","itemListElement":[{"@type":"ListItem","position":1,"name":"Startseite","item":"https:\/\/www2.bbs-me.de\/"},{"@type":"ListItem","position":2,"name":"Berufsschule Elektrotechnik","item":"https:\/\/www2.bbs-me.de\/index.php\/berufsschule-elektrotechnik\/"},{"@type":"ListItem","position":3,"name":"Informationselektroniker \/ Elektroniker Fachrichtung Informations- und Telekommunikationstechnik"}]},{"@type":"WebSite","@id":"https:\/\/www2.bbs-me.de\/#website","url":"https:\/\/www2.bbs-me.de\/","name":"bbs|me","description":"Otto-Brenner-Schule - Berufsbildende Schule Metalltechnik \u2022 Elektrotechnik der Region Hannover","potentialAction":[{"@type":"SearchAction","target":{"@type":"EntryPoint","urlTemplate":"https:\/\/www2.bbs-me.de\/?s={search_term_string}"},"query-input":"required name=search_term_string"}],"inLanguage":"de"}]}},"publishpress_future_action":{"enabled":false,"date":"2026-04-12 18:44:59","action":"change-status","newStatus":"draft","terms":[],"taxonomy":"page_category"},"_links":{"self":[{"href":"https:\/\/www2.bbs-me.de\/index.php\/wp-json\/wp\/v2\/pages\/1114"}],"collection":[{"href":"https:\/\/www2.bbs-me.de\/index.php\/wp-json\/wp\/v2\/pages"}],"about":[{"href":"https:\/\/www2.bbs-me.de\/index.php\/wp-json\/wp\/v2\/types\/page"}],"author":[{"embeddable":true,"href":"https:\/\/www2.bbs-me.de\/index.php\/wp-json\/wp\/v2\/users\/31"}],"replies":[{"embeddable":true,"href":"https:\/\/www2.bbs-me.de\/index.php\/wp-json\/wp\/v2\/comments?post=1114"}],"version-history":[{"count":152,"href":"https:\/\/www2.bbs-me.de\/index.php\/wp-json\/wp\/v2\/pages\/1114\/revisions"}],"predecessor-version":[{"id":29396,"href":"https:\/\/www2.bbs-me.de\/index.php\/wp-json\/wp\/v2\/pages\/1114\/revisions\/29396"}],"up":[{"embeddable":true,"href":"https:\/\/www2.bbs-me.de\/index.php\/wp-json\/wp\/v2\/pages\/1103"}],"wp:attachment":[{"href":"https:\/\/www2.bbs-me.de\/index.php\/wp-json\/wp\/v2\/media?parent=1114"}],"wp:term":[{"taxonomy":"page_category","embeddable":true,"href":"https:\/\/www2.bbs-me.de\/index.php\/wp-json\/wp\/v2\/page_category?post=1114"}],"curies":[{"name":"wp","href":"https:\/\/api.w.org\/{rel}","templated":true}]}}