{"id":1118,"date":"2016-06-20T08:35:19","date_gmt":"2016-06-20T06:35:19","guid":{"rendered":"https:\/\/www2.bbs-me.de\/?page_id=1118"},"modified":"2016-08-06T18:15:36","modified_gmt":"2016-08-06T16:15:36","slug":"sps-labor","status":"publish","type":"page","link":"https:\/\/www2.bbs-me.de\/index.php\/kompetenzzentren\/sps-labor\/","title":{"rendered":"SPS-Labor"},"content":{"rendered":"<div   data-size='featured'  data-lightbox_size='large'  data-animation='slide'  data-conditional_play=''  data-ids='7448,7449,7453'  data-video_counter='0'  data-autoplay='true'  data-bg_slider='false'  data-slide_height=''  data-handle='av_slideshow'  data-interval='5'  data-class=' avia-builder-el-0  el_before_av_two_third  avia-builder-el-first  '  data-el_id=''  data-css_id=''  data-scroll_down=''  data-control_layout=''  data-custom_markup=''  data-perma_caption=''  data-autoplay_stopper=''  data-image_attachment=''  data-min_height='0px'  data-default-height='28.666666666667'  class='avia-slideshow avia-slideshow-1  av-default-height-applied avia-slideshow-featured av_slideshow  avia-builder-el-0  el_before_av_two_third  avia-builder-el-first   avia-slide-slider '  itemprop=\"image\" itemscope=\"itemscope\" itemtype=\"https:\/\/schema.org\/ImageObject\" ><ul class='avia-slideshow-inner ' style='padding-bottom: 28.666666666667%;' ><li  class=' slide-1 ' ><div data-rel='slideshow-1' class='avia-slide-wrap '   ><img src='https:\/\/www2.bbs-me.de\/wp-content\/uploads\/2016\/01\/DSC_5493-1500x430.jpg' width='1500' height='430' title='DSC_5493' alt=''  itemprop=\"thumbnailUrl\"   \/><\/div><\/li><li  class=' slide-2 ' ><div data-rel='slideshow-1' class='avia-slide-wrap '   ><img src='https:\/\/www2.bbs-me.de\/wp-content\/uploads\/2016\/01\/DSC_5478-1500x430.jpg' width='1500' height='430' title='DSC_5478' alt=''  itemprop=\"thumbnailUrl\"   \/><\/div><\/li><li  class=' slide-3 ' ><div data-rel='slideshow-1' class='avia-slide-wrap '   ><img src='https:\/\/www2.bbs-me.de\/wp-content\/uploads\/2016\/06\/DSC_5494-1500x430.jpg' width='1500' height='430' title='DSC_5494' alt=''  itemprop=\"thumbnailUrl\"   \/><\/div><\/li><\/ul><div class='avia-slideshow-arrows avia-slideshow-controls'><a href='#prev' class='prev-slide' aria-hidden='true' data-av_icon='\ue87c' data-av_iconfont='entypo-fontello'>Zur\u00fcck<\/a><a href='#next' class='next-slide' aria-hidden='true' data-av_icon='\ue87d' data-av_iconfont='entypo-fontello'>Weiter<\/a><\/div><div class='avia-slideshow-dots avia-slideshow-controls'><a href='#1' class='goto-slide active' >1<\/a><a href='#2' class='goto-slide ' >2<\/a><a href='#3' class='goto-slide ' >3<\/a><\/div><\/div>\n<div class=\"flex_column av_two_third  flex_column_div first  avia-builder-el-1  el_after_av_slideshow  el_before_av_one_third  \" ><section class=\"av_textblock_section \"  itemscope=\"itemscope\" itemtype=\"https:\/\/schema.org\/CreativeWork\" ><div class='avia_textblock  '  style='font-size:16px; '  itemprop=\"text\" ><h2><span style=\"color: #3366ff;\">SPS-Labor<\/span><\/h2>\n<p>Die bbs|me bietet ein modernes Labor der Prozessautomatisierung.<br \/>\nDieses SPS-Labor wurde entwickelt durch<\/p>\n<p>\u2022 Unterst\u00fctzung der Firma SIEMENS<br \/>\n\u2022 starke Eigenleistung der Lehrkr\u00e4fte<br \/>\n\u2022 die engagierte Unterst\u00fctzung der Ausbilder und Umsch\u00fcler der Justizvollzugsanstalt Hannover<\/p>\n<p>Die SPS-Ger\u00e4te sind \u00fcberwiegend von der Firma SIEMENS. Die Entwicklung der Peripherie \u2013 M\u00f6glichkeiten der Belegung der digitalen und analogen Aus- und Eing\u00e4nge \u2013 und eine Vielzahl an Modellprozessen wurden federf\u00fchrend von Eberhard Meyer realisiert. Durch ein hohes Engagement der Ausbilder und Umsch\u00fcler der JVA Hannover wurden die Anlagen gebaut, getestet und in Betrieb genommen.<br \/>\nIm Rahmen der Renovierungsma\u00dfnahmen unserer Schule wurden im Jahr 2015\/16 die SPS \u2013 Ger\u00e4te der 200er- und 300er- Serien durch neue moderne SPSen der 1200er und 1500er \u2013 Baureihe ersetzt. Wieder wurde viel Eigenleistung eingebracht.<br \/>\nBeim Bau der S7-1200 Modelle haben uns die Firmen TENNET und NEXANS mit ihren Auszubildenen unterst\u00fctzt.<br \/>\nDie Erstellung der Modelle f\u00fcr die S7-1500 war erheblich aufwendiger. Auch hier bedanken wir uns f\u00fcr die Unterst\u00fctzung der Firmen NEXANS und KEYMILE GmbH<br \/>\nF\u00fcr unser Hauptziel, einer zeitgem\u00e4\u00dfen Ausbildung im Bereich der Prozessautomatisierung, haben wir mit dieser Ausstattung optimale Bedingungen geschaffen.<br \/>\nDaf\u00fcr geb\u00fchrt allen Mitwirkenden unser gro\u00dfer Dank.<\/p>\n<\/div><\/section><\/div>\n<div class=\"flex_column av_one_third  flex_column_div   avia-builder-el-3  el_after_av_two_third  el_before_av_one_half  \" ><p><div  class='avia-gallery  avia-gallery-1 deactivate_avia_lazyload avia-gallery-animate avia_animate_when_visible  avia-builder-el-4  el_before_av_sidebar  avia-builder-el-first '  itemprop=\"image\" itemscope=\"itemscope\" itemtype=\"https:\/\/schema.org\/ImageObject\" ><div class='avia-gallery-thumb'> <a href='https:\/\/www2.bbs-me.de\/wp-content\/uploads\/2016\/01\/DSC_5476-1030x690.jpg' data-rel='gallery-1' data-prev-img='https:\/\/www2.bbs-me.de\/wp-content\/uploads\/2016\/01\/DSC_5476-495x400.jpg' class='first_thumb lightbox ' data-onclick='1' title='Frequenzumrichter mit S7-1500'  itemprop=\"thumbnailUrl\" ><img data-avia-tooltip='Frequenzumrichter mit S7-1500' src='https:\/\/www2.bbs-me.de\/wp-content\/uploads\/2016\/01\/DSC_5476-300x201.jpg' width='300' height='201'  title='DSC_5476' alt='' \/><\/a> <a href='https:\/\/www2.bbs-me.de\/wp-content\/uploads\/2016\/01\/DSC_5487-1030x690.jpg' data-rel='gallery-1' data-prev-img='https:\/\/www2.bbs-me.de\/wp-content\/uploads\/2016\/01\/DSC_5487-495x400.jpg' class='lightbox ' data-onclick='2' title='F\u00f6rderband mit ET200S und S7-300'  itemprop=\"thumbnailUrl\" ><img data-avia-tooltip='F\u00f6rderband mit ET200S und S7-300' src='https:\/\/www2.bbs-me.de\/wp-content\/uploads\/2016\/01\/DSC_5487-300x201.jpg' width='300' height='201'  title='DSC_5487' alt='' \/><\/a> <a href='https:\/\/www2.bbs-me.de\/wp-content\/uploads\/2016\/01\/DSC_5483-1030x690.jpg' data-rel='gallery-1' data-prev-img='https:\/\/www2.bbs-me.de\/wp-content\/uploads\/2016\/01\/DSC_5483-495x400.jpg' class='first_thumb lightbox ' data-onclick='3' title='Torsteuerung mit S7-1200'  itemprop=\"thumbnailUrl\" ><img data-avia-tooltip='Torsteuerung mit S7-1200' src='https:\/\/www2.bbs-me.de\/wp-content\/uploads\/2016\/01\/DSC_5483-300x201.jpg' width='300' height='201'  title='DSC_5483' alt='' \/><\/a> <a href='https:\/\/www2.bbs-me.de\/wp-content\/uploads\/2016\/01\/DSC_5481-1030x744.jpg' data-rel='gallery-1' data-prev-img='https:\/\/www2.bbs-me.de\/wp-content\/uploads\/2016\/01\/DSC_5481-495x400.jpg' class='lightbox ' data-onclick='4' title='F\u00f6rderband mit S7-1500'  itemprop=\"thumbnailUrl\" ><img data-avia-tooltip='F\u00f6rderband mit S7-1500' src='https:\/\/www2.bbs-me.de\/wp-content\/uploads\/2016\/01\/DSC_5481-300x217.jpg' width='300' height='217'  title='DSC_5481' alt='' \/><\/a> <a href='https:\/\/www2.bbs-me.de\/wp-content\/uploads\/2016\/01\/DSC_5479-1030x690.jpg' data-rel='gallery-1' data-prev-img='https:\/\/www2.bbs-me.de\/wp-content\/uploads\/2016\/01\/DSC_5479-495x400.jpg' class='first_thumb lightbox ' data-onclick='5' title='F\u00f6rderband mit S7-1500'  itemprop=\"thumbnailUrl\" ><img data-avia-tooltip='F\u00f6rderband mit S7-1500' src='https:\/\/www2.bbs-me.de\/wp-content\/uploads\/2016\/01\/DSC_5479-300x201.jpg' width='300' height='201'  title='DSC_5479' alt='' \/><\/a> <a href='https:\/\/www2.bbs-me.de\/wp-content\/uploads\/2016\/01\/DSC_5485-1030x690.jpg' data-rel='gallery-1' data-prev-img='https:\/\/www2.bbs-me.de\/wp-content\/uploads\/2016\/01\/DSC_5485-495x400.jpg' class='lightbox ' data-onclick='6' title='Torsteuerung mit LOGO!'  itemprop=\"thumbnailUrl\" ><img data-avia-tooltip='Torsteuerung mit LOGO!' src='https:\/\/www2.bbs-me.de\/wp-content\/uploads\/2016\/01\/DSC_5485-300x201.jpg' width='300' height='201'  title='DSC_5485' alt='' \/><\/a> <a href='https:\/\/www2.bbs-me.de\/wp-content\/uploads\/2016\/01\/DSC_5475-1030x690.jpg' data-rel='gallery-1' data-prev-img='https:\/\/www2.bbs-me.de\/wp-content\/uploads\/2016\/01\/DSC_5475-495x400.jpg' class='first_thumb lightbox ' data-onclick='7' title='Unterricht im SPS-Labor'  itemprop=\"thumbnailUrl\" ><img data-avia-tooltip='Unterricht im SPS-Labor' src='https:\/\/www2.bbs-me.de\/wp-content\/uploads\/2016\/01\/DSC_5475-300x201.jpg' width='300' height='201'  title='DSC_5475' alt='' \/><\/a> <a href='https:\/\/www2.bbs-me.de\/wp-content\/uploads\/2016\/01\/DSCN0021-1030x773.jpg' data-rel='gallery-1' data-prev-img='https:\/\/www2.bbs-me.de\/wp-content\/uploads\/2016\/01\/DSCN0021-495x400.jpg' class='lightbox ' data-onclick='8' title='Bandstra\u00dfe mit S7-1500'  itemprop=\"thumbnailUrl\" ><img data-avia-tooltip='Bandstra\u00dfe mit S7-1500' src='https:\/\/www2.bbs-me.de\/wp-content\/uploads\/2016\/01\/DSCN0021-300x225.jpg' width='300' height='225'  title='DSCN0021' alt='' \/><\/a><\/div><\/div><br \/>\n<\/p><\/div>\n<div class=\"flex_column av_one_half  flex_column_div first  avia-builder-el-6  el_after_av_one_third  el_before_av_one_half  column-top-margin\" ><p><div  style='padding-bottom:10px; color:#1e73be;' class='av-special-heading av-special-heading-h4 custom-color-heading   avia-builder-el-7  el_before_av_textblock  avia-builder-el-first  '><h4 class='av-special-heading-tag '  itemprop=\"headline\"  >SIMIT SCE \u2013 das virtuelle SIMATIC Labor<\/h4><div class='special-heading-border'><div class='special-heading-inner-border' style='border-color:#1e73be'><\/div><\/div><\/div><br \/>\n<section class=\"av_textblock_section \"  itemscope=\"itemscope\" itemtype=\"https:\/\/schema.org\/CreativeWork\" ><div class='avia_textblock  '  style='font-size:16px; '  itemprop=\"text\" ><p>Dank einer Spende der SIEMENS AG ist es unserer Schule m\u00f6glich, komplette Prozesse\/Anlagen auf dem PC zu simulieren.<\/p>\n<p>So k\u00f6nnen mit der SIMIT Software von Sch\u00fclern erstellte STEP 7 \u2013 Programme mit anschaulichen dynamischen Modellen getestet werden.<\/p>\n<p>F\u00fcr den schnellen Einstieg sind 8 modifizierbare Beispielaufgaben bereits vorhanden, eigene Modelle k\u00f6nnen in beliebiger Zahl erstellt werden.<\/p>\n<p>Durch das Simulationsprogramm kann schon im Vorfeld das wesentliche Anlagenverhalten f\u00fcr Normalbetrieb, Anlauf und Wiederanlauf sowie das Abfahren von St\u00f6rf\u00e4llen getestet werden.<\/p>\n<\/div><\/section><\/p><\/div>\n<div class=\"flex_column av_one_half  flex_column_div   avia-builder-el-9  el_after_av_one_half  el_before_av_hr  column-top-margin\" ><p><div  style='padding-bottom:10px; color:#1e73be;' class='av-special-heading av-special-heading-h4 custom-color-heading   avia-builder-el-10  el_before_av_textblock  avia-builder-el-first  '><h4 class='av-special-heading-tag '  itemprop=\"headline\"  >Laborausstattung<\/h4><div class='special-heading-border'><div class='special-heading-inner-border' style='border-color:#1e73be'><\/div><\/div><\/div><br \/>\n<section class=\"av_textblock_section \"  itemscope=\"itemscope\" itemtype=\"https:\/\/schema.org\/CreativeWork\" ><div class='avia_textblock  '  style='font-size:16px; '  itemprop=\"text\" ><p>\u2022 Kleinsteuerungen LOGO \/ Easy<br \/>\n\u2022 SPS-Automatisierungsger\u00e4te S7-300<br \/>\n\u2022 SPS-Automatisierungsger\u00e4te S7-1200<br \/>\n\u2022 SPS-Automatisierungsger\u00e4te S7-1500<br \/>\n\u2022 Sicherheitsrelais (Pilz\/Siemens)<br \/>\n\u2022 Leistungsstarke Rechner f\u00fcr STEP7 und TIA-Portal<br \/>\n\u2022 Profibus DP-Stationen ET200<br \/>\n\u2022 SPS-kompatible F\u00f6rderb\u00e4nder und Torsteuerungen<br \/>\n\u2022 busf\u00e4hige Frequenzumrichter (Lenze, Siemens, Danfoss, Schneider)<br \/>\n\u2022 elektronische Lastrelais (Phoenix Contact)<br \/>\n\u2022 Softstarter<\/p>\n<\/div><\/section><\/p><\/div>\n<div   class='hr hr-default   avia-builder-el-12  el_after_av_one_half  el_before_av_one_full '><span class='hr-inner ' ><span class='hr-inner-style'><\/span><\/span><\/div>\n<div class=\"flex_column av_one_full  flex_column_div first  avia-builder-el-13  el_after_av_hr  avia-builder-el-last  \" ><section class=\"av_textblock_section \"  itemscope=\"itemscope\" itemtype=\"https:\/\/schema.org\/CreativeWork\" ><div class='avia_textblock  '   itemprop=\"text\" ><p><a href=\"mailto:drenkelforth@bbs-me.de\">M. Drenkelforth<\/a><\/p>\n<p><a href=\"mailto:e.meyer@bbs-me.de\">E. Meyer<\/a><\/p>\n<\/div><\/section><\/div>\n","protected":false},"excerpt":{"rendered":"","protected":false},"author":16,"featured_media":0,"parent":3728,"menu_order":0,"comment_status":"closed","ping_status":"closed","template":"","meta":{"footnotes":""},"page_category":[77],"yoast_head":"<!-- This site is optimized with the Yoast SEO plugin v22.8 - https:\/\/yoast.com\/wordpress\/plugins\/seo\/ -->\n<title>SPS-Labor - bbs|me<\/title>\n<meta name=\"robots\" content=\"index, follow, max-snippet:-1, max-image-preview:large, max-video-preview:-1\" \/>\n<link rel=\"canonical\" href=\"https:\/\/www2.bbs-me.de\/index.php\/kompetenzzentren\/sps-labor\/\" \/>\n<meta property=\"og:locale\" content=\"de_DE\" \/>\n<meta property=\"og:type\" content=\"article\" \/>\n<meta property=\"og:title\" content=\"SPS-Labor - bbs|me\" \/>\n<meta property=\"og:url\" content=\"https:\/\/www2.bbs-me.de\/index.php\/kompetenzzentren\/sps-labor\/\" \/>\n<meta property=\"og:site_name\" content=\"bbs|me\" \/>\n<meta property=\"article:modified_time\" content=\"2016-08-06T16:15:36+00:00\" \/>\n<meta name=\"twitter:card\" content=\"summary_large_image\" \/>\n<meta name=\"twitter:label1\" content=\"Gesch\u00e4tzte Lesezeit\" \/>\n\t<meta name=\"twitter:data1\" content=\"4\u00a0Minuten\" \/>\n<script type=\"application\/ld+json\" class=\"yoast-schema-graph\">{\"@context\":\"https:\/\/schema.org\",\"@graph\":[{\"@type\":\"WebPage\",\"@id\":\"https:\/\/www2.bbs-me.de\/index.php\/kompetenzzentren\/sps-labor\/\",\"url\":\"https:\/\/www2.bbs-me.de\/index.php\/kompetenzzentren\/sps-labor\/\",\"name\":\"SPS-Labor - bbs|me\",\"isPartOf\":{\"@id\":\"https:\/\/www2.bbs-me.de\/#website\"},\"datePublished\":\"2016-06-20T06:35:19+00:00\",\"dateModified\":\"2016-08-06T16:15:36+00:00\",\"breadcrumb\":{\"@id\":\"https:\/\/www2.bbs-me.de\/index.php\/kompetenzzentren\/sps-labor\/#breadcrumb\"},\"inLanguage\":\"de\",\"potentialAction\":[{\"@type\":\"ReadAction\",\"target\":[\"https:\/\/www2.bbs-me.de\/index.php\/kompetenzzentren\/sps-labor\/\"]}]},{\"@type\":\"BreadcrumbList\",\"@id\":\"https:\/\/www2.bbs-me.de\/index.php\/kompetenzzentren\/sps-labor\/#breadcrumb\",\"itemListElement\":[{\"@type\":\"ListItem\",\"position\":1,\"name\":\"Startseite\",\"item\":\"https:\/\/www2.bbs-me.de\/\"},{\"@type\":\"ListItem\",\"position\":2,\"name\":\"Lernzentren\",\"item\":\"https:\/\/www2.bbs-me.de\/index.php\/kompetenzzentren\/\"},{\"@type\":\"ListItem\",\"position\":3,\"name\":\"SPS-Labor\"}]},{\"@type\":\"WebSite\",\"@id\":\"https:\/\/www2.bbs-me.de\/#website\",\"url\":\"https:\/\/www2.bbs-me.de\/\",\"name\":\"bbs|me\",\"description\":\"Otto-Brenner-Schule - Berufsbildende Schule Metalltechnik \u2022 Elektrotechnik der Region Hannover\",\"potentialAction\":[{\"@type\":\"SearchAction\",\"target\":{\"@type\":\"EntryPoint\",\"urlTemplate\":\"https:\/\/www2.bbs-me.de\/?s={search_term_string}\"},\"query-input\":\"required name=search_term_string\"}],\"inLanguage\":\"de\"}]}<\/script>\n<!-- \/ Yoast SEO plugin. -->","yoast_head_json":{"title":"SPS-Labor - bbs|me","robots":{"index":"index","follow":"follow","max-snippet":"max-snippet:-1","max-image-preview":"max-image-preview:large","max-video-preview":"max-video-preview:-1"},"canonical":"https:\/\/www2.bbs-me.de\/index.php\/kompetenzzentren\/sps-labor\/","og_locale":"de_DE","og_type":"article","og_title":"SPS-Labor - bbs|me","og_url":"https:\/\/www2.bbs-me.de\/index.php\/kompetenzzentren\/sps-labor\/","og_site_name":"bbs|me","article_modified_time":"2016-08-06T16:15:36+00:00","twitter_card":"summary_large_image","twitter_misc":{"Gesch\u00e4tzte Lesezeit":"4\u00a0Minuten"},"schema":{"@context":"https:\/\/schema.org","@graph":[{"@type":"WebPage","@id":"https:\/\/www2.bbs-me.de\/index.php\/kompetenzzentren\/sps-labor\/","url":"https:\/\/www2.bbs-me.de\/index.php\/kompetenzzentren\/sps-labor\/","name":"SPS-Labor - bbs|me","isPartOf":{"@id":"https:\/\/www2.bbs-me.de\/#website"},"datePublished":"2016-06-20T06:35:19+00:00","dateModified":"2016-08-06T16:15:36+00:00","breadcrumb":{"@id":"https:\/\/www2.bbs-me.de\/index.php\/kompetenzzentren\/sps-labor\/#breadcrumb"},"inLanguage":"de","potentialAction":[{"@type":"ReadAction","target":["https:\/\/www2.bbs-me.de\/index.php\/kompetenzzentren\/sps-labor\/"]}]},{"@type":"BreadcrumbList","@id":"https:\/\/www2.bbs-me.de\/index.php\/kompetenzzentren\/sps-labor\/#breadcrumb","itemListElement":[{"@type":"ListItem","position":1,"name":"Startseite","item":"https:\/\/www2.bbs-me.de\/"},{"@type":"ListItem","position":2,"name":"Lernzentren","item":"https:\/\/www2.bbs-me.de\/index.php\/kompetenzzentren\/"},{"@type":"ListItem","position":3,"name":"SPS-Labor"}]},{"@type":"WebSite","@id":"https:\/\/www2.bbs-me.de\/#website","url":"https:\/\/www2.bbs-me.de\/","name":"bbs|me","description":"Otto-Brenner-Schule - Berufsbildende Schule Metalltechnik \u2022 Elektrotechnik der Region Hannover","potentialAction":[{"@type":"SearchAction","target":{"@type":"EntryPoint","urlTemplate":"https:\/\/www2.bbs-me.de\/?s={search_term_string}"},"query-input":"required name=search_term_string"}],"inLanguage":"de"}]}},"publishpress_future_action":{"enabled":false,"date":"2026-04-12 18:42:51","action":"change-status","newStatus":"draft","terms":[],"taxonomy":"page_category"},"_links":{"self":[{"href":"https:\/\/www2.bbs-me.de\/index.php\/wp-json\/wp\/v2\/pages\/1118"}],"collection":[{"href":"https:\/\/www2.bbs-me.de\/index.php\/wp-json\/wp\/v2\/pages"}],"about":[{"href":"https:\/\/www2.bbs-me.de\/index.php\/wp-json\/wp\/v2\/types\/page"}],"author":[{"embeddable":true,"href":"https:\/\/www2.bbs-me.de\/index.php\/wp-json\/wp\/v2\/users\/16"}],"replies":[{"embeddable":true,"href":"https:\/\/www2.bbs-me.de\/index.php\/wp-json\/wp\/v2\/comments?post=1118"}],"version-history":[{"count":86,"href":"https:\/\/www2.bbs-me.de\/index.php\/wp-json\/wp\/v2\/pages\/1118\/revisions"}],"predecessor-version":[{"id":8004,"href":"https:\/\/www2.bbs-me.de\/index.php\/wp-json\/wp\/v2\/pages\/1118\/revisions\/8004"}],"up":[{"embeddable":true,"href":"https:\/\/www2.bbs-me.de\/index.php\/wp-json\/wp\/v2\/pages\/3728"}],"wp:attachment":[{"href":"https:\/\/www2.bbs-me.de\/index.php\/wp-json\/wp\/v2\/media?parent=1118"}],"wp:term":[{"taxonomy":"page_category","embeddable":true,"href":"https:\/\/www2.bbs-me.de\/index.php\/wp-json\/wp\/v2\/page_category?post=1118"}],"curies":[{"name":"wp","href":"https:\/\/api.w.org\/{rel}","templated":true}]}}