{"id":11218,"date":"2017-07-12T14:35:59","date_gmt":"2017-07-12T12:35:59","guid":{"rendered":"https:\/\/www2.bbs-me.de\/?page_id=11218"},"modified":"2017-07-12T14:35:59","modified_gmt":"2017-07-12T12:35:59","slug":"fertigungstechnik-3","status":"publish","type":"page","link":"https:\/\/www2.bbs-me.de\/index.php\/kompetenzzentren\/fertigungstechnik\/fertigungstechnik-3\/","title":{"rendered":"FTZ &#8211; Zertifizierung"},"content":{"rendered":"<div id='basic-article'  class='av-layout-grid-container entry-content-wrapper header_color av-flex-cells     avia-builder-el-0  el_before_av_layout_row  avia-builder-el-first  container_wrap sidebar_right' style=' '  >\n<div class=\"flex_cell no_margin av_one_half  avia-builder-el-1  el_before_av_cell_one_half  avia-builder-el-first   \"  style='vertical-align:top; padding:30px; ' ><div class='flex_cell_inner' ><p><div  style='padding-bottom:10px; ' class='av-special-heading av-special-heading-h1  blockquote modern-quote  avia-builder-el-2  el_before_av_hr  avia-builder-el-first  '><h1 class='av-special-heading-tag '  itemprop=\"headline\"  >Siemens Zertifikate f\u00fcr\u2019s Fr\u00e4sen und Drehen<\/h1><div class='special-heading-border'><div class='special-heading-inner-border' ><\/div><\/div><\/div><br \/>\n<div   class='hr hr-default   avia-builder-el-3  el_after_av_heading  el_before_av_textblock '><span class='hr-inner ' ><span class='hr-inner-style'><\/span><\/span><\/div><br \/>\n<section class=\"av_textblock_section \"  itemscope=\"itemscope\" itemtype=\"https:\/\/schema.org\/CreativeWork\" ><div class='avia_textblock  '  style='font-size:16px; '  itemprop=\"text\" ><p>Auszubildende und Sch\u00fclerinnen und Sch\u00fcler k\u00f6nnen bei uns Zertifikate erwerben, die ihnen CNC- Programmierkenntnisse mit der Siemens-Steuerung Operate 4.5 bescheinigen. An den PC-Arbeitspl\u00e4tzen, die unmittelbar an den Fertigungsbereich angeschlossen sind, erhalten sie dazu auf die Siemenssteuerung abgestimmten Unterricht\u00a0 . Hier erlernen und trainieren die Sch\u00fclerinnen und Sch\u00fcler die Programmierung der Fr\u00e4s- und\/oder Drehmaschine.<\/p>\n<p>Die Siemens-Software SinuTrain bildet das Bedienpult der jeweiligen Werkzeugmaschine nach, und so k\u00f6nnen die Auszubildenden die Programme grafisch unterst\u00fctzt nach der WOP-Methode (arbeitsplatzorientiertes Programmieren) erstellen.<\/p>\n<\/div><\/section><\/p>\n<\/div><\/div><div class=\"flex_cell no_margin av_one_half  avia-builder-el-5  el_after_av_cell_one_half  avia-builder-el-last   \"  style='vertical-align:top; padding:30px; ' ><div class='flex_cell_inner' ><div  class='avia-image-container  av-styling-    avia-builder-el-6  avia-builder-el-no-sibling  avia-align-center '  itemprop=\"image\" itemscope=\"itemscope\" itemtype=\"https:\/\/schema.org\/ImageObject\"  ><div class='avia-image-container-inner'><div class='avia-image-overlay-wrap'><img class='avia_image' src='https:\/\/www2.bbs-me.de\/wp-content\/uploads\/2017\/07\/FTZ_Siemes_Zertifikat-1030x688.jpg' alt='' title='FTZ_Siemes_Zertifikat' height=\"688\" width=\"1030\"  itemprop=\"thumbnailUrl\"  \/><\/div><\/div><\/div>\n<\/div><\/div><\/div><div id='av-layout-grid-2'  class='av-layout-grid-container entry-content-wrapper header_color av-flex-cells     avia-builder-el-7  el_after_av_layout_row  el_before_av_hr  submenu-not-first container_wrap sidebar_right' style=' '  >\n<div class=\"flex_cell no_margin av_one_half  avia-builder-el-8  el_before_av_cell_one_half  avia-builder-el-first   \"  style='vertical-align:top; padding:30px; ' ><div class='flex_cell_inner' ><p><div  style='padding-bottom:10px; ' class='av-special-heading av-special-heading-h3  blockquote modern-quote  avia-builder-el-9  el_before_av_hr  avia-builder-el-first  '><h3 class='av-special-heading-tag '  itemprop=\"headline\"  >Zertifikate<\/h3><div class ='av-subheading av-subheading_below  ' style='font-size:16px;'><p>SINUMERIK ShopMill<br \/>\nSINUMERIK ShopTurn<\/p>\n<\/div><div class='special-heading-border'><div class='special-heading-inner-border' ><\/div><\/div><\/div><br \/>\n<div   class='hr hr-default   avia-builder-el-10  el_after_av_heading  el_before_av_textblock '><span class='hr-inner ' ><span class='hr-inner-style'><\/span><\/span><\/div><br \/>\n<section class=\"av_textblock_section \"  itemscope=\"itemscope\" itemtype=\"https:\/\/schema.org\/CreativeWork\" ><div class='avia_textblock  '  style='font-size:14px; '  itemprop=\"text\" ><p>Zu den Inhalten geh\u00f6ren unter anderem:<\/p>\n<ul>\n<li>Einf\u00fchrung in die Funktion der Steuerung<\/li>\n<li>Einf\u00fchrung in den Programmaufbau<\/li>\n<li>Programmierung mit Standardbefehlen<\/li>\n<li>Programmierung von Konturen<\/li>\n<li>Programmierung mit Unterprogrammen<\/li>\n<\/ul>\n<\/div><\/section><\/p>\n<\/div><\/div><div class=\"flex_cell no_margin av_one_half  avia-builder-el-12  el_after_av_cell_one_half  avia-builder-el-last   \"  style='vertical-align:top; padding:30px; ' ><div class='flex_cell_inner' ><\/div><\/div><\/div><div id='after_submenu_2'  class='main_color av_default_container_wrap container_wrap sidebar_right' style=' '  ><div class='container' ><div class='template-page content  av-content-small alpha units'><div class='post-entry post-entry-type-page post-entry-11218'><div class='entry-content-wrapper clearfix'><div  style='height:20px' class='hr hr-invisible   avia-builder-el-13  el_after_av_layout_row  avia-builder-el-no-sibling '><span class='hr-inner ' ><span class='hr-inner-style'><\/span><\/span><\/div><\/p>\n","protected":false},"excerpt":{"rendered":"","protected":false},"author":8,"featured_media":0,"parent":4269,"menu_order":0,"comment_status":"closed","ping_status":"closed","template":"","meta":{"footnotes":""},"page_category":[81],"yoast_head":"<!-- This site is optimized with the Yoast SEO plugin v22.8 - https:\/\/yoast.com\/wordpress\/plugins\/seo\/ -->\n<title>FTZ - Zertifizierung - bbs|me<\/title>\n<meta name=\"robots\" content=\"index, follow, max-snippet:-1, max-image-preview:large, max-video-preview:-1\" \/>\n<link rel=\"canonical\" href=\"https:\/\/www2.bbs-me.de\/index.php\/kompetenzzentren\/fertigungstechnik\/fertigungstechnik-3\/\" \/>\n<meta property=\"og:locale\" content=\"de_DE\" \/>\n<meta property=\"og:type\" content=\"article\" \/>\n<meta property=\"og:title\" content=\"FTZ - Zertifizierung - bbs|me\" \/>\n<meta property=\"og:url\" content=\"https:\/\/www2.bbs-me.de\/index.php\/kompetenzzentren\/fertigungstechnik\/fertigungstechnik-3\/\" \/>\n<meta property=\"og:site_name\" content=\"bbs|me\" \/>\n<meta name=\"twitter:card\" content=\"summary_large_image\" \/>\n<meta name=\"twitter:label1\" content=\"Gesch\u00e4tzte Lesezeit\" \/>\n\t<meta name=\"twitter:data1\" content=\"3\u00a0Minuten\" \/>\n<script type=\"application\/ld+json\" class=\"yoast-schema-graph\">{\"@context\":\"https:\/\/schema.org\",\"@graph\":[{\"@type\":\"WebPage\",\"@id\":\"https:\/\/www2.bbs-me.de\/index.php\/kompetenzzentren\/fertigungstechnik\/fertigungstechnik-3\/\",\"url\":\"https:\/\/www2.bbs-me.de\/index.php\/kompetenzzentren\/fertigungstechnik\/fertigungstechnik-3\/\",\"name\":\"FTZ - Zertifizierung - bbs|me\",\"isPartOf\":{\"@id\":\"https:\/\/www2.bbs-me.de\/#website\"},\"datePublished\":\"2017-07-12T12:35:59+00:00\",\"dateModified\":\"2017-07-12T12:35:59+00:00\",\"breadcrumb\":{\"@id\":\"https:\/\/www2.bbs-me.de\/index.php\/kompetenzzentren\/fertigungstechnik\/fertigungstechnik-3\/#breadcrumb\"},\"inLanguage\":\"de\",\"potentialAction\":[{\"@type\":\"ReadAction\",\"target\":[\"https:\/\/www2.bbs-me.de\/index.php\/kompetenzzentren\/fertigungstechnik\/fertigungstechnik-3\/\"]}]},{\"@type\":\"BreadcrumbList\",\"@id\":\"https:\/\/www2.bbs-me.de\/index.php\/kompetenzzentren\/fertigungstechnik\/fertigungstechnik-3\/#breadcrumb\",\"itemListElement\":[{\"@type\":\"ListItem\",\"position\":1,\"name\":\"Startseite\",\"item\":\"https:\/\/www2.bbs-me.de\/\"},{\"@type\":\"ListItem\",\"position\":2,\"name\":\"Lernzentren\",\"item\":\"https:\/\/www2.bbs-me.de\/index.php\/kompetenzzentren\/\"},{\"@type\":\"ListItem\",\"position\":3,\"name\":\"FTZ &#8211; Fertigungstechnisches Lernzentrum\",\"item\":\"https:\/\/www2.bbs-me.de\/index.php\/kompetenzzentren\/fertigungstechnik\/\"},{\"@type\":\"ListItem\",\"position\":4,\"name\":\"FTZ &#8211; Zertifizierung\"}]},{\"@type\":\"WebSite\",\"@id\":\"https:\/\/www2.bbs-me.de\/#website\",\"url\":\"https:\/\/www2.bbs-me.de\/\",\"name\":\"bbs|me\",\"description\":\"Otto-Brenner-Schule - Berufsbildende Schule Metalltechnik \u2022 Elektrotechnik der Region Hannover\",\"potentialAction\":[{\"@type\":\"SearchAction\",\"target\":{\"@type\":\"EntryPoint\",\"urlTemplate\":\"https:\/\/www2.bbs-me.de\/?s={search_term_string}\"},\"query-input\":\"required name=search_term_string\"}],\"inLanguage\":\"de\"}]}<\/script>\n<!-- \/ Yoast SEO plugin. -->","yoast_head_json":{"title":"FTZ - Zertifizierung - bbs|me","robots":{"index":"index","follow":"follow","max-snippet":"max-snippet:-1","max-image-preview":"max-image-preview:large","max-video-preview":"max-video-preview:-1"},"canonical":"https:\/\/www2.bbs-me.de\/index.php\/kompetenzzentren\/fertigungstechnik\/fertigungstechnik-3\/","og_locale":"de_DE","og_type":"article","og_title":"FTZ - Zertifizierung - bbs|me","og_url":"https:\/\/www2.bbs-me.de\/index.php\/kompetenzzentren\/fertigungstechnik\/fertigungstechnik-3\/","og_site_name":"bbs|me","twitter_card":"summary_large_image","twitter_misc":{"Gesch\u00e4tzte Lesezeit":"3\u00a0Minuten"},"schema":{"@context":"https:\/\/schema.org","@graph":[{"@type":"WebPage","@id":"https:\/\/www2.bbs-me.de\/index.php\/kompetenzzentren\/fertigungstechnik\/fertigungstechnik-3\/","url":"https:\/\/www2.bbs-me.de\/index.php\/kompetenzzentren\/fertigungstechnik\/fertigungstechnik-3\/","name":"FTZ - Zertifizierung - bbs|me","isPartOf":{"@id":"https:\/\/www2.bbs-me.de\/#website"},"datePublished":"2017-07-12T12:35:59+00:00","dateModified":"2017-07-12T12:35:59+00:00","breadcrumb":{"@id":"https:\/\/www2.bbs-me.de\/index.php\/kompetenzzentren\/fertigungstechnik\/fertigungstechnik-3\/#breadcrumb"},"inLanguage":"de","potentialAction":[{"@type":"ReadAction","target":["https:\/\/www2.bbs-me.de\/index.php\/kompetenzzentren\/fertigungstechnik\/fertigungstechnik-3\/"]}]},{"@type":"BreadcrumbList","@id":"https:\/\/www2.bbs-me.de\/index.php\/kompetenzzentren\/fertigungstechnik\/fertigungstechnik-3\/#breadcrumb","itemListElement":[{"@type":"ListItem","position":1,"name":"Startseite","item":"https:\/\/www2.bbs-me.de\/"},{"@type":"ListItem","position":2,"name":"Lernzentren","item":"https:\/\/www2.bbs-me.de\/index.php\/kompetenzzentren\/"},{"@type":"ListItem","position":3,"name":"FTZ &#8211; Fertigungstechnisches Lernzentrum","item":"https:\/\/www2.bbs-me.de\/index.php\/kompetenzzentren\/fertigungstechnik\/"},{"@type":"ListItem","position":4,"name":"FTZ &#8211; Zertifizierung"}]},{"@type":"WebSite","@id":"https:\/\/www2.bbs-me.de\/#website","url":"https:\/\/www2.bbs-me.de\/","name":"bbs|me","description":"Otto-Brenner-Schule - Berufsbildende Schule Metalltechnik \u2022 Elektrotechnik der Region Hannover","potentialAction":[{"@type":"SearchAction","target":{"@type":"EntryPoint","urlTemplate":"https:\/\/www2.bbs-me.de\/?s={search_term_string}"},"query-input":"required name=search_term_string"}],"inLanguage":"de"}]}},"publishpress_future_action":{"enabled":false,"date":"2026-04-12 22:16:36","action":"change-status","newStatus":"draft","terms":[],"taxonomy":"page_category"},"_links":{"self":[{"href":"https:\/\/www2.bbs-me.de\/index.php\/wp-json\/wp\/v2\/pages\/11218"}],"collection":[{"href":"https:\/\/www2.bbs-me.de\/index.php\/wp-json\/wp\/v2\/pages"}],"about":[{"href":"https:\/\/www2.bbs-me.de\/index.php\/wp-json\/wp\/v2\/types\/page"}],"author":[{"embeddable":true,"href":"https:\/\/www2.bbs-me.de\/index.php\/wp-json\/wp\/v2\/users\/8"}],"replies":[{"embeddable":true,"href":"https:\/\/www2.bbs-me.de\/index.php\/wp-json\/wp\/v2\/comments?post=11218"}],"version-history":[{"count":2,"href":"https:\/\/www2.bbs-me.de\/index.php\/wp-json\/wp\/v2\/pages\/11218\/revisions"}],"predecessor-version":[{"id":11221,"href":"https:\/\/www2.bbs-me.de\/index.php\/wp-json\/wp\/v2\/pages\/11218\/revisions\/11221"}],"up":[{"embeddable":true,"href":"https:\/\/www2.bbs-me.de\/index.php\/wp-json\/wp\/v2\/pages\/4269"}],"wp:attachment":[{"href":"https:\/\/www2.bbs-me.de\/index.php\/wp-json\/wp\/v2\/media?parent=11218"}],"wp:term":[{"taxonomy":"page_category","embeddable":true,"href":"https:\/\/www2.bbs-me.de\/index.php\/wp-json\/wp\/v2\/page_category?post=11218"}],"curies":[{"name":"wp","href":"https:\/\/api.w.org\/{rel}","templated":true}]}}