{"id":13318,"date":"2018-03-07T12:30:05","date_gmt":"2018-03-07T11:30:05","guid":{"rendered":"https:\/\/www2.bbs-me.de\/?page_id=13318"},"modified":"2023-06-23T12:51:14","modified_gmt":"2023-06-23T10:51:14","slug":"maschinen-und-anlagenfuehrer","status":"publish","type":"page","link":"https:\/\/www2.bbs-me.de\/index.php\/berufsschule-metalltechnik\/team-fertigungsmechaniker\/maschinen-und-anlagenfuehrer\/","title":{"rendered":"Maschinen- und Anlagenf\u00fchrer"},"content":{"rendered":"<section class=\"av_textblock_section \"  itemscope=\"itemscope\" itemtype=\"https:\/\/schema.org\/CreativeWork\" ><div class='avia_textblock  '  style='font-size:25px; '  itemprop=\"text\" ><p>Maschinen- und Anlagenf\u00fchrer\/in<\/p>\n<\/div><\/section>\n<div class=\"flex_column av_one_half  flex_column_div av-zero-column-padding first  avia-builder-el-1  el_after_av_textblock  el_before_av_one_half  column-top-margin\" style='border-radius:0px; '><section class=\"av_textblock_section \"  itemscope=\"itemscope\" itemtype=\"https:\/\/schema.org\/CreativeWork\" ><div class='avia_textblock  '   itemprop=\"text\" ><h3>Ausbildungsdauer<\/h3>\n<p>Die Ausbildung zum Maschinen- und Anlagenf\u00fchrer\/ Maschinen- und Anlagenf\u00fchrerin dauert 2 Jahre.\u00a0Die Ausbildung findet in Betrieb und Berufsschule statt.<\/p>\n<h3>Berufliche F\u00e4higkeiten<\/h3>\n<p>Maschinen- und Anlagenf\u00fchrer\/ Maschinen- und Anlagenf\u00fchrerinnen<\/p>\n<ul>\n<li>richten Maschinen und Anlagen in der Produktion ein und bedienen diese, steuern und \u00fcberwachen den Materialfluss,<\/li>\n<li>bereiten Arbeitsabl\u00e4ufe vor,<\/li>\n<li>w\u00e4hlen Pr\u00fcfverfahren und Pr\u00fcfmittel aus und wenden diese an,<\/li>\n<li>w\u00e4hlen Werkstoffe aus und bearbeiten diese nach technischen Unterlagen,<\/li>\n<li>w\u00e4hlen manuelle und maschinelle Fertigungstechniken aus und wenden diese an,<\/li>\n<li>nutzen Steuerungs- und Regelungseinrichtungen,<\/li>\n<li>warten und inspizieren Maschinen und Anlagen und beheben St\u00f6rungen,<\/li>\n<li>f\u00fchren qualit\u00e4tssichernde Ma\u00dfnahmen durch,<\/li>\n<li>ber\u00fccksichtigen die Vorgaben des Umweltschutzes, der Arbeitssicherheit und der Wirtschaftlichkeit,<\/li>\n<li>dokumentieren Produktionsdaten,<\/li>\n<li>stimmen sich mit vor- und nachgelagerten Bereichen ab.<\/li>\n<\/ul>\n<h4>Ausbildungsverg\u00fctung<\/h4>\n<ol>\n<li>Ausbildungsjahr: <strong>770-827 Euro<\/strong><\/li>\n<li>Ausbildungsjahr: <strong>825-875 Euro<\/strong><\/li>\n<\/ol>\n<h4>Einstiegsgehalt<\/h4>\n<p><strong>1500<\/strong> bis <strong>2700 Euro<\/strong> (Brutto)<\/p>\n<\/div><\/section><\/div>\n<div class=\"flex_column av_one_half  flex_column_div av-zero-column-padding   avia-builder-el-3  el_after_av_one_half  avia-builder-el-last  column-top-margin\" style='border-radius:0px; '><p><div  class='avia-image-container  av-styling-    avia-builder-el-4  el_before_av_image  avia-builder-el-first  avia-align-center '  itemprop=\"image\" itemscope=\"itemscope\" itemtype=\"https:\/\/schema.org\/ImageObject\"  ><div class='avia-image-container-inner'><div class='avia-image-overlay-wrap'><img class='avia_image' src='https:\/\/www2.bbs-me.de\/wp-content\/uploads\/2018\/05\/NassMagnet-495x400.jpg' alt='' title='NassMagnet' height=\"400\" width=\"495\"  itemprop=\"thumbnailUrl\"  \/><\/div><\/div><\/div><br \/>\n<div  class='avia-image-container  av-styling-    avia-builder-el-5  el_after_av_image  el_before_av_iconlist  avia-align-center '  itemprop=\"image\" itemscope=\"itemscope\" itemtype=\"https:\/\/schema.org\/ImageObject\"  ><div class='avia-image-container-inner'><div class='avia-image-overlay-wrap'><img class='avia_image' src='https:\/\/www2.bbs-me.de\/wp-content\/uploads\/2018\/03\/FM-Anlage-2.jpg' alt='' title=''   itemprop=\"thumbnailUrl\"  \/><\/div><\/div><\/div><br \/>\n<div  class='avia-icon-list-container   avia-builder-el-6  el_after_av_image  avia-builder-el-last '><ul class='avia-icon-list avia-icon-list-left av-iconlist-big avia_animate_when_almost_visible avia-iconlist-animate'>\n<li><a href='https:\/\/www2.bbs-me.de\/wp-content\/uploads\/2018\/03\/RLP-Rahmenlehrplan-Fertigungsmechaniker-mit-MAF-Stand-22.03.2013.pdf' title='Rahmenlehrplan'  target=\"_blank\"   style='background-color:#559ce8; ' class='iconlist_icon  avia-font-entypo-fontello'><span class='iconlist-char ' aria-hidden='true' data-av_icon='\ue82d' data-av_iconfont='entypo-fontello'><\/span><\/a><article class=\"article-icon-entry av-iconlist-empty\"  itemscope=\"itemscope\" itemtype=\"https:\/\/schema.org\/CreativeWork\" ><div class='iconlist_content_wrap'><header class=\"entry-content-header\"><h4 class='av_iconlist_title iconlist_title  av_inherit_color '  itemprop=\"headline\"   style='color:#000000; '><a href='https:\/\/www2.bbs-me.de\/wp-content\/uploads\/2018\/03\/RLP-Rahmenlehrplan-Fertigungsmechaniker-mit-MAF-Stand-22.03.2013.pdf' title='Rahmenlehrplan' target=\"_blank\" >Rahmenlehrplan<\/a><\/h4><\/header><div class='iconlist_content  '  itemprop=\"text\"  ><\/div><\/div><footer class=\"entry-footer\"><\/footer><\/article><div class='iconlist-timeline'><\/div><\/li>\n<li><a href='https:\/\/www2.bbs-me.de\/wp-content\/uploads\/2018\/03\/Ausbildungsrahmenplan-Fertigungsmechaniker-2013.pdf' title='Ausbildungsrahmenplan'  target=\"_blank\"   style='background-color:#559ce8; ' class='iconlist_icon  avia-font-entypo-fontello'><span class='iconlist-char ' aria-hidden='true' data-av_icon='\ue82d' data-av_iconfont='entypo-fontello'><\/span><\/a><article class=\"article-icon-entry av-iconlist-empty\"  itemscope=\"itemscope\" itemtype=\"https:\/\/schema.org\/CreativeWork\" ><div class='iconlist_content_wrap'><header class=\"entry-content-header\"><h4 class='av_iconlist_title iconlist_title  av_inherit_color '  itemprop=\"headline\"   style='color:#000000; '><a href='https:\/\/www2.bbs-me.de\/wp-content\/uploads\/2018\/03\/Ausbildungsrahmenplan-Fertigungsmechaniker-2013.pdf' title='Ausbildungsrahmenplan' target=\"_blank\" >Ausbildungsrahmenplan<\/a><\/h4><\/header><div class='iconlist_content  '  itemprop=\"text\"  ><\/div><\/div><footer class=\"entry-footer\"><\/footer><\/article><div class='iconlist-timeline'><\/div><\/li>\n<li><a href='https:\/\/www2.bbs-me.de\/wp-content\/uploads\/2018\/03\/Steckbrief-MAF.pdf' title='Steckbrief MAF'  target=\"_blank\"   style='background-color:#559ce8; ' class='iconlist_icon  avia-font-entypo-fontello'><span class='iconlist-char ' aria-hidden='true' data-av_icon='\ue82d' data-av_iconfont='entypo-fontello'><\/span><\/a><article class=\"article-icon-entry av-iconlist-empty\"  itemscope=\"itemscope\" itemtype=\"https:\/\/schema.org\/CreativeWork\" ><div class='iconlist_content_wrap'><header class=\"entry-content-header\"><h4 class='av_iconlist_title iconlist_title  av_inherit_color '  itemprop=\"headline\"   style='color:#000000; '><a href='https:\/\/www2.bbs-me.de\/wp-content\/uploads\/2018\/03\/Steckbrief-MAF.pdf' title='Steckbrief MAF' target=\"_blank\" >Steckbrief MAF<\/a><\/h4><\/header><div class='iconlist_content  '  itemprop=\"text\"  ><\/div><\/div><footer class=\"entry-footer\"><\/footer><\/article><div class='iconlist-timeline'><\/div><\/li>\n<li><a href='https:\/\/www2.bbs-me.de\/wp-content\/uploads\/2023\/06\/Buecherliste_Arbeitsmittel_MAF_2023-2024.pdf' title='B\u00fccher und Arbeitsmittel'  target=\"_blank\"   style='background-color:#559ce8; ' class='iconlist_icon  avia-font-entypo-fontello'><span class='iconlist-char ' aria-hidden='true' data-av_icon='\ue82d' data-av_iconfont='entypo-fontello'><\/span><\/a><article class=\"article-icon-entry av-iconlist-empty\"  itemscope=\"itemscope\" itemtype=\"https:\/\/schema.org\/CreativeWork\" ><div class='iconlist_content_wrap'><header class=\"entry-content-header\"><h4 class='av_iconlist_title iconlist_title  av_inherit_color '  itemprop=\"headline\"   style='color:#000000; '><a href='https:\/\/www2.bbs-me.de\/wp-content\/uploads\/2023\/06\/Buecherliste_Arbeitsmittel_MAF_2023-2024.pdf' title='B\u00fccher und Arbeitsmittel' target=\"_blank\" >B\u00fccher und Arbeitsmittel<\/a><\/h4><\/header><div class='iconlist_content  '  itemprop=\"text\"  ><\/div><\/div><footer class=\"entry-footer\"><\/footer><\/article><div class='iconlist-timeline'><\/div><\/li>\n<\/ul><\/div><\/p><\/div>\n","protected":false},"excerpt":{"rendered":"","protected":false},"author":39,"featured_media":0,"parent":13266,"menu_order":3,"comment_status":"closed","ping_status":"closed","template":"","meta":{"footnotes":""},"page_category":[45],"yoast_head":"<!-- This site is optimized with the Yoast SEO plugin v22.8 - https:\/\/yoast.com\/wordpress\/plugins\/seo\/ -->\n<title>Maschinen- und Anlagenf\u00fchrer - bbs|me<\/title>\n<meta name=\"robots\" content=\"index, follow, max-snippet:-1, max-image-preview:large, max-video-preview:-1\" \/>\n<link rel=\"canonical\" href=\"https:\/\/www2.bbs-me.de\/index.php\/berufsschule-metalltechnik\/team-fertigungsmechaniker\/maschinen-und-anlagenfuehrer\/\" \/>\n<meta property=\"og:locale\" content=\"de_DE\" \/>\n<meta property=\"og:type\" content=\"article\" \/>\n<meta property=\"og:title\" content=\"Maschinen- und Anlagenf\u00fchrer - bbs|me\" \/>\n<meta property=\"og:url\" content=\"https:\/\/www2.bbs-me.de\/index.php\/berufsschule-metalltechnik\/team-fertigungsmechaniker\/maschinen-und-anlagenfuehrer\/\" \/>\n<meta property=\"og:site_name\" content=\"bbs|me\" \/>\n<meta property=\"article:modified_time\" content=\"2023-06-23T10:51:14+00:00\" \/>\n<meta name=\"twitter:card\" content=\"summary_large_image\" \/>\n<meta name=\"twitter:label1\" content=\"Gesch\u00e4tzte Lesezeit\" \/>\n\t<meta name=\"twitter:data1\" content=\"3\u00a0Minuten\" \/>\n<script type=\"application\/ld+json\" class=\"yoast-schema-graph\">{\"@context\":\"https:\/\/schema.org\",\"@graph\":[{\"@type\":\"WebPage\",\"@id\":\"https:\/\/www2.bbs-me.de\/index.php\/berufsschule-metalltechnik\/team-fertigungsmechaniker\/maschinen-und-anlagenfuehrer\/\",\"url\":\"https:\/\/www2.bbs-me.de\/index.php\/berufsschule-metalltechnik\/team-fertigungsmechaniker\/maschinen-und-anlagenfuehrer\/\",\"name\":\"Maschinen- und Anlagenf\u00fchrer - bbs|me\",\"isPartOf\":{\"@id\":\"https:\/\/www2.bbs-me.de\/#website\"},\"datePublished\":\"2018-03-07T11:30:05+00:00\",\"dateModified\":\"2023-06-23T10:51:14+00:00\",\"breadcrumb\":{\"@id\":\"https:\/\/www2.bbs-me.de\/index.php\/berufsschule-metalltechnik\/team-fertigungsmechaniker\/maschinen-und-anlagenfuehrer\/#breadcrumb\"},\"inLanguage\":\"de\",\"potentialAction\":[{\"@type\":\"ReadAction\",\"target\":[\"https:\/\/www2.bbs-me.de\/index.php\/berufsschule-metalltechnik\/team-fertigungsmechaniker\/maschinen-und-anlagenfuehrer\/\"]}]},{\"@type\":\"BreadcrumbList\",\"@id\":\"https:\/\/www2.bbs-me.de\/index.php\/berufsschule-metalltechnik\/team-fertigungsmechaniker\/maschinen-und-anlagenfuehrer\/#breadcrumb\",\"itemListElement\":[{\"@type\":\"ListItem\",\"position\":1,\"name\":\"Startseite\",\"item\":\"https:\/\/www2.bbs-me.de\/\"},{\"@type\":\"ListItem\",\"position\":2,\"name\":\"Berufsschule Metalltechnik\",\"item\":\"https:\/\/www2.bbs-me.de\/index.php\/berufsschule-metalltechnik\/\"},{\"@type\":\"ListItem\",\"position\":3,\"name\":\"BG Fertigungsmechaniker\",\"item\":\"https:\/\/www2.bbs-me.de\/index.php\/berufsschule-metalltechnik\/team-fertigungsmechaniker\/\"},{\"@type\":\"ListItem\",\"position\":4,\"name\":\"Maschinen- und Anlagenf\u00fchrer\"}]},{\"@type\":\"WebSite\",\"@id\":\"https:\/\/www2.bbs-me.de\/#website\",\"url\":\"https:\/\/www2.bbs-me.de\/\",\"name\":\"bbs|me\",\"description\":\"Otto-Brenner-Schule - Berufsbildende Schule Metalltechnik \u2022 Elektrotechnik der Region Hannover\",\"potentialAction\":[{\"@type\":\"SearchAction\",\"target\":{\"@type\":\"EntryPoint\",\"urlTemplate\":\"https:\/\/www2.bbs-me.de\/?s={search_term_string}\"},\"query-input\":\"required name=search_term_string\"}],\"inLanguage\":\"de\"}]}<\/script>\n<!-- \/ Yoast SEO plugin. -->","yoast_head_json":{"title":"Maschinen- und Anlagenf\u00fchrer - bbs|me","robots":{"index":"index","follow":"follow","max-snippet":"max-snippet:-1","max-image-preview":"max-image-preview:large","max-video-preview":"max-video-preview:-1"},"canonical":"https:\/\/www2.bbs-me.de\/index.php\/berufsschule-metalltechnik\/team-fertigungsmechaniker\/maschinen-und-anlagenfuehrer\/","og_locale":"de_DE","og_type":"article","og_title":"Maschinen- und Anlagenf\u00fchrer - bbs|me","og_url":"https:\/\/www2.bbs-me.de\/index.php\/berufsschule-metalltechnik\/team-fertigungsmechaniker\/maschinen-und-anlagenfuehrer\/","og_site_name":"bbs|me","article_modified_time":"2023-06-23T10:51:14+00:00","twitter_card":"summary_large_image","twitter_misc":{"Gesch\u00e4tzte Lesezeit":"3\u00a0Minuten"},"schema":{"@context":"https:\/\/schema.org","@graph":[{"@type":"WebPage","@id":"https:\/\/www2.bbs-me.de\/index.php\/berufsschule-metalltechnik\/team-fertigungsmechaniker\/maschinen-und-anlagenfuehrer\/","url":"https:\/\/www2.bbs-me.de\/index.php\/berufsschule-metalltechnik\/team-fertigungsmechaniker\/maschinen-und-anlagenfuehrer\/","name":"Maschinen- und Anlagenf\u00fchrer - bbs|me","isPartOf":{"@id":"https:\/\/www2.bbs-me.de\/#website"},"datePublished":"2018-03-07T11:30:05+00:00","dateModified":"2023-06-23T10:51:14+00:00","breadcrumb":{"@id":"https:\/\/www2.bbs-me.de\/index.php\/berufsschule-metalltechnik\/team-fertigungsmechaniker\/maschinen-und-anlagenfuehrer\/#breadcrumb"},"inLanguage":"de","potentialAction":[{"@type":"ReadAction","target":["https:\/\/www2.bbs-me.de\/index.php\/berufsschule-metalltechnik\/team-fertigungsmechaniker\/maschinen-und-anlagenfuehrer\/"]}]},{"@type":"BreadcrumbList","@id":"https:\/\/www2.bbs-me.de\/index.php\/berufsschule-metalltechnik\/team-fertigungsmechaniker\/maschinen-und-anlagenfuehrer\/#breadcrumb","itemListElement":[{"@type":"ListItem","position":1,"name":"Startseite","item":"https:\/\/www2.bbs-me.de\/"},{"@type":"ListItem","position":2,"name":"Berufsschule Metalltechnik","item":"https:\/\/www2.bbs-me.de\/index.php\/berufsschule-metalltechnik\/"},{"@type":"ListItem","position":3,"name":"BG Fertigungsmechaniker","item":"https:\/\/www2.bbs-me.de\/index.php\/berufsschule-metalltechnik\/team-fertigungsmechaniker\/"},{"@type":"ListItem","position":4,"name":"Maschinen- und Anlagenf\u00fchrer"}]},{"@type":"WebSite","@id":"https:\/\/www2.bbs-me.de\/#website","url":"https:\/\/www2.bbs-me.de\/","name":"bbs|me","description":"Otto-Brenner-Schule - Berufsbildende Schule Metalltechnik \u2022 Elektrotechnik der Region Hannover","potentialAction":[{"@type":"SearchAction","target":{"@type":"EntryPoint","urlTemplate":"https:\/\/www2.bbs-me.de\/?s={search_term_string}"},"query-input":"required name=search_term_string"}],"inLanguage":"de"}]}},"publishpress_future_action":{"enabled":false,"date":"2026-04-12 22:38:14","action":"change-status","newStatus":"draft","terms":[],"taxonomy":"page_category"},"_links":{"self":[{"href":"https:\/\/www2.bbs-me.de\/index.php\/wp-json\/wp\/v2\/pages\/13318"}],"collection":[{"href":"https:\/\/www2.bbs-me.de\/index.php\/wp-json\/wp\/v2\/pages"}],"about":[{"href":"https:\/\/www2.bbs-me.de\/index.php\/wp-json\/wp\/v2\/types\/page"}],"author":[{"embeddable":true,"href":"https:\/\/www2.bbs-me.de\/index.php\/wp-json\/wp\/v2\/users\/39"}],"replies":[{"embeddable":true,"href":"https:\/\/www2.bbs-me.de\/index.php\/wp-json\/wp\/v2\/comments?post=13318"}],"version-history":[{"count":19,"href":"https:\/\/www2.bbs-me.de\/index.php\/wp-json\/wp\/v2\/pages\/13318\/revisions"}],"predecessor-version":[{"id":26354,"href":"https:\/\/www2.bbs-me.de\/index.php\/wp-json\/wp\/v2\/pages\/13318\/revisions\/26354"}],"up":[{"embeddable":true,"href":"https:\/\/www2.bbs-me.de\/index.php\/wp-json\/wp\/v2\/pages\/13266"}],"wp:attachment":[{"href":"https:\/\/www2.bbs-me.de\/index.php\/wp-json\/wp\/v2\/media?parent=13318"}],"wp:term":[{"taxonomy":"page_category","embeddable":true,"href":"https:\/\/www2.bbs-me.de\/index.php\/wp-json\/wp\/v2\/page_category?post=13318"}],"curies":[{"name":"wp","href":"https:\/\/api.w.org\/{rel}","templated":true}]}}