{"id":13344,"date":"2018-03-07T13:32:45","date_gmt":"2018-03-07T12:32:45","guid":{"rendered":"https:\/\/www2.bbs-me.de\/?page_id=13344"},"modified":"2023-06-23T12:50:21","modified_gmt":"2023-06-23T10:50:21","slug":"fertigungsmechaniker","status":"publish","type":"page","link":"https:\/\/www2.bbs-me.de\/index.php\/berufsschule-metalltechnik\/team-fertigungsmechaniker\/fertigungsmechaniker\/","title":{"rendered":"Fertigungsmechaniker"},"content":{"rendered":"<div class=\"flex_column av_one_full  flex_column_div av-zero-column-padding first  avia-builder-el-0  el_before_av_one_half  avia-builder-el-first  \" style='border-radius:0px; '><section class=\"av_textblock_section \"  itemscope=\"itemscope\" itemtype=\"https:\/\/schema.org\/CreativeWork\" ><div class='avia_textblock  '  style='font-size:30px; '  itemprop=\"text\" ><p>Fertigungsmechaniker<\/p>\n<\/div><\/section><\/div>\n<div class=\"flex_column av_one_half  flex_column_div av-zero-column-padding first  avia-builder-el-2  el_after_av_one_full  el_before_av_one_half  column-top-margin\" style='border-radius:0px; '><section class=\"av_textblock_section \"  itemscope=\"itemscope\" itemtype=\"https:\/\/schema.org\/CreativeWork\" ><div class='avia_textblock  '   itemprop=\"text\" ><p>Fertigungsmechaniker\/Fertigungsmechanikerinnen sind \u00fcberwiegend in der Montage und Fertigung von industriellen Serienprodukten t\u00e4tig. Sie arbeiten oft im Rahmen einer Prozesskette in Montagegruppen. Sie sorgen f\u00fcr\u00a0 eine zuverl\u00e4ssige Fertigung und Arbeitssicherheit, halten Qualit\u00e4tsstandards ein und bem\u00fchen sich um die kontinuierlichen Verbesserung von Abl\u00e4ufen.<\/p>\n<p><strong>Berufliche F\u00e4higkeiten<\/strong><\/p>\n<p>Fertigungsmechaniker\/Fertigungsmechanikerinnen<\/p>\n<ul>\n<li>erkennen ihre Aufgaben anhand von Montage- und Wartungspl\u00e4nen, Zeichnungen und Verfahrensanweisungen,<\/li>\n<li>stimmen die Verteilung der Arbeiten in Gruppengespr\u00e4chen miteinander ab,<\/li>\n<li>montieren Bauteile zu Baugruppen und Baugruppen zu komplexen Maschinen, Apparaten, Ger\u00e4ten oder Kraftfahrzeugen,<\/li>\n<li>verlegen, befestigen und schlie\u00dfen elektrische Leitungen und Baugruppen an,<\/li>\n<li>pr\u00fcfen und stellen Funktionen an Baugruppen oder am fertigen Produkt ein,<\/li>\n<li>kontrollieren die ausgef\u00fchrten Arbeiten und f\u00fchren Nacharbeiten durch,<\/li>\n<li>nutzen f\u00fcr ihre T\u00e4tigkeiten Maschinen, Montage-Hilfseinrichtungen, Transportmittel und Werkzeuge,<\/li>\n<li>beteiligen sich aktiv an Gruppengespr\u00e4chen zur Verbesserung von Prozesssicherheit und Qualit\u00e4t,<\/li>\n<li>f\u00fchren und interpretieren Statistiken &#8211; insbesondere \u00fcber Qualit\u00e4tsdaten,<\/li>\n<li>arbeiten &#8211; insbesondere durch prozesssichernde Hinweise und Informationen &#8211; mit vor- und nachgelagerten Bereichen zusammen,<\/li>\n<li>f\u00fchren die notwendigen Einstell-, Pflege- und Wartungsarbeiten an den von ihnen benutzten Einrichtungen, Maschinen und Werkzeugen durch.<\/li>\n<\/ul>\n<p><strong>Verdienst<\/strong><\/p>\n<p>Beispielhafte Ausbildungsverg\u00fctungen pro Monat:<br \/>\n\u2022 1. Ausbildungsjahr: \u20ac 815 bis \u20ac 844<br \/>\n\u2022 2. Ausbildungsjahr: \u20ac 869 bis \u20ac 890<br \/>\n\u2022 3. Ausbildungsjahr: \u20ac 929 bis \u20ac 953<\/p>\n<\/div><\/section><\/div>\n<div class=\"flex_column av_one_half  flex_column_div av-zero-column-padding   avia-builder-el-4  el_after_av_one_half  avia-builder-el-last  column-top-margin\" style='border-radius:0px; '><p><div  class='avia-image-container  av-styling-    avia-builder-el-5  el_before_av_iconlist  avia-builder-el-first  avia-align-center '  itemprop=\"image\" itemscope=\"itemscope\" itemtype=\"https:\/\/schema.org\/ImageObject\"  ><div class='avia-image-container-inner'><div class='avia-image-overlay-wrap'><img class='avia_image' src='https:\/\/www2.bbs-me.de\/wp-content\/uploads\/2018\/05\/Pr\u00fcfen-983x1030.jpg' alt='' title='Pr\u00fcfen' height=\"1030\" width=\"983\"  itemprop=\"thumbnailUrl\"  \/><\/div><\/div><\/div><br \/>\n<div  class='avia-icon-list-container   avia-builder-el-6  el_after_av_image  avia-builder-el-last '><ul class='avia-icon-list avia-icon-list-left av-iconlist-big avia_animate_when_almost_visible avia-iconlist-animate'>\n<li><a href='https:\/\/www2.bbs-me.de\/wp-content\/uploads\/2018\/03\/RLP-Rahmenlehrplan-Fertigungsmechaniker-mit-MAF-Stand-22.03.2013.pdf' title='Rahmenlehrplan'  target=\"_blank\"   style='background-color:#4392e8; ' class='iconlist_icon  avia-font-entypo-fontello'><span class='iconlist-char ' aria-hidden='true' data-av_icon='\ue82d' data-av_iconfont='entypo-fontello'><\/span><\/a><article class=\"article-icon-entry av-iconlist-empty\"  itemscope=\"itemscope\" itemtype=\"https:\/\/schema.org\/CreativeWork\" ><div class='iconlist_content_wrap'><header class=\"entry-content-header\"><h4 class='av_iconlist_title iconlist_title  av_inherit_color '  itemprop=\"headline\"   style='color:#000000; font-size:12px; '><a href='https:\/\/www2.bbs-me.de\/wp-content\/uploads\/2018\/03\/RLP-Rahmenlehrplan-Fertigungsmechaniker-mit-MAF-Stand-22.03.2013.pdf' title='Rahmenlehrplan' target=\"_blank\" >Rahmenlehrplan<\/a><\/h4><\/header><div class='iconlist_content  '  itemprop=\"text\"  ><\/div><\/div><footer class=\"entry-footer\"><\/footer><\/article><div class='iconlist-timeline'><\/div><\/li>\n<li><a href='https:\/\/www2.bbs-me.de\/wp-content\/uploads\/2018\/03\/Ausbildungsrahmenplan-Fertigungsmechaniker-2013.pdf' title='Ausbildungsrahmenplan'  target=\"_blank\"   style='background-color:#4392e8; ' class='iconlist_icon  avia-font-entypo-fontello'><span class='iconlist-char ' aria-hidden='true' data-av_icon='\ue82d' data-av_iconfont='entypo-fontello'><\/span><\/a><article class=\"article-icon-entry av-iconlist-empty\"  itemscope=\"itemscope\" itemtype=\"https:\/\/schema.org\/CreativeWork\" ><div class='iconlist_content_wrap'><header class=\"entry-content-header\"><h4 class='av_iconlist_title iconlist_title  av_inherit_color '  itemprop=\"headline\"   style='color:#000000; font-size:12px; '><a href='https:\/\/www2.bbs-me.de\/wp-content\/uploads\/2018\/03\/Ausbildungsrahmenplan-Fertigungsmechaniker-2013.pdf' title='Ausbildungsrahmenplan' target=\"_blank\" >Ausbildungsrahmenplan<\/a><\/h4><\/header><div class='iconlist_content  '  itemprop=\"text\"  ><\/div><\/div><footer class=\"entry-footer\"><\/footer><\/article><div class='iconlist-timeline'><\/div><\/li>\n<li><div  style='background-color:#4392e8; ' class='iconlist_icon  avia-font-entypo-fontello'><span class='iconlist-char ' aria-hidden='true' data-av_icon='\ue82d' data-av_iconfont='entypo-fontello'><\/span><\/div><article class=\"article-icon-entry av-iconlist-empty\"  itemscope=\"itemscope\" itemtype=\"https:\/\/schema.org\/CreativeWork\" ><div class='iconlist_content_wrap'><header class=\"entry-content-header\"><h4 class='av_iconlist_title iconlist_title  av_inherit_color '  itemprop=\"headline\"   style='color:#000000; font-size:12px; '><a href='https:\/\/www2.bbs-me.de\/wp-content\/uploads\/2018\/03\/Steckbrief-FM.pdf' title='Steckbrief FM' target=\"_blank\" >Steckbrief FM<\/a><\/h4><\/header><div class='iconlist_content  '  itemprop=\"text\"  ><\/div><\/div><footer class=\"entry-footer\"><\/footer><\/article><div class='iconlist-timeline'><\/div><\/li>\n<li><div  style='background-color:#4392e8; ' class='iconlist_icon  avia-font-entypo-fontello'><span class='iconlist-char ' aria-hidden='true' data-av_icon='\ue82d' data-av_iconfont='entypo-fontello'><\/span><\/div><article class=\"article-icon-entry av-iconlist-empty\"  itemscope=\"itemscope\" itemtype=\"https:\/\/schema.org\/CreativeWork\" ><div class='iconlist_content_wrap'><header class=\"entry-content-header\"><h4 class='av_iconlist_title iconlist_title  av_inherit_color '  itemprop=\"headline\"   style='color:#000000; font-size:12px; '><a href='https:\/\/www2.bbs-me.de\/wp-content\/uploads\/2023\/06\/Buecherliste_Arbeitsmittel_FeMe_2023-2024.pdf' title='B\u00fccher und Arbeitsmittel' target=\"_blank\" >B\u00fccher und Arbeitsmittel<\/a><\/h4><\/header><div class='iconlist_content  '  itemprop=\"text\"  ><\/div><\/div><footer class=\"entry-footer\"><\/footer><\/article><div class='iconlist-timeline'><\/div><\/li>\n<\/ul><\/div><\/p><\/div>\n","protected":false},"excerpt":{"rendered":"","protected":false},"author":39,"featured_media":0,"parent":13266,"menu_order":2,"comment_status":"closed","ping_status":"closed","template":"","meta":{"footnotes":""},"page_category":[46],"yoast_head":"<!-- This site is optimized with the Yoast SEO plugin v22.8 - https:\/\/yoast.com\/wordpress\/plugins\/seo\/ -->\n<title>Fertigungsmechaniker - bbs|me<\/title>\n<meta name=\"robots\" content=\"index, follow, max-snippet:-1, max-image-preview:large, max-video-preview:-1\" \/>\n<link rel=\"canonical\" href=\"https:\/\/www2.bbs-me.de\/index.php\/berufsschule-metalltechnik\/team-fertigungsmechaniker\/fertigungsmechaniker\/\" \/>\n<meta property=\"og:locale\" content=\"de_DE\" \/>\n<meta property=\"og:type\" content=\"article\" \/>\n<meta property=\"og:title\" content=\"Fertigungsmechaniker - bbs|me\" \/>\n<meta property=\"og:url\" content=\"https:\/\/www2.bbs-me.de\/index.php\/berufsschule-metalltechnik\/team-fertigungsmechaniker\/fertigungsmechaniker\/\" \/>\n<meta property=\"og:site_name\" content=\"bbs|me\" \/>\n<meta property=\"article:modified_time\" content=\"2023-06-23T10:50:21+00:00\" \/>\n<meta name=\"twitter:card\" content=\"summary_large_image\" \/>\n<meta name=\"twitter:label1\" content=\"Gesch\u00e4tzte Lesezeit\" \/>\n\t<meta name=\"twitter:data1\" content=\"4\u00a0Minuten\" \/>\n<script type=\"application\/ld+json\" class=\"yoast-schema-graph\">{\"@context\":\"https:\/\/schema.org\",\"@graph\":[{\"@type\":\"WebPage\",\"@id\":\"https:\/\/www2.bbs-me.de\/index.php\/berufsschule-metalltechnik\/team-fertigungsmechaniker\/fertigungsmechaniker\/\",\"url\":\"https:\/\/www2.bbs-me.de\/index.php\/berufsschule-metalltechnik\/team-fertigungsmechaniker\/fertigungsmechaniker\/\",\"name\":\"Fertigungsmechaniker - bbs|me\",\"isPartOf\":{\"@id\":\"https:\/\/www2.bbs-me.de\/#website\"},\"datePublished\":\"2018-03-07T12:32:45+00:00\",\"dateModified\":\"2023-06-23T10:50:21+00:00\",\"breadcrumb\":{\"@id\":\"https:\/\/www2.bbs-me.de\/index.php\/berufsschule-metalltechnik\/team-fertigungsmechaniker\/fertigungsmechaniker\/#breadcrumb\"},\"inLanguage\":\"de\",\"potentialAction\":[{\"@type\":\"ReadAction\",\"target\":[\"https:\/\/www2.bbs-me.de\/index.php\/berufsschule-metalltechnik\/team-fertigungsmechaniker\/fertigungsmechaniker\/\"]}]},{\"@type\":\"BreadcrumbList\",\"@id\":\"https:\/\/www2.bbs-me.de\/index.php\/berufsschule-metalltechnik\/team-fertigungsmechaniker\/fertigungsmechaniker\/#breadcrumb\",\"itemListElement\":[{\"@type\":\"ListItem\",\"position\":1,\"name\":\"Startseite\",\"item\":\"https:\/\/www2.bbs-me.de\/\"},{\"@type\":\"ListItem\",\"position\":2,\"name\":\"Berufsschule Metalltechnik\",\"item\":\"https:\/\/www2.bbs-me.de\/index.php\/berufsschule-metalltechnik\/\"},{\"@type\":\"ListItem\",\"position\":3,\"name\":\"BG Fertigungsmechaniker\",\"item\":\"https:\/\/www2.bbs-me.de\/index.php\/berufsschule-metalltechnik\/team-fertigungsmechaniker\/\"},{\"@type\":\"ListItem\",\"position\":4,\"name\":\"Fertigungsmechaniker\"}]},{\"@type\":\"WebSite\",\"@id\":\"https:\/\/www2.bbs-me.de\/#website\",\"url\":\"https:\/\/www2.bbs-me.de\/\",\"name\":\"bbs|me\",\"description\":\"Otto-Brenner-Schule - Berufsbildende Schule Metalltechnik \u2022 Elektrotechnik der Region Hannover\",\"potentialAction\":[{\"@type\":\"SearchAction\",\"target\":{\"@type\":\"EntryPoint\",\"urlTemplate\":\"https:\/\/www2.bbs-me.de\/?s={search_term_string}\"},\"query-input\":\"required name=search_term_string\"}],\"inLanguage\":\"de\"}]}<\/script>\n<!-- \/ Yoast SEO plugin. -->","yoast_head_json":{"title":"Fertigungsmechaniker - bbs|me","robots":{"index":"index","follow":"follow","max-snippet":"max-snippet:-1","max-image-preview":"max-image-preview:large","max-video-preview":"max-video-preview:-1"},"canonical":"https:\/\/www2.bbs-me.de\/index.php\/berufsschule-metalltechnik\/team-fertigungsmechaniker\/fertigungsmechaniker\/","og_locale":"de_DE","og_type":"article","og_title":"Fertigungsmechaniker - bbs|me","og_url":"https:\/\/www2.bbs-me.de\/index.php\/berufsschule-metalltechnik\/team-fertigungsmechaniker\/fertigungsmechaniker\/","og_site_name":"bbs|me","article_modified_time":"2023-06-23T10:50:21+00:00","twitter_card":"summary_large_image","twitter_misc":{"Gesch\u00e4tzte Lesezeit":"4\u00a0Minuten"},"schema":{"@context":"https:\/\/schema.org","@graph":[{"@type":"WebPage","@id":"https:\/\/www2.bbs-me.de\/index.php\/berufsschule-metalltechnik\/team-fertigungsmechaniker\/fertigungsmechaniker\/","url":"https:\/\/www2.bbs-me.de\/index.php\/berufsschule-metalltechnik\/team-fertigungsmechaniker\/fertigungsmechaniker\/","name":"Fertigungsmechaniker - bbs|me","isPartOf":{"@id":"https:\/\/www2.bbs-me.de\/#website"},"datePublished":"2018-03-07T12:32:45+00:00","dateModified":"2023-06-23T10:50:21+00:00","breadcrumb":{"@id":"https:\/\/www2.bbs-me.de\/index.php\/berufsschule-metalltechnik\/team-fertigungsmechaniker\/fertigungsmechaniker\/#breadcrumb"},"inLanguage":"de","potentialAction":[{"@type":"ReadAction","target":["https:\/\/www2.bbs-me.de\/index.php\/berufsschule-metalltechnik\/team-fertigungsmechaniker\/fertigungsmechaniker\/"]}]},{"@type":"BreadcrumbList","@id":"https:\/\/www2.bbs-me.de\/index.php\/berufsschule-metalltechnik\/team-fertigungsmechaniker\/fertigungsmechaniker\/#breadcrumb","itemListElement":[{"@type":"ListItem","position":1,"name":"Startseite","item":"https:\/\/www2.bbs-me.de\/"},{"@type":"ListItem","position":2,"name":"Berufsschule Metalltechnik","item":"https:\/\/www2.bbs-me.de\/index.php\/berufsschule-metalltechnik\/"},{"@type":"ListItem","position":3,"name":"BG Fertigungsmechaniker","item":"https:\/\/www2.bbs-me.de\/index.php\/berufsschule-metalltechnik\/team-fertigungsmechaniker\/"},{"@type":"ListItem","position":4,"name":"Fertigungsmechaniker"}]},{"@type":"WebSite","@id":"https:\/\/www2.bbs-me.de\/#website","url":"https:\/\/www2.bbs-me.de\/","name":"bbs|me","description":"Otto-Brenner-Schule - Berufsbildende Schule Metalltechnik \u2022 Elektrotechnik der Region Hannover","potentialAction":[{"@type":"SearchAction","target":{"@type":"EntryPoint","urlTemplate":"https:\/\/www2.bbs-me.de\/?s={search_term_string}"},"query-input":"required name=search_term_string"}],"inLanguage":"de"}]}},"publishpress_future_action":{"enabled":false,"date":"2026-04-12 22:27:30","action":"change-status","newStatus":"draft","terms":[],"taxonomy":"page_category"},"_links":{"self":[{"href":"https:\/\/www2.bbs-me.de\/index.php\/wp-json\/wp\/v2\/pages\/13344"}],"collection":[{"href":"https:\/\/www2.bbs-me.de\/index.php\/wp-json\/wp\/v2\/pages"}],"about":[{"href":"https:\/\/www2.bbs-me.de\/index.php\/wp-json\/wp\/v2\/types\/page"}],"author":[{"embeddable":true,"href":"https:\/\/www2.bbs-me.de\/index.php\/wp-json\/wp\/v2\/users\/39"}],"replies":[{"embeddable":true,"href":"https:\/\/www2.bbs-me.de\/index.php\/wp-json\/wp\/v2\/comments?post=13344"}],"version-history":[{"count":35,"href":"https:\/\/www2.bbs-me.de\/index.php\/wp-json\/wp\/v2\/pages\/13344\/revisions"}],"predecessor-version":[{"id":26353,"href":"https:\/\/www2.bbs-me.de\/index.php\/wp-json\/wp\/v2\/pages\/13344\/revisions\/26353"}],"up":[{"embeddable":true,"href":"https:\/\/www2.bbs-me.de\/index.php\/wp-json\/wp\/v2\/pages\/13266"}],"wp:attachment":[{"href":"https:\/\/www2.bbs-me.de\/index.php\/wp-json\/wp\/v2\/media?parent=13344"}],"wp:term":[{"taxonomy":"page_category","embeddable":true,"href":"https:\/\/www2.bbs-me.de\/index.php\/wp-json\/wp\/v2\/page_category?post=13344"}],"curies":[{"name":"wp","href":"https:\/\/api.w.org\/{rel}","templated":true}]}}