{"id":14218,"date":"2018-05-27T20:38:42","date_gmt":"2018-05-27T18:38:42","guid":{"rendered":"https:\/\/www2.bbs-me.de\/?page_id=14218"},"modified":"2019-02-21T12:27:39","modified_gmt":"2019-02-21T11:27:39","slug":"berufsfelder-metallbau-konstruktionstechnik","status":"publish","type":"page","link":"https:\/\/www2.bbs-me.de\/index.php\/berufsfelder-metallbau-konstruktionstechnik\/","title":{"rendered":"Berufsfelder Metallbau \/ Konstruktionstechnik"},"content":{"rendered":"<div class=\"flex_column av_one_full  flex_column_div av-zero-column-padding first  avia-builder-el-0  el_before_av_tab_section  avia-builder-el-no-sibling  \" style='border-radius:0px; '><section class=\"av_textblock_section \"  itemscope=\"itemscope\" itemtype=\"https:\/\/schema.org\/CreativeWork\" ><div class='avia_textblock  '   itemprop=\"text\" ><h4>Berufsfelder<\/h4>\n<p>Auf dieser Seite erhalten Sie einen \u00dcberblick der Berufsfelder des Bildungsganges Metallbau.<\/p>\n<\/div><\/section><\/div>\n<\/div><\/div><\/div><!-- close content main div --><\/div><\/div><div id='av-tab-section-1'  class='av-tab-section-container entry-content-wrapper main_color av-tab-slide-transition   av-tab-above-content  avia-builder-el-2  el_after_av_one_full  avia-builder-el-last  submenu-not-first container_wrap sidebar_right' style=' '  ><div class='av-tab-section-outer-container'><div class='av-tab-section-tab-title-container avia-tab-title-padding-default av-custom-tab-color' style='background-color:#7bb0e7; color:#ffffff; '><a href='#metallbauer' data-av-tab-section-title='1' class='av-section-tab-title av-active-tab-title no-scroll av-tab-no-icon av-tab-no-image  '><span class='av-outer-tab-title'><span class='av-inner-tab-title'>Metallbauer<\/span><\/span><span class='av-tab-arrow-container'><span><\/span><\/span><\/a><a href='#konstruktionsmechaniker' data-av-tab-section-title='2' class='av-section-tab-title  av-tab-no-icon av-tab-no-image  '><span class='av-outer-tab-title'><span class='av-inner-tab-title'>Konstruktionsmechaniker<\/span><\/span><span class='av-tab-arrow-container'><span><\/span><\/span><\/a><\/div><div class='av-tab-section-inner-container avia-section-small' style='width:200vw; left:0%;'><span class='av_prev_tab_section av_tab_navigation'><\/span><span class='av_next_tab_section av_tab_navigation'><\/span>\n<div data-av-tab-section-content=\"1\" class=\"av-layout-tab av-animation-delay-container av-active-tab-content __av_init_open  avia-builder-el-3  el_before_av_tab_sub_section  avia-builder-el-first   \" style='vertical-align:top; background-color:#ffffff; ' data-av-tab-color='#ffffff' data-av-tab-bg-color='#ffffff'  data-tab-section-id=\"metallbauer\"><div class='av-layout-tab-inner'><div class='container'><section class=\"av_textblock_section \"  itemscope=\"itemscope\" itemtype=\"https:\/\/schema.org\/CreativeWork\" ><div class='avia_textblock  '   itemprop=\"text\" ><p><strong>Metallbauer\/innen<\/strong> stellen vielf\u00e4ltige Produkte aus Metall her. Sie arbeiten sowohl mit computergesteuerten Maschinen als auch mit traditionellen Schmiedetechniken.<\/p>\n<p>Metallbauer\/innen der Fachrichtung Konstruktionstechnik fertigen und montieren \u00dcberdachungen, Fassadenelemente, Tore, Fensterrahmen oder Schutzgitter aus Stahl oder anderen Metallen. H\u00e4ufig stellen sie Einzelst\u00fccke speziell nach Kundenwunsch her. Sie richten sich nach technischen Zeichnungen, wenn sie von Hand oder maschinell Leichtmetalle oder Stahl be-\u00ad und verarbeiten. Sie rei\u00dfen Metallplatten, \u2011rohre oder \u2011profile an, schneiden sie zu und formen sie. Dann schwei\u00dfen, nieten oder schrauben sie die einzelnen Bauteile zusammen. Bei der Montage vor Ort bauen sie auch Schlie\u00df\u00ad und Sicherheitsanlagen ein und installieren z.B. mechanische, hydraulische und elektrische Antriebe f\u00fcr Tor\u00ad oder Sonnenschutzanlagen. Au\u00dferdem warten sie ihre Produkte und halten sie instand.<\/p>\n<p>Im Bereich Metallgestaltung fertigen Metallbauer\/innen schm\u00fcckende Gegenst\u00e4nde wie Leuchten oder kunstvolle Fenstergitter. Sie verf\u00fcgen \u00fcber stilistisches Gesp\u00fcr und Grundlagenwissen in Kunstgeschichte. Wenn sie in der Konstruktionstechnik arbeiten, nehmen Metallbauer\/innen oft beim Kunden Messungen vor und erstellen Skizzen \u2013 beispielsweise wenn ein neues Gartentor bestellt wird. Die einzelnen Teile fertigen sie in der Werkstatt an.<\/p>\n<p>Im Nutzfahrzeugbau, zum Beispiel wenn sie Karosserien fertigen, \u00adm\u00fcssen Metallbauer\/innen sehr pr\u00e4zise arbeiten und genau die technischen Anforderungen erf\u00fcllen. Sonst passen die einzelnen Teile sp\u00e4ter nicht zusammen.<\/p>\n<\/div><\/section>\n<\/div><\/div><\/div><div data-av-tab-section-content=\"2\" class=\"av-layout-tab av-animation-delay-container   avia-builder-el-5  el_after_av_tab_sub_section  avia-builder-el-last   \" style='vertical-align:top; background-color:#ffffff; ' data-av-tab-color='#ffffff' data-av-tab-bg-color='#ffffff'  data-tab-section-id=\"konstruktionsmechaniker\"><div class='av-layout-tab-inner'><div class='container'><section class=\"av_textblock_section \"  itemscope=\"itemscope\" itemtype=\"https:\/\/schema.org\/CreativeWork\" ><div class='avia_textblock  '   itemprop=\"text\" ><p><span style=\"font-size: 10.0pt;font-family: 'Arial',sans-serif;color: #333333\"><strong>Konstruktionsmechaniker\/innen<\/strong> fertigen Stahl- oder Blechkonstruktionen, die aus vielen Einzelteilen bestehen. Aufz\u00fcge, Kr\u00e4ne, Br\u00fccken oder sogar ganze Bohrinseln bauen sie dann vor Ort zusammen.<\/span><\/p>\n<p><span style=\"font-size: 10.0pt;font-family: 'Arial',sans-serif;color: #333333\">Anhand von technischen Zeichnungen und sogenannten St\u00fccklisten, auf denen jedes Einzelteil verzeichnet ist, schneiden Konstruktionsmechaniker\/innen Stahltr\u00e4ger und Bleche genau nach Ma\u00df zu. Sie biegen die Teile und bringen Bohrungen an, um sie sp\u00e4ter verschrauben zu k\u00f6nnen<a href=\"http:\/\/sachverstaendigen-zentrale.de\/kfz-gutachten\/\">.<\/a> Dabei arbeiten sie mit Brennschneidern, S\u00e4gen und computergesteuerten Maschinen und Industrielasern.<\/span><\/p>\n<p><span style=\"font-size: 10.0pt;font-family: 'Arial',sans-serif;color: #333333\">Auf der Baustelle montieren und verschwei\u00dfen Kon\u00adstruktionsmechaniker\/innen dann die Einzelteile oder die im Betrieb vorgefertigten Baugruppen. Gro\u00dfe und schwere Bauteile bewegen sie mit Hebeger\u00e4ten. Schlie\u00dflich \u00fcbergeben sie die Konstruktionen an die Kunden und erkl\u00e4ren ihnen die Bedienung. Auch die sp\u00e4tere Wartung der Produkte vor Ort kann zu den Aufgaben geh\u00f6ren. So kontrollieren Konstruktionsmechaniker\/innen bei Aufz\u00fcgen beispielsweise regelm\u00e4\u00dfig die elektronische Steuerung.<\/span><\/p>\n<\/div><\/section>\n<\/div><\/div><\/div><\/div><\/div><\/div>\n","protected":false},"excerpt":{"rendered":"","protected":false},"author":55,"featured_media":0,"parent":0,"menu_order":0,"comment_status":"closed","ping_status":"closed","template":"","meta":{"footnotes":""},"page_category":[],"yoast_head":"<!-- This site is optimized with the Yoast SEO plugin v22.8 - https:\/\/yoast.com\/wordpress\/plugins\/seo\/ -->\n<title>Berufsfelder Metallbau \/ Konstruktionstechnik - bbs|me<\/title>\n<meta name=\"robots\" content=\"index, follow, max-snippet:-1, max-image-preview:large, max-video-preview:-1\" \/>\n<link rel=\"canonical\" href=\"https:\/\/www2.bbs-me.de\/index.php\/berufsfelder-metallbau-konstruktionstechnik\/\" \/>\n<meta property=\"og:locale\" content=\"de_DE\" \/>\n<meta property=\"og:type\" content=\"article\" \/>\n<meta property=\"og:title\" content=\"Berufsfelder Metallbau \/ Konstruktionstechnik - bbs|me\" \/>\n<meta property=\"og:url\" content=\"https:\/\/www2.bbs-me.de\/index.php\/berufsfelder-metallbau-konstruktionstechnik\/\" \/>\n<meta property=\"og:site_name\" content=\"bbs|me\" \/>\n<meta property=\"article:modified_time\" content=\"2019-02-21T11:27:39+00:00\" \/>\n<meta name=\"twitter:card\" content=\"summary_large_image\" \/>\n<meta name=\"twitter:label1\" content=\"Gesch\u00e4tzte Lesezeit\" \/>\n\t<meta name=\"twitter:data1\" content=\"3\u00a0Minuten\" \/>\n<script type=\"application\/ld+json\" class=\"yoast-schema-graph\">{\"@context\":\"https:\/\/schema.org\",\"@graph\":[{\"@type\":\"WebPage\",\"@id\":\"https:\/\/www2.bbs-me.de\/index.php\/berufsfelder-metallbau-konstruktionstechnik\/\",\"url\":\"https:\/\/www2.bbs-me.de\/index.php\/berufsfelder-metallbau-konstruktionstechnik\/\",\"name\":\"Berufsfelder Metallbau \/ Konstruktionstechnik - bbs|me\",\"isPartOf\":{\"@id\":\"https:\/\/www2.bbs-me.de\/#website\"},\"datePublished\":\"2018-05-27T18:38:42+00:00\",\"dateModified\":\"2019-02-21T11:27:39+00:00\",\"breadcrumb\":{\"@id\":\"https:\/\/www2.bbs-me.de\/index.php\/berufsfelder-metallbau-konstruktionstechnik\/#breadcrumb\"},\"inLanguage\":\"de\",\"potentialAction\":[{\"@type\":\"ReadAction\",\"target\":[\"https:\/\/www2.bbs-me.de\/index.php\/berufsfelder-metallbau-konstruktionstechnik\/\"]}]},{\"@type\":\"BreadcrumbList\",\"@id\":\"https:\/\/www2.bbs-me.de\/index.php\/berufsfelder-metallbau-konstruktionstechnik\/#breadcrumb\",\"itemListElement\":[{\"@type\":\"ListItem\",\"position\":1,\"name\":\"Startseite\",\"item\":\"https:\/\/www2.bbs-me.de\/\"},{\"@type\":\"ListItem\",\"position\":2,\"name\":\"Berufsfelder Metallbau \/ Konstruktionstechnik\"}]},{\"@type\":\"WebSite\",\"@id\":\"https:\/\/www2.bbs-me.de\/#website\",\"url\":\"https:\/\/www2.bbs-me.de\/\",\"name\":\"bbs|me\",\"description\":\"Otto-Brenner-Schule - Berufsbildende Schule Metalltechnik \u2022 Elektrotechnik der Region Hannover\",\"potentialAction\":[{\"@type\":\"SearchAction\",\"target\":{\"@type\":\"EntryPoint\",\"urlTemplate\":\"https:\/\/www2.bbs-me.de\/?s={search_term_string}\"},\"query-input\":\"required name=search_term_string\"}],\"inLanguage\":\"de\"}]}<\/script>\n<!-- \/ Yoast SEO plugin. -->","yoast_head_json":{"title":"Berufsfelder Metallbau \/ Konstruktionstechnik - bbs|me","robots":{"index":"index","follow":"follow","max-snippet":"max-snippet:-1","max-image-preview":"max-image-preview:large","max-video-preview":"max-video-preview:-1"},"canonical":"https:\/\/www2.bbs-me.de\/index.php\/berufsfelder-metallbau-konstruktionstechnik\/","og_locale":"de_DE","og_type":"article","og_title":"Berufsfelder Metallbau \/ Konstruktionstechnik - bbs|me","og_url":"https:\/\/www2.bbs-me.de\/index.php\/berufsfelder-metallbau-konstruktionstechnik\/","og_site_name":"bbs|me","article_modified_time":"2019-02-21T11:27:39+00:00","twitter_card":"summary_large_image","twitter_misc":{"Gesch\u00e4tzte Lesezeit":"3\u00a0Minuten"},"schema":{"@context":"https:\/\/schema.org","@graph":[{"@type":"WebPage","@id":"https:\/\/www2.bbs-me.de\/index.php\/berufsfelder-metallbau-konstruktionstechnik\/","url":"https:\/\/www2.bbs-me.de\/index.php\/berufsfelder-metallbau-konstruktionstechnik\/","name":"Berufsfelder Metallbau \/ Konstruktionstechnik - bbs|me","isPartOf":{"@id":"https:\/\/www2.bbs-me.de\/#website"},"datePublished":"2018-05-27T18:38:42+00:00","dateModified":"2019-02-21T11:27:39+00:00","breadcrumb":{"@id":"https:\/\/www2.bbs-me.de\/index.php\/berufsfelder-metallbau-konstruktionstechnik\/#breadcrumb"},"inLanguage":"de","potentialAction":[{"@type":"ReadAction","target":["https:\/\/www2.bbs-me.de\/index.php\/berufsfelder-metallbau-konstruktionstechnik\/"]}]},{"@type":"BreadcrumbList","@id":"https:\/\/www2.bbs-me.de\/index.php\/berufsfelder-metallbau-konstruktionstechnik\/#breadcrumb","itemListElement":[{"@type":"ListItem","position":1,"name":"Startseite","item":"https:\/\/www2.bbs-me.de\/"},{"@type":"ListItem","position":2,"name":"Berufsfelder Metallbau \/ Konstruktionstechnik"}]},{"@type":"WebSite","@id":"https:\/\/www2.bbs-me.de\/#website","url":"https:\/\/www2.bbs-me.de\/","name":"bbs|me","description":"Otto-Brenner-Schule - Berufsbildende Schule Metalltechnik \u2022 Elektrotechnik der Region Hannover","potentialAction":[{"@type":"SearchAction","target":{"@type":"EntryPoint","urlTemplate":"https:\/\/www2.bbs-me.de\/?s={search_term_string}"},"query-input":"required name=search_term_string"}],"inLanguage":"de"}]}},"publishpress_future_action":{"enabled":false,"date":"2026-04-12 22:14:27","action":"change-status","newStatus":"draft","terms":[],"taxonomy":"page_category"},"_links":{"self":[{"href":"https:\/\/www2.bbs-me.de\/index.php\/wp-json\/wp\/v2\/pages\/14218"}],"collection":[{"href":"https:\/\/www2.bbs-me.de\/index.php\/wp-json\/wp\/v2\/pages"}],"about":[{"href":"https:\/\/www2.bbs-me.de\/index.php\/wp-json\/wp\/v2\/types\/page"}],"author":[{"embeddable":true,"href":"https:\/\/www2.bbs-me.de\/index.php\/wp-json\/wp\/v2\/users\/55"}],"replies":[{"embeddable":true,"href":"https:\/\/www2.bbs-me.de\/index.php\/wp-json\/wp\/v2\/comments?post=14218"}],"version-history":[{"count":3,"href":"https:\/\/www2.bbs-me.de\/index.php\/wp-json\/wp\/v2\/pages\/14218\/revisions"}],"predecessor-version":[{"id":16036,"href":"https:\/\/www2.bbs-me.de\/index.php\/wp-json\/wp\/v2\/pages\/14218\/revisions\/16036"}],"wp:attachment":[{"href":"https:\/\/www2.bbs-me.de\/index.php\/wp-json\/wp\/v2\/media?parent=14218"}],"wp:term":[{"taxonomy":"page_category","embeddable":true,"href":"https:\/\/www2.bbs-me.de\/index.php\/wp-json\/wp\/v2\/page_category?post=14218"}],"curies":[{"name":"wp","href":"https:\/\/api.w.org\/{rel}","templated":true}]}}