{"id":1571,"date":"2016-01-19T15:18:21","date_gmt":"2016-01-19T14:18:21","guid":{"rendered":"https:\/\/www2.bbs-me.de\/?page_id=1571"},"modified":"2017-04-05T10:06:13","modified_gmt":"2017-04-05T08:06:13","slug":"anfahrt","status":"publish","type":"page","link":"https:\/\/www2.bbs-me.de\/index.php\/anfahrt\/","title":{"rendered":"Anfahrt"},"content":{"rendered":"<section class=\"av_textblock_section \"  itemscope=\"itemscope\" itemtype=\"https:\/\/schema.org\/CreativeWork\" ><div class='avia_textblock  av_inherit_color '  style='font-size:34px; color:#111111; '  itemprop=\"text\" ><p>Anfahrt<\/p>\n<\/div><\/section>\n<\/div><\/div><\/div><!-- close content main div --><\/div><\/div><div id='av-layout-grid-1'  class='av-layout-grid-container entry-content-wrapper main_color av-flex-cells     avia-builder-el-1  el_after_av_textblock  el_before_av_codeblock  submenu-not-first container_wrap sidebar_right' style=' '  >\n<div class=\"flex_cell no_margin av_one_full  avia-builder-el-2  avia-builder-el-no-sibling   \"  style='vertical-align:top; padding:20px 30px 10px 48px ; ' ><div class='flex_cell_inner' ><section class=\"av_textblock_section \"  itemscope=\"itemscope\" itemtype=\"https:\/\/schema.org\/CreativeWork\" ><div class='avia_textblock  av_inherit_color '  style='color:#23870a; '  itemprop=\"text\" ><p><strong style=\"color: #111;\">Die bbs|me ist in zentraler Verkehrslage mit der Stadtbahn sehr gut erreichbar: Linien 3, 7, 9 und 17 Haltestellen Waterlooplatz, Allerweg oder Schwarzer B\u00e4r.<br \/>\nDas Geb\u00e4ude Goetheplatz 7 der Berufseinstiegsschule ist mit den Stadtbahnlinien 10 und 17 erreichbar.<\/strong><\/p>\n<p style=\"color: #cd0000;\">PKW-Stellpl\u00e4tze f\u00fcr Sch\u00fclerinnen und Sch\u00fcler gibt es auf dem Schulgel\u00e4nde nicht. Bitte weichen Sie auf den Sch\u00fctzenplatz aus.<\/p>\n<\/div><\/section>\n<\/div><\/div>\n<\/div><div id='after_submenu_1'  class='main_color av_default_container_wrap container_wrap sidebar_right' style=' '  ><div class='container' ><div class='template-page content  av-content-small alpha units'><div class='post-entry post-entry-type-page post-entry-1571'><div class='entry-content-wrapper clearfix'>\n\n<\/div><\/div><\/div><!-- close content main div --><\/div><\/div><div id='av-layout-grid-2'  class='av-layout-grid-container entry-content-wrapper main_color av-flex-cells     avia-builder-el-5  el_after_av_codeblock  avia-builder-el-last  submenu-not-first container_wrap sidebar_right' style=' '  >\n<div class=\"flex_cell no_margin av_one_third  avia-builder-el-6  el_before_av_cell_one_third  avia-builder-el-first   \"  style='vertical-align:top; padding:0px 0px 0px 48px ; ' ><div class='flex_cell_inner' ><p><section class=\"av_textblock_section \"  itemscope=\"itemscope\" itemtype=\"https:\/\/schema.org\/CreativeWork\" ><div class='avia_textblock  '   itemprop=\"text\" ><p><strong>A &#8211; Geb\u00e4ude Lavesallee 14<\/strong><\/p>\n<p>Allgemeine Verwaltung, Erstausbildung Metalltechnik,<\/p>\n<p>Berufsfachschule Assistenten\/innen f\u00fcr Informatik<\/p>\n<p>Berufsfachschule Elektrotechnische Assistenten\/innen<br \/>\n.<\/p>\n<p><strong>C &#8211; Trakt \/ 1.Obergeschoss:<\/strong><\/p>\n<p>Klassen Metallbearbeiter, Techn. Produktdesigner, Werkzeugmechaniker<\/p>\n<\/div><\/section><br \/>\n<div   class='hr hr-default   avia-builder-el-8  el_after_av_textblock  el_before_av_button '><span class='hr-inner ' ><span class='hr-inner-style'><\/span><\/span><\/div><br \/>\n<div  class='avia-button-wrap avia-button-center  avia-builder-el-9  el_after_av_hr  avia-builder-el-last ' ><a href='https:\/\/plaene.uestra.de\/index.php\/de\/karte' class='avia-button   avia-icon_select-yes-left-icon avia-color-green avia-size-large avia-position-center ' target=\"_blank\" rel=\"noopener\"><span class='avia_button_icon avia_button_icon_left ' aria-hidden='true' data-av_icon='\ue8aa' data-av_iconfont='entypo-fontello'><\/span><span class='avia_iconbox_title' >\u00dcstra-Fahrplan<\/span><\/a><\/div><\/p>\n<\/div><\/div><div class=\"flex_cell no_margin av_one_third  avia-builder-el-10  el_after_av_cell_one_third  el_before_av_cell_one_third   \"  style='vertical-align:top; padding:0px 30px 60px 30px ; ' ><div class='flex_cell_inner' ><div  class='avia-image-container  av-styling-    avia-builder-el-11  avia-builder-el-no-sibling  avia-align-center '  itemprop=\"image\" itemscope=\"itemscope\" itemtype=\"https:\/\/schema.org\/ImageObject\"  ><div class='avia-image-container-inner'><div class='avia-image-overlay-wrap'><img class='avia_image' src='https:\/\/www2.bbs-me.de\/wp-content\/uploads\/2016\/02\/814972a86c.gif' alt='' title='814972a86c' height=\"390\" width=\"300\"  itemprop=\"thumbnailUrl\"  \/><\/div><\/div><\/div>\n<\/div><\/div><div class=\"flex_cell no_margin av_one_third  avia-builder-el-12  el_after_av_cell_one_third  avia-builder-el-last   \"  style='vertical-align:top; padding:0px 30px 30px 81px ; ' ><div class='flex_cell_inner' ><p><section class=\"av_textblock_section \"  itemscope=\"itemscope\" itemtype=\"https:\/\/schema.org\/CreativeWork\" ><div class='avia_textblock  '   itemprop=\"text\" ><p><strong>H &#8211; Geb\u00e4ude Gustav-Bratke-Allee 1:<\/strong><\/p>\n<p>Berufsschule Elektrotechnik<\/p>\n<p>Technikerschule<\/p>\n<p>Berufliches Gymnasium Technik<\/p>\n<p>Fachoberschule Technik<br \/>\n.<\/p>\n<p><strong>L &#8211; Labore<\/strong><\/p>\n<p><strong>W &#8211; Werkstatt Metall<\/strong><\/p>\n<\/div><\/section><br \/>\n<div   class='hr hr-default   avia-builder-el-14  el_after_av_textblock  el_before_av_textblock '><span class='hr-inner ' ><span class='hr-inner-style'><\/span><\/span><\/div><br \/>\n<section class=\"av_textblock_section \"  itemscope=\"itemscope\" itemtype=\"https:\/\/schema.org\/CreativeWork\" ><div class='avia_textblock  '   itemprop=\"text\" ><p><strong>Goetheplatz 7 &#8211; <\/strong><strong>Berufseinstiegsschule<\/strong><\/p>\n<p>Berufsvorbereitungsjahr (BVJ)<\/p>\n<p>Berufseinstiegsklasse (BEK)<\/p>\n<p>Sprachlern- und Integrationsklassen<\/p>\n<\/div><\/section><\/p>\n<\/div><\/div>\n<\/div>\n","protected":false},"excerpt":{"rendered":"","protected":false},"author":1,"featured_media":0,"parent":0,"menu_order":0,"comment_status":"closed","ping_status":"closed","template":"","meta":{"footnotes":""},"page_category":[99],"yoast_head":"<!-- This site is optimized with the Yoast SEO plugin v22.8 - https:\/\/yoast.com\/wordpress\/plugins\/seo\/ -->\n<title>Anfahrt - bbs|me<\/title>\n<meta name=\"robots\" content=\"index, follow, max-snippet:-1, max-image-preview:large, max-video-preview:-1\" \/>\n<link rel=\"canonical\" href=\"https:\/\/www2.bbs-me.de\/index.php\/anfahrt\/\" \/>\n<meta property=\"og:locale\" content=\"de_DE\" \/>\n<meta property=\"og:type\" content=\"article\" \/>\n<meta property=\"og:title\" content=\"Anfahrt - bbs|me\" \/>\n<meta property=\"og:url\" content=\"https:\/\/www2.bbs-me.de\/index.php\/anfahrt\/\" \/>\n<meta property=\"og:site_name\" content=\"bbs|me\" \/>\n<meta property=\"article:modified_time\" content=\"2017-04-05T08:06:13+00:00\" \/>\n<meta name=\"twitter:card\" content=\"summary_large_image\" \/>\n<meta name=\"twitter:label1\" content=\"Gesch\u00e4tzte Lesezeit\" \/>\n\t<meta name=\"twitter:data1\" content=\"3\u00a0Minuten\" \/>\n<script type=\"application\/ld+json\" class=\"yoast-schema-graph\">{\"@context\":\"https:\/\/schema.org\",\"@graph\":[{\"@type\":\"WebPage\",\"@id\":\"https:\/\/www2.bbs-me.de\/index.php\/anfahrt\/\",\"url\":\"https:\/\/www2.bbs-me.de\/index.php\/anfahrt\/\",\"name\":\"Anfahrt - bbs|me\",\"isPartOf\":{\"@id\":\"https:\/\/www2.bbs-me.de\/#website\"},\"datePublished\":\"2016-01-19T14:18:21+00:00\",\"dateModified\":\"2017-04-05T08:06:13+00:00\",\"breadcrumb\":{\"@id\":\"https:\/\/www2.bbs-me.de\/index.php\/anfahrt\/#breadcrumb\"},\"inLanguage\":\"de\",\"potentialAction\":[{\"@type\":\"ReadAction\",\"target\":[\"https:\/\/www2.bbs-me.de\/index.php\/anfahrt\/\"]}]},{\"@type\":\"BreadcrumbList\",\"@id\":\"https:\/\/www2.bbs-me.de\/index.php\/anfahrt\/#breadcrumb\",\"itemListElement\":[{\"@type\":\"ListItem\",\"position\":1,\"name\":\"Startseite\",\"item\":\"https:\/\/www2.bbs-me.de\/\"},{\"@type\":\"ListItem\",\"position\":2,\"name\":\"Anfahrt\"}]},{\"@type\":\"WebSite\",\"@id\":\"https:\/\/www2.bbs-me.de\/#website\",\"url\":\"https:\/\/www2.bbs-me.de\/\",\"name\":\"bbs|me\",\"description\":\"Otto-Brenner-Schule - Berufsbildende Schule Metalltechnik \u2022 Elektrotechnik der Region Hannover\",\"potentialAction\":[{\"@type\":\"SearchAction\",\"target\":{\"@type\":\"EntryPoint\",\"urlTemplate\":\"https:\/\/www2.bbs-me.de\/?s={search_term_string}\"},\"query-input\":\"required name=search_term_string\"}],\"inLanguage\":\"de\"}]}<\/script>\n<!-- \/ Yoast SEO plugin. -->","yoast_head_json":{"title":"Anfahrt - bbs|me","robots":{"index":"index","follow":"follow","max-snippet":"max-snippet:-1","max-image-preview":"max-image-preview:large","max-video-preview":"max-video-preview:-1"},"canonical":"https:\/\/www2.bbs-me.de\/index.php\/anfahrt\/","og_locale":"de_DE","og_type":"article","og_title":"Anfahrt - bbs|me","og_url":"https:\/\/www2.bbs-me.de\/index.php\/anfahrt\/","og_site_name":"bbs|me","article_modified_time":"2017-04-05T08:06:13+00:00","twitter_card":"summary_large_image","twitter_misc":{"Gesch\u00e4tzte Lesezeit":"3\u00a0Minuten"},"schema":{"@context":"https:\/\/schema.org","@graph":[{"@type":"WebPage","@id":"https:\/\/www2.bbs-me.de\/index.php\/anfahrt\/","url":"https:\/\/www2.bbs-me.de\/index.php\/anfahrt\/","name":"Anfahrt - bbs|me","isPartOf":{"@id":"https:\/\/www2.bbs-me.de\/#website"},"datePublished":"2016-01-19T14:18:21+00:00","dateModified":"2017-04-05T08:06:13+00:00","breadcrumb":{"@id":"https:\/\/www2.bbs-me.de\/index.php\/anfahrt\/#breadcrumb"},"inLanguage":"de","potentialAction":[{"@type":"ReadAction","target":["https:\/\/www2.bbs-me.de\/index.php\/anfahrt\/"]}]},{"@type":"BreadcrumbList","@id":"https:\/\/www2.bbs-me.de\/index.php\/anfahrt\/#breadcrumb","itemListElement":[{"@type":"ListItem","position":1,"name":"Startseite","item":"https:\/\/www2.bbs-me.de\/"},{"@type":"ListItem","position":2,"name":"Anfahrt"}]},{"@type":"WebSite","@id":"https:\/\/www2.bbs-me.de\/#website","url":"https:\/\/www2.bbs-me.de\/","name":"bbs|me","description":"Otto-Brenner-Schule - Berufsbildende Schule Metalltechnik \u2022 Elektrotechnik der Region Hannover","potentialAction":[{"@type":"SearchAction","target":{"@type":"EntryPoint","urlTemplate":"https:\/\/www2.bbs-me.de\/?s={search_term_string}"},"query-input":"required name=search_term_string"}],"inLanguage":"de"}]}},"publishpress_future_action":{"enabled":false,"date":"2026-04-12 18:34:24","action":"change-status","newStatus":"draft","terms":[],"taxonomy":"page_category"},"_links":{"self":[{"href":"https:\/\/www2.bbs-me.de\/index.php\/wp-json\/wp\/v2\/pages\/1571"}],"collection":[{"href":"https:\/\/www2.bbs-me.de\/index.php\/wp-json\/wp\/v2\/pages"}],"about":[{"href":"https:\/\/www2.bbs-me.de\/index.php\/wp-json\/wp\/v2\/types\/page"}],"author":[{"embeddable":true,"href":"https:\/\/www2.bbs-me.de\/index.php\/wp-json\/wp\/v2\/users\/1"}],"replies":[{"embeddable":true,"href":"https:\/\/www2.bbs-me.de\/index.php\/wp-json\/wp\/v2\/comments?post=1571"}],"version-history":[{"count":119,"href":"https:\/\/www2.bbs-me.de\/index.php\/wp-json\/wp\/v2\/pages\/1571\/revisions"}],"predecessor-version":[{"id":23116,"href":"https:\/\/www2.bbs-me.de\/index.php\/wp-json\/wp\/v2\/pages\/1571\/revisions\/23116"}],"wp:attachment":[{"href":"https:\/\/www2.bbs-me.de\/index.php\/wp-json\/wp\/v2\/media?parent=1571"}],"wp:term":[{"taxonomy":"page_category","embeddable":true,"href":"https:\/\/www2.bbs-me.de\/index.php\/wp-json\/wp\/v2\/page_category?post=1571"}],"curies":[{"name":"wp","href":"https:\/\/api.w.org\/{rel}","templated":true}]}}