{"id":1630,"date":"2016-01-20T09:16:43","date_gmt":"2016-01-20T08:16:43","guid":{"rendered":"https:\/\/www2.bbs-me.de\/?page_id=1630"},"modified":"2025-06-27T07:39:09","modified_gmt":"2025-06-27T05:39:09","slug":"kontakt","status":"publish","type":"page","link":"https:\/\/www2.bbs-me.de\/index.php\/kontakt\/","title":{"rendered":"Kontakt"},"content":{"rendered":"<div id='kontakt'  class='av-layout-grid-container entry-content-wrapper main_color av-flex-cells     avia-builder-el-0  el_before_av_layout_row  avia-builder-el-first  container_wrap sidebar_right' style=' '  >\n<div class=\"flex_cell no_margin av_two_third  avia-builder-el-1  el_before_av_cell_one_third  avia-builder-el-first   \"  style='vertical-align:middle; padding:20px 49px 0px 47px ; ' ><div class='flex_cell_inner' ><div  class='avia-icon-list-container   avia-builder-el-2  avia-builder-el-no-sibling '><ul class='avia-icon-list avia-icon-list-right av-iconlist-big avia_animate_when_almost_visible avia-iconlist-animate'>\n<li><div  style='background-color:#ffffff; border:1px solid #ffffff; color:#ffffff; ' class='iconlist_icon  avia-font-entypo-fontello'><span class='iconlist-char ' aria-hidden='true' data-av_icon='\ue856' data-av_iconfont='entypo-fontello'><\/span><\/div><article class=\"article-icon-entry \"  itemscope=\"itemscope\" itemtype=\"https:\/\/schema.org\/CreativeWork\" ><div class='iconlist_content_wrap'><header class=\"entry-content-header\"><\/header><div class='iconlist_content av_inherit_color '  itemprop=\"text\"   style='color:#111111; '><p style=\"font-size: 34px;margin-right: 520px\">Kontakt<\/p>\n<\/div><\/div><footer class=\"entry-footer\"><\/footer><\/article><div class='iconlist-timeline'><\/div><\/li>\n<\/ul><\/div>\n<\/div><\/div><div class=\"flex_cell no_margin av_one_third  avia-builder-el-3  el_after_av_cell_two_third  avia-builder-el-last   \"  style='vertical-align:top; padding:54px 49px 30px 0px ; ' ><div class='flex_cell_inner' ><section class=\"av_textblock_section \"  itemscope=\"itemscope\" itemtype=\"https:\/\/schema.org\/CreativeWork\" ><div class='avia_textblock  av_inherit_color '  style='font-size:12px; color:#ffffff; '  itemprop=\"text\" ><p><strong style=\"color: #fff;margin-left: 10px\">Berufsbildende Schule Metalltechnik \u2022 Elektrotechnik <\/strong><br \/>\n<strong style=\"color: #fff;margin-left: 10px\">der Region Hannover <\/strong><br \/>\n<strong style=\"color: #fff;margin-left: 10px\">Otto-Brenner-Schule<\/strong><br \/>\n<strong style=\"color: #fff;margin-left: 10px\">Lavesallee 14, 30169 Hannover<\/strong><br \/>\n<strong style=\"color: #fff;margin-left: 10px\">mail@bbs-me.de <\/strong><\/p>\n<\/div><\/section>\n<\/div><\/div>\n<\/div>\n<div id='av-layout-grid-2'  class='av-layout-grid-container entry-content-wrapper main_color av-flex-cells     avia-builder-el-5  el_after_av_layout_row  el_before_av_layout_row  submenu-not-first container_wrap sidebar_right' style=' '  >\n<div class=\"flex_cell no_margin av_three_fifth  avia-builder-el-6  el_before_av_cell_two_fifth  avia-builder-el-first   \" ><div class='flex_cell_inner' ><p><section class=\"av_textblock_section \"  itemscope=\"itemscope\" itemtype=\"https:\/\/schema.org\/CreativeWork\" ><div class='avia_textblock  '   itemprop=\"text\" ><p><strong style=\"color: #111;font-size: 17px\">G<\/strong><strong style=\"color: #111;font-size: 17px\">esch\u00e4ftszimmer<\/strong><\/p>\n<h1>\u00d6ffnungszeiten in den Sommerferien 2025<br \/>\nMontag bis Freitag: 08:00 -12:00 Uhr<\/h1>\n<h1><span style=\"color: #ff0000\">In der Zeit vom 14.07. bis einschlie\u00dflich 25.07.2025 bleibt unser Gesch\u00e4ftszimmer geschlossen. Vielen Dank f\u00fcr Ihr Verst\u00e4ndnis.<\/span><\/h1>\n<div  style='height:35px' class='hr hr-invisible   avia-builder-el-8  avia-builder-el-no-sibling '><span class='hr-inner ' ><span class='hr-inner-style'><\/span><\/span><\/div>\n<\/div><\/section><br \/>\n<article  class=\"iconbox iconbox_left    avia-builder-el-9  el_after_av_textblock  avia-builder-el-last  \"  itemscope=\"itemscope\" itemtype=\"https:\/\/schema.org\/CreativeWork\" ><div class=\"iconbox_content\"><header class=\"entry-content-header\"><div class=\"iconbox_icon heading-color\" aria-hidden='true' data-av_icon='\ue854' data-av_iconfont='entypo-fontello'  ><\/div><h3 class='iconbox_content_title  '  itemprop=\"headline\"   style='font-size:14px; '>Telefonisch k\u00f6nnen Sie uns zu folgenden Zeiten erreichen:<\/h3><\/header><div class='iconbox_content_container  '  itemprop=\"text\"  ><ul>\n<li>Montag bis Freitag: 07:30 \u2013 12:00 Uhr<\/li>\n<li>Montag und Donnerstag (zus\u00e4tzlich): 13:00 \u2013 15:00 Uhr<\/li>\n<\/ul>\n<\/div><\/div><footer class=\"entry-footer\"><\/footer><\/article><\/p>\n<\/div><\/div><div class=\"flex_cell no_margin av_two_fifth  avia-builder-el-10  el_after_av_cell_three_fifth  avia-builder-el-last   \" ><div class='flex_cell_inner' ><\/div><\/div><\/div><div id='av-layout-grid-3'  class='av-layout-grid-container entry-content-wrapper main_color av-flex-cells     avia-builder-el-11  el_after_av_layout_row  el_before_av_layout_row  submenu-not-first container_wrap sidebar_right' style=' '  >\n<div class=\"flex_cell no_margin av_one_half  avia-builder-el-12  el_before_av_cell_one_fourth  avia-builder-el-first   \" ><div class='flex_cell_inner' ><p><section class=\"av_textblock_section \"  itemscope=\"itemscope\" itemtype=\"https:\/\/schema.org\/CreativeWork\" ><div class='avia_textblock  '   itemprop=\"text\" ><p><strong style=\"color: #111\">Gesch\u00e4ftszimmer<\/strong><br \/>\n<strong style=\"color: #111\">Lavesallee 14, Raum A113<br \/>\n<\/strong><\/p>\n<p>Allgemeine Verwaltung, Duale Ausbildung Metalltechnik, Duale Ausbildung Elektrotechnik, Berufsfachschulen, Fachoberschule Technik, Berufliches Gymnasium Technik, Technikerschule<\/p>\n<p><strong style=\"color: #111\">Tel. 0511 26099 100<\/strong><br \/>\n<strong style=\"color: #111\">Fax 0511 26099 105<\/strong><\/p>\n<\/div><\/section><br \/>\n<section class=\"av_textblock_section \"  itemscope=\"itemscope\" itemtype=\"https:\/\/schema.org\/CreativeWork\" ><div class='avia_textblock  '   itemprop=\"text\" ><p><strong style=\"color: #111\">\u00d6ffnungszeiten<\/strong><\/p>\n<p>Montag bis Donnerstag: <em>07:30 &#8211; 12:00 Uhr <\/em>und <em>12:30 &#8211; 15:00 Uhr<\/em><\/p>\n<p>Freitag: <em>07:30 &#8211; 12:30 Uhr<\/em><\/p>\n<\/div><\/section><\/p>\n<\/div><\/div><div class=\"flex_cell no_margin av_one_fourth  avia-builder-el-15  el_after_av_cell_one_half  el_before_av_cell_one_fourth   \" ><div class='flex_cell_inner' ><p><div  class='avia-image-container  av-styling-    avia-builder-el-16  el_before_av_textblock  avia-builder-el-first  avia-align-center '  itemprop=\"image\" itemscope=\"itemscope\" itemtype=\"https:\/\/schema.org\/ImageObject\"  ><div class='avia-image-container-inner'><div class='avia-image-overlay-wrap'><img class='avia_image' src='https:\/\/www2.bbs-me.de\/wp-content\/uploads\/2022\/12\/Kaminski_S_236x272.jpg' alt='' title='Kaminski_S_236x272' height=\"272\" width=\"236\"  itemprop=\"thumbnailUrl\"  \/><\/div><\/div><\/div><br \/>\n<section class=\"av_textblock_section \"  itemscope=\"itemscope\" itemtype=\"https:\/\/schema.org\/CreativeWork\" ><div class='avia_textblock  '   itemprop=\"text\" ><p><a href=\"mailto:Kaminski@bbs-me.de\">S. Kaminski<\/a><\/p>\n<p>Tel. 0511 26099 101<\/p>\n<\/div><\/section><\/p>\n<\/div><\/div><div class=\"flex_cell no_margin av_one_fourth  avia-builder-el-18  el_after_av_cell_one_fourth  avia-builder-el-last   \"  style='vertical-align:top; padding:30px; ' ><div class='flex_cell_inner' ><p><div  class='avia-image-container  av-styling-    avia-builder-el-19  el_before_av_textblock  avia-builder-el-first  avia-align-center '  itemprop=\"image\" itemscope=\"itemscope\" itemtype=\"https:\/\/schema.org\/ImageObject\"  ><div class='avia-image-container-inner'><div class='avia-image-overlay-wrap'><img class='avia_image' src='https:\/\/www2.bbs-me.de\/wp-content\/uploads\/2024\/06\/Haug-K_236x272.jpg' alt='' title='Haug-K_236x272' height=\"272\" width=\"236\"  itemprop=\"thumbnailUrl\"  \/><\/div><\/div><\/div><br \/>\n<section class=\"av_textblock_section \"  itemscope=\"itemscope\" itemtype=\"https:\/\/schema.org\/CreativeWork\" ><div class='avia_textblock  '   itemprop=\"text\" ><p><a href=\"mailto:Haug-Kuehne@bbs-me.de\">E. Haug-K\u00fchne<\/a><\/p>\n<p>Tel. 0511 26099 103<\/p>\n<\/div><\/section><\/p>\n<\/div><\/div>\n<\/div><\/p>\n<div id='av-layout-grid-4'  class='av-layout-grid-container entry-content-wrapper main_color av-flex-cells     avia-builder-el-21  el_after_av_layout_row  el_before_av_layout_row  submenu-not-first container_wrap sidebar_right' style=' '  >\n<div class=\"flex_cell no_margin av_one_half  avia-builder-el-22  el_before_av_cell_one_fourth  avia-builder-el-first   \" ><div class='flex_cell_inner' ><\/div><\/div><div class=\"flex_cell no_margin av_one_fourth  avia-builder-el-23  el_after_av_cell_one_half  el_before_av_cell_one_fourth   \" ><div class='flex_cell_inner' ><p><div  class='avia-image-container  av-styling-    avia-builder-el-24  el_before_av_textblock  avia-builder-el-first  avia-align-center '  itemprop=\"image\" itemscope=\"itemscope\" itemtype=\"https:\/\/schema.org\/ImageObject\"  ><div class='avia-image-container-inner'><div class='avia-image-overlay-wrap'><img class='avia_image' src='https:\/\/www2.bbs-me.de\/wp-content\/uploads\/2024\/12\/Schultze-K_236x272.jpg' alt='' title='Schultze, K_236x272' height=\"272\" width=\"236\"  itemprop=\"thumbnailUrl\"  \/><\/div><\/div><\/div><br \/>\n<section class=\"av_textblock_section \"  itemscope=\"itemscope\" itemtype=\"https:\/\/schema.org\/CreativeWork\" ><div class='avia_textblock  '   itemprop=\"text\" ><p><a href=\"mailto:Schultze@bbs-me.de\">K. Schultze<\/a><\/p>\n<p>Tel. 0511 26099 106<\/p>\n<\/div><\/section><\/p>\n<\/div><\/div><div class=\"flex_cell no_margin av_one_fourth  avia-builder-el-26  el_after_av_cell_one_fourth  avia-builder-el-last   \"  style='vertical-align:top; padding:30px; ' ><div class='flex_cell_inner' ><p><div  class='avia-image-container  av-styling-    avia-builder-el-27  el_before_av_textblock  avia-builder-el-first  avia-align-center '  itemprop=\"image\" itemscope=\"itemscope\" itemtype=\"https:\/\/schema.org\/ImageObject\"  ><div class='avia-image-container-inner'><div class='avia-image-overlay-wrap'><img class='avia_image' src='https:\/\/www2.bbs-me.de\/wp-content\/uploads\/2025\/02\/Schiffko_A_236x272_a.jpg' alt='' title='Schiffko_A_236x272_a' height=\"272\" width=\"236\"  itemprop=\"thumbnailUrl\"  \/><\/div><\/div><\/div><br \/>\n<section class=\"av_textblock_section \"  itemscope=\"itemscope\" itemtype=\"https:\/\/schema.org\/CreativeWork\" ><div class='avia_textblock  '   itemprop=\"text\" ><p><a href=\"mailto:Schiffko@bbs-me.de\">A. Schiffko<\/a><\/p>\n<p>Tel. 0511 26099 100<\/p>\n<\/div><\/section><\/p>\n<\/div><\/div>\n<\/div>\n<div id='av-layout-grid-5'  class='av-layout-grid-container entry-content-wrapper main_color av-flex-cells     avia-builder-el-29  el_after_av_layout_row  el_before_av_layout_row  submenu-not-first container_wrap sidebar_right' style=' '  >\n<div class=\"flex_cell no_margin av_one_half  avia-builder-el-30  el_before_av_cell_one_fourth  avia-builder-el-first   \" ><div class='flex_cell_inner' ><p><section class=\"av_textblock_section \"  itemscope=\"itemscope\" itemtype=\"https:\/\/schema.org\/CreativeWork\" ><div class='avia_textblock  '   itemprop=\"text\" ><p><span style=\"color: #000000\"><strong>Gesch\u00e4ftszimmer<br \/>\nGoetheplatz 7, Raum C109<\/strong><\/span><\/p>\n<p>Berufseinstiegsschule: Klasse 1, Klasse 2, Sprachf\u00f6rder- und Integrationsklassen<\/p>\n<p><strong>Tel. (0511) 168 43509<br \/>\nFax (0511) 168 42090<\/strong><\/p>\n<\/div><\/section><br \/>\n<section class=\"av_textblock_section \"  itemscope=\"itemscope\" itemtype=\"https:\/\/schema.org\/CreativeWork\" ><div class='avia_textblock  '   itemprop=\"text\" ><p><strong style=\"color: #111\">\u00d6ffnungszeiten<\/strong><\/p>\n<p>Montag bis Freitag: <em>08:00 bis 13:30 Uhr<\/em><\/p>\n<\/div><\/section><\/p>\n<\/div><\/div><div class=\"flex_cell no_margin av_one_fourth  avia-builder-el-33  el_after_av_cell_one_half  el_before_av_cell_one_fourth   \" ><div class='flex_cell_inner' ><p><div  class='avia-image-container  av-styling-    avia-builder-el-34  el_before_av_textblock  avia-builder-el-first  avia-align-left '  itemprop=\"image\" itemscope=\"itemscope\" itemtype=\"https:\/\/schema.org\/ImageObject\"  ><div class='avia-image-container-inner'><div class='avia-image-overlay-wrap'><img class='avia_image' src='https:\/\/www2.bbs-me.de\/wp-content\/uploads\/2022\/09\/Rohloff_S_231x272.jpg' alt='' title='Rohloff_S_231x272' height=\"272\" width=\"231\"  itemprop=\"thumbnailUrl\"  \/><\/div><\/div><\/div><br \/>\n<section class=\"av_textblock_section \"  itemscope=\"itemscope\" itemtype=\"https:\/\/schema.org\/CreativeWork\" ><div class='avia_textblock  '   itemprop=\"text\" ><p><a href=\"mailto:Rohloff@bbs-me.de\">S. Rohloff<\/a><\/p>\n<\/div><\/section><\/p>\n<\/div><\/div><div class=\"flex_cell no_margin av_one_fourth  avia-builder-el-36  el_after_av_cell_one_fourth  avia-builder-el-last   \"  style='vertical-align:top; padding:30px; ' ><div class='flex_cell_inner' ><\/div><\/div>\n<\/div>\n<div id='av-layout-grid-6'  class='av-layout-grid-container entry-content-wrapper main_color av-flex-cells     avia-builder-el-37  el_after_av_layout_row  el_before_av_one_fourth  submenu-not-first container_wrap sidebar_right' style=' '  >\n<div class=\"flex_cell no_margin av_one_half  avia-builder-el-38  el_before_av_cell_one_fourth  avia-builder-el-first   \" ><div class='flex_cell_inner' ><section class=\"av_textblock_section \"  itemscope=\"itemscope\" itemtype=\"https:\/\/schema.org\/CreativeWork\" ><div class='avia_textblock  '   itemprop=\"text\" ><p><strong style=\"color: #111\">Budgetverwaltung<\/strong><\/p>\n<p>Unsere Schule verwaltet ihre Gelder selber. Die Sachmittel werden uns vom Schultr\u00e4ger der Region Hannover zugewiesen. F\u00fcr diese Mittel ist bei uns Frau Barkowsky zust\u00e4ndig.<br \/>\nDie Personalkosten werden von Frau Naghmouchi verwaltet. Das Geld bekommen wir vom Land Niedersachsen.<\/p>\n<\/div><\/section>\n<\/div><\/div><div class=\"flex_cell no_margin av_one_fourth  avia-builder-el-40  el_after_av_cell_one_half  el_before_av_cell_one_fourth   \" ><div class='flex_cell_inner' ><p><div  class='avia-image-container  av-styling-    avia-builder-el-41  el_before_av_textblock  avia-builder-el-first  avia-align-left '  itemprop=\"image\" itemscope=\"itemscope\" itemtype=\"https:\/\/schema.org\/ImageObject\"  ><div class='avia-image-container-inner'><div class='avia-image-overlay-wrap'><img class='avia_image' src='https:\/\/www2.bbs-me.de\/wp-content\/uploads\/2022\/09\/Barkowski_D_237x272.jpg' alt='' title='Barkowski_D_237x272' height=\"272\" width=\"237\"  itemprop=\"thumbnailUrl\"  \/><\/div><\/div><\/div><br \/>\n<section class=\"av_textblock_section \"  itemscope=\"itemscope\" itemtype=\"https:\/\/schema.org\/CreativeWork\" ><div class='avia_textblock  '   itemprop=\"text\" ><p><a href=\"mailto:Barkowsky@bbs-me.de\">D. Barkowsky<\/a><\/p>\n<p>Tel. 0511 26099 104<\/p>\n<\/div><\/section><\/p>\n<\/div><\/div><div class=\"flex_cell no_margin av_one_fourth  avia-builder-el-43  el_after_av_cell_one_fourth  avia-builder-el-last   \"  style='vertical-align:top; padding:30px; ' ><div class='flex_cell_inner' ><p><div  class='avia-image-container  av-styling-    avia-builder-el-44  el_before_av_textblock  avia-builder-el-first  avia-align-left '  itemprop=\"image\" itemscope=\"itemscope\" itemtype=\"https:\/\/schema.org\/ImageObject\"  ><div class='avia-image-container-inner'><div class='avia-image-overlay-wrap'><img class='avia_image' src='https:\/\/www2.bbs-me.de\/wp-content\/uploads\/2022\/09\/Maciejewska_N_237x272.jpg' alt='' title='Maciejewska_N_237x272' height=\"272\" width=\"237\"  itemprop=\"thumbnailUrl\"  \/><\/div><\/div><\/div><br \/>\n<section class=\"av_textblock_section \"  itemscope=\"itemscope\" itemtype=\"https:\/\/schema.org\/CreativeWork\" ><div class='avia_textblock  '   itemprop=\"text\" ><p><a href=\"mailto:Naghmouchi@bbs-me.de\">N. Naghmouchi<\/a><\/p>\n<p>Tel. 0511 26099 102<\/p>\n<\/div><\/section><\/p>\n<\/div><\/div>\n<\/div><div id='after_submenu_6'  class='main_color av_default_container_wrap container_wrap sidebar_right' style=' '  ><div class='container' ><div class='template-page content  av-content-small alpha units'><div class='post-entry post-entry-type-page post-entry-1630'><div class='entry-content-wrapper clearfix'>\n<div class=\"flex_column av_one_fourth  flex_column_div first  avia-builder-el-46  el_after_av_layout_row  el_before_av_one_fourth  avia-builder-el-first  \" ><p><div  class='avia-image-container  av-styling-    avia-builder-el-47  el_before_av_textblock  avia-builder-el-first  avia-align-center '  itemprop=\"image\" itemscope=\"itemscope\" itemtype=\"https:\/\/schema.org\/ImageObject\"  ><div class='avia-image-container-inner'><div class='avia-image-overlay-wrap'><img class='avia_image' src='https:\/\/www2.bbs-me.de\/wp-content\/uploads\/2016\/01\/Schulhausmeister-Team-ab-12-2013-web-e1722519605742.jpg' alt='' title='Schulhausmeister' height=\"215\" width=\"180\"  itemprop=\"thumbnailUrl\"  \/><\/div><\/div><\/div><br \/>\n<section class=\"av_textblock_section \"  itemscope=\"itemscope\" itemtype=\"https:\/\/schema.org\/CreativeWork\" ><div class='avia_textblock  '   itemprop=\"text\" ><p style=\"text-align: center\">I. Branning und K. Rosier<\/p>\n<\/div><\/section><\/p><\/div>\n<div class=\"flex_column av_one_fourth  flex_column_div av-zero-column-padding   avia-builder-el-49  el_after_av_one_fourth  el_before_av_one_fourth  \" style='border-radius:0px; '><section class=\"av_textblock_section \"  itemscope=\"itemscope\" itemtype=\"https:\/\/schema.org\/CreativeWork\" ><div class='avia_textblock  '   itemprop=\"text\" ><p><strong style=\"color: #111\">Schulhausmeister<\/strong><\/p>\n<p>Lavesallee 14, Gustav-Bratke-Allee 1<\/p>\n<p><a href=\"mailto:branning@bbs-me.de\"><strong>Ingo Branning<\/strong><\/a><br \/>\nTel. 0511 26099 310\/320<br \/>\nMobil 0151 624 25606<\/p>\n<p><a href=\"mailto:rosier@bbs-me.de\"><strong>Kenneth Rosier<\/strong><\/a><br \/>\nTel. 0511 26099 310\/320<br \/>\nMobil 0152 0989 5794<\/p>\n<p><a href=\"mailto:stolle@bbs-me.de\"><strong>Christoph Stolle<\/strong><\/a><br \/>\nTel. 0511 26099 310\/320<br \/>\nMobil 0151 624 25604<\/p>\n<\/div><\/section><\/div>\n<div class=\"flex_column av_one_fourth  flex_column_div av-zero-column-padding   avia-builder-el-51  el_after_av_one_fourth  el_before_av_one_fourth  \" style='border-radius:0px; '><section class=\"av_textblock_section \"  itemscope=\"itemscope\" itemtype=\"https:\/\/schema.org\/CreativeWork\" ><div class='avia_textblock  '   itemprop=\"text\" ><p><strong>Schulhausmeister<\/strong><\/p>\n<p>Goetheplatz 7,<br \/>\nRaum B010<\/p>\n<p><a href=\"mailto:Hergot@bbs-me.de\"><b>Max Hergot<\/b><\/a><br \/>\nTel. 0511 168 39842<br \/>\nMobil 0170-9155103<\/p>\n<p><a href=\"mailto:S.Rosier@bbs-me.de\"><strong>Susanne Rosier<\/strong><\/a><br \/>\nTel. 0511 168 39877<\/p>\n<\/div><\/section><\/div>\n<div class=\"flex_column av_one_fourth  flex_column_div   avia-builder-el-53  el_after_av_one_fourth  avia-builder-el-last  \" style='background: rgba(0,0,0,0.25); border-width:2px; border-color:#000000; border-style:solid; padding:2px 5px 2px 5px ; background-color:rgba(0,0,0,0.25); border-radius:5px; '><section class=\"av_textblock_section \"  itemscope=\"itemscope\" itemtype=\"https:\/\/schema.org\/CreativeWork\" ><div class='avia_textblock  '   itemprop=\"text\" ><p><strong>Annahmezeiten f\u00fcr Warenanlieferungen<\/strong><\/p>\n<p>Montag bis Donnerstag von 08:00 bis 15:00 Uhr<\/p>\n<\/div><\/section><\/div>\n","protected":false},"excerpt":{"rendered":"","protected":false},"author":1,"featured_media":0,"parent":0,"menu_order":0,"comment_status":"closed","ping_status":"closed","template":"","meta":{"footnotes":""},"page_category":[99],"yoast_head":"<!-- This site is optimized with the Yoast SEO plugin v22.8 - https:\/\/yoast.com\/wordpress\/plugins\/seo\/ -->\n<title>Kontakt - bbs|me<\/title>\n<meta name=\"robots\" content=\"index, follow, max-snippet:-1, max-image-preview:large, max-video-preview:-1\" \/>\n<link rel=\"canonical\" href=\"https:\/\/www2.bbs-me.de\/index.php\/kontakt\/\" \/>\n<meta property=\"og:locale\" content=\"de_DE\" \/>\n<meta property=\"og:type\" content=\"article\" \/>\n<meta property=\"og:title\" content=\"Kontakt - bbs|me\" \/>\n<meta property=\"og:url\" content=\"https:\/\/www2.bbs-me.de\/index.php\/kontakt\/\" \/>\n<meta property=\"og:site_name\" content=\"bbs|me\" \/>\n<meta property=\"article:modified_time\" content=\"2025-06-27T05:39:09+00:00\" \/>\n<meta name=\"twitter:card\" content=\"summary_large_image\" \/>\n<meta name=\"twitter:label1\" content=\"Gesch\u00e4tzte Lesezeit\" \/>\n\t<meta name=\"twitter:data1\" content=\"7\u00a0Minuten\" \/>\n<script type=\"application\/ld+json\" class=\"yoast-schema-graph\">{\"@context\":\"https:\/\/schema.org\",\"@graph\":[{\"@type\":\"WebPage\",\"@id\":\"https:\/\/www2.bbs-me.de\/index.php\/kontakt\/\",\"url\":\"https:\/\/www2.bbs-me.de\/index.php\/kontakt\/\",\"name\":\"Kontakt - bbs|me\",\"isPartOf\":{\"@id\":\"https:\/\/www2.bbs-me.de\/#website\"},\"datePublished\":\"2016-01-20T08:16:43+00:00\",\"dateModified\":\"2025-06-27T05:39:09+00:00\",\"breadcrumb\":{\"@id\":\"https:\/\/www2.bbs-me.de\/index.php\/kontakt\/#breadcrumb\"},\"inLanguage\":\"de\",\"potentialAction\":[{\"@type\":\"ReadAction\",\"target\":[\"https:\/\/www2.bbs-me.de\/index.php\/kontakt\/\"]}]},{\"@type\":\"BreadcrumbList\",\"@id\":\"https:\/\/www2.bbs-me.de\/index.php\/kontakt\/#breadcrumb\",\"itemListElement\":[{\"@type\":\"ListItem\",\"position\":1,\"name\":\"Startseite\",\"item\":\"https:\/\/www2.bbs-me.de\/\"},{\"@type\":\"ListItem\",\"position\":2,\"name\":\"Kontakt\"}]},{\"@type\":\"WebSite\",\"@id\":\"https:\/\/www2.bbs-me.de\/#website\",\"url\":\"https:\/\/www2.bbs-me.de\/\",\"name\":\"bbs|me\",\"description\":\"Otto-Brenner-Schule - Berufsbildende Schule Metalltechnik \u2022 Elektrotechnik der Region Hannover\",\"potentialAction\":[{\"@type\":\"SearchAction\",\"target\":{\"@type\":\"EntryPoint\",\"urlTemplate\":\"https:\/\/www2.bbs-me.de\/?s={search_term_string}\"},\"query-input\":\"required name=search_term_string\"}],\"inLanguage\":\"de\"}]}<\/script>\n<!-- \/ Yoast SEO plugin. -->","yoast_head_json":{"title":"Kontakt - bbs|me","robots":{"index":"index","follow":"follow","max-snippet":"max-snippet:-1","max-image-preview":"max-image-preview:large","max-video-preview":"max-video-preview:-1"},"canonical":"https:\/\/www2.bbs-me.de\/index.php\/kontakt\/","og_locale":"de_DE","og_type":"article","og_title":"Kontakt - bbs|me","og_url":"https:\/\/www2.bbs-me.de\/index.php\/kontakt\/","og_site_name":"bbs|me","article_modified_time":"2025-06-27T05:39:09+00:00","twitter_card":"summary_large_image","twitter_misc":{"Gesch\u00e4tzte Lesezeit":"7\u00a0Minuten"},"schema":{"@context":"https:\/\/schema.org","@graph":[{"@type":"WebPage","@id":"https:\/\/www2.bbs-me.de\/index.php\/kontakt\/","url":"https:\/\/www2.bbs-me.de\/index.php\/kontakt\/","name":"Kontakt - bbs|me","isPartOf":{"@id":"https:\/\/www2.bbs-me.de\/#website"},"datePublished":"2016-01-20T08:16:43+00:00","dateModified":"2025-06-27T05:39:09+00:00","breadcrumb":{"@id":"https:\/\/www2.bbs-me.de\/index.php\/kontakt\/#breadcrumb"},"inLanguage":"de","potentialAction":[{"@type":"ReadAction","target":["https:\/\/www2.bbs-me.de\/index.php\/kontakt\/"]}]},{"@type":"BreadcrumbList","@id":"https:\/\/www2.bbs-me.de\/index.php\/kontakt\/#breadcrumb","itemListElement":[{"@type":"ListItem","position":1,"name":"Startseite","item":"https:\/\/www2.bbs-me.de\/"},{"@type":"ListItem","position":2,"name":"Kontakt"}]},{"@type":"WebSite","@id":"https:\/\/www2.bbs-me.de\/#website","url":"https:\/\/www2.bbs-me.de\/","name":"bbs|me","description":"Otto-Brenner-Schule - Berufsbildende Schule Metalltechnik \u2022 Elektrotechnik der Region Hannover","potentialAction":[{"@type":"SearchAction","target":{"@type":"EntryPoint","urlTemplate":"https:\/\/www2.bbs-me.de\/?s={search_term_string}"},"query-input":"required name=search_term_string"}],"inLanguage":"de"}]}},"publishpress_future_action":{"enabled":false,"date":"2026-04-12 18:34:07","action":"change-status","newStatus":"draft","terms":[],"taxonomy":"page_category"},"_links":{"self":[{"href":"https:\/\/www2.bbs-me.de\/index.php\/wp-json\/wp\/v2\/pages\/1630"}],"collection":[{"href":"https:\/\/www2.bbs-me.de\/index.php\/wp-json\/wp\/v2\/pages"}],"about":[{"href":"https:\/\/www2.bbs-me.de\/index.php\/wp-json\/wp\/v2\/types\/page"}],"author":[{"embeddable":true,"href":"https:\/\/www2.bbs-me.de\/index.php\/wp-json\/wp\/v2\/users\/1"}],"replies":[{"embeddable":true,"href":"https:\/\/www2.bbs-me.de\/index.php\/wp-json\/wp\/v2\/comments?post=1630"}],"version-history":[{"count":272,"href":"https:\/\/www2.bbs-me.de\/index.php\/wp-json\/wp\/v2\/pages\/1630\/revisions"}],"predecessor-version":[{"id":29390,"href":"https:\/\/www2.bbs-me.de\/index.php\/wp-json\/wp\/v2\/pages\/1630\/revisions\/29390"}],"wp:attachment":[{"href":"https:\/\/www2.bbs-me.de\/index.php\/wp-json\/wp\/v2\/media?parent=1630"}],"wp:term":[{"taxonomy":"page_category","embeddable":true,"href":"https:\/\/www2.bbs-me.de\/index.php\/wp-json\/wp\/v2\/page_category?post=1630"}],"curies":[{"name":"wp","href":"https:\/\/api.w.org\/{rel}","templated":true}]}}