{"id":1669,"date":"2016-01-20T11:20:33","date_gmt":"2016-01-20T10:20:33","guid":{"rendered":"https:\/\/www2.bbs-me.de\/?page_id=1669"},"modified":"2019-06-28T00:09:30","modified_gmt":"2019-06-27T22:09:30","slug":"kursangebote","status":"publish","type":"page","link":"https:\/\/www2.bbs-me.de\/index.php\/kompetenzzentren\/kursangebote\/","title":{"rendered":"Geb\u00e4udeautomation mit KNX"},"content":{"rendered":"<div class=\"flex_column av_two_third  flex_column_div first  avia-builder-el-0  el_before_av_one_third  avia-builder-el-first  \" ><p><section class=\"av_textblock_section \"  itemscope=\"itemscope\" itemtype=\"https:\/\/schema.org\/CreativeWork\" ><div class='avia_textblock  '  style='font-size:34px; '  itemprop=\"text\" ><p>Geb\u00e4udeautomation mit KNX<\/p>\n<\/div><\/section><br \/>\n<section class=\"av_textblock_section \"  itemscope=\"itemscope\" itemtype=\"https:\/\/schema.org\/CreativeWork\" ><div class='avia_textblock  '   itemprop=\"text\" ><p>Wir sind zertifizierte KNX-Schulungsst\u00e4tte. Seit 1998 haben wir schulintern j\u00e4hrlich etwa 180 Sch\u00fcler f\u00fcr den Europ\u00e4ischen Installationsbus (bisher EIB \/ jetzt KNX) qualifiziert. Seit der Zeit sind wir gleichfalls in der Lehrerfortbildung t\u00e4tig.<\/p>\n<p><strong style=\"color: #111\">KNX (fr\u00fcher EIB) steht f\u00fcr den weltweit durchgesetzten Systemstandard zur intelligenten Vernetzung moderner Haus- und Geb\u00e4udesystemtechnik gem\u00e4\u00df EN 50090 und ISO\/IEC 14543. Die bbs|me ist eine zertifizierte KNX-Schulungsst\u00e4tte.<\/strong><\/p>\n<p>Wir bieten Fachkr\u00e4ften der Elektrotechnik Lehrg\u00e4nge in einem Umfang von 30 Stunden zur KNX-Projektierung, Inbetriebnahme und Wartung. Die Weiterbildung schlie\u00dft mit einer schriftlichen und praktischen Pr\u00fcfung ab. Wurden beide Pr\u00fcfungsteile erfolgreich bew\u00e4ltigt, wird ein KNX-Zertifikt erteilt.<br \/>\nDie KNX-Organisation in Br\u00fcssel bietet jedem Unternehmen, dass sich im Arbeitsgebiet des KNX-Systems fachlich qualifiziert hat, die M\u00f6glichkeit an, sich als KNX-Partner auszuweisen und mit dem KNX-Logo f\u00fcr sich zu werben.<br \/>\nDer KNX-Lehrgang kostet einschlie\u00dflich Lehrgangs- und Pr\u00fcfungsunterlagen 1600 \u20ac (Stand: 2019). Sie k\u00f6nnen einen Lehrgangsvertrag bei uns anfordern.<\/p>\n<\/div><\/section><br \/>\n<div  style='height:50px' class='hr hr-invisible   avia-builder-el-3  el_after_av_textblock  el_before_av_textblock '><span class='hr-inner ' ><span class='hr-inner-style'><\/span><\/span><\/div><br \/>\n<section class=\"av_textblock_section \"  itemscope=\"itemscope\" itemtype=\"https:\/\/schema.org\/CreativeWork\" ><div class='avia_textblock  '  style='font-size:24px; '  itemprop=\"text\" ><p>N\u00e4chster KNX-Kurs<\/p>\n<p><span style=\"color: #ff0000\"><strong><span style=\"color: #ff0000\">Termin:\u00a0<del>15.07.- 19.07.19<\/del> findet nicht statt<del><br \/>\n<\/del><\/span><\/strong><\/span><\/p>\n<p><strong><span style=\"color: #ff0000\">Anmeldeschluss: <del>28.06.19<\/del><\/span><\/strong><\/p>\n<\/div><\/section><br \/>\n<section class=\"av_textblock_section \"  itemscope=\"itemscope\" itemtype=\"https:\/\/schema.org\/CreativeWork\" ><div class='avia_textblock  '   itemprop=\"text\" ><p>Das KNX-Labor der bbs|me ist nach dem Umzug und umfangreichen Umbauarbeiten wieder funktionsf\u00e4hig. Wir schulen nun auf der ETS5 !<\/p>\n<hr \/>\n<p><strong>Ort:<\/strong> H-Geb\u00e4ude der bbs|me, Gustav-Bratke-Allee 1,<\/p>\n<p>Raum H011 (Erdgeschoss)<\/p>\n<p>Die Anmeldeformulare wurden aktualisiert. Benutzen Sie die unten stehenden Anmeldeformulare f\u00fcr Ihre verbindliche Anmeldung.<br \/>\nWeitere organisatorischen Details werden mit erfolgter Anmeldung sowie erfolgtem Anmeldeschluss per Email zu geschickt.<\/p>\n<p>Lassen Sie sich bitte auch bei der KNX Association online f\u00fcr den o.g. KNX Kurs registrieren!<br \/>\nF\u00fcr weitere Fragen stehe ich Ihnen unter angegebenen Kontaktadresse zur Verf\u00fcgung.<\/p>\n<p><a href=\"https:\/\/www2.bbs-me.de\/wp-content\/uploads\/2016\/01\/A2_KNX_image.jpg\"><img loading=\"lazy\" decoding=\"async\" class=\"alignnone size-full wp-image-7836\" src=\"https:\/\/www2.bbs-me.de\/wp-content\/uploads\/2016\/01\/A2_KNX_image.jpg\" alt=\"A2_KNX_image\" width=\"64\" height=\"42\" \/><\/a><br \/>\nHELGRIT WALTHER<br \/>\nOberstudienr\u00e4tin, Dipl.-Gewerbelehrerin<br \/>\nBildungsganggruppenleiterin EBT\/KNX Ausbilderin<br \/>\nBerufsbildende Schule Metalltechnik \u2022 Elektrotechnik der Region Hannover &#8211;<br \/>\nOtto-Brenner-Schule<br \/>\nGustav-Bratke-Allee 1\/ Abt. 2<br \/>\n30169 Hannover<br \/>\nTelefon 0511 26099 106\/227<br \/>\nFax 0511 26099 109<br \/>\nMobil 01776512555<br \/>\n<a href=\"mailto:hg.walther@bbs-me.de\">hg.walther@bbs-me.de<\/a><\/p>\n<\/div><\/section><\/p><\/div><div class=\"flex_column av_one_third  flex_column_div av-zero-column-padding   avia-builder-el-6  el_after_av_two_third  el_before_av_hr  \" style='border-radius:0px; '><p><div  class='avia-image-container  av-styling-    avia-builder-el-7  el_before_av_hr  avia-builder-el-first  avia-align-center '  itemprop=\"image\" itemscope=\"itemscope\" itemtype=\"https:\/\/schema.org\/ImageObject\"  ><div class='avia-image-container-inner'><div class='avia-image-overlay-wrap'><img class='avia_image' src='https:\/\/www2.bbs-me.de\/wp-content\/uploads\/2016\/07\/KNX-Netzwerk_-_A4.-988x1030.jpg' alt='' title='KNX-Netzwerk_-_A4.' height=\"1030\" width=\"988\"  itemprop=\"thumbnailUrl\"  \/><\/div><\/div><\/div><br \/>\n<div  style='height:80px' class='hr hr-invisible   avia-builder-el-8  el_after_av_image  el_before_av_image '><span class='hr-inner ' ><span class='hr-inner-style'><\/span><\/span><\/div><br \/>\n<div  class='avia-image-container  av-styling-    avia-builder-el-9  el_after_av_hr  el_before_av_textblock  avia-align-center '  itemprop=\"image\" itemscope=\"itemscope\" itemtype=\"https:\/\/schema.org\/ImageObject\"  ><div class='avia-image-container-inner'><div class='avia-image-overlay-wrap'><img class='avia_image' src='https:\/\/www2.bbs-me.de\/wp-content\/uploads\/2016\/08\/KNX-1-web-1.jpg' alt='' title='KNX 1-web' height=\"547\" width=\"410\"  itemprop=\"thumbnailUrl\"  \/><\/div><\/div><\/div><br \/>\n<section class=\"av_textblock_section \"  itemscope=\"itemscope\" itemtype=\"https:\/\/schema.org\/CreativeWork\" ><div class='avia_textblock  '  style='font-size:12px; '  itemprop=\"text\" ><p>12 Teilnehmer-Arbeitspl\u00e4tze im neuen KNX-Labor<\/p>\n<\/div><\/section><br \/>\n<div  class='avia-image-container  av-styling-    avia-builder-el-11  el_after_av_textblock  el_before_av_textblock  avia-align-left '  itemprop=\"image\" itemscope=\"itemscope\" itemtype=\"https:\/\/schema.org\/ImageObject\"  ><div class='avia-image-container-inner'><div class='avia-image-overlay-wrap'><img class='avia_image' src='https:\/\/www2.bbs-me.de\/wp-content\/uploads\/2016\/01\/traininglogo.jpg' alt='' title='traininglogo' height=\"131\" width=\"200\"  itemprop=\"thumbnailUrl\"  \/><\/div><\/div><\/div><br \/>\n<section class=\"av_textblock_section \"  itemscope=\"itemscope\" itemtype=\"https:\/\/schema.org\/CreativeWork\" ><div class='avia_textblock  av_inherit_color '  style='color:#000000; '  itemprop=\"text\" ><p><strong>KNX &#8211; Projektierung und Inbetriebnahme<\/strong><\/p>\n<p><strong>Teilnehmerbeitrag 1600 \u20ac | <\/strong><strong>herstellerunabh\u00e4ngig und neutral | a<\/strong><strong>nerkanntes EIB\/KNX-Zertifikat nach bestandener Pr\u00fcfung<\/strong><\/p>\n<\/div><\/section><\/p><\/div><div   class='hr hr-default   avia-builder-el-13  el_after_av_one_third  el_before_av_section  avia-builder-el-last '><span class='hr-inner ' ><span class='hr-inner-style'><\/span><\/span><\/div><\/p>\n<\/div><\/div><\/div><!-- close content main div --><\/div><\/div><div id='more-information'  class='avia-section header_color avia-section-default avia-no-shadow  avia-bg-style-scroll  avia-builder-el-14  el_after_av_hr  el_before_av_hr   container_wrap sidebar_right' style=' '  ><div class='container' ><div class='template-page content  av-content-small alpha units'><div class='post-entry post-entry-type-page post-entry-1669'><div class='entry-content-wrapper clearfix'>\n<div  style='padding-bottom:10px; font-size:25px;' class='av-special-heading av-special-heading-h3  blockquote modern-quote  avia-builder-el-15  el_before_av_one_half  avia-builder-el-first  av-inherit-size '><h3 class='av-special-heading-tag '  itemprop=\"headline\"  >Teilnahmebedingungen und Anmeldeformulare <\/h3><div class='special-heading-border'><div class='special-heading-inner-border' ><\/div><\/div><\/div>\n<div class=\"flex_column av_one_half  flex_column_div first  avia-builder-el-16  el_after_av_heading  el_before_av_one_half  \" ><div  class='av-catalogue-container   avia-builder-el-17  avia-builder-el-no-sibling '><ul class='av-catalogue-list'>\n<li><a href='https:\/\/www2.bbs-me.de\/wp-content\/uploads\/2016\/01\/A2_Anmeldung-KNX.pdf'  target=\"_blank\"  class='av-catalogue-item'><img src='https:\/\/www2.bbs-me.de\/wp-content\/uploads\/2016\/01\/document-arrow-right-icon-180x180.png' title='' alt='' class='av-catalogue-image' \/><div class='av-catalogue-item-inner'><div class='av-catalogue-title-container'><div class='av-catalogue-title'>KNX-Kursanmeldung<\/div><div class='av-catalogue-price'><\/div><\/div><div class=\"av-catalogue-content\"><\/div><\/div><\/a><\/li>\n<li><a href='https:\/\/www2.bbs-me.de\/wp-content\/uploads\/2016\/01\/A2_Teilnahmebedingungen-KNX.pdf'  target=\"_blank\"  class='av-catalogue-item'><img src='https:\/\/www2.bbs-me.de\/wp-content\/uploads\/2016\/01\/document-arrow-right-icon-180x180.png' title='' alt='' class='av-catalogue-image' \/><div class='av-catalogue-item-inner'><div class='av-catalogue-title-container'><div class='av-catalogue-title'>Teilnahmebedingungen<\/div><div class='av-catalogue-price'><\/div><\/div><div class=\"av-catalogue-content\"><\/div><\/div><\/a><\/li>\n<\/ul><\/div><\/div><div class=\"flex_column av_one_half  flex_column_div   avia-builder-el-18  el_after_av_one_half  avia-builder-el-last  \" ><div  class='av-catalogue-container   avia-builder-el-19  avia-builder-el-no-sibling '><ul class='av-catalogue-list'>\n<li><a href='https:\/\/www2.bbs-me.de\/wp-content\/uploads\/2016\/09\/KNX-Flyer-2016-web.pdf'  target=\"_blank\"  class='av-catalogue-item'><img src='https:\/\/www2.bbs-me.de\/wp-content\/uploads\/2016\/01\/document-arrow-right-icon-180x180.png' title='' alt='' class='av-catalogue-image' \/><div class='av-catalogue-item-inner'><div class='av-catalogue-title-container'><div class='av-catalogue-title'>KNX-Flyer<\/div><div class='av-catalogue-price'><\/div><\/div><div class=\"av-catalogue-content\"><\/div><\/div><\/a><\/li>\n<\/ul><\/div><\/div>\n<\/div><\/div><\/div><!-- close content main div --><\/div><\/div><div id='after_section_1'  class='main_color av_default_container_wrap container_wrap sidebar_right' style=' '  ><div class='container' ><div class='template-page content  av-content-small alpha units'><div class='post-entry post-entry-type-page post-entry-1669'><div class='entry-content-wrapper clearfix'>\n<div  style='height:20px' class='hr hr-invisible   avia-builder-el-20  el_after_av_section  el_before_av_one_third  avia-builder-el-first '><span class='hr-inner ' ><span class='hr-inner-style'><\/span><\/span><\/div>\n<div class=\"flex_column av_one_third  flex_column_div first  avia-builder-el-21  el_after_av_hr  el_before_av_one_third  \" ><\/div>\n<div class=\"flex_column av_one_third  flex_column_div av-zero-column-padding   avia-builder-el-22  el_after_av_one_third  avia-builder-el-last  \" style='border-radius:0px; '><\/div>\n","protected":false},"excerpt":{"rendered":"","protected":false},"author":43,"featured_media":0,"parent":3728,"menu_order":0,"comment_status":"closed","ping_status":"closed","template":"","meta":{"footnotes":""},"page_category":[64,78],"yoast_head":"<!-- This site is optimized with the Yoast SEO plugin v22.8 - https:\/\/yoast.com\/wordpress\/plugins\/seo\/ -->\n<title>Geb\u00e4udeautomation mit KNX - bbs|me<\/title>\n<meta name=\"robots\" content=\"index, follow, max-snippet:-1, max-image-preview:large, max-video-preview:-1\" \/>\n<link rel=\"canonical\" href=\"https:\/\/www2.bbs-me.de\/index.php\/kompetenzzentren\/kursangebote\/\" \/>\n<meta property=\"og:locale\" content=\"de_DE\" \/>\n<meta property=\"og:type\" content=\"article\" \/>\n<meta property=\"og:title\" content=\"Geb\u00e4udeautomation mit KNX - bbs|me\" \/>\n<meta property=\"og:url\" content=\"https:\/\/www2.bbs-me.de\/index.php\/kompetenzzentren\/kursangebote\/\" \/>\n<meta property=\"og:site_name\" content=\"bbs|me\" \/>\n<meta property=\"article:modified_time\" content=\"2019-06-27T22:09:30+00:00\" \/>\n<meta property=\"og:image\" content=\"https:\/\/www2.bbs-me.de\/wp-content\/uploads\/2016\/01\/A2_KNX_image.jpg\" \/>\n<meta name=\"twitter:card\" content=\"summary_large_image\" \/>\n<meta name=\"twitter:label1\" content=\"Gesch\u00e4tzte Lesezeit\" \/>\n\t<meta name=\"twitter:data1\" content=\"6\u00a0Minuten\" \/>\n<script type=\"application\/ld+json\" class=\"yoast-schema-graph\">{\"@context\":\"https:\/\/schema.org\",\"@graph\":[{\"@type\":\"WebPage\",\"@id\":\"https:\/\/www2.bbs-me.de\/index.php\/kompetenzzentren\/kursangebote\/\",\"url\":\"https:\/\/www2.bbs-me.de\/index.php\/kompetenzzentren\/kursangebote\/\",\"name\":\"Geb\u00e4udeautomation mit KNX - bbs|me\",\"isPartOf\":{\"@id\":\"https:\/\/www2.bbs-me.de\/#website\"},\"primaryImageOfPage\":{\"@id\":\"https:\/\/www2.bbs-me.de\/index.php\/kompetenzzentren\/kursangebote\/#primaryimage\"},\"image\":{\"@id\":\"https:\/\/www2.bbs-me.de\/index.php\/kompetenzzentren\/kursangebote\/#primaryimage\"},\"thumbnailUrl\":\"https:\/\/www2.bbs-me.de\/wp-content\/uploads\/2016\/01\/A2_KNX_image.jpg\",\"datePublished\":\"2016-01-20T10:20:33+00:00\",\"dateModified\":\"2019-06-27T22:09:30+00:00\",\"breadcrumb\":{\"@id\":\"https:\/\/www2.bbs-me.de\/index.php\/kompetenzzentren\/kursangebote\/#breadcrumb\"},\"inLanguage\":\"de\",\"potentialAction\":[{\"@type\":\"ReadAction\",\"target\":[\"https:\/\/www2.bbs-me.de\/index.php\/kompetenzzentren\/kursangebote\/\"]}]},{\"@type\":\"ImageObject\",\"inLanguage\":\"de\",\"@id\":\"https:\/\/www2.bbs-me.de\/index.php\/kompetenzzentren\/kursangebote\/#primaryimage\",\"url\":\"https:\/\/www2.bbs-me.de\/wp-content\/uploads\/2016\/01\/A2_KNX_image.jpg\",\"contentUrl\":\"https:\/\/www2.bbs-me.de\/wp-content\/uploads\/2016\/01\/A2_KNX_image.jpg\"},{\"@type\":\"BreadcrumbList\",\"@id\":\"https:\/\/www2.bbs-me.de\/index.php\/kompetenzzentren\/kursangebote\/#breadcrumb\",\"itemListElement\":[{\"@type\":\"ListItem\",\"position\":1,\"name\":\"Startseite\",\"item\":\"https:\/\/www2.bbs-me.de\/\"},{\"@type\":\"ListItem\",\"position\":2,\"name\":\"Lernzentren\",\"item\":\"https:\/\/www2.bbs-me.de\/index.php\/kompetenzzentren\/\"},{\"@type\":\"ListItem\",\"position\":3,\"name\":\"Geb\u00e4udeautomation mit KNX\"}]},{\"@type\":\"WebSite\",\"@id\":\"https:\/\/www2.bbs-me.de\/#website\",\"url\":\"https:\/\/www2.bbs-me.de\/\",\"name\":\"bbs|me\",\"description\":\"Otto-Brenner-Schule - Berufsbildende Schule Metalltechnik \u2022 Elektrotechnik der Region Hannover\",\"potentialAction\":[{\"@type\":\"SearchAction\",\"target\":{\"@type\":\"EntryPoint\",\"urlTemplate\":\"https:\/\/www2.bbs-me.de\/?s={search_term_string}\"},\"query-input\":\"required name=search_term_string\"}],\"inLanguage\":\"de\"}]}<\/script>\n<!-- \/ Yoast SEO plugin. -->","yoast_head_json":{"title":"Geb\u00e4udeautomation mit KNX - bbs|me","robots":{"index":"index","follow":"follow","max-snippet":"max-snippet:-1","max-image-preview":"max-image-preview:large","max-video-preview":"max-video-preview:-1"},"canonical":"https:\/\/www2.bbs-me.de\/index.php\/kompetenzzentren\/kursangebote\/","og_locale":"de_DE","og_type":"article","og_title":"Geb\u00e4udeautomation mit KNX - bbs|me","og_url":"https:\/\/www2.bbs-me.de\/index.php\/kompetenzzentren\/kursangebote\/","og_site_name":"bbs|me","article_modified_time":"2019-06-27T22:09:30+00:00","og_image":[{"url":"https:\/\/www2.bbs-me.de\/wp-content\/uploads\/2016\/01\/A2_KNX_image.jpg"}],"twitter_card":"summary_large_image","twitter_misc":{"Gesch\u00e4tzte Lesezeit":"6\u00a0Minuten"},"schema":{"@context":"https:\/\/schema.org","@graph":[{"@type":"WebPage","@id":"https:\/\/www2.bbs-me.de\/index.php\/kompetenzzentren\/kursangebote\/","url":"https:\/\/www2.bbs-me.de\/index.php\/kompetenzzentren\/kursangebote\/","name":"Geb\u00e4udeautomation mit KNX - bbs|me","isPartOf":{"@id":"https:\/\/www2.bbs-me.de\/#website"},"primaryImageOfPage":{"@id":"https:\/\/www2.bbs-me.de\/index.php\/kompetenzzentren\/kursangebote\/#primaryimage"},"image":{"@id":"https:\/\/www2.bbs-me.de\/index.php\/kompetenzzentren\/kursangebote\/#primaryimage"},"thumbnailUrl":"https:\/\/www2.bbs-me.de\/wp-content\/uploads\/2016\/01\/A2_KNX_image.jpg","datePublished":"2016-01-20T10:20:33+00:00","dateModified":"2019-06-27T22:09:30+00:00","breadcrumb":{"@id":"https:\/\/www2.bbs-me.de\/index.php\/kompetenzzentren\/kursangebote\/#breadcrumb"},"inLanguage":"de","potentialAction":[{"@type":"ReadAction","target":["https:\/\/www2.bbs-me.de\/index.php\/kompetenzzentren\/kursangebote\/"]}]},{"@type":"ImageObject","inLanguage":"de","@id":"https:\/\/www2.bbs-me.de\/index.php\/kompetenzzentren\/kursangebote\/#primaryimage","url":"https:\/\/www2.bbs-me.de\/wp-content\/uploads\/2016\/01\/A2_KNX_image.jpg","contentUrl":"https:\/\/www2.bbs-me.de\/wp-content\/uploads\/2016\/01\/A2_KNX_image.jpg"},{"@type":"BreadcrumbList","@id":"https:\/\/www2.bbs-me.de\/index.php\/kompetenzzentren\/kursangebote\/#breadcrumb","itemListElement":[{"@type":"ListItem","position":1,"name":"Startseite","item":"https:\/\/www2.bbs-me.de\/"},{"@type":"ListItem","position":2,"name":"Lernzentren","item":"https:\/\/www2.bbs-me.de\/index.php\/kompetenzzentren\/"},{"@type":"ListItem","position":3,"name":"Geb\u00e4udeautomation mit KNX"}]},{"@type":"WebSite","@id":"https:\/\/www2.bbs-me.de\/#website","url":"https:\/\/www2.bbs-me.de\/","name":"bbs|me","description":"Otto-Brenner-Schule - Berufsbildende Schule Metalltechnik \u2022 Elektrotechnik der Region Hannover","potentialAction":[{"@type":"SearchAction","target":{"@type":"EntryPoint","urlTemplate":"https:\/\/www2.bbs-me.de\/?s={search_term_string}"},"query-input":"required name=search_term_string"}],"inLanguage":"de"}]}},"publishpress_future_action":{"enabled":false,"date":"2026-04-12 18:45:08","action":"change-status","newStatus":"draft","terms":[],"taxonomy":"page_category"},"_links":{"self":[{"href":"https:\/\/www2.bbs-me.de\/index.php\/wp-json\/wp\/v2\/pages\/1669"}],"collection":[{"href":"https:\/\/www2.bbs-me.de\/index.php\/wp-json\/wp\/v2\/pages"}],"about":[{"href":"https:\/\/www2.bbs-me.de\/index.php\/wp-json\/wp\/v2\/types\/page"}],"author":[{"embeddable":true,"href":"https:\/\/www2.bbs-me.de\/index.php\/wp-json\/wp\/v2\/users\/43"}],"replies":[{"embeddable":true,"href":"https:\/\/www2.bbs-me.de\/index.php\/wp-json\/wp\/v2\/comments?post=1669"}],"version-history":[{"count":169,"href":"https:\/\/www2.bbs-me.de\/index.php\/wp-json\/wp\/v2\/pages\/1669\/revisions"}],"predecessor-version":[{"id":16997,"href":"https:\/\/www2.bbs-me.de\/index.php\/wp-json\/wp\/v2\/pages\/1669\/revisions\/16997"}],"up":[{"embeddable":true,"href":"https:\/\/www2.bbs-me.de\/index.php\/wp-json\/wp\/v2\/pages\/3728"}],"wp:attachment":[{"href":"https:\/\/www2.bbs-me.de\/index.php\/wp-json\/wp\/v2\/media?parent=1669"}],"wp:term":[{"taxonomy":"page_category","embeddable":true,"href":"https:\/\/www2.bbs-me.de\/index.php\/wp-json\/wp\/v2\/page_category?post=1669"}],"curies":[{"name":"wp","href":"https:\/\/api.w.org\/{rel}","templated":true}]}}