{"id":1789,"date":"2016-01-20T16:40:36","date_gmt":"2016-01-20T15:40:36","guid":{"rendered":"https:\/\/www2.bbs-me.de\/?page_id=1789"},"modified":"2018-01-31T15:04:52","modified_gmt":"2018-01-31T14:04:52","slug":"links","status":"publish","type":"page","link":"https:\/\/www2.bbs-me.de\/index.php\/links\/","title":{"rendered":"Links"},"content":{"rendered":"<div id='title'  class='av-layout-grid-container entry-content-wrapper main_color av-flex-cells     avia-builder-el-0  el_before_av_layout_row  avia-builder-el-first  container_wrap sidebar_right' style=' '  >\n<div class=\"flex_cell no_margin av_one_full  avia-builder-el-1  avia-builder-el-no-sibling   \"  style='vertical-align:top; padding:66px 49px 30px 50px ; ' ><div class='flex_cell_inner' ><section class=\"av_textblock_section \"  itemscope=\"itemscope\" itemtype=\"https:\/\/schema.org\/CreativeWork\" ><div class='avia_textblock  av_inherit_color '  style='font-size:34px; color:#000000; '  itemprop=\"text\" ><p>Links zu Websites anderer Anbieter<\/p>\n<\/div><\/section>\n<\/div><\/div>\n<\/div>\n<div id='links'  class='av-layout-grid-container entry-content-wrapper alternate_color av-flex-cells     avia-builder-el-3  el_after_av_layout_row  avia-builder-el-last  submenu-not-first container_wrap sidebar_right' style=' '  >\n<div class=\"flex_cell no_margin av_one_third  avia-builder-el-4  el_before_av_cell_one_third  avia-builder-el-first   \"  style='vertical-align:top; padding:40px 48px 60px 48px ; ' ><div class='flex_cell_inner' ><p><div  class='avia-image-container  av-styling-    avia-builder-el-5  el_before_av_catalogue  avia-builder-el-first  avia-align-right '  itemprop=\"image\" itemscope=\"itemscope\" itemtype=\"https:\/\/schema.org\/ImageObject\"  ><div class='avia-image-container-inner'><div class='avia-image-overlay-wrap'><img class='avia_image' src='https:\/\/www2.bbs-me.de\/wp-content\/uploads\/2016\/01\/backlinks-links.jpg' alt='' title='backlinks-links' height=\"299\" width=\"402\"  itemprop=\"thumbnailUrl\"  \/><\/div><\/div><\/div><br \/>\n<div  class='av-catalogue-container   avia-builder-el-6  el_after_av_image  avia-builder-el-last '><ul class='av-catalogue-list'>\n<li><div class='av-catalogue-item'><div class='av-catalogue-item-inner'><div class='av-catalogue-title-container'><div class='av-catalogue-title'><\/div><div class='av-catalogue-price'><\/div><\/div><div class=\"av-catalogue-content\">\n<a style=\"color: #111;\" href=\"https:\/\/www.arbeitsagentur.de\/\">Agentur f\u00fcr Arbeit<\/a><br \/>\n<\/div><\/div><\/div><\/li>\n<li><div class='av-catalogue-item'><div class='av-catalogue-item-inner'><div class='av-catalogue-title-container'><div class='av-catalogue-title'><\/div><div class='av-catalogue-price'><\/div><\/div><div class=\"av-catalogue-content\">\n<a style=\"color: #111;\" href=\"https:\/\/www.bmbf.de\/de\/modernes-bafoeg-fuer-eine-gute-ausbildung-1688.html\">BAf\u00f6G f\u00fcr Sch\u00fcler und Studenten<\/a>, <a style=\"color: #111;\" href=\"https:\/\/www.bmbf.de\/de\/weiterkommen-mit-dem-meister-bafoeg-879.html?piwik_campaign=TagCloud&amp;piwik_kwd=Meister-BAf%25C3%25B6G\"> Meister-Baf\u00f6g<\/a><br \/>\n<\/div><\/div><\/div><\/li>\n<li><div class='av-catalogue-item'><div class='av-catalogue-item-inner'><div class='av-catalogue-title-container'><div class='av-catalogue-title'><\/div><div class='av-catalogue-price'><\/div><\/div><div class=\"av-catalogue-content\">\n<a style=\"color: #111;\" href=\"http:\/\/www.babrechner.arbeitsagentur.de\/\">Berufsausbildungsbeihilfe<\/a><br \/>\n<\/div><\/div><\/div><\/li>\n<li><div class='av-catalogue-item'><div class='av-catalogue-item-inner'><div class='av-catalogue-title-container'><div class='av-catalogue-title'><\/div><div class='av-catalogue-price'><\/div><\/div><div class=\"av-catalogue-content\">\n<a style=\"color: #111;\" href=\"http:\/\/www.nibis.de\/nibis.php?menid=5004\">Bildungsserver- Nds.<\/a> &#8211; Seite der beruflichen Bildung<br \/>\n<\/div><\/div><\/div><\/li>\n<li><div class='av-catalogue-item'><div class='av-catalogue-item-inner'><div class='av-catalogue-title-container'><div class='av-catalogue-title'><\/div><div class='av-catalogue-price'><\/div><\/div><div class=\"av-catalogue-content\">\n<a style=\"color: #111;\" href=\"https:\/\/www.bibb.de\">Bundesinstitut f\u00fcr Berufsbildung &#8211; BiBB<\/a><br \/>\n<\/div><\/div><\/div><\/li>\n<li><div class='av-catalogue-item'><div class='av-catalogue-item-inner'><div class='av-catalogue-title-container'><div class='av-catalogue-title'><\/div><div class='av-catalogue-price'><\/div><\/div><div class=\"av-catalogue-content\">\n<a href=\"http:\/\/www.erasmusplus.de\/\">Europ\u00e4isches Bildungsprogramm Erasmus+<\/a><br \/>\n<\/div><\/div><\/div><\/li>\n<\/ul><\/div><\/p>\n<\/div><\/div><div class=\"flex_cell no_margin av_one_third  avia-builder-el-7  el_after_av_cell_one_third  el_before_av_cell_one_third   \"  style='vertical-align:top; padding:60px 30px 30px 30px ; ' ><div class='flex_cell_inner' ><div  class='av-catalogue-container   avia-builder-el-8  avia-builder-el-no-sibling '><ul class='av-catalogue-list'>\n<li><div class='av-catalogue-item'><div class='av-catalogue-item-inner'><div class='av-catalogue-title-container'><div class='av-catalogue-title'><\/div><div class='av-catalogue-price'><\/div><\/div><div class=\"av-catalogue-content\">\n<a style=\"color: #111;\" href=\"http:\/\/www.e-volution.de\/\">e-volution &#8211; Informationen f\u00fcr Auszubildende der E-Technik<\/a><br \/>\n<\/div><\/div><\/div><\/li>\n<li><div class='av-catalogue-item'><div class='av-catalogue-item-inner'><div class='av-catalogue-title-container'><div class='av-catalogue-title'><\/div><div class='av-catalogue-price'><\/div><\/div><div class=\"av-catalogue-content\">\n<a style=\"color: #111;\" href=\"http:\/\/www.hwk-hannover.de\/\">Handwerkskammer Hannover<\/a><br \/>\n<\/div><\/div><\/div><\/li>\n<li><div class='av-catalogue-item'><div class='av-catalogue-item-inner'><div class='av-catalogue-title-container'><div class='av-catalogue-title'><\/div><div class='av-catalogue-price'><\/div><\/div><div class=\"av-catalogue-content\">\n<a style=\"color: #111;\" href=\"http:\/\/www.boeckler.de\/40936.htm\">Hans-B\u00f6ckler-Stiftung &#8211;<\/a> Unterst\u00fctzung beim Studieren ohne Abitur<br \/>\n<\/div><\/div><\/div><\/li>\n<li><div class='av-catalogue-item'><div class='av-catalogue-item-inner'><div class='av-catalogue-title-container'><div class='av-catalogue-title'><\/div><div class='av-catalogue-price'><\/div><\/div><div class=\"av-catalogue-content\">\n<a style=\"color: #111;\" href=\"http:\/\/www.igmetall-hannover.de\/jugend\">IG Metall Jugend<\/a><br \/>\n<\/div><\/div><\/div><\/li>\n<li><div class='av-catalogue-item'><div class='av-catalogue-item-inner'><div class='av-catalogue-title-container'><div class='av-catalogue-title'><\/div><div class='av-catalogue-price'><\/div><\/div><div class=\"av-catalogue-content\">\n<a style=\"color: #111;\" href=\"http:\/\/www.hannover.ihk.de\/\">Industrie- und Handelskammer<\/a><br \/>\n<\/div><\/div><\/div><\/li>\n<li><div class='av-catalogue-item'><div class='av-catalogue-item-inner'><div class='av-catalogue-title-container'><div class='av-catalogue-title'><\/div><div class='av-catalogue-price'><\/div><\/div><div class=\"av-catalogue-content\">\n<a style=\"color: #111;\" href=\"https:\/\/www.kmk.org\/\">Kultusministerkonferenz<\/a><br \/>\n<\/div><\/div><\/div><\/li>\n<li><div class='av-catalogue-item'><div class='av-catalogue-item-inner'><div class='av-catalogue-title-container'><div class='av-catalogue-title'><\/div><div class='av-catalogue-price'><\/div><\/div><div class=\"av-catalogue-content\">\n<a style=\"color: #111;\" href=\"http:\/\/www.mk.niedersachsen.de\/portal\/live.php?navigation_id=1958&amp;article_id=6464&amp;_psmand=8\">Landesschulbeh\u00f6rde<\/a><br \/>\n<\/div><\/div><\/div><\/li>\n<li><div class='av-catalogue-item'><div class='av-catalogue-item-inner'><div class='av-catalogue-title-container'><div class='av-catalogue-title'><\/div><div class='av-catalogue-price'><\/div><\/div><div class=\"av-catalogue-content\">\n<a style=\"color: #111;\" href=\"https:\/\/lehrstellenboerse.hannover.ihk.de\/ihk\/\">Lehrstellenb\u00f6rse IHK<\/a><br \/>\n<\/div><\/div><\/div><\/li>\n<li><div class='av-catalogue-item'><div class='av-catalogue-item-inner'><div class='av-catalogue-title-container'><div class='av-catalogue-title'><\/div><div class='av-catalogue-price'><\/div><\/div><div class=\"av-catalogue-content\">\n<a style=\"color: #111;\" href=\"http:\/\/lehrstellenboerse.hwk-hannover.de\/\">Lehrstellenb\u00f6rse HWK<\/a><br \/>\n<\/div><\/div><\/div><\/li>\n<li><div class='av-catalogue-item'><div class='av-catalogue-item-inner'><div class='av-catalogue-title-container'><div class='av-catalogue-title'><\/div><div class='av-catalogue-price'><\/div><\/div><div class=\"av-catalogue-content\">\n<a style=\"color: #111;\" href=\"http:\/\/www.mpz-hannover.de\/\" target=\"_blank\" rel=\"noopener\">Medienp\u00e4dagogisches Zentrum Hannover<\/a><br \/>\n<\/div><\/div><\/div><\/li>\n<li><div class='av-catalogue-item'><div class='av-catalogue-item-inner'><div class='av-catalogue-title-container'><div class='av-catalogue-title'><\/div><div class='av-catalogue-price'><\/div><\/div><div class=\"av-catalogue-content\">\n<a style=\"color: #111;\" href=\"http:\/\/www.mk.niedersachsen.de\/portal\/live.php?navigation_id=1813&amp;_psmand=8\">Nds. Kultusministerium<\/a><br \/>\n<\/div><\/div><\/div><\/li>\n<li><div class='av-catalogue-item'><div class='av-catalogue-item-inner'><div class='av-catalogue-title-container'><div class='av-catalogue-title'><\/div><div class='av-catalogue-price'><\/div><\/div><div class=\"av-catalogue-content\">\n<a style=\"color: #111;\" href=\"http:\/\/www.bpb.de\/\">Bundeszentrale f\u00fcr politische Bildung<\/a><br \/>\n<\/div><\/div><\/div><\/li>\n<li><div class='av-catalogue-item'><div class='av-catalogue-item-inner'><div class='av-catalogue-title-container'><div class='av-catalogue-title'><\/div><div class='av-catalogue-price'><\/div><\/div><div class=\"av-catalogue-content\">\n<a style=\"color: #111;\" href=\"http:\/\/www.studieren-ohne-abitur.de\">Studienf\u00fchrer f\u00fcr beruflich Qualifizierte<\/a><br \/>\n<\/div><\/div><\/div><\/li>\n<\/ul><\/div>\n<\/div><\/div><div class=\"flex_cell no_margin av_one_third  avia-builder-el-9  el_after_av_cell_one_third  avia-builder-el-last   \"  style='vertical-align:top; padding:60px 30px 30px 30px ; ' ><div class='flex_cell_inner' ><div  class='av-catalogue-container   avia-builder-el-10  avia-builder-el-no-sibling '><ul class='av-catalogue-list'>\n<li><div class='av-catalogue-item'><div class='av-catalogue-item-inner'><div class='av-catalogue-title-container'><div class='av-catalogue-title'><\/div><div class='av-catalogue-price'><\/div><\/div><div class=\"av-catalogue-content\">\n<a style=\"color: #111;\" href=\"http:\/\/www.nmbg.de\/\">Norddeutsche Metallberufsgenossenschaft<\/a><br \/>\n<\/div><\/div><\/div><\/li>\n<li><div class='av-catalogue-item'><div class='av-catalogue-item-inner'><div class='av-catalogue-title-container'><div class='av-catalogue-title'><\/div><div class='av-catalogue-price'><\/div><\/div><div class=\"av-catalogue-content\">\n<a style=\"color: #111;\" href=\"http:\/\/www.offene-hochschule-niedersachsen.de\/\">Offene Hochschule Niedersachen<\/a> &#8211; Studienangebote f\u00fcr beruflich Qualifizierte ohne Abitur<br \/>\n<\/div><\/div><\/div><\/li>\n<li><div class='av-catalogue-item'><div class='av-catalogue-item-inner'><div class='av-catalogue-title-container'><div class='av-catalogue-title'><\/div><div class='av-catalogue-price'><\/div><\/div><div class=\"av-catalogue-content\">\n<a style=\"color: #111;\" href=\"https:\/\/www.kmk.org\/404-fehler.html\">Rahmenlehrpl\u00e4ne f\u00fcr Ausbildungsberufe (KMK-Downloads)<\/a><br \/>\n<\/div><\/div><\/div><\/li>\n<li><div class='av-catalogue-item'><div class='av-catalogue-item-inner'><div class='av-catalogue-title-container'><div class='av-catalogue-title'><\/div><div class='av-catalogue-price'><\/div><\/div><div class=\"av-catalogue-content\">\n<a style=\"color: #111;\" href=\"https:\/\/www.stuttgart.ihk24.de\/aus_und_weiterbildung\/pal\/\">PAL<\/a> (Pr\u00fcfungsaufgaben und Lehrmittelstelle der IHK)<br \/>\n<\/div><\/div><\/div><\/li>\n<li><div class='av-catalogue-item'><div class='av-catalogue-item-inner'><div class='av-catalogue-title-container'><div class='av-catalogue-title'><\/div><div class='av-catalogue-price'><\/div><\/div><div class=\"av-catalogue-content\">\n<a style=\"color: #111;\" href=\"http:\/\/www.hannover.de\/Leben-in-der-Region-Hannover\/Verwaltungen-Kommunen\/Die-Verwaltung-der-Region-Hannover\">Region Hannover<\/a><br \/>\n<\/div><\/div><\/div><\/li>\n<li><div class='av-catalogue-item'><div class='av-catalogue-item-inner'><div class='av-catalogue-title-container'><div class='av-catalogue-title'><\/div><div class='av-catalogue-price'><\/div><\/div><div class=\"av-catalogue-content\">\n<a style=\"color: #111;\" href=\"http:\/\/www.schure.de\/\">Schulrecht<\/a><br \/>\n<\/div><\/div><\/div><\/li>\n<li><div class='av-catalogue-item'><div class='av-catalogue-item-inner'><div class='av-catalogue-title-container'><div class='av-catalogue-title'><\/div><div class='av-catalogue-price'><\/div><\/div><div class=\"av-catalogue-content\">\n<a style=\"color: #111;\" href=\"http:\/\/www.hannover.de\/\">Stadt Hannover<\/a><br \/>\n<\/div><\/div><\/div><\/li>\n<li><div class='av-catalogue-item'><div class='av-catalogue-item-inner'><div class='av-catalogue-title-container'><div class='av-catalogue-title'><\/div><div class='av-catalogue-price'><\/div><\/div><div class=\"av-catalogue-content\">\n<a style=\"color: #111;\" href=\"https:\/\/www.stipendienlotse.de\/\">Stipentienlotse<\/a><br \/>\n<\/div><\/div><\/div><\/li>\n<li><div class='av-catalogue-item'><div class='av-catalogue-item-inner'><div class='av-catalogue-title-container'><div class='av-catalogue-title'><\/div><div class='av-catalogue-price'><\/div><\/div><div class=\"av-catalogue-content\">\n<a style=\"color: #111;\" href=\"http:\/\/www.avicenna-studienwerk.de\/\">Avicenna-Studienwerk<\/a> &#8211; Stipendienf\u00f6rderung von talentierten und sozial engagierten muslimischen Studierenden<br \/>\n<\/div><\/div><\/div><\/li>\n<li><div class='av-catalogue-item'><div class='av-catalogue-item-inner'><div class='av-catalogue-title-container'><div class='av-catalogue-title'><\/div><div class='av-catalogue-price'><\/div><\/div><div class=\"av-catalogue-content\">\n<a style=\"color: #111;\" href=\"http:\/\/www.hannover.de\/Wirtschaft-Wissenschaft\/Wissenschaft\">Wissenschaftsstadt Hannover<\/a><br \/>\n<\/div><\/div><\/div><\/li>\n<\/ul><\/div>\n<\/div><\/div><\/div>\n","protected":false},"excerpt":{"rendered":"","protected":false},"author":1,"featured_media":0,"parent":0,"menu_order":0,"comment_status":"closed","ping_status":"closed","template":"","meta":{"footnotes":""},"page_category":[99],"yoast_head":"<!-- This site is optimized with the Yoast SEO plugin v22.8 - https:\/\/yoast.com\/wordpress\/plugins\/seo\/ -->\n<title>Links - bbs|me<\/title>\n<meta name=\"robots\" content=\"index, follow, max-snippet:-1, max-image-preview:large, max-video-preview:-1\" \/>\n<link rel=\"canonical\" href=\"https:\/\/www2.bbs-me.de\/index.php\/links\/\" \/>\n<meta property=\"og:locale\" content=\"de_DE\" \/>\n<meta property=\"og:type\" content=\"article\" \/>\n<meta property=\"og:title\" content=\"Links - bbs|me\" \/>\n<meta property=\"og:url\" content=\"https:\/\/www2.bbs-me.de\/index.php\/links\/\" \/>\n<meta property=\"og:site_name\" content=\"bbs|me\" \/>\n<meta property=\"article:modified_time\" content=\"2018-01-31T14:04:52+00:00\" \/>\n<meta name=\"twitter:card\" content=\"summary_large_image\" \/>\n<meta name=\"twitter:label1\" content=\"Gesch\u00e4tzte Lesezeit\" \/>\n\t<meta name=\"twitter:data1\" content=\"5\u00a0Minuten\" \/>\n<script type=\"application\/ld+json\" class=\"yoast-schema-graph\">{\"@context\":\"https:\/\/schema.org\",\"@graph\":[{\"@type\":\"WebPage\",\"@id\":\"https:\/\/www2.bbs-me.de\/index.php\/links\/\",\"url\":\"https:\/\/www2.bbs-me.de\/index.php\/links\/\",\"name\":\"Links - bbs|me\",\"isPartOf\":{\"@id\":\"https:\/\/www2.bbs-me.de\/#website\"},\"datePublished\":\"2016-01-20T15:40:36+00:00\",\"dateModified\":\"2018-01-31T14:04:52+00:00\",\"breadcrumb\":{\"@id\":\"https:\/\/www2.bbs-me.de\/index.php\/links\/#breadcrumb\"},\"inLanguage\":\"de\",\"potentialAction\":[{\"@type\":\"ReadAction\",\"target\":[\"https:\/\/www2.bbs-me.de\/index.php\/links\/\"]}]},{\"@type\":\"BreadcrumbList\",\"@id\":\"https:\/\/www2.bbs-me.de\/index.php\/links\/#breadcrumb\",\"itemListElement\":[{\"@type\":\"ListItem\",\"position\":1,\"name\":\"Startseite\",\"item\":\"https:\/\/www2.bbs-me.de\/\"},{\"@type\":\"ListItem\",\"position\":2,\"name\":\"Links\"}]},{\"@type\":\"WebSite\",\"@id\":\"https:\/\/www2.bbs-me.de\/#website\",\"url\":\"https:\/\/www2.bbs-me.de\/\",\"name\":\"bbs|me\",\"description\":\"Otto-Brenner-Schule - Berufsbildende Schule Metalltechnik \u2022 Elektrotechnik der Region Hannover\",\"potentialAction\":[{\"@type\":\"SearchAction\",\"target\":{\"@type\":\"EntryPoint\",\"urlTemplate\":\"https:\/\/www2.bbs-me.de\/?s={search_term_string}\"},\"query-input\":\"required name=search_term_string\"}],\"inLanguage\":\"de\"}]}<\/script>\n<!-- \/ Yoast SEO plugin. -->","yoast_head_json":{"title":"Links - bbs|me","robots":{"index":"index","follow":"follow","max-snippet":"max-snippet:-1","max-image-preview":"max-image-preview:large","max-video-preview":"max-video-preview:-1"},"canonical":"https:\/\/www2.bbs-me.de\/index.php\/links\/","og_locale":"de_DE","og_type":"article","og_title":"Links - bbs|me","og_url":"https:\/\/www2.bbs-me.de\/index.php\/links\/","og_site_name":"bbs|me","article_modified_time":"2018-01-31T14:04:52+00:00","twitter_card":"summary_large_image","twitter_misc":{"Gesch\u00e4tzte Lesezeit":"5\u00a0Minuten"},"schema":{"@context":"https:\/\/schema.org","@graph":[{"@type":"WebPage","@id":"https:\/\/www2.bbs-me.de\/index.php\/links\/","url":"https:\/\/www2.bbs-me.de\/index.php\/links\/","name":"Links - bbs|me","isPartOf":{"@id":"https:\/\/www2.bbs-me.de\/#website"},"datePublished":"2016-01-20T15:40:36+00:00","dateModified":"2018-01-31T14:04:52+00:00","breadcrumb":{"@id":"https:\/\/www2.bbs-me.de\/index.php\/links\/#breadcrumb"},"inLanguage":"de","potentialAction":[{"@type":"ReadAction","target":["https:\/\/www2.bbs-me.de\/index.php\/links\/"]}]},{"@type":"BreadcrumbList","@id":"https:\/\/www2.bbs-me.de\/index.php\/links\/#breadcrumb","itemListElement":[{"@type":"ListItem","position":1,"name":"Startseite","item":"https:\/\/www2.bbs-me.de\/"},{"@type":"ListItem","position":2,"name":"Links"}]},{"@type":"WebSite","@id":"https:\/\/www2.bbs-me.de\/#website","url":"https:\/\/www2.bbs-me.de\/","name":"bbs|me","description":"Otto-Brenner-Schule - Berufsbildende Schule Metalltechnik \u2022 Elektrotechnik der Region Hannover","potentialAction":[{"@type":"SearchAction","target":{"@type":"EntryPoint","urlTemplate":"https:\/\/www2.bbs-me.de\/?s={search_term_string}"},"query-input":"required name=search_term_string"}],"inLanguage":"de"}]}},"publishpress_future_action":{"enabled":false,"date":"2026-04-12 19:18:51","action":"change-status","newStatus":"draft","terms":[],"taxonomy":"page_category"},"_links":{"self":[{"href":"https:\/\/www2.bbs-me.de\/index.php\/wp-json\/wp\/v2\/pages\/1789"}],"collection":[{"href":"https:\/\/www2.bbs-me.de\/index.php\/wp-json\/wp\/v2\/pages"}],"about":[{"href":"https:\/\/www2.bbs-me.de\/index.php\/wp-json\/wp\/v2\/types\/page"}],"author":[{"embeddable":true,"href":"https:\/\/www2.bbs-me.de\/index.php\/wp-json\/wp\/v2\/users\/1"}],"replies":[{"embeddable":true,"href":"https:\/\/www2.bbs-me.de\/index.php\/wp-json\/wp\/v2\/comments?post=1789"}],"version-history":[{"count":49,"href":"https:\/\/www2.bbs-me.de\/index.php\/wp-json\/wp\/v2\/pages\/1789\/revisions"}],"predecessor-version":[{"id":12721,"href":"https:\/\/www2.bbs-me.de\/index.php\/wp-json\/wp\/v2\/pages\/1789\/revisions\/12721"}],"wp:attachment":[{"href":"https:\/\/www2.bbs-me.de\/index.php\/wp-json\/wp\/v2\/media?parent=1789"}],"wp:term":[{"taxonomy":"page_category","embeddable":true,"href":"https:\/\/www2.bbs-me.de\/index.php\/wp-json\/wp\/v2\/page_category?post=1789"}],"curies":[{"name":"wp","href":"https:\/\/api.w.org\/{rel}","templated":true}]}}