{"id":18488,"date":"2020-02-26T17:05:12","date_gmt":"2020-02-26T16:05:12","guid":{"rendered":"https:\/\/www2.bbs-me.de\/?page_id=18488"},"modified":"2020-02-26T17:41:16","modified_gmt":"2020-02-26T16:41:16","slug":"kommunikation","status":"publish","type":"page","link":"https:\/\/www2.bbs-me.de\/index.php\/startseite-dev-dropdown\/technikerschule-2\/berufsuebergreifende-lernbereiche\/kommunikation\/","title":{"rendered":"Kommunikation"},"content":{"rendered":"<section class=\"av_textblock_section \"  itemscope=\"itemscope\" itemtype=\"https:\/\/schema.org\/CreativeWork\" ><div class='avia_textblock  '  style='font-size:16px; '  itemprop=\"text\" ><p>Der Deutschunterricht an der Technikerschule st\u00e4rkt Ihre kommunikative Kompetenz, die Sie vor allem gegen\u00fcber Mitarbeiterinnen und Mitarbeitern, Vorgesetzten, Kundinnen und Kunden ben\u00f6tigen, um gew\u00fcnschte Probleml\u00f6sungen zu erreichen.<\/p>\n<\/div><\/section>\n<div class=\"flex_column av_one_full  flex_column_div av-zero-column-padding first  avia-builder-el-1  el_after_av_textblock  avia-builder-el-last  column-top-margin\" style='border-radius:0px; '><div  class='avia-icon-list-container   avia-builder-el-2  avia-builder-el-no-sibling '><ul class='avia-icon-list avia-icon-list-left av-iconlist-big avia_animate_when_almost_visible avia-iconlist-animate'>\n<li><div  class='iconlist_icon  avia-font-entypo-fontello'><span class='iconlist-char ' aria-hidden='true' data-av_icon='\ue811' data-av_iconfont='entypo-fontello'><\/span><\/div><article class=\"article-icon-entry av-iconlist-empty\"  itemscope=\"itemscope\" itemtype=\"https:\/\/schema.org\/CreativeWork\" ><div class='iconlist_content_wrap'><header class=\"entry-content-header\"><h4 class='av_iconlist_title iconlist_title   '  itemprop=\"headline\"  ><a href='https:\/\/www2.bbs-me.de\/index.php\/startseite-dev-dropdown\/technikerschule-2\/berufsuebergreifende-lernbereiche\/kommunikation\/deutsch-stuktur' title='Struktur und Inhalte'>Struktur und Inhalte<\/a><\/h4><\/header><div class='iconlist_content  '  itemprop=\"text\"  ><\/div><\/div><footer class=\"entry-footer\"><\/footer><\/article><div class='iconlist-timeline'><\/div><\/li>\n<li><div  class='iconlist_icon  avia-font-entypo-fontello'><span class='iconlist-char ' aria-hidden='true' data-av_icon='\ue80c' data-av_iconfont='entypo-fontello'><\/span><\/div><article class=\"article-icon-entry av-iconlist-empty\"  itemscope=\"itemscope\" itemtype=\"https:\/\/schema.org\/CreativeWork\" ><div class='iconlist_content_wrap'><header class=\"entry-content-header\"><h4 class='av_iconlist_title iconlist_title   '  itemprop=\"headline\"  ><a href='https:\/\/www2.bbs-me.de\/index.php\/startseite-dev-dropdown\/technikerschule-2\/berufsuebergreifende-lernbereiche\/kommunikation\/bewerbertraining' title='Beispiel Bewerbertraining'>Beispiel Bewerbertraining<\/a><\/h4><\/header><div class='iconlist_content  '  itemprop=\"text\"  ><\/div><\/div><footer class=\"entry-footer\"><\/footer><\/article><div class='iconlist-timeline'><\/div><\/li>\n<\/ul><\/div><\/div>\n","protected":false},"excerpt":{"rendered":"","protected":false},"author":18,"featured_media":0,"parent":16788,"menu_order":0,"comment_status":"closed","ping_status":"closed","template":"","meta":{"footnotes":""},"page_category":[],"yoast_head":"<!-- This site is optimized with the Yoast SEO plugin v22.8 - https:\/\/yoast.com\/wordpress\/plugins\/seo\/ -->\n<title>Kommunikation - bbs|me<\/title>\n<meta name=\"robots\" content=\"index, follow, max-snippet:-1, max-image-preview:large, max-video-preview:-1\" \/>\n<link rel=\"canonical\" href=\"https:\/\/www2.bbs-me.de\/index.php\/startseite-dev-dropdown\/technikerschule-2\/berufsuebergreifende-lernbereiche\/kommunikation\/\" \/>\n<meta property=\"og:locale\" content=\"de_DE\" \/>\n<meta property=\"og:type\" content=\"article\" \/>\n<meta property=\"og:title\" content=\"Kommunikation - bbs|me\" \/>\n<meta property=\"og:url\" content=\"https:\/\/www2.bbs-me.de\/index.php\/startseite-dev-dropdown\/technikerschule-2\/berufsuebergreifende-lernbereiche\/kommunikation\/\" \/>\n<meta property=\"og:site_name\" content=\"bbs|me\" \/>\n<meta property=\"article:modified_time\" content=\"2020-02-26T16:41:16+00:00\" \/>\n<meta name=\"twitter:card\" content=\"summary_large_image\" \/>\n<meta name=\"twitter:label1\" content=\"Gesch\u00e4tzte Lesezeit\" \/>\n\t<meta name=\"twitter:data1\" content=\"1\u00a0Minute\" \/>\n<script type=\"application\/ld+json\" class=\"yoast-schema-graph\">{\"@context\":\"https:\/\/schema.org\",\"@graph\":[{\"@type\":\"WebPage\",\"@id\":\"https:\/\/www2.bbs-me.de\/index.php\/startseite-dev-dropdown\/technikerschule-2\/berufsuebergreifende-lernbereiche\/kommunikation\/\",\"url\":\"https:\/\/www2.bbs-me.de\/index.php\/startseite-dev-dropdown\/technikerschule-2\/berufsuebergreifende-lernbereiche\/kommunikation\/\",\"name\":\"Kommunikation - bbs|me\",\"isPartOf\":{\"@id\":\"https:\/\/www2.bbs-me.de\/#website\"},\"datePublished\":\"2020-02-26T16:05:12+00:00\",\"dateModified\":\"2020-02-26T16:41:16+00:00\",\"breadcrumb\":{\"@id\":\"https:\/\/www2.bbs-me.de\/index.php\/startseite-dev-dropdown\/technikerschule-2\/berufsuebergreifende-lernbereiche\/kommunikation\/#breadcrumb\"},\"inLanguage\":\"de\",\"potentialAction\":[{\"@type\":\"ReadAction\",\"target\":[\"https:\/\/www2.bbs-me.de\/index.php\/startseite-dev-dropdown\/technikerschule-2\/berufsuebergreifende-lernbereiche\/kommunikation\/\"]}]},{\"@type\":\"BreadcrumbList\",\"@id\":\"https:\/\/www2.bbs-me.de\/index.php\/startseite-dev-dropdown\/technikerschule-2\/berufsuebergreifende-lernbereiche\/kommunikation\/#breadcrumb\",\"itemListElement\":[{\"@type\":\"ListItem\",\"position\":1,\"name\":\"Startseite\",\"item\":\"https:\/\/www2.bbs-me.de\/\"},{\"@type\":\"ListItem\",\"position\":2,\"name\":\"Startseite\",\"item\":\"https:\/\/www2.bbs-me.de\/\"},{\"@type\":\"ListItem\",\"position\":3,\"name\":\"Technikerschule\",\"item\":\"https:\/\/www2.bbs-me.de\/index.php\/startseite-dev-dropdown\/technikerschule-2\/\"},{\"@type\":\"ListItem\",\"position\":4,\"name\":\"Berufs\u00fcbergreifende Lernbereiche\",\"item\":\"https:\/\/www2.bbs-me.de\/index.php\/startseite-dev-dropdown\/technikerschule-2\/berufsuebergreifende-lernbereiche\/\"},{\"@type\":\"ListItem\",\"position\":5,\"name\":\"Kommunikation\"}]},{\"@type\":\"WebSite\",\"@id\":\"https:\/\/www2.bbs-me.de\/#website\",\"url\":\"https:\/\/www2.bbs-me.de\/\",\"name\":\"bbs|me\",\"description\":\"Otto-Brenner-Schule - Berufsbildende Schule Metalltechnik \u2022 Elektrotechnik der Region Hannover\",\"potentialAction\":[{\"@type\":\"SearchAction\",\"target\":{\"@type\":\"EntryPoint\",\"urlTemplate\":\"https:\/\/www2.bbs-me.de\/?s={search_term_string}\"},\"query-input\":\"required name=search_term_string\"}],\"inLanguage\":\"de\"}]}<\/script>\n<!-- \/ Yoast SEO plugin. -->","yoast_head_json":{"title":"Kommunikation - bbs|me","robots":{"index":"index","follow":"follow","max-snippet":"max-snippet:-1","max-image-preview":"max-image-preview:large","max-video-preview":"max-video-preview:-1"},"canonical":"https:\/\/www2.bbs-me.de\/index.php\/startseite-dev-dropdown\/technikerschule-2\/berufsuebergreifende-lernbereiche\/kommunikation\/","og_locale":"de_DE","og_type":"article","og_title":"Kommunikation - bbs|me","og_url":"https:\/\/www2.bbs-me.de\/index.php\/startseite-dev-dropdown\/technikerschule-2\/berufsuebergreifende-lernbereiche\/kommunikation\/","og_site_name":"bbs|me","article_modified_time":"2020-02-26T16:41:16+00:00","twitter_card":"summary_large_image","twitter_misc":{"Gesch\u00e4tzte Lesezeit":"1\u00a0Minute"},"schema":{"@context":"https:\/\/schema.org","@graph":[{"@type":"WebPage","@id":"https:\/\/www2.bbs-me.de\/index.php\/startseite-dev-dropdown\/technikerschule-2\/berufsuebergreifende-lernbereiche\/kommunikation\/","url":"https:\/\/www2.bbs-me.de\/index.php\/startseite-dev-dropdown\/technikerschule-2\/berufsuebergreifende-lernbereiche\/kommunikation\/","name":"Kommunikation - bbs|me","isPartOf":{"@id":"https:\/\/www2.bbs-me.de\/#website"},"datePublished":"2020-02-26T16:05:12+00:00","dateModified":"2020-02-26T16:41:16+00:00","breadcrumb":{"@id":"https:\/\/www2.bbs-me.de\/index.php\/startseite-dev-dropdown\/technikerschule-2\/berufsuebergreifende-lernbereiche\/kommunikation\/#breadcrumb"},"inLanguage":"de","potentialAction":[{"@type":"ReadAction","target":["https:\/\/www2.bbs-me.de\/index.php\/startseite-dev-dropdown\/technikerschule-2\/berufsuebergreifende-lernbereiche\/kommunikation\/"]}]},{"@type":"BreadcrumbList","@id":"https:\/\/www2.bbs-me.de\/index.php\/startseite-dev-dropdown\/technikerschule-2\/berufsuebergreifende-lernbereiche\/kommunikation\/#breadcrumb","itemListElement":[{"@type":"ListItem","position":1,"name":"Startseite","item":"https:\/\/www2.bbs-me.de\/"},{"@type":"ListItem","position":2,"name":"Startseite","item":"https:\/\/www2.bbs-me.de\/"},{"@type":"ListItem","position":3,"name":"Technikerschule","item":"https:\/\/www2.bbs-me.de\/index.php\/startseite-dev-dropdown\/technikerschule-2\/"},{"@type":"ListItem","position":4,"name":"Berufs\u00fcbergreifende Lernbereiche","item":"https:\/\/www2.bbs-me.de\/index.php\/startseite-dev-dropdown\/technikerschule-2\/berufsuebergreifende-lernbereiche\/"},{"@type":"ListItem","position":5,"name":"Kommunikation"}]},{"@type":"WebSite","@id":"https:\/\/www2.bbs-me.de\/#website","url":"https:\/\/www2.bbs-me.de\/","name":"bbs|me","description":"Otto-Brenner-Schule - Berufsbildende Schule Metalltechnik \u2022 Elektrotechnik der Region Hannover","potentialAction":[{"@type":"SearchAction","target":{"@type":"EntryPoint","urlTemplate":"https:\/\/www2.bbs-me.de\/?s={search_term_string}"},"query-input":"required name=search_term_string"}],"inLanguage":"de"}]}},"publishpress_future_action":{"enabled":false,"date":"2026-04-12 20:51:52","action":"change-status","newStatus":"draft","terms":[],"taxonomy":"page_category"},"_links":{"self":[{"href":"https:\/\/www2.bbs-me.de\/index.php\/wp-json\/wp\/v2\/pages\/18488"}],"collection":[{"href":"https:\/\/www2.bbs-me.de\/index.php\/wp-json\/wp\/v2\/pages"}],"about":[{"href":"https:\/\/www2.bbs-me.de\/index.php\/wp-json\/wp\/v2\/types\/page"}],"author":[{"embeddable":true,"href":"https:\/\/www2.bbs-me.de\/index.php\/wp-json\/wp\/v2\/users\/18"}],"replies":[{"embeddable":true,"href":"https:\/\/www2.bbs-me.de\/index.php\/wp-json\/wp\/v2\/comments?post=18488"}],"version-history":[{"count":6,"href":"https:\/\/www2.bbs-me.de\/index.php\/wp-json\/wp\/v2\/pages\/18488\/revisions"}],"predecessor-version":[{"id":18502,"href":"https:\/\/www2.bbs-me.de\/index.php\/wp-json\/wp\/v2\/pages\/18488\/revisions\/18502"}],"up":[{"embeddable":true,"href":"https:\/\/www2.bbs-me.de\/index.php\/wp-json\/wp\/v2\/pages\/16788"}],"wp:attachment":[{"href":"https:\/\/www2.bbs-me.de\/index.php\/wp-json\/wp\/v2\/media?parent=18488"}],"wp:term":[{"taxonomy":"page_category","embeddable":true,"href":"https:\/\/www2.bbs-me.de\/index.php\/wp-json\/wp\/v2\/page_category?post=18488"}],"curies":[{"name":"wp","href":"https:\/\/api.w.org\/{rel}","templated":true}]}}