{"id":18508,"date":"2020-02-26T17:37:57","date_gmt":"2020-02-26T16:37:57","guid":{"rendered":"https:\/\/www2.bbs-me.de\/?page_id=18508"},"modified":"2020-02-26T17:45:09","modified_gmt":"2020-02-26T16:45:09","slug":"bewerbertraining","status":"publish","type":"page","link":"https:\/\/www2.bbs-me.de\/index.php\/startseite-dev-dropdown\/technikerschule-2\/berufsuebergreifende-lernbereiche\/kommunikation\/bewerbertraining\/","title":{"rendered":"Bewerbertraining"},"content":{"rendered":"<section class=\"av_textblock_section \"  itemscope=\"itemscope\" itemtype=\"https:\/\/schema.org\/CreativeWork\" ><div class='avia_textblock  '  style='font-size:16px; '  itemprop=\"text\" ><p><strong>Wie macht man Werbung in eigener Sache?<\/strong><\/p>\n<p><strong>Unterrichtsprojekt \u201eBewerbungen\u201c im Fach Deutsch an der Technikerschule<\/strong><\/p>\n<p>\u201eWas kann ich tun, um mit meiner Bewerbung positiv aufzufallen?\u201c<\/p>\n<p>Diese und andere Fragen rund um das Thema \u201eBewerbungen\u201c stellen sich Sch\u00fcler und Sch\u00fclerinnen der Technikerschule besonders in der Endphase ihrer zweij\u00e4hrigen Weiterbildung zum staatlich gepr\u00fcften Techniker. Vielen f\u00e4llt auf, dass sie ihre letzte und einzige Bewerbung bei der Suche nach einem Ausbildungsplatz geschrieben haben.<\/p>\n<p>In Zeiten von Online-Bewerbungsverfahren, Telefon- und Videointerviews f\u00fchlen sich viele unsicher, so dass die Deutsch-Lehrkr\u00e4fte Andrea Hackmann und Astrid Scheffer neben dem im Unterricht vermittelten Wissen \u00fcber Anschreiben, Lebenslauf und Foto in diesem Jahr auch den Kontakt zum Personalbereich einzelner Firmen erm\u00f6glichten. So konnten die Sch\u00fclerinnen und Sch\u00fcler erstmals ihre Fragen direkt an die Personalverantwortlichen richten und bekamen damit einen einmaligen Einblick in die Praxis des Bewerbungsverfahrens und der Bewerberauswahl.<\/p>\n<p>Die Firma TUI Info Tec bot im Januar und Februar 2019 jeweils in einem eint\u00e4gigen Seminar in der BBS|me die M\u00f6glichkeit Assessment-Center-Aufgaben zu l\u00f6sen, eigene Fragen zu stellen, Bewerbungsschreiben zu analysieren oder auch ein Vorstellungsgespr\u00e4ch zu \u00fcben. Zwei Personalreferentinnen standen Rede und Antwort und gaben Einblicke in das Auswahlverfahren bzw. in die \u201eDenkweise eines Personalers\u201c.<\/p>\n<p>Die Firmen Johnson Controlls (inzwischen Clarios) und Continental Reifen AG luden jeweils eine Klasse der Technikerschule zum Ganztagesworkshop zu sich ein. Neben dem klassischen Bewerbungsverfahren in Papierform spielte hier auch die Bewerbung per Mail eine gro\u00dfe Rolle. Es gab Hinweise zu inhaltlichen und formalen Fragen &#8211; so konnte zum Beispiel gekl\u00e4rt werden, dass Bewerbungsunterlagen immer als PDF-Datei vorliegen sollten. Beide Firmen stellten unseren Sch\u00fclern gleich mehrere Personaler als Unterst\u00fctzung zur Verf\u00fcgung und sammelten vorab fiktive Bewerbungen aller Sch\u00fcler ein, um diese zu analysieren und mit den Teilnehmern zu verbessern. Als kleine Auflockerung zwischendurch gab es spannende Werksf\u00fchrungen und leckeres Mittagessen in den Werkskantinen.<\/p>\n<p>(Auszug aus dem Jahrbuch 2019\/20)<\/p>\n<\/div><\/section>\n","protected":false},"excerpt":{"rendered":"","protected":false},"author":18,"featured_media":0,"parent":18488,"menu_order":0,"comment_status":"closed","ping_status":"closed","template":"","meta":{"footnotes":""},"page_category":[],"yoast_head":"<!-- This site is optimized with the Yoast SEO plugin v22.8 - https:\/\/yoast.com\/wordpress\/plugins\/seo\/ -->\n<title>Bewerbertraining - bbs|me<\/title>\n<meta name=\"robots\" content=\"index, follow, max-snippet:-1, max-image-preview:large, max-video-preview:-1\" \/>\n<link rel=\"canonical\" href=\"https:\/\/www2.bbs-me.de\/index.php\/startseite-dev-dropdown\/technikerschule-2\/berufsuebergreifende-lernbereiche\/kommunikation\/bewerbertraining\/\" \/>\n<meta property=\"og:locale\" content=\"de_DE\" \/>\n<meta property=\"og:type\" content=\"article\" \/>\n<meta property=\"og:title\" content=\"Bewerbertraining - bbs|me\" \/>\n<meta property=\"og:url\" content=\"https:\/\/www2.bbs-me.de\/index.php\/startseite-dev-dropdown\/technikerschule-2\/berufsuebergreifende-lernbereiche\/kommunikation\/bewerbertraining\/\" \/>\n<meta property=\"og:site_name\" content=\"bbs|me\" \/>\n<meta property=\"article:modified_time\" content=\"2020-02-26T16:45:09+00:00\" \/>\n<meta name=\"twitter:card\" content=\"summary_large_image\" \/>\n<meta name=\"twitter:label1\" content=\"Gesch\u00e4tzte Lesezeit\" \/>\n\t<meta name=\"twitter:data1\" content=\"2\u00a0Minuten\" \/>\n<script type=\"application\/ld+json\" class=\"yoast-schema-graph\">{\"@context\":\"https:\/\/schema.org\",\"@graph\":[{\"@type\":\"WebPage\",\"@id\":\"https:\/\/www2.bbs-me.de\/index.php\/startseite-dev-dropdown\/technikerschule-2\/berufsuebergreifende-lernbereiche\/kommunikation\/bewerbertraining\/\",\"url\":\"https:\/\/www2.bbs-me.de\/index.php\/startseite-dev-dropdown\/technikerschule-2\/berufsuebergreifende-lernbereiche\/kommunikation\/bewerbertraining\/\",\"name\":\"Bewerbertraining - bbs|me\",\"isPartOf\":{\"@id\":\"https:\/\/www2.bbs-me.de\/#website\"},\"datePublished\":\"2020-02-26T16:37:57+00:00\",\"dateModified\":\"2020-02-26T16:45:09+00:00\",\"breadcrumb\":{\"@id\":\"https:\/\/www2.bbs-me.de\/index.php\/startseite-dev-dropdown\/technikerschule-2\/berufsuebergreifende-lernbereiche\/kommunikation\/bewerbertraining\/#breadcrumb\"},\"inLanguage\":\"de\",\"potentialAction\":[{\"@type\":\"ReadAction\",\"target\":[\"https:\/\/www2.bbs-me.de\/index.php\/startseite-dev-dropdown\/technikerschule-2\/berufsuebergreifende-lernbereiche\/kommunikation\/bewerbertraining\/\"]}]},{\"@type\":\"BreadcrumbList\",\"@id\":\"https:\/\/www2.bbs-me.de\/index.php\/startseite-dev-dropdown\/technikerschule-2\/berufsuebergreifende-lernbereiche\/kommunikation\/bewerbertraining\/#breadcrumb\",\"itemListElement\":[{\"@type\":\"ListItem\",\"position\":1,\"name\":\"Startseite\",\"item\":\"https:\/\/www2.bbs-me.de\/\"},{\"@type\":\"ListItem\",\"position\":2,\"name\":\"Startseite\",\"item\":\"https:\/\/www2.bbs-me.de\/\"},{\"@type\":\"ListItem\",\"position\":3,\"name\":\"Technikerschule\",\"item\":\"https:\/\/www2.bbs-me.de\/index.php\/startseite-dev-dropdown\/technikerschule-2\/\"},{\"@type\":\"ListItem\",\"position\":4,\"name\":\"Berufs\u00fcbergreifende Lernbereiche\",\"item\":\"https:\/\/www2.bbs-me.de\/index.php\/startseite-dev-dropdown\/technikerschule-2\/berufsuebergreifende-lernbereiche\/\"},{\"@type\":\"ListItem\",\"position\":5,\"name\":\"Kommunikation\",\"item\":\"https:\/\/www2.bbs-me.de\/index.php\/startseite-dev-dropdown\/technikerschule-2\/berufsuebergreifende-lernbereiche\/kommunikation\/\"},{\"@type\":\"ListItem\",\"position\":6,\"name\":\"Bewerbertraining\"}]},{\"@type\":\"WebSite\",\"@id\":\"https:\/\/www2.bbs-me.de\/#website\",\"url\":\"https:\/\/www2.bbs-me.de\/\",\"name\":\"bbs|me\",\"description\":\"Otto-Brenner-Schule - Berufsbildende Schule Metalltechnik \u2022 Elektrotechnik der Region Hannover\",\"potentialAction\":[{\"@type\":\"SearchAction\",\"target\":{\"@type\":\"EntryPoint\",\"urlTemplate\":\"https:\/\/www2.bbs-me.de\/?s={search_term_string}\"},\"query-input\":\"required name=search_term_string\"}],\"inLanguage\":\"de\"}]}<\/script>\n<!-- \/ Yoast SEO plugin. -->","yoast_head_json":{"title":"Bewerbertraining - bbs|me","robots":{"index":"index","follow":"follow","max-snippet":"max-snippet:-1","max-image-preview":"max-image-preview:large","max-video-preview":"max-video-preview:-1"},"canonical":"https:\/\/www2.bbs-me.de\/index.php\/startseite-dev-dropdown\/technikerschule-2\/berufsuebergreifende-lernbereiche\/kommunikation\/bewerbertraining\/","og_locale":"de_DE","og_type":"article","og_title":"Bewerbertraining - bbs|me","og_url":"https:\/\/www2.bbs-me.de\/index.php\/startseite-dev-dropdown\/technikerschule-2\/berufsuebergreifende-lernbereiche\/kommunikation\/bewerbertraining\/","og_site_name":"bbs|me","article_modified_time":"2020-02-26T16:45:09+00:00","twitter_card":"summary_large_image","twitter_misc":{"Gesch\u00e4tzte Lesezeit":"2\u00a0Minuten"},"schema":{"@context":"https:\/\/schema.org","@graph":[{"@type":"WebPage","@id":"https:\/\/www2.bbs-me.de\/index.php\/startseite-dev-dropdown\/technikerschule-2\/berufsuebergreifende-lernbereiche\/kommunikation\/bewerbertraining\/","url":"https:\/\/www2.bbs-me.de\/index.php\/startseite-dev-dropdown\/technikerschule-2\/berufsuebergreifende-lernbereiche\/kommunikation\/bewerbertraining\/","name":"Bewerbertraining - bbs|me","isPartOf":{"@id":"https:\/\/www2.bbs-me.de\/#website"},"datePublished":"2020-02-26T16:37:57+00:00","dateModified":"2020-02-26T16:45:09+00:00","breadcrumb":{"@id":"https:\/\/www2.bbs-me.de\/index.php\/startseite-dev-dropdown\/technikerschule-2\/berufsuebergreifende-lernbereiche\/kommunikation\/bewerbertraining\/#breadcrumb"},"inLanguage":"de","potentialAction":[{"@type":"ReadAction","target":["https:\/\/www2.bbs-me.de\/index.php\/startseite-dev-dropdown\/technikerschule-2\/berufsuebergreifende-lernbereiche\/kommunikation\/bewerbertraining\/"]}]},{"@type":"BreadcrumbList","@id":"https:\/\/www2.bbs-me.de\/index.php\/startseite-dev-dropdown\/technikerschule-2\/berufsuebergreifende-lernbereiche\/kommunikation\/bewerbertraining\/#breadcrumb","itemListElement":[{"@type":"ListItem","position":1,"name":"Startseite","item":"https:\/\/www2.bbs-me.de\/"},{"@type":"ListItem","position":2,"name":"Startseite","item":"https:\/\/www2.bbs-me.de\/"},{"@type":"ListItem","position":3,"name":"Technikerschule","item":"https:\/\/www2.bbs-me.de\/index.php\/startseite-dev-dropdown\/technikerschule-2\/"},{"@type":"ListItem","position":4,"name":"Berufs\u00fcbergreifende Lernbereiche","item":"https:\/\/www2.bbs-me.de\/index.php\/startseite-dev-dropdown\/technikerschule-2\/berufsuebergreifende-lernbereiche\/"},{"@type":"ListItem","position":5,"name":"Kommunikation","item":"https:\/\/www2.bbs-me.de\/index.php\/startseite-dev-dropdown\/technikerschule-2\/berufsuebergreifende-lernbereiche\/kommunikation\/"},{"@type":"ListItem","position":6,"name":"Bewerbertraining"}]},{"@type":"WebSite","@id":"https:\/\/www2.bbs-me.de\/#website","url":"https:\/\/www2.bbs-me.de\/","name":"bbs|me","description":"Otto-Brenner-Schule - Berufsbildende Schule Metalltechnik \u2022 Elektrotechnik der Region Hannover","potentialAction":[{"@type":"SearchAction","target":{"@type":"EntryPoint","urlTemplate":"https:\/\/www2.bbs-me.de\/?s={search_term_string}"},"query-input":"required name=search_term_string"}],"inLanguage":"de"}]}},"publishpress_future_action":{"enabled":false,"date":"2026-04-12 20:52:06","action":"change-status","newStatus":"draft","terms":[],"taxonomy":"page_category"},"_links":{"self":[{"href":"https:\/\/www2.bbs-me.de\/index.php\/wp-json\/wp\/v2\/pages\/18508"}],"collection":[{"href":"https:\/\/www2.bbs-me.de\/index.php\/wp-json\/wp\/v2\/pages"}],"about":[{"href":"https:\/\/www2.bbs-me.de\/index.php\/wp-json\/wp\/v2\/types\/page"}],"author":[{"embeddable":true,"href":"https:\/\/www2.bbs-me.de\/index.php\/wp-json\/wp\/v2\/users\/18"}],"replies":[{"embeddable":true,"href":"https:\/\/www2.bbs-me.de\/index.php\/wp-json\/wp\/v2\/comments?post=18508"}],"version-history":[{"count":6,"href":"https:\/\/www2.bbs-me.de\/index.php\/wp-json\/wp\/v2\/pages\/18508\/revisions"}],"predecessor-version":[{"id":18516,"href":"https:\/\/www2.bbs-me.de\/index.php\/wp-json\/wp\/v2\/pages\/18508\/revisions\/18516"}],"up":[{"embeddable":true,"href":"https:\/\/www2.bbs-me.de\/index.php\/wp-json\/wp\/v2\/pages\/18488"}],"wp:attachment":[{"href":"https:\/\/www2.bbs-me.de\/index.php\/wp-json\/wp\/v2\/media?parent=18508"}],"wp:term":[{"taxonomy":"page_category","embeddable":true,"href":"https:\/\/www2.bbs-me.de\/index.php\/wp-json\/wp\/v2\/page_category?post=18508"}],"curies":[{"name":"wp","href":"https:\/\/api.w.org\/{rel}","templated":true}]}}