{"id":18668,"date":"2020-03-13T09:07:21","date_gmt":"2020-03-13T08:07:21","guid":{"rendered":"https:\/\/www2.bbs-me.de\/?page_id=18668"},"modified":"2020-05-27T15:56:26","modified_gmt":"2020-05-27T13:56:26","slug":"bes-allgemein","status":"publish","type":"page","link":"https:\/\/www2.bbs-me.de\/index.php\/berufseinstiegsschule_start_20_go\/bes-allgemein\/","title":{"rendered":"BES Allgemein"},"content":{"rendered":"<div class=\"flex_column av_one_full  flex_column_div av-zero-column-padding first  avia-builder-el-0  el_before_av_one_fifth  avia-builder-el-first  \" style='border-radius:0px; '><section class=\"av_textblock_section \"  itemscope=\"itemscope\" itemtype=\"https:\/\/schema.org\/CreativeWork\" ><div class='avia_textblock  '   itemprop=\"text\" ><p>Die Berufseinstiegsschule vermittelt ihren Sch\u00fclerinnen und Sch\u00fclern neben der allgemeinen auch eine fachliche Bildung, deren Schwerpunkt in der <strong>Vorbereitung auf eine berufliche Ausbildung<\/strong> oder auf eine <strong>Berufst\u00e4tigkeit<\/strong> liegt.<\/p>\n<p>In der Berufseinstiegsschule werden Sch\u00fclerinnen und Sch\u00fcler unterrichtet, die <strong>keinen Hauptschulabschluss<\/strong> haben <strong>oder<\/strong> die sonst erwarten lassen, dass sie ihre <strong>Kenntnisse und F\u00e4higkeiten noch verbessern<\/strong> m\u00fcssen, um die erforderliche Reife f\u00fcr das erfolgreiche Absolvieren einer beruflichen Ausbildung zu erlangen.<\/p>\n<p><strong>Die Berufseinstiegsschule umfasst die Klassen 1 und 2.<\/strong><\/p>\n<\/div><\/section><\/div>\n<div class=\"flex_column av_one_fifth  flex_column_div av-zero-column-padding first  avia-builder-el-2  el_after_av_one_full  el_before_av_one_fifth  column-top-margin\" style='border-radius:0px; '><section class=\"av_textblock_section \"  itemscope=\"itemscope\" itemtype=\"https:\/\/schema.org\/CreativeWork\" ><div class='avia_textblock  '   itemprop=\"text\" ><p>In <strong>Klasse 1<\/strong> werden nur Sch\u00fclerinnen und Sch\u00fcler aufgenommen, die zu Erlangung der erforderlichen Reife auf eine <strong>besondere individuelle F\u00f6rderung<\/strong> angewiesen und zudem noch<strong> schulpflichtig<\/strong> sind.<\/p>\n<\/div><\/section><\/div>\n<div class=\"flex_column av_one_fifth  flex_column_div av-zero-column-padding   avia-builder-el-4  el_after_av_one_fifth  el_before_av_one_fifth  column-top-margin\" style='border-radius:0px; '><section class=\"av_textblock_section \"  itemscope=\"itemscope\" itemtype=\"https:\/\/schema.org\/CreativeWork\" ><div class='avia_textblock  '   itemprop=\"text\" ><p>In <strong>Klasse 2<\/strong> werden alle Sch\u00fclerinnen und Sch\u00fcler aufgenommen, die keinen Hauptschulabschluss haben oder ihre Kenntnisse und F\u00e4higkeiten noch verbessern m\u00fcssen.<\/p>\n<p>In der Berufseinstiegsschule kann der <strong>Hauptschulabschluss nach Klasse 2<\/strong> erworben werden.<\/p>\n<\/div><\/section><\/div>\n<div class=\"flex_column av_one_fifth  flex_column_div av-zero-column-padding   avia-builder-el-6  el_after_av_one_fifth  el_before_av_two_fifth  column-top-margin\" style='border-radius:0px; '><section class=\"av_textblock_section \"  itemscope=\"itemscope\" itemtype=\"https:\/\/schema.org\/CreativeWork\" ><div class='avia_textblock  '   itemprop=\"text\" ><p>Zus\u00e4tzlich zu den Klassen 1 und 2 k\u00f6nnen an der Berufseinstiegsschule <strong>Sprach- und Integrationsklasse<\/strong> eingerichtet werden. In diesen werden Sch\u00fclerinnen und Sch\u00fcler unterrichtet, die zur Erlangung der erforderlichen Reife <strong>mindestens ihre Kenntnisse der deutschen Sprache verbessern<\/strong> m\u00fcssen.<\/p>\n<p>Der <strong>Wechsel in Klasse 1 oder in Klasse 2<\/strong> ist nach Erlangung hinreichender Sprachkenntnisse bei vorliegen der jeweiligen daf\u00fcr geltenden Voraussetzungen <strong>m\u00f6glich<\/strong>.<\/p>\n<\/div><\/section><\/div>\n<div class=\"flex_column av_two_fifth  flex_column_div av-zero-column-padding   avia-builder-el-8  el_after_av_one_fifth  avia-builder-el-last  column-top-margin\" style='border-radius:0px; '><div  class='avia-image-container  av-styling-    avia-builder-el-9  avia-builder-el-no-sibling  avia-align-center '  itemprop=\"image\" itemscope=\"itemscope\" itemtype=\"https:\/\/schema.org\/ImageObject\"  ><div class='avia-image-container-inner'><div class='avia-image-overlay-wrap'><img class='avia_image' src='https:\/\/www2.bbs-me.de\/wp-content\/uploads\/2020\/03\/Grafische-\u00dcbersicht-BES-2020-Stand-07.02.20202.jpg' alt='' title='Grafische \u00dcbersicht BES 2020 - Stand 07.02.20202' height=\"581\" width=\"828\"  itemprop=\"thumbnailUrl\"  \/><\/div><\/div><\/div><\/div>\n","protected":false},"excerpt":{"rendered":"","protected":false},"author":7,"featured_media":0,"parent":19358,"menu_order":0,"comment_status":"closed","ping_status":"closed","template":"","meta":{"footnotes":""},"page_category":[],"yoast_head":"<!-- This site is optimized with the Yoast SEO plugin v22.8 - https:\/\/yoast.com\/wordpress\/plugins\/seo\/ -->\n<title>BES Allgemein - bbs|me<\/title>\n<meta name=\"robots\" content=\"index, follow, max-snippet:-1, max-image-preview:large, max-video-preview:-1\" \/>\n<link rel=\"canonical\" href=\"https:\/\/www2.bbs-me.de\/index.php\/berufseinstiegsschule_start_20_go\/bes-allgemein\/\" \/>\n<meta property=\"og:locale\" content=\"de_DE\" \/>\n<meta property=\"og:type\" content=\"article\" \/>\n<meta property=\"og:title\" content=\"BES Allgemein - bbs|me\" \/>\n<meta property=\"og:url\" content=\"https:\/\/www2.bbs-me.de\/index.php\/berufseinstiegsschule_start_20_go\/bes-allgemein\/\" \/>\n<meta property=\"og:site_name\" content=\"bbs|me\" \/>\n<meta property=\"article:modified_time\" content=\"2020-05-27T13:56:26+00:00\" \/>\n<meta name=\"twitter:card\" content=\"summary_large_image\" \/>\n<meta name=\"twitter:label1\" content=\"Gesch\u00e4tzte Lesezeit\" \/>\n\t<meta name=\"twitter:data1\" content=\"4\u00a0Minuten\" \/>\n<script type=\"application\/ld+json\" class=\"yoast-schema-graph\">{\"@context\":\"https:\/\/schema.org\",\"@graph\":[{\"@type\":\"WebPage\",\"@id\":\"https:\/\/www2.bbs-me.de\/index.php\/berufseinstiegsschule_start_20_go\/bes-allgemein\/\",\"url\":\"https:\/\/www2.bbs-me.de\/index.php\/berufseinstiegsschule_start_20_go\/bes-allgemein\/\",\"name\":\"BES Allgemein - bbs|me\",\"isPartOf\":{\"@id\":\"https:\/\/www2.bbs-me.de\/#website\"},\"datePublished\":\"2020-03-13T08:07:21+00:00\",\"dateModified\":\"2020-05-27T13:56:26+00:00\",\"breadcrumb\":{\"@id\":\"https:\/\/www2.bbs-me.de\/index.php\/berufseinstiegsschule_start_20_go\/bes-allgemein\/#breadcrumb\"},\"inLanguage\":\"de\",\"potentialAction\":[{\"@type\":\"ReadAction\",\"target\":[\"https:\/\/www2.bbs-me.de\/index.php\/berufseinstiegsschule_start_20_go\/bes-allgemein\/\"]}]},{\"@type\":\"BreadcrumbList\",\"@id\":\"https:\/\/www2.bbs-me.de\/index.php\/berufseinstiegsschule_start_20_go\/bes-allgemein\/#breadcrumb\",\"itemListElement\":[{\"@type\":\"ListItem\",\"position\":1,\"name\":\"Startseite\",\"item\":\"https:\/\/www2.bbs-me.de\/\"},{\"@type\":\"ListItem\",\"position\":2,\"name\":\"Berufseinstiegsschule_Start_20_GO\",\"item\":\"https:\/\/www2.bbs-me.de\/index.php\/berufseinstiegsschule_start_20_go\/\"},{\"@type\":\"ListItem\",\"position\":3,\"name\":\"BES Allgemein\"}]},{\"@type\":\"WebSite\",\"@id\":\"https:\/\/www2.bbs-me.de\/#website\",\"url\":\"https:\/\/www2.bbs-me.de\/\",\"name\":\"bbs|me\",\"description\":\"Otto-Brenner-Schule - Berufsbildende Schule Metalltechnik \u2022 Elektrotechnik der Region Hannover\",\"potentialAction\":[{\"@type\":\"SearchAction\",\"target\":{\"@type\":\"EntryPoint\",\"urlTemplate\":\"https:\/\/www2.bbs-me.de\/?s={search_term_string}\"},\"query-input\":\"required name=search_term_string\"}],\"inLanguage\":\"de\"}]}<\/script>\n<!-- \/ Yoast SEO plugin. -->","yoast_head_json":{"title":"BES Allgemein - bbs|me","robots":{"index":"index","follow":"follow","max-snippet":"max-snippet:-1","max-image-preview":"max-image-preview:large","max-video-preview":"max-video-preview:-1"},"canonical":"https:\/\/www2.bbs-me.de\/index.php\/berufseinstiegsschule_start_20_go\/bes-allgemein\/","og_locale":"de_DE","og_type":"article","og_title":"BES Allgemein - bbs|me","og_url":"https:\/\/www2.bbs-me.de\/index.php\/berufseinstiegsschule_start_20_go\/bes-allgemein\/","og_site_name":"bbs|me","article_modified_time":"2020-05-27T13:56:26+00:00","twitter_card":"summary_large_image","twitter_misc":{"Gesch\u00e4tzte Lesezeit":"4\u00a0Minuten"},"schema":{"@context":"https:\/\/schema.org","@graph":[{"@type":"WebPage","@id":"https:\/\/www2.bbs-me.de\/index.php\/berufseinstiegsschule_start_20_go\/bes-allgemein\/","url":"https:\/\/www2.bbs-me.de\/index.php\/berufseinstiegsschule_start_20_go\/bes-allgemein\/","name":"BES Allgemein - bbs|me","isPartOf":{"@id":"https:\/\/www2.bbs-me.de\/#website"},"datePublished":"2020-03-13T08:07:21+00:00","dateModified":"2020-05-27T13:56:26+00:00","breadcrumb":{"@id":"https:\/\/www2.bbs-me.de\/index.php\/berufseinstiegsschule_start_20_go\/bes-allgemein\/#breadcrumb"},"inLanguage":"de","potentialAction":[{"@type":"ReadAction","target":["https:\/\/www2.bbs-me.de\/index.php\/berufseinstiegsschule_start_20_go\/bes-allgemein\/"]}]},{"@type":"BreadcrumbList","@id":"https:\/\/www2.bbs-me.de\/index.php\/berufseinstiegsschule_start_20_go\/bes-allgemein\/#breadcrumb","itemListElement":[{"@type":"ListItem","position":1,"name":"Startseite","item":"https:\/\/www2.bbs-me.de\/"},{"@type":"ListItem","position":2,"name":"Berufseinstiegsschule_Start_20_GO","item":"https:\/\/www2.bbs-me.de\/index.php\/berufseinstiegsschule_start_20_go\/"},{"@type":"ListItem","position":3,"name":"BES Allgemein"}]},{"@type":"WebSite","@id":"https:\/\/www2.bbs-me.de\/#website","url":"https:\/\/www2.bbs-me.de\/","name":"bbs|me","description":"Otto-Brenner-Schule - Berufsbildende Schule Metalltechnik \u2022 Elektrotechnik der Region Hannover","potentialAction":[{"@type":"SearchAction","target":{"@type":"EntryPoint","urlTemplate":"https:\/\/www2.bbs-me.de\/?s={search_term_string}"},"query-input":"required name=search_term_string"}],"inLanguage":"de"}]}},"publishpress_future_action":{"enabled":false,"date":"2026-04-12 20:37:50","action":"change-status","newStatus":"draft","terms":[],"taxonomy":"page_category"},"_links":{"self":[{"href":"https:\/\/www2.bbs-me.de\/index.php\/wp-json\/wp\/v2\/pages\/18668"}],"collection":[{"href":"https:\/\/www2.bbs-me.de\/index.php\/wp-json\/wp\/v2\/pages"}],"about":[{"href":"https:\/\/www2.bbs-me.de\/index.php\/wp-json\/wp\/v2\/types\/page"}],"author":[{"embeddable":true,"href":"https:\/\/www2.bbs-me.de\/index.php\/wp-json\/wp\/v2\/users\/7"}],"replies":[{"embeddable":true,"href":"https:\/\/www2.bbs-me.de\/index.php\/wp-json\/wp\/v2\/comments?post=18668"}],"version-history":[{"count":13,"href":"https:\/\/www2.bbs-me.de\/index.php\/wp-json\/wp\/v2\/pages\/18668\/revisions"}],"predecessor-version":[{"id":20813,"href":"https:\/\/www2.bbs-me.de\/index.php\/wp-json\/wp\/v2\/pages\/18668\/revisions\/20813"}],"up":[{"embeddable":true,"href":"https:\/\/www2.bbs-me.de\/index.php\/wp-json\/wp\/v2\/pages\/19358"}],"wp:attachment":[{"href":"https:\/\/www2.bbs-me.de\/index.php\/wp-json\/wp\/v2\/media?parent=18668"}],"wp:term":[{"taxonomy":"page_category","embeddable":true,"href":"https:\/\/www2.bbs-me.de\/index.php\/wp-json\/wp\/v2\/page_category?post=18668"}],"curies":[{"name":"wp","href":"https:\/\/api.w.org\/{rel}","templated":true}]}}