{"id":18828,"date":"2020-03-17T14:45:21","date_gmt":"2020-03-17T13:45:21","guid":{"rendered":"https:\/\/www2.bbs-me.de\/?page_id=18828"},"modified":"2024-12-02T07:28:18","modified_gmt":"2024-12-02T06:28:18","slug":"bes-anmeldung","status":"publish","type":"page","link":"https:\/\/www2.bbs-me.de\/index.php\/berufseinstiegsschule_start_20_go\/bes-anmeldung\/","title":{"rendered":"BES Anmeldung"},"content":{"rendered":"<div class=\"flex_column av_two_third  flex_column_div av-zero-column-padding first  avia-builder-el-0  el_before_av_one_third  avia-builder-el-first  \" style='border-radius:0px; '><section class=\"av_textblock_section \"  itemscope=\"itemscope\" itemtype=\"https:\/\/schema.org\/CreativeWork\" ><div class='avia_textblock  '   itemprop=\"text\" ><p><strong>Wer wird aufgenommen?<\/strong><\/p>\n<p>In die Berufseinstiegsschule der bbs|me werden grunds\u00e4tzlich Jugendliche mit Wohnsitz in Hannover aufgenommen.<\/p>\n<p>&#8230;&#8230;&#8230;&#8230;&#8230;&#8230;&#8230;&#8230;&#8230;&#8230;&#8230;&#8230;&#8230;&#8230;&#8230;&#8230;&#8230;&#8230;&#8230;&#8230;&#8230;&#8230;&#8230;&#8230;&#8230;&#8230;&#8230;&#8230;&#8230;&#8230;&#8230;&#8230;&#8230;&#8230;&#8230;&#8230;&#8230;&#8230;&#8230;&#8230;&#8230;&#8230;&#8230;..<\/p>\n<p><strong>Anmeldevorgang f\u00fcr das Schuljahr 2025\/26<\/strong><\/p>\n<p>Die Anmeldung f\u00fcr die Berufseinstiegsschule wird \u00fcber die abgebenden Schulen koordiniert.<\/p>\n<p>Im Rahmen der Anmeldetermine in Pr\u00e4senz (siehe unten) erfolgt eine Unterlagensichtung am Standort Gustav-Bratke-Allee 1; 30169 Hannover.<\/p>\n<p><strong>Anmeldetermine<\/strong><\/p>\n<p>Anmeldetermine f\u00fcr Sch\u00fcler*innen der allgemeinbildenden Schulen an der bbs|me sind:<\/p>\n<p><strong>10.02.2025 (8.30 &#8211; 15.00 Uhr)<\/strong><\/p>\n<p><strong>11.02.2025 (8.30 &#8211; 15.00 Uhr)<\/strong><\/p>\n<p><strong>12.02.2025 (8.30 &#8211; 13.00 Uhr)<\/strong><\/p>\n<p>Nachmeldetermin<strong> 18.02.2025 (9.00 &#8211; 13.00 Uhr)<br \/>\n<\/strong><\/p>\n<p>Fragen zur BES und zum Anmeldeverfahren (<a href=\"https:\/\/www2.bbs-me.de\/index.php\/berufseinstiegsschule_start_20_go\/bes-offene-beratung\/\">Beratung<\/a>)<\/p>\n<p>&#8230;&#8230;&#8230;&#8230;&#8230;&#8230;&#8230;&#8230;&#8230;&#8230;&#8230;&#8230;&#8230;&#8230;&#8230;&#8230;&#8230;&#8230;&#8230;&#8230;&#8230;&#8230;&#8230;&#8230;&#8230;&#8230;&#8230;&#8230;&#8230;&#8230;&#8230;&#8230;&#8230;&#8230;&#8230;&#8230;&#8230;&#8230;&#8230;&#8230;&#8230;&#8230;&#8230;..<\/p>\n<p><strong>Anmeldung im laufenden Schuljahr<\/strong><\/p>\n<p>Sch\u00fcler*innen, die sich im laufenden Schuljahr anmelden m\u00f6chten, nehmen bitte Kontakt mit dem Gesch\u00e4ftszimmer auf.<\/p>\n<\/div><\/section><\/div><div class=\"flex_column av_one_third  flex_column_div av-zero-column-padding   avia-builder-el-2  el_after_av_two_third  el_before_av_one_half  \" style='border-radius:0px; '><section class=\"av_textblock_section \"  itemscope=\"itemscope\" itemtype=\"https:\/\/schema.org\/CreativeWork\" ><div class='avia_textblock  '   itemprop=\"text\" ><p><strong>Info<\/strong><\/p>\n<p>&#8230;&#8230;&#8230;&#8230;&#8230;&#8230;&#8230;&#8230;&#8230;&#8230;&#8230;&#8230;&#8230;&#8230;&#8230;&#8230;&#8230;&#8230;&#8230;&#8230;&#8230;&#8230;&#8230;&#8230;&#8230;&#8230;&#8230;&#8230;&#8230;&#8230;&#8230;&#8230;&#8230;&#8230;&#8230;&#8230;&#8230;&#8230;&#8230;&#8230;&#8230;&#8230;&#8230;&#8230;..<\/p>\n<p>BBS-ME Otto-Brenner-Schule<\/p>\n<p>Berufsbildende Schule Metalltechnik \u2022<br \/>\nElektrotechnik der Region Hannover<\/p>\n<p>\u2013 Au\u00dfenstelle Goetheplatz \u2013<\/p>\n<p>Goetheplatz 7<\/p>\n<p>30169 Hannover<\/p>\n<p>Tel.: 0511 168 43509<\/p>\n<p>Fax.: 0511 168 42090<\/p>\n<p><a href=\"mailto:mail@bbs-me.de\">mail@bbs-me.de<\/a><\/p>\n<\/div><\/section><\/div><\/p>\n<div class=\"flex_column av_one_half  flex_column_div av-zero-column-padding first  avia-builder-el-4  el_after_av_one_third  el_before_av_one_half  column-top-margin\" style='border-radius:0px; '><section class=\"av_textblock_section \"  itemscope=\"itemscope\" itemtype=\"https:\/\/schema.org\/CreativeWork\" ><div class='avia_textblock  '   itemprop=\"text\" ><p><strong>HInweise f\u00fcr Sch\u00fcler*innen<br \/>\n<\/strong><\/p>\n<p>Folgende Dokumente sind bitte mitzubringen:<\/p>\n<ul>\n<li>ausgef\u00fcllter Anmeldebogen (<a href=\"https:\/\/www.hannover.de\/Media\/01-DATA-Neu\/Downloads\/Region-Hannover\/Bildung\/BBS-Brosch%C3%BCre\/Anmeldeformular-BBS\">Anmeldebogen f\u00fcr BBSn der Region Hannover<\/a>)<\/li>\n<li>unterschriebener, tabellarischer Lebenslauf<\/li>\n<li>die letzten beiden Zeugnisse (jetziges Halbjahreszeugnis,\u00a0 letztes Abschlusszeugnis)<\/li>\n<li>ggf. Empfehlungsschreiben zum erfolgreichen Besuch der Klasse 2 (BES)<\/li>\n<li>Ausweisdokument<\/li>\n<\/ul>\n<\/div><\/section><\/div>\n<div class=\"flex_column av_one_half  flex_column_div av-zero-column-padding   avia-builder-el-6  el_after_av_one_half  avia-builder-el-last  column-top-margin\" style='border-radius:0px; '><section class=\"av_textblock_section \"  itemscope=\"itemscope\" itemtype=\"https:\/\/schema.org\/CreativeWork\" ><div class='avia_textblock  '   itemprop=\"text\" ><p><strong>Hinweise f\u00fcr abgebende Schulen\/ Erziehungsberechtigte<\/strong><\/p>\n<p>Folgende Dokumente sind bitte mitzubringen:<\/p>\n<ul>\n<li>Vorhandene F\u00f6rderpl\u00e4ne oder F\u00f6rdergutachten (siehe auch: <a href=\"https:\/\/www2.bbs-me.de\/wp-content\/uploads\/2023\/11\/Aufsatz_Feststellung_BasU_SVBl-2021-09.pdf\" target=\"_blank\" rel=\"noopener\">SVBl 09\/21<\/a>)<\/li>\n<li>Kurze Einsch\u00e4tzung zum Sprachniveau (wenn das Unterrichtsfach Deutsch nicht auf dem Zeugnis ausgewiesen ist)<\/li>\n<\/ul>\n<\/div><\/section><\/div>\n","protected":false},"excerpt":{"rendered":"","protected":false},"author":7,"featured_media":0,"parent":19358,"menu_order":0,"comment_status":"closed","ping_status":"closed","template":"","meta":{"footnotes":""},"page_category":[],"yoast_head":"<!-- This site is optimized with the Yoast SEO plugin v22.8 - https:\/\/yoast.com\/wordpress\/plugins\/seo\/ -->\n<title>BES Anmeldung - bbs|me<\/title>\n<meta name=\"robots\" content=\"index, follow, max-snippet:-1, max-image-preview:large, max-video-preview:-1\" \/>\n<link rel=\"canonical\" href=\"https:\/\/www2.bbs-me.de\/index.php\/berufseinstiegsschule_start_20_go\/bes-anmeldung\/\" \/>\n<meta property=\"og:locale\" content=\"de_DE\" \/>\n<meta property=\"og:type\" content=\"article\" \/>\n<meta property=\"og:title\" content=\"BES Anmeldung - bbs|me\" \/>\n<meta property=\"og:url\" content=\"https:\/\/www2.bbs-me.de\/index.php\/berufseinstiegsschule_start_20_go\/bes-anmeldung\/\" \/>\n<meta property=\"og:site_name\" content=\"bbs|me\" \/>\n<meta property=\"article:modified_time\" content=\"2024-12-02T06:28:18+00:00\" \/>\n<meta name=\"twitter:card\" content=\"summary_large_image\" \/>\n<meta name=\"twitter:label1\" content=\"Gesch\u00e4tzte Lesezeit\" \/>\n\t<meta name=\"twitter:data1\" content=\"2\u00a0Minuten\" \/>\n<script type=\"application\/ld+json\" class=\"yoast-schema-graph\">{\"@context\":\"https:\/\/schema.org\",\"@graph\":[{\"@type\":\"WebPage\",\"@id\":\"https:\/\/www2.bbs-me.de\/index.php\/berufseinstiegsschule_start_20_go\/bes-anmeldung\/\",\"url\":\"https:\/\/www2.bbs-me.de\/index.php\/berufseinstiegsschule_start_20_go\/bes-anmeldung\/\",\"name\":\"BES Anmeldung - bbs|me\",\"isPartOf\":{\"@id\":\"https:\/\/www2.bbs-me.de\/#website\"},\"datePublished\":\"2020-03-17T13:45:21+00:00\",\"dateModified\":\"2024-12-02T06:28:18+00:00\",\"breadcrumb\":{\"@id\":\"https:\/\/www2.bbs-me.de\/index.php\/berufseinstiegsschule_start_20_go\/bes-anmeldung\/#breadcrumb\"},\"inLanguage\":\"de\",\"potentialAction\":[{\"@type\":\"ReadAction\",\"target\":[\"https:\/\/www2.bbs-me.de\/index.php\/berufseinstiegsschule_start_20_go\/bes-anmeldung\/\"]}]},{\"@type\":\"BreadcrumbList\",\"@id\":\"https:\/\/www2.bbs-me.de\/index.php\/berufseinstiegsschule_start_20_go\/bes-anmeldung\/#breadcrumb\",\"itemListElement\":[{\"@type\":\"ListItem\",\"position\":1,\"name\":\"Startseite\",\"item\":\"https:\/\/www2.bbs-me.de\/\"},{\"@type\":\"ListItem\",\"position\":2,\"name\":\"Berufseinstiegsschule_Start_20_GO\",\"item\":\"https:\/\/www2.bbs-me.de\/index.php\/berufseinstiegsschule_start_20_go\/\"},{\"@type\":\"ListItem\",\"position\":3,\"name\":\"BES Anmeldung\"}]},{\"@type\":\"WebSite\",\"@id\":\"https:\/\/www2.bbs-me.de\/#website\",\"url\":\"https:\/\/www2.bbs-me.de\/\",\"name\":\"bbs|me\",\"description\":\"Otto-Brenner-Schule - Berufsbildende Schule Metalltechnik \u2022 Elektrotechnik der Region Hannover\",\"potentialAction\":[{\"@type\":\"SearchAction\",\"target\":{\"@type\":\"EntryPoint\",\"urlTemplate\":\"https:\/\/www2.bbs-me.de\/?s={search_term_string}\"},\"query-input\":\"required name=search_term_string\"}],\"inLanguage\":\"de\"}]}<\/script>\n<!-- \/ Yoast SEO plugin. -->","yoast_head_json":{"title":"BES Anmeldung - bbs|me","robots":{"index":"index","follow":"follow","max-snippet":"max-snippet:-1","max-image-preview":"max-image-preview:large","max-video-preview":"max-video-preview:-1"},"canonical":"https:\/\/www2.bbs-me.de\/index.php\/berufseinstiegsschule_start_20_go\/bes-anmeldung\/","og_locale":"de_DE","og_type":"article","og_title":"BES Anmeldung - bbs|me","og_url":"https:\/\/www2.bbs-me.de\/index.php\/berufseinstiegsschule_start_20_go\/bes-anmeldung\/","og_site_name":"bbs|me","article_modified_time":"2024-12-02T06:28:18+00:00","twitter_card":"summary_large_image","twitter_misc":{"Gesch\u00e4tzte Lesezeit":"2\u00a0Minuten"},"schema":{"@context":"https:\/\/schema.org","@graph":[{"@type":"WebPage","@id":"https:\/\/www2.bbs-me.de\/index.php\/berufseinstiegsschule_start_20_go\/bes-anmeldung\/","url":"https:\/\/www2.bbs-me.de\/index.php\/berufseinstiegsschule_start_20_go\/bes-anmeldung\/","name":"BES Anmeldung - bbs|me","isPartOf":{"@id":"https:\/\/www2.bbs-me.de\/#website"},"datePublished":"2020-03-17T13:45:21+00:00","dateModified":"2024-12-02T06:28:18+00:00","breadcrumb":{"@id":"https:\/\/www2.bbs-me.de\/index.php\/berufseinstiegsschule_start_20_go\/bes-anmeldung\/#breadcrumb"},"inLanguage":"de","potentialAction":[{"@type":"ReadAction","target":["https:\/\/www2.bbs-me.de\/index.php\/berufseinstiegsschule_start_20_go\/bes-anmeldung\/"]}]},{"@type":"BreadcrumbList","@id":"https:\/\/www2.bbs-me.de\/index.php\/berufseinstiegsschule_start_20_go\/bes-anmeldung\/#breadcrumb","itemListElement":[{"@type":"ListItem","position":1,"name":"Startseite","item":"https:\/\/www2.bbs-me.de\/"},{"@type":"ListItem","position":2,"name":"Berufseinstiegsschule_Start_20_GO","item":"https:\/\/www2.bbs-me.de\/index.php\/berufseinstiegsschule_start_20_go\/"},{"@type":"ListItem","position":3,"name":"BES Anmeldung"}]},{"@type":"WebSite","@id":"https:\/\/www2.bbs-me.de\/#website","url":"https:\/\/www2.bbs-me.de\/","name":"bbs|me","description":"Otto-Brenner-Schule - Berufsbildende Schule Metalltechnik \u2022 Elektrotechnik der Region Hannover","potentialAction":[{"@type":"SearchAction","target":{"@type":"EntryPoint","urlTemplate":"https:\/\/www2.bbs-me.de\/?s={search_term_string}"},"query-input":"required name=search_term_string"}],"inLanguage":"de"}]}},"publishpress_future_action":{"enabled":false,"date":"2026-04-12 20:37:42","action":"change-status","newStatus":"draft","terms":[],"taxonomy":"page_category"},"_links":{"self":[{"href":"https:\/\/www2.bbs-me.de\/index.php\/wp-json\/wp\/v2\/pages\/18828"}],"collection":[{"href":"https:\/\/www2.bbs-me.de\/index.php\/wp-json\/wp\/v2\/pages"}],"about":[{"href":"https:\/\/www2.bbs-me.de\/index.php\/wp-json\/wp\/v2\/types\/page"}],"author":[{"embeddable":true,"href":"https:\/\/www2.bbs-me.de\/index.php\/wp-json\/wp\/v2\/users\/7"}],"replies":[{"embeddable":true,"href":"https:\/\/www2.bbs-me.de\/index.php\/wp-json\/wp\/v2\/comments?post=18828"}],"version-history":[{"count":50,"href":"https:\/\/www2.bbs-me.de\/index.php\/wp-json\/wp\/v2\/pages\/18828\/revisions"}],"predecessor-version":[{"id":28740,"href":"https:\/\/www2.bbs-me.de\/index.php\/wp-json\/wp\/v2\/pages\/18828\/revisions\/28740"}],"up":[{"embeddable":true,"href":"https:\/\/www2.bbs-me.de\/index.php\/wp-json\/wp\/v2\/pages\/19358"}],"wp:attachment":[{"href":"https:\/\/www2.bbs-me.de\/index.php\/wp-json\/wp\/v2\/media?parent=18828"}],"wp:term":[{"taxonomy":"page_category","embeddable":true,"href":"https:\/\/www2.bbs-me.de\/index.php\/wp-json\/wp\/v2\/page_category?post=18828"}],"curies":[{"name":"wp","href":"https:\/\/api.w.org\/{rel}","templated":true}]}}