{"id":19993,"date":"2020-09-14T11:42:41","date_gmt":"2020-09-14T09:42:41","guid":{"rendered":"https:\/\/www2.bbs-me.de\/?page_id=19993"},"modified":"2022-06-09T21:37:30","modified_gmt":"2022-06-09T19:37:30","slug":"dokumentation-arbeitsauftrag-abschlusspruefung-technische-produktdesigner","status":"publish","type":"page","link":"https:\/\/www2.bbs-me.de\/index.php\/berufsschule-metalltechnik\/team-produktdesignersystemplaner\/dokumentation-arbeitsauftrag-abschlusspruefung-technische-produktdesigner\/","title":{"rendered":"Technische Produktdesigner &#8211; Dokumentation f\u00fcr die AP2"},"content":{"rendered":"<div id='basic-article'  class='av-layout-grid-container entry-content-wrapper header_color av-flex-cells     avia-builder-el-0  el_before_av_layout_row  avia-builder-el-first  container_wrap sidebar_right' style=' '  >\n<div class=\"flex_cell no_margin av_one_half  avia-builder-el-1  el_before_av_cell_one_half  avia-builder-el-first   \"  style='vertical-align:top; padding:30px; ' ><div class='flex_cell_inner' ><section class=\"av_textblock_section \"  itemscope=\"itemscope\" itemtype=\"https:\/\/schema.org\/CreativeWork\" ><div class='avia_textblock  '   itemprop=\"text\" ><h4>Das Dokumentations-Dilemma<\/h4>\n<\/div><\/section><br \/>\n<div  style='height:20px' class='hr hr-invisible   avia-builder-el-3  el_after_av_textblock  el_before_av_heading '><span class='hr-inner ' ><span class='hr-inner-style'><\/span><\/span><\/div><br \/>\n<div  style='padding-bottom:10px; ' class='av-special-heading av-special-heading-h1  blockquote modern-quote  avia-builder-el-4  el_after_av_hr  el_before_av_hr  '><h1 class='av-special-heading-tag '  itemprop=\"headline\"  >Klare Antworten auf Fragen zur Dokumentation des Arbeitsauftrages der AP2<\/h1><div class='special-heading-border'><div class='special-heading-inner-border' ><\/div><\/div><\/div><br \/>\n<div   class='hr hr-default   avia-builder-el-5  el_after_av_heading  el_before_av_textblock '><span class='hr-inner ' ><span class='hr-inner-style'><\/span><\/span><\/div><br \/>\n<section class=\"av_textblock_section \"  itemscope=\"itemscope\" itemtype=\"https:\/\/schema.org\/CreativeWork\" ><div class='avia_textblock  '  style='font-size:16px; '  itemprop=\"text\" ><p>Im Jahr 2005 wurde der Konstruktionsberuf Technischer Produktdesigner \/ Technische Produktdesignerin eingef\u00fchrt und seitdem beinhaltet die praktische Abschlusspr\u00fcfung einen Arbeitsauftrag. Sechs Jahre sp\u00e4ter wurde der Beruf des Technischen Zeichners \/ der Technischen Zeichnerin durch die Berufe Technischer Produktdesigner \/ Technische Produktdesignerin bzw. Technischer Systemplaner \/ Technische Systemplanerin ersetzt.<\/p>\n<p>Damit war der Arbeitsauftrag f\u00fcr alle angehenden Technischen Produktdesinger*innen gesetzt. Mit einer Dokumentation, die sie bei der IHK einreichen, weisen die Auszubildenden nach, woran und wie sie in den laut Ausbildungsordnung vorgesehenen 70h gearbeitet haben. Die <a href=\"https:\/\/www.bgbl.de\/xaver\/bgbl\/start.xav?start=%2F%2F*%5B%40attr_id%3D%27bgbl111s1215.pdf%27%5D\" target=\"_blank\" rel=\"noopener\">Ausbildungsordnung<\/a> l\u00e4sst den Auszubildenden bei der Ausgestaltung der Dokumentation gro\u00dfe Freiheiten, was nachvollziehbarer Weise zu berechtigten Fragen f\u00fchrt. Eine erste Orientierung bieten Betriebliche Musterauftr\u00e4ge des DIHK, welche auf der Webseite der IHK Stuttgart ver\u00f6ffentlicht worden sind.<\/p>\n<\/div><\/section><\/p>\n<\/div><\/div><div class=\"flex_cell no_margin av_one_half  avia-builder-el-7  el_after_av_cell_one_half  avia-builder-el-last   \"  style='vertical-align:top; padding:30px; ' ><div class='flex_cell_inner' ><div  class='avia-image-container  av-styling-    avia-builder-el-8  avia-builder-el-no-sibling  avia-align-center '  itemprop=\"image\" itemscope=\"itemscope\" itemtype=\"https:\/\/schema.org\/ImageObject\"  ><div class='avia-image-container-inner'><div class='avia-image-overlay-wrap'><img class='avia_image' src='https:\/\/www2.bbs-me.de\/wp-content\/uploads\/2020\/09\/Gewusst-wie_cover-684x1030.jpg' alt='Anleitung Dokumentation Arbeitsauftrag Abschlusspr\u00fcfung Produktdesigner' title='Gewusst-wie auf Schreibtisch' height=\"1030\" width=\"684\"  itemprop=\"thumbnailUrl\"  \/><\/div><\/div><\/div>\n<\/div><\/div>\n<\/div>\n<div id='av-layout-grid-2'  class='av-layout-grid-container entry-content-wrapper header_color av-flex-cells     avia-builder-el-9  el_after_av_layout_row  el_before_av_hr  submenu-not-first container_wrap sidebar_right' style=' '  >\n<div class=\"flex_cell no_margin av_one_half  avia-builder-el-10  el_before_av_cell_one_half  avia-builder-el-first   \"  style='vertical-align:top; padding:30px; ' ><div class='flex_cell_inner' ><p><div  style='padding-bottom:10px; ' class='av-special-heading av-special-heading-h2  blockquote modern-quote  avia-builder-el-11  el_before_av_textblock  avia-builder-el-first  '><h2 class='av-special-heading-tag '  itemprop=\"headline\"  >Fragen? Ja &#8211;  und zwar viele.<\/h2><div class='special-heading-border'><div class='special-heading-inner-border' ><\/div><\/div><\/div><br \/>\n<section class=\"av_textblock_section \"  itemscope=\"itemscope\" itemtype=\"https:\/\/schema.org\/CreativeWork\" ><div class='avia_textblock  '  style='font-size:14px; '  itemprop=\"text\" ><p>Ein R\u00fcckblick macht deutlich, dass ein Ausbildungsjahrgang nach dem n\u00e4chsten dieselben berechtigten Fragen stellte, Fragen nach dem Layout, dem Inhalt und der Ausgestaltung der Texte. Lehrwerke oder Fachb\u00fccher, die diese spezielle Textart behandeln \u2013 eine zu Pr\u00fcfungszwecken erstellte Dokumentation von durchgef\u00fchrten Aktivit\u00e4ten einer Auftragsbearbeitung zum Abschluss einer Berufsausbildung im Dualen System \u2013 gibt es nicht. So entstand die Idee eine Anleitung f\u00fcr genau diesen Anwendungsfall zusammenzustellen. Eine Projektgruppe von Auszubildenden des Abschlussjahrgangs 2019\/2020 erarbeitete gemeinsam mit Ihrer Lehrkraft (die auch im IHK-Pr\u00fcfungsausschuss aktiv ist) eine ausf\u00fchrliche Anleitung f\u00fcr das Schreiben und Gestalten der Dokumentationsunterlagen.<\/p>\n<p>In dem jetzt vorliegenden 36-seitigen Heft stecken viele Stunden Zeit von engagierten Lehrkr\u00e4ften, von Auszubildenden, die auch noch nach ihrem Ausbildungsende weiter mit an Bord waren, und von Mitgliedern des Pr\u00fcfungsausschusses Technische Produktdesigner der <a href=\"https:\/\/www.hannover.ihk.de\/\" target=\"_blank\" rel=\"noopener\">IHK-Hannover<\/a>, die korrekturgelesen und Feedback gegeben haben. Vielen herzlichen Dank!<\/p>\n<\/div><\/section><br \/>\n<section class=\"av_textblock_section \"  itemscope=\"itemscope\" itemtype=\"https:\/\/schema.org\/CreativeWork\" ><div class='avia_textblock  '  style='font-size:14px; '  itemprop=\"text\" ><p>Die Auszubildenden der <a href=\"https:\/\/www2.bbs-me.de\/index.php\/berufsschule-metalltechnik\/team-produktdesignersystemplaner\/\" target=\"_blank\" rel=\"noopener\">BBS-ME Otto-Brenner-Schule<\/a> erhalten die Anleitung als Print-Exemplar (ressourcenschonend gedruckt auf recyceltem Papier &#8211; FSC und Blauer Engel).<\/p>\n<\/div><\/section><br \/>\n<section class=\"av_textblock_section \"  itemscope=\"itemscope\" itemtype=\"https:\/\/schema.org\/CreativeWork\" ><div class='avia_textblock  '  style='font-size:14px; '  itemprop=\"text\" ><p>Kontaktadresse f\u00fcr mehr Infos zu der Anleitung f\u00fcr das Schreiben und Gestalten der Dokumentation des Arbeitsauftrages der Abschlusspr\u00fcfung Teil 2 und zum Projekt: <a href=\"mailto:czybulka@bbs-me.de\">Herr Czybulka<\/a><\/p>\n<\/div><\/section><br \/>\n<section class=\"av_textblock_section \"  itemscope=\"itemscope\" itemtype=\"https:\/\/schema.org\/CreativeWork\" ><div class='avia_textblock  '  style='font-size:14px; '  itemprop=\"text\" ><p>F\u00fcr alle Auszubildenden jenseits der Region steht die PDF-Version zum Herunterladen zur Verf\u00fcgung.<\/p>\n<\/div><\/section><br \/>\n<div  class='avia-button-wrap avia-button-left  avia-builder-el-16  el_after_av_textblock  el_before_av_hr ' ><a href='https:\/\/www2.bbs-me.de\/index.php\/download\/20852\/'  class='avia-button   avia-icon_select-no avia-color-custom avia-size-small avia-position-left '  target=\"_blank\"  style='background-color:#3089e8; border-color:#3089e8; color:#ffffff; ' ><span class='avia_iconbox_title' >Download GEWUSST-WIE Dokumentation Arbeitsauftrag<\/span><\/a><\/div><br \/>\n<div   class='hr hr-default   avia-builder-el-17  el_after_av_button  el_before_av_notification '><span class='hr-inner ' ><span class='hr-inner-style'><\/span><\/span><\/div><br \/>\n<div id='avia-messagebox-'style='background-color:#dddddd; color:#000000; ' class='avia_message_box  avia-color-custom avia-size-large avia-icon_select-no avia-border-  avia-builder-el-18  el_after_av_hr  avia-builder-el-last '><span class='avia_message_box_title' >Disclaimer<\/span><div class='avia_message_box_content' ><p>Diese Anleitung behandelt nicht die Durchf\u00fchrung des Arbeitsauftrages, sondern das Thema ist die Dokumentation.<\/p>\n<\/div><\/div><\/p>\n<\/div><\/div><div class=\"flex_cell no_margin av_one_half  avia-builder-el-19  el_after_av_cell_one_half  avia-builder-el-last   \"  style='vertical-align:top; padding:30px; ' ><div class='flex_cell_inner' ><div  class='avia-image-container  av-styling-    avia-builder-el-20  avia-builder-el-no-sibling  avia-align-center '  itemprop=\"image\" itemscope=\"itemscope\" itemtype=\"https:\/\/schema.org\/ImageObject\"  ><div class='avia-image-container-inner'><div class='avia-image-overlay-wrap'><img class='avia_image' src='https:\/\/www2.bbs-me.de\/wp-content\/uploads\/2020\/09\/Gewusst-wie_01-1030x684.jpg' alt='Anleitung Dokumentation Arbeitsauftrag Abschlusspr\u00fcfung Technische Produktdesigner' title='Technische Produktdesigner Azubis mit Gewusst-wie Anleitung f\u00fcr die Dokumentation der Abschlusspr\u00fcfung Teil 2' height=\"684\" width=\"1030\"  itemprop=\"thumbnailUrl\"  \/><\/div><\/div><\/div>\n<\/div><\/div><\/div><div id='after_submenu_2'  class='main_color av_default_container_wrap container_wrap sidebar_right' style=' '  ><div class='container' ><div class='template-page content  av-content-small alpha units'><div class='post-entry post-entry-type-page post-entry-19993'><div class='entry-content-wrapper clearfix'><div  style='height:20px' class='hr hr-invisible   avia-builder-el-21  el_after_av_layout_row  avia-builder-el-no-sibling '><span class='hr-inner ' ><span class='hr-inner-style'><\/span><\/span><\/div><\/p>\n","protected":false},"excerpt":{"rendered":"","protected":false},"author":8,"featured_media":0,"parent":911,"menu_order":0,"comment_status":"closed","ping_status":"closed","template":"","meta":{"footnotes":""},"page_category":[],"yoast_head":"<!-- This site is optimized with the Yoast SEO plugin v22.8 - https:\/\/yoast.com\/wordpress\/plugins\/seo\/ -->\n<title>Technische Produktdesigner - Dokumentation f\u00fcr die AP2 - bbs|me<\/title>\n<meta name=\"description\" content=\"Wie schreibe und gestalte ich die Dokumentation f\u00fcr die AP 2? Was muss ich beachten? Diese Anleitung beantwortet die wichtigsten Fragen.\" \/>\n<meta name=\"robots\" content=\"index, follow, max-snippet:-1, max-image-preview:large, max-video-preview:-1\" \/>\n<link rel=\"canonical\" href=\"https:\/\/www2.bbs-me.de\/index.php\/berufsschule-metalltechnik\/team-produktdesignersystemplaner\/dokumentation-arbeitsauftrag-abschlusspruefung-technische-produktdesigner\/\" \/>\n<meta property=\"og:locale\" content=\"de_DE\" \/>\n<meta property=\"og:type\" content=\"article\" \/>\n<meta property=\"og:title\" content=\"Technische Produktdesigner - Dokumentation f\u00fcr die AP2 - bbs|me\" \/>\n<meta property=\"og:description\" content=\"Wie schreibe und gestalte ich die Dokumentation f\u00fcr die AP 2? Was muss ich beachten? Diese Anleitung beantwortet die wichtigsten Fragen.\" \/>\n<meta property=\"og:url\" content=\"https:\/\/www2.bbs-me.de\/index.php\/berufsschule-metalltechnik\/team-produktdesignersystemplaner\/dokumentation-arbeitsauftrag-abschlusspruefung-technische-produktdesigner\/\" \/>\n<meta property=\"og:site_name\" content=\"bbs|me\" \/>\n<meta property=\"article:modified_time\" content=\"2022-06-09T19:37:30+00:00\" \/>\n<meta name=\"twitter:card\" content=\"summary_large_image\" \/>\n<meta name=\"twitter:label1\" content=\"Gesch\u00e4tzte Lesezeit\" \/>\n\t<meta name=\"twitter:data1\" content=\"4\u00a0Minuten\" \/>\n<script type=\"application\/ld+json\" class=\"yoast-schema-graph\">{\"@context\":\"https:\/\/schema.org\",\"@graph\":[{\"@type\":\"WebPage\",\"@id\":\"https:\/\/www2.bbs-me.de\/index.php\/berufsschule-metalltechnik\/team-produktdesignersystemplaner\/dokumentation-arbeitsauftrag-abschlusspruefung-technische-produktdesigner\/\",\"url\":\"https:\/\/www2.bbs-me.de\/index.php\/berufsschule-metalltechnik\/team-produktdesignersystemplaner\/dokumentation-arbeitsauftrag-abschlusspruefung-technische-produktdesigner\/\",\"name\":\"Technische Produktdesigner - Dokumentation f\u00fcr die AP2 - bbs|me\",\"isPartOf\":{\"@id\":\"https:\/\/www2.bbs-me.de\/#website\"},\"datePublished\":\"2020-09-14T09:42:41+00:00\",\"dateModified\":\"2022-06-09T19:37:30+00:00\",\"description\":\"Wie schreibe und gestalte ich die Dokumentation f\u00fcr die AP 2? Was muss ich beachten? Diese Anleitung beantwortet die wichtigsten Fragen.\",\"breadcrumb\":{\"@id\":\"https:\/\/www2.bbs-me.de\/index.php\/berufsschule-metalltechnik\/team-produktdesignersystemplaner\/dokumentation-arbeitsauftrag-abschlusspruefung-technische-produktdesigner\/#breadcrumb\"},\"inLanguage\":\"de\",\"potentialAction\":[{\"@type\":\"ReadAction\",\"target\":[\"https:\/\/www2.bbs-me.de\/index.php\/berufsschule-metalltechnik\/team-produktdesignersystemplaner\/dokumentation-arbeitsauftrag-abschlusspruefung-technische-produktdesigner\/\"]}]},{\"@type\":\"BreadcrumbList\",\"@id\":\"https:\/\/www2.bbs-me.de\/index.php\/berufsschule-metalltechnik\/team-produktdesignersystemplaner\/dokumentation-arbeitsauftrag-abschlusspruefung-technische-produktdesigner\/#breadcrumb\",\"itemListElement\":[{\"@type\":\"ListItem\",\"position\":1,\"name\":\"Startseite\",\"item\":\"https:\/\/www2.bbs-me.de\/\"},{\"@type\":\"ListItem\",\"position\":2,\"name\":\"Berufsschule Metalltechnik\",\"item\":\"https:\/\/www2.bbs-me.de\/index.php\/berufsschule-metalltechnik\/\"},{\"@type\":\"ListItem\",\"position\":3,\"name\":\"Produktdesigner\/Systemplaner\",\"item\":\"https:\/\/www2.bbs-me.de\/index.php\/berufsschule-metalltechnik\/team-produktdesignersystemplaner\/\"},{\"@type\":\"ListItem\",\"position\":4,\"name\":\"Technische Produktdesigner &#8211; Dokumentation f\u00fcr die AP2\"}]},{\"@type\":\"WebSite\",\"@id\":\"https:\/\/www2.bbs-me.de\/#website\",\"url\":\"https:\/\/www2.bbs-me.de\/\",\"name\":\"bbs|me\",\"description\":\"Otto-Brenner-Schule - Berufsbildende Schule Metalltechnik \u2022 Elektrotechnik der Region Hannover\",\"potentialAction\":[{\"@type\":\"SearchAction\",\"target\":{\"@type\":\"EntryPoint\",\"urlTemplate\":\"https:\/\/www2.bbs-me.de\/?s={search_term_string}\"},\"query-input\":\"required name=search_term_string\"}],\"inLanguage\":\"de\"}]}<\/script>\n<!-- \/ Yoast SEO plugin. -->","yoast_head_json":{"title":"Technische Produktdesigner - Dokumentation f\u00fcr die AP2 - bbs|me","description":"Wie schreibe und gestalte ich die Dokumentation f\u00fcr die AP 2? Was muss ich beachten? Diese Anleitung beantwortet die wichtigsten Fragen.","robots":{"index":"index","follow":"follow","max-snippet":"max-snippet:-1","max-image-preview":"max-image-preview:large","max-video-preview":"max-video-preview:-1"},"canonical":"https:\/\/www2.bbs-me.de\/index.php\/berufsschule-metalltechnik\/team-produktdesignersystemplaner\/dokumentation-arbeitsauftrag-abschlusspruefung-technische-produktdesigner\/","og_locale":"de_DE","og_type":"article","og_title":"Technische Produktdesigner - Dokumentation f\u00fcr die AP2 - bbs|me","og_description":"Wie schreibe und gestalte ich die Dokumentation f\u00fcr die AP 2? Was muss ich beachten? Diese Anleitung beantwortet die wichtigsten Fragen.","og_url":"https:\/\/www2.bbs-me.de\/index.php\/berufsschule-metalltechnik\/team-produktdesignersystemplaner\/dokumentation-arbeitsauftrag-abschlusspruefung-technische-produktdesigner\/","og_site_name":"bbs|me","article_modified_time":"2022-06-09T19:37:30+00:00","twitter_card":"summary_large_image","twitter_misc":{"Gesch\u00e4tzte Lesezeit":"4\u00a0Minuten"},"schema":{"@context":"https:\/\/schema.org","@graph":[{"@type":"WebPage","@id":"https:\/\/www2.bbs-me.de\/index.php\/berufsschule-metalltechnik\/team-produktdesignersystemplaner\/dokumentation-arbeitsauftrag-abschlusspruefung-technische-produktdesigner\/","url":"https:\/\/www2.bbs-me.de\/index.php\/berufsschule-metalltechnik\/team-produktdesignersystemplaner\/dokumentation-arbeitsauftrag-abschlusspruefung-technische-produktdesigner\/","name":"Technische Produktdesigner - Dokumentation f\u00fcr die AP2 - bbs|me","isPartOf":{"@id":"https:\/\/www2.bbs-me.de\/#website"},"datePublished":"2020-09-14T09:42:41+00:00","dateModified":"2022-06-09T19:37:30+00:00","description":"Wie schreibe und gestalte ich die Dokumentation f\u00fcr die AP 2? Was muss ich beachten? Diese Anleitung beantwortet die wichtigsten Fragen.","breadcrumb":{"@id":"https:\/\/www2.bbs-me.de\/index.php\/berufsschule-metalltechnik\/team-produktdesignersystemplaner\/dokumentation-arbeitsauftrag-abschlusspruefung-technische-produktdesigner\/#breadcrumb"},"inLanguage":"de","potentialAction":[{"@type":"ReadAction","target":["https:\/\/www2.bbs-me.de\/index.php\/berufsschule-metalltechnik\/team-produktdesignersystemplaner\/dokumentation-arbeitsauftrag-abschlusspruefung-technische-produktdesigner\/"]}]},{"@type":"BreadcrumbList","@id":"https:\/\/www2.bbs-me.de\/index.php\/berufsschule-metalltechnik\/team-produktdesignersystemplaner\/dokumentation-arbeitsauftrag-abschlusspruefung-technische-produktdesigner\/#breadcrumb","itemListElement":[{"@type":"ListItem","position":1,"name":"Startseite","item":"https:\/\/www2.bbs-me.de\/"},{"@type":"ListItem","position":2,"name":"Berufsschule Metalltechnik","item":"https:\/\/www2.bbs-me.de\/index.php\/berufsschule-metalltechnik\/"},{"@type":"ListItem","position":3,"name":"Produktdesigner\/Systemplaner","item":"https:\/\/www2.bbs-me.de\/index.php\/berufsschule-metalltechnik\/team-produktdesignersystemplaner\/"},{"@type":"ListItem","position":4,"name":"Technische Produktdesigner &#8211; Dokumentation f\u00fcr die AP2"}]},{"@type":"WebSite","@id":"https:\/\/www2.bbs-me.de\/#website","url":"https:\/\/www2.bbs-me.de\/","name":"bbs|me","description":"Otto-Brenner-Schule - Berufsbildende Schule Metalltechnik \u2022 Elektrotechnik der Region Hannover","potentialAction":[{"@type":"SearchAction","target":{"@type":"EntryPoint","urlTemplate":"https:\/\/www2.bbs-me.de\/?s={search_term_string}"},"query-input":"required name=search_term_string"}],"inLanguage":"de"}]}},"publishpress_future_action":{"enabled":false,"date":"2026-04-13 00:17:36","action":"change-status","newStatus":"draft","terms":[],"taxonomy":"page_category"},"_links":{"self":[{"href":"https:\/\/www2.bbs-me.de\/index.php\/wp-json\/wp\/v2\/pages\/19993"}],"collection":[{"href":"https:\/\/www2.bbs-me.de\/index.php\/wp-json\/wp\/v2\/pages"}],"about":[{"href":"https:\/\/www2.bbs-me.de\/index.php\/wp-json\/wp\/v2\/types\/page"}],"author":[{"embeddable":true,"href":"https:\/\/www2.bbs-me.de\/index.php\/wp-json\/wp\/v2\/users\/8"}],"replies":[{"embeddable":true,"href":"https:\/\/www2.bbs-me.de\/index.php\/wp-json\/wp\/v2\/comments?post=19993"}],"version-history":[{"count":21,"href":"https:\/\/www2.bbs-me.de\/index.php\/wp-json\/wp\/v2\/pages\/19993\/revisions"}],"predecessor-version":[{"id":24924,"href":"https:\/\/www2.bbs-me.de\/index.php\/wp-json\/wp\/v2\/pages\/19993\/revisions\/24924"}],"up":[{"embeddable":true,"href":"https:\/\/www2.bbs-me.de\/index.php\/wp-json\/wp\/v2\/pages\/911"}],"wp:attachment":[{"href":"https:\/\/www2.bbs-me.de\/index.php\/wp-json\/wp\/v2\/media?parent=19993"}],"wp:term":[{"taxonomy":"page_category","embeddable":true,"href":"https:\/\/www2.bbs-me.de\/index.php\/wp-json\/wp\/v2\/page_category?post=19993"}],"curies":[{"name":"wp","href":"https:\/\/api.w.org\/{rel}","templated":true}]}}