{"id":20322,"date":"2020-11-21T22:51:35","date_gmt":"2020-11-21T21:51:35","guid":{"rendered":"https:\/\/www2.bbs-me.de\/?page_id=20322"},"modified":"2020-11-21T22:51:36","modified_gmt":"2020-11-21T21:51:36","slug":"technische-produktdesigner-kamerahalterung","status":"publish","type":"page","link":"https:\/\/www2.bbs-me.de\/index.php\/berufsschule-metalltechnik\/team-produktdesignersystemplaner\/technische-produktdesigner-kamerahalterung\/","title":{"rendered":"Technische Produktdesigner &#8211; Kamerahalterung"},"content":{"rendered":"<div id='basic-article'  class='av-layout-grid-container entry-content-wrapper header_color av-flex-cells     avia-builder-el-0  el_before_av_hr  avia-builder-el-first  container_wrap sidebar_right' style=' '  >\n<div class=\"flex_cell no_margin av_one_half  avia-builder-el-1  el_before_av_cell_one_half  avia-builder-el-first   \"  style='vertical-align:top; padding:30px; ' ><div class='flex_cell_inner' ><section class=\"av_textblock_section \"  itemscope=\"itemscope\" itemtype=\"https:\/\/schema.org\/CreativeWork\" ><div class='avia_textblock  '   itemprop=\"text\" ><h4>Konstruktionsprojekt<\/h4>\n<\/div><\/section><br \/>\n<div  style='height:20px' class='hr hr-invisible   avia-builder-el-3  el_after_av_textblock  el_before_av_heading '><span class='hr-inner ' ><span class='hr-inner-style'><\/span><\/span><\/div><br \/>\n<div  style='padding-bottom:10px; ' class='av-special-heading av-special-heading-h1  blockquote modern-quote  avia-builder-el-4  el_after_av_hr  el_before_av_hr  '><h1 class='av-special-heading-tag '  itemprop=\"headline\"  >Kamerahalterung<\/h1><div class='special-heading-border'><div class='special-heading-inner-border' ><\/div><\/div><\/div><br \/>\n<div   class='hr hr-default   avia-builder-el-5  el_after_av_heading  el_before_av_textblock '><span class='hr-inner ' ><span class='hr-inner-style'><\/span><\/span><\/div><br \/>\n<section class=\"av_textblock_section \"  itemscope=\"itemscope\" itemtype=\"https:\/\/schema.org\/CreativeWork\" ><div class='avia_textblock  '  style='font-size:16px; '  itemprop=\"text\" ><p>Die Tochter eines Kollegen ist begeisterte Hobbyfotografin. Was ihr noch fehlt ist eine Kamerahalterung f\u00fcr ihren Rollstuhl, die ein Ablegen der Digitalkamera unn\u00f6tig und das Filmen w\u00e4hrend der Fahrt m\u00f6glich macht. Dieser Herausforderung haben sich die Sch\u00fcler*innen des ersten Ausbildungsjahres angenommen. Im Rahmen des Fachtheorieunterrichts, in dem sie regelm\u00e4\u00dfig kleinere Projekte abwickeln, galt es eine Kamerahalterung zur Befestigung an einem Rollstuhl zu konstruieren. Als weitere Anforderungen haben sich die Auszubildenden \u00fcberlegt, dass die Kamerahalterung kosteng\u00fcnstig, ohne \u00c4nderungen an verschiedene Rollst\u00fchle passen und die Kamera in allen Richtungen schwenkbar und verstellbar sein soll. In vier Gruppen haben die Sch\u00fcler*innen dann verschiedene Varianten erarbeitet und sich mit Hilfe einer Technisch-wirtschaftlichen Bewertung f\u00fcr eine Variante entschieden. Das Ergebnis ist so einfach, dass jeder darauf h\u00e4tte kommen k\u00f6nnen. Es besteht zu 80% aus Kaufteilen. Die Befestigung am Rollstuhl erfolgt mit einer Universalklemme vom Schlagzeug. Die Kamera wird an ein Messuhrstativ geschraubt, dass die flexible Ausrichtung erm\u00f6glicht. Die verbleibenden Teile hat die <strong><span style=\"color: #0000ff;\"><a style=\"color: #0000ff;\" href=\"https:\/\/www2.bbs-me.de\/index.php\/berufsfachschule-metalltechnik\/\" target=\"_blank\" rel=\"noopener\">Metallwerkstatt der BBS-ME<\/a><\/span><\/strong> angefertigt.<\/p>\n<\/div><\/section><\/p>\n<\/div><\/div><div class=\"flex_cell no_margin av_one_half  avia-builder-el-7  el_after_av_cell_one_half  avia-builder-el-last   \"  style='vertical-align:top; padding:30px; ' ><div class='flex_cell_inner' ><div  class='avia-image-container  av-styling-    avia-builder-el-8  avia-builder-el-no-sibling  avia-align-center '  itemprop=\"image\" itemscope=\"itemscope\" itemtype=\"https:\/\/schema.org\/ImageObject\"  ><div class='avia-image-container-inner'><div class='avia-image-overlay-wrap'><img class='avia_image' src='https:\/\/www2.bbs-me.de\/wp-content\/uploads\/2016\/01\/kamerahalterung.jpg' alt='Anleitung Dokumentation Arbeitsauftrag Abschlusspr\u00fcfung Produktdesigner' title='Gewusst-wie auf Schreibtisch' height=\"600\" width=\"394\"  itemprop=\"thumbnailUrl\"  \/><\/div><\/div><\/div>\n<\/div><\/div><\/div><div id='after_submenu_1'  class='main_color av_default_container_wrap container_wrap sidebar_right' style=' '  ><div class='container' ><div class='template-page content  av-content-small alpha units'><div class='post-entry post-entry-type-page post-entry-20322'><div class='entry-content-wrapper clearfix'><div  style='height:20px' class='hr hr-invisible   avia-builder-el-9  el_after_av_layout_row  avia-builder-el-no-sibling '><span class='hr-inner ' ><span class='hr-inner-style'><\/span><\/span><\/div><\/p>\n","protected":false},"excerpt":{"rendered":"","protected":false},"author":8,"featured_media":0,"parent":911,"menu_order":0,"comment_status":"closed","ping_status":"closed","template":"","meta":{"footnotes":""},"page_category":[],"yoast_head":"<!-- This site is optimized with the Yoast SEO plugin v22.8 - https:\/\/yoast.com\/wordpress\/plugins\/seo\/ -->\n<title>Technische Produktdesigner - Kamerahalterung - bbs|me<\/title>\n<meta name=\"description\" content=\"Wie schreibe und gestalte ich die Dokumentation f\u00fcr die AP 2? Was muss ich beachten? Diese Anleitung beantwortet die wichtigsten Fragen.\" \/>\n<meta name=\"robots\" content=\"index, follow, max-snippet:-1, max-image-preview:large, max-video-preview:-1\" \/>\n<link rel=\"canonical\" href=\"https:\/\/www2.bbs-me.de\/index.php\/berufsschule-metalltechnik\/team-produktdesignersystemplaner\/technische-produktdesigner-kamerahalterung\/\" \/>\n<meta property=\"og:locale\" content=\"de_DE\" \/>\n<meta property=\"og:type\" content=\"article\" \/>\n<meta property=\"og:title\" content=\"Technische Produktdesigner - Kamerahalterung - bbs|me\" \/>\n<meta property=\"og:description\" content=\"Wie schreibe und gestalte ich die Dokumentation f\u00fcr die AP 2? Was muss ich beachten? Diese Anleitung beantwortet die wichtigsten Fragen.\" \/>\n<meta property=\"og:url\" content=\"https:\/\/www2.bbs-me.de\/index.php\/berufsschule-metalltechnik\/team-produktdesignersystemplaner\/technische-produktdesigner-kamerahalterung\/\" \/>\n<meta property=\"og:site_name\" content=\"bbs|me\" \/>\n<meta property=\"article:modified_time\" content=\"2020-11-21T21:51:36+00:00\" \/>\n<meta name=\"twitter:card\" content=\"summary_large_image\" \/>\n<meta name=\"twitter:label1\" content=\"Gesch\u00e4tzte Lesezeit\" \/>\n\t<meta name=\"twitter:data1\" content=\"3\u00a0Minuten\" \/>\n<script type=\"application\/ld+json\" class=\"yoast-schema-graph\">{\"@context\":\"https:\/\/schema.org\",\"@graph\":[{\"@type\":\"WebPage\",\"@id\":\"https:\/\/www2.bbs-me.de\/index.php\/berufsschule-metalltechnik\/team-produktdesignersystemplaner\/technische-produktdesigner-kamerahalterung\/\",\"url\":\"https:\/\/www2.bbs-me.de\/index.php\/berufsschule-metalltechnik\/team-produktdesignersystemplaner\/technische-produktdesigner-kamerahalterung\/\",\"name\":\"Technische Produktdesigner - Kamerahalterung - bbs|me\",\"isPartOf\":{\"@id\":\"https:\/\/www2.bbs-me.de\/#website\"},\"datePublished\":\"2020-11-21T21:51:35+00:00\",\"dateModified\":\"2020-11-21T21:51:36+00:00\",\"description\":\"Wie schreibe und gestalte ich die Dokumentation f\u00fcr die AP 2? Was muss ich beachten? Diese Anleitung beantwortet die wichtigsten Fragen.\",\"breadcrumb\":{\"@id\":\"https:\/\/www2.bbs-me.de\/index.php\/berufsschule-metalltechnik\/team-produktdesignersystemplaner\/technische-produktdesigner-kamerahalterung\/#breadcrumb\"},\"inLanguage\":\"de\",\"potentialAction\":[{\"@type\":\"ReadAction\",\"target\":[\"https:\/\/www2.bbs-me.de\/index.php\/berufsschule-metalltechnik\/team-produktdesignersystemplaner\/technische-produktdesigner-kamerahalterung\/\"]}]},{\"@type\":\"BreadcrumbList\",\"@id\":\"https:\/\/www2.bbs-me.de\/index.php\/berufsschule-metalltechnik\/team-produktdesignersystemplaner\/technische-produktdesigner-kamerahalterung\/#breadcrumb\",\"itemListElement\":[{\"@type\":\"ListItem\",\"position\":1,\"name\":\"Startseite\",\"item\":\"https:\/\/www2.bbs-me.de\/\"},{\"@type\":\"ListItem\",\"position\":2,\"name\":\"Berufsschule Metalltechnik\",\"item\":\"https:\/\/www2.bbs-me.de\/index.php\/berufsschule-metalltechnik\/\"},{\"@type\":\"ListItem\",\"position\":3,\"name\":\"Produktdesigner\/Systemplaner\",\"item\":\"https:\/\/www2.bbs-me.de\/index.php\/berufsschule-metalltechnik\/team-produktdesignersystemplaner\/\"},{\"@type\":\"ListItem\",\"position\":4,\"name\":\"Technische Produktdesigner &#8211; Kamerahalterung\"}]},{\"@type\":\"WebSite\",\"@id\":\"https:\/\/www2.bbs-me.de\/#website\",\"url\":\"https:\/\/www2.bbs-me.de\/\",\"name\":\"bbs|me\",\"description\":\"Otto-Brenner-Schule - Berufsbildende Schule Metalltechnik \u2022 Elektrotechnik der Region Hannover\",\"potentialAction\":[{\"@type\":\"SearchAction\",\"target\":{\"@type\":\"EntryPoint\",\"urlTemplate\":\"https:\/\/www2.bbs-me.de\/?s={search_term_string}\"},\"query-input\":\"required name=search_term_string\"}],\"inLanguage\":\"de\"}]}<\/script>\n<!-- \/ Yoast SEO plugin. -->","yoast_head_json":{"title":"Technische Produktdesigner - Kamerahalterung - bbs|me","description":"Wie schreibe und gestalte ich die Dokumentation f\u00fcr die AP 2? Was muss ich beachten? Diese Anleitung beantwortet die wichtigsten Fragen.","robots":{"index":"index","follow":"follow","max-snippet":"max-snippet:-1","max-image-preview":"max-image-preview:large","max-video-preview":"max-video-preview:-1"},"canonical":"https:\/\/www2.bbs-me.de\/index.php\/berufsschule-metalltechnik\/team-produktdesignersystemplaner\/technische-produktdesigner-kamerahalterung\/","og_locale":"de_DE","og_type":"article","og_title":"Technische Produktdesigner - Kamerahalterung - bbs|me","og_description":"Wie schreibe und gestalte ich die Dokumentation f\u00fcr die AP 2? Was muss ich beachten? Diese Anleitung beantwortet die wichtigsten Fragen.","og_url":"https:\/\/www2.bbs-me.de\/index.php\/berufsschule-metalltechnik\/team-produktdesignersystemplaner\/technische-produktdesigner-kamerahalterung\/","og_site_name":"bbs|me","article_modified_time":"2020-11-21T21:51:36+00:00","twitter_card":"summary_large_image","twitter_misc":{"Gesch\u00e4tzte Lesezeit":"3\u00a0Minuten"},"schema":{"@context":"https:\/\/schema.org","@graph":[{"@type":"WebPage","@id":"https:\/\/www2.bbs-me.de\/index.php\/berufsschule-metalltechnik\/team-produktdesignersystemplaner\/technische-produktdesigner-kamerahalterung\/","url":"https:\/\/www2.bbs-me.de\/index.php\/berufsschule-metalltechnik\/team-produktdesignersystemplaner\/technische-produktdesigner-kamerahalterung\/","name":"Technische Produktdesigner - Kamerahalterung - bbs|me","isPartOf":{"@id":"https:\/\/www2.bbs-me.de\/#website"},"datePublished":"2020-11-21T21:51:35+00:00","dateModified":"2020-11-21T21:51:36+00:00","description":"Wie schreibe und gestalte ich die Dokumentation f\u00fcr die AP 2? Was muss ich beachten? Diese Anleitung beantwortet die wichtigsten Fragen.","breadcrumb":{"@id":"https:\/\/www2.bbs-me.de\/index.php\/berufsschule-metalltechnik\/team-produktdesignersystemplaner\/technische-produktdesigner-kamerahalterung\/#breadcrumb"},"inLanguage":"de","potentialAction":[{"@type":"ReadAction","target":["https:\/\/www2.bbs-me.de\/index.php\/berufsschule-metalltechnik\/team-produktdesignersystemplaner\/technische-produktdesigner-kamerahalterung\/"]}]},{"@type":"BreadcrumbList","@id":"https:\/\/www2.bbs-me.de\/index.php\/berufsschule-metalltechnik\/team-produktdesignersystemplaner\/technische-produktdesigner-kamerahalterung\/#breadcrumb","itemListElement":[{"@type":"ListItem","position":1,"name":"Startseite","item":"https:\/\/www2.bbs-me.de\/"},{"@type":"ListItem","position":2,"name":"Berufsschule Metalltechnik","item":"https:\/\/www2.bbs-me.de\/index.php\/berufsschule-metalltechnik\/"},{"@type":"ListItem","position":3,"name":"Produktdesigner\/Systemplaner","item":"https:\/\/www2.bbs-me.de\/index.php\/berufsschule-metalltechnik\/team-produktdesignersystemplaner\/"},{"@type":"ListItem","position":4,"name":"Technische Produktdesigner &#8211; Kamerahalterung"}]},{"@type":"WebSite","@id":"https:\/\/www2.bbs-me.de\/#website","url":"https:\/\/www2.bbs-me.de\/","name":"bbs|me","description":"Otto-Brenner-Schule - Berufsbildende Schule Metalltechnik \u2022 Elektrotechnik der Region Hannover","potentialAction":[{"@type":"SearchAction","target":{"@type":"EntryPoint","urlTemplate":"https:\/\/www2.bbs-me.de\/?s={search_term_string}"},"query-input":"required name=search_term_string"}],"inLanguage":"de"}]}},"publishpress_future_action":{"enabled":false,"date":"2026-04-13 00:26:31","action":"change-status","newStatus":"draft","terms":[],"taxonomy":"page_category"},"_links":{"self":[{"href":"https:\/\/www2.bbs-me.de\/index.php\/wp-json\/wp\/v2\/pages\/20322"}],"collection":[{"href":"https:\/\/www2.bbs-me.de\/index.php\/wp-json\/wp\/v2\/pages"}],"about":[{"href":"https:\/\/www2.bbs-me.de\/index.php\/wp-json\/wp\/v2\/types\/page"}],"author":[{"embeddable":true,"href":"https:\/\/www2.bbs-me.de\/index.php\/wp-json\/wp\/v2\/users\/8"}],"replies":[{"embeddable":true,"href":"https:\/\/www2.bbs-me.de\/index.php\/wp-json\/wp\/v2\/comments?post=20322"}],"version-history":[{"count":1,"href":"https:\/\/www2.bbs-me.de\/index.php\/wp-json\/wp\/v2\/pages\/20322\/revisions"}],"predecessor-version":[{"id":20323,"href":"https:\/\/www2.bbs-me.de\/index.php\/wp-json\/wp\/v2\/pages\/20322\/revisions\/20323"}],"up":[{"embeddable":true,"href":"https:\/\/www2.bbs-me.de\/index.php\/wp-json\/wp\/v2\/pages\/911"}],"wp:attachment":[{"href":"https:\/\/www2.bbs-me.de\/index.php\/wp-json\/wp\/v2\/media?parent=20322"}],"wp:term":[{"taxonomy":"page_category","embeddable":true,"href":"https:\/\/www2.bbs-me.de\/index.php\/wp-json\/wp\/v2\/page_category?post=20322"}],"curies":[{"name":"wp","href":"https:\/\/api.w.org\/{rel}","templated":true}]}}