{"id":20753,"date":"2021-01-04T16:24:09","date_gmt":"2021-01-04T15:24:09","guid":{"rendered":"https:\/\/www2.bbs-me.de\/?page_id=20753"},"modified":"2021-01-04T16:24:10","modified_gmt":"2021-01-04T15:24:10","slug":"technische-produktdesigner-akkuschrauber-fahrzeug","status":"publish","type":"page","link":"https:\/\/www2.bbs-me.de\/index.php\/berufsschule-metalltechnik\/team-produktdesignersystemplaner\/technische-produktdesigner-akkuschrauber-fahrzeug\/","title":{"rendered":"Technische Produktdesigner &#8211; Akkuschrauber-Fahrzeug"},"content":{"rendered":"<div id='basic-article'  class='av-layout-grid-container entry-content-wrapper header_color av-flex-cells     avia-builder-el-0  el_before_av_one_full  avia-builder-el-first  container_wrap sidebar_right' style=' '  >\n<div class=\"flex_cell no_margin av_one_half  avia-builder-el-1  el_before_av_cell_one_half  avia-builder-el-first   \"  style='vertical-align:top; padding:30px; ' ><div class='flex_cell_inner' ><section class=\"av_textblock_section \"  itemscope=\"itemscope\" itemtype=\"https:\/\/schema.org\/CreativeWork\" ><div class='avia_textblock  '   itemprop=\"text\" ><h4>Konstruktions- und Kooperationsprojekt<\/h4>\n<\/div><\/section><br \/>\n<div  style='height:20px' class='hr hr-invisible   avia-builder-el-3  el_after_av_textblock  el_before_av_heading '><span class='hr-inner ' ><span class='hr-inner-style'><\/span><\/span><\/div><br \/>\n<div  style='padding-bottom:10px; ' class='av-special-heading av-special-heading-h1  blockquote modern-quote  avia-builder-el-4  el_after_av_hr  el_before_av_hr  '><h1 class='av-special-heading-tag '  itemprop=\"headline\"  >Akkuschrauberfahrzeug<\/h1><div class='special-heading-border'><div class='special-heading-inner-border' ><\/div><\/div><\/div><br \/>\n<div   class='hr hr-default   avia-builder-el-5  el_after_av_heading  el_before_av_textblock '><span class='hr-inner ' ><span class='hr-inner-style'><\/span><\/span><\/div><br \/>\n<section class=\"av_textblock_section \"  itemscope=\"itemscope\" itemtype=\"https:\/\/schema.org\/CreativeWork\" ><div class='avia_textblock  '  style='font-size:16px; '  itemprop=\"text\" ><p>Auszubildende und Sch\u00fcler*innen aus sechs verschiedenen Klassen an drei unterschiedlichen Schulen (<strong><a href=\"http:\/\/www.bbs-me.de\/\">BBS-ME<\/a><\/strong>,<strong><a href=\"http:\/\/www.bbs2celle.de\/\"> bbs2 Celle<\/a><\/strong>, <strong><a href=\"http:\/\/www.emil-berliner-schule.de\/\">RS-St\u00f6cken<\/a><\/strong>) haben f\u00fcr das Akkuschrauber-Rennen intensiv gearbeitet, Ideen entwickelt, diskutiert, konstruiert, ges\u00e4gt, geschwei\u00dft und montiert. Insgesamt wurden von den beteiligten Teams vier Fahrzeuge entwickelt.<\/p>\n<p>Nur wenige Wochen vor den Sommerferien erprobten die Teams ihre Fahrzeuge in Hannover. Das Abschlussrennen wurde kurz vor Ende des Schuljahres in der Axel-Bruns-Schule in Celle durchgef\u00fchrt.<\/p>\n<p>Die vier Projektteams pr\u00e4sentierten zun\u00e4chst ihre Fahrzeuge, erl\u00e4uterten die technischen Details und beantworteten die Fragen der zahlreichen Besucher*innen. Mit kritischem Blick wurden die ausgestellten Fahrzeuge begutachtet. Alle Projektteams \u00fcberzeugten mit kreativen technischen L\u00f6sungen und konnten im abschlie\u00dfenden Zeitrennen die Praxistauglichkeit der Fahrzeuge beweisen.<\/p>\n<p>Sowohl alle Teams als auch die Fahrzeuge haben das Rennen gut \u00fcberstanden. Das Projekt hat den Sch\u00fcler*innen viel Spa\u00df gemacht und war eine Bereicherung f\u00fcr den Unterricht. Alle Beteiligten sind sich einig: Ein \u00e4hnliches Projekt soll es wieder geben! Denn Akkurace der Schulen bedeutet, dass es nur Gewinner gibt!<\/p>\n<\/div><\/section><br \/>\n<div  style='height:50px' class='hr hr-invisible   avia-builder-el-7  el_after_av_textblock  el_before_av_textblock '><span class='hr-inner ' ><span class='hr-inner-style'><\/span><\/span><\/div><br \/>\n<section class=\"av_textblock_section \"  itemscope=\"itemscope\" itemtype=\"https:\/\/schema.org\/CreativeWork\" ><div class='avia_textblock  '  style='font-size:16px; '  itemprop=\"text\" ><h3>Videos<\/h3>\n<p>auf youtube<\/p>\n<\/div><\/section><br \/>\n<div  class='av-catalogue-container   avia-builder-el-9  el_after_av_textblock  avia-builder-el-last '><ul class='av-catalogue-list'>\n<li><a href='http:\/\/www.youtube.com\/watch?v=HwI_ni0_Jsc' target=\"_blank\" class='av-catalogue-item' rel=\"noopener\"><div class='av-catalogue-item-inner'><div class='av-catalogue-title-container'><div class='av-catalogue-title'>Rennen in Hannover<\/div><div class='av-catalogue-price'><\/div><\/div><div class=\"av-catalogue-content\"><\/div><\/div><\/a><\/li>\n<li><a href='http:\/\/www.youtube.com\/watch?v=XmlDHX5m1c0&feature=plcp' target=\"_blank\" class='av-catalogue-item' rel=\"noopener\"><div class='av-catalogue-item-inner'><div class='av-catalogue-title-container'><div class='av-catalogue-title'>Rennen in Celle<\/div><div class='av-catalogue-price'><\/div><\/div><div class=\"av-catalogue-content\"><\/div><\/div><\/a><\/li>\n<\/ul><\/div><\/p>\n<\/div><\/div><div class=\"flex_cell no_margin av_one_half  avia-builder-el-10  el_after_av_cell_one_half  avia-builder-el-last   \"  style='vertical-align:top; padding:30px; ' ><div class='flex_cell_inner' ><div  class='avia-image-container  av-styling-    avia-builder-el-11  avia-builder-el-no-sibling  avia-align-center '  itemprop=\"image\" itemscope=\"itemscope\" itemtype=\"https:\/\/schema.org\/ImageObject\"  ><div class='avia-image-container-inner'><div class='avia-image-overlay-wrap'><img class='avia_image' src='https:\/\/www2.bbs-me.de\/wp-content\/uploads\/2021\/01\/A1_Akku_Collage_02-804x1030.jpg' alt='Anleitung Dokumentation Arbeitsauftrag Abschlusspr\u00fcfung Produktdesigner' title='Gewusst-wie auf Schreibtisch' height=\"1030\" width=\"804\"  itemprop=\"thumbnailUrl\"  \/><\/div><\/div><\/div>\n<\/div><\/div><\/div><div id='after_submenu_1'  class='main_color av_default_container_wrap container_wrap sidebar_right' style=' '  ><div class='container' ><div class='template-page content  av-content-small alpha units'><div class='post-entry post-entry-type-page post-entry-20753'><div class='entry-content-wrapper clearfix'><div class=\"flex_column av_one_full  flex_column_div av-zero-column-padding first  avia-builder-el-12  el_after_av_layout_row  el_before_av_hr  avia-builder-el-first  \" style='border-radius:0px; '><div  class='avia-image-container  av-styling-    avia-builder-el-13  avia-builder-el-no-sibling  avia-align-center '  itemprop=\"image\" itemscope=\"itemscope\" itemtype=\"https:\/\/schema.org\/ImageObject\"  ><div class='avia-image-container-inner'><div class='avia-image-overlay-wrap'><img class='avia_image' src='https:\/\/www2.bbs-me.de\/wp-content\/uploads\/2021\/01\/A1_Akku_Collage_01-1030x383.jpg' alt='Anleitung Dokumentation Arbeitsauftrag Abschlusspr\u00fcfung Produktdesigner' title='Gewusst-wie auf Schreibtisch' height=\"383\" width=\"1030\"  itemprop=\"thumbnailUrl\"  \/><\/div><\/div><\/div><\/div><div  style='height:20px' class='hr hr-invisible   avia-builder-el-14  el_after_av_one_full  avia-builder-el-last '><span class='hr-inner ' ><span class='hr-inner-style'><\/span><\/span><\/div><\/p>\n","protected":false},"excerpt":{"rendered":"","protected":false},"author":8,"featured_media":0,"parent":911,"menu_order":0,"comment_status":"closed","ping_status":"closed","template":"","meta":{"footnotes":""},"page_category":[],"yoast_head":"<!-- This site is optimized with the Yoast SEO plugin v22.8 - https:\/\/yoast.com\/wordpress\/plugins\/seo\/ -->\n<title>Technische Produktdesigner - Akkuschrauber-Fahrzeug - bbs|me<\/title>\n<meta name=\"description\" content=\"Wie schreibe und gestalte ich die Dokumentation f\u00fcr die AP 2? Was muss ich beachten? Diese Anleitung beantwortet die wichtigsten Fragen.\" \/>\n<meta name=\"robots\" content=\"index, follow, max-snippet:-1, max-image-preview:large, max-video-preview:-1\" \/>\n<link rel=\"canonical\" href=\"https:\/\/www2.bbs-me.de\/index.php\/berufsschule-metalltechnik\/team-produktdesignersystemplaner\/technische-produktdesigner-akkuschrauber-fahrzeug\/\" \/>\n<meta property=\"og:locale\" content=\"de_DE\" \/>\n<meta property=\"og:type\" content=\"article\" \/>\n<meta property=\"og:title\" content=\"Technische Produktdesigner - Akkuschrauber-Fahrzeug - bbs|me\" \/>\n<meta property=\"og:description\" content=\"Wie schreibe und gestalte ich die Dokumentation f\u00fcr die AP 2? Was muss ich beachten? Diese Anleitung beantwortet die wichtigsten Fragen.\" \/>\n<meta property=\"og:url\" content=\"https:\/\/www2.bbs-me.de\/index.php\/berufsschule-metalltechnik\/team-produktdesignersystemplaner\/technische-produktdesigner-akkuschrauber-fahrzeug\/\" \/>\n<meta property=\"og:site_name\" content=\"bbs|me\" \/>\n<meta property=\"article:modified_time\" content=\"2021-01-04T15:24:10+00:00\" \/>\n<meta name=\"twitter:card\" content=\"summary_large_image\" \/>\n<meta name=\"twitter:label1\" content=\"Gesch\u00e4tzte Lesezeit\" \/>\n\t<meta name=\"twitter:data1\" content=\"5\u00a0Minuten\" \/>\n<script type=\"application\/ld+json\" class=\"yoast-schema-graph\">{\"@context\":\"https:\/\/schema.org\",\"@graph\":[{\"@type\":\"WebPage\",\"@id\":\"https:\/\/www2.bbs-me.de\/index.php\/berufsschule-metalltechnik\/team-produktdesignersystemplaner\/technische-produktdesigner-akkuschrauber-fahrzeug\/\",\"url\":\"https:\/\/www2.bbs-me.de\/index.php\/berufsschule-metalltechnik\/team-produktdesignersystemplaner\/technische-produktdesigner-akkuschrauber-fahrzeug\/\",\"name\":\"Technische Produktdesigner - Akkuschrauber-Fahrzeug - bbs|me\",\"isPartOf\":{\"@id\":\"https:\/\/www2.bbs-me.de\/#website\"},\"datePublished\":\"2021-01-04T15:24:09+00:00\",\"dateModified\":\"2021-01-04T15:24:10+00:00\",\"description\":\"Wie schreibe und gestalte ich die Dokumentation f\u00fcr die AP 2? Was muss ich beachten? Diese Anleitung beantwortet die wichtigsten Fragen.\",\"breadcrumb\":{\"@id\":\"https:\/\/www2.bbs-me.de\/index.php\/berufsschule-metalltechnik\/team-produktdesignersystemplaner\/technische-produktdesigner-akkuschrauber-fahrzeug\/#breadcrumb\"},\"inLanguage\":\"de\",\"potentialAction\":[{\"@type\":\"ReadAction\",\"target\":[\"https:\/\/www2.bbs-me.de\/index.php\/berufsschule-metalltechnik\/team-produktdesignersystemplaner\/technische-produktdesigner-akkuschrauber-fahrzeug\/\"]}]},{\"@type\":\"BreadcrumbList\",\"@id\":\"https:\/\/www2.bbs-me.de\/index.php\/berufsschule-metalltechnik\/team-produktdesignersystemplaner\/technische-produktdesigner-akkuschrauber-fahrzeug\/#breadcrumb\",\"itemListElement\":[{\"@type\":\"ListItem\",\"position\":1,\"name\":\"Startseite\",\"item\":\"https:\/\/www2.bbs-me.de\/\"},{\"@type\":\"ListItem\",\"position\":2,\"name\":\"Berufsschule Metalltechnik\",\"item\":\"https:\/\/www2.bbs-me.de\/index.php\/berufsschule-metalltechnik\/\"},{\"@type\":\"ListItem\",\"position\":3,\"name\":\"Produktdesigner\/Systemplaner\",\"item\":\"https:\/\/www2.bbs-me.de\/index.php\/berufsschule-metalltechnik\/team-produktdesignersystemplaner\/\"},{\"@type\":\"ListItem\",\"position\":4,\"name\":\"Technische Produktdesigner &#8211; Akkuschrauber-Fahrzeug\"}]},{\"@type\":\"WebSite\",\"@id\":\"https:\/\/www2.bbs-me.de\/#website\",\"url\":\"https:\/\/www2.bbs-me.de\/\",\"name\":\"bbs|me\",\"description\":\"Otto-Brenner-Schule - Berufsbildende Schule Metalltechnik \u2022 Elektrotechnik der Region Hannover\",\"potentialAction\":[{\"@type\":\"SearchAction\",\"target\":{\"@type\":\"EntryPoint\",\"urlTemplate\":\"https:\/\/www2.bbs-me.de\/?s={search_term_string}\"},\"query-input\":\"required name=search_term_string\"}],\"inLanguage\":\"de\"}]}<\/script>\n<!-- \/ Yoast SEO plugin. -->","yoast_head_json":{"title":"Technische Produktdesigner - Akkuschrauber-Fahrzeug - bbs|me","description":"Wie schreibe und gestalte ich die Dokumentation f\u00fcr die AP 2? Was muss ich beachten? Diese Anleitung beantwortet die wichtigsten Fragen.","robots":{"index":"index","follow":"follow","max-snippet":"max-snippet:-1","max-image-preview":"max-image-preview:large","max-video-preview":"max-video-preview:-1"},"canonical":"https:\/\/www2.bbs-me.de\/index.php\/berufsschule-metalltechnik\/team-produktdesignersystemplaner\/technische-produktdesigner-akkuschrauber-fahrzeug\/","og_locale":"de_DE","og_type":"article","og_title":"Technische Produktdesigner - Akkuschrauber-Fahrzeug - bbs|me","og_description":"Wie schreibe und gestalte ich die Dokumentation f\u00fcr die AP 2? Was muss ich beachten? Diese Anleitung beantwortet die wichtigsten Fragen.","og_url":"https:\/\/www2.bbs-me.de\/index.php\/berufsschule-metalltechnik\/team-produktdesignersystemplaner\/technische-produktdesigner-akkuschrauber-fahrzeug\/","og_site_name":"bbs|me","article_modified_time":"2021-01-04T15:24:10+00:00","twitter_card":"summary_large_image","twitter_misc":{"Gesch\u00e4tzte Lesezeit":"5\u00a0Minuten"},"schema":{"@context":"https:\/\/schema.org","@graph":[{"@type":"WebPage","@id":"https:\/\/www2.bbs-me.de\/index.php\/berufsschule-metalltechnik\/team-produktdesignersystemplaner\/technische-produktdesigner-akkuschrauber-fahrzeug\/","url":"https:\/\/www2.bbs-me.de\/index.php\/berufsschule-metalltechnik\/team-produktdesignersystemplaner\/technische-produktdesigner-akkuschrauber-fahrzeug\/","name":"Technische Produktdesigner - Akkuschrauber-Fahrzeug - bbs|me","isPartOf":{"@id":"https:\/\/www2.bbs-me.de\/#website"},"datePublished":"2021-01-04T15:24:09+00:00","dateModified":"2021-01-04T15:24:10+00:00","description":"Wie schreibe und gestalte ich die Dokumentation f\u00fcr die AP 2? Was muss ich beachten? Diese Anleitung beantwortet die wichtigsten Fragen.","breadcrumb":{"@id":"https:\/\/www2.bbs-me.de\/index.php\/berufsschule-metalltechnik\/team-produktdesignersystemplaner\/technische-produktdesigner-akkuschrauber-fahrzeug\/#breadcrumb"},"inLanguage":"de","potentialAction":[{"@type":"ReadAction","target":["https:\/\/www2.bbs-me.de\/index.php\/berufsschule-metalltechnik\/team-produktdesignersystemplaner\/technische-produktdesigner-akkuschrauber-fahrzeug\/"]}]},{"@type":"BreadcrumbList","@id":"https:\/\/www2.bbs-me.de\/index.php\/berufsschule-metalltechnik\/team-produktdesignersystemplaner\/technische-produktdesigner-akkuschrauber-fahrzeug\/#breadcrumb","itemListElement":[{"@type":"ListItem","position":1,"name":"Startseite","item":"https:\/\/www2.bbs-me.de\/"},{"@type":"ListItem","position":2,"name":"Berufsschule Metalltechnik","item":"https:\/\/www2.bbs-me.de\/index.php\/berufsschule-metalltechnik\/"},{"@type":"ListItem","position":3,"name":"Produktdesigner\/Systemplaner","item":"https:\/\/www2.bbs-me.de\/index.php\/berufsschule-metalltechnik\/team-produktdesignersystemplaner\/"},{"@type":"ListItem","position":4,"name":"Technische Produktdesigner &#8211; Akkuschrauber-Fahrzeug"}]},{"@type":"WebSite","@id":"https:\/\/www2.bbs-me.de\/#website","url":"https:\/\/www2.bbs-me.de\/","name":"bbs|me","description":"Otto-Brenner-Schule - Berufsbildende Schule Metalltechnik \u2022 Elektrotechnik der Region Hannover","potentialAction":[{"@type":"SearchAction","target":{"@type":"EntryPoint","urlTemplate":"https:\/\/www2.bbs-me.de\/?s={search_term_string}"},"query-input":"required name=search_term_string"}],"inLanguage":"de"}]}},"publishpress_future_action":{"enabled":false,"date":"2026-04-13 00:26:30","action":"change-status","newStatus":"draft","terms":[],"taxonomy":"page_category"},"_links":{"self":[{"href":"https:\/\/www2.bbs-me.de\/index.php\/wp-json\/wp\/v2\/pages\/20753"}],"collection":[{"href":"https:\/\/www2.bbs-me.de\/index.php\/wp-json\/wp\/v2\/pages"}],"about":[{"href":"https:\/\/www2.bbs-me.de\/index.php\/wp-json\/wp\/v2\/types\/page"}],"author":[{"embeddable":true,"href":"https:\/\/www2.bbs-me.de\/index.php\/wp-json\/wp\/v2\/users\/8"}],"replies":[{"embeddable":true,"href":"https:\/\/www2.bbs-me.de\/index.php\/wp-json\/wp\/v2\/comments?post=20753"}],"version-history":[{"count":6,"href":"https:\/\/www2.bbs-me.de\/index.php\/wp-json\/wp\/v2\/pages\/20753\/revisions"}],"predecessor-version":[{"id":20763,"href":"https:\/\/www2.bbs-me.de\/index.php\/wp-json\/wp\/v2\/pages\/20753\/revisions\/20763"}],"up":[{"embeddable":true,"href":"https:\/\/www2.bbs-me.de\/index.php\/wp-json\/wp\/v2\/pages\/911"}],"wp:attachment":[{"href":"https:\/\/www2.bbs-me.de\/index.php\/wp-json\/wp\/v2\/media?parent=20753"}],"wp:term":[{"taxonomy":"page_category","embeddable":true,"href":"https:\/\/www2.bbs-me.de\/index.php\/wp-json\/wp\/v2\/page_category?post=20753"}],"curies":[{"name":"wp","href":"https:\/\/api.w.org\/{rel}","templated":true}]}}