{"id":20933,"date":"2021-01-15T17:17:52","date_gmt":"2021-01-15T16:17:52","guid":{"rendered":"https:\/\/www2.bbs-me.de\/?page_id=20933"},"modified":"2021-01-20T08:42:23","modified_gmt":"2021-01-20T07:42:23","slug":"taetigkeit-der-foerdergemeinschaft-der-technikerschule-hannover","status":"publish","type":"page","link":"https:\/\/www2.bbs-me.de\/index.php\/taetigkeit-der-foerdergemeinschaft-der-technikerschule-hannover\/","title":{"rendered":"T\u00e4tigkeit der F\u00f6rdergemeinschaft der Technikerschule Hannover"},"content":{"rendered":"<div  style='padding-bottom:10px; color:#1aa2dc;' class='av-special-heading av-special-heading-h2 custom-color-heading blockquote modern-quote  avia-builder-el-0  el_before_av_textblock  avia-builder-el-first  '><h2 class='av-special-heading-tag '  itemprop=\"headline\"  >F\u00f6rdergemeinschaft der Technikerschule Hannover<\/h2><div class='special-heading-border'><div class='special-heading-inner-border' style='border-color:#1aa2dc'><\/div><\/div><\/div>\n<section class=\"av_textblock_section \"  itemscope=\"itemscope\" itemtype=\"https:\/\/schema.org\/CreativeWork\" ><div class='avia_textblock  '  style='font-size:18px; '  itemprop=\"text\" ><p>Die F\u00f6rdergemeinschaft f\u00f6rdert die Technikerschule Hannover entsprechend ihrer Satzung durch die Vertretung der Belange der Schule gegen\u00fcber der \u00d6ffentlichen Hand und anderen Institutionen und die F\u00f6rderung der Lehre.<br \/>\nDie Mitgliedsbeitr\u00e4ge flie\u00dfen in Ausstattungen, die \u00fcber den normalen Haushalt der Schule hinweg gehen und kommen somit direkt dem praktischen Unterricht zu Gute.<\/p>\n<\/div><\/section>\n<div class=\"flex_column av_one_full  flex_column_div av-zero-column-padding first  avia-builder-el-2  el_after_av_textblock  el_before_av_textblock  column-top-margin\" style='border-radius:0px; '><\/div>\n<section class=\"av_textblock_section \"  itemscope=\"itemscope\" itemtype=\"https:\/\/schema.org\/CreativeWork\" ><div class='avia_textblock  '   itemprop=\"text\" ><hr \/>\n<\/div><\/section>\n","protected":false},"excerpt":{"rendered":"","protected":false},"author":18,"featured_media":0,"parent":0,"menu_order":0,"comment_status":"closed","ping_status":"closed","template":"","meta":{"footnotes":""},"page_category":[],"yoast_head":"<!-- This site is optimized with the Yoast SEO plugin v22.8 - https:\/\/yoast.com\/wordpress\/plugins\/seo\/ -->\n<title>T\u00e4tigkeit der F\u00f6rdergemeinschaft der Technikerschule Hannover - bbs|me<\/title>\n<meta name=\"robots\" content=\"index, follow, max-snippet:-1, max-image-preview:large, max-video-preview:-1\" \/>\n<link rel=\"canonical\" href=\"https:\/\/www2.bbs-me.de\/index.php\/taetigkeit-der-foerdergemeinschaft-der-technikerschule-hannover\/\" \/>\n<meta property=\"og:locale\" content=\"de_DE\" \/>\n<meta property=\"og:type\" content=\"article\" \/>\n<meta property=\"og:title\" content=\"T\u00e4tigkeit der F\u00f6rdergemeinschaft der Technikerschule Hannover - bbs|me\" \/>\n<meta property=\"og:url\" content=\"https:\/\/www2.bbs-me.de\/index.php\/taetigkeit-der-foerdergemeinschaft-der-technikerschule-hannover\/\" \/>\n<meta property=\"og:site_name\" content=\"bbs|me\" \/>\n<meta property=\"article:modified_time\" content=\"2021-01-20T07:42:23+00:00\" \/>\n<meta name=\"twitter:card\" content=\"summary_large_image\" \/>\n<meta name=\"twitter:label1\" content=\"Gesch\u00e4tzte Lesezeit\" \/>\n\t<meta name=\"twitter:data1\" content=\"2\u00a0Minuten\" \/>\n<script type=\"application\/ld+json\" class=\"yoast-schema-graph\">{\"@context\":\"https:\/\/schema.org\",\"@graph\":[{\"@type\":\"WebPage\",\"@id\":\"https:\/\/www2.bbs-me.de\/index.php\/taetigkeit-der-foerdergemeinschaft-der-technikerschule-hannover\/\",\"url\":\"https:\/\/www2.bbs-me.de\/index.php\/taetigkeit-der-foerdergemeinschaft-der-technikerschule-hannover\/\",\"name\":\"T\u00e4tigkeit der F\u00f6rdergemeinschaft der Technikerschule Hannover - bbs|me\",\"isPartOf\":{\"@id\":\"https:\/\/www2.bbs-me.de\/#website\"},\"datePublished\":\"2021-01-15T16:17:52+00:00\",\"dateModified\":\"2021-01-20T07:42:23+00:00\",\"breadcrumb\":{\"@id\":\"https:\/\/www2.bbs-me.de\/index.php\/taetigkeit-der-foerdergemeinschaft-der-technikerschule-hannover\/#breadcrumb\"},\"inLanguage\":\"de\",\"potentialAction\":[{\"@type\":\"ReadAction\",\"target\":[\"https:\/\/www2.bbs-me.de\/index.php\/taetigkeit-der-foerdergemeinschaft-der-technikerschule-hannover\/\"]}]},{\"@type\":\"BreadcrumbList\",\"@id\":\"https:\/\/www2.bbs-me.de\/index.php\/taetigkeit-der-foerdergemeinschaft-der-technikerschule-hannover\/#breadcrumb\",\"itemListElement\":[{\"@type\":\"ListItem\",\"position\":1,\"name\":\"Startseite\",\"item\":\"https:\/\/www2.bbs-me.de\/\"},{\"@type\":\"ListItem\",\"position\":2,\"name\":\"T\u00e4tigkeit der F\u00f6rdergemeinschaft der Technikerschule Hannover\"}]},{\"@type\":\"WebSite\",\"@id\":\"https:\/\/www2.bbs-me.de\/#website\",\"url\":\"https:\/\/www2.bbs-me.de\/\",\"name\":\"bbs|me\",\"description\":\"Otto-Brenner-Schule - Berufsbildende Schule Metalltechnik \u2022 Elektrotechnik der Region Hannover\",\"potentialAction\":[{\"@type\":\"SearchAction\",\"target\":{\"@type\":\"EntryPoint\",\"urlTemplate\":\"https:\/\/www2.bbs-me.de\/?s={search_term_string}\"},\"query-input\":\"required name=search_term_string\"}],\"inLanguage\":\"de\"}]}<\/script>\n<!-- \/ Yoast SEO plugin. -->","yoast_head_json":{"title":"T\u00e4tigkeit der F\u00f6rdergemeinschaft der Technikerschule Hannover - bbs|me","robots":{"index":"index","follow":"follow","max-snippet":"max-snippet:-1","max-image-preview":"max-image-preview:large","max-video-preview":"max-video-preview:-1"},"canonical":"https:\/\/www2.bbs-me.de\/index.php\/taetigkeit-der-foerdergemeinschaft-der-technikerschule-hannover\/","og_locale":"de_DE","og_type":"article","og_title":"T\u00e4tigkeit der F\u00f6rdergemeinschaft der Technikerschule Hannover - bbs|me","og_url":"https:\/\/www2.bbs-me.de\/index.php\/taetigkeit-der-foerdergemeinschaft-der-technikerschule-hannover\/","og_site_name":"bbs|me","article_modified_time":"2021-01-20T07:42:23+00:00","twitter_card":"summary_large_image","twitter_misc":{"Gesch\u00e4tzte Lesezeit":"2\u00a0Minuten"},"schema":{"@context":"https:\/\/schema.org","@graph":[{"@type":"WebPage","@id":"https:\/\/www2.bbs-me.de\/index.php\/taetigkeit-der-foerdergemeinschaft-der-technikerschule-hannover\/","url":"https:\/\/www2.bbs-me.de\/index.php\/taetigkeit-der-foerdergemeinschaft-der-technikerschule-hannover\/","name":"T\u00e4tigkeit der F\u00f6rdergemeinschaft der Technikerschule Hannover - bbs|me","isPartOf":{"@id":"https:\/\/www2.bbs-me.de\/#website"},"datePublished":"2021-01-15T16:17:52+00:00","dateModified":"2021-01-20T07:42:23+00:00","breadcrumb":{"@id":"https:\/\/www2.bbs-me.de\/index.php\/taetigkeit-der-foerdergemeinschaft-der-technikerschule-hannover\/#breadcrumb"},"inLanguage":"de","potentialAction":[{"@type":"ReadAction","target":["https:\/\/www2.bbs-me.de\/index.php\/taetigkeit-der-foerdergemeinschaft-der-technikerschule-hannover\/"]}]},{"@type":"BreadcrumbList","@id":"https:\/\/www2.bbs-me.de\/index.php\/taetigkeit-der-foerdergemeinschaft-der-technikerschule-hannover\/#breadcrumb","itemListElement":[{"@type":"ListItem","position":1,"name":"Startseite","item":"https:\/\/www2.bbs-me.de\/"},{"@type":"ListItem","position":2,"name":"T\u00e4tigkeit der F\u00f6rdergemeinschaft der Technikerschule Hannover"}]},{"@type":"WebSite","@id":"https:\/\/www2.bbs-me.de\/#website","url":"https:\/\/www2.bbs-me.de\/","name":"bbs|me","description":"Otto-Brenner-Schule - Berufsbildende Schule Metalltechnik \u2022 Elektrotechnik der Region Hannover","potentialAction":[{"@type":"SearchAction","target":{"@type":"EntryPoint","urlTemplate":"https:\/\/www2.bbs-me.de\/?s={search_term_string}"},"query-input":"required name=search_term_string"}],"inLanguage":"de"}]}},"publishpress_future_action":{"enabled":false,"date":"2026-04-12 23:53:56","action":"change-status","newStatus":"draft","terms":[],"taxonomy":"page_category"},"_links":{"self":[{"href":"https:\/\/www2.bbs-me.de\/index.php\/wp-json\/wp\/v2\/pages\/20933"}],"collection":[{"href":"https:\/\/www2.bbs-me.de\/index.php\/wp-json\/wp\/v2\/pages"}],"about":[{"href":"https:\/\/www2.bbs-me.de\/index.php\/wp-json\/wp\/v2\/types\/page"}],"author":[{"embeddable":true,"href":"https:\/\/www2.bbs-me.de\/index.php\/wp-json\/wp\/v2\/users\/18"}],"replies":[{"embeddable":true,"href":"https:\/\/www2.bbs-me.de\/index.php\/wp-json\/wp\/v2\/comments?post=20933"}],"version-history":[{"count":8,"href":"https:\/\/www2.bbs-me.de\/index.php\/wp-json\/wp\/v2\/pages\/20933\/revisions"}],"predecessor-version":[{"id":21080,"href":"https:\/\/www2.bbs-me.de\/index.php\/wp-json\/wp\/v2\/pages\/20933\/revisions\/21080"}],"wp:attachment":[{"href":"https:\/\/www2.bbs-me.de\/index.php\/wp-json\/wp\/v2\/media?parent=20933"}],"wp:term":[{"taxonomy":"page_category","embeddable":true,"href":"https:\/\/www2.bbs-me.de\/index.php\/wp-json\/wp\/v2\/page_category?post=20933"}],"curies":[{"name":"wp","href":"https:\/\/api.w.org\/{rel}","templated":true}]}}