{"id":23557,"date":"2022-03-07T12:37:58","date_gmt":"2022-03-07T11:37:58","guid":{"rendered":"https:\/\/www2.bbs-me.de\/?page_id=23557"},"modified":"2025-03-28T09:09:16","modified_gmt":"2025-03-28T08:09:16","slug":"region-des-lernens-infos","status":"publish","type":"page","link":"https:\/\/www2.bbs-me.de\/index.php\/startseite-dev-dropdown\/region-des-lernens-hannover-leitstelle\/region-des-lernens-infos\/","title":{"rendered":"Region des Lernens Infos"},"content":{"rendered":"<div id='full_slider_1'  class='avia-fullwidth-slider main_color avia-shadow   avia-builder-el-0  el_before_av_one_full  avia-builder-el-first   container_wrap sidebar_right' style=' '  ><div   data-size='featured'  data-lightbox_size='large'  data-animation='slide'  data-conditional_play=''  data-ids='23404'  data-video_counter='0'  data-autoplay='false'  data-bg_slider='false'  data-slide_height=''  data-handle='av_slideshow_full'  data-interval='5'  data-class=' '  data-el_id=''  data-css_id=''  data-scroll_down=''  data-control_layout='av-control-default'  data-custom_markup=''  data-perma_caption=''  data-autoplay_stopper=''  data-image_attachment=''  data-min_height='0px'  data-src=''  data-position='top left'  data-repeat='no-repeat'  data-attach='scroll'  data-stretch=''  data-default-height='28.666666666667'  class='avia-slideshow avia-slideshow-1  av-control-default av-default-height-applied avia-slideshow-featured av_slideshow_full   avia-slide-slider '  itemprop=\"image\" itemscope=\"itemscope\" itemtype=\"https:\/\/schema.org\/ImageObject\" ><ul class='avia-slideshow-inner ' style='padding-bottom: 35.75%;' ><li  class=' av-single-slide slide-1 ' ><div data-rel='slideshow-1' class='avia-slide-wrap '   ><img src='https:\/\/www2.bbs-me.de\/wp-content\/uploads\/2022\/02\/Ihme-Zentrum-RdL-dummy-slider.jpg' width='1200' height='429' title='Ihme Zentrum RdL dummy slider' alt=''  itemprop=\"thumbnailUrl\"   \/><\/div><\/li><\/ul><\/div><\/div><div id='after_full_slider_1'  class='main_color av_default_container_wrap container_wrap sidebar_right' style=' '  ><div class='container' ><div class='template-page content  av-content-small alpha units'><div class='post-entry post-entry-type-page post-entry-23557'><div class='entry-content-wrapper clearfix'>\n<div class=\"flex_column av_one_full  flex_column_div av-zero-column-padding first  avia-builder-el-1  el_after_av_slideshow_full  el_before_av_hr  avia-builder-el-first  \" style='border-radius:0px; '><section class=\"av_textblock_section \"  itemscope=\"itemscope\" itemtype=\"https:\/\/schema.org\/CreativeWork\" ><div class='avia_textblock  '   itemprop=\"text\" ><h1>\u00dcber die Region des Lernens<\/h1>\n<\/div><\/section><\/div>\n<div   class='hr hr-default   avia-builder-el-3  el_after_av_one_full  el_before_av_two_third '><span class='hr-inner ' ><span class='hr-inner-style'><\/span><\/span><\/div>\n<div class=\"flex_column av_two_third  flex_column_div av-zero-column-padding first  avia-builder-el-4  el_after_av_hr  el_before_av_one_third  \" style='border-radius:0px; '><section class=\"av_textblock_section \"  itemscope=\"itemscope\" itemtype=\"https:\/\/schema.org\/CreativeWork\" ><div class='avia_textblock  '   itemprop=\"text\" ><h3 class=\"major\">Was ist die Region des Lernens?<\/h3>\n<p>Die Region des Lernens beinhaltet die Zusammenarbeit verschiedenster lokaler Netzwerkpartner zur Verbesserung der Ausbildungsf\u00e4higkeit von Sch\u00fclerinnen und Sch\u00fclern.<\/p>\n<p>Ziel ist die weitere Professionalisierung und nachhaltige Weiterentwicklung vorhandener Strukturen zur Berufsorientierung bzw. Berufswahlvorbereitung.<\/p>\n<p>Jede RdL hat eine eigene Leitstelle, welche jeweils einer berufsbildenden Schule zugeordnet. Die Leitstelle 1 der Region Hannover ist eine gemeinsame Leitstelle der BBS 2, der BBS 3 und der BBS ME der Region Hannover. Die Leitstelle befindet sich am Standort Goetheplatz in der Berufseinstiegsschule.<\/p>\n<h3><strong>Auftrag<\/strong><\/h3>\n<p><b>Koordinierung<\/b> der regionalen Zusammenarbeit zwischen den beteiligten allgemein bildenden und berufsbildenden Schulen sowie au\u00dferschulischen Partnern im <b>\u00dcbergang von der Schule in den Beruf bzw. ins berufsbildende Schulsystem<\/b><\/p>\n<p>(Vgl. Erlass: Leitstellen Region des Lernens und Jugendberufsagenturen, 26.07.2021)<\/p>\n<h3>Kernaufgaben<\/h3>\n<ul>\n<li>B\u00fcndelung der vorhandenen regionalen Ressourcen zu einem regionalen Bildungsangebot und Aufbau, Ausbau und Pflege des Netzwerkes<\/li>\n<li>Entwicklung bzw.- Weiterentwicklung von gemeinsamen regionalspezifischen F\u00f6rder- und Kooperationskonzepten<\/li>\n<li>Gestaltung der intensiven Zusammenarbeit mit der Jugendberufsagentur der Stadt Hannover sowie Beratungspartnern der Region Hannover<\/li>\n<li>Kooperationen mit regionalen Netzwerkpartnern (z.B. HWK, IHK, Besch\u00e4ftigungsf\u00f6rderung, Region Hannover)<\/li>\n<li>Informationsveranstaltungen f\u00fcr allgemeinbildende Schulen und f\u00fcr Interessierte zum berufsbildenden Schulsystem<\/li>\n<li>Planung und Durchf\u00fchrung von BO-Unterricht im Rahmen der Unterrichtskooperationen f\u00fcr Sch\u00fclerinnen und Sch\u00fcler der allgemeinbildenden Schulen<\/li>\n<li>Schnittstelle und Ansprechpartnerin f\u00fcr die Aufnahme neu zugewanderter Sch\u00fclerinnen und Sch\u00fcler in die Berufseinstiegsschulen der Region Hannover<\/li>\n<li>Aufbau und Mitarbeit in Netzwerken der Inklusion in der Stadt und Region Hannover\/ Gestaltung von \u00dcbergangsprozessen inklusiv beschulter Sch\u00fclerinnen und Sch\u00fcler<\/li>\n<li>&#8230;<\/li>\n<\/ul>\n<\/div><\/section><\/div><div class=\"flex_column av_one_third  flex_column_div av-zero-column-padding   avia-builder-el-6  el_after_av_two_third  el_before_av_layout_row  avia-builder-el-last  \" style='border-radius:0px; '><p><section class=\"av_textblock_section \"  itemscope=\"itemscope\" itemtype=\"https:\/\/schema.org\/CreativeWork\" ><div class='avia_textblock  '   itemprop=\"text\" ><p><strong>Ansprechpartnerin:<\/strong><\/p>\n<p>Caroline L\u00f6chelt<\/p>\n<p><a href=\"mailto:RdL-Leitstelle1@bbs-me.de\">RdL-Leitstelle1@bbs-me.de<\/a><\/p>\n<p><a href=\"https:\/\/www2.bbs-me.de\/wp-content\/uploads\/2023\/11\/RDL_LS-1_Hannover_rgb.jpg\"><img loading=\"lazy\" decoding=\"async\" class=\"alignnone wp-image-26855 size-medium\" src=\"https:\/\/www2.bbs-me.de\/wp-content\/uploads\/2023\/11\/RDL_LS-1_Hannover_rgb-300x132.jpg\" alt=\"\" width=\"300\" height=\"132\" srcset=\"https:\/\/www2.bbs-me.de\/wp-content\/uploads\/2023\/11\/RDL_LS-1_Hannover_rgb-300x132.jpg 300w, https:\/\/www2.bbs-me.de\/wp-content\/uploads\/2023\/11\/RDL_LS-1_Hannover_rgb-1030x452.jpg 1030w, https:\/\/www2.bbs-me.de\/wp-content\/uploads\/2023\/11\/RDL_LS-1_Hannover_rgb-768x337.jpg 768w, https:\/\/www2.bbs-me.de\/wp-content\/uploads\/2023\/11\/RDL_LS-1_Hannover_rgb-1536x675.jpg 1536w, https:\/\/www2.bbs-me.de\/wp-content\/uploads\/2023\/11\/RDL_LS-1_Hannover_rgb-2048x900.jpg 2048w, https:\/\/www2.bbs-me.de\/wp-content\/uploads\/2023\/11\/RDL_LS-1_Hannover_rgb-1500x659.jpg 1500w, https:\/\/www2.bbs-me.de\/wp-content\/uploads\/2023\/11\/RDL_LS-1_Hannover_rgb-705x310.jpg 705w\" sizes=\"(max-width: 300px) 100vw, 300px\" \/><\/a><\/p>\n<\/div><\/section><br \/>\n<div  style='height:200px' class='hr hr-invisible   avia-builder-el-8  el_after_av_textblock  avia-builder-el-last '><span class='hr-inner ' ><span class='hr-inner-style'><\/span><\/span><\/div><\/p><\/div><\/div><\/div><\/div><!-- close content main div --><\/div><\/div><div id='av-layout-grid-1'  class='av-layout-grid-container entry-content-wrapper header_color av-flex-cells   av-border-cells  avia-builder-el-9  el_after_av_one_third  el_before_av_layout_row  submenu-not-first container_wrap sidebar_right' style=' '  >\n<div class=\"flex_cell no_margin av_one_full  avia-builder-el-10  avia-builder-el-no-sibling   \"  style='vertical-align:top; padding:30px 30px 30px 50px ; ' ><div class='flex_cell_inner' ><div  style='height:1px; margin-top:0px'  class='hr hr-invisible   avia-builder-el-11  avia-builder-el-no-sibling '><span class='hr-inner ' ><span class='hr-inner-style'><\/span><\/span><\/div>\n<\/div><\/div>\n<\/div><\/p>\n<div id='av-layout-grid-2'  class='av-layout-grid-container entry-content-wrapper header_color av-flex-cells   av-border-cells  avia-builder-el-12  el_after_av_layout_row  avia-builder-el-last  submenu-not-first container_wrap sidebar_right' style=' '  >\n<div class=\"flex_cell no_margin av_one_full  avia-builder-el-13  avia-builder-el-no-sibling   \"  style='vertical-align:top; padding:30px 30px 30px 50px ; ' ><div class='flex_cell_inner' ><div  style='height:1px; margin-top:0px'  class='hr hr-invisible   avia-builder-el-14  avia-builder-el-no-sibling '><span class='hr-inner ' ><span class='hr-inner-style'><\/span><\/span><\/div>\n<\/div><\/div>\n<\/div>\n","protected":false},"excerpt":{"rendered":"","protected":false},"author":8,"featured_media":0,"parent":23402,"menu_order":0,"comment_status":"closed","ping_status":"closed","template":"","meta":{"footnotes":""},"page_category":[174],"yoast_head":"<!-- This site is optimized with the Yoast SEO plugin v22.8 - https:\/\/yoast.com\/wordpress\/plugins\/seo\/ -->\n<title>Region des Lernens Infos - Leitstelle Hannover - bbs|me<\/title>\n<meta name=\"description\" content=\"Die Berufseinstiegsschule vermittelt ihren Sch\u00fclerinnen und Sch\u00fclern neben der allgemeinen auch eine fachliche Bildung, deren Schwerpunkt in der Vorbereitung auf eine berufliche Ausbildung oder auf eine Berufst\u00e4tigkeit liegt.\" \/>\n<meta name=\"robots\" content=\"index, follow, max-snippet:-1, max-image-preview:large, max-video-preview:-1\" \/>\n<link rel=\"canonical\" href=\"https:\/\/www2.bbs-me.de\/index.php\/startseite-dev-dropdown\/region-des-lernens-hannover-leitstelle\/region-des-lernens-infos\/\" \/>\n<meta property=\"og:locale\" content=\"de_DE\" \/>\n<meta property=\"og:type\" content=\"article\" \/>\n<meta property=\"og:title\" content=\"Region des Lernens Infos - Leitstelle Hannover - bbs|me\" \/>\n<meta property=\"og:description\" content=\"Die Berufseinstiegsschule vermittelt ihren Sch\u00fclerinnen und Sch\u00fclern neben der allgemeinen auch eine fachliche Bildung, deren Schwerpunkt in der Vorbereitung auf eine berufliche Ausbildung oder auf eine Berufst\u00e4tigkeit liegt.\" \/>\n<meta property=\"og:url\" content=\"https:\/\/www2.bbs-me.de\/index.php\/startseite-dev-dropdown\/region-des-lernens-hannover-leitstelle\/region-des-lernens-infos\/\" \/>\n<meta property=\"og:site_name\" content=\"bbs|me\" \/>\n<meta property=\"article:modified_time\" content=\"2025-03-28T08:09:16+00:00\" \/>\n<meta property=\"og:image\" content=\"https:\/\/www2.bbs-me.de\/wp-content\/uploads\/2023\/11\/RDL_LS-1_Hannover_rgb-300x132.jpg\" \/>\n<meta name=\"twitter:card\" content=\"summary_large_image\" \/>\n<meta name=\"twitter:label1\" content=\"Gesch\u00e4tzte Lesezeit\" \/>\n\t<meta name=\"twitter:data1\" content=\"4\u00a0Minuten\" \/>\n<script type=\"application\/ld+json\" class=\"yoast-schema-graph\">{\"@context\":\"https:\/\/schema.org\",\"@graph\":[{\"@type\":\"WebPage\",\"@id\":\"https:\/\/www2.bbs-me.de\/index.php\/startseite-dev-dropdown\/region-des-lernens-hannover-leitstelle\/region-des-lernens-infos\/\",\"url\":\"https:\/\/www2.bbs-me.de\/index.php\/startseite-dev-dropdown\/region-des-lernens-hannover-leitstelle\/region-des-lernens-infos\/\",\"name\":\"Region des Lernens Infos - Leitstelle Hannover - bbs|me\",\"isPartOf\":{\"@id\":\"https:\/\/www2.bbs-me.de\/#website\"},\"primaryImageOfPage\":{\"@id\":\"https:\/\/www2.bbs-me.de\/index.php\/startseite-dev-dropdown\/region-des-lernens-hannover-leitstelle\/region-des-lernens-infos\/#primaryimage\"},\"image\":{\"@id\":\"https:\/\/www2.bbs-me.de\/index.php\/startseite-dev-dropdown\/region-des-lernens-hannover-leitstelle\/region-des-lernens-infos\/#primaryimage\"},\"thumbnailUrl\":\"https:\/\/www2.bbs-me.de\/wp-content\/uploads\/2023\/11\/RDL_LS-1_Hannover_rgb-300x132.jpg\",\"datePublished\":\"2022-03-07T11:37:58+00:00\",\"dateModified\":\"2025-03-28T08:09:16+00:00\",\"description\":\"Die Berufseinstiegsschule vermittelt ihren Sch\u00fclerinnen und Sch\u00fclern neben der allgemeinen auch eine fachliche Bildung, deren Schwerpunkt in der Vorbereitung auf eine berufliche Ausbildung oder auf eine Berufst\u00e4tigkeit liegt.\",\"breadcrumb\":{\"@id\":\"https:\/\/www2.bbs-me.de\/index.php\/startseite-dev-dropdown\/region-des-lernens-hannover-leitstelle\/region-des-lernens-infos\/#breadcrumb\"},\"inLanguage\":\"de\",\"potentialAction\":[{\"@type\":\"ReadAction\",\"target\":[\"https:\/\/www2.bbs-me.de\/index.php\/startseite-dev-dropdown\/region-des-lernens-hannover-leitstelle\/region-des-lernens-infos\/\"]}]},{\"@type\":\"ImageObject\",\"inLanguage\":\"de\",\"@id\":\"https:\/\/www2.bbs-me.de\/index.php\/startseite-dev-dropdown\/region-des-lernens-hannover-leitstelle\/region-des-lernens-infos\/#primaryimage\",\"url\":\"https:\/\/www2.bbs-me.de\/wp-content\/uploads\/2023\/11\/RDL_LS-1_Hannover_rgb.jpg\",\"contentUrl\":\"https:\/\/www2.bbs-me.de\/wp-content\/uploads\/2023\/11\/RDL_LS-1_Hannover_rgb.jpg\",\"width\":2422,\"height\":1064},{\"@type\":\"BreadcrumbList\",\"@id\":\"https:\/\/www2.bbs-me.de\/index.php\/startseite-dev-dropdown\/region-des-lernens-hannover-leitstelle\/region-des-lernens-infos\/#breadcrumb\",\"itemListElement\":[{\"@type\":\"ListItem\",\"position\":1,\"name\":\"Startseite\",\"item\":\"https:\/\/www2.bbs-me.de\/\"},{\"@type\":\"ListItem\",\"position\":2,\"name\":\"Startseite\",\"item\":\"https:\/\/www2.bbs-me.de\/\"},{\"@type\":\"ListItem\",\"position\":3,\"name\":\"RdL-Region des Lernens- Leitstelle 1 Hannover\",\"item\":\"https:\/\/www2.bbs-me.de\/index.php\/startseite-dev-dropdown\/region-des-lernens-hannover-leitstelle\/\"},{\"@type\":\"ListItem\",\"position\":4,\"name\":\"Region des Lernens Infos\"}]},{\"@type\":\"WebSite\",\"@id\":\"https:\/\/www2.bbs-me.de\/#website\",\"url\":\"https:\/\/www2.bbs-me.de\/\",\"name\":\"bbs|me\",\"description\":\"Otto-Brenner-Schule - Berufsbildende Schule Metalltechnik \u2022 Elektrotechnik der Region Hannover\",\"potentialAction\":[{\"@type\":\"SearchAction\",\"target\":{\"@type\":\"EntryPoint\",\"urlTemplate\":\"https:\/\/www2.bbs-me.de\/?s={search_term_string}\"},\"query-input\":\"required name=search_term_string\"}],\"inLanguage\":\"de\"}]}<\/script>\n<!-- \/ Yoast SEO plugin. -->","yoast_head_json":{"title":"Region des Lernens Infos - Leitstelle Hannover - bbs|me","description":"Die Berufseinstiegsschule vermittelt ihren Sch\u00fclerinnen und Sch\u00fclern neben der allgemeinen auch eine fachliche Bildung, deren Schwerpunkt in der Vorbereitung auf eine berufliche Ausbildung oder auf eine Berufst\u00e4tigkeit liegt.","robots":{"index":"index","follow":"follow","max-snippet":"max-snippet:-1","max-image-preview":"max-image-preview:large","max-video-preview":"max-video-preview:-1"},"canonical":"https:\/\/www2.bbs-me.de\/index.php\/startseite-dev-dropdown\/region-des-lernens-hannover-leitstelle\/region-des-lernens-infos\/","og_locale":"de_DE","og_type":"article","og_title":"Region des Lernens Infos - Leitstelle Hannover - bbs|me","og_description":"Die Berufseinstiegsschule vermittelt ihren Sch\u00fclerinnen und Sch\u00fclern neben der allgemeinen auch eine fachliche Bildung, deren Schwerpunkt in der Vorbereitung auf eine berufliche Ausbildung oder auf eine Berufst\u00e4tigkeit liegt.","og_url":"https:\/\/www2.bbs-me.de\/index.php\/startseite-dev-dropdown\/region-des-lernens-hannover-leitstelle\/region-des-lernens-infos\/","og_site_name":"bbs|me","article_modified_time":"2025-03-28T08:09:16+00:00","og_image":[{"url":"https:\/\/www2.bbs-me.de\/wp-content\/uploads\/2023\/11\/RDL_LS-1_Hannover_rgb-300x132.jpg"}],"twitter_card":"summary_large_image","twitter_misc":{"Gesch\u00e4tzte Lesezeit":"4\u00a0Minuten"},"schema":{"@context":"https:\/\/schema.org","@graph":[{"@type":"WebPage","@id":"https:\/\/www2.bbs-me.de\/index.php\/startseite-dev-dropdown\/region-des-lernens-hannover-leitstelle\/region-des-lernens-infos\/","url":"https:\/\/www2.bbs-me.de\/index.php\/startseite-dev-dropdown\/region-des-lernens-hannover-leitstelle\/region-des-lernens-infos\/","name":"Region des Lernens Infos - Leitstelle Hannover - bbs|me","isPartOf":{"@id":"https:\/\/www2.bbs-me.de\/#website"},"primaryImageOfPage":{"@id":"https:\/\/www2.bbs-me.de\/index.php\/startseite-dev-dropdown\/region-des-lernens-hannover-leitstelle\/region-des-lernens-infos\/#primaryimage"},"image":{"@id":"https:\/\/www2.bbs-me.de\/index.php\/startseite-dev-dropdown\/region-des-lernens-hannover-leitstelle\/region-des-lernens-infos\/#primaryimage"},"thumbnailUrl":"https:\/\/www2.bbs-me.de\/wp-content\/uploads\/2023\/11\/RDL_LS-1_Hannover_rgb-300x132.jpg","datePublished":"2022-03-07T11:37:58+00:00","dateModified":"2025-03-28T08:09:16+00:00","description":"Die Berufseinstiegsschule vermittelt ihren Sch\u00fclerinnen und Sch\u00fclern neben der allgemeinen auch eine fachliche Bildung, deren Schwerpunkt in der Vorbereitung auf eine berufliche Ausbildung oder auf eine Berufst\u00e4tigkeit liegt.","breadcrumb":{"@id":"https:\/\/www2.bbs-me.de\/index.php\/startseite-dev-dropdown\/region-des-lernens-hannover-leitstelle\/region-des-lernens-infos\/#breadcrumb"},"inLanguage":"de","potentialAction":[{"@type":"ReadAction","target":["https:\/\/www2.bbs-me.de\/index.php\/startseite-dev-dropdown\/region-des-lernens-hannover-leitstelle\/region-des-lernens-infos\/"]}]},{"@type":"ImageObject","inLanguage":"de","@id":"https:\/\/www2.bbs-me.de\/index.php\/startseite-dev-dropdown\/region-des-lernens-hannover-leitstelle\/region-des-lernens-infos\/#primaryimage","url":"https:\/\/www2.bbs-me.de\/wp-content\/uploads\/2023\/11\/RDL_LS-1_Hannover_rgb.jpg","contentUrl":"https:\/\/www2.bbs-me.de\/wp-content\/uploads\/2023\/11\/RDL_LS-1_Hannover_rgb.jpg","width":2422,"height":1064},{"@type":"BreadcrumbList","@id":"https:\/\/www2.bbs-me.de\/index.php\/startseite-dev-dropdown\/region-des-lernens-hannover-leitstelle\/region-des-lernens-infos\/#breadcrumb","itemListElement":[{"@type":"ListItem","position":1,"name":"Startseite","item":"https:\/\/www2.bbs-me.de\/"},{"@type":"ListItem","position":2,"name":"Startseite","item":"https:\/\/www2.bbs-me.de\/"},{"@type":"ListItem","position":3,"name":"RdL-Region des Lernens- Leitstelle 1 Hannover","item":"https:\/\/www2.bbs-me.de\/index.php\/startseite-dev-dropdown\/region-des-lernens-hannover-leitstelle\/"},{"@type":"ListItem","position":4,"name":"Region des Lernens Infos"}]},{"@type":"WebSite","@id":"https:\/\/www2.bbs-me.de\/#website","url":"https:\/\/www2.bbs-me.de\/","name":"bbs|me","description":"Otto-Brenner-Schule - Berufsbildende Schule Metalltechnik \u2022 Elektrotechnik der Region Hannover","potentialAction":[{"@type":"SearchAction","target":{"@type":"EntryPoint","urlTemplate":"https:\/\/www2.bbs-me.de\/?s={search_term_string}"},"query-input":"required name=search_term_string"}],"inLanguage":"de"}]}},"publishpress_future_action":{"enabled":false,"date":"2026-04-12 22:37:46","action":"change-status","newStatus":"draft","terms":[],"taxonomy":"page_category"},"_links":{"self":[{"href":"https:\/\/www2.bbs-me.de\/index.php\/wp-json\/wp\/v2\/pages\/23557"}],"collection":[{"href":"https:\/\/www2.bbs-me.de\/index.php\/wp-json\/wp\/v2\/pages"}],"about":[{"href":"https:\/\/www2.bbs-me.de\/index.php\/wp-json\/wp\/v2\/types\/page"}],"author":[{"embeddable":true,"href":"https:\/\/www2.bbs-me.de\/index.php\/wp-json\/wp\/v2\/users\/8"}],"replies":[{"embeddable":true,"href":"https:\/\/www2.bbs-me.de\/index.php\/wp-json\/wp\/v2\/comments?post=23557"}],"version-history":[{"count":49,"href":"https:\/\/www2.bbs-me.de\/index.php\/wp-json\/wp\/v2\/pages\/23557\/revisions"}],"predecessor-version":[{"id":29154,"href":"https:\/\/www2.bbs-me.de\/index.php\/wp-json\/wp\/v2\/pages\/23557\/revisions\/29154"}],"up":[{"embeddable":true,"href":"https:\/\/www2.bbs-me.de\/index.php\/wp-json\/wp\/v2\/pages\/23402"}],"wp:attachment":[{"href":"https:\/\/www2.bbs-me.de\/index.php\/wp-json\/wp\/v2\/media?parent=23557"}],"wp:term":[{"taxonomy":"page_category","embeddable":true,"href":"https:\/\/www2.bbs-me.de\/index.php\/wp-json\/wp\/v2\/page_category?post=23557"}],"curies":[{"name":"wp","href":"https:\/\/api.w.org\/{rel}","templated":true}]}}