{"id":23744,"date":"2022-03-26T08:53:21","date_gmt":"2022-03-26T07:53:21","guid":{"rendered":"https:\/\/www2.bbs-me.de\/?page_id=23744"},"modified":"2025-03-28T09:31:45","modified_gmt":"2025-03-28T08:31:45","slug":"region-des-lernens-unterrichtsverbuende","status":"publish","type":"page","link":"https:\/\/www2.bbs-me.de\/index.php\/startseite-dev-dropdown\/region-des-lernens-hannover-leitstelle\/region-des-lernens-unterrichtsverbuende\/","title":{"rendered":"Region des Lernens Unterrichtsverb\u00fcnde"},"content":{"rendered":"<div id='full_slider_1'  class='avia-fullwidth-slider main_color avia-shadow   avia-builder-el-0  el_before_av_hr  avia-builder-el-first   container_wrap sidebar_right' style=' '  ><div   data-size='featured'  data-lightbox_size='large'  data-animation='slide'  data-conditional_play=''  data-ids='24106'  data-video_counter='0'  data-autoplay='false'  data-bg_slider='false'  data-slide_height=''  data-handle='av_slideshow_full'  data-interval='5'  data-class=' '  data-el_id=''  data-css_id=''  data-scroll_down=''  data-control_layout='av-control-default'  data-custom_markup=''  data-perma_caption=''  data-autoplay_stopper=''  data-image_attachment=''  data-min_height='0px'  data-src=''  data-position='top left'  data-repeat='no-repeat'  data-attach='scroll'  data-stretch=''  data-default-height='28.666666666667'  class='avia-slideshow avia-slideshow-1  av-control-default av-default-height-applied avia-slideshow-featured av_slideshow_full   avia-slide-slider '  itemprop=\"image\" itemscope=\"itemscope\" itemtype=\"https:\/\/schema.org\/ImageObject\" ><ul class='avia-slideshow-inner ' style='padding-bottom: 30.642857142857%;' ><li  class=' av-single-slide slide-1 ' ><div data-rel='slideshow-1' class='avia-slide-wrap '   ><img src='https:\/\/www2.bbs-me.de\/wp-content\/uploads\/2022\/05\/RdL_slider_Unterrichtsverbuende_01.jpg' width='1400' height='429' title='RdL_slider_Unterrichtsverb\u00fcnde_01' alt=''  itemprop=\"thumbnailUrl\"   \/><\/div><\/li><\/ul><\/div><\/div><div id='after_full_slider_1'  class='main_color av_default_container_wrap container_wrap sidebar_right' style=' '  ><div class='container' ><div class='template-page content  av-content-small alpha units'><div class='post-entry post-entry-type-page post-entry-23744'><div class='entry-content-wrapper clearfix'>\n<div   class='hr hr-default   avia-builder-el-1  el_after_av_slideshow_full  el_before_av_one_full  avia-builder-el-first '><span class='hr-inner ' ><span class='hr-inner-style'><\/span><\/span><\/div>\n<div class=\"flex_column av_one_full  flex_column_div av-zero-column-padding first  avia-builder-el-2  el_after_av_hr  el_before_av_textblock  \" style='border-radius:0px; '><section class=\"av_textblock_section \"  itemscope=\"itemscope\" itemtype=\"https:\/\/schema.org\/CreativeWork\" ><div class='avia_textblock  '   itemprop=\"text\" ><h1>Unterrichtsverb\u00fcnde &#8211; Leitstelle 1 Hannover<\/h1>\n<\/div><\/section><\/div>\n<section class=\"av_textblock_section \"  itemscope=\"itemscope\" itemtype=\"https:\/\/schema.org\/CreativeWork\" ><div class='avia_textblock  '   itemprop=\"text\" ><h3>Verbundunterricht<\/h3>\n<p>Im Rahmen der Berufsorientierung koordiniert die Leitstelle 1 der Region Hannover den Verbundunterricht f\u00fcr die Berufseinstiegsschulen am Goetheplatz.<\/p>\n<p>Der Verbundunterricht ist ein Angebot f\u00fcr inklusiv beschulte Sch\u00fclerinnen und Sch\u00fcler der 8. und 9. Klassen der allgemeinbildenden Schulen und der F\u00f6rderschulen. Dieses Angebot bietet durch die M\u00f6glichkeit\u00a0 der Teilnahme am fachpraktischen Unterricht der BBS ausgew\u00e4hlte Fachrichtungen und Berufsfelder an unseren Schulen kennenzulernen.<\/p>\n<p>Hierdurch erhalten die Sch\u00fclerinnen und Sch\u00fcler die M\u00f6glichkeiten, ihre Potentiale zu erkennen, eigene Vorstelllungen von der Berufswelt zu entwickeln und dadurch bewusstere Entscheidungen f\u00fcr ihre Berufswahl zu treffen.<\/p>\n<p><strong>Berufsfelder und Unterrichtszeiten:<\/strong><\/p>\n<p>Der Verbundunterricht an unseren Schule findet in Unterrichtsbl\u00f6cken statt und wird in den Berufsfeldern <strong>Elektrotechnik<\/strong>, <strong>Metalltechnik<\/strong>\u00a0und <strong>Ern\u00e4hrung<\/strong> angeboten. Ein Verbundblock findet in einem Zeitraum von 6 Wochen statt, an jeweils 1 Tag pro Woche \u00e0 4-6 Unterrichtsstunden.<\/p>\n<p>Die Unterrichtszeiten sind von\u00a0<strong>8.00 Uhr bis 11.20 Uhr<\/strong>\u00a0 bzw.<strong> 13.10 Uhr<\/strong>.<\/p>\n<p><strong>Buchungsverfahren:<\/strong><\/p>\n<p>Unsere Kooperationspartner aus den allgemeinbildenden Schulen werden Mitte M\u00e4rz eines jeden Jahres angeschrieben und k\u00f6nnen sich \u00fcber ein individuelles R\u00fcckmeldeverfahren f\u00fcr gew\u00fcnschte Unterrichtsbl\u00f6cke melden.<\/p>\n<p>Bei Interesse zur Aufnahme in den E-Mailverteiler zur Vergabe des Verbundunterrichtes melden Sie sich gern unter <a href=\"Loose@bbs-me.de\">Loose@bbs-me.de<\/a><\/p>\n<p><strong>Teilnehmerzahlen:<\/strong><\/p>\n<p>Im Rahmen des Verbundunterrichtes k\u00f6nnen je nach Platzangebot maximal <strong>8 Sch\u00fclerinnen und Sch\u00fcler<\/strong>\u00a0an einem Block teilnehmen. Eine begleitende Lehrkraft wird vorausgesetzt!<\/p>\n<\/div><\/section>\n<div class=\"flex_column av_two_third  flex_column_div av-zero-column-padding first  avia-builder-el-5  el_after_av_textblock  el_before_av_one_third  column-top-margin\" style='border-radius:0px; '><p><section class=\"av_textblock_section \"  itemscope=\"itemscope\" itemtype=\"https:\/\/schema.org\/CreativeWork\" ><div class='avia_textblock  '   itemprop=\"text\" ><p><strong>Termine im Schuljahr 2024\/25<\/strong><\/p>\n<a href=\"https:\/\/www2.bbs-me.de\/wp-content\/uploads\/2024\/12\/Unterrichtsverbund-Gesamt-24-25.pdf\" class=\"pdfemb-viewer\" style=\"\" data-width=\"max\" data-height=\"max\" data-toolbar=\"bottom\" data-toolbar-fixed=\"off\">Unterrichtsverbund Gesamt 24-25<\/a>\n<\/div><\/section><br \/>\n<div  style='height:200px' class='hr hr-invisible   avia-builder-el-7  el_after_av_textblock  avia-builder-el-last '><span class='hr-inner ' ><span class='hr-inner-style'><\/span><\/span><\/div><\/p><\/div>\n<div class=\"flex_column av_one_third  flex_column_div av-zero-column-padding   avia-builder-el-8  el_after_av_two_third  el_before_av_layout_row  avia-builder-el-last  column-top-margin\" style='border-radius:0px; '><p><section class=\"av_textblock_section \"  itemscope=\"itemscope\" itemtype=\"https:\/\/schema.org\/CreativeWork\" ><div class='avia_textblock  '   itemprop=\"text\" ><p><strong>Ansprechpartner<\/strong><\/p>\n<p>Thomas Loose<\/p>\n<p>bbs|me der Region Hannover<\/p>\n<p><a href=\"mailto:brehme@bbs-me.de\" target=\"_blank\" rel=\"noopener\">Loose@bbs-me.de<\/a><\/p>\n<p><a href=\"https:\/\/www2.bbs-me.de\/wp-content\/uploads\/2024\/12\/RDL_LS-1_Hannover_cmyk.jpg\"><img loading=\"lazy\" decoding=\"async\" class=\"alignnone wp-image-28793 size-medium\" src=\"https:\/\/www2.bbs-me.de\/wp-content\/uploads\/2024\/12\/RDL_LS-1_Hannover_cmyk-300x132.jpg\" alt=\"\" width=\"300\" height=\"132\" srcset=\"https:\/\/www2.bbs-me.de\/wp-content\/uploads\/2024\/12\/RDL_LS-1_Hannover_cmyk-300x132.jpg 300w, https:\/\/www2.bbs-me.de\/wp-content\/uploads\/2024\/12\/RDL_LS-1_Hannover_cmyk-1030x452.jpg 1030w, https:\/\/www2.bbs-me.de\/wp-content\/uploads\/2024\/12\/RDL_LS-1_Hannover_cmyk-768x337.jpg 768w, https:\/\/www2.bbs-me.de\/wp-content\/uploads\/2024\/12\/RDL_LS-1_Hannover_cmyk-1536x675.jpg 1536w, https:\/\/www2.bbs-me.de\/wp-content\/uploads\/2024\/12\/RDL_LS-1_Hannover_cmyk-2048x900.jpg 2048w, https:\/\/www2.bbs-me.de\/wp-content\/uploads\/2024\/12\/RDL_LS-1_Hannover_cmyk-1500x659.jpg 1500w, https:\/\/www2.bbs-me.de\/wp-content\/uploads\/2024\/12\/RDL_LS-1_Hannover_cmyk-705x310.jpg 705w\" sizes=\"(max-width: 300px) 100vw, 300px\" \/><\/a><\/p>\n<\/div><\/section><br \/>\n<div  style='height:200px' class='hr hr-invisible   avia-builder-el-10  el_after_av_textblock  avia-builder-el-last '><span class='hr-inner ' ><span class='hr-inner-style'><\/span><\/span><\/div><\/p><\/div>\n<\/div><\/div><\/div><!-- close content main div --><\/div><\/div><div id='av-layout-grid-1'  class='av-layout-grid-container entry-content-wrapper header_color av-flex-cells   av-border-cells  avia-builder-el-11  el_after_av_one_third  el_before_av_one_full  submenu-not-first container_wrap sidebar_right' style=' '  >\n<div class=\"flex_cell no_margin av_one_full  avia-builder-el-12  avia-builder-el-no-sibling   \"  style='vertical-align:top; padding:30px 30px 30px 50px ; ' ><div class='flex_cell_inner' ><div  style='height:1px; margin-top:0px'  class='hr hr-invisible   avia-builder-el-13  avia-builder-el-no-sibling '><span class='hr-inner ' ><span class='hr-inner-style'><\/span><\/span><\/div>\n<\/div><\/div>\n<\/div><div id='after_submenu_1'  class='main_color av_default_container_wrap container_wrap sidebar_right' style=' '  ><div class='container' ><div class='template-page content  av-content-small alpha units'><div class='post-entry post-entry-type-page post-entry-23744'><div class='entry-content-wrapper clearfix'>\n<div class=\"flex_column av_one_full  flex_column_div av-zero-column-padding first  avia-builder-el-14  el_after_av_layout_row  el_before_av_layout_row  avia-builder-el-no-sibling  \" style='border-radius:0px; '><section class=\"av_textblock_section \"  itemscope=\"itemscope\" itemtype=\"https:\/\/schema.org\/CreativeWork\" ><div class='avia_textblock  '   itemprop=\"text\" ><h3><b>News f\u00fcr die Region des Lernens &#8211; Leitstelle Hannover<\/b><\/h3>\n<\/div><\/section><br \/>\n<\/p><\/div>\n<\/div><\/div><\/div><!-- close content main div --><\/div><\/div><div id='av-layout-grid-2'  class='av-layout-grid-container entry-content-wrapper header_color av-flex-cells   av-border-cells  avia-builder-el-17  el_after_av_one_full  avia-builder-el-last  submenu-not-first container_wrap sidebar_right' style=' '  >\n<div class=\"flex_cell no_margin av_one_full  avia-builder-el-18  avia-builder-el-no-sibling   \"  style='vertical-align:top; padding:30px 30px 30px 50px ; ' ><div class='flex_cell_inner' ><div  style='height:1px; margin-top:0px'  class='hr hr-invisible   avia-builder-el-19  avia-builder-el-no-sibling '><span class='hr-inner ' ><span class='hr-inner-style'><\/span><\/span><\/div>\n<\/div><\/div>\n<\/div>\n","protected":false},"excerpt":{"rendered":"","protected":false},"author":8,"featured_media":0,"parent":23402,"menu_order":0,"comment_status":"closed","ping_status":"closed","template":"","meta":{"footnotes":""},"page_category":[174],"yoast_head":"<!-- This site is optimized with the Yoast SEO plugin v22.8 - https:\/\/yoast.com\/wordpress\/plugins\/seo\/ -->\n<title>Region des Lernens Unterrichtsverb\u00fcnde - Leitstelle Hannover - bbs|me<\/title>\n<meta name=\"description\" content=\"Die Berufseinstiegsschule vermittelt ihren Sch\u00fclerinnen und Sch\u00fclern neben der allgemeinen auch eine fachliche Bildung, deren Schwerpunkt in der Vorbereitung auf eine berufliche Ausbildung oder auf eine Berufst\u00e4tigkeit liegt.\" \/>\n<meta name=\"robots\" content=\"index, follow, max-snippet:-1, max-image-preview:large, max-video-preview:-1\" \/>\n<link rel=\"canonical\" href=\"https:\/\/www2.bbs-me.de\/index.php\/startseite-dev-dropdown\/region-des-lernens-hannover-leitstelle\/region-des-lernens-unterrichtsverbuende\/\" \/>\n<meta property=\"og:locale\" content=\"de_DE\" \/>\n<meta property=\"og:type\" content=\"article\" \/>\n<meta property=\"og:title\" content=\"Region des Lernens Unterrichtsverb\u00fcnde - Leitstelle Hannover - bbs|me\" \/>\n<meta property=\"og:description\" content=\"Die Berufseinstiegsschule vermittelt ihren Sch\u00fclerinnen und Sch\u00fclern neben der allgemeinen auch eine fachliche Bildung, deren Schwerpunkt in der Vorbereitung auf eine berufliche Ausbildung oder auf eine Berufst\u00e4tigkeit liegt.\" \/>\n<meta property=\"og:url\" content=\"https:\/\/www2.bbs-me.de\/index.php\/startseite-dev-dropdown\/region-des-lernens-hannover-leitstelle\/region-des-lernens-unterrichtsverbuende\/\" \/>\n<meta property=\"og:site_name\" content=\"bbs|me\" \/>\n<meta property=\"article:modified_time\" content=\"2025-03-28T08:31:45+00:00\" \/>\n<meta property=\"og:image\" content=\"https:\/\/www2.bbs-me.de\/wp-content\/uploads\/2024\/12\/RDL_LS-1_Hannover_cmyk-300x132.jpg\" \/>\n<meta name=\"twitter:card\" content=\"summary_large_image\" \/>\n<meta name=\"twitter:label1\" content=\"Gesch\u00e4tzte Lesezeit\" \/>\n\t<meta name=\"twitter:data1\" content=\"3\u00a0Minuten\" \/>\n<script type=\"application\/ld+json\" class=\"yoast-schema-graph\">{\"@context\":\"https:\/\/schema.org\",\"@graph\":[{\"@type\":\"WebPage\",\"@id\":\"https:\/\/www2.bbs-me.de\/index.php\/startseite-dev-dropdown\/region-des-lernens-hannover-leitstelle\/region-des-lernens-unterrichtsverbuende\/\",\"url\":\"https:\/\/www2.bbs-me.de\/index.php\/startseite-dev-dropdown\/region-des-lernens-hannover-leitstelle\/region-des-lernens-unterrichtsverbuende\/\",\"name\":\"Region des Lernens Unterrichtsverb\u00fcnde - Leitstelle Hannover - bbs|me\",\"isPartOf\":{\"@id\":\"https:\/\/www2.bbs-me.de\/#website\"},\"primaryImageOfPage\":{\"@id\":\"https:\/\/www2.bbs-me.de\/index.php\/startseite-dev-dropdown\/region-des-lernens-hannover-leitstelle\/region-des-lernens-unterrichtsverbuende\/#primaryimage\"},\"image\":{\"@id\":\"https:\/\/www2.bbs-me.de\/index.php\/startseite-dev-dropdown\/region-des-lernens-hannover-leitstelle\/region-des-lernens-unterrichtsverbuende\/#primaryimage\"},\"thumbnailUrl\":\"https:\/\/www2.bbs-me.de\/wp-content\/uploads\/2024\/12\/RDL_LS-1_Hannover_cmyk-300x132.jpg\",\"datePublished\":\"2022-03-26T07:53:21+00:00\",\"dateModified\":\"2025-03-28T08:31:45+00:00\",\"description\":\"Die Berufseinstiegsschule vermittelt ihren Sch\u00fclerinnen und Sch\u00fclern neben der allgemeinen auch eine fachliche Bildung, deren Schwerpunkt in der Vorbereitung auf eine berufliche Ausbildung oder auf eine Berufst\u00e4tigkeit liegt.\",\"breadcrumb\":{\"@id\":\"https:\/\/www2.bbs-me.de\/index.php\/startseite-dev-dropdown\/region-des-lernens-hannover-leitstelle\/region-des-lernens-unterrichtsverbuende\/#breadcrumb\"},\"inLanguage\":\"de\",\"potentialAction\":[{\"@type\":\"ReadAction\",\"target\":[\"https:\/\/www2.bbs-me.de\/index.php\/startseite-dev-dropdown\/region-des-lernens-hannover-leitstelle\/region-des-lernens-unterrichtsverbuende\/\"]}]},{\"@type\":\"ImageObject\",\"inLanguage\":\"de\",\"@id\":\"https:\/\/www2.bbs-me.de\/index.php\/startseite-dev-dropdown\/region-des-lernens-hannover-leitstelle\/region-des-lernens-unterrichtsverbuende\/#primaryimage\",\"url\":\"https:\/\/www2.bbs-me.de\/wp-content\/uploads\/2024\/12\/RDL_LS-1_Hannover_cmyk.jpg\",\"contentUrl\":\"https:\/\/www2.bbs-me.de\/wp-content\/uploads\/2024\/12\/RDL_LS-1_Hannover_cmyk.jpg\",\"width\":2422,\"height\":1064},{\"@type\":\"BreadcrumbList\",\"@id\":\"https:\/\/www2.bbs-me.de\/index.php\/startseite-dev-dropdown\/region-des-lernens-hannover-leitstelle\/region-des-lernens-unterrichtsverbuende\/#breadcrumb\",\"itemListElement\":[{\"@type\":\"ListItem\",\"position\":1,\"name\":\"Startseite\",\"item\":\"https:\/\/www2.bbs-me.de\/\"},{\"@type\":\"ListItem\",\"position\":2,\"name\":\"Startseite\",\"item\":\"https:\/\/www2.bbs-me.de\/\"},{\"@type\":\"ListItem\",\"position\":3,\"name\":\"RdL-Region des Lernens- Leitstelle 1 Hannover\",\"item\":\"https:\/\/www2.bbs-me.de\/index.php\/startseite-dev-dropdown\/region-des-lernens-hannover-leitstelle\/\"},{\"@type\":\"ListItem\",\"position\":4,\"name\":\"Region des Lernens Unterrichtsverb\u00fcnde\"}]},{\"@type\":\"WebSite\",\"@id\":\"https:\/\/www2.bbs-me.de\/#website\",\"url\":\"https:\/\/www2.bbs-me.de\/\",\"name\":\"bbs|me\",\"description\":\"Otto-Brenner-Schule - Berufsbildende Schule Metalltechnik \u2022 Elektrotechnik der Region Hannover\",\"potentialAction\":[{\"@type\":\"SearchAction\",\"target\":{\"@type\":\"EntryPoint\",\"urlTemplate\":\"https:\/\/www2.bbs-me.de\/?s={search_term_string}\"},\"query-input\":\"required name=search_term_string\"}],\"inLanguage\":\"de\"}]}<\/script>\n<!-- \/ Yoast SEO plugin. -->","yoast_head_json":{"title":"Region des Lernens Unterrichtsverb\u00fcnde - Leitstelle Hannover - bbs|me","description":"Die Berufseinstiegsschule vermittelt ihren Sch\u00fclerinnen und Sch\u00fclern neben der allgemeinen auch eine fachliche Bildung, deren Schwerpunkt in der Vorbereitung auf eine berufliche Ausbildung oder auf eine Berufst\u00e4tigkeit liegt.","robots":{"index":"index","follow":"follow","max-snippet":"max-snippet:-1","max-image-preview":"max-image-preview:large","max-video-preview":"max-video-preview:-1"},"canonical":"https:\/\/www2.bbs-me.de\/index.php\/startseite-dev-dropdown\/region-des-lernens-hannover-leitstelle\/region-des-lernens-unterrichtsverbuende\/","og_locale":"de_DE","og_type":"article","og_title":"Region des Lernens Unterrichtsverb\u00fcnde - Leitstelle Hannover - bbs|me","og_description":"Die Berufseinstiegsschule vermittelt ihren Sch\u00fclerinnen und Sch\u00fclern neben der allgemeinen auch eine fachliche Bildung, deren Schwerpunkt in der Vorbereitung auf eine berufliche Ausbildung oder auf eine Berufst\u00e4tigkeit liegt.","og_url":"https:\/\/www2.bbs-me.de\/index.php\/startseite-dev-dropdown\/region-des-lernens-hannover-leitstelle\/region-des-lernens-unterrichtsverbuende\/","og_site_name":"bbs|me","article_modified_time":"2025-03-28T08:31:45+00:00","og_image":[{"url":"https:\/\/www2.bbs-me.de\/wp-content\/uploads\/2024\/12\/RDL_LS-1_Hannover_cmyk-300x132.jpg"}],"twitter_card":"summary_large_image","twitter_misc":{"Gesch\u00e4tzte Lesezeit":"3\u00a0Minuten"},"schema":{"@context":"https:\/\/schema.org","@graph":[{"@type":"WebPage","@id":"https:\/\/www2.bbs-me.de\/index.php\/startseite-dev-dropdown\/region-des-lernens-hannover-leitstelle\/region-des-lernens-unterrichtsverbuende\/","url":"https:\/\/www2.bbs-me.de\/index.php\/startseite-dev-dropdown\/region-des-lernens-hannover-leitstelle\/region-des-lernens-unterrichtsverbuende\/","name":"Region des Lernens Unterrichtsverb\u00fcnde - Leitstelle Hannover - bbs|me","isPartOf":{"@id":"https:\/\/www2.bbs-me.de\/#website"},"primaryImageOfPage":{"@id":"https:\/\/www2.bbs-me.de\/index.php\/startseite-dev-dropdown\/region-des-lernens-hannover-leitstelle\/region-des-lernens-unterrichtsverbuende\/#primaryimage"},"image":{"@id":"https:\/\/www2.bbs-me.de\/index.php\/startseite-dev-dropdown\/region-des-lernens-hannover-leitstelle\/region-des-lernens-unterrichtsverbuende\/#primaryimage"},"thumbnailUrl":"https:\/\/www2.bbs-me.de\/wp-content\/uploads\/2024\/12\/RDL_LS-1_Hannover_cmyk-300x132.jpg","datePublished":"2022-03-26T07:53:21+00:00","dateModified":"2025-03-28T08:31:45+00:00","description":"Die Berufseinstiegsschule vermittelt ihren Sch\u00fclerinnen und Sch\u00fclern neben der allgemeinen auch eine fachliche Bildung, deren Schwerpunkt in der Vorbereitung auf eine berufliche Ausbildung oder auf eine Berufst\u00e4tigkeit liegt.","breadcrumb":{"@id":"https:\/\/www2.bbs-me.de\/index.php\/startseite-dev-dropdown\/region-des-lernens-hannover-leitstelle\/region-des-lernens-unterrichtsverbuende\/#breadcrumb"},"inLanguage":"de","potentialAction":[{"@type":"ReadAction","target":["https:\/\/www2.bbs-me.de\/index.php\/startseite-dev-dropdown\/region-des-lernens-hannover-leitstelle\/region-des-lernens-unterrichtsverbuende\/"]}]},{"@type":"ImageObject","inLanguage":"de","@id":"https:\/\/www2.bbs-me.de\/index.php\/startseite-dev-dropdown\/region-des-lernens-hannover-leitstelle\/region-des-lernens-unterrichtsverbuende\/#primaryimage","url":"https:\/\/www2.bbs-me.de\/wp-content\/uploads\/2024\/12\/RDL_LS-1_Hannover_cmyk.jpg","contentUrl":"https:\/\/www2.bbs-me.de\/wp-content\/uploads\/2024\/12\/RDL_LS-1_Hannover_cmyk.jpg","width":2422,"height":1064},{"@type":"BreadcrumbList","@id":"https:\/\/www2.bbs-me.de\/index.php\/startseite-dev-dropdown\/region-des-lernens-hannover-leitstelle\/region-des-lernens-unterrichtsverbuende\/#breadcrumb","itemListElement":[{"@type":"ListItem","position":1,"name":"Startseite","item":"https:\/\/www2.bbs-me.de\/"},{"@type":"ListItem","position":2,"name":"Startseite","item":"https:\/\/www2.bbs-me.de\/"},{"@type":"ListItem","position":3,"name":"RdL-Region des Lernens- Leitstelle 1 Hannover","item":"https:\/\/www2.bbs-me.de\/index.php\/startseite-dev-dropdown\/region-des-lernens-hannover-leitstelle\/"},{"@type":"ListItem","position":4,"name":"Region des Lernens Unterrichtsverb\u00fcnde"}]},{"@type":"WebSite","@id":"https:\/\/www2.bbs-me.de\/#website","url":"https:\/\/www2.bbs-me.de\/","name":"bbs|me","description":"Otto-Brenner-Schule - Berufsbildende Schule Metalltechnik \u2022 Elektrotechnik der Region Hannover","potentialAction":[{"@type":"SearchAction","target":{"@type":"EntryPoint","urlTemplate":"https:\/\/www2.bbs-me.de\/?s={search_term_string}"},"query-input":"required name=search_term_string"}],"inLanguage":"de"}]}},"publishpress_future_action":{"enabled":false,"date":"2026-04-12 22:35:10","action":"change-status","newStatus":"draft","terms":[],"taxonomy":"page_category"},"_links":{"self":[{"href":"https:\/\/www2.bbs-me.de\/index.php\/wp-json\/wp\/v2\/pages\/23744"}],"collection":[{"href":"https:\/\/www2.bbs-me.de\/index.php\/wp-json\/wp\/v2\/pages"}],"about":[{"href":"https:\/\/www2.bbs-me.de\/index.php\/wp-json\/wp\/v2\/types\/page"}],"author":[{"embeddable":true,"href":"https:\/\/www2.bbs-me.de\/index.php\/wp-json\/wp\/v2\/users\/8"}],"replies":[{"embeddable":true,"href":"https:\/\/www2.bbs-me.de\/index.php\/wp-json\/wp\/v2\/comments?post=23744"}],"version-history":[{"count":19,"href":"https:\/\/www2.bbs-me.de\/index.php\/wp-json\/wp\/v2\/pages\/23744\/revisions"}],"predecessor-version":[{"id":29156,"href":"https:\/\/www2.bbs-me.de\/index.php\/wp-json\/wp\/v2\/pages\/23744\/revisions\/29156"}],"up":[{"embeddable":true,"href":"https:\/\/www2.bbs-me.de\/index.php\/wp-json\/wp\/v2\/pages\/23402"}],"wp:attachment":[{"href":"https:\/\/www2.bbs-me.de\/index.php\/wp-json\/wp\/v2\/media?parent=23744"}],"wp:term":[{"taxonomy":"page_category","embeddable":true,"href":"https:\/\/www2.bbs-me.de\/index.php\/wp-json\/wp\/v2\/page_category?post=23744"}],"curies":[{"name":"wp","href":"https:\/\/api.w.org\/{rel}","templated":true}]}}