{"id":23760,"date":"2022-03-26T09:13:47","date_gmt":"2022-03-26T08:13:47","guid":{"rendered":"https:\/\/www2.bbs-me.de\/?page_id=23760"},"modified":"2025-03-28T09:52:22","modified_gmt":"2025-03-28T08:52:22","slug":"region-des-lernens-jugendberufsagentur","status":"publish","type":"page","link":"https:\/\/www2.bbs-me.de\/index.php\/startseite-dev-dropdown\/region-des-lernens-hannover-leitstelle\/region-des-lernens-jugendberufsagentur\/","title":{"rendered":"Region des Lernens Jugendberufsagentur"},"content":{"rendered":"<div id='full_slider_1'  class='avia-fullwidth-slider main_color avia-shadow   avia-builder-el-0  el_before_av_one_full  avia-builder-el-first   container_wrap sidebar_right' style=' '  ><div   data-size='featured'  data-lightbox_size='large'  data-animation='slide'  data-conditional_play=''  data-ids='24104'  data-video_counter='0'  data-autoplay='false'  data-bg_slider='false'  data-slide_height=''  data-handle='av_slideshow_full'  data-interval='5'  data-class=' '  data-el_id=''  data-css_id=''  data-scroll_down=''  data-control_layout='av-control-default'  data-custom_markup=''  data-perma_caption=''  data-autoplay_stopper=''  data-image_attachment=''  data-min_height='0px'  data-src=''  data-position='top left'  data-repeat='no-repeat'  data-attach='scroll'  data-stretch=''  data-default-height='28.666666666667'  class='avia-slideshow avia-slideshow-1  av-control-default av-default-height-applied avia-slideshow-featured av_slideshow_full   avia-slide-slider '  itemprop=\"image\" itemscope=\"itemscope\" itemtype=\"https:\/\/schema.org\/ImageObject\" ><ul class='avia-slideshow-inner ' style='padding-bottom: 30.642857142857%;' ><li  class=' av-single-slide slide-1 ' ><div data-rel='slideshow-1' class='avia-slide-wrap '   ><img src='https:\/\/www2.bbs-me.de\/wp-content\/uploads\/2022\/05\/RdL_slider_Jugendberufsagentur_01.jpg' width='1400' height='429' title='RdL_slider_Jugendberufsagentur_01' alt=''  itemprop=\"thumbnailUrl\"   \/><\/div><\/li><\/ul><\/div><\/div><div id='after_full_slider_1'  class='main_color av_default_container_wrap container_wrap sidebar_right' style=' '  ><div class='container' ><div class='template-page content  av-content-small alpha units'><div class='post-entry post-entry-type-page post-entry-23760'><div class='entry-content-wrapper clearfix'>\n<div class=\"flex_column av_one_full  flex_column_div av-zero-column-padding first  avia-builder-el-1  el_after_av_slideshow_full  el_before_av_hr  avia-builder-el-first  \" style='border-radius:0px; '><section class=\"av_textblock_section \"  itemscope=\"itemscope\" itemtype=\"https:\/\/schema.org\/CreativeWork\" ><div class='avia_textblock  '   itemprop=\"text\" ><h1>RdL-Jugendberufsagentur<\/h1>\n<\/div><\/section><\/div><div   class='hr hr-default   avia-builder-el-3  el_after_av_one_full  el_before_av_one_full '><span class='hr-inner ' ><span class='hr-inner-style'><\/span><\/span><\/div><\/p>\n<div class=\"flex_column av_one_full  flex_column_div av-zero-column-padding first  avia-builder-el-4  el_after_av_hr  el_before_av_layout_row  avia-builder-el-last  \" style='border-radius:0px; '><section class=\"av_textblock_section \"  itemscope=\"itemscope\" itemtype=\"https:\/\/schema.org\/CreativeWork\" ><div class='avia_textblock  '   itemprop=\"text\" ><h3>Zusammenarbeit mit der Jugendberufsagentur (JBA)<\/h3>\n<p>Alle Leitstellen der Region des Lernens sind Kooperationspartner der JBA.<\/p>\n<p>Unter dem Begriff Jugendberufsagentur verbirgt sich eine koordinierte Beratungsstruktur. <strong>Bundesagentur f\u00fcr Arbeit, Jobcenter und Jugendhilfe<\/strong> beraten und begleiten gemeinsam mit <strong>allgemein bildenden und berufsbildenden Schulen<\/strong> junge Menschen beim \u00dcbergang von Schule in Ausbildung und Beruf.<\/p>\n<p>Die Jugendberufsagenturen in Niedersachsen wenden sich grunds\u00e4tzlich an alle jungen Menschen beim \u00dcbergang von der Schule in den Beruf.<\/p>\n<p>Alle <strong>Schulabg\u00e4ngerinnen und Schulabg\u00e4nger<\/strong> sollen von den Jugendberufsagenturen <strong>erfasst<\/strong><br \/>\nwerden, um diese intensiv beraten zu k\u00f6nnen. Die Akteure in einer Jugendberufsagentur sind<br \/>\norientierend, beratend und unterst\u00fctzend mit unterschiedlichen Angeboten t\u00e4tig. So sollen Jugendliche passgenau die Hilfe erhalten, die sie brauchen, um am Ende nachhaltig im Berufsleben integriert zu sein. Ausgangspunkt sind die<strong> individuellen Kompetenzen und der daraus<\/strong><br \/>\n<strong>resultierende Unterst\u00fctzungsbedarf<\/strong>, der von einer qualifizierten Beratung bis hin zu umfangreicher Begleitung \u00fcber einen l\u00e4ngeren Zeitraum reichen kann. <strong>Inklusive Beratung<\/strong>, das hei\u00dft fundierte Berufswegeberatung von Sch\u00fclerinnen und Sch\u00fclern mit Bedarf an sonderp\u00e4dagogischer Unterst\u00fctzung, ist erkl\u00e4rtes Ziel der JBA.<\/p>\n<\/div><\/section><br \/>\n<div  class='avia-icon-list-container   avia-builder-el-6  el_after_av_textblock  avia-builder-el-last '><ul class='avia-icon-list avia-icon-list-left av-iconlist-big avia_animate_when_almost_visible avia-iconlist-animate'>\n<li><div  style='background-color:#edae44; color:#ffffff; ' class='iconlist_icon  avia-font-entypo-fontello'><span class='iconlist-char ' aria-hidden='true' data-av_icon='\ue82d' data-av_iconfont='entypo-fontello'><\/span><\/div><article class=\"article-icon-entry \"  itemscope=\"itemscope\" itemtype=\"https:\/\/schema.org\/CreativeWork\" ><div class='iconlist_content_wrap'><header class=\"entry-content-header\"><\/header><div class='iconlist_content  '  itemprop=\"text\"  ><p><a href=\"https:\/\/www.jugendberufsagentur-hannover.de\/\">Jugendberufsagentur<\/a><\/p>\n<\/div><\/div><footer class=\"entry-footer\"><\/footer><\/article><div class='iconlist-timeline'><\/div><\/li>\n<\/ul><\/div><\/p><\/div><\/div><\/div><\/div><!-- close content main div --><\/div><\/div><div id='av-layout-grid-1'  class='av-layout-grid-container entry-content-wrapper header_color av-flex-cells   av-border-cells  avia-builder-el-7  el_after_av_one_full  el_before_av_layout_row  submenu-not-first container_wrap sidebar_right' style=' '  >\n<div class=\"flex_cell no_margin av_one_full  avia-builder-el-8  avia-builder-el-no-sibling   \"  style='vertical-align:top; padding:30px 30px 30px 50px ; ' ><div class='flex_cell_inner' ><div  style='height:1px; margin-top:0px'  class='hr hr-invisible   avia-builder-el-9  avia-builder-el-no-sibling '><span class='hr-inner ' ><span class='hr-inner-style'><\/span><\/span><\/div>\n<\/div><\/div>\n<\/div><\/p>\n<div id='av-layout-grid-2'  class='av-layout-grid-container entry-content-wrapper header_color av-flex-cells   av-border-cells  avia-builder-el-10  el_after_av_layout_row  avia-builder-el-last  submenu-not-first container_wrap sidebar_right' style=' '  >\n<div class=\"flex_cell no_margin av_one_full  avia-builder-el-11  avia-builder-el-no-sibling   \"  style='vertical-align:top; padding:30px 30px 30px 50px ; ' ><div class='flex_cell_inner' ><div  style='height:1px; margin-top:0px'  class='hr hr-invisible   avia-builder-el-12  avia-builder-el-no-sibling '><span class='hr-inner ' ><span class='hr-inner-style'><\/span><\/span><\/div>\n<\/div><\/div>\n<\/div>\n","protected":false},"excerpt":{"rendered":"","protected":false},"author":8,"featured_media":0,"parent":23402,"menu_order":0,"comment_status":"closed","ping_status":"closed","template":"","meta":{"footnotes":""},"page_category":[174],"yoast_head":"<!-- This site is optimized with the Yoast SEO plugin v22.8 - https:\/\/yoast.com\/wordpress\/plugins\/seo\/ -->\n<title>Region des Lernens Jugendberufsagentur - Leitstelle Hannover - bbs|me<\/title>\n<meta name=\"description\" content=\"Die Berufseinstiegsschule vermittelt ihren Sch\u00fclerinnen und Sch\u00fclern neben der allgemeinen auch eine fachliche Bildung, deren Schwerpunkt in der Vorbereitung auf eine berufliche Ausbildung oder auf eine Berufst\u00e4tigkeit liegt.\" \/>\n<meta name=\"robots\" content=\"index, follow, max-snippet:-1, max-image-preview:large, max-video-preview:-1\" \/>\n<link rel=\"canonical\" href=\"https:\/\/www2.bbs-me.de\/index.php\/startseite-dev-dropdown\/region-des-lernens-hannover-leitstelle\/region-des-lernens-jugendberufsagentur\/\" \/>\n<meta property=\"og:locale\" content=\"de_DE\" \/>\n<meta property=\"og:type\" content=\"article\" \/>\n<meta property=\"og:title\" content=\"Region des Lernens Jugendberufsagentur - Leitstelle Hannover - bbs|me\" \/>\n<meta property=\"og:description\" content=\"Die Berufseinstiegsschule vermittelt ihren Sch\u00fclerinnen und Sch\u00fclern neben der allgemeinen auch eine fachliche Bildung, deren Schwerpunkt in der Vorbereitung auf eine berufliche Ausbildung oder auf eine Berufst\u00e4tigkeit liegt.\" \/>\n<meta property=\"og:url\" content=\"https:\/\/www2.bbs-me.de\/index.php\/startseite-dev-dropdown\/region-des-lernens-hannover-leitstelle\/region-des-lernens-jugendberufsagentur\/\" \/>\n<meta property=\"og:site_name\" content=\"bbs|me\" \/>\n<meta property=\"article:modified_time\" content=\"2025-03-28T08:52:22+00:00\" \/>\n<meta name=\"twitter:card\" content=\"summary_large_image\" \/>\n<meta name=\"twitter:label1\" content=\"Gesch\u00e4tzte Lesezeit\" \/>\n\t<meta name=\"twitter:data1\" content=\"3\u00a0Minuten\" \/>\n<script type=\"application\/ld+json\" class=\"yoast-schema-graph\">{\"@context\":\"https:\/\/schema.org\",\"@graph\":[{\"@type\":\"WebPage\",\"@id\":\"https:\/\/www2.bbs-me.de\/index.php\/startseite-dev-dropdown\/region-des-lernens-hannover-leitstelle\/region-des-lernens-jugendberufsagentur\/\",\"url\":\"https:\/\/www2.bbs-me.de\/index.php\/startseite-dev-dropdown\/region-des-lernens-hannover-leitstelle\/region-des-lernens-jugendberufsagentur\/\",\"name\":\"Region des Lernens Jugendberufsagentur - Leitstelle Hannover - bbs|me\",\"isPartOf\":{\"@id\":\"https:\/\/www2.bbs-me.de\/#website\"},\"datePublished\":\"2022-03-26T08:13:47+00:00\",\"dateModified\":\"2025-03-28T08:52:22+00:00\",\"description\":\"Die Berufseinstiegsschule vermittelt ihren Sch\u00fclerinnen und Sch\u00fclern neben der allgemeinen auch eine fachliche Bildung, deren Schwerpunkt in der Vorbereitung auf eine berufliche Ausbildung oder auf eine Berufst\u00e4tigkeit liegt.\",\"breadcrumb\":{\"@id\":\"https:\/\/www2.bbs-me.de\/index.php\/startseite-dev-dropdown\/region-des-lernens-hannover-leitstelle\/region-des-lernens-jugendberufsagentur\/#breadcrumb\"},\"inLanguage\":\"de\",\"potentialAction\":[{\"@type\":\"ReadAction\",\"target\":[\"https:\/\/www2.bbs-me.de\/index.php\/startseite-dev-dropdown\/region-des-lernens-hannover-leitstelle\/region-des-lernens-jugendberufsagentur\/\"]}]},{\"@type\":\"BreadcrumbList\",\"@id\":\"https:\/\/www2.bbs-me.de\/index.php\/startseite-dev-dropdown\/region-des-lernens-hannover-leitstelle\/region-des-lernens-jugendberufsagentur\/#breadcrumb\",\"itemListElement\":[{\"@type\":\"ListItem\",\"position\":1,\"name\":\"Startseite\",\"item\":\"https:\/\/www2.bbs-me.de\/\"},{\"@type\":\"ListItem\",\"position\":2,\"name\":\"Startseite\",\"item\":\"https:\/\/www2.bbs-me.de\/\"},{\"@type\":\"ListItem\",\"position\":3,\"name\":\"RdL-Region des Lernens- Leitstelle 1 Hannover\",\"item\":\"https:\/\/www2.bbs-me.de\/index.php\/startseite-dev-dropdown\/region-des-lernens-hannover-leitstelle\/\"},{\"@type\":\"ListItem\",\"position\":4,\"name\":\"Region des Lernens Jugendberufsagentur\"}]},{\"@type\":\"WebSite\",\"@id\":\"https:\/\/www2.bbs-me.de\/#website\",\"url\":\"https:\/\/www2.bbs-me.de\/\",\"name\":\"bbs|me\",\"description\":\"Otto-Brenner-Schule - Berufsbildende Schule Metalltechnik \u2022 Elektrotechnik der Region Hannover\",\"potentialAction\":[{\"@type\":\"SearchAction\",\"target\":{\"@type\":\"EntryPoint\",\"urlTemplate\":\"https:\/\/www2.bbs-me.de\/?s={search_term_string}\"},\"query-input\":\"required name=search_term_string\"}],\"inLanguage\":\"de\"}]}<\/script>\n<!-- \/ Yoast SEO plugin. -->","yoast_head_json":{"title":"Region des Lernens Jugendberufsagentur - Leitstelle Hannover - bbs|me","description":"Die Berufseinstiegsschule vermittelt ihren Sch\u00fclerinnen und Sch\u00fclern neben der allgemeinen auch eine fachliche Bildung, deren Schwerpunkt in der Vorbereitung auf eine berufliche Ausbildung oder auf eine Berufst\u00e4tigkeit liegt.","robots":{"index":"index","follow":"follow","max-snippet":"max-snippet:-1","max-image-preview":"max-image-preview:large","max-video-preview":"max-video-preview:-1"},"canonical":"https:\/\/www2.bbs-me.de\/index.php\/startseite-dev-dropdown\/region-des-lernens-hannover-leitstelle\/region-des-lernens-jugendberufsagentur\/","og_locale":"de_DE","og_type":"article","og_title":"Region des Lernens Jugendberufsagentur - Leitstelle Hannover - bbs|me","og_description":"Die Berufseinstiegsschule vermittelt ihren Sch\u00fclerinnen und Sch\u00fclern neben der allgemeinen auch eine fachliche Bildung, deren Schwerpunkt in der Vorbereitung auf eine berufliche Ausbildung oder auf eine Berufst\u00e4tigkeit liegt.","og_url":"https:\/\/www2.bbs-me.de\/index.php\/startseite-dev-dropdown\/region-des-lernens-hannover-leitstelle\/region-des-lernens-jugendberufsagentur\/","og_site_name":"bbs|me","article_modified_time":"2025-03-28T08:52:22+00:00","twitter_card":"summary_large_image","twitter_misc":{"Gesch\u00e4tzte Lesezeit":"3\u00a0Minuten"},"schema":{"@context":"https:\/\/schema.org","@graph":[{"@type":"WebPage","@id":"https:\/\/www2.bbs-me.de\/index.php\/startseite-dev-dropdown\/region-des-lernens-hannover-leitstelle\/region-des-lernens-jugendberufsagentur\/","url":"https:\/\/www2.bbs-me.de\/index.php\/startseite-dev-dropdown\/region-des-lernens-hannover-leitstelle\/region-des-lernens-jugendberufsagentur\/","name":"Region des Lernens Jugendberufsagentur - Leitstelle Hannover - bbs|me","isPartOf":{"@id":"https:\/\/www2.bbs-me.de\/#website"},"datePublished":"2022-03-26T08:13:47+00:00","dateModified":"2025-03-28T08:52:22+00:00","description":"Die Berufseinstiegsschule vermittelt ihren Sch\u00fclerinnen und Sch\u00fclern neben der allgemeinen auch eine fachliche Bildung, deren Schwerpunkt in der Vorbereitung auf eine berufliche Ausbildung oder auf eine Berufst\u00e4tigkeit liegt.","breadcrumb":{"@id":"https:\/\/www2.bbs-me.de\/index.php\/startseite-dev-dropdown\/region-des-lernens-hannover-leitstelle\/region-des-lernens-jugendberufsagentur\/#breadcrumb"},"inLanguage":"de","potentialAction":[{"@type":"ReadAction","target":["https:\/\/www2.bbs-me.de\/index.php\/startseite-dev-dropdown\/region-des-lernens-hannover-leitstelle\/region-des-lernens-jugendberufsagentur\/"]}]},{"@type":"BreadcrumbList","@id":"https:\/\/www2.bbs-me.de\/index.php\/startseite-dev-dropdown\/region-des-lernens-hannover-leitstelle\/region-des-lernens-jugendberufsagentur\/#breadcrumb","itemListElement":[{"@type":"ListItem","position":1,"name":"Startseite","item":"https:\/\/www2.bbs-me.de\/"},{"@type":"ListItem","position":2,"name":"Startseite","item":"https:\/\/www2.bbs-me.de\/"},{"@type":"ListItem","position":3,"name":"RdL-Region des Lernens- Leitstelle 1 Hannover","item":"https:\/\/www2.bbs-me.de\/index.php\/startseite-dev-dropdown\/region-des-lernens-hannover-leitstelle\/"},{"@type":"ListItem","position":4,"name":"Region des Lernens Jugendberufsagentur"}]},{"@type":"WebSite","@id":"https:\/\/www2.bbs-me.de\/#website","url":"https:\/\/www2.bbs-me.de\/","name":"bbs|me","description":"Otto-Brenner-Schule - Berufsbildende Schule Metalltechnik \u2022 Elektrotechnik der Region Hannover","potentialAction":[{"@type":"SearchAction","target":{"@type":"EntryPoint","urlTemplate":"https:\/\/www2.bbs-me.de\/?s={search_term_string}"},"query-input":"required name=search_term_string"}],"inLanguage":"de"}]}},"publishpress_future_action":{"enabled":false,"date":"2026-04-12 22:36:24","action":"change-status","newStatus":"draft","terms":[],"taxonomy":"page_category"},"_links":{"self":[{"href":"https:\/\/www2.bbs-me.de\/index.php\/wp-json\/wp\/v2\/pages\/23760"}],"collection":[{"href":"https:\/\/www2.bbs-me.de\/index.php\/wp-json\/wp\/v2\/pages"}],"about":[{"href":"https:\/\/www2.bbs-me.de\/index.php\/wp-json\/wp\/v2\/types\/page"}],"author":[{"embeddable":true,"href":"https:\/\/www2.bbs-me.de\/index.php\/wp-json\/wp\/v2\/users\/8"}],"replies":[{"embeddable":true,"href":"https:\/\/www2.bbs-me.de\/index.php\/wp-json\/wp\/v2\/comments?post=23760"}],"version-history":[{"count":15,"href":"https:\/\/www2.bbs-me.de\/index.php\/wp-json\/wp\/v2\/pages\/23760\/revisions"}],"predecessor-version":[{"id":29165,"href":"https:\/\/www2.bbs-me.de\/index.php\/wp-json\/wp\/v2\/pages\/23760\/revisions\/29165"}],"up":[{"embeddable":true,"href":"https:\/\/www2.bbs-me.de\/index.php\/wp-json\/wp\/v2\/pages\/23402"}],"wp:attachment":[{"href":"https:\/\/www2.bbs-me.de\/index.php\/wp-json\/wp\/v2\/media?parent=23760"}],"wp:term":[{"taxonomy":"page_category","embeddable":true,"href":"https:\/\/www2.bbs-me.de\/index.php\/wp-json\/wp\/v2\/page_category?post=23760"}],"curies":[{"name":"wp","href":"https:\/\/api.w.org\/{rel}","templated":true}]}}