{"id":24278,"date":"2022-06-09T21:13:55","date_gmt":"2022-06-09T19:13:55","guid":{"rendered":"https:\/\/www2.bbs-me.de\/?page_id=24278"},"modified":"2022-10-28T10:45:52","modified_gmt":"2022-10-28T08:45:52","slug":"technische-produktdesigner-presentation-fuer-die-ap2","status":"publish","type":"page","link":"https:\/\/www2.bbs-me.de\/index.php\/berufsschule-metalltechnik\/team-produktdesignersystemplaner\/technische-produktdesigner-presentation-fuer-die-ap2\/","title":{"rendered":"Technische Produktdesigner &#8211; Pr\u00e4sentation f\u00fcr die AP2"},"content":{"rendered":"<div id='basic-article'  class='av-layout-grid-container entry-content-wrapper header_color av-flex-cells     avia-builder-el-0  el_before_av_layout_row  avia-builder-el-first  container_wrap sidebar_right' style=' '  >\n<div class=\"flex_cell no_margin av_one_half  avia-builder-el-1  el_before_av_cell_one_half  avia-builder-el-first   \"  style='vertical-align:top; padding:30px; ' ><div class='flex_cell_inner' ><section class=\"av_textblock_section \"  itemscope=\"itemscope\" itemtype=\"https:\/\/schema.org\/CreativeWork\" ><div class='avia_textblock  '   itemprop=\"text\" ><h4>Das Pr\u00e4sentations-Dilemma<\/h4>\n<\/div><\/section><br \/>\n<div  style='height:20px' class='hr hr-invisible   avia-builder-el-3  el_after_av_textblock  el_before_av_heading '><span class='hr-inner ' ><span class='hr-inner-style'><\/span><\/span><\/div><br \/>\n<div  style='padding-bottom:10px; ' class='av-special-heading av-special-heading-h1  blockquote modern-quote  avia-builder-el-4  el_after_av_hr  el_before_av_hr  '><h1 class='av-special-heading-tag '  itemprop=\"headline\"  >Was ist das Besondere an der Pr\u00e4sentation des Arbeitsauftrages der AP2?<\/h1><div class='special-heading-border'><div class='special-heading-inner-border' ><\/div><\/div><\/div><br \/>\n<div   class='hr hr-default   avia-builder-el-5  el_after_av_heading  el_before_av_textblock '><span class='hr-inner ' ><span class='hr-inner-style'><\/span><\/span><\/div><br \/>\n<section class=\"av_textblock_section \"  itemscope=\"itemscope\" itemtype=\"https:\/\/schema.org\/CreativeWork\" ><div class='avia_textblock  '  style='font-size:16px; '  itemprop=\"text\" ><p>Im Jahr 2005 wurde der Konstruktionsberuf Technischer Produktdesigner \/ Technische Produktdesignerin eingef\u00fchrt und seitdem beinhaltet die praktische Abschlusspr\u00fcfung einen Arbeitsauftrag. Sechs Jahre sp\u00e4ter wurde der Beruf des Technischen Zeichners \/ der Technischen Zeichnerin durch die Berufe Technischer Produktdesigner \/ Technische Produktdesignerin bzw. Technischer Systemplaner \/ Technische Systemplanerin ersetzt.<\/p>\n<p>Damit war der Arbeitsauftrag f\u00fcr alle angehenden Technischen Produktdesinger*innen gesetzt. Mit einer Dokumentation, die sie bei der IHK einreichen, weisen die Auszubildenden nach, woran und wie sie in den laut Ausbildungsordnung vorgesehenen 70h gearbeitet haben. Bevor zum Abschluss des gesamten zweiten Pr\u00fcfungsteils das Fachgespr\u00e4ch stattfindet, pr\u00e4sentieren die Auszubildenden ihre Arbeitsergebnisse. Die <a href=\"https:\/\/www.bgbl.de\/xaver\/bgbl\/start.xav?start=%2F%2F*%5B%40attr_id%3D%27bgbl111s1215.pdf%27%5D\" target=\"_blank\" rel=\"noopener\">Ausbildungsordnung<\/a> l\u00e4sst den Auszubildenden bei der Ausgestaltung zehnmin\u00fctigen Pr\u00e4sentation gro\u00dfe Freiheiten, was nachvollziehbarer Weise zu berechtigten Fragen f\u00fchrt. Etwas konkreter sind die Hinweise, die auf der Webseite der IHK Stuttgart ver\u00f6ffentlicht worden sind.<\/p>\n<\/div><\/section><\/p>\n<\/div><\/div><div class=\"flex_cell no_margin av_one_half  avia-builder-el-7  el_after_av_cell_one_half  avia-builder-el-last   \"  style='vertical-align:top; padding:30px; ' ><div class='flex_cell_inner' ><div  class='avia-image-container  av-styling-    avia-builder-el-8  avia-builder-el-no-sibling  avia-align-center '  itemprop=\"image\" itemscope=\"itemscope\" itemtype=\"https:\/\/schema.org\/ImageObject\"  ><div class='avia-image-container-inner'><div class='avia-image-overlay-wrap'><img class='avia_image' src='https:\/\/www2.bbs-me.de\/wp-content\/uploads\/2022\/06\/Gewusst-wie_Azubis_01-1030x688.jpg' alt='Anleitung Dokumentation Arbeitsauftrag Abschlusspr\u00fcfung Produktdesigner' title='Gewusst-wie auf Schreibtisch' height=\"688\" width=\"1030\"  itemprop=\"thumbnailUrl\"  \/><\/div><\/div><\/div>\n<\/div><\/div>\n<\/div>\n<div id='av-layout-grid-2'  class='av-layout-grid-container entry-content-wrapper header_color av-flex-cells     avia-builder-el-9  el_after_av_layout_row  el_before_av_hr  submenu-not-first container_wrap sidebar_right' style=' '  >\n<div class=\"flex_cell no_margin av_one_half  avia-builder-el-10  el_before_av_cell_one_half  avia-builder-el-first   \"  style='vertical-align:top; padding:30px; ' ><div class='flex_cell_inner' ><p><div  style='padding-bottom:10px; ' class='av-special-heading av-special-heading-h2  blockquote modern-quote  avia-builder-el-11  el_before_av_textblock  avia-builder-el-first  '><h2 class='av-special-heading-tag '  itemprop=\"headline\"  >Besondere Pr\u00e4sentation &#8211; Besondere Vorbereitung<\/h2><div class='special-heading-border'><div class='special-heading-inner-border' ><\/div><\/div><\/div><br \/>\n<section class=\"av_textblock_section \"  itemscope=\"itemscope\" itemtype=\"https:\/\/schema.org\/CreativeWork\" ><div class='avia_textblock  '  style='font-size:14px; '  itemprop=\"text\" ><p>Kurz nach dem Erscheinen des Gewusst-Wie \u2013 Dokumentation des Arbeitsauftrages im September 2020, war eine der ersten Fragen: &#8220;Gibt es so etwas eigentlich auch f\u00fcr die Pr\u00e4sentation?&#8221; Jetzt, fast zwei Jahre sp\u00e4ter hei\u00dft die Antwort: &#8220;Ja, gibt es: das Gewusst-Wie \u2013 Pr\u00e4sentation des Arbeitsauftrages.&#8221;<\/p>\n<p>An Pr\u00e4sentationsratgebern mangelt es nicht und eine Suchmaschinenanfrage f\u00f6rdert Pr\u00e4sentationsregeln und -tipps im Massen zu Tage. Aber was genau jetzt das Besondere einer zu Pr\u00fcfungszwecken zu haltenden Pr\u00e4sentation \u00fcber die eigene Auftragsbearbeitung zum Abschluss einer Berufsausbildung im Dualen System ausmacht und was genau hier hilfreich ist \u2013 dar\u00fcber ist wenig zu finden.<\/p>\n<p>So entstand die Idee eine Anleitung f\u00fcr genau diesen Anwendungsfall zusammenzustellen. Auszubildenden aus mehreren Abschlussjahrg\u00e4ngen aus den Jahren 2020 und 2021\/2020 unterst\u00fctzten Ihre Lehrkraft (die auch im IHK-Pr\u00fcfungsausschuss aktiv ist) dabei eine ausf\u00fchrliche Anleitung f\u00fcr die Planung und Vorstellung der Pr\u00e4sentation zu entwickeln.<\/p>\n<p>In dem jetzt vorliegenden 44-seitigen Heft stecken viele Stunden Zeit von engagierten Lehrkr\u00e4ften, von Auszubildenden, die noch nach ihrem Ausbildungsende mitgearbeitet haben, und von Mitgliedern des Pr\u00fcfungsausschusses Technische Produktdesigner der <a href=\"https:\/\/www.hannover.ihk.de\/\" target=\"_blank\" rel=\"noopener\">IHK-Hannover<\/a>, die korrekturgelesen und Feedback gegeben haben. Vielen herzlichen Dank!<\/p>\n<\/div><\/section><br \/>\n<section class=\"av_textblock_section \"  itemscope=\"itemscope\" itemtype=\"https:\/\/schema.org\/CreativeWork\" ><div class='avia_textblock  '  style='font-size:14px; '  itemprop=\"text\" ><p>Die Auszubildenden der <a href=\"https:\/\/www2.bbs-me.de\/index.php\/berufsschule-metalltechnik\/team-produktdesignersystemplaner\/\" target=\"_blank\" rel=\"noopener\">BBS-ME Otto-Brenner-Schule<\/a> erhalten die Anleitung als Print-Exemplar (ressourcenschonend gedruckt mit mineral\u00f6lfreien Druckfarben auf recyceltem Papier &#8211; FSC mit klimaneutraler Herstellung und Versand).<\/p>\n<\/div><\/section><br \/>\n<section class=\"av_textblock_section \"  itemscope=\"itemscope\" itemtype=\"https:\/\/schema.org\/CreativeWork\" ><div class='avia_textblock  '  style='font-size:14px; '  itemprop=\"text\" ><p>Kontaktadresse f\u00fcr mehr Infos zu der Anleitung f\u00fcr das Pr\u00e4sentieren des Arbeitsauftrages der Abschlusspr\u00fcfung Teil 2 und zum Projekt: <a href=\"mailto:czybulka@bbs-me.de\">Herr Czybulka<\/a><\/p>\n<\/div><\/section><br \/>\n<section class=\"av_textblock_section \"  itemscope=\"itemscope\" itemtype=\"https:\/\/schema.org\/CreativeWork\" ><div class='avia_textblock  '  style='font-size:14px; '  itemprop=\"text\" ><p>F\u00fcr alle Auszubildenden jenseits der Region steht die PDF-Version zum Herunterladen zur Verf\u00fcgung.<\/p>\n<\/div><\/section><br \/>\n<div  class='avia-button-wrap avia-button-left  avia-builder-el-16  el_after_av_textblock  el_before_av_hr ' ><a href='https:\/\/www2.bbs-me.de\/index.php\/download\/24920\/'  class='avia-button   avia-icon_select-no avia-color-custom avia-size-small avia-position-left '  style='background-color:#3089e8; border-color:#3089e8; color:#ffffff; ' ><span class='avia_iconbox_title' >Download GEWUSST-WIE Pr\u00e4sentation Arbeitsauftrag<\/span><\/a><\/div><br \/>\n<div   class='hr hr-default   avia-builder-el-17  el_after_av_button  el_before_av_notification '><span class='hr-inner ' ><span class='hr-inner-style'><\/span><\/span><\/div><br \/>\n<div id='avia-messagebox-'style='background-color:#dddddd; color:#000000; ' class='avia_message_box  avia-color-custom avia-size-large avia-icon_select-no avia-border-  avia-builder-el-18  el_after_av_hr  avia-builder-el-last '><span class='avia_message_box_title' >Disclaimer<\/span><div class='avia_message_box_content' ><p>Diese Anleitung behandelt nicht die Durchf\u00fchrung des Arbeitsauftrages, sondern das Thema ist die Pr\u00e4sentation.<\/p>\n<\/div><\/div><\/p>\n<\/div><\/div><div class=\"flex_cell no_margin av_one_half  avia-builder-el-19  el_after_av_cell_one_half  avia-builder-el-last   \"  style='vertical-align:top; padding:30px; ' ><div class='flex_cell_inner' ><div  class='avia-image-container  av-styling-    avia-builder-el-20  avia-builder-el-no-sibling  avia-align-center '  itemprop=\"image\" itemscope=\"itemscope\" itemtype=\"https:\/\/schema.org\/ImageObject\"  ><div class='avia-image-container-inner'><div class='avia-image-overlay-wrap'><img class='avia_image' src='https:\/\/www2.bbs-me.de\/wp-content\/uploads\/2022\/06\/Gewusst-wie_Azubis_02-1030x688.jpg' alt='Anleitung Dokumentation Arbeitsauftrag Abschlusspr\u00fcfung Technische Produktdesigner' title='Technische Produktdesigner Azubis mit Gewusst-wie Anleitung f\u00fcr die Dokumentation der Abschlusspr\u00fcfung Teil 2' height=\"688\" width=\"1030\"  itemprop=\"thumbnailUrl\"  \/><\/div><\/div><\/div>\n<\/div><\/div><\/div><div id='after_submenu_2'  class='main_color av_default_container_wrap container_wrap sidebar_right' style=' '  ><div class='container' ><div class='template-page content  av-content-small alpha units'><div class='post-entry post-entry-type-page post-entry-24278'><div class='entry-content-wrapper clearfix'><div  style='height:20px' class='hr hr-invisible   avia-builder-el-21  el_after_av_layout_row  avia-builder-el-no-sibling '><span class='hr-inner ' ><span class='hr-inner-style'><\/span><\/span><\/div><\/p>\n","protected":false},"excerpt":{"rendered":"","protected":false},"author":8,"featured_media":0,"parent":911,"menu_order":0,"comment_status":"closed","ping_status":"closed","template":"","meta":{"footnotes":""},"page_category":[],"yoast_head":"<!-- This site is optimized with the Yoast SEO plugin v22.8 - https:\/\/yoast.com\/wordpress\/plugins\/seo\/ -->\n<title>Technische Produktdesigner - Pr\u00e4sentation f\u00fcr die AP2 - bbs|me<\/title>\n<meta name=\"description\" content=\"Wie baue ich die Pr\u00e4sentation f\u00fcr die AP 2? Was muss ich beachten? Diese Anleitung beantwortet die wichtigsten Fragen.\" \/>\n<meta name=\"robots\" content=\"index, follow, max-snippet:-1, max-image-preview:large, max-video-preview:-1\" \/>\n<link rel=\"canonical\" href=\"https:\/\/www2.bbs-me.de\/index.php\/berufsschule-metalltechnik\/team-produktdesignersystemplaner\/technische-produktdesigner-presentation-fuer-die-ap2\/\" \/>\n<meta property=\"og:locale\" content=\"de_DE\" \/>\n<meta property=\"og:type\" content=\"article\" \/>\n<meta property=\"og:title\" content=\"Technische Produktdesigner - Pr\u00e4sentation f\u00fcr die AP2 - bbs|me\" \/>\n<meta property=\"og:description\" content=\"Wie baue ich die Pr\u00e4sentation f\u00fcr die AP 2? Was muss ich beachten? Diese Anleitung beantwortet die wichtigsten Fragen.\" \/>\n<meta property=\"og:url\" content=\"https:\/\/www2.bbs-me.de\/index.php\/berufsschule-metalltechnik\/team-produktdesignersystemplaner\/technische-produktdesigner-presentation-fuer-die-ap2\/\" \/>\n<meta property=\"og:site_name\" content=\"bbs|me\" \/>\n<meta property=\"article:modified_time\" content=\"2022-10-28T08:45:52+00:00\" \/>\n<meta name=\"twitter:card\" content=\"summary_large_image\" \/>\n<meta name=\"twitter:label1\" content=\"Gesch\u00e4tzte Lesezeit\" \/>\n\t<meta name=\"twitter:data1\" content=\"5\u00a0Minuten\" \/>\n<script type=\"application\/ld+json\" class=\"yoast-schema-graph\">{\"@context\":\"https:\/\/schema.org\",\"@graph\":[{\"@type\":\"WebPage\",\"@id\":\"https:\/\/www2.bbs-me.de\/index.php\/berufsschule-metalltechnik\/team-produktdesignersystemplaner\/technische-produktdesigner-presentation-fuer-die-ap2\/\",\"url\":\"https:\/\/www2.bbs-me.de\/index.php\/berufsschule-metalltechnik\/team-produktdesignersystemplaner\/technische-produktdesigner-presentation-fuer-die-ap2\/\",\"name\":\"Technische Produktdesigner - Pr\u00e4sentation f\u00fcr die AP2 - bbs|me\",\"isPartOf\":{\"@id\":\"https:\/\/www2.bbs-me.de\/#website\"},\"datePublished\":\"2022-06-09T19:13:55+00:00\",\"dateModified\":\"2022-10-28T08:45:52+00:00\",\"description\":\"Wie baue ich die Pr\u00e4sentation f\u00fcr die AP 2? Was muss ich beachten? Diese Anleitung beantwortet die wichtigsten Fragen.\",\"breadcrumb\":{\"@id\":\"https:\/\/www2.bbs-me.de\/index.php\/berufsschule-metalltechnik\/team-produktdesignersystemplaner\/technische-produktdesigner-presentation-fuer-die-ap2\/#breadcrumb\"},\"inLanguage\":\"de\",\"potentialAction\":[{\"@type\":\"ReadAction\",\"target\":[\"https:\/\/www2.bbs-me.de\/index.php\/berufsschule-metalltechnik\/team-produktdesignersystemplaner\/technische-produktdesigner-presentation-fuer-die-ap2\/\"]}]},{\"@type\":\"BreadcrumbList\",\"@id\":\"https:\/\/www2.bbs-me.de\/index.php\/berufsschule-metalltechnik\/team-produktdesignersystemplaner\/technische-produktdesigner-presentation-fuer-die-ap2\/#breadcrumb\",\"itemListElement\":[{\"@type\":\"ListItem\",\"position\":1,\"name\":\"Startseite\",\"item\":\"https:\/\/www2.bbs-me.de\/\"},{\"@type\":\"ListItem\",\"position\":2,\"name\":\"Berufsschule Metalltechnik\",\"item\":\"https:\/\/www2.bbs-me.de\/index.php\/berufsschule-metalltechnik\/\"},{\"@type\":\"ListItem\",\"position\":3,\"name\":\"Produktdesigner\/Systemplaner\",\"item\":\"https:\/\/www2.bbs-me.de\/index.php\/berufsschule-metalltechnik\/team-produktdesignersystemplaner\/\"},{\"@type\":\"ListItem\",\"position\":4,\"name\":\"Technische Produktdesigner &#8211; Pr\u00e4sentation f\u00fcr die AP2\"}]},{\"@type\":\"WebSite\",\"@id\":\"https:\/\/www2.bbs-me.de\/#website\",\"url\":\"https:\/\/www2.bbs-me.de\/\",\"name\":\"bbs|me\",\"description\":\"Otto-Brenner-Schule - Berufsbildende Schule Metalltechnik \u2022 Elektrotechnik der Region Hannover\",\"potentialAction\":[{\"@type\":\"SearchAction\",\"target\":{\"@type\":\"EntryPoint\",\"urlTemplate\":\"https:\/\/www2.bbs-me.de\/?s={search_term_string}\"},\"query-input\":\"required name=search_term_string\"}],\"inLanguage\":\"de\"}]}<\/script>\n<!-- \/ Yoast SEO plugin. -->","yoast_head_json":{"title":"Technische Produktdesigner - Pr\u00e4sentation f\u00fcr die AP2 - bbs|me","description":"Wie baue ich die Pr\u00e4sentation f\u00fcr die AP 2? Was muss ich beachten? Diese Anleitung beantwortet die wichtigsten Fragen.","robots":{"index":"index","follow":"follow","max-snippet":"max-snippet:-1","max-image-preview":"max-image-preview:large","max-video-preview":"max-video-preview:-1"},"canonical":"https:\/\/www2.bbs-me.de\/index.php\/berufsschule-metalltechnik\/team-produktdesignersystemplaner\/technische-produktdesigner-presentation-fuer-die-ap2\/","og_locale":"de_DE","og_type":"article","og_title":"Technische Produktdesigner - Pr\u00e4sentation f\u00fcr die AP2 - bbs|me","og_description":"Wie baue ich die Pr\u00e4sentation f\u00fcr die AP 2? Was muss ich beachten? Diese Anleitung beantwortet die wichtigsten Fragen.","og_url":"https:\/\/www2.bbs-me.de\/index.php\/berufsschule-metalltechnik\/team-produktdesignersystemplaner\/technische-produktdesigner-presentation-fuer-die-ap2\/","og_site_name":"bbs|me","article_modified_time":"2022-10-28T08:45:52+00:00","twitter_card":"summary_large_image","twitter_misc":{"Gesch\u00e4tzte Lesezeit":"5\u00a0Minuten"},"schema":{"@context":"https:\/\/schema.org","@graph":[{"@type":"WebPage","@id":"https:\/\/www2.bbs-me.de\/index.php\/berufsschule-metalltechnik\/team-produktdesignersystemplaner\/technische-produktdesigner-presentation-fuer-die-ap2\/","url":"https:\/\/www2.bbs-me.de\/index.php\/berufsschule-metalltechnik\/team-produktdesignersystemplaner\/technische-produktdesigner-presentation-fuer-die-ap2\/","name":"Technische Produktdesigner - Pr\u00e4sentation f\u00fcr die AP2 - bbs|me","isPartOf":{"@id":"https:\/\/www2.bbs-me.de\/#website"},"datePublished":"2022-06-09T19:13:55+00:00","dateModified":"2022-10-28T08:45:52+00:00","description":"Wie baue ich die Pr\u00e4sentation f\u00fcr die AP 2? Was muss ich beachten? Diese Anleitung beantwortet die wichtigsten Fragen.","breadcrumb":{"@id":"https:\/\/www2.bbs-me.de\/index.php\/berufsschule-metalltechnik\/team-produktdesignersystemplaner\/technische-produktdesigner-presentation-fuer-die-ap2\/#breadcrumb"},"inLanguage":"de","potentialAction":[{"@type":"ReadAction","target":["https:\/\/www2.bbs-me.de\/index.php\/berufsschule-metalltechnik\/team-produktdesignersystemplaner\/technische-produktdesigner-presentation-fuer-die-ap2\/"]}]},{"@type":"BreadcrumbList","@id":"https:\/\/www2.bbs-me.de\/index.php\/berufsschule-metalltechnik\/team-produktdesignersystemplaner\/technische-produktdesigner-presentation-fuer-die-ap2\/#breadcrumb","itemListElement":[{"@type":"ListItem","position":1,"name":"Startseite","item":"https:\/\/www2.bbs-me.de\/"},{"@type":"ListItem","position":2,"name":"Berufsschule Metalltechnik","item":"https:\/\/www2.bbs-me.de\/index.php\/berufsschule-metalltechnik\/"},{"@type":"ListItem","position":3,"name":"Produktdesigner\/Systemplaner","item":"https:\/\/www2.bbs-me.de\/index.php\/berufsschule-metalltechnik\/team-produktdesignersystemplaner\/"},{"@type":"ListItem","position":4,"name":"Technische Produktdesigner &#8211; Pr\u00e4sentation f\u00fcr die AP2"}]},{"@type":"WebSite","@id":"https:\/\/www2.bbs-me.de\/#website","url":"https:\/\/www2.bbs-me.de\/","name":"bbs|me","description":"Otto-Brenner-Schule - Berufsbildende Schule Metalltechnik \u2022 Elektrotechnik der Region Hannover","potentialAction":[{"@type":"SearchAction","target":{"@type":"EntryPoint","urlTemplate":"https:\/\/www2.bbs-me.de\/?s={search_term_string}"},"query-input":"required name=search_term_string"}],"inLanguage":"de"}]}},"publishpress_future_action":{"enabled":false,"date":"2026-04-12 22:38:57","action":"change-status","newStatus":"draft","terms":[],"taxonomy":"page_category"},"_links":{"self":[{"href":"https:\/\/www2.bbs-me.de\/index.php\/wp-json\/wp\/v2\/pages\/24278"}],"collection":[{"href":"https:\/\/www2.bbs-me.de\/index.php\/wp-json\/wp\/v2\/pages"}],"about":[{"href":"https:\/\/www2.bbs-me.de\/index.php\/wp-json\/wp\/v2\/types\/page"}],"author":[{"embeddable":true,"href":"https:\/\/www2.bbs-me.de\/index.php\/wp-json\/wp\/v2\/users\/8"}],"replies":[{"embeddable":true,"href":"https:\/\/www2.bbs-me.de\/index.php\/wp-json\/wp\/v2\/comments?post=24278"}],"version-history":[{"count":6,"href":"https:\/\/www2.bbs-me.de\/index.php\/wp-json\/wp\/v2\/pages\/24278\/revisions"}],"predecessor-version":[{"id":28618,"href":"https:\/\/www2.bbs-me.de\/index.php\/wp-json\/wp\/v2\/pages\/24278\/revisions\/28618"}],"up":[{"embeddable":true,"href":"https:\/\/www2.bbs-me.de\/index.php\/wp-json\/wp\/v2\/pages\/911"}],"wp:attachment":[{"href":"https:\/\/www2.bbs-me.de\/index.php\/wp-json\/wp\/v2\/media?parent=24278"}],"wp:term":[{"taxonomy":"page_category","embeddable":true,"href":"https:\/\/www2.bbs-me.de\/index.php\/wp-json\/wp\/v2\/page_category?post=24278"}],"curies":[{"name":"wp","href":"https:\/\/api.w.org\/{rel}","templated":true}]}}