{"id":24662,"date":"2022-08-29T21:44:47","date_gmt":"2022-08-29T19:44:47","guid":{"rendered":"https:\/\/www2.bbs-me.de\/?page_id=24662"},"modified":"2022-08-29T21:44:48","modified_gmt":"2022-08-29T19:44:48","slug":"erasmus-partnerschaft-mit-dem-finnvedens-gymnasium-figy-in-vaernamo-schweden","status":"publish","type":"page","link":"https:\/\/www2.bbs-me.de\/index.php\/partnerschulen-2\/erasmus-partnerschaft-mit-dem-finnvedens-gymnasium-figy-in-vaernamo-schweden\/","title":{"rendered":"Erasmus+-Partnerschaft mit dem Finnvedens Gymnasium\u00a0(Figy) in V\u00e4rnamo, Schweden"},"content":{"rendered":"<div id='basic-article'  class='av-layout-grid-container entry-content-wrapper header_color av-flex-cells     avia-builder-el-0  el_before_av_hr  avia-builder-el-first  container_wrap sidebar_right' style=' '  >\n<div class=\"flex_cell no_margin av_one_half  avia-builder-el-1  el_before_av_cell_one_half  avia-builder-el-first   \"  style='vertical-align:top; padding:30px; ' ><div class='flex_cell_inner' ><p><div  style='padding-bottom:10px; ' class='av-special-heading av-special-heading-h1  blockquote modern-quote  avia-builder-el-2  el_before_av_hr  avia-builder-el-first  '><h1 class='av-special-heading-tag '  itemprop=\"headline\"  >Erasmus+-Partnerschaft mit dem Finnvedens Gymnasium in Schweden<\/h1><div class='special-heading-border'><div class='special-heading-inner-border' ><\/div><\/div><\/div><br \/>\n<div   class='hr hr-default   avia-builder-el-3  el_after_av_heading  el_before_av_textblock '><span class='hr-inner ' ><span class='hr-inner-style'><\/span><\/span><\/div><br \/>\n<section class=\"av_textblock_section \"  itemscope=\"itemscope\" itemtype=\"https:\/\/schema.org\/CreativeWork\" ><div class='avia_textblock  '  style='font-size:16px; '  itemprop=\"text\" ><p>Anfang 2020 besuchten uns die Kolleginnen Ann-Charlott Hartig und Anette Klasson vom<strong> <a href=\"https:\/\/www.figy.se\/\">FINNVEDENS GYMNASIUM<\/a>\u00a0(Figy)<\/strong> in <strong>\u00a0<a href=\"https:\/\/de.wikipedia.org\/wiki\/V%C3%A4rnamo\">V\u00e4rnamo<\/a><\/strong>, Schweden. Gemeinsam mit unserer Schulleitung und einigen interessierten Kolleginnen und Kollegen aus den Technikbereichen diskutierten wir die M\u00f6glichkeit einer Kollaboration im Rahmen eines <strong><a href=\"https:\/\/www.erasmusplus.de\/\" target=\"_blank\" rel=\"noopener\">ERASMUS+<\/a><\/strong>-Projektes. Beide Schulen f\u00fchren Sch\u00fcler*innen an \u00e4hnliche technische Schwerpunkte heran. Als gemeinsamer Nenner kristallisierte sich das Thema \u201eProduktentwicklung\u201c heraus.<\/p>\n<p>Damit war der Startpunkt f\u00fcr eine strategische Partnerschaft im Rahmen von Erasmus gesetzt. Unsere schwedischen Partnerinnen entwickelten einen Leitantrag an die EU, der im Laufe des Sommers genehmigt wurde. Nun wollten wir mit unseren Technikkursen zum Themenkomplex \u201eProduct Development across Borders\u201c loslegen. Die EU finanziert im Rahmen solcher Projekte recht gro\u00dfz\u00fcgig sogenannte Mobilit\u00e4ten oder Reiseaktivit\u00e4ten, durch die sich die Lernenden der Partnerschulen gegenseitig zum gemeinsamen Austausch \u00fcber ihre Projektarbeiten besuchen k\u00f6nnen. Reisekosten und Aufenthaltskosten werden von der EU \u00fcbernommen. F\u00fcr schwedische Sch\u00fcler*innen ist es der einzige Weg, eine Auslandsreise durchzuf\u00fchren, da die dortigen Gesetze eine Belastung der Eltern mit solchen Kosten untersagen.<\/p>\n<p>Nach mehreren virtuellen Kontakt- und Arbeitsphasen wollten wir dann im Fr\u00fchjahr 2021 starten. Dann schlug Corona zu und Dank der generellen Verbotspolitik der Landesregierung wurden wir schlagartig ausgebremst. Kommunikation in virtuellen R\u00e4umen war der einzige Weg, um halbwegs in Kontakt zu bleiben \u2013 nicht sehr berauschend.<\/p>\n<p>Endlich war es dann Ende Mai 2022 doch so weit. Wir konnten mit 15 Sch\u00fcler*innen aus dem 12. und 13. Jahrgang nach V\u00e4rnamo aufbrechen. F\u00fcr unsere Sch\u00fcler*innen war es \u00fcberhaupt das erste Mal, dass sie nach so langer Zeit eine gr\u00f6\u00dfere Reise antreten konnten, die dann auch gleich mit einer thematischen Zielsetzung ins Ausland f\u00fchrte.<\/p>\n<p>Eigentlich sollte dieses Erasmus+-Projekt Ende 2022 beendet sein. Gl\u00fccklicherweise wurde jetzt wegen der Unterbrechungen durch die Pandemie ein Verl\u00e4ngerungsantrag von der zust\u00e4ndigen EU-Stelle f\u00fcr ein Jahr bewilligt. Weitere Austauschma\u00dfnahmen sind somit auch in 2023 noch m\u00f6glich.<\/p>\n<p>Bei Interesse sprechen Sie Frau <a href=\"mailto:korte@bbs-me.de\" target=\"_blank\" rel=\"noopener\">Ria Korte<\/a> oder Herrn <a href=\"mailto:merker@bbs-me.de\">Mathias Merker<\/a>\u00a0an.<\/p>\n<\/div><\/section><\/p>\n<\/div><\/div><div class=\"flex_cell no_margin av_one_half  avia-builder-el-5  el_after_av_cell_one_half  avia-builder-el-last   \"  style='vertical-align:top; padding:30px; ' ><div class='flex_cell_inner' ><p><div  class='avia-image-container  av-styling-    avia-builder-el-6  el_before_av_textblock  avia-builder-el-first  avia-align-center '  itemprop=\"image\" itemscope=\"itemscope\" itemtype=\"https:\/\/schema.org\/ImageObject\"  ><div class='avia-image-container-inner'><div class='avia-image-overlay-wrap'><img class='avia_image' src='https:\/\/www2.bbs-me.de\/wp-content\/uploads\/2022\/08\/Schweden_01a.jpeg' alt='' title='Schweden_01a' height=\"1024\" width=\"768\"  itemprop=\"thumbnailUrl\"  \/><\/div><\/div><\/div><br \/>\n<section class=\"av_textblock_section \"  itemscope=\"itemscope\" itemtype=\"https:\/\/schema.org\/CreativeWork\" ><div class='avia_textblock  '   itemprop=\"text\" ><h4 style=\"text-align: center;\">Auf geht&#8217;s nach Schweden!<\/h4>\n<\/div><\/section><\/p>\n<\/div><\/div><\/div><div id='after_submenu_1'  class='main_color av_default_container_wrap container_wrap sidebar_right' style=' '  ><div class='container' ><div class='template-page content  av-content-small alpha units'><div class='post-entry post-entry-type-page post-entry-24662'><div class='entry-content-wrapper clearfix'><div  style='height:20px' class='hr hr-invisible   avia-builder-el-8  el_after_av_layout_row  el_before_av_horizontal_gallery  avia-builder-el-no-sibling '><span class='hr-inner ' ><span class='hr-inner-style'><\/span><\/span><\/div><\/p>\n<div  class='av-horizontal-gallery av-horizontal-gallery-large-gap av-horizontal-gallery-enlarge-effect av-horizontal-gallery-1  avia-builder-el-9  el_after_av_hr  el_before_av_hr  av-control-default '  itemprop=\"image\" itemscope=\"itemscope\" itemtype=\"https:\/\/schema.org\/ImageObject\"  style='padding: 3.75% 0px;' data-av-enlarge='1.3'  ><div class='avia-slideshow-arrows avia-slideshow-controls'><a href='#prev' class='prev-slide av-horizontal-gallery-prev' aria-hidden='true' data-av_icon='\ue87c' data-av_iconfont='entypo-fontello'>Zur\u00fcck<\/a><a href='#next' class='next-slide av-horizontal-gallery-next' aria-hidden='true' data-av_icon='\ue87d' data-av_iconfont='entypo-fontello'>Weiter <\/a><\/div><div class='av-horizontal-gallery-inner' style='padding-bottom:25%' data-av-height='25'><div class='av-horizontal-gallery-slider'><div class='av-horizontal-gallery-wrap noHover'><img class='av-horizontal-gallery-img' width='495' height='400' src='https:\/\/www2.bbs-me.de\/wp-content\/uploads\/2022\/08\/Schweden_06-495x400.jpg' title='Schweden_06' alt='' \/><a href='https:\/\/www2.bbs-me.de\/wp-content\/uploads\/2022\/08\/Schweden_06-1030x686.jpg'  class='av-horizontal-gallery-link' aria-hidden='true' data-av_icon='\ue869' data-av_iconfont='entypo-fontello' title=''><\/a><\/div><div class='av-horizontal-gallery-wrap noHover'><img class='av-horizontal-gallery-img' width='495' height='400' src='https:\/\/www2.bbs-me.de\/wp-content\/uploads\/2022\/08\/Schweden_02-495x400.jpg' title='Schweden_02' alt='' \/><a href='https:\/\/www2.bbs-me.de\/wp-content\/uploads\/2022\/08\/Schweden_02-1030x687.jpg'  class='av-horizontal-gallery-link' aria-hidden='true' data-av_icon='\ue869' data-av_iconfont='entypo-fontello' title=''><\/a><\/div><div class='av-horizontal-gallery-wrap noHover'><img class='av-horizontal-gallery-img' width='495' height='400' src='https:\/\/www2.bbs-me.de\/wp-content\/uploads\/2022\/08\/Schweden_04-495x400.jpg' title='Schweden_04' alt='' \/><a href='https:\/\/www2.bbs-me.de\/wp-content\/uploads\/2022\/08\/Schweden_04-1030x487.jpg'  class='av-horizontal-gallery-link' aria-hidden='true' data-av_icon='\ue869' data-av_iconfont='entypo-fontello' title=''><\/a><\/div><div class='av-horizontal-gallery-wrap noHover'><img class='av-horizontal-gallery-img' width='495' height='400' src='https:\/\/www2.bbs-me.de\/wp-content\/uploads\/2022\/08\/Schweden_05-495x400.jpeg' title='Schweden_05' alt='' \/><a href='https:\/\/www2.bbs-me.de\/wp-content\/uploads\/2022\/08\/Schweden_05-1030x487.jpeg'  class='av-horizontal-gallery-link' aria-hidden='true' data-av_icon='\ue869' data-av_iconfont='entypo-fontello' title=''><\/a><\/div><div class='av-horizontal-gallery-wrap noHover'><img class='av-horizontal-gallery-img' width='495' height='400' src='https:\/\/www2.bbs-me.de\/wp-content\/uploads\/2022\/08\/Schweden_03_1-495x400.jpg' title='Schweden_03_1' alt='' \/><a href='https:\/\/www2.bbs-me.de\/wp-content\/uploads\/2022\/08\/Schweden_03_1.jpg'  class='av-horizontal-gallery-link' aria-hidden='true' data-av_icon='\ue869' data-av_iconfont='entypo-fontello' title=''><\/a><\/div><div class='av-horizontal-gallery-wrap noHover'><img class='av-horizontal-gallery-img' width='495' height='400' src='https:\/\/www2.bbs-me.de\/wp-content\/uploads\/2022\/08\/Schweden_07-495x400.jpeg' title='Schweden_07' alt='' \/><a href='https:\/\/www2.bbs-me.de\/wp-content\/uploads\/2022\/08\/Schweden_07-1030x487.jpeg'  class='av-horizontal-gallery-link' aria-hidden='true' data-av_icon='\ue869' data-av_iconfont='entypo-fontello' title=''><\/a><\/div><\/div><\/div><\/div>\n<div  style='height:20px' class='hr hr-invisible   avia-builder-el-10  el_after_av_horizontal_gallery  avia-builder-el-no-sibling '><span class='hr-inner ' ><span class='hr-inner-style'><\/span><\/span><\/div>\n","protected":false},"excerpt":{"rendered":"","protected":false},"author":8,"featured_media":0,"parent":17344,"menu_order":0,"comment_status":"closed","ping_status":"closed","template":"","meta":{"footnotes":""},"page_category":[57],"yoast_head":"<!-- This site is optimized with the Yoast SEO plugin v22.8 - https:\/\/yoast.com\/wordpress\/plugins\/seo\/ -->\n<title>Erasmus+-Partnerschaft mit dem Finnvedens Gymnasium\u00a0(Figy) in V\u00e4rnamo, Schweden - bbs|me<\/title>\n<meta name=\"robots\" content=\"index, follow, max-snippet:-1, max-image-preview:large, max-video-preview:-1\" \/>\n<link rel=\"canonical\" href=\"https:\/\/www2.bbs-me.de\/index.php\/partnerschulen-2\/erasmus-partnerschaft-mit-dem-finnvedens-gymnasium-figy-in-vaernamo-schweden\/\" \/>\n<meta property=\"og:locale\" content=\"de_DE\" \/>\n<meta property=\"og:type\" content=\"article\" \/>\n<meta property=\"og:title\" content=\"Erasmus+-Partnerschaft mit dem Finnvedens Gymnasium\u00a0(Figy) in V\u00e4rnamo, Schweden - bbs|me\" \/>\n<meta property=\"og:url\" content=\"https:\/\/www2.bbs-me.de\/index.php\/partnerschulen-2\/erasmus-partnerschaft-mit-dem-finnvedens-gymnasium-figy-in-vaernamo-schweden\/\" \/>\n<meta property=\"og:site_name\" content=\"bbs|me\" \/>\n<meta property=\"article:modified_time\" content=\"2022-08-29T19:44:48+00:00\" \/>\n<meta name=\"twitter:card\" content=\"summary_large_image\" \/>\n<meta name=\"twitter:label1\" content=\"Gesch\u00e4tzte Lesezeit\" \/>\n\t<meta name=\"twitter:data1\" content=\"3\u00a0Minuten\" \/>\n<script type=\"application\/ld+json\" class=\"yoast-schema-graph\">{\"@context\":\"https:\/\/schema.org\",\"@graph\":[{\"@type\":\"WebPage\",\"@id\":\"https:\/\/www2.bbs-me.de\/index.php\/partnerschulen-2\/erasmus-partnerschaft-mit-dem-finnvedens-gymnasium-figy-in-vaernamo-schweden\/\",\"url\":\"https:\/\/www2.bbs-me.de\/index.php\/partnerschulen-2\/erasmus-partnerschaft-mit-dem-finnvedens-gymnasium-figy-in-vaernamo-schweden\/\",\"name\":\"Erasmus+-Partnerschaft mit dem Finnvedens Gymnasium\u00a0(Figy) in V\u00e4rnamo, Schweden - bbs|me\",\"isPartOf\":{\"@id\":\"https:\/\/www2.bbs-me.de\/#website\"},\"datePublished\":\"2022-08-29T19:44:47+00:00\",\"dateModified\":\"2022-08-29T19:44:48+00:00\",\"breadcrumb\":{\"@id\":\"https:\/\/www2.bbs-me.de\/index.php\/partnerschulen-2\/erasmus-partnerschaft-mit-dem-finnvedens-gymnasium-figy-in-vaernamo-schweden\/#breadcrumb\"},\"inLanguage\":\"de\",\"potentialAction\":[{\"@type\":\"ReadAction\",\"target\":[\"https:\/\/www2.bbs-me.de\/index.php\/partnerschulen-2\/erasmus-partnerschaft-mit-dem-finnvedens-gymnasium-figy-in-vaernamo-schweden\/\"]}]},{\"@type\":\"BreadcrumbList\",\"@id\":\"https:\/\/www2.bbs-me.de\/index.php\/partnerschulen-2\/erasmus-partnerschaft-mit-dem-finnvedens-gymnasium-figy-in-vaernamo-schweden\/#breadcrumb\",\"itemListElement\":[{\"@type\":\"ListItem\",\"position\":1,\"name\":\"Startseite\",\"item\":\"https:\/\/www2.bbs-me.de\/\"},{\"@type\":\"ListItem\",\"position\":2,\"name\":\"Schulpartnerschaften\",\"item\":\"https:\/\/www2.bbs-me.de\/index.php\/partnerschulen-2\/\"},{\"@type\":\"ListItem\",\"position\":3,\"name\":\"Erasmus+-Partnerschaft mit dem Finnvedens Gymnasium\u00a0(Figy) in V\u00e4rnamo, Schweden\"}]},{\"@type\":\"WebSite\",\"@id\":\"https:\/\/www2.bbs-me.de\/#website\",\"url\":\"https:\/\/www2.bbs-me.de\/\",\"name\":\"bbs|me\",\"description\":\"Otto-Brenner-Schule - Berufsbildende Schule Metalltechnik \u2022 Elektrotechnik der Region Hannover\",\"potentialAction\":[{\"@type\":\"SearchAction\",\"target\":{\"@type\":\"EntryPoint\",\"urlTemplate\":\"https:\/\/www2.bbs-me.de\/?s={search_term_string}\"},\"query-input\":\"required name=search_term_string\"}],\"inLanguage\":\"de\"}]}<\/script>\n<!-- \/ Yoast SEO plugin. -->","yoast_head_json":{"title":"Erasmus+-Partnerschaft mit dem Finnvedens Gymnasium\u00a0(Figy) in V\u00e4rnamo, Schweden - bbs|me","robots":{"index":"index","follow":"follow","max-snippet":"max-snippet:-1","max-image-preview":"max-image-preview:large","max-video-preview":"max-video-preview:-1"},"canonical":"https:\/\/www2.bbs-me.de\/index.php\/partnerschulen-2\/erasmus-partnerschaft-mit-dem-finnvedens-gymnasium-figy-in-vaernamo-schweden\/","og_locale":"de_DE","og_type":"article","og_title":"Erasmus+-Partnerschaft mit dem Finnvedens Gymnasium\u00a0(Figy) in V\u00e4rnamo, Schweden - bbs|me","og_url":"https:\/\/www2.bbs-me.de\/index.php\/partnerschulen-2\/erasmus-partnerschaft-mit-dem-finnvedens-gymnasium-figy-in-vaernamo-schweden\/","og_site_name":"bbs|me","article_modified_time":"2022-08-29T19:44:48+00:00","twitter_card":"summary_large_image","twitter_misc":{"Gesch\u00e4tzte Lesezeit":"3\u00a0Minuten"},"schema":{"@context":"https:\/\/schema.org","@graph":[{"@type":"WebPage","@id":"https:\/\/www2.bbs-me.de\/index.php\/partnerschulen-2\/erasmus-partnerschaft-mit-dem-finnvedens-gymnasium-figy-in-vaernamo-schweden\/","url":"https:\/\/www2.bbs-me.de\/index.php\/partnerschulen-2\/erasmus-partnerschaft-mit-dem-finnvedens-gymnasium-figy-in-vaernamo-schweden\/","name":"Erasmus+-Partnerschaft mit dem Finnvedens Gymnasium\u00a0(Figy) in V\u00e4rnamo, Schweden - bbs|me","isPartOf":{"@id":"https:\/\/www2.bbs-me.de\/#website"},"datePublished":"2022-08-29T19:44:47+00:00","dateModified":"2022-08-29T19:44:48+00:00","breadcrumb":{"@id":"https:\/\/www2.bbs-me.de\/index.php\/partnerschulen-2\/erasmus-partnerschaft-mit-dem-finnvedens-gymnasium-figy-in-vaernamo-schweden\/#breadcrumb"},"inLanguage":"de","potentialAction":[{"@type":"ReadAction","target":["https:\/\/www2.bbs-me.de\/index.php\/partnerschulen-2\/erasmus-partnerschaft-mit-dem-finnvedens-gymnasium-figy-in-vaernamo-schweden\/"]}]},{"@type":"BreadcrumbList","@id":"https:\/\/www2.bbs-me.de\/index.php\/partnerschulen-2\/erasmus-partnerschaft-mit-dem-finnvedens-gymnasium-figy-in-vaernamo-schweden\/#breadcrumb","itemListElement":[{"@type":"ListItem","position":1,"name":"Startseite","item":"https:\/\/www2.bbs-me.de\/"},{"@type":"ListItem","position":2,"name":"Schulpartnerschaften","item":"https:\/\/www2.bbs-me.de\/index.php\/partnerschulen-2\/"},{"@type":"ListItem","position":3,"name":"Erasmus+-Partnerschaft mit dem Finnvedens Gymnasium\u00a0(Figy) in V\u00e4rnamo, Schweden"}]},{"@type":"WebSite","@id":"https:\/\/www2.bbs-me.de\/#website","url":"https:\/\/www2.bbs-me.de\/","name":"bbs|me","description":"Otto-Brenner-Schule - Berufsbildende Schule Metalltechnik \u2022 Elektrotechnik der Region Hannover","potentialAction":[{"@type":"SearchAction","target":{"@type":"EntryPoint","urlTemplate":"https:\/\/www2.bbs-me.de\/?s={search_term_string}"},"query-input":"required name=search_term_string"}],"inLanguage":"de"}]}},"publishpress_future_action":{"enabled":false,"date":"2026-04-12 22:38:13","action":"change-status","newStatus":"draft","terms":[],"taxonomy":"page_category"},"_links":{"self":[{"href":"https:\/\/www2.bbs-me.de\/index.php\/wp-json\/wp\/v2\/pages\/24662"}],"collection":[{"href":"https:\/\/www2.bbs-me.de\/index.php\/wp-json\/wp\/v2\/pages"}],"about":[{"href":"https:\/\/www2.bbs-me.de\/index.php\/wp-json\/wp\/v2\/types\/page"}],"author":[{"embeddable":true,"href":"https:\/\/www2.bbs-me.de\/index.php\/wp-json\/wp\/v2\/users\/8"}],"replies":[{"embeddable":true,"href":"https:\/\/www2.bbs-me.de\/index.php\/wp-json\/wp\/v2\/comments?post=24662"}],"version-history":[{"count":4,"href":"https:\/\/www2.bbs-me.de\/index.php\/wp-json\/wp\/v2\/pages\/24662\/revisions"}],"predecessor-version":[{"id":27985,"href":"https:\/\/www2.bbs-me.de\/index.php\/wp-json\/wp\/v2\/pages\/24662\/revisions\/27985"}],"up":[{"embeddable":true,"href":"https:\/\/www2.bbs-me.de\/index.php\/wp-json\/wp\/v2\/pages\/17344"}],"wp:attachment":[{"href":"https:\/\/www2.bbs-me.de\/index.php\/wp-json\/wp\/v2\/media?parent=24662"}],"wp:term":[{"taxonomy":"page_category","embeddable":true,"href":"https:\/\/www2.bbs-me.de\/index.php\/wp-json\/wp\/v2\/page_category?post=24662"}],"curies":[{"name":"wp","href":"https:\/\/api.w.org\/{rel}","templated":true}]}}