{"id":24688,"date":"2022-08-31T08:47:27","date_gmt":"2022-08-31T06:47:27","guid":{"rendered":"https:\/\/www2.bbs-me.de\/?page_id=24688"},"modified":"2022-08-31T08:58:14","modified_gmt":"2022-08-31T06:58:14","slug":"finnvedens-gymnasium-figy-in-varnamo-schweden-bericht-2022","status":"publish","type":"page","link":"https:\/\/www2.bbs-me.de\/index.php\/partnerschulen-2\/finnvedens-gymnasium-figy-in-varnamo-schweden-bericht-2022\/","title":{"rendered":"Finnvedens Gymnasium (Figy), Schweden &#8211; Bericht 2022"},"content":{"rendered":"<div class=\"flex_column av_two_third  flex_column_div av-zero-column-padding first  avia-builder-el-0  el_before_av_hr  avia-builder-el-first  \" style='border-radius:0px; '><p><div  style='padding-bottom:10px; ' class='av-special-heading av-special-heading-h1  blockquote modern-quote  avia-builder-el-1  el_before_av_heading  avia-builder-el-first  '><h1 class='av-special-heading-tag '  itemprop=\"headline\"  >5-t\u00e4giger Sch\u00fcleraustausch &#8211; neue Erfahrungen und eine ganz andere Kultur<\/h1><div class='special-heading-border'><div class='special-heading-inner-border' ><\/div><\/div><\/div><br \/>\n<div  style='padding-bottom:10px; ' class='av-special-heading av-special-heading-h2  blockquote modern-quote  avia-builder-el-2  el_after_av_heading  el_before_av_image  '><h2 class='av-special-heading-tag '  itemprop=\"headline\"  >Erlebnisbericht 2022<\/h2><div class='special-heading-border'><div class='special-heading-inner-border' ><\/div><\/div><\/div><br \/>\n<div  class='avia-image-container  av-styling-    avia-builder-el-3  el_after_av_heading  el_before_av_hr  avia-align-center '  itemprop=\"image\" itemscope=\"itemscope\" itemtype=\"https:\/\/schema.org\/ImageObject\"  ><div class='avia-image-container-inner'><div class='avia-image-overlay-wrap'><img class='avia_image' src='https:\/\/www2.bbs-me.de\/wp-content\/uploads\/2022\/08\/Schweden_01_01.jpg' alt='' title='Schweden_01_01' height=\"427\" width=\"640\"  itemprop=\"thumbnailUrl\"  \/><\/div><\/div><\/div><br \/>\n<div  style='height:20px' class='hr hr-invisible   avia-builder-el-4  el_after_av_image  el_before_av_textblock '><span class='hr-inner ' ><span class='hr-inner-style'><\/span><\/span><\/div><br \/>\n<section class=\"av_textblock_section \"  itemscope=\"itemscope\" itemtype=\"https:\/\/schema.org\/CreativeWork\" ><div class='avia_textblock  '  style='font-size:16px; '  itemprop=\"text\" ><h4><\/h4>\n<h4><strong>Vivian und Josefine, Sch\u00fcler*innen des 13. Jahrganges, schildern Ihre Eindr\u00fccke.<\/strong><\/h4>\n<\/div><\/section><br \/>\n<section class=\"av_textblock_section \"  itemscope=\"itemscope\" itemtype=\"https:\/\/schema.org\/CreativeWork\" ><div class='avia_textblock  '  style='font-size:16px; '  itemprop=\"text\" ><p>Als wir in Schweden einfuhren, merkten wir alle sehr schnell, dass die Menschen gerne Abstand m\u00f6gen. Nicht wegen Covid-19, sondern aus ihrem Stolz. Dies wurde uns auch sehr schnell von unseren Partnern in Schweden erz\u00e4hlt, die zu Anfang erstmal beobachtend geschaut haben, wie wir uns verhalten und wie unser Humor ist.<br \/>\nZun\u00e4chst war es eine gro\u00dfe Umstellung von Deutsch denken zu Englisch sprechen. Doch dies lie\u00df schon am 2. Tag nach. Wir alle haben uns gut eingefunden, denn die Schweden haben einen sehr \u00e4hnlichen Humor wie wir.<\/p>\n<p>Nat\u00fcrlich haben sie sich viele sch\u00f6ne Aktivit\u00e4ten f\u00fcr uns ausgedacht. Aufgrund der gro\u00dfen Fl\u00e4chen in Schweden war es uns m\u00f6glich, auf den dort gr\u00f6\u00dften Disc-Platz zu gehen. Wir wurden nun in Zweiergruppen mit den Schweden gemischt und hatten viel Spa\u00df. Ein paar von uns haben sich in den B\u00fcschen wiedergefunden, als die Disc Scheiben ihren eigenen Weg entdeckt haben.<\/p>\n<p>An einem der Tage besuchten wir eine alte Industriefabrik mit Drehb\u00e4nken. Sie steht schon seit \u00fcber 50 Jahren still und sah auch dementsprechend aus. Wir fanden eine Medaille mit einem Elch darauf, was wir als typisch f\u00fcr Schweden ansehen. Da wir sie so sch\u00f6n fanden, haben wir sie als eine Erinnerung geschenkt bekommen.<br \/>\nJeden Abend haben wir Sch\u00fcler uns mit unseren Partnern am See neben unseren H\u00fctten getroffen und ein Lagerfeuer gemacht. Wir haben typische Hotdogs \u00fcber dem Feuer gegrillt und sind in den kalten See gesprungen. Auch sportliche\u00a0 Aktivit\u00e4ten wie Volleyball waren vertreten.<\/p>\n<p>Die Schule ist dort vom System her nicht wie bei uns. Die Grundschule geht bis zur 9. Klasse, danach wird dann wie bei uns nach der 4. Klasse aufgeteilt. Unsere Austauschschule ist das FiGy Gymnasium in V\u00e4rnamo, einer sehr l\u00e4ndlichen Region. Es hat neben einem Schwerpunkt Technik auch einen Bereich Sozialp\u00e4dagogik.<br \/>\nDas Schulgel\u00e4nde ist riesig, denn es gibt viele Nebengeb\u00e4ude f\u00fcr bestimmte Bereiche.<\/p>\n<p>Dort hatten wir jeden Morgen die M\u00f6glichkeit, uns Fr\u00fchst\u00fcck in der Mensa zu kaufen. Wir merkten schnell, dass dort gerne K\u00e4se gegessen wird. F\u00fcr uns war es neu, dass das Mittagessen in der Mensa f\u00fcr die Sch\u00fcler kein Geld kostete. Uns wurde erkl\u00e4rt, dass dies durch die hohen Steuern finanziert wird.<br \/>\nAlles in allem war der Austausch f\u00fcr uns eine sehr sch\u00f6ne, interessante neue Erfahrung. Die schwedischen Sch\u00fclerinnen und Sch\u00fcler waren sehr an unserer Kultur interessiert, wobei nat\u00fcrlich nicht die guten deutschen Weisheiten fehlen durften.<\/p>\n<p>Ende August freuen wir uns auf den Gegenbesuch unserer schwedischen Freunde bei uns in Hannover.<\/p>\n<\/div><\/section><br \/>\n<div  style='height:20px' class='hr hr-invisible   avia-builder-el-7  el_after_av_textblock  el_before_av_masonry_gallery  avia-builder-el-last '><span class='hr-inner ' ><span class='hr-inner-style'><\/span><\/span><\/div><br \/>\n<div id='av-masonry-1' class='av-masonry  noHover av-fixed-size av-large-gap av-hover-overlay-active av-masonry-animation-active av-masonry-col-flexible av-caption-always av-caption-style- av-masonry-gallery     '  ><div class='av-masonry-container isotope av-js-disabled ' ><div class='av-masonry-entry isotope-item av-masonry-item-no-image '><\/div><a href=\"https:\/\/www2.bbs-me.de\/wp-content\/uploads\/2022\/08\/Schweden_01_01.jpg\" id='av-masonry-1-item-24671' data-av-masonry-item='24671' class='av-masonry-entry isotope-item post-24671 attachment type-attachment status-inherit hentry category-allgemein  av-masonry-item-with-image av-grid-img' title=\"Schweden_01_01\"  itemprop=\"thumbnailUrl\" ><div class='av-inner-masonry-sizer'><\/div><figure class='av-inner-masonry main_color'><div class=\"av-masonry-outerimage-container\"><div class=\"av-masonry-image-container\" style=\"background-image: url(https:\/\/www2.bbs-me.de\/wp-content\/uploads\/2022\/08\/Schweden_01_01.jpg);\" title=\"Schweden_01_01\" ><\/div><\/div><\/figure><\/a><!--end av-masonry entry--><a href=\"https:\/\/www2.bbs-me.de\/wp-content\/uploads\/2022\/08\/Schweden_07-1030x487.jpeg\" id='av-masonry-1-item-24669' data-av-masonry-item='24669' class='av-masonry-entry isotope-item post-24669 attachment type-attachment status-inherit hentry category-allgemein  av-masonry-item-with-image av-landscape-img' title=\"Schweden_07\"  itemprop=\"thumbnailUrl\" ><div class='av-inner-masonry-sizer'><\/div><figure class='av-inner-masonry main_color'><div class=\"av-masonry-outerimage-container\"><div class=\"av-masonry-image-container\" style=\"background-image: url(https:\/\/www2.bbs-me.de\/wp-content\/uploads\/2022\/08\/Schweden_07-705x333.jpeg);\" title=\"Schweden_07\" ><\/div><\/div><\/figure><\/a><!--end av-masonry entry--><a href=\"https:\/\/www2.bbs-me.de\/wp-content\/uploads\/2022\/08\/Schweden_12-1030x1030.jpeg\" id='av-masonry-1-item-24693' data-av-masonry-item='24693' class='av-masonry-entry isotope-item post-24693 attachment type-attachment status-inherit hentry category-allgemein  av-masonry-item-with-image av-grid-img' title=\"Schweden_12\"  itemprop=\"thumbnailUrl\" ><div class='av-inner-masonry-sizer'><\/div><figure class='av-inner-masonry main_color'><div class=\"av-masonry-outerimage-container\"><div class=\"av-masonry-image-container\" style=\"background-image: url(https:\/\/www2.bbs-me.de\/wp-content\/uploads\/2022\/08\/Schweden_12-705x705.jpeg);\" title=\"Schweden_12\" ><\/div><\/div><\/figure><\/a><!--end av-masonry entry--><a href=\"https:\/\/www2.bbs-me.de\/wp-content\/uploads\/2022\/08\/Schweden_06-1030x686.jpg\" id='av-masonry-1-item-24668' data-av-masonry-item='24668' class='av-masonry-entry isotope-item post-24668 attachment type-attachment status-inherit hentry category-allgemein  av-masonry-item-with-image av-grid-img' title=\"Schweden_06\"  itemprop=\"thumbnailUrl\" ><div class='av-inner-masonry-sizer'><\/div><figure class='av-inner-masonry main_color'><div class=\"av-masonry-outerimage-container\"><div class=\"av-masonry-image-container\" style=\"background-image: url(https:\/\/www2.bbs-me.de\/wp-content\/uploads\/2022\/08\/Schweden_06-705x470.jpg);\" title=\"Schweden_06\" ><\/div><\/div><\/figure><\/a><!--end av-masonry entry--><a href=\"https:\/\/www2.bbs-me.de\/wp-content\/uploads\/2022\/08\/Schweden_05-1030x487.jpeg\" id='av-masonry-1-item-24667' data-av-masonry-item='24667' class='av-masonry-entry isotope-item post-24667 attachment type-attachment status-inherit hentry category-allgemein  av-masonry-item-with-image av-landscape-img' title=\"Schweden_05\"  itemprop=\"thumbnailUrl\" ><div class='av-inner-masonry-sizer'><\/div><figure class='av-inner-masonry main_color'><div class=\"av-masonry-outerimage-container\"><div class=\"av-masonry-image-container\" style=\"background-image: url(https:\/\/www2.bbs-me.de\/wp-content\/uploads\/2022\/08\/Schweden_05-705x333.jpeg);\" title=\"Schweden_05\" ><\/div><\/div><\/figure><\/a><!--end av-masonry entry--><a href=\"https:\/\/www2.bbs-me.de\/wp-content\/uploads\/2022\/08\/Schweden_04-1030x487.jpg\" id='av-masonry-1-item-24666' data-av-masonry-item='24666' class='av-masonry-entry isotope-item post-24666 attachment type-attachment status-inherit hentry category-allgemein  av-masonry-item-with-image av-landscape-img' title=\"Schweden_04\"  itemprop=\"thumbnailUrl\" ><div class='av-inner-masonry-sizer'><\/div><figure class='av-inner-masonry main_color'><div class=\"av-masonry-outerimage-container\"><div class=\"av-masonry-image-container\" style=\"background-image: url(https:\/\/www2.bbs-me.de\/wp-content\/uploads\/2022\/08\/Schweden_04-705x333.jpg);\" title=\"Schweden_04\" ><\/div><\/div><\/figure><\/a><!--end av-masonry entry--><\/div><a class='av-masonry-pagination av-masonry-load-more' href='#load-more'  data-ids='24671,24669,24693,24668,24667,24666,24664,24690,24691,24692,24694,24672'  data-action=''  data-link='category'  data-post_type='post, page, attachment, revision, nav_menu_item, custom_css, customize_changeset, oembed_cache, user_request, wp_block, wp_template, wp_template_part, wp_global_styles, wp_navigation, wp_font_family, wp_font_face, accordions, aam_policy, dlm_download, dlm_download_version, portfolio, avia_framework_post'  data-items='6'  data-size='fixed masonry'  data-gap='large'  data-overlay_fx='active'  data-animation='active'  data-offset='0'  data-container_links='active'  data-container_class='av-masonry-gallery  '  data-paginate='load_more'  data-caption_elements='none'  data-caption_display='always'  data-caption_styling=''  data-wc_prod_visible=''  data-prod_order_by=''  data-prod_order=''  data-sort='no'  data-columns='flexible'  data-auto_ratio='1.7'  data-set_breadcrumb='1'  data-custom_markup=''  data-query_orderby='date'  data-query_order='DESC'  data-color=''  data-custom_bg=''  data-custom_class=''  data-orientation=''  data-date_filter=''  data-date_filter_start=''  data-date_filter_end=''  data-date_filter_format='yy\/mm\/dd'  data-id=''  data-avno='fab5af231c'>Mehr laden<\/a><\/div><\/p><\/div><div  style='height:20px' class='hr hr-invisible   avia-builder-el-9  el_after_av_two_third  avia-builder-el-last '><span class='hr-inner ' ><span class='hr-inner-style'><\/span><\/span><\/div><\/p>\n","protected":false},"excerpt":{"rendered":"","protected":false},"author":8,"featured_media":0,"parent":17344,"menu_order":0,"comment_status":"closed","ping_status":"closed","template":"","meta":{"footnotes":""},"page_category":[57],"yoast_head":"<!-- This site is optimized with the Yoast SEO plugin v22.8 - https:\/\/yoast.com\/wordpress\/plugins\/seo\/ -->\n<title>Finnvedens Gymnasium (Figy), Schweden - Bericht 2022 - bbs|me<\/title>\n<meta name=\"robots\" content=\"index, follow, max-snippet:-1, max-image-preview:large, max-video-preview:-1\" \/>\n<link rel=\"canonical\" href=\"https:\/\/www2.bbs-me.de\/index.php\/partnerschulen-2\/finnvedens-gymnasium-figy-in-varnamo-schweden-bericht-2022\/\" \/>\n<meta property=\"og:locale\" content=\"de_DE\" \/>\n<meta property=\"og:type\" content=\"article\" \/>\n<meta property=\"og:title\" content=\"Finnvedens Gymnasium (Figy), Schweden - Bericht 2022 - bbs|me\" \/>\n<meta property=\"og:url\" content=\"https:\/\/www2.bbs-me.de\/index.php\/partnerschulen-2\/finnvedens-gymnasium-figy-in-varnamo-schweden-bericht-2022\/\" \/>\n<meta property=\"og:site_name\" content=\"bbs|me\" \/>\n<meta property=\"article:modified_time\" content=\"2022-08-31T06:58:14+00:00\" \/>\n<meta name=\"twitter:card\" content=\"summary_large_image\" \/>\n<meta name=\"twitter:label1\" content=\"Gesch\u00e4tzte Lesezeit\" \/>\n\t<meta name=\"twitter:data1\" content=\"4\u00a0Minuten\" \/>\n<script type=\"application\/ld+json\" class=\"yoast-schema-graph\">{\"@context\":\"https:\/\/schema.org\",\"@graph\":[{\"@type\":\"WebPage\",\"@id\":\"https:\/\/www2.bbs-me.de\/index.php\/partnerschulen-2\/finnvedens-gymnasium-figy-in-varnamo-schweden-bericht-2022\/\",\"url\":\"https:\/\/www2.bbs-me.de\/index.php\/partnerschulen-2\/finnvedens-gymnasium-figy-in-varnamo-schweden-bericht-2022\/\",\"name\":\"Finnvedens Gymnasium (Figy), Schweden - Bericht 2022 - bbs|me\",\"isPartOf\":{\"@id\":\"https:\/\/www2.bbs-me.de\/#website\"},\"datePublished\":\"2022-08-31T06:47:27+00:00\",\"dateModified\":\"2022-08-31T06:58:14+00:00\",\"breadcrumb\":{\"@id\":\"https:\/\/www2.bbs-me.de\/index.php\/partnerschulen-2\/finnvedens-gymnasium-figy-in-varnamo-schweden-bericht-2022\/#breadcrumb\"},\"inLanguage\":\"de\",\"potentialAction\":[{\"@type\":\"ReadAction\",\"target\":[\"https:\/\/www2.bbs-me.de\/index.php\/partnerschulen-2\/finnvedens-gymnasium-figy-in-varnamo-schweden-bericht-2022\/\"]}]},{\"@type\":\"BreadcrumbList\",\"@id\":\"https:\/\/www2.bbs-me.de\/index.php\/partnerschulen-2\/finnvedens-gymnasium-figy-in-varnamo-schweden-bericht-2022\/#breadcrumb\",\"itemListElement\":[{\"@type\":\"ListItem\",\"position\":1,\"name\":\"Startseite\",\"item\":\"https:\/\/www2.bbs-me.de\/\"},{\"@type\":\"ListItem\",\"position\":2,\"name\":\"Schulpartnerschaften\",\"item\":\"https:\/\/www2.bbs-me.de\/index.php\/partnerschulen-2\/\"},{\"@type\":\"ListItem\",\"position\":3,\"name\":\"Finnvedens Gymnasium (Figy), Schweden &#8211; Bericht 2022\"}]},{\"@type\":\"WebSite\",\"@id\":\"https:\/\/www2.bbs-me.de\/#website\",\"url\":\"https:\/\/www2.bbs-me.de\/\",\"name\":\"bbs|me\",\"description\":\"Otto-Brenner-Schule - Berufsbildende Schule Metalltechnik \u2022 Elektrotechnik der Region Hannover\",\"potentialAction\":[{\"@type\":\"SearchAction\",\"target\":{\"@type\":\"EntryPoint\",\"urlTemplate\":\"https:\/\/www2.bbs-me.de\/?s={search_term_string}\"},\"query-input\":\"required name=search_term_string\"}],\"inLanguage\":\"de\"}]}<\/script>\n<!-- \/ Yoast SEO plugin. -->","yoast_head_json":{"title":"Finnvedens Gymnasium (Figy), Schweden - Bericht 2022 - bbs|me","robots":{"index":"index","follow":"follow","max-snippet":"max-snippet:-1","max-image-preview":"max-image-preview:large","max-video-preview":"max-video-preview:-1"},"canonical":"https:\/\/www2.bbs-me.de\/index.php\/partnerschulen-2\/finnvedens-gymnasium-figy-in-varnamo-schweden-bericht-2022\/","og_locale":"de_DE","og_type":"article","og_title":"Finnvedens Gymnasium (Figy), Schweden - Bericht 2022 - bbs|me","og_url":"https:\/\/www2.bbs-me.de\/index.php\/partnerschulen-2\/finnvedens-gymnasium-figy-in-varnamo-schweden-bericht-2022\/","og_site_name":"bbs|me","article_modified_time":"2022-08-31T06:58:14+00:00","twitter_card":"summary_large_image","twitter_misc":{"Gesch\u00e4tzte Lesezeit":"4\u00a0Minuten"},"schema":{"@context":"https:\/\/schema.org","@graph":[{"@type":"WebPage","@id":"https:\/\/www2.bbs-me.de\/index.php\/partnerschulen-2\/finnvedens-gymnasium-figy-in-varnamo-schweden-bericht-2022\/","url":"https:\/\/www2.bbs-me.de\/index.php\/partnerschulen-2\/finnvedens-gymnasium-figy-in-varnamo-schweden-bericht-2022\/","name":"Finnvedens Gymnasium (Figy), Schweden - Bericht 2022 - bbs|me","isPartOf":{"@id":"https:\/\/www2.bbs-me.de\/#website"},"datePublished":"2022-08-31T06:47:27+00:00","dateModified":"2022-08-31T06:58:14+00:00","breadcrumb":{"@id":"https:\/\/www2.bbs-me.de\/index.php\/partnerschulen-2\/finnvedens-gymnasium-figy-in-varnamo-schweden-bericht-2022\/#breadcrumb"},"inLanguage":"de","potentialAction":[{"@type":"ReadAction","target":["https:\/\/www2.bbs-me.de\/index.php\/partnerschulen-2\/finnvedens-gymnasium-figy-in-varnamo-schweden-bericht-2022\/"]}]},{"@type":"BreadcrumbList","@id":"https:\/\/www2.bbs-me.de\/index.php\/partnerschulen-2\/finnvedens-gymnasium-figy-in-varnamo-schweden-bericht-2022\/#breadcrumb","itemListElement":[{"@type":"ListItem","position":1,"name":"Startseite","item":"https:\/\/www2.bbs-me.de\/"},{"@type":"ListItem","position":2,"name":"Schulpartnerschaften","item":"https:\/\/www2.bbs-me.de\/index.php\/partnerschulen-2\/"},{"@type":"ListItem","position":3,"name":"Finnvedens Gymnasium (Figy), Schweden &#8211; Bericht 2022"}]},{"@type":"WebSite","@id":"https:\/\/www2.bbs-me.de\/#website","url":"https:\/\/www2.bbs-me.de\/","name":"bbs|me","description":"Otto-Brenner-Schule - Berufsbildende Schule Metalltechnik \u2022 Elektrotechnik der Region Hannover","potentialAction":[{"@type":"SearchAction","target":{"@type":"EntryPoint","urlTemplate":"https:\/\/www2.bbs-me.de\/?s={search_term_string}"},"query-input":"required name=search_term_string"}],"inLanguage":"de"}]}},"publishpress_future_action":{"enabled":false,"date":"2026-04-12 20:37:39","action":"change-status","newStatus":"draft","terms":[],"taxonomy":"page_category"},"_links":{"self":[{"href":"https:\/\/www2.bbs-me.de\/index.php\/wp-json\/wp\/v2\/pages\/24688"}],"collection":[{"href":"https:\/\/www2.bbs-me.de\/index.php\/wp-json\/wp\/v2\/pages"}],"about":[{"href":"https:\/\/www2.bbs-me.de\/index.php\/wp-json\/wp\/v2\/types\/page"}],"author":[{"embeddable":true,"href":"https:\/\/www2.bbs-me.de\/index.php\/wp-json\/wp\/v2\/users\/8"}],"replies":[{"embeddable":true,"href":"https:\/\/www2.bbs-me.de\/index.php\/wp-json\/wp\/v2\/comments?post=24688"}],"version-history":[{"count":5,"href":"https:\/\/www2.bbs-me.de\/index.php\/wp-json\/wp\/v2\/pages\/24688\/revisions"}],"predecessor-version":[{"id":24701,"href":"https:\/\/www2.bbs-me.de\/index.php\/wp-json\/wp\/v2\/pages\/24688\/revisions\/24701"}],"up":[{"embeddable":true,"href":"https:\/\/www2.bbs-me.de\/index.php\/wp-json\/wp\/v2\/pages\/17344"}],"wp:attachment":[{"href":"https:\/\/www2.bbs-me.de\/index.php\/wp-json\/wp\/v2\/media?parent=24688"}],"wp:term":[{"taxonomy":"page_category","embeddable":true,"href":"https:\/\/www2.bbs-me.de\/index.php\/wp-json\/wp\/v2\/page_category?post=24688"}],"curies":[{"name":"wp","href":"https:\/\/api.w.org\/{rel}","templated":true}]}}