{"id":25389,"date":"2023-01-16T09:14:14","date_gmt":"2023-01-16T08:14:14","guid":{"rendered":"https:\/\/www2.bbs-me.de\/?page_id=25389"},"modified":"2023-01-16T17:18:06","modified_gmt":"2023-01-16T16:18:06","slug":"werkzeugmechaniker","status":"publish","type":"page","link":"https:\/\/www2.bbs-me.de\/index.php\/berufsschule-metalltechnik\/werkzeugmechaniker\/","title":{"rendered":"Werkzeugmechaniker"},"content":{"rendered":"<p><div id='teacher'  class='avia-section alternate_color avia-section-default avia-no-border-styling  avia-bg-style-scroll  avia-builder-el-0  avia-builder-el-no-sibling   container_wrap sidebar_right' style=' '  ><div class='container' ><main  role=\"main\" itemprop=\"mainContentOfPage\"  class='template-page content  av-content-small alpha units'><div class='post-entry post-entry-type-page post-entry-25389'><div class='entry-content-wrapper clearfix'>\n<div  style='height:50px' class='hr hr-invisible   avia-builder-el-1  el_before_av_one_fourth  avia-builder-el-first '><span class='hr-inner ' ><span class='hr-inner-style'><\/span><\/span><\/div>\n<div class=\"flex_column av_one_fifth  flex_column_div first  \" ><p><div  class='avia-image-container  av-styling-    avia-align-center '  itemprop=\"image\" itemscope=\"itemscope\" itemtype=\"https:\/\/schema.org\/ImageObject\"  ><div class='avia-image-container-inner'><div class='avia-image-overlay-wrap'><img class='avia_image' src='https:\/\/www2.bbs-me.de\/wp-content\/uploads\/2016\/03\/10_04_lOGO_bgg-80x80.png' alt='LogoWZ' title='10_03_lOGO_bgg' height=\"80\" width=\"80\"  itemprop=\"thumbnailUrl\"  \/><\/div><\/div><\/div><br \/>\n<div  style='height:50px' class='hr hr-invisible  '><span class='hr-inner ' ><span class='hr-inner-style'><\/span><\/span><\/div><br \/>\n<div  class='avia-button-wrap avia-button-center ' ><a href='https:\/\/www2.bbs-me.de\/wp-content\/uploads\/2016\/04\/Werkzeugmechaniker_Ausbildungsrahmenplan.pdf'  class='avia-button   avia-icon_select-yes-left-icon avia-color-custom avia-size-small avia-position-center '  style='background-color:#68a0cc; border-color:#68a0cc; color:#ffffff; ' ><span class='avia_button_icon avia_button_icon_left ' aria-hidden='true' data-av_icon='\ue849' data-av_iconfont='entypo-fontello'><\/span><span class='avia_iconbox_title' >Ausbildungsrahmen <\/span><\/a><\/div><br \/>\n<div   class='hr hr-default  '><span class='hr-inner ' ><span class='hr-inner-style'><\/span><\/span><\/div><br \/>\n<div  style='padding-bottom:10px; ' class='av-special-heading av-special-heading-h6  blockquote classic-quote  '><h6 class='av-special-heading-tag '  itemprop=\"headline\"  >Kontaktdaten:<\/h6><div class='special-heading-border'><div class='special-heading-inner-border' ><\/div><\/div><\/div><br \/>\n<section class=\"av_textblock_section \"  itemscope=\"itemscope\" itemtype=\"https:\/\/schema.org\/CreativeWork\" ><div class='avia_textblock  '   itemprop=\"text\" ><p><strong>P. Schnabel<\/strong><br \/>\nSchnabel@bbs-me.de<\/p>\n<\/div><\/section><br \/>\n<section class=\"av_textblock_section \"  itemscope=\"itemscope\" itemtype=\"https:\/\/schema.org\/CreativeWork\" ><div class='avia_textblock  '   itemprop=\"text\" ><p><strong>H.Scheffer<\/strong><br \/>\nh.scheffer@bbs-me.de<\/p>\n<\/div><\/section><br \/>\n<div   class='hr hr-default  '><span class='hr-inner ' ><span class='hr-inner-style'><\/span><\/span><\/div><\/p><\/div><div class=\"flex_column av_two_third  flex_column_div av-zero-column-padding   \" style='border-radius:0px; '><p><div  style='padding-bottom:17px; font-size:34px;' class='av-special-heading av-special-heading-h1  blockquote modern-quote  av-inherit-size '><h1 class='av-special-heading-tag '  itemprop=\"headline\"  >Werkzeugmechaniker<\/h1><div class ='av-subheading av-subheading_below  ' style='font-size:12px;'><p>Bildungsganggruppe<\/p>\n<\/div><div class='special-heading-border'><div class='special-heading-inner-border' ><\/div><\/div><\/div><br \/>\n<div   class='hr hr-default  '><span class='hr-inner ' ><span class='hr-inner-style'><\/span><\/span><\/div><br \/>\n<section class=\"av_textblock_section \"  itemscope=\"itemscope\" itemtype=\"https:\/\/schema.org\/CreativeWork\" ><div class='avia_textblock  '   itemprop=\"text\" ><h4>R\u00fcckblick:<\/h4>\n<p>Das Jahr 2020 ist an uns allen nicht spurlos vor\u00fcber gegangen, trotzdem gibt es auch positive Aspekte und Erfolge:<\/p>\n<ul>\n<li style=\"list-style-type: none\">\n<ul>\n<li>Unsere Abschlussklasse hat die Ausbildung zum Werkzeugmechaniker*innen erfolgreich abgeschlossen. Trotz Corona und dank des pers\u00f6nlichen Einsatzes vieler beteiligter Lehrer.<\/li>\n<li>Das kooperative Sch\u00fclerprojekt &#8220;Additiv &#8211; Zukunftstechnologie selbst gemacht&#8221; hat insgesamt vier 3D-Drucker der Marke Eigenbau hervorgebracht. <a href=\"https:\/\/www2.bbs-me.de\/wp-content\/uploads\/2021\/01\/IMG_20191120_190052_3316-scaled.jpg\"><img loading=\"lazy\" decoding=\"async\" class=\"wp-image-20829 alignright\" src=\"https:\/\/www2.bbs-me.de\/wp-content\/uploads\/2021\/01\/IMG_20191120_190052_3316-300x225.jpg\" alt=\"\" width=\"177\" height=\"133\" srcset=\"https:\/\/www2.bbs-me.de\/wp-content\/uploads\/2021\/01\/IMG_20191120_190052_3316-300x225.jpg 300w, https:\/\/www2.bbs-me.de\/wp-content\/uploads\/2021\/01\/IMG_20191120_190052_3316-1030x773.jpg 1030w, https:\/\/www2.bbs-me.de\/wp-content\/uploads\/2021\/01\/IMG_20191120_190052_3316-768x576.jpg 768w, https:\/\/www2.bbs-me.de\/wp-content\/uploads\/2021\/01\/IMG_20191120_190052_3316-1536x1152.jpg 1536w, https:\/\/www2.bbs-me.de\/wp-content\/uploads\/2021\/01\/IMG_20191120_190052_3316-2048x1536.jpg 2048w, https:\/\/www2.bbs-me.de\/wp-content\/uploads\/2021\/01\/IMG_20191120_190052_3316-1500x1125.jpg 1500w, https:\/\/www2.bbs-me.de\/wp-content\/uploads\/2021\/01\/IMG_20191120_190052_3316-705x529.jpg 705w\" sizes=\"(max-width: 177px) 100vw, 177px\" \/><\/a>In dem berufs\u00fcbergreifenden Projekt haben Auszubildende der Zerspanungsmechanik und der Werkzeugmechanik Hand in Hand gearbeitet und wichtige Erfahrungen im Aufbau und Umgang mit der &#8220;Zukunftstechnologie&#8221; gemeinsam erarbeitet. Gleichwohl wurden durch den Lockdown erste Industrie 4.0 &#8211; Schritte unternommen und die abschie\u00dfende Grundkalibrierung und weitere Optimierungsma\u00dfnahmen \u00fcber verschiedene Onlineplattformen gestaltet bzw. abgewickelt. Zwei der vier Drucker k\u00f6nnen nun von den Auszubildenden direkt \u00fcber das Internet gesteuert und \u00fcberwacht werden. &#8211; soweit der Zwischenstand, hier zeigt sich einmal mehr, der Weg ist das Ziel und weitere Ideen der Teilnehmer sind bereits in der Umsetzung.<\/li>\n<li>Nach vielen Jahren hervorragender Arbeit ist Herr H.-D. in den wohlverdienten Ruhestand gewechselt. Wir w\u00fcnschen Ihm alles Gute und hoffen, dass sich die Pensionspl\u00e4ne nach Corona wieder umsetzten lassen.<\/li>\n<li>Als neues (altbekanntes) Gesicht ist Herr Schnabel zu den Werkzeugmechnikern zur\u00fcck gekommen und unterst\u00fctzt nun die Arbeit im Team.<\/li>\n<\/ul>\n<\/li>\n<\/ul>\n<h4>Aktuelles:<\/h4>\n<p>Corona bleibt auch in der ersten Jahresh\u00e4lfte 2021 das Thema. Die aktuellen Lock-Down-Regelungen treffen alle Auszubildende des 2. und 3. Ausbildungsjahres. Hier werden wir weiter versuchen praktisch gangbare L\u00f6sungen f\u00fcr die Auszubildenden anzubieten.<br \/>\nUnsere IT unterst\u00fctzt uns dabei mit:<\/p>\n<ul>\n<li><a href=\"http:\/\/seafile.bbs-me.org\">Seafile<\/a> als Cloudspeicher zum Austausch gro\u00dfer Datenmengen<\/li>\n<li>Bereitstellung der Sch\u00fcleremailadressen<\/li>\n<li><a href=\"http:\/\/moodle.bbs-me.de\">Moodle<\/a> als Lernplattform zum Gestalten des Distanzlernen<\/li>\n<li>BigBlueButton als plattformunabh\u00e4ngiges Videokonferenzsystem<\/li>\n<\/ul>\n<p>Die Sch\u00fcler haben in der ersten Schuljahresh\u00e4lfte die digitalen Systeme kennen und im Unterricht nutzen gelernt, sodass ein nahtloser \u00dcbergang in den neuen Lockdown m\u00f6glich ist.<\/p>\n<\/div><\/section><br \/>\n<section class=\"av_textblock_section \"  itemscope=\"itemscope\" itemtype=\"https:\/\/schema.org\/CreativeWork\" ><div class='avia_textblock  '   itemprop=\"text\" ><p>Leider wird es einen Bruch mit der Tradition aus aktuellem Anlass in diesem Schuljahr geben:<br \/>\nDer Ausbildersprechtag, traditionell Ende November, findet in diesem Jahr nicht in gewohntem Rahmen statt. Alle Betriebe werden gebeten, sich \u00fcber die Klassenlehrer zum Leistungsstand der Auszubildenden zu informieren.<br \/>\nFehlzeiten k\u00f6nnen komfortabel direkt \u00fcber das &#8220;Virtuelle Klassenbuch&#8221; tagesaktuell eingesehen werden. Einen Betriebszugang kann im Gesch\u00e4ftszimmer bei Frau Isik beantragt werden, hier k\u00f6nnen auch Fragen zur Einrichtung und Nutzung des virtuellen Klassenbuches gestellt werden.<\/p>\n<\/div><\/section><br \/>\n<div  class='avia-image-container  av-styling-  noHover  av-overlay-hover-deactivate   avia-align-center '  itemprop=\"image\" itemscope=\"itemscope\" itemtype=\"https:\/\/schema.org\/ImageObject\"  ><div class='avia-image-container-inner'><div class='avia-image-overlay-wrap'><div class='av-image-caption-overlay'><div class='av-caption-image-overlay-bg' style='opacity:0.4; background-color:#000000; '><\/div><div class='av-image-caption-overlay-position'><div class='av-image-caption-overlay-center' style='color:#ffffff; '><p>Ausbildersprechtag im Dezember 2017<\/p>\n<\/div><\/div><\/div><img class='avia_image' src='https:\/\/www2.bbs-me.de\/wp-content\/uploads\/2017\/12\/Ausbildersprechtag-2017-12-11-1030x773.jpg' alt='' title=''   itemprop=\"thumbnailUrl\"  \/><\/div><\/div><\/div><\/p><\/div><div class=\"flex_column av_one_full  flex_column_div first  \" ><p><div   class='hr hr-full hr-no-shadow  '><span class='hr-inner ' ><span class='hr-inner-style'><\/span><\/span><\/div><br \/>\n<section class=\"av_textblock_section \"  itemscope=\"itemscope\" itemtype=\"https:\/\/schema.org\/CreativeWork\" ><div class='avia_textblock  '  style='font-size:18px; '  itemprop=\"text\" ><p><strong>Neues f\u00fcr Werkzeugmechanikerinnen und Werkzeugmechaniker<\/strong><\/p>\n<\/div><\/section><br \/>\n<\/p><\/div><div  style='height:10px' class='hr hr-invisible  '><span class='hr-inner ' ><span class='hr-inner-style'><\/span><\/span><\/div>\n<\/div><\/div><\/main><!-- close content main element --><\/div><\/div><div id='after_section_1'  class='main_color av_default_container_wrap container_wrap sidebar_right' style=' '  ><div class='container' ><div class='template-page content  av-content-small alpha units'><div class='post-entry post-entry-type-page post-entry-25389'><div class='entry-content-wrapper clearfix'><section class=\"av_textblock_section \"  itemscope=\"itemscope\" itemtype=\"https:\/\/schema.org\/CreativeWork\" ><div class='avia_textblock  '   itemprop=\"text\" ><\/p>\n<\/div><\/section><br \/>\n<section class=\"av_textblock_section \"  itemscope=\"itemscope\" itemtype=\"https:\/\/schema.org\/CreativeWork\" ><div class='avia_textblock  '   itemprop=\"text\" ><p><strong>H.-D. Sprung<\/strong><br \/>\n0511-839507<br \/>\nsprung@bbs-me.de<\/p>\n<\/div><\/section><br \/>\n<div   class='hr hr-default  '><span class='hr-inner ' ><span class='hr-inner-style'><\/span><\/span><\/div><br \/>\n<section class=\"av_textblock_section \"  itemscope=\"itemscope\" itemtype=\"https:\/\/schema.org\/CreativeWork\" ><div class='avia_textblock  '   itemprop=\"text\" ><p>[\/av_one_fifth]<\/p>\n<\/div><\/section><br \/>\n<div class=\"flex_column av_two_third  flex_column_div av-zero-column-padding first  \" style='border-radius:0px; '><p><div  style='padding-bottom:17px; font-size:34px;' class='av-special-heading av-special-heading-h1  blockquote modern-quote  av-inherit-size '><h1 class='av-special-heading-tag '  itemprop=\"headline\"  >Werkzeugmechaniker<\/h1><div class ='av-subheading av-subheading_below  ' style='font-size:12px;'><p>Bildungsganggruppe<\/p>\n<\/div><div class='special-heading-border'><div class='special-heading-inner-border' ><\/div><\/div><\/div><br \/>\n<div   class='hr hr-default  '><span class='hr-inner ' ><span class='hr-inner-style'><\/span><\/span><\/div><br \/>\n<div  class='avia-image-container  av-styling-    avia-align-center '  itemprop=\"image\" itemscope=\"itemscope\" itemtype=\"https:\/\/schema.org\/ImageObject\"  ><div class='avia-image-container-inner'><div class='avia-image-overlay-wrap'><img class='avia_image' src='https:\/\/www2.bbs-me.de\/wp-content\/uploads\/2016\/03\/b2364d702f.jpg' alt='Lehrerkernteam Werkzeugmachaniker' title='10_03_Teambild' height=\"425\" width=\"600\"  itemprop=\"thumbnailUrl\"  \/><\/div><\/div><\/div><br \/>\n<section class=\"av_textblock_section \"  itemscope=\"itemscope\" itemtype=\"https:\/\/schema.org\/CreativeWork\" ><div class='avia_textblock  '   itemprop=\"text\" ><p style=\"text-align: center\">Wir unterrichten die Werkzeugmechaniker.<\/p>\n<\/div><\/section><br \/>\n<div  class='avia-image-container  av-styling-    avia-align-center '  itemprop=\"image\" itemscope=\"itemscope\" itemtype=\"https:\/\/schema.org\/ImageObject\"  ><div class='avia-image-container-inner'><div class='avia-image-overlay-wrap'><img class='avia_image' src='https:\/\/www2.bbs-me.de\/wp-content\/uploads\/2016\/03\/Ausbildersprechtag-2017-12-11-e1513519542853.jpg' alt='' title='Ausbildersprechtag 2017-12-11' height=\"450\" width=\"600\"  itemprop=\"thumbnailUrl\"  \/><\/div><\/div><\/div><br \/>\n<section class=\"av_textblock_section \"  itemscope=\"itemscope\" itemtype=\"https:\/\/schema.org\/CreativeWork\" ><div class='avia_textblock  '   itemprop=\"text\" ><p style=\"text-align: center\">Ausbildersprechtag der Werkzeugmechaniker: Betriebliche Ausbilder und Berufsschullehrer ziehen erfolgreich an einem Strang.<\/p>\n<\/div><\/section><br \/>\n<div  class='avia-image-container  av-styling-  noHover  av-overlay-hover-deactivate   avia-align-center '  itemprop=\"image\" itemscope=\"itemscope\" itemtype=\"https:\/\/schema.org\/ImageObject\"  ><div class='avia-image-container-inner'><div class='avia-image-overlay-wrap'><div class='av-image-caption-overlay'><div class='av-caption-image-overlay-bg' style='opacity:0.4; background-color:#000000; '><\/div><div class='av-image-caption-overlay-position'><div class='av-image-caption-overlay-center' style='color:#ffffff; '><p>Ausbildersprechtag im Dezember 2017<\/p>\n<\/div><\/div><\/div><img class='avia_image' src='https:\/\/www2.bbs-me.de\/wp-content\/uploads\/2017\/12\/Ausbildersprechtag-2017-12-11-1030x773.jpg' alt='' title=''   itemprop=\"thumbnailUrl\"  \/><\/div><\/div><\/div><\/p><\/div><br \/>\n<div class=\"flex_column av_one_full  flex_column_div first  \" ><p><div   class='hr hr-full hr-no-shadow  '><span class='hr-inner ' ><span class='hr-inner-style'><\/span><\/span><\/div><br \/>\n<section class=\"av_textblock_section \"  itemscope=\"itemscope\" itemtype=\"https:\/\/schema.org\/CreativeWork\" ><div class='avia_textblock  '  style='font-size:18px; '  itemprop=\"text\" ><p><strong>Neues f\u00fcr Werkzeugmechanikerinnen und Werkzeugmechaniker<\/strong><\/p>\n<\/div><\/section><br \/>\n<\/p><\/div><br \/>\n<div  style='height:10px' class='hr hr-invisible  '><span class='hr-inner ' ><span class='hr-inner-style'><\/span><\/span><\/div><br \/>\n<section class=\"av_textblock_section \"  itemscope=\"itemscope\" itemtype=\"https:\/\/schema.org\/CreativeWork\" ><div class='avia_textblock  '   itemprop=\"text\" ><p>[\/av_section]<\/p>\n<\/div><\/section><\/p>\n","protected":false},"excerpt":{"rendered":"","protected":false},"author":28,"featured_media":0,"parent":6148,"menu_order":0,"comment_status":"closed","ping_status":"closed","template":"","meta":{"footnotes":""},"page_category":[44,51],"yoast_head":"<!-- This site is optimized with the Yoast SEO plugin v22.8 - https:\/\/yoast.com\/wordpress\/plugins\/seo\/ -->\n<title>Werkzeugmechaniker - bbs|me<\/title>\n<meta name=\"robots\" content=\"index, follow, max-snippet:-1, max-image-preview:large, max-video-preview:-1\" \/>\n<link rel=\"canonical\" href=\"https:\/\/www2.bbs-me.de\/index.php\/berufsschule-metalltechnik\/werkzeugmechaniker\/\" \/>\n<meta property=\"og:locale\" content=\"de_DE\" \/>\n<meta property=\"og:type\" content=\"article\" \/>\n<meta property=\"og:title\" content=\"Werkzeugmechaniker - bbs|me\" \/>\n<meta property=\"og:url\" content=\"https:\/\/www2.bbs-me.de\/index.php\/berufsschule-metalltechnik\/werkzeugmechaniker\/\" \/>\n<meta property=\"og:site_name\" content=\"bbs|me\" \/>\n<meta property=\"article:modified_time\" content=\"2023-01-16T16:18:06+00:00\" \/>\n<meta property=\"og:image\" content=\"https:\/\/www2.bbs-me.de\/wp-content\/uploads\/2021\/01\/IMG_20191120_190052_3316-300x225.jpg\" \/>\n<meta name=\"twitter:card\" content=\"summary_large_image\" \/>\n<meta name=\"twitter:label1\" content=\"Gesch\u00e4tzte Lesezeit\" \/>\n\t<meta name=\"twitter:data1\" content=\"6\u00a0Minuten\" \/>\n<script type=\"application\/ld+json\" class=\"yoast-schema-graph\">{\"@context\":\"https:\/\/schema.org\",\"@graph\":[{\"@type\":\"WebPage\",\"@id\":\"https:\/\/www2.bbs-me.de\/index.php\/berufsschule-metalltechnik\/werkzeugmechaniker\/\",\"url\":\"https:\/\/www2.bbs-me.de\/index.php\/berufsschule-metalltechnik\/werkzeugmechaniker\/\",\"name\":\"Werkzeugmechaniker - bbs|me\",\"isPartOf\":{\"@id\":\"https:\/\/www2.bbs-me.de\/#website\"},\"primaryImageOfPage\":{\"@id\":\"https:\/\/www2.bbs-me.de\/index.php\/berufsschule-metalltechnik\/werkzeugmechaniker\/#primaryimage\"},\"image\":{\"@id\":\"https:\/\/www2.bbs-me.de\/index.php\/berufsschule-metalltechnik\/werkzeugmechaniker\/#primaryimage\"},\"thumbnailUrl\":\"https:\/\/www2.bbs-me.de\/wp-content\/uploads\/2021\/01\/IMG_20191120_190052_3316-300x225.jpg\",\"datePublished\":\"2023-01-16T08:14:14+00:00\",\"dateModified\":\"2023-01-16T16:18:06+00:00\",\"breadcrumb\":{\"@id\":\"https:\/\/www2.bbs-me.de\/index.php\/berufsschule-metalltechnik\/werkzeugmechaniker\/#breadcrumb\"},\"inLanguage\":\"de\",\"potentialAction\":[{\"@type\":\"ReadAction\",\"target\":[\"https:\/\/www2.bbs-me.de\/index.php\/berufsschule-metalltechnik\/werkzeugmechaniker\/\"]}]},{\"@type\":\"ImageObject\",\"inLanguage\":\"de\",\"@id\":\"https:\/\/www2.bbs-me.de\/index.php\/berufsschule-metalltechnik\/werkzeugmechaniker\/#primaryimage\",\"url\":\"https:\/\/www2.bbs-me.de\/wp-content\/uploads\/2021\/01\/IMG_20191120_190052_3316-300x225.jpg\",\"contentUrl\":\"https:\/\/www2.bbs-me.de\/wp-content\/uploads\/2021\/01\/IMG_20191120_190052_3316-300x225.jpg\"},{\"@type\":\"BreadcrumbList\",\"@id\":\"https:\/\/www2.bbs-me.de\/index.php\/berufsschule-metalltechnik\/werkzeugmechaniker\/#breadcrumb\",\"itemListElement\":[{\"@type\":\"ListItem\",\"position\":1,\"name\":\"Startseite\",\"item\":\"https:\/\/www2.bbs-me.de\/\"},{\"@type\":\"ListItem\",\"position\":2,\"name\":\"Berufsschule Metalltechnik\",\"item\":\"https:\/\/www2.bbs-me.de\/index.php\/berufsschule-metalltechnik\/\"},{\"@type\":\"ListItem\",\"position\":3,\"name\":\"Werkzeugmechaniker\"}]},{\"@type\":\"WebSite\",\"@id\":\"https:\/\/www2.bbs-me.de\/#website\",\"url\":\"https:\/\/www2.bbs-me.de\/\",\"name\":\"bbs|me\",\"description\":\"Otto-Brenner-Schule - Berufsbildende Schule Metalltechnik \u2022 Elektrotechnik der Region Hannover\",\"potentialAction\":[{\"@type\":\"SearchAction\",\"target\":{\"@type\":\"EntryPoint\",\"urlTemplate\":\"https:\/\/www2.bbs-me.de\/?s={search_term_string}\"},\"query-input\":\"required name=search_term_string\"}],\"inLanguage\":\"de\"}]}<\/script>\n<!-- \/ Yoast SEO plugin. -->","yoast_head_json":{"title":"Werkzeugmechaniker - bbs|me","robots":{"index":"index","follow":"follow","max-snippet":"max-snippet:-1","max-image-preview":"max-image-preview:large","max-video-preview":"max-video-preview:-1"},"canonical":"https:\/\/www2.bbs-me.de\/index.php\/berufsschule-metalltechnik\/werkzeugmechaniker\/","og_locale":"de_DE","og_type":"article","og_title":"Werkzeugmechaniker - bbs|me","og_url":"https:\/\/www2.bbs-me.de\/index.php\/berufsschule-metalltechnik\/werkzeugmechaniker\/","og_site_name":"bbs|me","article_modified_time":"2023-01-16T16:18:06+00:00","og_image":[{"url":"https:\/\/www2.bbs-me.de\/wp-content\/uploads\/2021\/01\/IMG_20191120_190052_3316-300x225.jpg"}],"twitter_card":"summary_large_image","twitter_misc":{"Gesch\u00e4tzte Lesezeit":"6\u00a0Minuten"},"schema":{"@context":"https:\/\/schema.org","@graph":[{"@type":"WebPage","@id":"https:\/\/www2.bbs-me.de\/index.php\/berufsschule-metalltechnik\/werkzeugmechaniker\/","url":"https:\/\/www2.bbs-me.de\/index.php\/berufsschule-metalltechnik\/werkzeugmechaniker\/","name":"Werkzeugmechaniker - bbs|me","isPartOf":{"@id":"https:\/\/www2.bbs-me.de\/#website"},"primaryImageOfPage":{"@id":"https:\/\/www2.bbs-me.de\/index.php\/berufsschule-metalltechnik\/werkzeugmechaniker\/#primaryimage"},"image":{"@id":"https:\/\/www2.bbs-me.de\/index.php\/berufsschule-metalltechnik\/werkzeugmechaniker\/#primaryimage"},"thumbnailUrl":"https:\/\/www2.bbs-me.de\/wp-content\/uploads\/2021\/01\/IMG_20191120_190052_3316-300x225.jpg","datePublished":"2023-01-16T08:14:14+00:00","dateModified":"2023-01-16T16:18:06+00:00","breadcrumb":{"@id":"https:\/\/www2.bbs-me.de\/index.php\/berufsschule-metalltechnik\/werkzeugmechaniker\/#breadcrumb"},"inLanguage":"de","potentialAction":[{"@type":"ReadAction","target":["https:\/\/www2.bbs-me.de\/index.php\/berufsschule-metalltechnik\/werkzeugmechaniker\/"]}]},{"@type":"ImageObject","inLanguage":"de","@id":"https:\/\/www2.bbs-me.de\/index.php\/berufsschule-metalltechnik\/werkzeugmechaniker\/#primaryimage","url":"https:\/\/www2.bbs-me.de\/wp-content\/uploads\/2021\/01\/IMG_20191120_190052_3316-300x225.jpg","contentUrl":"https:\/\/www2.bbs-me.de\/wp-content\/uploads\/2021\/01\/IMG_20191120_190052_3316-300x225.jpg"},{"@type":"BreadcrumbList","@id":"https:\/\/www2.bbs-me.de\/index.php\/berufsschule-metalltechnik\/werkzeugmechaniker\/#breadcrumb","itemListElement":[{"@type":"ListItem","position":1,"name":"Startseite","item":"https:\/\/www2.bbs-me.de\/"},{"@type":"ListItem","position":2,"name":"Berufsschule Metalltechnik","item":"https:\/\/www2.bbs-me.de\/index.php\/berufsschule-metalltechnik\/"},{"@type":"ListItem","position":3,"name":"Werkzeugmechaniker"}]},{"@type":"WebSite","@id":"https:\/\/www2.bbs-me.de\/#website","url":"https:\/\/www2.bbs-me.de\/","name":"bbs|me","description":"Otto-Brenner-Schule - Berufsbildende Schule Metalltechnik \u2022 Elektrotechnik der Region Hannover","potentialAction":[{"@type":"SearchAction","target":{"@type":"EntryPoint","urlTemplate":"https:\/\/www2.bbs-me.de\/?s={search_term_string}"},"query-input":"required name=search_term_string"}],"inLanguage":"de"}]}},"publishpress_future_action":{"enabled":false,"date":"2026-04-12 20:31:19","action":"change-status","newStatus":"draft","terms":[],"taxonomy":"page_category"},"_links":{"self":[{"href":"https:\/\/www2.bbs-me.de\/index.php\/wp-json\/wp\/v2\/pages\/25389"}],"collection":[{"href":"https:\/\/www2.bbs-me.de\/index.php\/wp-json\/wp\/v2\/pages"}],"about":[{"href":"https:\/\/www2.bbs-me.de\/index.php\/wp-json\/wp\/v2\/types\/page"}],"author":[{"embeddable":true,"href":"https:\/\/www2.bbs-me.de\/index.php\/wp-json\/wp\/v2\/users\/28"}],"replies":[{"embeddable":true,"href":"https:\/\/www2.bbs-me.de\/index.php\/wp-json\/wp\/v2\/comments?post=25389"}],"version-history":[{"count":1,"href":"https:\/\/www2.bbs-me.de\/index.php\/wp-json\/wp\/v2\/pages\/25389\/revisions"}],"predecessor-version":[{"id":25399,"href":"https:\/\/www2.bbs-me.de\/index.php\/wp-json\/wp\/v2\/pages\/25389\/revisions\/25399"}],"up":[{"embeddable":true,"href":"https:\/\/www2.bbs-me.de\/index.php\/wp-json\/wp\/v2\/pages\/6148"}],"wp:attachment":[{"href":"https:\/\/www2.bbs-me.de\/index.php\/wp-json\/wp\/v2\/media?parent=25389"}],"wp:term":[{"taxonomy":"page_category","embeddable":true,"href":"https:\/\/www2.bbs-me.de\/index.php\/wp-json\/wp\/v2\/page_category?post=25389"}],"curies":[{"name":"wp","href":"https:\/\/api.w.org\/{rel}","templated":true}]}}