{"id":27945,"date":"2024-06-12T12:47:54","date_gmt":"2024-06-12T10:47:54","guid":{"rendered":"https:\/\/www2.bbs-me.de\/?page_id=27945"},"modified":"2024-12-18T14:30:59","modified_gmt":"2024-12-18T13:30:59","slug":"inklusion","status":"publish","type":"page","link":"https:\/\/www2.bbs-me.de\/index.php\/inklusion\/","title":{"rendered":"Inklusion"},"content":{"rendered":"<div class=\"flex_column av_one_full  flex_column_div av-zero-column-padding first  avia-builder-el-0  el_before_av_two_third  avia-builder-el-first  \" style='border-radius:0px; '><p><div  class='avia-image-container  av-styling-  av-has-copyright av-copyright-icon-reveal   avia-builder-el-1  el_before_av_textblock  avia-builder-el-first  avia-align-center '  itemprop=\"image\" itemscope=\"itemscope\" itemtype=\"https:\/\/schema.org\/ImageObject\"  ><div class='avia-image-container-inner'><div class='avia-image-overlay-wrap'><img class='avia_image' src='https:\/\/www2.bbs-me.de\/wp-content\/uploads\/2024\/06\/inclusion-7437038_1920_w-1030x858.jpg' alt='' title='inclusion-7437038_1920_w' height=\"858\" width=\"1030\"  itemprop=\"thumbnailUrl\"  \/><\/div><small class='avia-copyright'>Rosy \/ Bad Homburg \/ Germany auf Pixabay<\/small><\/div><\/div><br \/>\n<section class=\"av_textblock_section \"  itemscope=\"itemscope\" itemtype=\"https:\/\/schema.org\/CreativeWork\" ><div class='avia_textblock  '   itemprop=\"text\" ><h1>Inklusion<\/h1>\n<\/div><\/section><\/p><\/div>\n<div class=\"flex_column av_two_third  flex_column_div av-zero-column-padding first  avia-builder-el-3  el_after_av_one_full  el_before_av_one_third  column-top-margin\" style='border-radius:0px; '><section class=\"av_textblock_section \"  itemscope=\"itemscope\" itemtype=\"https:\/\/schema.org\/CreativeWork\" ><div class='avia_textblock  '   itemprop=\"text\" ><p>Der Wechsel aus der Allgemeinbildung an die berufsbildenden Schulen stellt einen bedeutsamen Schritt f\u00fcr Sch\u00fcler mit besonderem F\u00f6rderbedarf dar. Der \u00dcbergang in den berufsbildenden Bereich erfolgt prozessorientiert im Rahmen eines\u00a0\u00dcbergangsmanagements.<\/p>\n<p>Grundlegend f\u00fcr die erfolgreiche schulformspezifische Gestaltung des \u00dcbergangs f\u00fcr Sch\u00fcler und Sch\u00fclerinnen mit sonderp\u00e4dagogischem F\u00f6rder- und Unterst\u00fctzungsbedarf ist der fr\u00fchzeitige und konstruktive Austausch aller im Bildungsprozess Beteiligten.<\/p>\n<p>Die Erfassung relevanter sch\u00fclerbezogener Daten erfolgt \u00fcber den Einsatz des\u00a0\u00dcbergabebogens. Dieser bildet die Grundlage einer zielgerichteten Beratung.<\/p>\n<p>Der\u00a0\u00dcbergabebogen\u00a0ist im Rahmen der Schulanmeldung einzureichen<\/p>\n<p>Zudem ist vor der Schulanmeldung eine Berufswegekonferenz durch die abgebende Schule einzuberufen.<\/p>\n<p>Das\u00a0Aufnahmemanagement\u00a0verfolgt einen partizipativen, beratenden und sch\u00fclerorientierten Ansatz.<\/p>\n<p>Den \u00dcbergabebogen sowie Erl\u00e4uterungen zur Durchf\u00fchrung der Berufswegekonferenz stehen ihnen unten zum Download zur Verf\u00fcgung.<\/p>\n<p>Bei Fragen melden Sie sich gerne bei mir!<\/p>\n<p>Mit freundlichen Gr\u00fc\u00dfen<\/p>\n<p>Niklas Rieke<\/p>\n<p>(Inklusionsbeauftragter)<\/p>\n<\/div><\/section><\/div>\n<div class=\"flex_column av_one_third  flex_column_div av-zero-column-padding   avia-builder-el-5  el_after_av_two_third  el_before_av_hr  column-top-margin\" style='border-radius:0px; '><\/div>\n<div  style=' margin-top:30px; margin-bottom:30px;'  class='hr hr-custom hr-center hr-icon-no   avia-builder-el-6  el_after_av_one_third  el_before_av_two_third '><span class='hr-inner  inner-border-av-border-thin' style=' width:100%; border-color:rgba(0,0,0,0.25);' ><span class='hr-inner-style'><\/span><\/span><\/div>\n<div class=\"flex_column av_two_third  flex_column_div av-zero-column-padding first  avia-builder-el-7  el_after_av_hr  el_before_av_one_third  \" style='border-radius:0px; '><section class=\"av_textblock_section \"  itemscope=\"itemscope\" itemtype=\"https:\/\/schema.org\/CreativeWork\" ><div class='avia_textblock  '   itemprop=\"text\" ><p>Kontakt<\/p>\n<p><span style=\"color: #3366ff;\"><u><a style=\"color: #3366ff;\" href=\"mailto:rieke@bbs-me.de\">rieke@bbs-me.de<\/u><\/a><\/span><\/p>\n<\/div><\/section><\/div>\n<div class=\"flex_column av_one_third  flex_column_div av-zero-column-padding   avia-builder-el-9  el_after_av_two_third  el_before_av_hr  \" style='border-radius:0px; '><div  class='avia-image-container  av-styling-    avia-builder-el-10  avia-builder-el-no-sibling  avia-align-center '  itemprop=\"image\" itemscope=\"itemscope\" itemtype=\"https:\/\/schema.org\/ImageObject\"  ><div class='avia-image-container-inner'><div class='avia-image-overlay-wrap'><img class='avia_image' src='https:\/\/www2.bbs-me.de\/wp-content\/uploads\/2024\/06\/Rieke-Niklas_web_s.jpg' alt='' title='Rieke, Niklas_web_s' height=\"144\" width=\"96\"  itemprop=\"thumbnailUrl\"  \/><\/div><\/div><\/div><\/div>\n<div  style=' margin-top:30px; margin-bottom:30px;'  class='hr hr-custom hr-center hr-icon-no   avia-builder-el-11  el_after_av_one_third  el_before_av_one_third '><span class='hr-inner  inner-border-av-border-thin' style=' width:100%; border-color:rgba(0,0,0,0.25);' ><span class='hr-inner-style'><\/span><\/span><\/div>\n<div class=\"flex_column av_one_third  flex_column_div av-zero-column-padding first  avia-builder-el-12  el_after_av_hr  el_before_av_one_third  \" style='border-radius:0px; '><div  class='avia-button-wrap avia-button-left  avia-builder-el-13  avia-builder-el-no-sibling ' ><a href='https:\/\/www2.bbs-me.de\/wp-content\/uploads\/2024\/06\/Uebergabebogen_Inklusion.pdf'  class='avia-button   avia-icon_select-no avia-color-custom avia-size-small avia-position-left '  target=\"_blank\"  style='background-color:#0070e8; border-color:#0070e8; color:#ffffff; ' ><span class='avia_iconbox_title' >Download \u00dcbergabebogen<\/span><\/a><\/div><\/div>\n<div class=\"flex_column av_one_third  flex_column_div av-zero-column-padding   avia-builder-el-14  el_after_av_one_third  el_before_av_hr  \" style='border-radius:0px; '><div  class='avia-button-wrap avia-button-left  avia-builder-el-15  avia-builder-el-no-sibling ' ><a href='https:\/\/www2.bbs-me.de\/wp-content\/uploads\/2024\/06\/Handlungsleitfaden_Inklusion.pdf'  class='avia-button   avia-icon_select-no avia-color-custom avia-size-small avia-position-left '  target=\"_blank\"  style='background-color:#0070e8; border-color:#0070e8; color:#ffffff; ' ><span class='avia_iconbox_title' >Download Handlungsleitfaden<\/span><\/a><\/div><\/div>\n<div  style='height:70px' class='hr hr-invisible   avia-builder-el-16  el_after_av_one_third  el_before_av_one_full '><span class='hr-inner ' ><span class='hr-inner-style'><\/span><\/span><\/div>\n<div class=\"flex_column av_one_full  flex_column_div av-zero-column-padding first  avia-builder-el-17  el_after_av_hr  el_before_av_one_third  \" style='border-radius:0px; '><section class=\"av_textblock_section \"  itemscope=\"itemscope\" itemtype=\"https:\/\/schema.org\/CreativeWork\" ><div class='avia_textblock  '   itemprop=\"text\" ><h5>Downloads zum Thema Nachteilsausgleich<\/h5>\n<\/div><\/section><\/div>\n<div class=\"flex_column av_one_third  flex_column_div av-zero-column-padding first  avia-builder-el-19  el_after_av_one_full  el_before_av_one_third  column-top-margin\" style='border-radius:0px; '><div  class='avia-button-wrap avia-button-left  avia-builder-el-20  avia-builder-el-no-sibling ' ><a href='https:\/\/www2.bbs-me.de\/wp-content\/uploads\/2024\/06\/01.2_Antrag-auf-Gewaehrung-eines-Nachteilsausgleiches.pdf'  class='avia-button   avia-icon_select-no avia-color-custom avia-size-small avia-position-left '  target=\"_blank\"  style='background-color:#0070e8; border-color:#0070e8; color:#ffffff; ' ><span class='avia_iconbox_title' >Download Antrag Nachteilsausgleich<\/span><\/a><\/div><\/div>\n<div class=\"flex_column av_one_third  flex_column_div av-zero-column-padding   avia-builder-el-21  el_after_av_one_third  el_before_av_hr  column-top-margin\" style='border-radius:0px; '><div  class='avia-button-wrap avia-button-left  avia-builder-el-22  avia-builder-el-no-sibling ' ><a href='https:\/\/www2.bbs-me.de\/wp-content\/uploads\/2024\/12\/01.1.1_Schaubild_Prozess-der-Gewaehrung-von-Nachteilsausgleichen_v2.pdf'  class='avia-button   avia-icon_select-no avia-color-custom avia-size-small avia-position-left '  target=\"_blank\"  style='background-color:#0070e8; border-color:#0070e8; color:#ffffff; ' ><span class='avia_iconbox_title' >Download Prozess Nachteilsausgleich<\/span><\/a><\/div><\/div><div  style='height:50px' class='hr hr-invisible   avia-builder-el-23  el_after_av_one_third  avia-builder-el-last '><span class='hr-inner ' ><span class='hr-inner-style'><\/span><\/span><\/div><\/p>\n","protected":false},"excerpt":{"rendered":"<p>In diesem Text werden die Themen Inklusion, F\u00f6rderbedarf, \u00dcbergangsmanagement und Nachteilsausgleich behandelt.<\/p>\n","protected":false},"author":8,"featured_media":0,"parent":0,"menu_order":0,"comment_status":"closed","ping_status":"closed","template":"","meta":{"footnotes":""},"page_category":[],"yoast_head":"<!-- This site is optimized with the Yoast SEO plugin v22.8 - https:\/\/yoast.com\/wordpress\/plugins\/seo\/ -->\n<title>Inklusion - bbs|me<\/title>\n<meta name=\"robots\" content=\"noindex, nofollow\" \/>\n<meta property=\"og:locale\" content=\"de_DE\" \/>\n<meta property=\"og:type\" content=\"article\" \/>\n<meta property=\"og:title\" content=\"Inklusion - bbs|me\" \/>\n<meta property=\"og:description\" content=\"In diesem Text werden die Themen Inklusion, F\u00f6rderbedarf, \u00dcbergangsmanagement und Nachteilsausgleich behandelt.\" \/>\n<meta property=\"og:url\" content=\"https:\/\/www2.bbs-me.de\/index.php\/inklusion\/\" \/>\n<meta property=\"og:site_name\" content=\"bbs|me\" \/>\n<meta property=\"article:modified_time\" content=\"2024-12-18T13:30:59+00:00\" \/>\n<meta name=\"twitter:card\" content=\"summary_large_image\" \/>\n<meta name=\"twitter:label1\" content=\"Gesch\u00e4tzte Lesezeit\" \/>\n\t<meta name=\"twitter:data1\" content=\"10\u00a0Minuten\" \/>\n<script type=\"application\/ld+json\" class=\"yoast-schema-graph\">{\"@context\":\"https:\/\/schema.org\",\"@graph\":[{\"@type\":\"WebPage\",\"@id\":\"https:\/\/www2.bbs-me.de\/index.php\/inklusion\/\",\"url\":\"https:\/\/www2.bbs-me.de\/index.php\/inklusion\/\",\"name\":\"Inklusion - bbs|me\",\"isPartOf\":{\"@id\":\"https:\/\/www2.bbs-me.de\/#website\"},\"datePublished\":\"2024-06-12T10:47:54+00:00\",\"dateModified\":\"2024-12-18T13:30:59+00:00\",\"breadcrumb\":{\"@id\":\"https:\/\/www2.bbs-me.de\/index.php\/inklusion\/#breadcrumb\"},\"inLanguage\":\"de\",\"potentialAction\":[{\"@type\":\"ReadAction\",\"target\":[\"https:\/\/www2.bbs-me.de\/index.php\/inklusion\/\"]}]},{\"@type\":\"BreadcrumbList\",\"@id\":\"https:\/\/www2.bbs-me.de\/index.php\/inklusion\/#breadcrumb\",\"itemListElement\":[{\"@type\":\"ListItem\",\"position\":1,\"name\":\"Startseite\",\"item\":\"https:\/\/www2.bbs-me.de\/\"},{\"@type\":\"ListItem\",\"position\":2,\"name\":\"Inklusion\"}]},{\"@type\":\"WebSite\",\"@id\":\"https:\/\/www2.bbs-me.de\/#website\",\"url\":\"https:\/\/www2.bbs-me.de\/\",\"name\":\"bbs|me\",\"description\":\"Otto-Brenner-Schule - Berufsbildende Schule Metalltechnik \u2022 Elektrotechnik der Region Hannover\",\"potentialAction\":[{\"@type\":\"SearchAction\",\"target\":{\"@type\":\"EntryPoint\",\"urlTemplate\":\"https:\/\/www2.bbs-me.de\/?s={search_term_string}\"},\"query-input\":\"required name=search_term_string\"}],\"inLanguage\":\"de\"}]}<\/script>\n<!-- \/ Yoast SEO plugin. -->","yoast_head_json":{"title":"Inklusion - bbs|me","robots":{"index":"noindex","follow":"nofollow"},"og_locale":"de_DE","og_type":"article","og_title":"Inklusion - bbs|me","og_description":"In diesem Text werden die Themen Inklusion, F\u00f6rderbedarf, \u00dcbergangsmanagement und Nachteilsausgleich behandelt.","og_url":"https:\/\/www2.bbs-me.de\/index.php\/inklusion\/","og_site_name":"bbs|me","article_modified_time":"2024-12-18T13:30:59+00:00","twitter_card":"summary_large_image","twitter_misc":{"Gesch\u00e4tzte Lesezeit":"10\u00a0Minuten"},"schema":{"@context":"https:\/\/schema.org","@graph":[{"@type":"WebPage","@id":"https:\/\/www2.bbs-me.de\/index.php\/inklusion\/","url":"https:\/\/www2.bbs-me.de\/index.php\/inklusion\/","name":"Inklusion - bbs|me","isPartOf":{"@id":"https:\/\/www2.bbs-me.de\/#website"},"datePublished":"2024-06-12T10:47:54+00:00","dateModified":"2024-12-18T13:30:59+00:00","breadcrumb":{"@id":"https:\/\/www2.bbs-me.de\/index.php\/inklusion\/#breadcrumb"},"inLanguage":"de","potentialAction":[{"@type":"ReadAction","target":["https:\/\/www2.bbs-me.de\/index.php\/inklusion\/"]}]},{"@type":"BreadcrumbList","@id":"https:\/\/www2.bbs-me.de\/index.php\/inklusion\/#breadcrumb","itemListElement":[{"@type":"ListItem","position":1,"name":"Startseite","item":"https:\/\/www2.bbs-me.de\/"},{"@type":"ListItem","position":2,"name":"Inklusion"}]},{"@type":"WebSite","@id":"https:\/\/www2.bbs-me.de\/#website","url":"https:\/\/www2.bbs-me.de\/","name":"bbs|me","description":"Otto-Brenner-Schule - Berufsbildende Schule Metalltechnik \u2022 Elektrotechnik der Region Hannover","potentialAction":[{"@type":"SearchAction","target":{"@type":"EntryPoint","urlTemplate":"https:\/\/www2.bbs-me.de\/?s={search_term_string}"},"query-input":"required name=search_term_string"}],"inLanguage":"de"}]}},"publishpress_future_action":{"enabled":false,"date":"2026-04-12 18:34:22","action":"change-status","newStatus":"draft","terms":[],"taxonomy":"page_category"},"_links":{"self":[{"href":"https:\/\/www2.bbs-me.de\/index.php\/wp-json\/wp\/v2\/pages\/27945"}],"collection":[{"href":"https:\/\/www2.bbs-me.de\/index.php\/wp-json\/wp\/v2\/pages"}],"about":[{"href":"https:\/\/www2.bbs-me.de\/index.php\/wp-json\/wp\/v2\/types\/page"}],"author":[{"embeddable":true,"href":"https:\/\/www2.bbs-me.de\/index.php\/wp-json\/wp\/v2\/users\/8"}],"replies":[{"embeddable":true,"href":"https:\/\/www2.bbs-me.de\/index.php\/wp-json\/wp\/v2\/comments?post=27945"}],"version-history":[{"count":3,"href":"https:\/\/www2.bbs-me.de\/index.php\/wp-json\/wp\/v2\/pages\/27945\/revisions"}],"predecessor-version":[{"id":28855,"href":"https:\/\/www2.bbs-me.de\/index.php\/wp-json\/wp\/v2\/pages\/27945\/revisions\/28855"}],"wp:attachment":[{"href":"https:\/\/www2.bbs-me.de\/index.php\/wp-json\/wp\/v2\/media?parent=27945"}],"wp:term":[{"taxonomy":"page_category","embeddable":true,"href":"https:\/\/www2.bbs-me.de\/index.php\/wp-json\/wp\/v2\/page_category?post=27945"}],"curies":[{"name":"wp","href":"https:\/\/api.w.org\/{rel}","templated":true}]}}