{"id":28645,"date":"2024-11-22T10:58:26","date_gmt":"2024-11-22T09:58:26","guid":{"rendered":"https:\/\/www2.bbs-me.de\/?page_id=28645"},"modified":"2024-12-09T08:27:33","modified_gmt":"2024-12-09T07:27:33","slug":"bfs-dual-technik","status":"publish","type":"page","link":"https:\/\/www2.bbs-me.de\/index.php\/bfs-dual-technik\/","title":{"rendered":"BFS dual Technik"},"content":{"rendered":"<div id='teacher'  class='avia-section alternate_color avia-section-default avia-no-shadow  avia-bg-style-scroll  avia-builder-el-0  el_before_av_hr  avia-builder-el-first   container_wrap sidebar_right' style=' '  ><div class='container' ><main  role=\"main\" itemprop=\"mainContentOfPage\"  class='template-page content  av-content-small alpha units'><div class='post-entry post-entry-type-page post-entry-28645'><div class='entry-content-wrapper clearfix'>\n<div class=\"flex_column av_one_half  flex_column_div first  avia-builder-el-1  el_before_av_one_half  avia-builder-el-first  \" ><section class=\"av_textblock_section \"  itemscope=\"itemscope\" itemtype=\"https:\/\/schema.org\/CreativeWork\" ><div class='avia_textblock  '  style='font-size:34px; '  itemprop=\"text\" ><p>BFS dual Technik<\/p>\n<h4>Deine Chance auf eine technische Karriere<\/h4>\n<\/div><\/section><\/div><div class=\"flex_column av_one_half  flex_column_div av-zero-column-padding   avia-builder-el-3  el_after_av_one_half  el_before_av_hr  \" style='border-radius:0px; '><div  class='avia-image-container  av-styling-    avia-builder-el-4  avia-builder-el-no-sibling  avia-align-center '  itemprop=\"image\" itemscope=\"itemscope\" itemtype=\"https:\/\/schema.org\/ImageObject\"  ><div class='avia-image-container-inner'><div class='avia-image-overlay-wrap'><img class='avia_image' src='https:\/\/www2.bbs-me.de\/wp-content\/uploads\/2024\/11\/Elektro_01_BFS_dual.jpg' alt='' title='Elektro_01_BFS_dual' height=\"540\" width=\"815\"  itemprop=\"thumbnailUrl\"  \/><\/div><\/div><\/div><\/div><div  style='height:80px' class='hr hr-invisible   avia-builder-el-5  el_after_av_one_half  el_before_av_one_half '><span class='hr-inner ' ><span class='hr-inner-style'><\/span><\/span><\/div>\n<div class=\"flex_column av_one_half  flex_column_div av-zero-column-padding first  avia-builder-el-6  el_after_av_hr  el_before_av_one_half  \" style='border-radius:0px; '><section class=\"av_textblock_section \"  itemscope=\"itemscope\" itemtype=\"https:\/\/schema.org\/CreativeWork\" ><div class='avia_textblock  '   itemprop=\"text\" ><h5>Interessierst du dich f\u00fcr Technik und bist dir noch nicht sicher, wie es nach deinem Hauptschul- oder Realschulabschluss weitergehen soll?<\/h5>\n<p>Ab 2025\/26 bietet die BBS ME mit der <strong>BFS dual Technik<\/strong> eine neue und spannende M\u00f6glichkeit, deine St\u00e4rken in <strong>Metall- und Elektrotechnik<\/strong> zu entdecken und dich perfekt auf deine berufliche Zukunft vorzubereiten.<\/p>\n<h5>\nWarum BFS dual Technik?<\/h5>\n<ul>\n<li><strong>Doppelte Vorteile:<\/strong> Kombiniert die Klasse 11 der Fachoberschule (FOS) und die Berufsfachschule (BFS) zu einem innovativen Bildungsgang.<\/li>\n<li><strong>Realschulabschluss &#038; mehr:<\/strong> Du kannst den <strong>Realschulabschluss<\/strong> (Sek. 1) erwerben und profitierst von einem <strong>praxisorientierten Unterricht<\/strong>.<\/li>\n<li><strong>Top vorbereitet:<\/strong> Ob du die <strong>Fachhochschulreife<\/strong> in der Klasse 12 anstrebst oder direkt in eine duale Ausbildung starten willst \u2013 die BFS dual Technik macht dich fit.<\/li>\n<\/ul>\n<h5>\nWas bringt dir das?<\/h5>\n<p>Du erh\u00e4ltst eine Orientierung in Metall- und Elektrotechnik, die dir nicht nur Wissen vermittelt, sondern auch T\u00fcren zu spannenden Berufen \u00f6ffnet. Dabei entdeckst du, welcher Schwerpunkt wirklich zu dir passt \u2013 praxisnah und zukunftssicher.<\/p>\n<h5>\nWie meldest du dich an?<\/h5>\n<p>Die Anmeldung erfolgt jedes Jahr Anfang Februar. Die Anmeldetage werden auf unserer Webseite ver\u00f6ffentlicht.<\/p>\n<\/div><\/section><br \/>\n<div  style='height:30px' class='hr hr-invisible   avia-builder-el-8  el_after_av_textblock  el_before_av_button '><span class='hr-inner ' ><span class='hr-inner-style'><\/span><\/span><\/div><br \/>\n<div  class='avia-button-wrap avia-button-left  avia-builder-el-9  el_after_av_hr  el_before_av_hr ' ><a href='https:\/\/www2.bbs-me.de\/index.php\/bfs-anmeldung\/'  class='avia-button   avia-icon_select-no avia-color-custom avia-size-small avia-position-left '  target=\"_blank\"  style='background-color:#3089e8; border-color:#3089e8; color:#ffffff; ' ><span class='avia_iconbox_title' >Infos zur Anmeldung<\/span><\/a><\/div><br \/>\n<div  style='height:30px' class='hr hr-invisible   avia-builder-el-10  el_after_av_button  el_before_av_button '><span class='hr-inner ' ><span class='hr-inner-style'><\/span><\/span><\/div><br \/>\n<div  class='avia-button-wrap avia-button-left  avia-builder-el-11  el_after_av_hr  avia-builder-el-last ' ><a href='https:\/\/www2.bbs-me.de\/index.php\/download\/28612\/'  class='avia-button   avia-icon_select-yes-left-icon avia-color-custom avia-size-small avia-position-left '  target=\"_blank\"  style='background-color:#3089e8; border-color:#3089e8; color:#ffffff; ' ><span class='avia_button_icon avia_button_icon_left ' aria-hidden='true' data-av_icon='\ue82d' data-av_iconfont='entypo-fontello'><\/span><span class='avia_iconbox_title' >Info-Flyer BFS dual Technik<\/span><\/a><\/div><\/p><\/div><div class=\"flex_column av_one_half  flex_column_div av-zero-column-padding   avia-builder-el-12  el_after_av_one_half  el_before_av_hr  \" style='border-radius:0px; '><p><div  class='avia-image-container  av-styling-    avia-builder-el-13  el_before_av_image  avia-builder-el-first  avia-align-center '  itemprop=\"image\" itemscope=\"itemscope\" itemtype=\"https:\/\/schema.org\/ImageObject\"  ><div class='avia-image-container-inner'><div class='avia-image-overlay-wrap'><img class='avia_image' src='https:\/\/www2.bbs-me.de\/wp-content\/uploads\/2024\/11\/Metall_BFS_dual-773x1030.jpg' alt='' title='Metall_BFS_dual' height=\"1030\" width=\"773\"  itemprop=\"thumbnailUrl\"  \/><\/div><\/div><\/div><br \/>\n<div  class='avia-image-container  av-styling-    avia-builder-el-14  el_after_av_image  avia-builder-el-last  avia-align-center '  itemprop=\"image\" itemscope=\"itemscope\" itemtype=\"https:\/\/schema.org\/ImageObject\"  ><div class='avia-image-container-inner'><div class='avia-image-overlay-wrap'><img class='avia_image' src='https:\/\/www2.bbs-me.de\/wp-content\/uploads\/2024\/11\/Elektro_02_BFS_dual.jpg' alt='' title='Elektro_02_BFS_dual' height=\"543\" width=\"815\"  itemprop=\"thumbnailUrl\"  \/><\/div><\/div><\/div><\/p><\/div><div  style='height:60px' class='hr hr-invisible   avia-builder-el-15  el_after_av_one_half  el_before_av_one_half '><span class='hr-inner ' ><span class='hr-inner-style'><\/span><\/span><\/div>\n<div class=\"flex_column av_one_half  flex_column_div av-zero-column-padding first  avia-builder-el-16  el_after_av_hr  el_before_av_one_half  \" style='border-radius:0px; '><div  class='avia-image-container  av-styling-    avia-builder-el-17  avia-builder-el-no-sibling  avia-align-center '  itemprop=\"image\" itemscope=\"itemscope\" itemtype=\"https:\/\/schema.org\/ImageObject\"  ><div class='avia-image-container-inner'><div class='avia-image-overlay-wrap'><img class='avia_image' src='https:\/\/www2.bbs-me.de\/wp-content\/uploads\/2024\/11\/BFS-dual-Technik_Ablauf-728x1030.jpg' alt='' title='BFS dual Technik_Ablauf' height=\"1030\" width=\"728\"  itemprop=\"thumbnailUrl\"  \/><\/div><\/div><\/div><\/div><div class=\"flex_column av_one_half  flex_column_div   avia-builder-el-18  el_after_av_one_half  el_before_av_one_half  \" ><\/div><div class=\"flex_column av_one_half  flex_column_div first  avia-builder-el-19  el_after_av_one_half  avia-builder-el-last  column-top-margin\" ><section class=\"av_textblock_section \"  itemscope=\"itemscope\" itemtype=\"https:\/\/schema.org\/CreativeWork\" ><div class='avia_textblock  av_inherit_color '  style='font-size:15px; color:#000000; '  itemprop=\"text\" ><h5>Hast du noch Fragen!<\/h5>\n<p>Kontakt: <span style=\"color: #0000ff;\"><a style=\"color: #0000ff;\" href=\"mailto:hehmann@bbs-me.de\"><strong>Ole Hehmann<\/strong><\/a><\/span><\/p>\n<\/div><\/section><\/div><\/div><\/div><\/main><!-- close content main element --><\/div><\/div><div id='after_section_1'  class='main_color av_default_container_wrap container_wrap sidebar_right' style=' '  ><div class='container' ><div class='template-page content  av-content-small alpha units'><div class='post-entry post-entry-type-page post-entry-28645'><div class='entry-content-wrapper clearfix'><div   class='hr hr-default   avia-builder-el-21  el_after_av_section  avia-builder-el-no-sibling '><span class='hr-inner ' ><span class='hr-inner-style'><\/span><\/span><\/div><\/p>\n","protected":false},"excerpt":{"rendered":"","protected":false},"author":8,"featured_media":0,"parent":0,"menu_order":0,"comment_status":"closed","ping_status":"closed","template":"","meta":{"footnotes":""},"page_category":[65],"yoast_head":"<!-- This site is optimized with the Yoast SEO plugin v22.8 - https:\/\/yoast.com\/wordpress\/plugins\/seo\/ -->\n<title>BFS dual Technik - bbs|me<\/title>\n<meta name=\"robots\" content=\"index, follow, max-snippet:-1, max-image-preview:large, max-video-preview:-1\" \/>\n<link rel=\"canonical\" href=\"https:\/\/www2.bbs-me.de\/index.php\/bfs-dual-technik\/\" \/>\n<meta property=\"og:locale\" content=\"de_DE\" \/>\n<meta property=\"og:type\" content=\"article\" \/>\n<meta property=\"og:title\" content=\"BFS dual Technik - bbs|me\" \/>\n<meta property=\"og:url\" content=\"https:\/\/www2.bbs-me.de\/index.php\/bfs-dual-technik\/\" \/>\n<meta property=\"og:site_name\" content=\"bbs|me\" \/>\n<meta property=\"article:modified_time\" content=\"2024-12-09T07:27:33+00:00\" \/>\n<meta name=\"twitter:card\" content=\"summary_large_image\" \/>\n<meta name=\"twitter:label1\" content=\"Gesch\u00e4tzte Lesezeit\" \/>\n\t<meta name=\"twitter:data1\" content=\"8\u00a0Minuten\" \/>\n<script type=\"application\/ld+json\" class=\"yoast-schema-graph\">{\"@context\":\"https:\/\/schema.org\",\"@graph\":[{\"@type\":\"WebPage\",\"@id\":\"https:\/\/www2.bbs-me.de\/index.php\/bfs-dual-technik\/\",\"url\":\"https:\/\/www2.bbs-me.de\/index.php\/bfs-dual-technik\/\",\"name\":\"BFS dual Technik - bbs|me\",\"isPartOf\":{\"@id\":\"https:\/\/www2.bbs-me.de\/#website\"},\"datePublished\":\"2024-11-22T09:58:26+00:00\",\"dateModified\":\"2024-12-09T07:27:33+00:00\",\"breadcrumb\":{\"@id\":\"https:\/\/www2.bbs-me.de\/index.php\/bfs-dual-technik\/#breadcrumb\"},\"inLanguage\":\"de\",\"potentialAction\":[{\"@type\":\"ReadAction\",\"target\":[\"https:\/\/www2.bbs-me.de\/index.php\/bfs-dual-technik\/\"]}]},{\"@type\":\"BreadcrumbList\",\"@id\":\"https:\/\/www2.bbs-me.de\/index.php\/bfs-dual-technik\/#breadcrumb\",\"itemListElement\":[{\"@type\":\"ListItem\",\"position\":1,\"name\":\"Startseite\",\"item\":\"https:\/\/www2.bbs-me.de\/\"},{\"@type\":\"ListItem\",\"position\":2,\"name\":\"BFS dual Technik\"}]},{\"@type\":\"WebSite\",\"@id\":\"https:\/\/www2.bbs-me.de\/#website\",\"url\":\"https:\/\/www2.bbs-me.de\/\",\"name\":\"bbs|me\",\"description\":\"Otto-Brenner-Schule - Berufsbildende Schule Metalltechnik \u2022 Elektrotechnik der Region Hannover\",\"potentialAction\":[{\"@type\":\"SearchAction\",\"target\":{\"@type\":\"EntryPoint\",\"urlTemplate\":\"https:\/\/www2.bbs-me.de\/?s={search_term_string}\"},\"query-input\":\"required name=search_term_string\"}],\"inLanguage\":\"de\"}]}<\/script>\n<!-- \/ Yoast SEO plugin. -->","yoast_head_json":{"title":"BFS dual Technik - bbs|me","robots":{"index":"index","follow":"follow","max-snippet":"max-snippet:-1","max-image-preview":"max-image-preview:large","max-video-preview":"max-video-preview:-1"},"canonical":"https:\/\/www2.bbs-me.de\/index.php\/bfs-dual-technik\/","og_locale":"de_DE","og_type":"article","og_title":"BFS dual Technik - bbs|me","og_url":"https:\/\/www2.bbs-me.de\/index.php\/bfs-dual-technik\/","og_site_name":"bbs|me","article_modified_time":"2024-12-09T07:27:33+00:00","twitter_card":"summary_large_image","twitter_misc":{"Gesch\u00e4tzte Lesezeit":"8\u00a0Minuten"},"schema":{"@context":"https:\/\/schema.org","@graph":[{"@type":"WebPage","@id":"https:\/\/www2.bbs-me.de\/index.php\/bfs-dual-technik\/","url":"https:\/\/www2.bbs-me.de\/index.php\/bfs-dual-technik\/","name":"BFS dual Technik - bbs|me","isPartOf":{"@id":"https:\/\/www2.bbs-me.de\/#website"},"datePublished":"2024-11-22T09:58:26+00:00","dateModified":"2024-12-09T07:27:33+00:00","breadcrumb":{"@id":"https:\/\/www2.bbs-me.de\/index.php\/bfs-dual-technik\/#breadcrumb"},"inLanguage":"de","potentialAction":[{"@type":"ReadAction","target":["https:\/\/www2.bbs-me.de\/index.php\/bfs-dual-technik\/"]}]},{"@type":"BreadcrumbList","@id":"https:\/\/www2.bbs-me.de\/index.php\/bfs-dual-technik\/#breadcrumb","itemListElement":[{"@type":"ListItem","position":1,"name":"Startseite","item":"https:\/\/www2.bbs-me.de\/"},{"@type":"ListItem","position":2,"name":"BFS dual Technik"}]},{"@type":"WebSite","@id":"https:\/\/www2.bbs-me.de\/#website","url":"https:\/\/www2.bbs-me.de\/","name":"bbs|me","description":"Otto-Brenner-Schule - Berufsbildende Schule Metalltechnik \u2022 Elektrotechnik der Region Hannover","potentialAction":[{"@type":"SearchAction","target":{"@type":"EntryPoint","urlTemplate":"https:\/\/www2.bbs-me.de\/?s={search_term_string}"},"query-input":"required name=search_term_string"}],"inLanguage":"de"}]}},"publishpress_future_action":{"enabled":false,"date":"2026-04-12 18:41:59","action":"change-status","newStatus":"draft","terms":[],"taxonomy":"page_category"},"_links":{"self":[{"href":"https:\/\/www2.bbs-me.de\/index.php\/wp-json\/wp\/v2\/pages\/28645"}],"collection":[{"href":"https:\/\/www2.bbs-me.de\/index.php\/wp-json\/wp\/v2\/pages"}],"about":[{"href":"https:\/\/www2.bbs-me.de\/index.php\/wp-json\/wp\/v2\/types\/page"}],"author":[{"embeddable":true,"href":"https:\/\/www2.bbs-me.de\/index.php\/wp-json\/wp\/v2\/users\/8"}],"replies":[{"embeddable":true,"href":"https:\/\/www2.bbs-me.de\/index.php\/wp-json\/wp\/v2\/comments?post=28645"}],"version-history":[{"count":14,"href":"https:\/\/www2.bbs-me.de\/index.php\/wp-json\/wp\/v2\/pages\/28645\/revisions"}],"predecessor-version":[{"id":28763,"href":"https:\/\/www2.bbs-me.de\/index.php\/wp-json\/wp\/v2\/pages\/28645\/revisions\/28763"}],"wp:attachment":[{"href":"https:\/\/www2.bbs-me.de\/index.php\/wp-json\/wp\/v2\/media?parent=28645"}],"wp:term":[{"taxonomy":"page_category","embeddable":true,"href":"https:\/\/www2.bbs-me.de\/index.php\/wp-json\/wp\/v2\/page_category?post=28645"}],"curies":[{"name":"wp","href":"https:\/\/api.w.org\/{rel}","templated":true}]}}