{"id":28684,"date":"2024-11-27T08:35:09","date_gmt":"2024-11-27T07:35:09","guid":{"rendered":"https:\/\/www2.bbs-me.de\/?page_id=28684"},"modified":"2025-01-18T13:25:56","modified_gmt":"2025-01-18T12:25:56","slug":"infoabend-bgt-28-01-2025","status":"publish","type":"page","link":"https:\/\/www2.bbs-me.de\/index.php\/infoabend-bgt-28-01-2025\/","title":{"rendered":"Infoabend BGT 28.01.2025"},"content":{"rendered":"<div class=\"flex_column av_one_half  flex_column_div av-zero-column-padding first  avia-builder-el-0  el_before_av_one_half  avia-builder-el-first  \" style='border-radius:0px; '><section class=\"av_textblock_section \"  itemscope=\"itemscope\" itemtype=\"https:\/\/schema.org\/CreativeWork\" ><div class='avia_textblock  '   itemprop=\"text\" ><h2>Eine herzliche Einladung zu unserem Infoabend im Beruflichen Gymnasium Technik (BGT)<\/h2>\n<h3><\/h3>\n<p>Datum: Dienstag, der 28.01.2025<br \/>\nUhrzeit: 18:00-20:00 Uhr<br \/>\nOrt:<\/p>\n<p style=\"padding-left: 40px\"><strong>Berufsbildende Schule Metalltechnik \u2022 Elektrotechnik<\/strong><br \/>\n<strong>der Region Hannover<\/strong><br \/>\n<strong>Otto-Brenner-Schule<\/strong><\/p>\n<p style=\"padding-left: 40px\"><strong>Gustav-Bratke-Allee 1<\/strong><\/p>\n<p><span style=\"color: #ffcc00\">\u00a0oder live auf youtube: <a href=\"https:\/\/www.youtube.com\/watch?v=ySR0YNBBHSU\">https:\/\/www.youtube.com\/watch?v=ySR0YNBBHSU<\/a><\/span><\/p>\n<p>Liebe Sch\u00fclerinnen und Sch\u00fcler, liebe Eltern, liebe Interessierte,<\/p>\n<p>wir laden Sie herzlich ein, unsere BGT zu besuchen und einen spannenden Einblick in unser Bildungsangebote zu gewinnen. Nutzen Sie diese besondere Gelegenheit, mit Lehrkr\u00e4ften und mit unseren Sch\u00fcler*innen in Kontakt zu treten, unsere modernen Labore und Werkst\u00e4tten zu erkunden und spannende Projekte im Bereich Technik kennenzulernen.<\/p>\n<h3><strong>Programmhighlights:<\/strong><\/h3>\n<ul>\n<li>ab 17:30 Uhr Einlass<\/li>\n<li><strong>18:00 Uhr: Willkommensrede durch den Schulleiter <\/strong>\n<ul>\n<li><strong>Pr\u00e4sentation: <\/strong>\n<ul>\n<li><strong><span style=\"color: #ff6600\">Berufliches Gymnasium Technik<\/span><\/strong><\/li>\n<\/ul>\n<\/li>\n<\/ul>\n<\/li>\n<li>anschlie\u00dfend&#8230;\n<ul>\n<li>Gef\u00fchrte Touren durch unsere Werkst\u00e4tten<\/li>\n<\/ul>\n<\/li>\n<li>Rundgang inkl. Live-Demonstrationen von technischer Ausstattung und Experimenten, Projektarbeiten\n<ul>\n<li>unsere AGs\n<ul>\n<li>Physik des Fliegens inkl. Flugsimulator<\/li>\n<li>3D Druck<\/li>\n<li>Streamteam<\/li>\n<\/ul>\n<\/li>\n<li>Robotik<\/li>\n<li>SPS-Schaltungen<\/li>\n<li>Projektvorf\u00fchrungen: Pr\u00e4sentation der Technikschwerpunkte und Projekten aus dem Unterricht\n<ul>\n<li>Metalltechnik<\/li>\n<li>Elektrotechnik<\/li>\n<li>Bautechnik<\/li>\n<li>Gestaltungs- und Medientechnik<\/li>\n<\/ul>\n<\/li>\n<li>Fachgruppe Informatik inkl. VR und KI Projekte<\/li>\n<li>Fachgruppe Physik<\/li>\n<li>Fachgruppe Sprachen inkl. Kursfahrten<\/li>\n<li>Fachgruppe Sport<\/li>\n<\/ul>\n<\/li>\n<li>Informationsst\u00e4nde: Beratung durch Lehrkr\u00e4fte und Sch\u00fcler*innen\n<ul>\n<li>Infostand BGT<\/li>\n<li>Infostand Jahrgang 11<\/li>\n<li>kein erweiterter Sek I? Infostand BFS dual<\/li>\n<\/ul>\n<\/li>\n<\/ul>\n<p><strong>Ein Besuch lohnt sich<\/strong><\/p>\n<ul>\n<li>Moderne Ausstattung: Erleben Sie unsere topmodernen Labore und Werkst\u00e4tten<\/li>\n<li>Praxisnahe Bildung: Entdecken Sie unsere praxisorientierten Lehrmethoden<\/li>\n<li>Kontakt mit Lehrkr\u00e4ften und mit unseren Sch\u00fcler*innen<\/li>\n<\/ul>\n<h4><strong>Anmeldung:<\/strong><\/h4>\n<p>Eine Anmeldung ist nicht erforderlich, aber wir freuen uns, wenn Sie uns kurz Bescheid geben, damit wir besser planen k\u00f6nnen <span style=\"color: #0000ff\"><strong>[<a style=\"color: #0000ff\" href=\"https:\/\/limesurvey.bbs-me.org\/index.php\/577298?lang=de\">unverbindliche Anmeldung<\/a>] .<\/strong><\/span><\/p>\n<p>Wir freuen uns darauf, Sie bei uns begr\u00fc\u00dfen zu d\u00fcrfen und Ihnen unsere Schule n\u00e4herzubringen!<\/p>\n<\/div><\/section><\/div><div class=\"flex_column av_one_half  flex_column_div av-zero-column-padding   avia-builder-el-2  el_after_av_one_half  avia-builder-el-last  \" style='border-radius:0px; '><p><div   data-size='large'  data-lightbox_size='large'  data-animation='slide'  data-conditional_play=''  data-ids='28351,28253,28246,28079,27707,27706,27513,27472,27425,26923,26679,25683,24870,22806'  data-video_counter='0'  data-autoplay='true'  data-bg_slider='false'  data-slide_height=''  data-handle='av_slideshow'  data-interval='4'  data-class=' avia-builder-el-3  el_before_av_hr  avia-builder-el-first  '  data-el_id=''  data-css_id=''  data-scroll_down=''  data-control_layout='av-control-default'  data-custom_markup=''  data-perma_caption=''  data-autoplay_stopper=''  data-image_attachment=''  data-min_height='0px'  class='avia-slideshow avia-slideshow-1  av-control-default av-default-height-applied avia-slideshow-large av_slideshow  avia-builder-el-3  el_before_av_hr  avia-builder-el-first   avia-slide-slider '  itemprop=\"image\" itemscope=\"itemscope\" itemtype=\"https:\/\/schema.org\/ImageObject\" ><ul class='avia-slideshow-inner ' style='padding-bottom: 56.312625250501%;' ><li  class=' slide-1 ' ><div data-rel='slideshow-1' class='avia-slide-wrap '   ><img src='https:\/\/www2.bbs-me.de\/wp-content\/uploads\/2024\/09\/Bild4.jpg' width='499' height='281' title='Bild4' alt=''  itemprop=\"thumbnailUrl\"   \/><\/div><\/li><li  class=' slide-2 ' ><div data-rel='slideshow-1' class='avia-slide-wrap '   ><img src='https:\/\/www2.bbs-me.de\/wp-content\/uploads\/2024\/09\/PXL_20240813_094600740.MP_-1030x773.jpg' width='1030' height='773' title='PXL_20240813_094600740.MP' alt=''  itemprop=\"thumbnailUrl\"   \/><\/div><\/li><li  class=' slide-3 ' ><div data-rel='slideshow-1' class='avia-slide-wrap '   ><img src='https:\/\/www2.bbs-me.de\/wp-content\/uploads\/2024\/09\/20240905_095505909_iOS-1030x773.jpg' width='1030' height='773' title='20240905_095505909_iOS' alt=''  itemprop=\"thumbnailUrl\"   \/><\/div><\/li><li  class=' slide-4 ' ><div data-rel='slideshow-1' class='avia-slide-wrap '   ><img src='https:\/\/www2.bbs-me.de\/wp-content\/uploads\/2024\/08\/EMA-Bild-1-1030x687.jpg' width='1030' height='687' title='EMA Bild 1' alt=''  itemprop=\"thumbnailUrl\"   \/><\/div><\/li><li  class=' slide-5 ' ><div data-rel='slideshow-1' class='avia-slide-wrap '   ><img src='https:\/\/www2.bbs-me.de\/wp-content\/uploads\/2024\/03\/Ohio_UVCC_2024_14-1030x773.jpg' width='1030' height='773' title='Ohio_UVCC_2024_14' alt=''  itemprop=\"thumbnailUrl\"   \/><\/div><\/li><li  class=' slide-6 ' ><div data-rel='slideshow-1' class='avia-slide-wrap '   ><img src='https:\/\/www2.bbs-me.de\/wp-content\/uploads\/2024\/03\/Ohio_UVCC_2024_13-1030x773.jpg' width='1030' height='773' title='Ohio_UVCC_2024_13' alt=''  itemprop=\"thumbnailUrl\"   \/><\/div><\/li><li  class=' slide-7 ' ><div data-rel='slideshow-1' class='avia-slide-wrap '   ><img src='https:\/\/www2.bbs-me.de\/wp-content\/uploads\/2024\/02\/Ohio_UVCC_2023o_08-1030x773.jpg' width='1030' height='773' title='Ohio_UVCC_2023o_08' alt=''  itemprop=\"thumbnailUrl\"   \/><\/div><\/li><li  class=' slide-8 ' ><div data-rel='slideshow-1' class='avia-slide-wrap '   ><img src='https:\/\/www2.bbs-me.de\/wp-content\/uploads\/2024\/02\/Ohio_UVCC_2023f_01-1030x773.jpg' width='1030' height='773' title='Ohio_UVCC_2023f_01' alt=''  itemprop=\"thumbnailUrl\"   \/><\/div><\/li><li  class=' slide-9 ' ><div data-rel='slideshow-1' class='avia-slide-wrap '   ><img src='https:\/\/www2.bbs-me.de\/wp-content\/uploads\/2024\/02\/Ohio_UVCC_2019b_03-579x1030.jpg' width='579' height='1030' title='Ohio_UVCC_2019b_03' alt=''  itemprop=\"thumbnailUrl\"   \/><\/div><\/li><li  class=' slide-10 ' ><div data-rel='slideshow-1' class='avia-slide-wrap '   ><img src='https:\/\/www2.bbs-me.de\/wp-content\/uploads\/2023\/11\/IMG_20231127_084339_6260-1030x476.jpg' width='1030' height='476' title='IMG_20231127_084339_6260' alt=''  itemprop=\"thumbnailUrl\"   \/><\/div><\/li><li  class=' slide-11 ' ><div data-rel='slideshow-1' class='avia-slide-wrap '   ><img src='https:\/\/www2.bbs-me.de\/wp-content\/uploads\/2023\/09\/DSC_8640-1030x688.jpg' width='1030' height='688' title='DSC_8640' alt=''  itemprop=\"thumbnailUrl\"   \/><\/div><\/li><li  class=' slide-12 ' ><div data-rel='slideshow-1' class='avia-slide-wrap '   ><img src='https:\/\/www2.bbs-me.de\/wp-content\/uploads\/2023\/03\/Schweden_Maer_23_08-1030x773.jpg' width='1030' height='773' title='Schweden_Maer_23_08' alt=''  itemprop=\"thumbnailUrl\"   \/><\/div><\/li><li  class=' slide-13 ' ><div data-rel='slideshow-1' class='avia-slide-wrap '   ><img src='https:\/\/www2.bbs-me.de\/wp-content\/uploads\/2022\/10\/Friedenssaeule_2-1030x579.jpg' width='1030' height='579' title='Friedenss\u00e4ule_2' alt=''  itemprop=\"thumbnailUrl\"   \/><\/div><\/li><li  class=' slide-14 ' ><div data-rel='slideshow-1' class='avia-slide-wrap '   ><img src='https:\/\/www2.bbs-me.de\/wp-content\/uploads\/2021\/10\/20211012_145342-1030x464.jpg' width='1030' height='464' title='20211012_145342' alt=''  itemprop=\"thumbnailUrl\"   \/><\/div><\/li><\/ul><div class='avia-slideshow-arrows avia-slideshow-controls'><a href='#prev' class='prev-slide' aria-hidden='true' data-av_icon='\ue87c' data-av_iconfont='entypo-fontello'>Zur\u00fcck<\/a><a href='#next' class='next-slide' aria-hidden='true' data-av_icon='\ue87d' data-av_iconfont='entypo-fontello'>Weiter<\/a><\/div><div class='avia-slideshow-dots avia-slideshow-controls'><a href='#1' class='goto-slide active' >1<\/a><a href='#2' class='goto-slide ' >2<\/a><a href='#3' class='goto-slide ' >3<\/a><a href='#4' class='goto-slide ' >4<\/a><a href='#5' class='goto-slide ' >5<\/a><a href='#6' class='goto-slide ' >6<\/a><a href='#7' class='goto-slide ' >7<\/a><a href='#8' class='goto-slide ' >8<\/a><a href='#9' class='goto-slide ' >9<\/a><a href='#10' class='goto-slide ' >10<\/a><a href='#11' class='goto-slide ' >11<\/a><a href='#12' class='goto-slide ' >12<\/a><a href='#13' class='goto-slide ' >13<\/a><a href='#14' class='goto-slide ' >14<\/a><\/div><\/div><br \/>\n<div  style='height:50px' class='hr hr-invisible   avia-builder-el-4  el_after_av_slideshow  el_before_av_image '><span class='hr-inner ' ><span class='hr-inner-style'><\/span><\/span><\/div><br \/>\n<div  class='avia-image-container  av-styling-    avia-builder-el-5  el_after_av_hr  el_before_av_button  avia-align-center '  itemprop=\"image\" itemscope=\"itemscope\" itemtype=\"https:\/\/schema.org\/ImageObject\"  ><div class='avia-image-container-inner'><div class='avia-image-overlay-wrap'><img class='avia_image' src='https:\/\/www2.bbs-me.de\/wp-content\/uploads\/2024\/12\/v12-002-1030x731.jpg' alt='' title='v12 (002)' height=\"731\" width=\"1030\"  itemprop=\"thumbnailUrl\"  \/><\/div><\/div><\/div><br \/>\n<div  class='avia-button-wrap avia-button-left  avia-builder-el-6  el_after_av_image  el_before_av_button ' ><a href='https:\/\/www2.bbs-me.de\/index.php\/download\/20686\/'  class='avia-button   avia-icon_select-yes-left-icon avia-color-custom avia-size-small avia-position-left '  target=\"_blank\"  style='background-color:#3089e8; border-color:#3089e8; color:#ffffff; ' ><span class='avia_button_icon avia_button_icon_left ' aria-hidden='true' data-av_icon='\ue82d' data-av_iconfont='entypo-fontello'><\/span><span class='avia_iconbox_title' >Info-Flyer BGT Technikschwerpunkte<\/span><\/a><\/div><br \/>\n<div  class='avia-button-wrap avia-button-left  avia-builder-el-7  el_after_av_button  avia-builder-el-last ' ><a href='https:\/\/www2.bbs-me.de\/index.php\/download\/20692\/'  class='avia-button   avia-icon_select-yes-left-icon avia-color-custom avia-size-small avia-position-left '  target=\"_blank\"  style='background-color:#3089e8; border-color:#3089e8; color:#ffffff; ' ><span class='avia_button_icon avia_button_icon_left ' aria-hidden='true' data-av_icon='\ue82d' data-av_iconfont='entypo-fontello'><\/span><span class='avia_iconbox_title' >Info-Flyer BGT Allgemein<\/span><\/a><\/div><\/p><\/div><\/p>\n","protected":false},"excerpt":{"rendered":"","protected":false},"author":46,"featured_media":0,"parent":0,"menu_order":0,"comment_status":"closed","ping_status":"closed","template":"","meta":{"footnotes":""},"page_category":[],"yoast_head":"<!-- This site is optimized with the Yoast SEO plugin v22.8 - https:\/\/yoast.com\/wordpress\/plugins\/seo\/ -->\n<title>Infoabend BGT 28.01.2025 - bbs|me<\/title>\n<meta name=\"robots\" content=\"index, follow, max-snippet:-1, max-image-preview:large, max-video-preview:-1\" \/>\n<link rel=\"canonical\" href=\"https:\/\/www2.bbs-me.de\/index.php\/infoabend-bgt-28-01-2025\/\" \/>\n<meta property=\"og:locale\" content=\"de_DE\" \/>\n<meta property=\"og:type\" content=\"article\" \/>\n<meta property=\"og:title\" content=\"Infoabend BGT 28.01.2025 - bbs|me\" \/>\n<meta property=\"og:url\" content=\"https:\/\/www2.bbs-me.de\/index.php\/infoabend-bgt-28-01-2025\/\" \/>\n<meta property=\"og:site_name\" content=\"bbs|me\" \/>\n<meta property=\"article:modified_time\" content=\"2025-01-18T12:25:56+00:00\" \/>\n<meta name=\"twitter:card\" content=\"summary_large_image\" \/>\n<meta name=\"twitter:label1\" content=\"Gesch\u00e4tzte Lesezeit\" \/>\n\t<meta name=\"twitter:data1\" content=\"9\u00a0Minuten\" \/>\n<script type=\"application\/ld+json\" class=\"yoast-schema-graph\">{\"@context\":\"https:\/\/schema.org\",\"@graph\":[{\"@type\":\"WebPage\",\"@id\":\"https:\/\/www2.bbs-me.de\/index.php\/infoabend-bgt-28-01-2025\/\",\"url\":\"https:\/\/www2.bbs-me.de\/index.php\/infoabend-bgt-28-01-2025\/\",\"name\":\"Infoabend BGT 28.01.2025 - bbs|me\",\"isPartOf\":{\"@id\":\"https:\/\/www2.bbs-me.de\/#website\"},\"datePublished\":\"2024-11-27T07:35:09+00:00\",\"dateModified\":\"2025-01-18T12:25:56+00:00\",\"breadcrumb\":{\"@id\":\"https:\/\/www2.bbs-me.de\/index.php\/infoabend-bgt-28-01-2025\/#breadcrumb\"},\"inLanguage\":\"de\",\"potentialAction\":[{\"@type\":\"ReadAction\",\"target\":[\"https:\/\/www2.bbs-me.de\/index.php\/infoabend-bgt-28-01-2025\/\"]}]},{\"@type\":\"BreadcrumbList\",\"@id\":\"https:\/\/www2.bbs-me.de\/index.php\/infoabend-bgt-28-01-2025\/#breadcrumb\",\"itemListElement\":[{\"@type\":\"ListItem\",\"position\":1,\"name\":\"Startseite\",\"item\":\"https:\/\/www2.bbs-me.de\/\"},{\"@type\":\"ListItem\",\"position\":2,\"name\":\"Infoabend BGT 28.01.2025\"}]},{\"@type\":\"WebSite\",\"@id\":\"https:\/\/www2.bbs-me.de\/#website\",\"url\":\"https:\/\/www2.bbs-me.de\/\",\"name\":\"bbs|me\",\"description\":\"Otto-Brenner-Schule - Berufsbildende Schule Metalltechnik \u2022 Elektrotechnik der Region Hannover\",\"potentialAction\":[{\"@type\":\"SearchAction\",\"target\":{\"@type\":\"EntryPoint\",\"urlTemplate\":\"https:\/\/www2.bbs-me.de\/?s={search_term_string}\"},\"query-input\":\"required name=search_term_string\"}],\"inLanguage\":\"de\"}]}<\/script>\n<!-- \/ Yoast SEO plugin. -->","yoast_head_json":{"title":"Infoabend BGT 28.01.2025 - bbs|me","robots":{"index":"index","follow":"follow","max-snippet":"max-snippet:-1","max-image-preview":"max-image-preview:large","max-video-preview":"max-video-preview:-1"},"canonical":"https:\/\/www2.bbs-me.de\/index.php\/infoabend-bgt-28-01-2025\/","og_locale":"de_DE","og_type":"article","og_title":"Infoabend BGT 28.01.2025 - bbs|me","og_url":"https:\/\/www2.bbs-me.de\/index.php\/infoabend-bgt-28-01-2025\/","og_site_name":"bbs|me","article_modified_time":"2025-01-18T12:25:56+00:00","twitter_card":"summary_large_image","twitter_misc":{"Gesch\u00e4tzte Lesezeit":"9\u00a0Minuten"},"schema":{"@context":"https:\/\/schema.org","@graph":[{"@type":"WebPage","@id":"https:\/\/www2.bbs-me.de\/index.php\/infoabend-bgt-28-01-2025\/","url":"https:\/\/www2.bbs-me.de\/index.php\/infoabend-bgt-28-01-2025\/","name":"Infoabend BGT 28.01.2025 - bbs|me","isPartOf":{"@id":"https:\/\/www2.bbs-me.de\/#website"},"datePublished":"2024-11-27T07:35:09+00:00","dateModified":"2025-01-18T12:25:56+00:00","breadcrumb":{"@id":"https:\/\/www2.bbs-me.de\/index.php\/infoabend-bgt-28-01-2025\/#breadcrumb"},"inLanguage":"de","potentialAction":[{"@type":"ReadAction","target":["https:\/\/www2.bbs-me.de\/index.php\/infoabend-bgt-28-01-2025\/"]}]},{"@type":"BreadcrumbList","@id":"https:\/\/www2.bbs-me.de\/index.php\/infoabend-bgt-28-01-2025\/#breadcrumb","itemListElement":[{"@type":"ListItem","position":1,"name":"Startseite","item":"https:\/\/www2.bbs-me.de\/"},{"@type":"ListItem","position":2,"name":"Infoabend BGT 28.01.2025"}]},{"@type":"WebSite","@id":"https:\/\/www2.bbs-me.de\/#website","url":"https:\/\/www2.bbs-me.de\/","name":"bbs|me","description":"Otto-Brenner-Schule - Berufsbildende Schule Metalltechnik \u2022 Elektrotechnik der Region Hannover","potentialAction":[{"@type":"SearchAction","target":{"@type":"EntryPoint","urlTemplate":"https:\/\/www2.bbs-me.de\/?s={search_term_string}"},"query-input":"required name=search_term_string"}],"inLanguage":"de"}]}},"publishpress_future_action":{"enabled":false,"date":"2026-04-12 22:15:22","action":"change-status","newStatus":"draft","terms":[],"taxonomy":"page_category"},"_links":{"self":[{"href":"https:\/\/www2.bbs-me.de\/index.php\/wp-json\/wp\/v2\/pages\/28684"}],"collection":[{"href":"https:\/\/www2.bbs-me.de\/index.php\/wp-json\/wp\/v2\/pages"}],"about":[{"href":"https:\/\/www2.bbs-me.de\/index.php\/wp-json\/wp\/v2\/types\/page"}],"author":[{"embeddable":true,"href":"https:\/\/www2.bbs-me.de\/index.php\/wp-json\/wp\/v2\/users\/46"}],"replies":[{"embeddable":true,"href":"https:\/\/www2.bbs-me.de\/index.php\/wp-json\/wp\/v2\/comments?post=28684"}],"version-history":[{"count":7,"href":"https:\/\/www2.bbs-me.de\/index.php\/wp-json\/wp\/v2\/pages\/28684\/revisions"}],"predecessor-version":[{"id":28901,"href":"https:\/\/www2.bbs-me.de\/index.php\/wp-json\/wp\/v2\/pages\/28684\/revisions\/28901"}],"wp:attachment":[{"href":"https:\/\/www2.bbs-me.de\/index.php\/wp-json\/wp\/v2\/media?parent=28684"}],"wp:term":[{"taxonomy":"page_category","embeddable":true,"href":"https:\/\/www2.bbs-me.de\/index.php\/wp-json\/wp\/v2\/page_category?post=28684"}],"curies":[{"name":"wp","href":"https:\/\/api.w.org\/{rel}","templated":true}]}}