{"id":4269,"date":"2016-03-04T14:32:15","date_gmt":"2016-03-04T13:32:15","guid":{"rendered":"https:\/\/www2.bbs-me.de\/?page_id=4269"},"modified":"2022-12-20T12:04:34","modified_gmt":"2022-12-20T11:04:34","slug":"fertigungstechnik","status":"publish","type":"page","link":"https:\/\/www2.bbs-me.de\/index.php\/kompetenzzentren\/fertigungstechnik\/","title":{"rendered":"FTZ &#8211; Fertigungstechnisches Lernzentrum"},"content":{"rendered":"<div id='basic-article'  class='av-layout-grid-container entry-content-wrapper header_color av-flex-cells     avia-builder-el-0  el_before_av_layout_row  avia-builder-el-first  container_wrap sidebar_right' style=' '  >\n<div class=\"flex_cell no_margin av_one_full  avia-builder-el-1  avia-builder-el-no-sibling   \"  style='vertical-align:top; padding:30px; ' ><div class='flex_cell_inner' ><p><div  style='padding-bottom:10px; ' class='av-special-heading av-special-heading-h1  blockquote modern-quote  avia-builder-el-2  el_before_av_hr  avia-builder-el-first  '><h1 class='av-special-heading-tag '  itemprop=\"headline\"  >Fertigungstechnisches Lernzentrum<\/h1><div class='special-heading-border'><div class='special-heading-inner-border' ><\/div><\/div><\/div><br \/>\n<div   class='hr hr-default   avia-builder-el-3  el_after_av_heading  el_before_av_textblock '><span class='hr-inner ' ><span class='hr-inner-style'><\/span><\/span><\/div><br \/>\n<section class=\"av_textblock_section \"  itemscope=\"itemscope\" itemtype=\"https:\/\/schema.org\/CreativeWork\" ><div class='avia_textblock  '  style='font-size:16px; '  itemprop=\"text\" ><p>.<img loading=\"lazy\" decoding=\"async\" class=\"alignright\" src=\"https:\/\/www2.bbs-me.de\/wp-content\/uploads\/2016\/03\/A1_CNC-Pracht-1030x685.jpg\" width=\"594\" height=\"395\" \/><\/p>\n<p>Das Fertigungstechnische Lernzentrum; kurz FTZ; verfolgt die Idee eines schulform\u00fcbergreifenden Modells zur Ausbildung an CNC-Werkzeugmaschinen. Kern der Idee ist die Abbildung\u00a0\u00a0des gesamten Handlungskreises von der Planung bis zur Endkontrolle. Das 2014 ins Leben gerufene Konzept b\u00fcndelt damit Berufe, deren Kernkompetenz die Fertigung ist.<\/p>\n<p>An der bbs|<span style=\"color: #0000ff;\">m<\/span><span style=\"color: #ff00ff;\">e<\/span> der Region Hannover werden im FTZ aus dem <strong>Berufsfeld Metall<\/strong> die Ausbildungsberufe<\/p>\n<ul>\n<li>Feinwerkmechaniker,<\/li>\n<li>Fertigungsmechaniker,<\/li>\n<li>Konstruktionsmechaniker,<\/li>\n<li>Maschinen- und Anlagenf\u00fchrer,<\/li>\n<li>Technische Produktdesigner,<\/li>\n<li>Technische Zeichner,<\/li>\n<li>Werkzeugmechaniker und<\/li>\n<li>Zerspanungsmechaniker<br \/>\nbeschult.<\/li>\n<\/ul>\n<p>Im Bereich der<strong> Vollzeitschulen<\/strong> spiegelt sich die Schwerpunktsetzung in der <strong>einj\u00e4hrigen Berufsfachschule Metalltechnik<\/strong> mit den Schwerpunkten Fertigungstechnik und Metallbautechnik wider.<br \/>\nAuch bei der Ausbildung der <strong>Techniker<\/strong> in den <strong>Fachschulen Maschinentechnik und Metallbautechnik<\/strong> ist die Fertigungstechnik ein wesentlicher Bestandteil. Gleiches gilt ebenso f\u00fcr die <strong>Fachoberschule Technik<\/strong> und f\u00fcr das<strong> berufliche Gymnasium Technik<\/strong>, jeweils mit den Schwerpunkten Metalltechnik.<\/p>\n<p>Um den Anspr\u00fcchen einer zukunftsf\u00e4higen Ausbildung in den fertigungstechnischen Berufen gerecht zu werden, bedarf es dem kontinuierlichen Austausch aller Beteiligten.<br \/>\nEin Ziel des FTZ ist ein Konzept zu entwickeln, das m\u00f6glichst viele Bildungsg\u00e4nge ber\u00fccksichtigt und Synergieeffekte nutzt.\u00a0Im Zentrum der Weiterentwicklung der Fertigungstechnik steht die CNC-Technik, sowohl auf der Seite der Maschinen als auch auf der Seite der Steuerungen bzw. Programmierung.<\/p>\n<p>Die Anwendung der CNC-Technik bildet ein wesentliches berufliches Handlungsfeld der Zerspanungsmechaniker. Aber die CNC-Technik spielt in der beruflichen Erstausbildung auch bei den Werkzeugmechanikern, den Fertigungsmechanikern und den Feinwerkmechanikern eine wichtige Rolle. Bei den Konstruktionsmechanikern und Metallbauern wird diese Technik zunehmend bei der Blechbearbeitung eingesetzt. F\u00fcr die Technischen Zeichner\/technischen Produktdesigner gewinnt die CAD\/CAM-Kopplung immer mehr an Bedeutung. Schlie\u00dflich wird die CNC-Technik auch im Bereich der Orthop\u00e4diemechaniker zunehmend eingesetzt.<\/p>\n<p>Dieses Anforderungsfeld spielt siegelt sich auch in der derzeitigen Ausrichtung und Ausstattung des FTZ wieder:<\/p>\n<ul>\n<li>Es stehen 26 Sch\u00fclerarbeitspl\u00e4tze zur Mehrachsprogrammierung mit Siemens SinuTrain zur Verf\u00fcgung. Jeder Arbeitsplatz ist voll CAM f\u00e4hig, d.h. es kann mit InventorCam das im Virtuellen konstruierten Bauteil f\u00fcr die jeweilige Fertigungsaufgabe vorbereitet werden.<\/li>\n<\/ul>\n<p>Zur Fertigung stehen dann eine Spinner VC450 3+2 Achs Fr\u00e4smaschine und eine DMG CTX450 Drehmaschine mit angetriebenen Werkzeugen zur Verf\u00fcgung. W\u00e4hrend der Fertigung k\u00f6nnen zudem die Kr\u00e4fte aufgenommen werden, sodass auch R\u00fcckschl\u00fcsse auf die ausgew\u00e4hlten technologischen Randbedingungen gezogen m\u00f6glich werden.<\/p>\n<p>Nach der Fertigung bietet das FTZ die Option der Vermessung des gefertigten Bauteils auf einem handgef\u00fchrten Koordinatenmessarm. So kann neben der klassischen Messtechnik auch auf modernste Messmethoden zur\u00fcckgegriffen werden und den Lernenden aller Leistungsstufen ein passendes Angebot unterbreitet werden.<\/p>\n<p>Hierbei unterst\u00fctzen uns ma\u00dfgeblich unsere Partnerfirmen aus der Industrie, sei es bei Mitarbeiterupdates oder Probleml\u00f6sungen. Die bbs|<span style=\"color: #0000ff;\">m<\/span><span style=\"color: #ff00ff;\">e<\/span> ist Bildungspartner mit Siemens und darf entsprechend Zertifikate \u00fcber die unterschiedlichen Programmiergebiete nach Siemensstandard ausgeben.<\/p>\n<\/div><\/section><\/p>\n<\/div><\/div>\n<\/div>\n<div id='av-layout-grid-2'  class='av-layout-grid-container entry-content-wrapper header_color av-flex-cells     avia-builder-el-5  el_after_av_layout_row  el_before_av_layout_row  submenu-not-first container_wrap sidebar_right' style=' '  >\n<div class=\"flex_cell no_margin av_one_half  avia-builder-el-6  el_before_av_cell_one_half  avia-builder-el-first   \"  style='vertical-align:top; padding:30px; ' ><div class='flex_cell_inner' ><p><div  style='padding-bottom:10px; ' class='av-special-heading av-special-heading-h3  blockquote modern-quote  avia-builder-el-7  el_before_av_textblock  avia-builder-el-first  '><h3 class='av-special-heading-tag '  itemprop=\"headline\"  >Ausstattung<\/h3><div class ='av-subheading av-subheading_below  ' style='font-size:16px;'><p>Spinner VC450<br \/>\nDMG CTX 310 ecoline<br \/>\n26 Programmierpl\u00e4tze<br \/>\nSpike Kraftmesssystem<br \/>\nHexagon RomerAbsolute Koordinatenmessarm<\/p>\n<\/div><div class='special-heading-border'><div class='special-heading-inner-border' ><\/div><\/div><\/div><br \/>\n<section class=\"av_textblock_section \"  itemscope=\"itemscope\" itemtype=\"https:\/\/schema.org\/CreativeWork\" ><div class='avia_textblock  '  style='font-size:14px; '  itemprop=\"text\" ><p>Unser kombinierter Schulungs- und Fertigungsbereich ist mit modernen CNC-Werkzeugmaschinen ausgestattet.<\/p>\n<p><strong>Fr\u00e4sen<\/strong><br \/>\nSpinner VC450 mit SINUMERIK 840D sl Steuerung<br \/>\n5-Achsen-Fr\u00e4smaschine<\/p>\n<p><strong>Drehen<\/strong><br \/>\nDMG CTX 310 ecoline mit SINUMERIK 840D sl Steuerung<br \/>\n2-Achsen-Univesal-Drehmaschine mit angetriebenen Werkzeugen (12-fach Werkzeugrevolver) und C-Achse<\/p>\n<\/div><\/section><\/p>\n<\/div><\/div><div class=\"flex_cell no_margin av_one_half  avia-builder-el-9  el_after_av_cell_one_half  avia-builder-el-last   \"  style='vertical-align:top; padding:30px; ' ><div class='flex_cell_inner' ><p><div  style='padding-bottom:10px; ' class='av-special-heading av-special-heading-h3  blockquote modern-quote  avia-builder-el-10  el_before_av_hr  avia-builder-el-first  '><h3 class='av-special-heading-tag '  itemprop=\"headline\"  >Bildungspartner<\/h3><div class ='av-subheading av-subheading_below  ' style='font-size:16px;'><p>Siemens<br \/>\nHexagon<\/p>\n<\/div><div class='special-heading-border'><div class='special-heading-inner-border' ><\/div><\/div><\/div><br \/>\n<div  style='height:1px; margin-top:0px'  class='hr hr-invisible   avia-builder-el-11  el_after_av_heading  avia-builder-el-last '><span class='hr-inner ' ><span class='hr-inner-style'><\/span><\/span><\/div><\/p>\n<\/div><\/div>\n<\/div>\n<div id='av-layout-grid-3'  class='av-layout-grid-container entry-content-wrapper header_color av-flex-cells     avia-builder-el-12  el_after_av_layout_row  el_before_av_section  submenu-not-first container_wrap sidebar_right' style=' '  >\n<div class=\"flex_cell no_margin av_one_full  avia-builder-el-13  avia-builder-el-no-sibling   \"  style='vertical-align:top; padding:30px; ' ><div class='flex_cell_inner' ><div  style='height:30px' class='hr hr-invisible   avia-builder-el-14  avia-builder-el-no-sibling '><span class='hr-inner ' ><span class='hr-inner-style'><\/span><\/span><\/div>\n<\/div><\/div>\n<\/div>\n<div id='more-information'  class='avia-section header_color avia-section-default avia-no-shadow  avia-bg-style-scroll  avia-builder-el-15  el_after_av_layout_row  el_before_av_hr   container_wrap sidebar_right' style=' '  ><div class='container' ><div class='template-page content  av-content-small alpha units'><div class='post-entry post-entry-type-page post-entry-4269'><div class='entry-content-wrapper clearfix'>\n<div  style='height:10px' class='hr hr-invisible   avia-builder-el-16  el_before_av_one_half  avia-builder-el-first '><span class='hr-inner ' ><span class='hr-inner-style'><\/span><\/span><\/div>\n<div class=\"flex_column av_one_half  flex_column_div first  avia-builder-el-17  el_after_av_hr  el_before_av_one_half  \" ><p><div  style='padding-bottom:10px; font-size:20px;' class='av-special-heading av-special-heading-h3  blockquote modern-quote  avia-builder-el-18  el_before_av_catalogue  avia-builder-el-first  av-inherit-size '><h3 class='av-special-heading-tag '  itemprop=\"headline\"  >Ausbildung und Training<\/h3><div class='special-heading-border'><div class='special-heading-inner-border' ><\/div><\/div><\/div><br \/>\n<div  class='av-catalogue-container   avia-builder-el-19  el_after_av_heading  avia-builder-el-last '><ul class='av-catalogue-list'>\n<li><a href='https:\/\/www2.bbs-me.de\/index.php\/kompetenzzentren\/fertigungstechnik\/fertigungstechnik\/'  class='av-catalogue-item'><img src='https:\/\/www2.bbs-me.de\/wp-content\/uploads\/2016\/01\/document-arrow-right-icon-180x180.png' title='' alt='' class='av-catalogue-image' \/><div class='av-catalogue-item-inner'><div class='av-catalogue-title-container'><div class='av-catalogue-title'>CNC-Programmierung mit Sinutrain von Siemens<\/div><div class='av-catalogue-price'><\/div><\/div><div class=\"av-catalogue-content\"><\/div><\/div><\/a><\/li>\n<li><a href='https:\/\/www2.bbs-me.de\/index.php\/kompetenzzentren\/fertigungstechnik\/fertigungstechnik-2\/'  class='av-catalogue-item'><img src='https:\/\/www2.bbs-me.de\/wp-content\/uploads\/2016\/01\/document-arrow-right-icon-180x180.png' title='' alt='' class='av-catalogue-image' \/><div class='av-catalogue-item-inner'><div class='av-catalogue-title-container'><div class='av-catalogue-title'>CNC-Programmierung mit CAD\/CAM-Software<\/div><div class='av-catalogue-price'><\/div><\/div><div class=\"av-catalogue-content\"><\/div><\/div><\/a><\/li>\n<\/ul><\/div><\/p><\/div><div class=\"flex_column av_one_half  flex_column_div av-zero-column-padding   avia-builder-el-20  el_after_av_one_half  el_before_av_one_half  \" style='border-radius:0px; '><p><div  style='padding-bottom:10px; font-size:20px;' class='av-special-heading av-special-heading-h3  blockquote modern-quote  avia-builder-el-21  el_before_av_catalogue  avia-builder-el-first  av-inherit-size '><h3 class='av-special-heading-tag '  itemprop=\"headline\"  >Fortbildung und Zertifizierung<\/h3><div class='special-heading-border'><div class='special-heading-inner-border' ><\/div><\/div><\/div><br \/>\n<div  class='av-catalogue-container   avia-builder-el-22  el_after_av_heading  avia-builder-el-last '><ul class='av-catalogue-list'>\n<li><a href='https:\/\/www2.bbs-me.de\/index.php\/kompetenzzentren\/fertigungstechnik\/fertigungstechnik-3\/'  class='av-catalogue-item'><img src='https:\/\/www2.bbs-me.de\/wp-content\/uploads\/2016\/01\/document-arrow-right-icon-180x180.png' title='' alt='' class='av-catalogue-image' \/><div class='av-catalogue-item-inner'><div class='av-catalogue-title-container'><div class='av-catalogue-title'>Zertifizierung<\/div><div class='av-catalogue-price'><\/div><\/div><div class=\"av-catalogue-content\"><\/div><\/div><\/a><\/li>\n<li><a href='https:\/\/www2.bbs-me.de\/index.php\/kompetenzzentren\/fertigungstechnik\/fertigungstechnik-4\/'  class='av-catalogue-item'><img src='https:\/\/www2.bbs-me.de\/wp-content\/uploads\/2016\/01\/document-arrow-right-icon-180x180.png' title='' alt='' class='av-catalogue-image' \/><div class='av-catalogue-item-inner'><div class='av-catalogue-title-container'><div class='av-catalogue-title'>Fortbildungen<\/div><div class='av-catalogue-price'><\/div><\/div><div class=\"av-catalogue-content\"><\/div><\/div><\/a><\/li>\n<\/ul><\/div><\/p><\/div><div class=\"flex_column av_one_half  flex_column_div first  avia-builder-el-23  el_after_av_one_half  el_before_av_one_half  column-top-margin\" ><section class=\"av_textblock_section \"  itemscope=\"itemscope\" itemtype=\"https:\/\/schema.org\/CreativeWork\" ><div class='avia_textblock  '   itemprop=\"text\" ><h2>Ansprechpartner:<\/h2>\n<\/div><\/section><br \/>\n<section class=\"av_textblock_section \"  itemscope=\"itemscope\" itemtype=\"https:\/\/schema.org\/CreativeWork\" ><div class='avia_textblock  '   itemprop=\"text\" ><p><a href=\"mailto:h.scheffer@bbs-me.de\">H. Scheffer<\/a><\/p>\n<\/div><\/section><br \/>\n<section class=\"av_textblock_section \"  itemscope=\"itemscope\" itemtype=\"https:\/\/schema.org\/CreativeWork\" ><div class='avia_textblock  '   itemprop=\"text\" ><p><a href=\"mailto:bode@bbs-me.de\">S. Bode<\/a><\/p>\n<\/div><\/section><br \/>\n<section class=\"av_textblock_section \"  itemscope=\"itemscope\" itemtype=\"https:\/\/schema.org\/CreativeWork\" ><div class='avia_textblock  '   itemprop=\"text\" ><p><a href=\"mailto:pracht@bbs-me.de\">H. Pracht<\/a><\/p>\n<\/div><\/section><br \/>\n<section class=\"av_textblock_section \"  itemscope=\"itemscope\" itemtype=\"https:\/\/schema.org\/CreativeWork\" ><div class='avia_textblock  '   itemprop=\"text\" ><p><a href=\"mailto:hansel@bbs-me.de\">M. Hansel<\/a><\/p>\n<\/div><\/section><br \/>\n<section class=\"av_textblock_section \"  itemscope=\"itemscope\" itemtype=\"https:\/\/schema.org\/CreativeWork\" ><div class='avia_textblock  '   itemprop=\"text\" ><p><a href=\"mailto:Diegmann@bbs-me.de\">M. Diegmann<\/a><\/p>\n<\/div><\/section><\/p><\/div><div class=\"flex_column av_one_half  flex_column_div av-zero-column-padding   avia-builder-el-30  el_after_av_one_half  avia-builder-el-last  column-top-margin\" style='border-radius:0px; '><p><div  style='padding-bottom:10px; font-size:20px;' class='av-special-heading av-special-heading-h3  blockquote modern-quote  avia-builder-el-31  el_before_av_catalogue  avia-builder-el-first  av-inherit-size av-linked-heading '><h3 class='av-special-heading-tag '  itemprop=\"headline\"  ><a href=\"https:\/\/www2.bbs-me.de\/index.php\/kompetenzzentren\/fertigungstechnik\/ftz-additive-fertigung\/\">additive Fertigung<\/a><\/h3><div class='special-heading-border'><div class='special-heading-inner-border' ><\/div><\/div><\/div><br \/>\n<div  class='av-catalogue-container   avia-builder-el-32  el_after_av_heading  avia-builder-el-last '><ul class='av-catalogue-list'>\n<li><a href='https:\/\/www2.bbs-me.de\/index.php\/kompetenzzentren\/fertigungstechnik\/ftz-additive-fertigung\/'  target=\"_blank\"  class='av-catalogue-item'><img src='https:\/\/www2.bbs-me.de\/wp-content\/uploads\/2016\/01\/document-arrow-right-icon-180x180.png' title='' alt='' class='av-catalogue-image' \/><div class='av-catalogue-item-inner'><div class='av-catalogue-title-container'><div class='av-catalogue-title'>additive Fertigung<\/div><div class='av-catalogue-price'><\/div><\/div><div class=\"av-catalogue-content\"><\/div><\/div><\/a><\/li>\n<\/ul><\/div><\/p><\/div><\/div><\/div><\/div><!-- close content main div --><\/div><\/div><div id='after_section_1'  class='main_color av_default_container_wrap container_wrap sidebar_right' style=' '  ><div class='container' ><div class='template-page content  av-content-small alpha units'><div class='post-entry post-entry-type-page post-entry-4269'><div class='entry-content-wrapper clearfix'><div  style='height:20px' class='hr hr-invisible   avia-builder-el-33  el_after_av_section  avia-builder-el-no-sibling '><span class='hr-inner ' ><span class='hr-inner-style'><\/span><\/span><\/div><\/p>\n","protected":false},"excerpt":{"rendered":"","protected":false},"author":8,"featured_media":0,"parent":3728,"menu_order":0,"comment_status":"closed","ping_status":"closed","template":"","meta":{"footnotes":""},"page_category":[81],"yoast_head":"<!-- This site is optimized with the Yoast SEO plugin v22.8 - https:\/\/yoast.com\/wordpress\/plugins\/seo\/ -->\n<title>FTZ - Fertigungstechnisches Lernzentrum - bbs|me<\/title>\n<meta name=\"robots\" content=\"index, follow, max-snippet:-1, max-image-preview:large, max-video-preview:-1\" \/>\n<link rel=\"canonical\" href=\"https:\/\/www2.bbs-me.de\/index.php\/kompetenzzentren\/fertigungstechnik\/\" \/>\n<meta property=\"og:locale\" content=\"de_DE\" \/>\n<meta property=\"og:type\" content=\"article\" \/>\n<meta property=\"og:title\" content=\"FTZ - Fertigungstechnisches Lernzentrum - bbs|me\" \/>\n<meta property=\"og:url\" content=\"https:\/\/www2.bbs-me.de\/index.php\/kompetenzzentren\/fertigungstechnik\/\" \/>\n<meta property=\"og:site_name\" content=\"bbs|me\" \/>\n<meta property=\"article:modified_time\" content=\"2022-12-20T11:04:34+00:00\" \/>\n<meta property=\"og:image\" content=\"https:\/\/www2.bbs-me.de\/wp-content\/uploads\/2016\/03\/A1_CNC-Pracht-1030x685.jpg\" \/>\n<meta name=\"twitter:card\" content=\"summary_large_image\" \/>\n<meta name=\"twitter:label1\" content=\"Gesch\u00e4tzte Lesezeit\" \/>\n\t<meta name=\"twitter:data1\" content=\"10\u00a0Minuten\" \/>\n<script type=\"application\/ld+json\" class=\"yoast-schema-graph\">{\"@context\":\"https:\/\/schema.org\",\"@graph\":[{\"@type\":\"WebPage\",\"@id\":\"https:\/\/www2.bbs-me.de\/index.php\/kompetenzzentren\/fertigungstechnik\/\",\"url\":\"https:\/\/www2.bbs-me.de\/index.php\/kompetenzzentren\/fertigungstechnik\/\",\"name\":\"FTZ - Fertigungstechnisches Lernzentrum - bbs|me\",\"isPartOf\":{\"@id\":\"https:\/\/www2.bbs-me.de\/#website\"},\"primaryImageOfPage\":{\"@id\":\"https:\/\/www2.bbs-me.de\/index.php\/kompetenzzentren\/fertigungstechnik\/#primaryimage\"},\"image\":{\"@id\":\"https:\/\/www2.bbs-me.de\/index.php\/kompetenzzentren\/fertigungstechnik\/#primaryimage\"},\"thumbnailUrl\":\"https:\/\/www2.bbs-me.de\/wp-content\/uploads\/2016\/03\/A1_CNC-Pracht-1030x685.jpg\",\"datePublished\":\"2016-03-04T13:32:15+00:00\",\"dateModified\":\"2022-12-20T11:04:34+00:00\",\"breadcrumb\":{\"@id\":\"https:\/\/www2.bbs-me.de\/index.php\/kompetenzzentren\/fertigungstechnik\/#breadcrumb\"},\"inLanguage\":\"de\",\"potentialAction\":[{\"@type\":\"ReadAction\",\"target\":[\"https:\/\/www2.bbs-me.de\/index.php\/kompetenzzentren\/fertigungstechnik\/\"]}]},{\"@type\":\"ImageObject\",\"inLanguage\":\"de\",\"@id\":\"https:\/\/www2.bbs-me.de\/index.php\/kompetenzzentren\/fertigungstechnik\/#primaryimage\",\"url\":\"https:\/\/www2.bbs-me.de\/wp-content\/uploads\/2016\/03\/A1_CNC-Pracht.jpg\",\"contentUrl\":\"https:\/\/www2.bbs-me.de\/wp-content\/uploads\/2016\/03\/A1_CNC-Pracht.jpg\",\"width\":1600,\"height\":1064,\"caption\":\"????????????????????????????????????\"},{\"@type\":\"BreadcrumbList\",\"@id\":\"https:\/\/www2.bbs-me.de\/index.php\/kompetenzzentren\/fertigungstechnik\/#breadcrumb\",\"itemListElement\":[{\"@type\":\"ListItem\",\"position\":1,\"name\":\"Startseite\",\"item\":\"https:\/\/www2.bbs-me.de\/\"},{\"@type\":\"ListItem\",\"position\":2,\"name\":\"Lernzentren\",\"item\":\"https:\/\/www2.bbs-me.de\/index.php\/kompetenzzentren\/\"},{\"@type\":\"ListItem\",\"position\":3,\"name\":\"FTZ &#8211; Fertigungstechnisches Lernzentrum\"}]},{\"@type\":\"WebSite\",\"@id\":\"https:\/\/www2.bbs-me.de\/#website\",\"url\":\"https:\/\/www2.bbs-me.de\/\",\"name\":\"bbs|me\",\"description\":\"Otto-Brenner-Schule - Berufsbildende Schule Metalltechnik \u2022 Elektrotechnik der Region Hannover\",\"potentialAction\":[{\"@type\":\"SearchAction\",\"target\":{\"@type\":\"EntryPoint\",\"urlTemplate\":\"https:\/\/www2.bbs-me.de\/?s={search_term_string}\"},\"query-input\":\"required name=search_term_string\"}],\"inLanguage\":\"de\"}]}<\/script>\n<!-- \/ Yoast SEO plugin. -->","yoast_head_json":{"title":"FTZ - Fertigungstechnisches Lernzentrum - bbs|me","robots":{"index":"index","follow":"follow","max-snippet":"max-snippet:-1","max-image-preview":"max-image-preview:large","max-video-preview":"max-video-preview:-1"},"canonical":"https:\/\/www2.bbs-me.de\/index.php\/kompetenzzentren\/fertigungstechnik\/","og_locale":"de_DE","og_type":"article","og_title":"FTZ - Fertigungstechnisches Lernzentrum - bbs|me","og_url":"https:\/\/www2.bbs-me.de\/index.php\/kompetenzzentren\/fertigungstechnik\/","og_site_name":"bbs|me","article_modified_time":"2022-12-20T11:04:34+00:00","og_image":[{"url":"https:\/\/www2.bbs-me.de\/wp-content\/uploads\/2016\/03\/A1_CNC-Pracht-1030x685.jpg"}],"twitter_card":"summary_large_image","twitter_misc":{"Gesch\u00e4tzte Lesezeit":"10\u00a0Minuten"},"schema":{"@context":"https:\/\/schema.org","@graph":[{"@type":"WebPage","@id":"https:\/\/www2.bbs-me.de\/index.php\/kompetenzzentren\/fertigungstechnik\/","url":"https:\/\/www2.bbs-me.de\/index.php\/kompetenzzentren\/fertigungstechnik\/","name":"FTZ - Fertigungstechnisches Lernzentrum - bbs|me","isPartOf":{"@id":"https:\/\/www2.bbs-me.de\/#website"},"primaryImageOfPage":{"@id":"https:\/\/www2.bbs-me.de\/index.php\/kompetenzzentren\/fertigungstechnik\/#primaryimage"},"image":{"@id":"https:\/\/www2.bbs-me.de\/index.php\/kompetenzzentren\/fertigungstechnik\/#primaryimage"},"thumbnailUrl":"https:\/\/www2.bbs-me.de\/wp-content\/uploads\/2016\/03\/A1_CNC-Pracht-1030x685.jpg","datePublished":"2016-03-04T13:32:15+00:00","dateModified":"2022-12-20T11:04:34+00:00","breadcrumb":{"@id":"https:\/\/www2.bbs-me.de\/index.php\/kompetenzzentren\/fertigungstechnik\/#breadcrumb"},"inLanguage":"de","potentialAction":[{"@type":"ReadAction","target":["https:\/\/www2.bbs-me.de\/index.php\/kompetenzzentren\/fertigungstechnik\/"]}]},{"@type":"ImageObject","inLanguage":"de","@id":"https:\/\/www2.bbs-me.de\/index.php\/kompetenzzentren\/fertigungstechnik\/#primaryimage","url":"https:\/\/www2.bbs-me.de\/wp-content\/uploads\/2016\/03\/A1_CNC-Pracht.jpg","contentUrl":"https:\/\/www2.bbs-me.de\/wp-content\/uploads\/2016\/03\/A1_CNC-Pracht.jpg","width":1600,"height":1064,"caption":"????????????????????????????????????"},{"@type":"BreadcrumbList","@id":"https:\/\/www2.bbs-me.de\/index.php\/kompetenzzentren\/fertigungstechnik\/#breadcrumb","itemListElement":[{"@type":"ListItem","position":1,"name":"Startseite","item":"https:\/\/www2.bbs-me.de\/"},{"@type":"ListItem","position":2,"name":"Lernzentren","item":"https:\/\/www2.bbs-me.de\/index.php\/kompetenzzentren\/"},{"@type":"ListItem","position":3,"name":"FTZ &#8211; Fertigungstechnisches Lernzentrum"}]},{"@type":"WebSite","@id":"https:\/\/www2.bbs-me.de\/#website","url":"https:\/\/www2.bbs-me.de\/","name":"bbs|me","description":"Otto-Brenner-Schule - Berufsbildende Schule Metalltechnik \u2022 Elektrotechnik der Region Hannover","potentialAction":[{"@type":"SearchAction","target":{"@type":"EntryPoint","urlTemplate":"https:\/\/www2.bbs-me.de\/?s={search_term_string}"},"query-input":"required name=search_term_string"}],"inLanguage":"de"}]}},"publishpress_future_action":{"enabled":false,"date":"2026-04-12 22:16:05","action":"change-status","newStatus":"draft","terms":[],"taxonomy":"page_category"},"_links":{"self":[{"href":"https:\/\/www2.bbs-me.de\/index.php\/wp-json\/wp\/v2\/pages\/4269"}],"collection":[{"href":"https:\/\/www2.bbs-me.de\/index.php\/wp-json\/wp\/v2\/pages"}],"about":[{"href":"https:\/\/www2.bbs-me.de\/index.php\/wp-json\/wp\/v2\/types\/page"}],"author":[{"embeddable":true,"href":"https:\/\/www2.bbs-me.de\/index.php\/wp-json\/wp\/v2\/users\/8"}],"replies":[{"embeddable":true,"href":"https:\/\/www2.bbs-me.de\/index.php\/wp-json\/wp\/v2\/comments?post=4269"}],"version-history":[{"count":43,"href":"https:\/\/www2.bbs-me.de\/index.php\/wp-json\/wp\/v2\/pages\/4269\/revisions"}],"predecessor-version":[{"id":27988,"href":"https:\/\/www2.bbs-me.de\/index.php\/wp-json\/wp\/v2\/pages\/4269\/revisions\/27988"}],"up":[{"embeddable":true,"href":"https:\/\/www2.bbs-me.de\/index.php\/wp-json\/wp\/v2\/pages\/3728"}],"wp:attachment":[{"href":"https:\/\/www2.bbs-me.de\/index.php\/wp-json\/wp\/v2\/media?parent=4269"}],"wp:term":[{"taxonomy":"page_category","embeddable":true,"href":"https:\/\/www2.bbs-me.de\/index.php\/wp-json\/wp\/v2\/page_category?post=4269"}],"curies":[{"name":"wp","href":"https:\/\/api.w.org\/{rel}","templated":true}]}}