{"id":4312,"date":"2016-03-04T14:40:00","date_gmt":"2016-03-04T13:40:00","guid":{"rendered":"https:\/\/www2.bbs-me.de\/?page_id=4312"},"modified":"2016-03-06T23:40:54","modified_gmt":"2016-03-06T22:40:54","slug":"fachschule-elektrotechnik-ik","status":"publish","type":"page","link":"https:\/\/www2.bbs-me.de\/index.php\/startseite-dev-dropdown\/technikerschule-2\/fachschule-elektrotechnik-2\/fachschule-elektrotechnik-ik\/","title":{"rendered":"Fachschule Elektrotechnik IK"},"content":{"rendered":"<div id='basic-article'  class='av-layout-grid-container entry-content-wrapper header_color av-flex-cells     avia-builder-el-0  el_before_av_layout_row  avia-builder-el-first  container_wrap sidebar_right' style=' '  >\n<div class=\"flex_cell no_margin av_one_third  avia-builder-el-1  el_before_av_cell_two_third  avia-builder-el-first   \"  style='vertical-align:top; padding:30px; ' ><div class='flex_cell_inner' ><p><div  class='avia-button-wrap avia-button-center  avia-builder-el-2  el_before_av_hr  avia-builder-el-first ' ><a href='https:\/\/berufenet.arbeitsagentur.de\/berufenet\/faces\/index?path=null\/kurzbeschreibung&amp;dkz=' class='avia-button avia-button-fullwidth   avia-icon_select-no avia-color-theme-color ' target=\"_blank\" style='color:; ' rel=\"noopener\"><span class='avia_iconbox_title' >Berufsbeschreibung<\/span><span class='avia_button_background avia-button avia-button-fullwidth avia-color-theme-color-subtle' ><\/span><\/a><\/div><br \/>\n<div   class='hr hr-default   avia-builder-el-3  el_after_av_button_big  el_before_av_image  avia-builder-el-first '><span class='hr-inner ' ><span class='hr-inner-style'><\/span><\/span><\/div><br \/>\n<div  class='avia-image-container  av-styling-    avia-builder-el-4  el_after_av_hr  avia-builder-el-last  avia-align-center '  itemprop=\"image\" itemscope=\"itemscope\" itemtype=\"https:\/\/schema.org\/ImageObject\"  ><div class='avia-image-container-inner'><div class='avia-image-overlay-wrap'><img class='avia_image' src='https:\/\/www2.bbs-me.de\/wp-content\/uploads\/2016\/01\/image_alternate.png' alt='' title='image_alternate' height=\"250\" width=\"340\"  itemprop=\"thumbnailUrl\"  \/><\/div><\/div><\/div><\/p>\n<\/div><\/div><div class=\"flex_cell no_margin av_two_third  avia-builder-el-5  el_after_av_cell_one_third  avia-builder-el-last   \"  style='vertical-align:top; padding:30px; ' ><div class='flex_cell_inner' ><p><div  style='padding-bottom:10px; ' class='av-special-heading av-special-heading-h1  blockquote modern-quote  avia-builder-el-6  el_before_av_textblock  avia-builder-el-first  '><h1 class='av-special-heading-tag '  itemprop=\"headline\"  >Schwerpunkt Informations- und Kommunikationstechnik<\/h1><div class='special-heading-border'><div class='special-heading-inner-border' ><\/div><\/div><\/div><br \/>\n<section class=\"av_textblock_section \"  itemscope=\"itemscope\" itemtype=\"https:\/\/schema.org\/CreativeWork\" ><div class='avia_textblock  '  style='font-size:16px; '  itemprop=\"text\" ><p>Was bietet Ihnen der Schwerpunkt Informations- und Kommunikationstechnik?<\/p>\n<p>Die Ausbildung in der Informations- und Kommunikationstechnik zielt auf eine Besch\u00e4ftigung in der Industriekommunikation und bei Anbietern von informationstechnischen Systemen und Diensten.<\/p>\n<p>Ein Teilbereich davon ist die Bereitstellung und Administration industrieller Datenverarbeitungssysteme (IT-Systeme). Hier sind insbesondere die F\u00e4cher System- und Netzwerkadministration sowie Sicherheit in Netzwerken zu nennen.<\/p>\n<p>Ein anderer Teilbereich ist die Bereitstellung von angepassten L\u00f6sungen in der Kommunikations- und Daten\u00fcbertragungstechnik. Diese Kompetenzen werden in den F\u00e4chern Mobilfunknetze, Systemkomponenten in der \u00dcbertragungstechnik sowie Optische \u00dcbertragungssysteme erlernt.<\/p>\n<\/div><\/section><br \/>\n<section class=\"av_textblock_section \"  itemscope=\"itemscope\" itemtype=\"https:\/\/schema.org\/CreativeWork\" ><div class='avia_textblock  '  style='font-size:16px; '  itemprop=\"text\" ><p>Ansprechpartner: Herr Wolf E-Mail: <a href=\"mailto:wolf@bbs-me.de\">wolf@bbs-me.de<\/a><\/p>\n<\/div><\/section><br \/>\n<div  class='avia-icon-list-container   avia-builder-el-9  el_after_av_textblock  el_before_av_image '><ul class='avia-icon-list avia-icon-list-left av-iconlist-big avia_animate_when_almost_visible avia-iconlist-animate'>\n<li><div  style='background-color:#ffffff; border:1px solid #ffffff; color:#000000; ' class='iconlist_icon  avia-font-entypo-fontello'><span class='iconlist-char ' aria-hidden='true' data-av_icon='\ue812' data-av_iconfont='entypo-fontello'><\/span><\/div><article class=\"article-icon-entry av-iconlist-empty\"  itemscope=\"itemscope\" itemtype=\"https:\/\/schema.org\/CreativeWork\" ><div class='iconlist_content_wrap'><header class=\"entry-content-header\"><h4 class='av_iconlist_title iconlist_title   '  itemprop=\"headline\"  >Lorem ipsum dolor<\/h4><\/header><div class='iconlist_content  '  itemprop=\"text\"  ><\/div><\/div><footer class=\"entry-footer\"><\/footer><\/article><div class='iconlist-timeline'><\/div><\/li>\n<li><div  style='background-color:#ffffff; border:1px solid #ffffff; color:#000000; ' class='iconlist_icon  avia-font-entypo-fontello'><span class='iconlist-char ' aria-hidden='true' data-av_icon='\ue855' data-av_iconfont='entypo-fontello'><\/span><\/div><article class=\"article-icon-entry av-iconlist-empty\"  itemscope=\"itemscope\" itemtype=\"https:\/\/schema.org\/CreativeWork\" ><div class='iconlist_content_wrap'><header class=\"entry-content-header\"><h4 class='av_iconlist_title iconlist_title   '  itemprop=\"headline\"  >sit amet consetetur<\/h4><\/header><div class='iconlist_content  '  itemprop=\"text\"  ><\/div><\/div><footer class=\"entry-footer\"><\/footer><\/article><div class='iconlist-timeline'><\/div><\/li>\n<li><div  style='background-color:#ffffff; border:1px solid #ffffff; color:#000000; ' class='iconlist_icon  avia-font-entypo-fontello'><span class='iconlist-char ' aria-hidden='true' data-av_icon='\ue8a9' data-av_iconfont='entypo-fontello'><\/span><\/div><article class=\"article-icon-entry av-iconlist-empty\"  itemscope=\"itemscope\" itemtype=\"https:\/\/schema.org\/CreativeWork\" ><div class='iconlist_content_wrap'><header class=\"entry-content-header\"><h4 class='av_iconlist_title iconlist_title   '  itemprop=\"headline\"  >sadipscing elitr sed<\/h4><\/header><div class='iconlist_content  '  itemprop=\"text\"  ><\/div><\/div><footer class=\"entry-footer\"><\/footer><\/article><div class='iconlist-timeline'><\/div><\/li>\n<\/ul><\/div><br \/>\n<div  class='avia-image-container  av-styling-    avia-builder-el-10  el_after_av_iconlist  avia-builder-el-last  avia-align-center '  itemprop=\"image\" itemscope=\"itemscope\" itemtype=\"https:\/\/schema.org\/ImageObject\"  ><div class='avia-image-container-inner'><div class='avia-image-overlay-wrap'><img class='avia_image' src='https:\/\/www2.bbs-me.de\/wp-content\/uploads\/2016\/01\/image_optional.png' alt='' title=''   itemprop=\"thumbnailUrl\"  \/><\/div><\/div><\/div><\/p>\n<\/div><\/div><\/div><div id='av-layout-grid-2'  class='av-layout-grid-container entry-content-wrapper header_color av-flex-cells     avia-builder-el-11  el_after_av_layout_row  el_before_av_layout_row  submenu-not-first container_wrap sidebar_right' style=' '  >\n<div class=\"flex_cell no_margin av_two_third  avia-builder-el-12  el_before_av_cell_one_third  avia-builder-el-first   \"  style='vertical-align:top; padding:30px; ' ><div class='flex_cell_inner' ><p><div  style='height:1px; margin-top:0px'  class='hr hr-invisible   avia-builder-el-13  el_before_av_heading  avia-builder-el-first '><span class='hr-inner ' ><span class='hr-inner-style'><\/span><\/span><\/div><br \/>\n<div  style='padding-bottom:10px; ' class='av-special-heading av-special-heading-h3  blockquote modern-quote  avia-builder-el-14  el_after_av_hr  el_before_av_textblock  '><h3 class='av-special-heading-tag '  itemprop=\"headline\"  >Lorem ipsum dolor<\/h3><div class ='av-subheading av-subheading_below  ' style='font-size:15px;'><p>Lorem ipsum dolor sit amet, consetetur<\/p>\n<\/div><div class='special-heading-border'><div class='special-heading-inner-border' ><\/div><\/div><\/div><br \/>\n<section class=\"av_textblock_section \"  itemscope=\"itemscope\" itemtype=\"https:\/\/schema.org\/CreativeWork\" ><div class='avia_textblock  '  style='font-size:14px; '  itemprop=\"text\" ><\/div><\/section><\/p>\n<\/div><\/div><div class=\"flex_cell no_margin av_one_third  avia-builder-el-16  el_after_av_cell_two_third  avia-builder-el-last   \"  style='vertical-align:top; padding:30px; ' ><div class='flex_cell_inner' ><p><div  style='height:1px; margin-top:0px'  class='hr hr-invisible   avia-builder-el-17  el_before_av_gallery  avia-builder-el-first '><span class='hr-inner ' ><span class='hr-inner-style'><\/span><\/span><\/div><br \/>\n<div  class='avia-gallery  avia-gallery-1 avia_lazyload avia-gallery-animate avia_animate_when_visible  avia-builder-el-18  el_after_av_hr  avia-builder-el-last '  itemprop=\"image\" itemscope=\"itemscope\" itemtype=\"https:\/\/schema.org\/ImageObject\" ><div class='avia-gallery-thumb'> <a href='https:\/\/www2.bbs-me.de\/wp-content\/uploads\/2016\/01\/BBS_ME_4C_OBS-1030x328.gif' data-rel='gallery-1' data-prev-img='https:\/\/www2.bbs-me.de\/wp-content\/uploads\/2016\/01\/BBS_ME_4C_OBS.gif' class='first_thumb lightbox ' data-onclick='1' title=''  itemprop=\"thumbnailUrl\" ><img  src='https:\/\/www2.bbs-me.de\/wp-content\/uploads\/2016\/01\/BBS_ME_4C_OBS.gif' width='1205' height='384'  title='BBS_ME_4C_OBS' alt='' \/><\/a> <a href='https:\/\/www2.bbs-me.de\/wp-content\/uploads\/2016\/01\/H-Geb\u00e4ude1.jpg' data-rel='gallery-1' data-prev-img='https:\/\/www2.bbs-me.de\/wp-content\/uploads\/2016\/01\/H-Geb\u00e4ude1.jpg' class='first_thumb lightbox ' data-onclick='2' title=''  itemprop=\"thumbnailUrl\" ><img  src='https:\/\/www2.bbs-me.de\/wp-content\/uploads\/2016\/01\/H-Geb\u00e4ude1.jpg' width='837' height='454'  title='H-Geb\u00e4ude1' alt='' \/><\/a><\/div><\/div><\/p>\n<\/div><\/div>\n<\/div><\/p>\n<div id='av-layout-grid-3'  class='av-layout-grid-container entry-content-wrapper header_color av-flex-cells     avia-builder-el-19  el_after_av_layout_row  el_before_av_layout_row  submenu-not-first container_wrap sidebar_right' style=' '  >\n<div class=\"flex_cell no_margin av_one_full  avia-builder-el-20  avia-builder-el-no-sibling   \"  style='vertical-align:top; padding:30px; ' ><div class='flex_cell_inner' ><p><div  style='height:1px; margin-top:0px'  class='hr hr-invisible   avia-builder-el-21  el_before_av_table  avia-builder-el-first '><span class='hr-inner ' ><span class='hr-inner-style'><\/span><\/span><\/div><br \/>\n<div class='avia-data-table-wrap avia_scrollable_table'><table class='avia-table avia-data-table avia-table-1  avia-builder-el-22  el_after_av_hr  avia-builder-el-last  avia_pricing_default '  itemscope=\"itemscope\" itemtype=\"https:\/\/schema.org\/Table\" ><tbody><tr class='avia-heading-row'><th class=''>Lorem ipsum<\/th><th class=''>nonumy eirmod tempor invidunt ut labore<\/th><th class=''>nonumy eirmod tempor<\/th><\/tr><tr class=''><td class=''>dolor sit amet<\/td><td class=''>et dolore magna aliquyam erat, sed diam voluptua. At vero eos et<\/td><td class=''>invidunt ut labore<\/td><\/tr><tr class=''><td class=''>consetetur sadipscing<\/td><td class=''>accusam et justo duo dolores et ea rebum. Stet clita kasd<\/td><td class=''> Lorem ipsum dolor sit amet, consetetur sadipscing elitr<\/td><\/tr><tr class=''><td class=''>accusam et justo duo dolores et ea rebum. Stet clita kasd<\/td><td class=''>dolor sit amet<\/td><td class=''>Lorem ipsum<\/td><\/tr><\/tbody><\/table><\/div><\/p>\n<\/div><\/div>\n<\/div>\n<div id='av-layout-grid-4'  class='av-layout-grid-container entry-content-wrapper header_color av-flex-cells     avia-builder-el-23  el_after_av_layout_row  el_before_av_section  submenu-not-first container_wrap sidebar_right' style=' '  >\n<div class=\"flex_cell no_margin av_one_full  avia-builder-el-24  avia-builder-el-no-sibling   \"  style='vertical-align:top; padding:30px; ' ><div class='flex_cell_inner' ><p><div  style='height:30px' class='hr hr-invisible   avia-builder-el-25  el_before_av_gallery  avia-builder-el-first '><span class='hr-inner ' ><span class='hr-inner-style'><\/span><\/span><\/div><br \/>\n<div  class='avia-gallery  avia-gallery-2 avia_lazyload avia-gallery-animate avia_animate_when_visible  avia-builder-el-26  el_after_av_hr  avia-builder-el-last '  itemprop=\"image\" itemscope=\"itemscope\" itemtype=\"https:\/\/schema.org\/ImageObject\" ><div class='avia-gallery-thumb'> <a href='https:\/\/www2.bbs-me.de\/wp-content\/uploads\/2016\/01\/BBS_Me.png' data-rel='gallery-2' data-prev-img='https:\/\/www2.bbs-me.de\/wp-content\/uploads\/2016\/01\/BBS_Me.png' class='first_thumb lightbox ' data-onclick='1' title=''  itemprop=\"thumbnailUrl\" ><img  src='https:\/\/www2.bbs-me.de\/wp-content\/uploads\/2016\/01\/BBS_Me-260x96.png' width='260' height='96'  title='BBS-ME' alt='' \/><\/a> <a href='https:\/\/www2.bbs-me.de\/wp-content\/uploads\/2016\/01\/50ef898a94.jpg' data-rel='gallery-2' data-prev-img='https:\/\/www2.bbs-me.de\/wp-content\/uploads\/2016\/01\/50ef898a94-300x400.jpg' class='lightbox ' data-onclick='2' title=''  itemprop=\"thumbnailUrl\" ><img  src='https:\/\/www2.bbs-me.de\/wp-content\/uploads\/2016\/01\/50ef898a94-260x185.jpg' width='260' height='185'  title='' alt='' \/><\/a> <a href='https:\/\/www2.bbs-me.de\/wp-content\/uploads\/2015\/11\/MG_3878-1030x418.jpg' data-rel='gallery-2' data-prev-img='https:\/\/www2.bbs-me.de\/wp-content\/uploads\/2015\/11\/MG_3878-495x400.jpg' class='lightbox ' data-onclick='3' title=''  itemprop=\"thumbnailUrl\" ><img  src='https:\/\/www2.bbs-me.de\/wp-content\/uploads\/2015\/11\/MG_3878-260x185.jpg' width='260' height='185'  title='Schleifen' alt='' \/><\/a> <a href='https:\/\/www2.bbs-me.de\/wp-content\/uploads\/2015\/11\/P1110591-1030x418.jpg' data-rel='gallery-2' data-prev-img='https:\/\/www2.bbs-me.de\/wp-content\/uploads\/2015\/11\/P1110591-495x400.jpg' class='lightbox ' data-onclick='4' title=''  itemprop=\"thumbnailUrl\" ><img  src='https:\/\/www2.bbs-me.de\/wp-content\/uploads\/2015\/11\/P1110591-260x185.jpg' width='260' height='185'  title='P1110591' alt='' \/><\/a><\/div><\/div><\/p>\n<\/div><\/div>\n<\/div>\n<div id='more-information'  class='avia-section header_color avia-section-default avia-no-shadow  avia-bg-style-scroll  avia-builder-el-27  el_after_av_layout_row  el_before_av_hr   container_wrap sidebar_right' style=' '  ><div class='container' ><div class='template-page content  av-content-small alpha units'><div class='post-entry post-entry-type-page post-entry-4312'><div class='entry-content-wrapper clearfix'>\n<div  style='height:10px' class='hr hr-invisible   avia-builder-el-28  el_before_av_heading  avia-builder-el-first '><span class='hr-inner ' ><span class='hr-inner-style'><\/span><\/span><\/div>\n<div  style='padding-bottom:10px; font-size:25px;' class='av-special-heading av-special-heading-h3  blockquote modern-quote  avia-builder-el-29  el_after_av_hr  el_before_av_one_half  av-inherit-size '><h3 class='av-special-heading-tag '  itemprop=\"headline\"  >Weitere Informationen<\/h3><div class='special-heading-border'><div class='special-heading-inner-border' ><\/div><\/div><\/div>\n<div class=\"flex_column av_one_half  flex_column_div first  avia-builder-el-30  el_after_av_heading  el_before_av_one_half  \" ><div  class='av-catalogue-container   avia-builder-el-31  avia-builder-el-no-sibling '><ul class='av-catalogue-list'>\n<li><a href='https:\/\/www.bibb.de\/de\/ausbildungsprofil_23653.htm' target=\"_blank\" class='av-catalogue-item' rel=\"noopener\"><img src='https:\/\/www2.bbs-me.de\/wp-content\/uploads\/2016\/01\/globe.png' title='' alt='' class='av-catalogue-image' \/><div class='av-catalogue-item-inner'><div class='av-catalogue-title-container'><div class='av-catalogue-title'>Externer Link<\/div><div class='av-catalogue-price'><\/div><\/div><div class=\"av-catalogue-content\">\nextern<br \/>\n<\/div><\/div><\/a><\/li>\n<li><a href=''  class='av-catalogue-item'><img src='https:\/\/www2.bbs-me.de\/wp-content\/uploads\/2016\/01\/document-arrow-right-icon-180x180.png' title='' alt='' class='av-catalogue-image' \/><div class='av-catalogue-item-inner'><div class='av-catalogue-title-container'><div class='av-catalogue-title'>Interner Link<\/div><div class='av-catalogue-price'><\/div><\/div><div class=\"av-catalogue-content\">\nkurzer Hinweistext<br \/>\n<\/div><\/div><\/a><\/li>\n<\/ul><\/div><\/div><div class=\"flex_column av_one_half  flex_column_div   avia-builder-el-32  el_after_av_one_half  avia-builder-el-last  \" ><div  class='av-catalogue-container   avia-builder-el-33  avia-builder-el-no-sibling '><ul class='av-catalogue-list'>\n<li><a href='http:\/\/'  class='av-catalogue-item'><img src='https:\/\/www2.bbs-me.de\/wp-content\/uploads\/2016\/01\/application_pdf.png' title='' alt='' class='av-catalogue-image' \/><div class='av-catalogue-item-inner'><div class='av-catalogue-title-container'><div class='av-catalogue-title'>PDF-Datei<\/div><div class='av-catalogue-price'><\/div><\/div><div class=\"av-catalogue-content\">\npdf<br \/>\n<\/div><\/div><\/a><\/li>\n<\/ul><\/div><\/div>\n<\/div><\/div><\/div><!-- close content main div --><\/div><\/div><div id='after_section_1'  class='main_color av_default_container_wrap container_wrap sidebar_right' style=' '  ><div class='container' ><div class='template-page content  av-content-small alpha units'><div class='post-entry post-entry-type-page post-entry-4312'><div class='entry-content-wrapper clearfix'>\n<div  style='height:20px' class='hr hr-invisible   avia-builder-el-34  el_after_av_section  avia-builder-el-no-sibling '><span class='hr-inner ' ><span class='hr-inner-style'><\/span><\/span><\/div>\n","protected":false},"excerpt":{"rendered":"","protected":false},"author":18,"featured_media":0,"parent":4400,"menu_order":0,"comment_status":"closed","ping_status":"closed","template":"","meta":{"footnotes":""},"page_category":[73],"yoast_head":"<!-- This site is optimized with the Yoast SEO plugin v22.8 - https:\/\/yoast.com\/wordpress\/plugins\/seo\/ -->\n<title>Fachschule Elektrotechnik IK - bbs|me<\/title>\n<meta name=\"robots\" content=\"index, follow, max-snippet:-1, max-image-preview:large, max-video-preview:-1\" \/>\n<link rel=\"canonical\" href=\"https:\/\/www2.bbs-me.de\/index.php\/startseite-dev-dropdown\/technikerschule-2\/fachschule-elektrotechnik-2\/fachschule-elektrotechnik-ik\/\" \/>\n<meta property=\"og:locale\" content=\"de_DE\" \/>\n<meta property=\"og:type\" content=\"article\" \/>\n<meta property=\"og:title\" content=\"Fachschule Elektrotechnik IK - bbs|me\" \/>\n<meta property=\"og:url\" content=\"https:\/\/www2.bbs-me.de\/index.php\/startseite-dev-dropdown\/technikerschule-2\/fachschule-elektrotechnik-2\/fachschule-elektrotechnik-ik\/\" \/>\n<meta property=\"og:site_name\" content=\"bbs|me\" \/>\n<meta property=\"article:modified_time\" content=\"2016-03-06T22:40:54+00:00\" \/>\n<meta name=\"twitter:card\" content=\"summary_large_image\" \/>\n<meta name=\"twitter:label1\" content=\"Gesch\u00e4tzte Lesezeit\" \/>\n\t<meta name=\"twitter:data1\" content=\"7\u00a0Minuten\" \/>\n<script type=\"application\/ld+json\" class=\"yoast-schema-graph\">{\"@context\":\"https:\/\/schema.org\",\"@graph\":[{\"@type\":\"WebPage\",\"@id\":\"https:\/\/www2.bbs-me.de\/index.php\/startseite-dev-dropdown\/technikerschule-2\/fachschule-elektrotechnik-2\/fachschule-elektrotechnik-ik\/\",\"url\":\"https:\/\/www2.bbs-me.de\/index.php\/startseite-dev-dropdown\/technikerschule-2\/fachschule-elektrotechnik-2\/fachschule-elektrotechnik-ik\/\",\"name\":\"Fachschule Elektrotechnik IK - bbs|me\",\"isPartOf\":{\"@id\":\"https:\/\/www2.bbs-me.de\/#website\"},\"datePublished\":\"2016-03-04T13:40:00+00:00\",\"dateModified\":\"2016-03-06T22:40:54+00:00\",\"breadcrumb\":{\"@id\":\"https:\/\/www2.bbs-me.de\/index.php\/startseite-dev-dropdown\/technikerschule-2\/fachschule-elektrotechnik-2\/fachschule-elektrotechnik-ik\/#breadcrumb\"},\"inLanguage\":\"de\",\"potentialAction\":[{\"@type\":\"ReadAction\",\"target\":[\"https:\/\/www2.bbs-me.de\/index.php\/startseite-dev-dropdown\/technikerschule-2\/fachschule-elektrotechnik-2\/fachschule-elektrotechnik-ik\/\"]}]},{\"@type\":\"BreadcrumbList\",\"@id\":\"https:\/\/www2.bbs-me.de\/index.php\/startseite-dev-dropdown\/technikerschule-2\/fachschule-elektrotechnik-2\/fachschule-elektrotechnik-ik\/#breadcrumb\",\"itemListElement\":[{\"@type\":\"ListItem\",\"position\":1,\"name\":\"Startseite\",\"item\":\"https:\/\/www2.bbs-me.de\/\"},{\"@type\":\"ListItem\",\"position\":2,\"name\":\"Startseite\",\"item\":\"https:\/\/www2.bbs-me.de\/\"},{\"@type\":\"ListItem\",\"position\":3,\"name\":\"Technikerschule\",\"item\":\"https:\/\/www2.bbs-me.de\/index.php\/startseite-dev-dropdown\/technikerschule-2\/\"},{\"@type\":\"ListItem\",\"position\":4,\"name\":\"Fachschule Elektrotechnik\",\"item\":\"https:\/\/www2.bbs-me.de\/index.php\/startseite-dev-dropdown\/technikerschule-2\/fachschule-elektrotechnik-2\/\"},{\"@type\":\"ListItem\",\"position\":5,\"name\":\"Fachschule Elektrotechnik IK\"}]},{\"@type\":\"WebSite\",\"@id\":\"https:\/\/www2.bbs-me.de\/#website\",\"url\":\"https:\/\/www2.bbs-me.de\/\",\"name\":\"bbs|me\",\"description\":\"Otto-Brenner-Schule - Berufsbildende Schule Metalltechnik \u2022 Elektrotechnik der Region Hannover\",\"potentialAction\":[{\"@type\":\"SearchAction\",\"target\":{\"@type\":\"EntryPoint\",\"urlTemplate\":\"https:\/\/www2.bbs-me.de\/?s={search_term_string}\"},\"query-input\":\"required name=search_term_string\"}],\"inLanguage\":\"de\"}]}<\/script>\n<!-- \/ Yoast SEO plugin. -->","yoast_head_json":{"title":"Fachschule Elektrotechnik IK - bbs|me","robots":{"index":"index","follow":"follow","max-snippet":"max-snippet:-1","max-image-preview":"max-image-preview:large","max-video-preview":"max-video-preview:-1"},"canonical":"https:\/\/www2.bbs-me.de\/index.php\/startseite-dev-dropdown\/technikerschule-2\/fachschule-elektrotechnik-2\/fachschule-elektrotechnik-ik\/","og_locale":"de_DE","og_type":"article","og_title":"Fachschule Elektrotechnik IK - bbs|me","og_url":"https:\/\/www2.bbs-me.de\/index.php\/startseite-dev-dropdown\/technikerschule-2\/fachschule-elektrotechnik-2\/fachschule-elektrotechnik-ik\/","og_site_name":"bbs|me","article_modified_time":"2016-03-06T22:40:54+00:00","twitter_card":"summary_large_image","twitter_misc":{"Gesch\u00e4tzte Lesezeit":"7\u00a0Minuten"},"schema":{"@context":"https:\/\/schema.org","@graph":[{"@type":"WebPage","@id":"https:\/\/www2.bbs-me.de\/index.php\/startseite-dev-dropdown\/technikerschule-2\/fachschule-elektrotechnik-2\/fachschule-elektrotechnik-ik\/","url":"https:\/\/www2.bbs-me.de\/index.php\/startseite-dev-dropdown\/technikerschule-2\/fachschule-elektrotechnik-2\/fachschule-elektrotechnik-ik\/","name":"Fachschule Elektrotechnik IK - bbs|me","isPartOf":{"@id":"https:\/\/www2.bbs-me.de\/#website"},"datePublished":"2016-03-04T13:40:00+00:00","dateModified":"2016-03-06T22:40:54+00:00","breadcrumb":{"@id":"https:\/\/www2.bbs-me.de\/index.php\/startseite-dev-dropdown\/technikerschule-2\/fachschule-elektrotechnik-2\/fachschule-elektrotechnik-ik\/#breadcrumb"},"inLanguage":"de","potentialAction":[{"@type":"ReadAction","target":["https:\/\/www2.bbs-me.de\/index.php\/startseite-dev-dropdown\/technikerschule-2\/fachschule-elektrotechnik-2\/fachschule-elektrotechnik-ik\/"]}]},{"@type":"BreadcrumbList","@id":"https:\/\/www2.bbs-me.de\/index.php\/startseite-dev-dropdown\/technikerschule-2\/fachschule-elektrotechnik-2\/fachschule-elektrotechnik-ik\/#breadcrumb","itemListElement":[{"@type":"ListItem","position":1,"name":"Startseite","item":"https:\/\/www2.bbs-me.de\/"},{"@type":"ListItem","position":2,"name":"Startseite","item":"https:\/\/www2.bbs-me.de\/"},{"@type":"ListItem","position":3,"name":"Technikerschule","item":"https:\/\/www2.bbs-me.de\/index.php\/startseite-dev-dropdown\/technikerschule-2\/"},{"@type":"ListItem","position":4,"name":"Fachschule Elektrotechnik","item":"https:\/\/www2.bbs-me.de\/index.php\/startseite-dev-dropdown\/technikerschule-2\/fachschule-elektrotechnik-2\/"},{"@type":"ListItem","position":5,"name":"Fachschule Elektrotechnik IK"}]},{"@type":"WebSite","@id":"https:\/\/www2.bbs-me.de\/#website","url":"https:\/\/www2.bbs-me.de\/","name":"bbs|me","description":"Otto-Brenner-Schule - Berufsbildende Schule Metalltechnik \u2022 Elektrotechnik der Region Hannover","potentialAction":[{"@type":"SearchAction","target":{"@type":"EntryPoint","urlTemplate":"https:\/\/www2.bbs-me.de\/?s={search_term_string}"},"query-input":"required name=search_term_string"}],"inLanguage":"de"}]}},"publishpress_future_action":{"enabled":false,"date":"2026-04-12 20:52:03","action":"change-status","newStatus":"draft","terms":[],"taxonomy":"page_category"},"_links":{"self":[{"href":"https:\/\/www2.bbs-me.de\/index.php\/wp-json\/wp\/v2\/pages\/4312"}],"collection":[{"href":"https:\/\/www2.bbs-me.de\/index.php\/wp-json\/wp\/v2\/pages"}],"about":[{"href":"https:\/\/www2.bbs-me.de\/index.php\/wp-json\/wp\/v2\/types\/page"}],"author":[{"embeddable":true,"href":"https:\/\/www2.bbs-me.de\/index.php\/wp-json\/wp\/v2\/users\/18"}],"replies":[{"embeddable":true,"href":"https:\/\/www2.bbs-me.de\/index.php\/wp-json\/wp\/v2\/comments?post=4312"}],"version-history":[{"count":7,"href":"https:\/\/www2.bbs-me.de\/index.php\/wp-json\/wp\/v2\/pages\/4312\/revisions"}],"predecessor-version":[{"id":17914,"href":"https:\/\/www2.bbs-me.de\/index.php\/wp-json\/wp\/v2\/pages\/4312\/revisions\/17914"}],"up":[{"embeddable":true,"href":"https:\/\/www2.bbs-me.de\/index.php\/wp-json\/wp\/v2\/pages\/4400"}],"wp:attachment":[{"href":"https:\/\/www2.bbs-me.de\/index.php\/wp-json\/wp\/v2\/media?parent=4312"}],"wp:term":[{"taxonomy":"page_category","embeddable":true,"href":"https:\/\/www2.bbs-me.de\/index.php\/wp-json\/wp\/v2\/page_category?post=4312"}],"curies":[{"name":"wp","href":"https:\/\/api.w.org\/{rel}","templated":true}]}}