{"id":4316,"date":"2016-03-04T14:41:49","date_gmt":"2016-03-04T13:41:49","guid":{"rendered":"https:\/\/www2.bbs-me.de\/?page_id=4316"},"modified":"2019-10-04T16:41:44","modified_gmt":"2019-10-04T14:41:44","slug":"vorlage-3","status":"publish","type":"page","link":"https:\/\/www2.bbs-me.de\/index.php\/kompetenzzentren\/vorlage-3\/","title":{"rendered":"Energietechnisches Bildungszentrum"},"content":{"rendered":"<div id='basic-article'  class='av-layout-grid-container entry-content-wrapper header_color av-flex-cells     avia-builder-el-0  el_before_av_hr  avia-builder-el-first  container_wrap sidebar_right' style=' '  >\n<div class=\"flex_cell no_margin av_one_full  avia-builder-el-1  avia-builder-el-no-sibling   \"  style='vertical-align:top; padding:30px; ' ><div class='flex_cell_inner' ><p><div  style='padding-bottom:14px; font-size:30px;' class='av-special-heading av-special-heading-h1  blockquote modern-quote  avia-builder-el-2  el_before_av_two_third  avia-builder-el-first  av-inherit-size '><h1 class='av-special-heading-tag '  itemprop=\"headline\"  >Energietechnisches Bildungszentrum<\/h1><div class='special-heading-border'><div class='special-heading-inner-border' ><\/div><\/div><\/div><br \/>\n<div class=\"flex_column av_two_third  flex_column_div first  avia-builder-el-3  el_after_av_heading  el_before_av_one_third  \" ><div   data-size='no scaling'  data-lightbox_size='large'  data-animation='fade'  data-conditional_play=''  data-ids='4341,4554,15484'  data-video_counter='0'  data-autoplay='true'  data-bg_slider='false'  data-slide_height=''  data-handle='av_slideshow'  data-interval='5'  data-class=' avia-builder-el-4  avia-builder-el-no-sibling  '  data-el_id=''  data-css_id=''  data-scroll_down=''  data-control_layout='av-control-default'  data-custom_markup=''  data-perma_caption=''  data-autoplay_stopper=''  data-image_attachment=''  data-min_height='0px'  class='avia-slideshow avia-slideshow-1  av-control-default av-default-height-applied avia-slideshow-no scaling av_slideshow  avia-builder-el-4  avia-builder-el-no-sibling   avia-fade-slider '  itemprop=\"image\" itemscope=\"itemscope\" itemtype=\"https:\/\/schema.org\/ImageObject\" ><ul class='avia-slideshow-inner ' style='padding-bottom: 66.648850881881%;' ><li  class=' slide-1 ' ><div data-rel='slideshow-1' class='avia-slide-wrap '   ><img src='https:\/\/www2.bbs-me.de\/wp-content\/uploads\/2016\/03\/Anlage_Dach_Farbe.jpg' width='1871' height='1247' title='A2_dreh_Anlage_Dach_Farbe' alt=''  itemprop=\"thumbnailUrl\"   \/><\/div><\/li><li  class=' slide-2 ' ><div data-rel='slideshow-1' class='avia-slide-wrap '   ><img src='https:\/\/www2.bbs-me.de\/wp-content\/uploads\/2016\/03\/A2_heizkraftwerk-linden-nacht-web.jpg' width='800' height='532' title='enercity - Illumination KW Linden 2013-01-12' alt=''  itemprop=\"thumbnailUrl\"   \/><\/div><\/li><li  class=' slide-3 ' ><div data-rel='slideshow-1' class='avia-slide-wrap '   ><img src='https:\/\/www2.bbs-me.de\/wp-content\/uploads\/2018\/12\/Brennstoffzelle.jpg' width='4291' height='2860' title='Brennstoffzelle' alt=''  itemprop=\"thumbnailUrl\"   \/><\/div><\/li><\/ul><div class='avia-slideshow-arrows avia-slideshow-controls'><a href='#prev' class='prev-slide' aria-hidden='true' data-av_icon='\ue87c' data-av_iconfont='entypo-fontello'>Zur\u00fcck<\/a><a href='#next' class='next-slide' aria-hidden='true' data-av_icon='\ue87d' data-av_iconfont='entypo-fontello'>Weiter<\/a><\/div><div class='avia-slideshow-dots avia-slideshow-controls'><a href='#1' class='goto-slide active' >1<\/a><a href='#2' class='goto-slide ' >2<\/a><a href='#3' class='goto-slide ' >3<\/a><\/div><\/div><\/div><div class=\"flex_column av_one_third  flex_column_div av-zero-column-padding   avia-builder-el-5  el_after_av_two_third  el_before_av_one_full  \" style='border-radius:0px; '><div  class='avia-image-container  av-styling-    avia-builder-el-6  avia-builder-el-no-sibling  avia-align-center '  itemprop=\"image\" itemscope=\"itemscope\" itemtype=\"https:\/\/schema.org\/ImageObject\"  ><div class='avia-image-container-inner'><div class='avia-image-overlay-wrap'><img class='avia_image' src='https:\/\/www2.bbs-me.de\/wp-content\/uploads\/2019\/01\/EBZ_Logo_Farbe_V1-300x191.png' alt='' title='EBZ_Logo_Farbe_V1' height=\"191\" width=\"300\"  itemprop=\"thumbnailUrl\"  \/><\/div><\/div><\/div><\/div><div class=\"flex_column av_one_full  flex_column_div first  avia-builder-el-7  el_after_av_one_third  el_before_av_textblock  column-top-margin\" ><div  class='av-horizontal-gallery av-horizontal-gallery-large-gap av-horizontal-gallery-enlarge-effect av-horizontal-gallery-1  avia-builder-el-8  avia-builder-el-no-sibling  av-control-default '  itemprop=\"image\" itemscope=\"itemscope\" itemtype=\"https:\/\/schema.org\/ImageObject\"  style='padding: 3.75% 0px;' data-av-enlarge='1.3'  ><div class='avia-slideshow-arrows avia-slideshow-controls'><a href='#prev' class='prev-slide av-horizontal-gallery-prev' aria-hidden='true' data-av_icon='\ue87c' data-av_iconfont='entypo-fontello'>Zur\u00fcck<\/a><a href='#next' class='next-slide av-horizontal-gallery-next' aria-hidden='true' data-av_icon='\ue87d' data-av_iconfont='entypo-fontello'>Weiter <\/a><\/div><div class='av-horizontal-gallery-inner' style='padding-bottom:25%' data-av-height='25'><div class='av-horizontal-gallery-slider'><div class='av-horizontal-gallery-wrap noHover'><img class='av-horizontal-gallery-img' width='1030' height='687' src='https:\/\/www2.bbs-me.de\/wp-content\/uploads\/2019\/02\/IMG_4116-1030x687.jpg' title='IMG_4116' alt='' \/><a href='https:\/\/www2.bbs-me.de\/wp-content\/uploads\/2019\/02\/IMG_4116-1030x687.jpg'  class='av-horizontal-gallery-link' aria-hidden='true' data-av_icon='\ue869' data-av_iconfont='entypo-fontello' title=''><\/a><\/div><div class='av-horizontal-gallery-wrap noHover'><img class='av-horizontal-gallery-img' width='641' height='1030' src='https:\/\/www2.bbs-me.de\/wp-content\/uploads\/2019\/02\/EBZ_Fahne_4-641x1030.jpg' title='SONY DSC' alt='' \/><a href='https:\/\/www2.bbs-me.de\/wp-content\/uploads\/2019\/02\/EBZ_Fahne_4-641x1030.jpg'  class='av-horizontal-gallery-link' aria-hidden='true' data-av_icon='\ue869' data-av_iconfont='entypo-fontello' title=''><\/a><\/div><div class='av-horizontal-gallery-wrap noHover'><img class='av-horizontal-gallery-img' width='1030' height='687' src='https:\/\/www2.bbs-me.de\/wp-content\/uploads\/2019\/02\/DSC_0495-1030x687.jpg' title='DSC_0495' alt='' \/><a href='https:\/\/www2.bbs-me.de\/wp-content\/uploads\/2019\/02\/DSC_0495-1030x687.jpg'  class='av-horizontal-gallery-link' aria-hidden='true' data-av_icon='\ue869' data-av_iconfont='entypo-fontello' title=''><\/a><\/div><div class='av-horizontal-gallery-wrap noHover'><img class='av-horizontal-gallery-img' width='1030' height='687' src='https:\/\/www2.bbs-me.de\/wp-content\/uploads\/2019\/02\/DSC_0451-1030x687.jpg' title='DSC_0451' alt='' \/><a href='https:\/\/www2.bbs-me.de\/wp-content\/uploads\/2019\/02\/DSC_0451-1030x687.jpg'  class='av-horizontal-gallery-link' aria-hidden='true' data-av_icon='\ue869' data-av_iconfont='entypo-fontello' title=''><\/a><\/div><div class='av-horizontal-gallery-wrap noHover'><img class='av-horizontal-gallery-img' width='1030' height='687' src='https:\/\/www2.bbs-me.de\/wp-content\/uploads\/2019\/02\/DSC_0450-1030x687.jpg' title='DSC_0450' alt='' \/><a href='https:\/\/www2.bbs-me.de\/wp-content\/uploads\/2019\/02\/DSC_0450-1030x687.jpg'  class='av-horizontal-gallery-link' aria-hidden='true' data-av_icon='\ue869' data-av_iconfont='entypo-fontello' title=''><\/a><\/div><div class='av-horizontal-gallery-wrap noHover'><img class='av-horizontal-gallery-img' width='1030' height='687' src='https:\/\/www2.bbs-me.de\/wp-content\/uploads\/2019\/02\/DSC_0434-1030x687.jpg' title='DSC_0434' alt='' \/><a href='https:\/\/www2.bbs-me.de\/wp-content\/uploads\/2019\/02\/DSC_0434-1030x687.jpg'  class='av-horizontal-gallery-link' aria-hidden='true' data-av_icon='\ue869' data-av_iconfont='entypo-fontello' title=''><\/a><\/div><div class='av-horizontal-gallery-wrap noHover'><img class='av-horizontal-gallery-img' width='1030' height='687' src='https:\/\/www2.bbs-me.de\/wp-content\/uploads\/2019\/02\/DSC_0430-1030x687.jpg' title='DSC_0430' alt='' \/><a href='https:\/\/www2.bbs-me.de\/wp-content\/uploads\/2019\/02\/DSC_0430-1030x687.jpg'  class='av-horizontal-gallery-link' aria-hidden='true' data-av_icon='\ue869' data-av_iconfont='entypo-fontello' title=''><\/a><\/div><div class='av-horizontal-gallery-wrap noHover'><img class='av-horizontal-gallery-img' width='1030' height='687' src='https:\/\/www2.bbs-me.de\/wp-content\/uploads\/2019\/02\/DSC_0420-1030x687.jpg' title='DSC_0420' alt='' \/><a href='https:\/\/www2.bbs-me.de\/wp-content\/uploads\/2019\/02\/DSC_0420-1030x687.jpg'  class='av-horizontal-gallery-link' aria-hidden='true' data-av_icon='\ue869' data-av_iconfont='entypo-fontello' title=''><\/a><\/div><div class='av-horizontal-gallery-wrap noHover'><img class='av-horizontal-gallery-img' width='1030' height='687' src='https:\/\/www2.bbs-me.de\/wp-content\/uploads\/2019\/02\/DSC_0407-1030x687.jpg' title='DSC_0407' alt='' \/><a href='https:\/\/www2.bbs-me.de\/wp-content\/uploads\/2019\/02\/DSC_0407-1030x687.jpg'  class='av-horizontal-gallery-link' aria-hidden='true' data-av_icon='\ue869' data-av_iconfont='entypo-fontello' title=''><\/a><\/div><div class='av-horizontal-gallery-wrap noHover'><img class='av-horizontal-gallery-img' width='1030' height='687' src='https:\/\/www2.bbs-me.de\/wp-content\/uploads\/2019\/02\/DSC_0382-1030x687.jpg' title='DSC_0382' alt='' \/><a href='https:\/\/www2.bbs-me.de\/wp-content\/uploads\/2019\/02\/DSC_0382-1030x687.jpg'  class='av-horizontal-gallery-link' aria-hidden='true' data-av_icon='\ue869' data-av_iconfont='entypo-fontello' title=''><\/a><\/div><div class='av-horizontal-gallery-wrap noHover'><img class='av-horizontal-gallery-img' width='1030' height='687' src='https:\/\/www2.bbs-me.de\/wp-content\/uploads\/2019\/02\/DSC_0370-1030x687.jpg' title='DSC_0370' alt='' \/><a href='https:\/\/www2.bbs-me.de\/wp-content\/uploads\/2019\/02\/DSC_0370-1030x687.jpg'  class='av-horizontal-gallery-link' aria-hidden='true' data-av_icon='\ue869' data-av_iconfont='entypo-fontello' title=''><\/a><\/div><div class='av-horizontal-gallery-wrap noHover'><img class='av-horizontal-gallery-img' width='1030' height='687' src='https:\/\/www2.bbs-me.de\/wp-content\/uploads\/2019\/02\/DSC_0365-1030x687.jpg' title='DSC_0365' alt='' \/><a href='https:\/\/www2.bbs-me.de\/wp-content\/uploads\/2019\/02\/DSC_0365-1030x687.jpg'  class='av-horizontal-gallery-link' aria-hidden='true' data-av_icon='\ue869' data-av_iconfont='entypo-fontello' title=''><\/a><\/div><div class='av-horizontal-gallery-wrap noHover'><img class='av-horizontal-gallery-img' width='1030' height='687' src='https:\/\/www2.bbs-me.de\/wp-content\/uploads\/2019\/02\/DSC_0355-1030x687.jpg' title='DSC_0355' alt='' \/><a href='https:\/\/www2.bbs-me.de\/wp-content\/uploads\/2019\/02\/DSC_0355-1030x687.jpg'  class='av-horizontal-gallery-link' aria-hidden='true' data-av_icon='\ue869' data-av_iconfont='entypo-fontello' title=''><\/a><\/div><div class='av-horizontal-gallery-wrap noHover'><img class='av-horizontal-gallery-img' width='1030' height='687' src='https:\/\/www2.bbs-me.de\/wp-content\/uploads\/2019\/02\/DSC_0334-1030x687.jpg' title='DSC_0334' alt='' \/><a href='https:\/\/www2.bbs-me.de\/wp-content\/uploads\/2019\/02\/DSC_0334-1030x687.jpg'  class='av-horizontal-gallery-link' aria-hidden='true' data-av_icon='\ue869' data-av_iconfont='entypo-fontello' title=''><\/a><\/div><div class='av-horizontal-gallery-wrap noHover'><img class='av-horizontal-gallery-img' width='1030' height='687' src='https:\/\/www2.bbs-me.de\/wp-content\/uploads\/2019\/02\/DSC_0330-1030x687.jpg' title='DSC_0330' alt='' \/><a href='https:\/\/www2.bbs-me.de\/wp-content\/uploads\/2019\/02\/DSC_0330-1030x687.jpg'  class='av-horizontal-gallery-link' aria-hidden='true' data-av_icon='\ue869' data-av_iconfont='entypo-fontello' title=''><\/a><\/div><div class='av-horizontal-gallery-wrap noHover'><img class='av-horizontal-gallery-img' width='1030' height='687' src='https:\/\/www2.bbs-me.de\/wp-content\/uploads\/2019\/02\/DSC_0328-1030x687.jpg' title='DSC_0328' alt='' \/><a href='https:\/\/www2.bbs-me.de\/wp-content\/uploads\/2019\/02\/DSC_0328-1030x687.jpg'  class='av-horizontal-gallery-link' aria-hidden='true' data-av_icon='\ue869' data-av_iconfont='entypo-fontello' title=''><\/a><\/div><\/div><\/div><\/div><\/div><section class=\"av_textblock_section \"  itemscope=\"itemscope\" itemtype=\"https:\/\/schema.org\/CreativeWork\" ><div class='avia_textblock  '   itemprop=\"text\" ><div class=\"csc-textpicHeader csc-textpicHeader-25\">\n<h2><\/h2>\n<h2><\/h2>\n<h4><\/h4>\n<h4><\/h4>\n<h4><\/h4>\n<h6>Bilder vom Tag der offenen T\u00fcr am 15.02.2019<\/h6>\n<\/div>\n<h2><\/h2>\n<\/div><\/section><br \/>\n<section class=\"av_textblock_section \"  itemscope=\"itemscope\" itemtype=\"https:\/\/schema.org\/CreativeWork\" ><div class='avia_textblock  '   itemprop=\"text\" ><div class=\"csc-textpicHeader csc-textpicHeader-25\">\n<h3><\/h3>\n<\/div>\n<h3 class=\"bodytext\"><b>Die\u00a0bbs|me hat ihr Energietechnisches\u00a0Bildungszentrum (EBZ) in einem Bereich konzentriert und mit \u00a0Laboren zu den Bereichen regenerative Energien und Energieeffizienz ausgebaut. Verschiedene Bildungsg\u00e4nge nutzen die Labore zur vertiefenden Umsetzung der schulischen Arbeitspl\u00e4ne. Im Bereich der Betriebstechnik sowie der Energie- und Geb\u00e4udetechnik wird im zweiten und dritten Ausbildungsjahr der Unterricht im EBZ in Modulform durchgef\u00fchrt. Damit wird ein hohes Unterrichtsniveau in Theorie und Praxis f\u00fcr die Lerngruppen sichergestellt.\u00a0<\/b><\/h3>\n<h4>Labore<\/h4>\n<p>Folgende Labore stehen im EBZ den Bildungsg\u00e4ngen zur Verf\u00fcgung:<\/p>\n<ul>\n<li><strong>Regenerative, dezentrale Energieversorgung\u00a0durch<\/strong>\n<ul>\n<li>Photovoltaik<\/li>\n<li>Brennstoffzellentechnik<\/li>\n<li>Windkraftanlagen<\/li>\n<\/ul>\n<\/li>\n<\/ul>\n<ul>\n<li><strong>Energieeffiziente Energienutzung durch<\/strong>\n<ul>\n<li>moderne Beleuchtungstechnik<\/li>\n<li>Elektrische Sicherheit und Energieeffizienz nach VDE0100<\/li>\n<li>Geb\u00e4udesystemtechnik<\/li>\n<li>Steuerungstechnik<\/li>\n<li>Energieeffiziente Antriebe mit Frequenzumrichtern<\/li>\n<\/ul>\n<\/li>\n<\/ul>\n<h4>Didaktisches Konzept<\/h4>\n<p class=\"bodytext\">Die Sch\u00fclerinnen und Sch\u00fcler werden f\u00fcr dezentrale, regenerative Energieerzeugung und\u00a0effiziente Energieverwendung sensibilisiert und f\u00fcr ihr kompetentes berufliches Handeln qualifiziert. Die Verzahnung der Themen im Sinne einer nachhaltigen gesellschaftlichen und erwerbswirtschaftlichen Zukunft f\u00fcr die Auszubildenden sind eine laufende Aufgabe im EBZ.<\/p>\n<p class=\"bodytext\">Durch die Spezialisierung von Lehrkr\u00e4ften f\u00fcr einzelne Themen und Labore wird ein hohes Niveau auf den sich z.T. stark ver\u00e4ndernden Gebieten der Energiewende erm\u00f6glicht. Ziel ist es mit aktuellem Wissen und Materialien\u00a0ein motivierendes und realit\u00e4tsnahes Ausbildungskonzept anzubieten. Handlungsorientierter Unterricht mit fachpraktischen Anteilen und Nutzung der IT Infrastruktur sind hierzu die Grundlage.<\/p>\n<\/div><\/section><\/p>\n<\/div><\/div><\/div><div id='after_submenu_1'  class='main_color av_default_container_wrap container_wrap sidebar_right' style=' '  ><div class='container' ><div class='template-page content  av-content-small alpha units'><div class='post-entry post-entry-type-page post-entry-4316'><div class='entry-content-wrapper clearfix'><div  style='height:20px' class='hr hr-invisible   avia-builder-el-11  el_after_av_layout_row  el_before_av_layout_row  avia-builder-el-no-sibling '><span class='hr-inner ' ><span class='hr-inner-style'><\/span><\/span><\/div><\/p>\n<\/div><\/div><\/div><!-- close content main div --><\/div><\/div><div id='av-layout-grid-2'  class='av-layout-grid-container entry-content-wrapper main_color av-flex-cells   av-border-cells  avia-builder-el-12  el_after_av_hr  el_before_av_one_full  submenu-not-first container_wrap sidebar_right' style=' '  >\n<div class=\"flex_cell no_margin av_one_fourth  avia-builder-el-13  el_before_av_cell_one_fourth  avia-builder-el-first   \"  style='background: #ffffff; vertical-align:top; padding:30px; background-color:#ffffff; ' ><div class='flex_cell_inner' ><section  class='avia-team-member   avia-builder-el-14  avia-builder-el-no-sibling '  itemscope=\"itemscope\" itemtype=\"https:\/\/schema.org\/Person\" ><h3 class='team-member-name'    itemprop=\"name\" >Herr Drehlmann<\/h3><div class='team-member-job-title '   itemprop=\"jobTitle\" >EBZ Beauftragter<\/div><div class='team-member-description '  itemprop=\"description\"  ><p>email: drehlmann@bbs-me.de<\/p>\n<\/div><span class='hidden team-member-affiliation'  itemprop=\"affiliation\" >bbs|me<\/span><\/section>\n<\/div><\/div><div class=\"flex_cell no_margin av_one_fourth  avia-builder-el-15  el_after_av_cell_one_fourth  el_before_av_cell_one_fourth   \"  style='vertical-align:top; padding:30px; ' ><div class='flex_cell_inner' ><section  class='avia-team-member   avia-builder-el-16  avia-builder-el-no-sibling '  itemscope=\"itemscope\" itemtype=\"https:\/\/schema.org\/Person\" ><h3 class='team-member-name'    itemprop=\"name\" >Herr Weidm\u00fcller<\/h3><div class='team-member-job-title '   itemprop=\"jobTitle\" >EBZ Beauftragter<\/div><div class='team-member-description '  itemprop=\"description\"  ><p>email: weidmueller@bbs-me.de<\/p>\n<\/div><span class='hidden team-member-affiliation'  itemprop=\"affiliation\" >bbs|me<\/span><\/section>\n<\/div><\/div><div class=\"flex_cell no_margin av_one_fourth  avia-builder-el-17  el_after_av_cell_one_fourth  el_before_av_cell_one_fourth   \"  style='vertical-align:top; padding:30px; ' ><div class='flex_cell_inner' ><\/div><\/div><div class=\"flex_cell no_margin av_one_fourth  avia-builder-el-18  el_after_av_cell_one_fourth  avia-builder-el-last   \"  style='vertical-align:top; padding:30px; ' ><div class='flex_cell_inner' ><\/div><\/div>\n<\/div><div id='after_submenu_2'  class='main_color av_default_container_wrap container_wrap sidebar_right' style=' '  ><div class='container' ><div class='template-page content  av-content-small alpha units'><div class='post-entry post-entry-type-page post-entry-4316'><div class='entry-content-wrapper clearfix'>\n<div class=\"flex_column av_one_full  flex_column_div av-zero-column-padding first  avia-builder-el-19  el_after_av_layout_row  el_before_av_one_full  avia-builder-el-first  \" style='border-radius:0px; '><\/div>\n<div class=\"flex_column av_one_full  flex_column_div av-zero-column-padding first  avia-builder-el-20  el_after_av_one_full  el_before_av_one_full  column-top-margin\" style='border-radius:0px; '><\/div>\n<div class=\"flex_column av_one_full  flex_column_div av-zero-column-padding first  avia-builder-el-21  el_after_av_one_full  avia-builder-el-last  column-top-margin\" style='border-radius:0px; '><\/div>\n","protected":false},"excerpt":{"rendered":"","protected":false},"author":11,"featured_media":0,"parent":3728,"menu_order":0,"comment_status":"closed","ping_status":"closed","template":"","meta":{"footnotes":""},"page_category":[],"yoast_head":"<!-- This site is optimized with the Yoast SEO plugin v22.8 - https:\/\/yoast.com\/wordpress\/plugins\/seo\/ -->\n<title>Energietechnisches Bildungszentrum - bbs|me<\/title>\n<meta name=\"robots\" content=\"index, follow, max-snippet:-1, max-image-preview:large, max-video-preview:-1\" \/>\n<link rel=\"canonical\" href=\"https:\/\/www2.bbs-me.de\/index.php\/kompetenzzentren\/vorlage-3\/\" \/>\n<meta property=\"og:locale\" content=\"de_DE\" \/>\n<meta property=\"og:type\" content=\"article\" \/>\n<meta property=\"og:title\" content=\"Energietechnisches Bildungszentrum - bbs|me\" \/>\n<meta property=\"og:url\" content=\"https:\/\/www2.bbs-me.de\/index.php\/kompetenzzentren\/vorlage-3\/\" \/>\n<meta property=\"og:site_name\" content=\"bbs|me\" \/>\n<meta property=\"article:modified_time\" content=\"2019-10-04T14:41:44+00:00\" \/>\n<meta name=\"twitter:card\" content=\"summary_large_image\" \/>\n<meta name=\"twitter:label1\" content=\"Gesch\u00e4tzte Lesezeit\" \/>\n\t<meta name=\"twitter:data1\" content=\"6\u00a0Minuten\" \/>\n<script type=\"application\/ld+json\" class=\"yoast-schema-graph\">{\"@context\":\"https:\/\/schema.org\",\"@graph\":[{\"@type\":\"WebPage\",\"@id\":\"https:\/\/www2.bbs-me.de\/index.php\/kompetenzzentren\/vorlage-3\/\",\"url\":\"https:\/\/www2.bbs-me.de\/index.php\/kompetenzzentren\/vorlage-3\/\",\"name\":\"Energietechnisches Bildungszentrum - bbs|me\",\"isPartOf\":{\"@id\":\"https:\/\/www2.bbs-me.de\/#website\"},\"datePublished\":\"2016-03-04T13:41:49+00:00\",\"dateModified\":\"2019-10-04T14:41:44+00:00\",\"breadcrumb\":{\"@id\":\"https:\/\/www2.bbs-me.de\/index.php\/kompetenzzentren\/vorlage-3\/#breadcrumb\"},\"inLanguage\":\"de\",\"potentialAction\":[{\"@type\":\"ReadAction\",\"target\":[\"https:\/\/www2.bbs-me.de\/index.php\/kompetenzzentren\/vorlage-3\/\"]}]},{\"@type\":\"BreadcrumbList\",\"@id\":\"https:\/\/www2.bbs-me.de\/index.php\/kompetenzzentren\/vorlage-3\/#breadcrumb\",\"itemListElement\":[{\"@type\":\"ListItem\",\"position\":1,\"name\":\"Startseite\",\"item\":\"https:\/\/www2.bbs-me.de\/\"},{\"@type\":\"ListItem\",\"position\":2,\"name\":\"Lernzentren\",\"item\":\"https:\/\/www2.bbs-me.de\/index.php\/kompetenzzentren\/\"},{\"@type\":\"ListItem\",\"position\":3,\"name\":\"Energietechnisches Bildungszentrum\"}]},{\"@type\":\"WebSite\",\"@id\":\"https:\/\/www2.bbs-me.de\/#website\",\"url\":\"https:\/\/www2.bbs-me.de\/\",\"name\":\"bbs|me\",\"description\":\"Otto-Brenner-Schule - Berufsbildende Schule Metalltechnik \u2022 Elektrotechnik der Region Hannover\",\"potentialAction\":[{\"@type\":\"SearchAction\",\"target\":{\"@type\":\"EntryPoint\",\"urlTemplate\":\"https:\/\/www2.bbs-me.de\/?s={search_term_string}\"},\"query-input\":\"required name=search_term_string\"}],\"inLanguage\":\"de\"}]}<\/script>\n<!-- \/ Yoast SEO plugin. -->","yoast_head_json":{"title":"Energietechnisches Bildungszentrum - bbs|me","robots":{"index":"index","follow":"follow","max-snippet":"max-snippet:-1","max-image-preview":"max-image-preview:large","max-video-preview":"max-video-preview:-1"},"canonical":"https:\/\/www2.bbs-me.de\/index.php\/kompetenzzentren\/vorlage-3\/","og_locale":"de_DE","og_type":"article","og_title":"Energietechnisches Bildungszentrum - bbs|me","og_url":"https:\/\/www2.bbs-me.de\/index.php\/kompetenzzentren\/vorlage-3\/","og_site_name":"bbs|me","article_modified_time":"2019-10-04T14:41:44+00:00","twitter_card":"summary_large_image","twitter_misc":{"Gesch\u00e4tzte Lesezeit":"6\u00a0Minuten"},"schema":{"@context":"https:\/\/schema.org","@graph":[{"@type":"WebPage","@id":"https:\/\/www2.bbs-me.de\/index.php\/kompetenzzentren\/vorlage-3\/","url":"https:\/\/www2.bbs-me.de\/index.php\/kompetenzzentren\/vorlage-3\/","name":"Energietechnisches Bildungszentrum - bbs|me","isPartOf":{"@id":"https:\/\/www2.bbs-me.de\/#website"},"datePublished":"2016-03-04T13:41:49+00:00","dateModified":"2019-10-04T14:41:44+00:00","breadcrumb":{"@id":"https:\/\/www2.bbs-me.de\/index.php\/kompetenzzentren\/vorlage-3\/#breadcrumb"},"inLanguage":"de","potentialAction":[{"@type":"ReadAction","target":["https:\/\/www2.bbs-me.de\/index.php\/kompetenzzentren\/vorlage-3\/"]}]},{"@type":"BreadcrumbList","@id":"https:\/\/www2.bbs-me.de\/index.php\/kompetenzzentren\/vorlage-3\/#breadcrumb","itemListElement":[{"@type":"ListItem","position":1,"name":"Startseite","item":"https:\/\/www2.bbs-me.de\/"},{"@type":"ListItem","position":2,"name":"Lernzentren","item":"https:\/\/www2.bbs-me.de\/index.php\/kompetenzzentren\/"},{"@type":"ListItem","position":3,"name":"Energietechnisches Bildungszentrum"}]},{"@type":"WebSite","@id":"https:\/\/www2.bbs-me.de\/#website","url":"https:\/\/www2.bbs-me.de\/","name":"bbs|me","description":"Otto-Brenner-Schule - Berufsbildende Schule Metalltechnik \u2022 Elektrotechnik der Region Hannover","potentialAction":[{"@type":"SearchAction","target":{"@type":"EntryPoint","urlTemplate":"https:\/\/www2.bbs-me.de\/?s={search_term_string}"},"query-input":"required name=search_term_string"}],"inLanguage":"de"}]}},"publishpress_future_action":{"enabled":false,"date":"2026-04-12 18:42:59","action":"change-status","newStatus":"draft","terms":[],"taxonomy":"page_category"},"_links":{"self":[{"href":"https:\/\/www2.bbs-me.de\/index.php\/wp-json\/wp\/v2\/pages\/4316"}],"collection":[{"href":"https:\/\/www2.bbs-me.de\/index.php\/wp-json\/wp\/v2\/pages"}],"about":[{"href":"https:\/\/www2.bbs-me.de\/index.php\/wp-json\/wp\/v2\/types\/page"}],"author":[{"embeddable":true,"href":"https:\/\/www2.bbs-me.de\/index.php\/wp-json\/wp\/v2\/users\/11"}],"replies":[{"embeddable":true,"href":"https:\/\/www2.bbs-me.de\/index.php\/wp-json\/wp\/v2\/comments?post=4316"}],"version-history":[{"count":51,"href":"https:\/\/www2.bbs-me.de\/index.php\/wp-json\/wp\/v2\/pages\/4316\/revisions"}],"predecessor-version":[{"id":17440,"href":"https:\/\/www2.bbs-me.de\/index.php\/wp-json\/wp\/v2\/pages\/4316\/revisions\/17440"}],"up":[{"embeddable":true,"href":"https:\/\/www2.bbs-me.de\/index.php\/wp-json\/wp\/v2\/pages\/3728"}],"wp:attachment":[{"href":"https:\/\/www2.bbs-me.de\/index.php\/wp-json\/wp\/v2\/media?parent=4316"}],"wp:term":[{"taxonomy":"page_category","embeddable":true,"href":"https:\/\/www2.bbs-me.de\/index.php\/wp-json\/wp\/v2\/page_category?post=4316"}],"curies":[{"name":"wp","href":"https:\/\/api.w.org\/{rel}","templated":true}]}}