{"id":4445,"date":"2016-03-04T15:23:40","date_gmt":"2016-03-04T14:23:40","guid":{"rendered":"https:\/\/www2.bbs-me.de\/?page_id=4445"},"modified":"2017-03-26T19:50:37","modified_gmt":"2017-03-26T17:50:37","slug":"vorlage-2-4-2","status":"publish","type":"page","link":"https:\/\/www2.bbs-me.de\/index.php\/startseite-dev-dropdown\/technikerschule-2\/fachschule-elektrotechnik-2\/struktur-der-fachschule-elektrotechnik\/vorlage-2-4-2\/","title":{"rendered":"Elektrische Antriebe"},"content":{"rendered":"<div id='basic-article'  class='av-layout-grid-container entry-content-wrapper header_color av-flex-cells     avia-builder-el-0  el_before_av_hr  avia-builder-el-first  container_wrap sidebar_right' style=' '  >\n<div class=\"flex_cell no_margin av_one_third  avia-builder-el-1  el_before_av_cell_two_third  avia-builder-el-first   \"  style='vertical-align:top; padding:30px; ' ><div class='flex_cell_inner' ><div  class='avia-image-container  av-styling-  noHover  av-overlay-hover-deactivate   avia-builder-el-2  avia-builder-el-no-sibling  avia-align-center '  itemprop=\"image\" itemscope=\"itemscope\" itemtype=\"https:\/\/schema.org\/ImageObject\"  ><div class='avia-image-container-inner'><div class='avia-image-overlay-wrap'><div class='av-image-caption-overlay'><div class='av-caption-image-overlay-bg' style='opacity:0.4; background-color:#444444; '><\/div><div class='av-image-caption-overlay-position'><div class='av-image-caption-overlay-center' style='color:#ffffff; '><p>Servomotoranwendungen an einem 4 Achs SCARA<\/p>\n<\/div><\/div><\/div><img class='avia_image' src='https:\/\/www2.bbs-me.de\/wp-content\/uploads\/2017\/03\/SCARA-300x225.png' alt='' title='scara' height=\"225\" width=\"300\"  itemprop=\"thumbnailUrl\"  \/><\/div><\/div><\/div>\n<\/div><\/div><div class=\"flex_cell no_margin av_two_third  avia-builder-el-3  el_after_av_cell_one_third  avia-builder-el-last   \"  style='vertical-align:top; padding:30px; ' ><div class='flex_cell_inner' ><p><div  style='padding-bottom:10px; ' class='av-special-heading av-special-heading-h1  blockquote modern-quote  avia-builder-el-4  el_before_av_textblock  avia-builder-el-first  '><h1 class='av-special-heading-tag '  itemprop=\"headline\"  >Elektrische Antriebe<\/h1><div class='special-heading-border'><div class='special-heading-inner-border' ><\/div><\/div><\/div><br \/>\n<section class=\"av_textblock_section \"  itemscope=\"itemscope\" itemtype=\"https:\/\/schema.org\/CreativeWork\" ><div class='avia_textblock  '  style='font-size:16px; '  itemprop=\"text\" ><p>Die elektrische Antriebstechnik ist eines der umfassendsten Gebiete der Elektrotechnik. Der Elektromotor koppelt mechanische mit elektrischen Vorg\u00e4ngen und das Antriebsregelger\u00e4t stellt die Verbindung zur Informationstechnik her. Letzteres erfordert den Einsatz modernster Mikroelektronik. Im Schwerpunkt Energie- und Prozessautomatisierungstechnik wird unter anderem das grundlegende Wissen vermittelt, das zur Entwicklung elektrischer Antriebe n\u00f6tig ist. Dabei werden grundlegende Sachverhalte und Zusammenh\u00e4nge aufgezeigt.<\/p>\n<\/div><\/section><br \/>\n<section class=\"av_textblock_section \"  itemscope=\"itemscope\" itemtype=\"https:\/\/schema.org\/CreativeWork\" ><div class='avia_textblock  '  style='font-size:16px; '  itemprop=\"text\" ><p>Es werden umfangreiche Labor \u00dcbungen an Motorenpr\u00fcfst\u00e4nden mit Unterst\u00fctzung von Messger\u00e4ten durchgef\u00fchrt.<\/p>\n<\/div><\/section><br \/>\n<section class=\"av_textblock_section \"  itemscope=\"itemscope\" itemtype=\"https:\/\/schema.org\/CreativeWork\" ><div class='avia_textblock  '  style='font-size:16px; '  itemprop=\"text\" ><\/div><\/section><br \/>\n<div  class='avia-image-container  av-styling-    avia-builder-el-8  el_after_av_textblock  avia-builder-el-last  avia-align-center '  itemprop=\"image\" itemscope=\"itemscope\" itemtype=\"https:\/\/schema.org\/ImageObject\"  ><div class='avia-image-container-inner'><div class='avia-image-overlay-wrap'><img class='avia_image' src='https:\/\/www2.bbs-me.de\/wp-content\/uploads\/2016\/01\/image_optional.png' alt='' title=''   itemprop=\"thumbnailUrl\"  \/><\/div><\/div><\/div><\/p>\n<\/div><\/div><\/div><div id='after_submenu_1'  class='main_color av_default_container_wrap container_wrap sidebar_right' style=' '  ><div class='container' ><div class='template-page content  av-content-small alpha units'><div class='post-entry post-entry-type-page post-entry-4445'><div class='entry-content-wrapper clearfix'><div  style='height:20px' class='hr hr-invisible   avia-builder-el-9  el_after_av_layout_row  avia-builder-el-no-sibling '><span class='hr-inner ' ><span class='hr-inner-style'><\/span><\/span><\/div><\/p>\n","protected":false},"excerpt":{"rendered":"","protected":false},"author":18,"featured_media":0,"parent":6300,"menu_order":0,"comment_status":"closed","ping_status":"closed","template":"","meta":{"footnotes":""},"page_category":[53,73,72],"yoast_head":"<!-- This site is optimized with the Yoast SEO plugin v22.8 - https:\/\/yoast.com\/wordpress\/plugins\/seo\/ -->\n<title>Elektrische Antriebe - bbs|me<\/title>\n<meta name=\"robots\" content=\"index, follow, max-snippet:-1, max-image-preview:large, max-video-preview:-1\" \/>\n<link rel=\"canonical\" href=\"https:\/\/www2.bbs-me.de\/index.php\/startseite-dev-dropdown\/technikerschule-2\/fachschule-elektrotechnik-2\/struktur-der-fachschule-elektrotechnik\/vorlage-2-4-2\/\" \/>\n<meta property=\"og:locale\" content=\"de_DE\" \/>\n<meta property=\"og:type\" content=\"article\" \/>\n<meta property=\"og:title\" content=\"Elektrische Antriebe - bbs|me\" \/>\n<meta property=\"og:url\" content=\"https:\/\/www2.bbs-me.de\/index.php\/startseite-dev-dropdown\/technikerschule-2\/fachschule-elektrotechnik-2\/struktur-der-fachschule-elektrotechnik\/vorlage-2-4-2\/\" \/>\n<meta property=\"og:site_name\" content=\"bbs|me\" \/>\n<meta property=\"article:modified_time\" content=\"2017-03-26T17:50:37+00:00\" \/>\n<meta name=\"twitter:card\" content=\"summary_large_image\" \/>\n<meta name=\"twitter:label1\" content=\"Gesch\u00e4tzte Lesezeit\" \/>\n\t<meta name=\"twitter:data1\" content=\"2\u00a0Minuten\" \/>\n<script type=\"application\/ld+json\" class=\"yoast-schema-graph\">{\"@context\":\"https:\/\/schema.org\",\"@graph\":[{\"@type\":\"WebPage\",\"@id\":\"https:\/\/www2.bbs-me.de\/index.php\/startseite-dev-dropdown\/technikerschule-2\/fachschule-elektrotechnik-2\/struktur-der-fachschule-elektrotechnik\/vorlage-2-4-2\/\",\"url\":\"https:\/\/www2.bbs-me.de\/index.php\/startseite-dev-dropdown\/technikerschule-2\/fachschule-elektrotechnik-2\/struktur-der-fachschule-elektrotechnik\/vorlage-2-4-2\/\",\"name\":\"Elektrische Antriebe - bbs|me\",\"isPartOf\":{\"@id\":\"https:\/\/www2.bbs-me.de\/#website\"},\"datePublished\":\"2016-03-04T14:23:40+00:00\",\"dateModified\":\"2017-03-26T17:50:37+00:00\",\"breadcrumb\":{\"@id\":\"https:\/\/www2.bbs-me.de\/index.php\/startseite-dev-dropdown\/technikerschule-2\/fachschule-elektrotechnik-2\/struktur-der-fachschule-elektrotechnik\/vorlage-2-4-2\/#breadcrumb\"},\"inLanguage\":\"de\",\"potentialAction\":[{\"@type\":\"ReadAction\",\"target\":[\"https:\/\/www2.bbs-me.de\/index.php\/startseite-dev-dropdown\/technikerschule-2\/fachschule-elektrotechnik-2\/struktur-der-fachschule-elektrotechnik\/vorlage-2-4-2\/\"]}]},{\"@type\":\"BreadcrumbList\",\"@id\":\"https:\/\/www2.bbs-me.de\/index.php\/startseite-dev-dropdown\/technikerschule-2\/fachschule-elektrotechnik-2\/struktur-der-fachschule-elektrotechnik\/vorlage-2-4-2\/#breadcrumb\",\"itemListElement\":[{\"@type\":\"ListItem\",\"position\":1,\"name\":\"Startseite\",\"item\":\"https:\/\/www2.bbs-me.de\/\"},{\"@type\":\"ListItem\",\"position\":2,\"name\":\"Startseite\",\"item\":\"https:\/\/www2.bbs-me.de\/\"},{\"@type\":\"ListItem\",\"position\":3,\"name\":\"Technikerschule\",\"item\":\"https:\/\/www2.bbs-me.de\/index.php\/startseite-dev-dropdown\/technikerschule-2\/\"},{\"@type\":\"ListItem\",\"position\":4,\"name\":\"Fachschule Elektrotechnik\",\"item\":\"https:\/\/www2.bbs-me.de\/index.php\/startseite-dev-dropdown\/technikerschule-2\/fachschule-elektrotechnik-2\/\"},{\"@type\":\"ListItem\",\"position\":5,\"name\":\"Struktur der Fachschule Elektrotechnik\",\"item\":\"https:\/\/www2.bbs-me.de\/index.php\/startseite-dev-dropdown\/technikerschule-2\/fachschule-elektrotechnik-2\/struktur-der-fachschule-elektrotechnik\/\"},{\"@type\":\"ListItem\",\"position\":6,\"name\":\"Elektrische Antriebe\"}]},{\"@type\":\"WebSite\",\"@id\":\"https:\/\/www2.bbs-me.de\/#website\",\"url\":\"https:\/\/www2.bbs-me.de\/\",\"name\":\"bbs|me\",\"description\":\"Otto-Brenner-Schule - Berufsbildende Schule Metalltechnik \u2022 Elektrotechnik der Region Hannover\",\"potentialAction\":[{\"@type\":\"SearchAction\",\"target\":{\"@type\":\"EntryPoint\",\"urlTemplate\":\"https:\/\/www2.bbs-me.de\/?s={search_term_string}\"},\"query-input\":\"required name=search_term_string\"}],\"inLanguage\":\"de\"}]}<\/script>\n<!-- \/ Yoast SEO plugin. -->","yoast_head_json":{"title":"Elektrische Antriebe - bbs|me","robots":{"index":"index","follow":"follow","max-snippet":"max-snippet:-1","max-image-preview":"max-image-preview:large","max-video-preview":"max-video-preview:-1"},"canonical":"https:\/\/www2.bbs-me.de\/index.php\/startseite-dev-dropdown\/technikerschule-2\/fachschule-elektrotechnik-2\/struktur-der-fachschule-elektrotechnik\/vorlage-2-4-2\/","og_locale":"de_DE","og_type":"article","og_title":"Elektrische Antriebe - bbs|me","og_url":"https:\/\/www2.bbs-me.de\/index.php\/startseite-dev-dropdown\/technikerschule-2\/fachschule-elektrotechnik-2\/struktur-der-fachschule-elektrotechnik\/vorlage-2-4-2\/","og_site_name":"bbs|me","article_modified_time":"2017-03-26T17:50:37+00:00","twitter_card":"summary_large_image","twitter_misc":{"Gesch\u00e4tzte Lesezeit":"2\u00a0Minuten"},"schema":{"@context":"https:\/\/schema.org","@graph":[{"@type":"WebPage","@id":"https:\/\/www2.bbs-me.de\/index.php\/startseite-dev-dropdown\/technikerschule-2\/fachschule-elektrotechnik-2\/struktur-der-fachschule-elektrotechnik\/vorlage-2-4-2\/","url":"https:\/\/www2.bbs-me.de\/index.php\/startseite-dev-dropdown\/technikerschule-2\/fachschule-elektrotechnik-2\/struktur-der-fachschule-elektrotechnik\/vorlage-2-4-2\/","name":"Elektrische Antriebe - bbs|me","isPartOf":{"@id":"https:\/\/www2.bbs-me.de\/#website"},"datePublished":"2016-03-04T14:23:40+00:00","dateModified":"2017-03-26T17:50:37+00:00","breadcrumb":{"@id":"https:\/\/www2.bbs-me.de\/index.php\/startseite-dev-dropdown\/technikerschule-2\/fachschule-elektrotechnik-2\/struktur-der-fachschule-elektrotechnik\/vorlage-2-4-2\/#breadcrumb"},"inLanguage":"de","potentialAction":[{"@type":"ReadAction","target":["https:\/\/www2.bbs-me.de\/index.php\/startseite-dev-dropdown\/technikerschule-2\/fachschule-elektrotechnik-2\/struktur-der-fachschule-elektrotechnik\/vorlage-2-4-2\/"]}]},{"@type":"BreadcrumbList","@id":"https:\/\/www2.bbs-me.de\/index.php\/startseite-dev-dropdown\/technikerschule-2\/fachschule-elektrotechnik-2\/struktur-der-fachschule-elektrotechnik\/vorlage-2-4-2\/#breadcrumb","itemListElement":[{"@type":"ListItem","position":1,"name":"Startseite","item":"https:\/\/www2.bbs-me.de\/"},{"@type":"ListItem","position":2,"name":"Startseite","item":"https:\/\/www2.bbs-me.de\/"},{"@type":"ListItem","position":3,"name":"Technikerschule","item":"https:\/\/www2.bbs-me.de\/index.php\/startseite-dev-dropdown\/technikerschule-2\/"},{"@type":"ListItem","position":4,"name":"Fachschule Elektrotechnik","item":"https:\/\/www2.bbs-me.de\/index.php\/startseite-dev-dropdown\/technikerschule-2\/fachschule-elektrotechnik-2\/"},{"@type":"ListItem","position":5,"name":"Struktur der Fachschule Elektrotechnik","item":"https:\/\/www2.bbs-me.de\/index.php\/startseite-dev-dropdown\/technikerschule-2\/fachschule-elektrotechnik-2\/struktur-der-fachschule-elektrotechnik\/"},{"@type":"ListItem","position":6,"name":"Elektrische Antriebe"}]},{"@type":"WebSite","@id":"https:\/\/www2.bbs-me.de\/#website","url":"https:\/\/www2.bbs-me.de\/","name":"bbs|me","description":"Otto-Brenner-Schule - Berufsbildende Schule Metalltechnik \u2022 Elektrotechnik der Region Hannover","potentialAction":[{"@type":"SearchAction","target":{"@type":"EntryPoint","urlTemplate":"https:\/\/www2.bbs-me.de\/?s={search_term_string}"},"query-input":"required name=search_term_string"}],"inLanguage":"de"}]}},"publishpress_future_action":{"enabled":false,"date":"2026-04-12 20:49:59","action":"change-status","newStatus":"draft","terms":[],"taxonomy":"page_category"},"_links":{"self":[{"href":"https:\/\/www2.bbs-me.de\/index.php\/wp-json\/wp\/v2\/pages\/4445"}],"collection":[{"href":"https:\/\/www2.bbs-me.de\/index.php\/wp-json\/wp\/v2\/pages"}],"about":[{"href":"https:\/\/www2.bbs-me.de\/index.php\/wp-json\/wp\/v2\/types\/page"}],"author":[{"embeddable":true,"href":"https:\/\/www2.bbs-me.de\/index.php\/wp-json\/wp\/v2\/users\/18"}],"replies":[{"embeddable":true,"href":"https:\/\/www2.bbs-me.de\/index.php\/wp-json\/wp\/v2\/comments?post=4445"}],"version-history":[{"count":7,"href":"https:\/\/www2.bbs-me.de\/index.php\/wp-json\/wp\/v2\/pages\/4445\/revisions"}],"predecessor-version":[{"id":10507,"href":"https:\/\/www2.bbs-me.de\/index.php\/wp-json\/wp\/v2\/pages\/4445\/revisions\/10507"}],"up":[{"embeddable":true,"href":"https:\/\/www2.bbs-me.de\/index.php\/wp-json\/wp\/v2\/pages\/6300"}],"wp:attachment":[{"href":"https:\/\/www2.bbs-me.de\/index.php\/wp-json\/wp\/v2\/media?parent=4445"}],"wp:term":[{"taxonomy":"page_category","embeddable":true,"href":"https:\/\/www2.bbs-me.de\/index.php\/wp-json\/wp\/v2\/page_category?post=4445"}],"curies":[{"name":"wp","href":"https:\/\/api.w.org\/{rel}","templated":true}]}}