{"id":4615,"date":"2016-03-05T17:44:31","date_gmt":"2016-03-05T16:44:31","guid":{"rendered":"https:\/\/www2.bbs-me.de\/?page_id=4615"},"modified":"2018-05-15T11:11:27","modified_gmt":"2018-05-15T09:11:27","slug":"kooperationen","status":"publish","type":"page","link":"https:\/\/www2.bbs-me.de\/index.php\/berufseinstiegsschule-allgemein\/kooperationen\/","title":{"rendered":"Kooperationen"},"content":{"rendered":"<div class=\"flex_column av_two_third  flex_column_div first  avia-builder-el-0  el_before_av_one_half  avia-builder-el-first  \" ><section class=\"av_textblock_section \"  itemscope=\"itemscope\" itemtype=\"https:\/\/schema.org\/CreativeWork\" ><div class='avia_textblock  '  style='font-size:34px; '  itemprop=\"text\" ><p>Kooperationen<\/p>\n<\/div><\/section><\/div>\n<div class=\"flex_column av_one_half  flex_column_div first  avia-builder-el-2  el_after_av_two_third  el_before_av_hr  column-top-margin\" ><section class=\"av_textblock_section \"  itemscope=\"itemscope\" itemtype=\"https:\/\/schema.org\/CreativeWork\" ><div class='avia_textblock  '  style='font-size:16px; '  itemprop=\"text\" ><h3><strong>Als Partnerschule von Hannover 96 unterst\u00fctzen wir die Initiative &#8220;<a href=\"https:\/\/www.youtube.com\/watch?v=EPs2jG-tCZc&amp;feature=youtu.be\"><span style=\"color: #ff0000;\">H<\/span>a<span style=\"color: #00ff00;\">n<\/span><span style=\"color: #ff00ff;\">n<\/span>o<span style=\"color: #ff6600;\">v<\/span>e<span style=\"color: #800080;\">r<\/span> <span style=\"color: #00ff00;\">ist<\/span> <span style=\"color: #ff0000;\">bunt<span style=\"color: #000000;\">&#8220;<\/span><\/span><\/a><\/strong><\/h3>\n<p>Das Zirkusp\u00e4dagogischen Zentrum, die Evangelische Familienbildungsst\u00e4tte und das Sportinstitut der Leibniz Universit\u00e4t Hannover sowie der Nieders\u00e4chsische Fu\u00dfballverband haben sich zu unseren festen Kooperationspartnern entwickelt.<\/p>\n<p><strong>Berufsfelder<br \/>\n<\/strong>BVJ &#8220;Fu\u00dfball&#8221; mit Elektrotechnik \/ Farbetechnik und Raumgestaltung<\/p>\n<p>BVJ Farbtechnik und Raumgestaltung \/ Elektrotechnik<\/p>\n<p>BEK\u00a0\u00a0Farbtechnik und Raumgestaltung<\/p>\n<p><strong>Unterricht<\/strong><\/p>\n<p>Der Unterricht findet nach Stundentafel statt. In den jeweils eingeschobenen Projekten wird der Stundenplan zeitweise au\u00dfer Kraft gesetzt. Um diese Flexibilit\u00e4t gew\u00e4hrleisten zu k\u00f6nnen, wird innerhalb des Bereichs ein besonderes Augenmerk auf die Stundenplangestaltung gelegt. In der Regel findet der Unterricht t\u00e4glich\u00a0zwischen 8.00\u00a0und 15.00 Uhr statt.<\/p>\n<\/div><\/section><\/div><div   class='hr hr-default   avia-builder-el-4  el_after_av_one_half  el_before_av_textblock '><span class='hr-inner ' ><span class='hr-inner-style'><\/span><\/span><\/div><\/p>\n<section class=\"av_textblock_section \"  itemscope=\"itemscope\" itemtype=\"https:\/\/schema.org\/CreativeWork\" ><div class='avia_textblock  '   itemprop=\"text\" ><h3>Kooperationen mit allgemein bildenden Schulen<\/h3>\n<p>Seit 1989 gibt es einen Unterrichtsverbund mit F\u00f6rderschulen, in dem Sch\u00fclerinnen und Sch\u00fcler Fachpraxisunterricht zur Berufsorientierung angeboten wird. Sp\u00e4ter sind Kooperationen mit Haupt- und Realschulen dazu gekommen.<\/p>\n<p><strong>Hauptschulen<\/strong><\/p>\n<p>Sch\u00fclerinnen und Sch\u00fcler der 9. und 10. Klasse besuchen uns am Goetheplatz an einem Wochentag sechs Stunden und werden in einem Schuljahr in zwei Berufsfeldern unterrichtet.<\/p>\n<p>Unsere Kooperationsschulen:<\/p>\n<p>KGS Ronnenberg<br \/>\nBrinker Schule, Langenhagen<br \/>\nRosa Parks Schule, Hannover<\/p>\n<p><strong>F\u00f6rderschulen<\/strong><\/p>\n<p>Alle F\u00f6rderschulen in der Region Hannover nehmen im Rahmen eines Unterrichtsverbundes in unterschiedlicher Intensit\u00e4t das Angebot des Fachpraxisunterrichts in den Berufsfeldern Elektrotechnik, Holztechnik, Metalltechnik, Farbtechnik und Raumgestaltung und Ern\u00e4hrung \/ Gastronomie im Umfang von vier Wochenstunden am Goetheplatz wahr. Zurzeit nehmen 22 F\u00f6rderschulen teil.<\/p>\n<p>Ein besonderes Projekt ist die Kooperation mit der Albrecht-D\u00fcrer-Schule. Die Sch\u00fclerinnen und Sch\u00fcler werden in den Klassenstufen 9 und 10 in vier Berufsfeldern unterrichtet. Sie bekommen an zwei Tagen in der Woche 8 Unterrichtsstunden in der Fachpraxis und 4 Stunden Fachtheorie.<br \/>\nDie Berufsfelder, die die Sch\u00fclerinnen und Sch\u00fcler f\u00fcr jeweils ein halbes Jahr am Goetheplatz durchlaufen, sind Ern\u00e4hrung \/ Gastronomie sowie Farbtechnik und Raumgestaltung.<br \/>\nIn der BBS 3 kommen noch die Berufsfelder Holztechnik und Bautechnik hinzu.<\/p>\n<\/div><\/section>\n","protected":false},"excerpt":{"rendered":"","protected":false},"author":15,"featured_media":0,"parent":4297,"menu_order":0,"comment_status":"closed","ping_status":"closed","template":"","meta":{"footnotes":""},"page_category":[58],"yoast_head":"<!-- This site is optimized with the Yoast SEO plugin v22.8 - https:\/\/yoast.com\/wordpress\/plugins\/seo\/ -->\n<title>Kooperationen - bbs|me<\/title>\n<meta name=\"robots\" content=\"index, follow, max-snippet:-1, max-image-preview:large, max-video-preview:-1\" \/>\n<link rel=\"canonical\" href=\"https:\/\/www2.bbs-me.de\/index.php\/berufseinstiegsschule-allgemein\/kooperationen\/\" \/>\n<meta property=\"og:locale\" content=\"de_DE\" \/>\n<meta property=\"og:type\" content=\"article\" \/>\n<meta property=\"og:title\" content=\"Kooperationen - bbs|me\" \/>\n<meta property=\"og:url\" content=\"https:\/\/www2.bbs-me.de\/index.php\/berufseinstiegsschule-allgemein\/kooperationen\/\" \/>\n<meta property=\"og:site_name\" content=\"bbs|me\" \/>\n<meta property=\"article:modified_time\" content=\"2018-05-15T09:11:27+00:00\" \/>\n<meta name=\"twitter:card\" content=\"summary_large_image\" \/>\n<meta name=\"twitter:label1\" content=\"Gesch\u00e4tzte Lesezeit\" \/>\n\t<meta name=\"twitter:data1\" content=\"2\u00a0Minuten\" \/>\n<script type=\"application\/ld+json\" class=\"yoast-schema-graph\">{\"@context\":\"https:\/\/schema.org\",\"@graph\":[{\"@type\":\"WebPage\",\"@id\":\"https:\/\/www2.bbs-me.de\/index.php\/berufseinstiegsschule-allgemein\/kooperationen\/\",\"url\":\"https:\/\/www2.bbs-me.de\/index.php\/berufseinstiegsschule-allgemein\/kooperationen\/\",\"name\":\"Kooperationen - bbs|me\",\"isPartOf\":{\"@id\":\"https:\/\/www2.bbs-me.de\/#website\"},\"datePublished\":\"2016-03-05T16:44:31+00:00\",\"dateModified\":\"2018-05-15T09:11:27+00:00\",\"breadcrumb\":{\"@id\":\"https:\/\/www2.bbs-me.de\/index.php\/berufseinstiegsschule-allgemein\/kooperationen\/#breadcrumb\"},\"inLanguage\":\"de\",\"potentialAction\":[{\"@type\":\"ReadAction\",\"target\":[\"https:\/\/www2.bbs-me.de\/index.php\/berufseinstiegsschule-allgemein\/kooperationen\/\"]}]},{\"@type\":\"BreadcrumbList\",\"@id\":\"https:\/\/www2.bbs-me.de\/index.php\/berufseinstiegsschule-allgemein\/kooperationen\/#breadcrumb\",\"itemListElement\":[{\"@type\":\"ListItem\",\"position\":1,\"name\":\"Startseite\",\"item\":\"https:\/\/www2.bbs-me.de\/\"},{\"@type\":\"ListItem\",\"position\":2,\"name\":\"Berufseinstiegsschule &#8211; allgemein\",\"item\":\"https:\/\/www2.bbs-me.de\/?page_id=4297\"},{\"@type\":\"ListItem\",\"position\":3,\"name\":\"Kooperationen\"}]},{\"@type\":\"WebSite\",\"@id\":\"https:\/\/www2.bbs-me.de\/#website\",\"url\":\"https:\/\/www2.bbs-me.de\/\",\"name\":\"bbs|me\",\"description\":\"Otto-Brenner-Schule - Berufsbildende Schule Metalltechnik \u2022 Elektrotechnik der Region Hannover\",\"potentialAction\":[{\"@type\":\"SearchAction\",\"target\":{\"@type\":\"EntryPoint\",\"urlTemplate\":\"https:\/\/www2.bbs-me.de\/?s={search_term_string}\"},\"query-input\":\"required name=search_term_string\"}],\"inLanguage\":\"de\"}]}<\/script>\n<!-- \/ Yoast SEO plugin. -->","yoast_head_json":{"title":"Kooperationen - bbs|me","robots":{"index":"index","follow":"follow","max-snippet":"max-snippet:-1","max-image-preview":"max-image-preview:large","max-video-preview":"max-video-preview:-1"},"canonical":"https:\/\/www2.bbs-me.de\/index.php\/berufseinstiegsschule-allgemein\/kooperationen\/","og_locale":"de_DE","og_type":"article","og_title":"Kooperationen - bbs|me","og_url":"https:\/\/www2.bbs-me.de\/index.php\/berufseinstiegsschule-allgemein\/kooperationen\/","og_site_name":"bbs|me","article_modified_time":"2018-05-15T09:11:27+00:00","twitter_card":"summary_large_image","twitter_misc":{"Gesch\u00e4tzte Lesezeit":"2\u00a0Minuten"},"schema":{"@context":"https:\/\/schema.org","@graph":[{"@type":"WebPage","@id":"https:\/\/www2.bbs-me.de\/index.php\/berufseinstiegsschule-allgemein\/kooperationen\/","url":"https:\/\/www2.bbs-me.de\/index.php\/berufseinstiegsschule-allgemein\/kooperationen\/","name":"Kooperationen - bbs|me","isPartOf":{"@id":"https:\/\/www2.bbs-me.de\/#website"},"datePublished":"2016-03-05T16:44:31+00:00","dateModified":"2018-05-15T09:11:27+00:00","breadcrumb":{"@id":"https:\/\/www2.bbs-me.de\/index.php\/berufseinstiegsschule-allgemein\/kooperationen\/#breadcrumb"},"inLanguage":"de","potentialAction":[{"@type":"ReadAction","target":["https:\/\/www2.bbs-me.de\/index.php\/berufseinstiegsschule-allgemein\/kooperationen\/"]}]},{"@type":"BreadcrumbList","@id":"https:\/\/www2.bbs-me.de\/index.php\/berufseinstiegsschule-allgemein\/kooperationen\/#breadcrumb","itemListElement":[{"@type":"ListItem","position":1,"name":"Startseite","item":"https:\/\/www2.bbs-me.de\/"},{"@type":"ListItem","position":2,"name":"Berufseinstiegsschule &#8211; allgemein","item":"https:\/\/www2.bbs-me.de\/?page_id=4297"},{"@type":"ListItem","position":3,"name":"Kooperationen"}]},{"@type":"WebSite","@id":"https:\/\/www2.bbs-me.de\/#website","url":"https:\/\/www2.bbs-me.de\/","name":"bbs|me","description":"Otto-Brenner-Schule - Berufsbildende Schule Metalltechnik \u2022 Elektrotechnik der Region Hannover","potentialAction":[{"@type":"SearchAction","target":{"@type":"EntryPoint","urlTemplate":"https:\/\/www2.bbs-me.de\/?s={search_term_string}"},"query-input":"required name=search_term_string"}],"inLanguage":"de"}]}},"publishpress_future_action":{"enabled":false,"date":"2026-04-12 18:33:21","action":"change-status","newStatus":"draft","terms":[],"taxonomy":"page_category"},"_links":{"self":[{"href":"https:\/\/www2.bbs-me.de\/index.php\/wp-json\/wp\/v2\/pages\/4615"}],"collection":[{"href":"https:\/\/www2.bbs-me.de\/index.php\/wp-json\/wp\/v2\/pages"}],"about":[{"href":"https:\/\/www2.bbs-me.de\/index.php\/wp-json\/wp\/v2\/types\/page"}],"author":[{"embeddable":true,"href":"https:\/\/www2.bbs-me.de\/index.php\/wp-json\/wp\/v2\/users\/15"}],"replies":[{"embeddable":true,"href":"https:\/\/www2.bbs-me.de\/index.php\/wp-json\/wp\/v2\/comments?post=4615"}],"version-history":[{"count":27,"href":"https:\/\/www2.bbs-me.de\/index.php\/wp-json\/wp\/v2\/pages\/4615\/revisions"}],"predecessor-version":[{"id":8519,"href":"https:\/\/www2.bbs-me.de\/index.php\/wp-json\/wp\/v2\/pages\/4615\/revisions\/8519"}],"up":[{"embeddable":true,"href":"https:\/\/www2.bbs-me.de\/index.php\/wp-json\/wp\/v2\/pages\/4297"}],"wp:attachment":[{"href":"https:\/\/www2.bbs-me.de\/index.php\/wp-json\/wp\/v2\/media?parent=4615"}],"wp:term":[{"taxonomy":"page_category","embeddable":true,"href":"https:\/\/www2.bbs-me.de\/index.php\/wp-json\/wp\/v2\/page_category?post=4615"}],"curies":[{"name":"wp","href":"https:\/\/api.w.org\/{rel}","templated":true}]}}