{"id":4631,"date":"2016-03-05T17:54:03","date_gmt":"2016-03-05T16:54:03","guid":{"rendered":"https:\/\/www2.bbs-me.de\/?page_id=4631"},"modified":"2017-01-05T19:50:34","modified_gmt":"2017-01-05T18:50:34","slug":"angebote-fuer-menschen-mit-handicap","status":"publish","type":"page","link":"https:\/\/www2.bbs-me.de\/index.php\/berufseinstiegsschule-allgemein\/angebote-fuer-menschen-mit-handicap\/","title":{"rendered":"Angebote f\u00fcr Menschen mit Handicap"},"content":{"rendered":"<div class=\"flex_column av_one_half  flex_column_div first  avia-builder-el-0  el_before_av_one_half  avia-builder-el-first  \" ><p><section class=\"av_textblock_section \"  itemscope=\"itemscope\" itemtype=\"https:\/\/schema.org\/CreativeWork\" ><div class='avia_textblock  '  style='font-size:34px; '  itemprop=\"text\" ><p>Angebote f\u00fcr Menschen<br \/>\nmit Handicap<\/p>\n<\/div><\/section><br \/>\n<div  class='avia-image-container  av-styling-    avia-builder-el-2  el_after_av_textblock  el_before_av_textblock  avia-align-center '  itemprop=\"image\" itemscope=\"itemscope\" itemtype=\"https:\/\/schema.org\/ImageObject\"  ><div class='avia-image-container-inner'><div class='avia-image-overlay-wrap'><a href='https:\/\/www.diakovere.de\/menschen-mit-behinderung\/berufsbildungswerk\/' class='avia_image'  ><img class='avia_image ' src='https:\/\/www2.bbs-me.de\/wp-content\/uploads\/2016\/09\/Annastift-logo.jpg' alt='' title='Annastift-logo'  itemprop=\"thumbnailUrl\"  \/><\/a><\/div><\/div><\/div><br \/>\n<section class=\"av_textblock_section \"  itemscope=\"itemscope\" itemtype=\"https:\/\/schema.org\/CreativeWork\" ><div class='avia_textblock  '   itemprop=\"text\" ><p><strong>Der Unterricht in Klassen des Berufsbildungswerks Annastift<\/strong><\/p>\n<p>Neben unserer schulinternen Berufsvorbereitung f\u00f6rdern wir \u00fcber den Zeitraum eines Jahres auch Sch\u00fclerinnen und Sch\u00fcler des Annastifts. In enger Zusammenarbeitf\u00f6rdern wir junge Menschen mit k\u00f6rperlich oder geistig bedingter Lernbeeintr\u00e4chtigung durch individuelle Unterst\u00fctzung in ihrem Findungsprozess.Im Anschlusssollen sie eine der rund 40 m\u00f6glichen Berufsausbildungen des Annastifts aufnehmen k\u00f6nnen. Die Ausbildung selbst findet mit Betreuung von Fach\u00e4rzten des Berufsbildungswerkes, Psychologen und einem pers\u00f6nlichem Beratungsteam in der Einrichtung statt.<\/p>\n<p><strong>Der Unterricht und seine Inhalte<\/strong><\/p>\n<p>Derzeit unterrichten f\u00fcnf Lehrkr\u00e4fte der Berufseinstiegsschule in f\u00fcnf Klassen des Annastifts ca. 75 Sch\u00fclerinnen und Sch\u00fcler in Deutsch, Politik und Fachrechnen. Die F\u00f6rderung erfolgt an einem Unterrichtstag pro Woche, in der Regel freitags in der Zeit von 8 bis 12:30 Uhr. Um eine auf jeden Jugendlichen pers\u00f6nlich ausgerichtete Betreuung zu erm\u00f6glichen und ihre Selbstst\u00e4ndigkeit zu f\u00f6rdern, setzt sich eine Klasse aus etwa 10 bis 15 Sch\u00fclerinnen und Sch\u00fclern zusammen.<\/p>\n<p><strong>Ausbildungsziele<\/strong><\/p>\n<p>Die Ausbildungsziele beinhalten im ersten Halbjahr eine Verbessung der Kompetenzen in der Beherrschung der Kulturtechniken, w\u00e4hrend sich die Jugendlichen im zweiten Teil des Schuljahres verst\u00e4rkt mit den Inhalten angestrebter Ausbildungsberufe besch\u00e4ftigen.<\/p>\n<p><strong>Besondere F\u00f6rderung<\/strong><\/p>\n<p>Wenn innerhalb des ersten Vierteljahres festgestellt wird, dass die Sch\u00fclerinnen und Sch\u00fcler eine intensiveren Unterst\u00fctzung ben\u00f6tigen, werden sie in den Einrichtungen der \u201ebesch\u00fctzenden Werkst\u00e4tten\u201c zus\u00e4tzlich gef\u00f6rdert.<\/p>\n<\/div><\/section><\/p><\/div><div class=\"flex_column av_one_half  flex_column_div   avia-builder-el-4  el_after_av_one_half  avia-builder-el-last  \" ><p><div  class='avia-image-container  av-styling-    avia-builder-el-5  el_before_av_textblock  avia-builder-el-first  avia-align-center '  itemprop=\"image\" itemscope=\"itemscope\" itemtype=\"https:\/\/schema.org\/ImageObject\"  ><div class='avia-image-container-inner'><div class='avia-image-overlay-wrap'><a href='http:\/\/www.hw-hannover.de\/1\/bildung\/berufsbildungsbereich\/' class='avia_image'  ><img class='avia_image ' src='https:\/\/www2.bbs-me.de\/wp-content\/uploads\/2016\/09\/Hannoversche-Werst\u00e4tten-Logo.png' alt='' title='Hannoversche Werst\u00e4tten Logo'  itemprop=\"thumbnailUrl\"  \/><\/a><\/div><\/div><\/div><br \/>\n<section class=\"av_textblock_section \"  itemscope=\"itemscope\" itemtype=\"https:\/\/schema.org\/CreativeWork\" ><div class='avia_textblock  '   itemprop=\"text\" ><p><strong>Seit etwa 20 Jahren unterrichten unsere P\u00e4dagogen auch junge Menschen mit k\u00f6rperlicher oder geistiger Beeintr\u00e4chtigung in dem Berufsbildungsbereich der Hannoverschen Werkst\u00e4tten gem. GmbH.<\/strong><\/p>\n<p>Innerhalb eines Schuljahres werden ca. 75 Sch\u00fclerinnen und Sch\u00fcler von derzeit sechs Lehrerinnen und Lehrern ausgebildet. In 19 Gruppen, bestehend aus jeweils maximal sechs Jugendlichen, werden ca. 75 Unterrichtsstunden erteilt. In Zusammenarbeit zwischen den Lehrern und dem \u201eBegleitenden Dienst\u201c der Hannoverschen Werkst\u00e4tten werden die Gruppen zusammengestellt.<\/p>\n<p><strong>Unser Selbstverst\u00e4ndnis<\/strong><\/p>\n<p>Aus dem Selbstverst\u00e4ndnis heraus, dass eine Behinderung keine Krankheit, sondern eine menschliche Seinsweise oder Befindlichkeit ist, steht der beeintr\u00e4chtigte Mensch im Mittelpunkt unserer Arbeit. Toleranz, Verst\u00e4ndnis und gegenseitige Wertsch\u00e4tzung sollen das Verh\u00e4ltnis zwischen Sch\u00fclern und Lehrern pr\u00e4gen.<\/p>\n<p>Auf der Basis von Weiterbildung und Pers\u00f6nlichkeitsentwicklung m\u00f6chten wir so die selbstbestimmte, aktive Teilnahme am Arbeitsleben und der Gesellschaft insgesamt erm\u00f6glichen.<\/p>\n<p><strong>Der Untericht<\/strong><\/p>\n<p>Wir bieten einen auf jeden Jugendlichen abgestimmten und auf seine F\u00e4hig- und Fertigkeiten angepassten Unterricht an. Unser Ziel ist es, die im Berufsbildungsbereich arbeitenden Sch\u00fclerinnen und Sch\u00fcler insbesondere in folgenden Schwerpunkten zu f\u00f6rdern und zu st\u00fctzen. Wir m\u00f6chten:<\/p>\n<ul>\n<li>(wieder) Freude am Lernen vermitteln<\/li>\n<li>den Gemeinsinn entwickeln<\/li>\n<li>das Selbstbewusstseins st\u00e4rken<\/li>\n<li>Konzentrationsf\u00e4higkeit schulen<\/li>\n<li>mit und ohne Taschenrechner rechnen und das Schreiben und Lesen f\u00f6rdern<\/li>\n<li>die Farb- und Formgestaltung sowie die Raumorientierung f\u00f6rdern.<\/li>\n<\/ul>\n<\/div><\/section><\/p><\/div><\/p>\n","protected":false},"excerpt":{"rendered":"","protected":false},"author":39,"featured_media":0,"parent":4297,"menu_order":0,"comment_status":"closed","ping_status":"closed","template":"","meta":{"footnotes":""},"page_category":[58],"yoast_head":"<!-- This site is optimized with the Yoast SEO plugin v22.8 - https:\/\/yoast.com\/wordpress\/plugins\/seo\/ -->\n<title>Angebote f\u00fcr Menschen mit Handicap - bbs|me<\/title>\n<meta name=\"robots\" content=\"index, follow, max-snippet:-1, max-image-preview:large, max-video-preview:-1\" \/>\n<link rel=\"canonical\" href=\"https:\/\/www2.bbs-me.de\/index.php\/berufseinstiegsschule-allgemein\/angebote-fuer-menschen-mit-handicap\/\" \/>\n<meta property=\"og:locale\" content=\"de_DE\" \/>\n<meta property=\"og:type\" content=\"article\" \/>\n<meta property=\"og:title\" content=\"Angebote f\u00fcr Menschen mit Handicap - bbs|me\" \/>\n<meta property=\"og:url\" content=\"https:\/\/www2.bbs-me.de\/index.php\/berufseinstiegsschule-allgemein\/angebote-fuer-menschen-mit-handicap\/\" \/>\n<meta property=\"og:site_name\" content=\"bbs|me\" \/>\n<meta property=\"article:modified_time\" content=\"2017-01-05T18:50:34+00:00\" \/>\n<meta name=\"twitter:card\" content=\"summary_large_image\" \/>\n<meta name=\"twitter:label1\" content=\"Gesch\u00e4tzte Lesezeit\" \/>\n\t<meta name=\"twitter:data1\" content=\"3\u00a0Minuten\" \/>\n<script type=\"application\/ld+json\" class=\"yoast-schema-graph\">{\"@context\":\"https:\/\/schema.org\",\"@graph\":[{\"@type\":\"WebPage\",\"@id\":\"https:\/\/www2.bbs-me.de\/index.php\/berufseinstiegsschule-allgemein\/angebote-fuer-menschen-mit-handicap\/\",\"url\":\"https:\/\/www2.bbs-me.de\/index.php\/berufseinstiegsschule-allgemein\/angebote-fuer-menschen-mit-handicap\/\",\"name\":\"Angebote f\u00fcr Menschen mit Handicap - bbs|me\",\"isPartOf\":{\"@id\":\"https:\/\/www2.bbs-me.de\/#website\"},\"datePublished\":\"2016-03-05T16:54:03+00:00\",\"dateModified\":\"2017-01-05T18:50:34+00:00\",\"breadcrumb\":{\"@id\":\"https:\/\/www2.bbs-me.de\/index.php\/berufseinstiegsschule-allgemein\/angebote-fuer-menschen-mit-handicap\/#breadcrumb\"},\"inLanguage\":\"de\",\"potentialAction\":[{\"@type\":\"ReadAction\",\"target\":[\"https:\/\/www2.bbs-me.de\/index.php\/berufseinstiegsschule-allgemein\/angebote-fuer-menschen-mit-handicap\/\"]}]},{\"@type\":\"BreadcrumbList\",\"@id\":\"https:\/\/www2.bbs-me.de\/index.php\/berufseinstiegsschule-allgemein\/angebote-fuer-menschen-mit-handicap\/#breadcrumb\",\"itemListElement\":[{\"@type\":\"ListItem\",\"position\":1,\"name\":\"Startseite\",\"item\":\"https:\/\/www2.bbs-me.de\/\"},{\"@type\":\"ListItem\",\"position\":2,\"name\":\"Berufseinstiegsschule &#8211; allgemein\",\"item\":\"https:\/\/www2.bbs-me.de\/?page_id=4297\"},{\"@type\":\"ListItem\",\"position\":3,\"name\":\"Angebote f\u00fcr Menschen mit Handicap\"}]},{\"@type\":\"WebSite\",\"@id\":\"https:\/\/www2.bbs-me.de\/#website\",\"url\":\"https:\/\/www2.bbs-me.de\/\",\"name\":\"bbs|me\",\"description\":\"Otto-Brenner-Schule - Berufsbildende Schule Metalltechnik \u2022 Elektrotechnik der Region Hannover\",\"potentialAction\":[{\"@type\":\"SearchAction\",\"target\":{\"@type\":\"EntryPoint\",\"urlTemplate\":\"https:\/\/www2.bbs-me.de\/?s={search_term_string}\"},\"query-input\":\"required name=search_term_string\"}],\"inLanguage\":\"de\"}]}<\/script>\n<!-- \/ Yoast SEO plugin. -->","yoast_head_json":{"title":"Angebote f\u00fcr Menschen mit Handicap - bbs|me","robots":{"index":"index","follow":"follow","max-snippet":"max-snippet:-1","max-image-preview":"max-image-preview:large","max-video-preview":"max-video-preview:-1"},"canonical":"https:\/\/www2.bbs-me.de\/index.php\/berufseinstiegsschule-allgemein\/angebote-fuer-menschen-mit-handicap\/","og_locale":"de_DE","og_type":"article","og_title":"Angebote f\u00fcr Menschen mit Handicap - bbs|me","og_url":"https:\/\/www2.bbs-me.de\/index.php\/berufseinstiegsschule-allgemein\/angebote-fuer-menschen-mit-handicap\/","og_site_name":"bbs|me","article_modified_time":"2017-01-05T18:50:34+00:00","twitter_card":"summary_large_image","twitter_misc":{"Gesch\u00e4tzte Lesezeit":"3\u00a0Minuten"},"schema":{"@context":"https:\/\/schema.org","@graph":[{"@type":"WebPage","@id":"https:\/\/www2.bbs-me.de\/index.php\/berufseinstiegsschule-allgemein\/angebote-fuer-menschen-mit-handicap\/","url":"https:\/\/www2.bbs-me.de\/index.php\/berufseinstiegsschule-allgemein\/angebote-fuer-menschen-mit-handicap\/","name":"Angebote f\u00fcr Menschen mit Handicap - bbs|me","isPartOf":{"@id":"https:\/\/www2.bbs-me.de\/#website"},"datePublished":"2016-03-05T16:54:03+00:00","dateModified":"2017-01-05T18:50:34+00:00","breadcrumb":{"@id":"https:\/\/www2.bbs-me.de\/index.php\/berufseinstiegsschule-allgemein\/angebote-fuer-menschen-mit-handicap\/#breadcrumb"},"inLanguage":"de","potentialAction":[{"@type":"ReadAction","target":["https:\/\/www2.bbs-me.de\/index.php\/berufseinstiegsschule-allgemein\/angebote-fuer-menschen-mit-handicap\/"]}]},{"@type":"BreadcrumbList","@id":"https:\/\/www2.bbs-me.de\/index.php\/berufseinstiegsschule-allgemein\/angebote-fuer-menschen-mit-handicap\/#breadcrumb","itemListElement":[{"@type":"ListItem","position":1,"name":"Startseite","item":"https:\/\/www2.bbs-me.de\/"},{"@type":"ListItem","position":2,"name":"Berufseinstiegsschule &#8211; allgemein","item":"https:\/\/www2.bbs-me.de\/?page_id=4297"},{"@type":"ListItem","position":3,"name":"Angebote f\u00fcr Menschen mit Handicap"}]},{"@type":"WebSite","@id":"https:\/\/www2.bbs-me.de\/#website","url":"https:\/\/www2.bbs-me.de\/","name":"bbs|me","description":"Otto-Brenner-Schule - Berufsbildende Schule Metalltechnik \u2022 Elektrotechnik der Region Hannover","potentialAction":[{"@type":"SearchAction","target":{"@type":"EntryPoint","urlTemplate":"https:\/\/www2.bbs-me.de\/?s={search_term_string}"},"query-input":"required name=search_term_string"}],"inLanguage":"de"}]}},"publishpress_future_action":{"enabled":false,"date":"2026-04-12 18:57:08","action":"change-status","newStatus":"draft","terms":[],"taxonomy":"page_category"},"_links":{"self":[{"href":"https:\/\/www2.bbs-me.de\/index.php\/wp-json\/wp\/v2\/pages\/4631"}],"collection":[{"href":"https:\/\/www2.bbs-me.de\/index.php\/wp-json\/wp\/v2\/pages"}],"about":[{"href":"https:\/\/www2.bbs-me.de\/index.php\/wp-json\/wp\/v2\/types\/page"}],"author":[{"embeddable":true,"href":"https:\/\/www2.bbs-me.de\/index.php\/wp-json\/wp\/v2\/users\/39"}],"replies":[{"embeddable":true,"href":"https:\/\/www2.bbs-me.de\/index.php\/wp-json\/wp\/v2\/comments?post=4631"}],"version-history":[{"count":20,"href":"https:\/\/www2.bbs-me.de\/index.php\/wp-json\/wp\/v2\/pages\/4631\/revisions"}],"predecessor-version":[{"id":9692,"href":"https:\/\/www2.bbs-me.de\/index.php\/wp-json\/wp\/v2\/pages\/4631\/revisions\/9692"}],"up":[{"embeddable":true,"href":"https:\/\/www2.bbs-me.de\/index.php\/wp-json\/wp\/v2\/pages\/4297"}],"wp:attachment":[{"href":"https:\/\/www2.bbs-me.de\/index.php\/wp-json\/wp\/v2\/media?parent=4631"}],"wp:term":[{"taxonomy":"page_category","embeddable":true,"href":"https:\/\/www2.bbs-me.de\/index.php\/wp-json\/wp\/v2\/page_category?post=4631"}],"curies":[{"name":"wp","href":"https:\/\/api.w.org\/{rel}","templated":true}]}}