{"id":4969,"date":"2016-03-07T08:31:24","date_gmt":"2016-03-07T07:31:24","guid":{"rendered":"https:\/\/www2.bbs-me.de\/?page_id=4969"},"modified":"2024-05-06T19:18:22","modified_gmt":"2024-05-06T17:18:22","slug":"elektrofachkraft-fuer-festgelegte-taetigkeiten","status":"publish","type":"page","link":"https:\/\/www2.bbs-me.de\/index.php\/kompetenzzentren\/elektrofachkraft-fuer-festgelegte-taetigkeiten\/","title":{"rendered":"Elektrofachkraft f\u00fcr festgelegte T\u00e4tigkeiten"},"content":{"rendered":"<div class=\"flex_column av_one_half  flex_column_div first  avia-builder-el-0  el_before_av_one_half  avia-builder-el-first  \" ><p><section class=\"av_textblock_section \"  itemscope=\"itemscope\" itemtype=\"https:\/\/schema.org\/CreativeWork\" ><div class='avia_textblock  '  style='font-size:34px; '  itemprop=\"text\" ><p>Elektrofachkraft<br \/>\nf\u00fcr festgelegte T\u00e4tigkeiten (EffT)<\/p>\n<\/div><\/section><br \/>\n<section class=\"av_textblock_section \"  itemscope=\"itemscope\" itemtype=\"https:\/\/schema.org\/CreativeWork\" ><div class='avia_textblock  '   itemprop=\"text\" ><p>Unseren Auszubildenden in ausgew\u00e4hlten Metallberufen und Sch\u00fclerinnen und Sch\u00fclern der Technikerschule bieten wir ein attraktives Zusatzzertifikat: Die Qualifikation zur \u201cElektrofachkraft f\u00fcr festgelegte T\u00e4tigkeiten (EffT)\u201d.<\/p>\n<p>Ein Metallfacharbeiter mit diesem Zertifikat darf dann beispielsweise selber einen Elektromotor anschlie\u00dfen und muss daf\u00fcr nicht extra einen Elektriker kommen lassen. Den Qualifizierungsschwerpunkt bilden die Grundlagen der Elektrotechnik, das sichere Arbeiten und der fachgerechte Umgang mit Schutzma\u00dfnahmen in elektrischen Anlagen.<\/p>\n<\/div><\/section><\/p><\/div><div class=\"flex_column av_one_half  flex_column_div   avia-builder-el-3  el_after_av_one_half  el_before_av_hr  \" ><\/div><\/p>\n<div  style='height:50px' class='hr hr-invisible   avia-builder-el-4  el_after_av_one_half  el_before_av_one_half '><span class='hr-inner ' ><span class='hr-inner-style'><\/span><\/span><\/div>\n<div class=\"flex_column av_one_half  flex_column_div first  avia-builder-el-5  el_after_av_hr  el_before_av_one_half  \" ><div  class='avia-image-container  av-styling-    avia-builder-el-6  avia-builder-el-no-sibling  avia-align-center '  itemprop=\"image\" itemscope=\"itemscope\" itemtype=\"https:\/\/schema.org\/ImageObject\"  ><div class='avia-image-container-inner'><div class='avia-image-overlay-wrap'><img class='avia_image' src='https:\/\/www2.bbs-me.de\/wp-content\/uploads\/2016\/03\/A2_DSC7594-495x400.jpg' alt='' title='A2_DSC7594' height=\"400\" width=\"495\"  itemprop=\"thumbnailUrl\"  \/><\/div><\/div><\/div><\/div>\n<div class=\"flex_column av_one_half  flex_column_div av-zero-column-padding   avia-builder-el-7  el_after_av_one_half  el_before_av_one_half  \" style='border-radius:0px; '><section class=\"av_textblock_section \"  itemscope=\"itemscope\" itemtype=\"https:\/\/schema.org\/CreativeWork\" ><div class='avia_textblock  av_inherit_color '  style='color:#a8776f; '  itemprop=\"text\" ><p><strong>Zum Beispiel<br \/>\nSebastian Giernacki:<\/strong><\/p>\n<p><em>&#8220;Durch die Zusatzqualifikation Elektrofachkraft f\u00fcr festgelegte T\u00e4tigkeiten- EffT habe ich sehr viel Wissenswertes \u00fcber die Elektrotechnik gelernt. Das alles kann ich gut im Berufs- und Privatleben einsetzen. Durch den bestandenen Lehrgang erlangt man eine weitere Qualifikation mit Zertifikat, die sich z.B. bei einer Bewerbung positiv auswirkt.<\/em><\/p>\n<p><em>Man geht nach dem Lehrgang ganz anders an Stromkreise und elektrische Maschienen heran, da man mehr Fachwissen besitzt. Strom und Spannung werden nicht mehr leichtsinnig untersch\u00e4tzt. Die Elektrosicherheit im EffT-Lehrgang steht immer an erster Stelle. Mir pers\u00f6nlich gef\u00e4llt der Lehrgang sehr gut. Ich kann ihn auch anderen Sch\u00fclern empfehlen.&#8221;<\/em><\/p>\n<p>Sebastian Giernacki<br \/>\nMaschinen- und Anlagenf\u00fchrer<\/p>\n<\/div><\/section><\/div>\n<div class=\"flex_column av_one_half  flex_column_div av-zero-column-padding first  avia-builder-el-9  el_after_av_one_half  el_before_av_one_half  column-top-margin\" style='border-radius:0px; '><section class=\"av_textblock_section \"  itemscope=\"itemscope\" itemtype=\"https:\/\/schema.org\/CreativeWork\" ><div class='avia_textblock  '   itemprop=\"text\" ><p><strong>Ansprechpartner:<\/strong><br \/>\n<a href=\"mailto:Boer@bbs-me.de\">Sven Boer<br \/>\n<\/a><a href=\"mailto:sprick@bbs-me.de\">Carsten Sprick<\/a><\/p>\n<\/div><\/section><\/div>\n<div class=\"flex_column av_one_half  flex_column_div av-zero-column-padding   avia-builder-el-11  el_after_av_one_half  avia-builder-el-last  column-top-margin\" style='border-radius:0px; '><div  class='avia-button-wrap avia-button-center  avia-builder-el-12  avia-builder-el-no-sibling ' ><a href='https:\/\/www2.bbs-me.de\/index.php\/berufsschule-metalltechnik\/zusatzqualifikation-efft\/'  class='avia-button   avia-icon_select-no avia-color-red avia-size-small avia-position-center '   ><span class='avia_iconbox_title' >EFFT-Weiterbildungszertifikat<\/span><\/a><\/div><\/div>\n","protected":false},"excerpt":{"rendered":"","protected":false},"author":39,"featured_media":0,"parent":3728,"menu_order":0,"comment_status":"closed","ping_status":"closed","template":"","meta":{"footnotes":""},"page_category":[76,80],"yoast_head":"<!-- This site is optimized with the Yoast SEO plugin v22.8 - https:\/\/yoast.com\/wordpress\/plugins\/seo\/ -->\n<title>Elektrofachkraft f\u00fcr festgelegte T\u00e4tigkeiten - bbs|me<\/title>\n<meta name=\"robots\" content=\"index, follow, max-snippet:-1, max-image-preview:large, max-video-preview:-1\" \/>\n<link rel=\"canonical\" href=\"https:\/\/www2.bbs-me.de\/index.php\/kompetenzzentren\/elektrofachkraft-fuer-festgelegte-taetigkeiten\/\" \/>\n<meta property=\"og:locale\" content=\"de_DE\" \/>\n<meta property=\"og:type\" content=\"article\" \/>\n<meta property=\"og:title\" content=\"Elektrofachkraft f\u00fcr festgelegte T\u00e4tigkeiten - bbs|me\" \/>\n<meta property=\"og:url\" content=\"https:\/\/www2.bbs-me.de\/index.php\/kompetenzzentren\/elektrofachkraft-fuer-festgelegte-taetigkeiten\/\" \/>\n<meta property=\"og:site_name\" content=\"bbs|me\" \/>\n<meta property=\"article:modified_time\" content=\"2024-05-06T17:18:22+00:00\" \/>\n<meta name=\"twitter:card\" content=\"summary_large_image\" \/>\n<meta name=\"twitter:label1\" content=\"Gesch\u00e4tzte Lesezeit\" \/>\n\t<meta name=\"twitter:data1\" content=\"3\u00a0Minuten\" \/>\n<script type=\"application\/ld+json\" class=\"yoast-schema-graph\">{\"@context\":\"https:\/\/schema.org\",\"@graph\":[{\"@type\":\"WebPage\",\"@id\":\"https:\/\/www2.bbs-me.de\/index.php\/kompetenzzentren\/elektrofachkraft-fuer-festgelegte-taetigkeiten\/\",\"url\":\"https:\/\/www2.bbs-me.de\/index.php\/kompetenzzentren\/elektrofachkraft-fuer-festgelegte-taetigkeiten\/\",\"name\":\"Elektrofachkraft f\u00fcr festgelegte T\u00e4tigkeiten - bbs|me\",\"isPartOf\":{\"@id\":\"https:\/\/www2.bbs-me.de\/#website\"},\"datePublished\":\"2016-03-07T07:31:24+00:00\",\"dateModified\":\"2024-05-06T17:18:22+00:00\",\"breadcrumb\":{\"@id\":\"https:\/\/www2.bbs-me.de\/index.php\/kompetenzzentren\/elektrofachkraft-fuer-festgelegte-taetigkeiten\/#breadcrumb\"},\"inLanguage\":\"de\",\"potentialAction\":[{\"@type\":\"ReadAction\",\"target\":[\"https:\/\/www2.bbs-me.de\/index.php\/kompetenzzentren\/elektrofachkraft-fuer-festgelegte-taetigkeiten\/\"]}]},{\"@type\":\"BreadcrumbList\",\"@id\":\"https:\/\/www2.bbs-me.de\/index.php\/kompetenzzentren\/elektrofachkraft-fuer-festgelegte-taetigkeiten\/#breadcrumb\",\"itemListElement\":[{\"@type\":\"ListItem\",\"position\":1,\"name\":\"Startseite\",\"item\":\"https:\/\/www2.bbs-me.de\/\"},{\"@type\":\"ListItem\",\"position\":2,\"name\":\"Lernzentren\",\"item\":\"https:\/\/www2.bbs-me.de\/index.php\/kompetenzzentren\/\"},{\"@type\":\"ListItem\",\"position\":3,\"name\":\"Elektrofachkraft f\u00fcr festgelegte T\u00e4tigkeiten\"}]},{\"@type\":\"WebSite\",\"@id\":\"https:\/\/www2.bbs-me.de\/#website\",\"url\":\"https:\/\/www2.bbs-me.de\/\",\"name\":\"bbs|me\",\"description\":\"Otto-Brenner-Schule - Berufsbildende Schule Metalltechnik \u2022 Elektrotechnik der Region Hannover\",\"potentialAction\":[{\"@type\":\"SearchAction\",\"target\":{\"@type\":\"EntryPoint\",\"urlTemplate\":\"https:\/\/www2.bbs-me.de\/?s={search_term_string}\"},\"query-input\":\"required name=search_term_string\"}],\"inLanguage\":\"de\"}]}<\/script>\n<!-- \/ Yoast SEO plugin. -->","yoast_head_json":{"title":"Elektrofachkraft f\u00fcr festgelegte T\u00e4tigkeiten - bbs|me","robots":{"index":"index","follow":"follow","max-snippet":"max-snippet:-1","max-image-preview":"max-image-preview:large","max-video-preview":"max-video-preview:-1"},"canonical":"https:\/\/www2.bbs-me.de\/index.php\/kompetenzzentren\/elektrofachkraft-fuer-festgelegte-taetigkeiten\/","og_locale":"de_DE","og_type":"article","og_title":"Elektrofachkraft f\u00fcr festgelegte T\u00e4tigkeiten - bbs|me","og_url":"https:\/\/www2.bbs-me.de\/index.php\/kompetenzzentren\/elektrofachkraft-fuer-festgelegte-taetigkeiten\/","og_site_name":"bbs|me","article_modified_time":"2024-05-06T17:18:22+00:00","twitter_card":"summary_large_image","twitter_misc":{"Gesch\u00e4tzte Lesezeit":"3\u00a0Minuten"},"schema":{"@context":"https:\/\/schema.org","@graph":[{"@type":"WebPage","@id":"https:\/\/www2.bbs-me.de\/index.php\/kompetenzzentren\/elektrofachkraft-fuer-festgelegte-taetigkeiten\/","url":"https:\/\/www2.bbs-me.de\/index.php\/kompetenzzentren\/elektrofachkraft-fuer-festgelegte-taetigkeiten\/","name":"Elektrofachkraft f\u00fcr festgelegte T\u00e4tigkeiten - bbs|me","isPartOf":{"@id":"https:\/\/www2.bbs-me.de\/#website"},"datePublished":"2016-03-07T07:31:24+00:00","dateModified":"2024-05-06T17:18:22+00:00","breadcrumb":{"@id":"https:\/\/www2.bbs-me.de\/index.php\/kompetenzzentren\/elektrofachkraft-fuer-festgelegte-taetigkeiten\/#breadcrumb"},"inLanguage":"de","potentialAction":[{"@type":"ReadAction","target":["https:\/\/www2.bbs-me.de\/index.php\/kompetenzzentren\/elektrofachkraft-fuer-festgelegte-taetigkeiten\/"]}]},{"@type":"BreadcrumbList","@id":"https:\/\/www2.bbs-me.de\/index.php\/kompetenzzentren\/elektrofachkraft-fuer-festgelegte-taetigkeiten\/#breadcrumb","itemListElement":[{"@type":"ListItem","position":1,"name":"Startseite","item":"https:\/\/www2.bbs-me.de\/"},{"@type":"ListItem","position":2,"name":"Lernzentren","item":"https:\/\/www2.bbs-me.de\/index.php\/kompetenzzentren\/"},{"@type":"ListItem","position":3,"name":"Elektrofachkraft f\u00fcr festgelegte T\u00e4tigkeiten"}]},{"@type":"WebSite","@id":"https:\/\/www2.bbs-me.de\/#website","url":"https:\/\/www2.bbs-me.de\/","name":"bbs|me","description":"Otto-Brenner-Schule - Berufsbildende Schule Metalltechnik \u2022 Elektrotechnik der Region Hannover","potentialAction":[{"@type":"SearchAction","target":{"@type":"EntryPoint","urlTemplate":"https:\/\/www2.bbs-me.de\/?s={search_term_string}"},"query-input":"required name=search_term_string"}],"inLanguage":"de"}]}},"publishpress_future_action":{"enabled":false,"date":"2026-04-12 18:57:09","action":"change-status","newStatus":"draft","terms":[],"taxonomy":"page_category"},"_links":{"self":[{"href":"https:\/\/www2.bbs-me.de\/index.php\/wp-json\/wp\/v2\/pages\/4969"}],"collection":[{"href":"https:\/\/www2.bbs-me.de\/index.php\/wp-json\/wp\/v2\/pages"}],"about":[{"href":"https:\/\/www2.bbs-me.de\/index.php\/wp-json\/wp\/v2\/types\/page"}],"author":[{"embeddable":true,"href":"https:\/\/www2.bbs-me.de\/index.php\/wp-json\/wp\/v2\/users\/39"}],"replies":[{"embeddable":true,"href":"https:\/\/www2.bbs-me.de\/index.php\/wp-json\/wp\/v2\/comments?post=4969"}],"version-history":[{"count":22,"href":"https:\/\/www2.bbs-me.de\/index.php\/wp-json\/wp\/v2\/pages\/4969\/revisions"}],"predecessor-version":[{"id":27850,"href":"https:\/\/www2.bbs-me.de\/index.php\/wp-json\/wp\/v2\/pages\/4969\/revisions\/27850"}],"up":[{"embeddable":true,"href":"https:\/\/www2.bbs-me.de\/index.php\/wp-json\/wp\/v2\/pages\/3728"}],"wp:attachment":[{"href":"https:\/\/www2.bbs-me.de\/index.php\/wp-json\/wp\/v2\/media?parent=4969"}],"wp:term":[{"taxonomy":"page_category","embeddable":true,"href":"https:\/\/www2.bbs-me.de\/index.php\/wp-json\/wp\/v2\/page_category?post=4969"}],"curies":[{"name":"wp","href":"https:\/\/api.w.org\/{rel}","templated":true}]}}