{"id":5142,"date":"2016-03-07T16:41:36","date_gmt":"2016-03-07T15:41:36","guid":{"rendered":"https:\/\/www2.bbs-me.de\/?page_id=5142"},"modified":"2025-07-01T10:32:43","modified_gmt":"2025-07-01T08:32:43","slug":"team-betriebstechnik-gebaeude-und-infrastruktursysteme","status":"publish","type":"page","link":"https:\/\/www2.bbs-me.de\/index.php\/berufsschule-elektrotechnik\/team-betriebstechnik-gebaeude-und-infrastruktursysteme\/","title":{"rendered":"Elektroniker f\u00fcr Betriebstechnik"},"content":{"rendered":"<div class=\"flex_column av_three_fifth  flex_column_div first  avia-builder-el-0  el_before_av_two_fifth  avia-builder-el-first  \" ><section class=\"av_textblock_section \"  itemscope=\"itemscope\" itemtype=\"https:\/\/schema.org\/CreativeWork\" ><div class='avia_textblock  '  style='font-size:16px; '  itemprop=\"text\" ><h5>Bildungsganggruppe<\/h5>\n<\/div><\/section><br \/>\n<div  style='height:20px' class='hr hr-invisible   avia-builder-el-2  el_after_av_textblock  el_before_av_textblock '><span class='hr-inner ' ><span class='hr-inner-style'><\/span><\/span><\/div><br \/>\n<section class=\"av_textblock_section \"  itemscope=\"itemscope\" itemtype=\"https:\/\/schema.org\/CreativeWork\" ><div class='avia_textblock  '  style='font-size:25px; '  itemprop=\"text\" ><h2>Elektroniker\/in f\u00fcr Betriebstechnik<\/h2>\n<h2>Elektroniker\/in f\u00fcr Geb\u00e4ude- und Infrastruktursysteme<\/h2>\n<h2>Industrieelektriker\/in Fachrichtung Betriebstechnik<\/h2>\n<\/div><\/section><br \/>\n<section class=\"av_textblock_section \"  itemscope=\"itemscope\" itemtype=\"https:\/\/schema.org\/CreativeWork\" ><div class='avia_textblock  '   itemprop=\"text\" ><p><strong>Elektroniker\/innen f\u00fcr Betriebstechnik<\/strong> installieren, warten und reparieren elektrische Betriebs-, Produktions- und Verfahrensanlagen, von Schalt- und Steueranlagen \u00fcber Anlagen der Energieversorgung bis zu Einrichtungen der Kommunikations- und Beleuchtungstechnik.<\/p>\n<\/div><\/section><br \/>\n<section class=\"av_textblock_section \"  itemscope=\"itemscope\" itemtype=\"https:\/\/schema.org\/CreativeWork\" ><div class='avia_textblock  '   itemprop=\"text\" ><p><strong>Elektroniker\/innen f\u00fcr Geb\u00e4ude- und Infrastruktursysteme<\/strong> warten, \u00fcberwachen, steuern und optimieren geb\u00e4udetechnische Infrastrukturen, d.h. L\u00fcftungs-, Heizungs-, Elektrizit\u00e4ts- und Sicherungssysteme. Sie diagnostizieren St\u00f6rungen bzw. nehmen St\u00f6rungsmeldungen entgegen und beheben Defekte.<\/p>\n<\/div><\/section><br \/>\n<div   class='hr hr-default   avia-builder-el-6  el_after_av_textblock  el_before_av_iconlist '><span class='hr-inner ' ><span class='hr-inner-style'><\/span><\/span><\/div><br \/>\n<div  class='avia-icon-list-container   avia-builder-el-7  el_after_av_hr  avia-builder-el-last '><ul class='avia-icon-list avia-icon-list-left av-iconlist-big avia_animate_when_almost_visible avia-iconlist-animate'>\n<li><a href='https:\/\/www2.bbs-me.de\/?page_id=8027&amp;preview=true' title='Lehrkr\u00e4fte'   style='background-color:#bd9395; ' class='iconlist_icon  avia-font-entypo-fontello'><span class='iconlist-char ' aria-hidden='true' data-av_icon='\ue80b' data-av_iconfont='entypo-fontello'><\/span><\/a><article class=\"article-icon-entry av-iconlist-empty\"  itemscope=\"itemscope\" itemtype=\"https:\/\/schema.org\/CreativeWork\" ><div class='iconlist_content_wrap'><header class=\"entry-content-header\"><h4 class='av_iconlist_title iconlist_title   '  itemprop=\"headline\"  ><a href='https:\/\/www2.bbs-me.de\/?page_id=8027&amp;preview=true' title='Lehrkr\u00e4fte'>Lehrkr\u00e4fte<\/a><\/h4><\/header><div class='iconlist_content  '  itemprop=\"text\"  ><\/div><\/div><footer class=\"entry-footer\"><\/footer><\/article><div class='iconlist-timeline'><\/div><\/li>\n<\/ul><\/div><\/p><\/div>\n<div class=\"flex_column av_two_fifth  flex_column_div av-zero-column-padding   avia-builder-el-8  el_after_av_three_fifth  el_before_av_hr  \" style='border-radius:0px; '><p><div  class='avia-image-container  av-styling-    avia-builder-el-9  el_before_av_image  avia-builder-el-first  avia-align-center '  itemprop=\"image\" itemscope=\"itemscope\" itemtype=\"https:\/\/schema.org\/ImageObject\"  ><div class='avia-image-container-inner'><div class='avia-image-overlay-wrap'><img class='avia_image' src='https:\/\/www2.bbs-me.de\/wp-content\/uploads\/2016\/01\/EBT-Haussystem2-web.jpg' alt='' title=''   itemprop=\"thumbnailUrl\"  \/><\/div><\/div><\/div><br \/>\n<div  class='avia-image-container  av-styling-    avia-builder-el-10  el_after_av_image  avia-builder-el-last  avia-align-center '  itemprop=\"image\" itemscope=\"itemscope\" itemtype=\"https:\/\/schema.org\/ImageObject\"  ><div class='avia-image-container-inner'><div class='avia-image-overlay-wrap'><img class='avia_image' src='https:\/\/www2.bbs-me.de\/wp-content\/uploads\/2016\/03\/A2_Heidersbach_Alina_FF14b_1.jpg' alt='' title='A2_Heidersbach_Alina_FF14b_1' height=\"640\" width=\"480\"  itemprop=\"thumbnailUrl\"  \/><\/div><\/div><\/div><\/p><\/div>\n<div   class='hr hr-default   avia-builder-el-11  el_after_av_two_fifth  el_before_av_one_fourth '><span class='hr-inner ' ><span class='hr-inner-style'><\/span><\/span><\/div>\n<div class=\"flex_column av_one_fourth  flex_column_div av-zero-column-padding first  avia-builder-el-12  el_after_av_hr  el_before_av_one_fourth  \" style='border-radius:0px; '><p><div  style='padding-bottom:10px; ' class='av-special-heading av-special-heading-h3    avia-builder-el-13  el_before_av_button  avia-builder-el-first  '><h3 class='av-special-heading-tag '  itemprop=\"headline\"  >Blockpl\u00e4ne 2025\/26<\/h3><div class='special-heading-border'><div class='special-heading-inner-border' ><\/div><\/div><\/div><br \/>\n<div  class='avia-button-wrap avia-button-left  avia-builder-el-14  el_after_av_heading  el_before_av_button ' ><a href='https:\/\/www2.bbs-me.de\/wp-content\/uploads\/2025\/06\/A2_Blockplan_KBLEBT_2025_26.pdf'  class='avia-button   avia-icon_select-yes-left-icon avia-color-red avia-size-small avia-position-left '  target=\"_blank\"   ><span class='avia_button_icon avia_button_icon_left ' aria-hidden='true' data-av_icon='\ue82d' data-av_iconfont='entypo-fontello'><\/span><span class='avia_iconbox_title' >Blockplan EBT K-Block<\/span><\/a><\/div><br \/>\n<div  class='avia-button-wrap avia-button-left  avia-builder-el-15  el_after_av_button  el_before_av_button ' ><a href='https:\/\/www2.bbs-me.de\/wp-content\/uploads\/2025\/06\/A2_Blockplan_LBLEBT_2025_26.pdf'  class='avia-button   avia-icon_select-yes-left-icon avia-color-red avia-size-small avia-position-left '  target=\"_blank\"   ><span class='avia_button_icon avia_button_icon_left ' aria-hidden='true' data-av_icon='\ue82d' data-av_iconfont='entypo-fontello'><\/span><span class='avia_iconbox_title' >Blockplan EBT L-Block<\/span><\/a><\/div><br \/>\n<div  class='avia-button-wrap avia-button-left  avia-builder-el-16  el_after_av_button  el_before_av_button ' ><a href='https:\/\/www2.bbs-me.de\/wp-content\/uploads\/2025\/06\/A2_Blockplan_MBLEBT_2025_26.pdf'  class='avia-button   avia-icon_select-yes-left-icon avia-color-red avia-size-small avia-position-left '  target=\"_blank\"   ><span class='avia_button_icon avia_button_icon_left ' aria-hidden='true' data-av_icon='\ue82d' data-av_iconfont='entypo-fontello'><\/span><span class='avia_iconbox_title' >Blockplan EBT M-Block<\/span><\/a><\/div><br \/>\n<div  class='avia-button-wrap avia-button-left  avia-builder-el-17  el_after_av_button  el_before_av_button ' ><a href='https:\/\/www2.bbs-me.de\/wp-content\/uploads\/2025\/06\/A2_Blockplan_NBLEBT_2025_26.pdf'  class='avia-button   avia-icon_select-yes-left-icon avia-color-red avia-size-small avia-position-left '  target=\"_blank\"   ><span class='avia_button_icon avia_button_icon_left ' aria-hidden='true' data-av_icon='\ue82d' data-av_iconfont='entypo-fontello'><\/span><span class='avia_iconbox_title' >Blockplan EBT N-Block<\/span><\/a><\/div><br \/>\n<div  class='avia-button-wrap avia-button-left  avia-builder-el-18  el_after_av_button  avia-builder-el-last ' ><a href='https:\/\/www2.bbs-me.de\/wp-content\/uploads\/2025\/06\/A2_Blockplan_OBLEBT_2025_26.pdf'  class='avia-button   avia-icon_select-yes-left-icon avia-color-red avia-size-small avia-position-left '  target=\"_blank\"   ><span class='avia_button_icon avia_button_icon_left ' aria-hidden='true' data-av_icon='\ue82d' data-av_iconfont='entypo-fontello'><\/span><span class='avia_iconbox_title' >Blockplan EBT O-Block<\/span><\/a><\/div><\/p><\/div>\n<div class=\"flex_column av_one_fourth  flex_column_div av-zero-column-padding   avia-builder-el-19  el_after_av_one_fourth  el_before_av_one_fourth  \" style='border-radius:0px; '><p><div  style='padding-bottom:10px; ' class='av-special-heading av-special-heading-h3    avia-builder-el-20  el_before_av_button  avia-builder-el-first  '><h3 class='av-special-heading-tag '  itemprop=\"headline\"  >Materialliste 2025\/26<\/h3><div class='special-heading-border'><div class='special-heading-inner-border' ><\/div><\/div><\/div><br \/>\n<div  class='avia-button-wrap avia-button-left  avia-builder-el-21  el_after_av_heading  avia-builder-el-last ' ><a href='https:\/\/www2.bbs-me.de\/wp-content\/uploads\/2025\/04\/Materialien-EBT25.pdf'  class='avia-button   avia-icon_select-yes-left-icon avia-color-red avia-size-small avia-position-left '  target=\"_blank\"   ><span class='avia_button_icon avia_button_icon_left ' aria-hidden='true' data-av_icon='\ue82d' data-av_iconfont='entypo-fontello'><\/span><span class='avia_iconbox_title' >Materialien EBT<\/span><\/a><\/div><\/p><\/div>\n<div class=\"flex_column av_one_fourth  flex_column_div av-zero-column-padding   avia-builder-el-22  el_after_av_one_fourth  avia-builder-el-last  \" style='border-radius:0px; '><p><div  style='padding-bottom:10px; ' class='av-special-heading av-special-heading-h3    avia-builder-el-23  el_before_av_button  avia-builder-el-first  '><h3 class='av-special-heading-tag '  itemprop=\"headline\"  >Hinweise zum Distanzunterricht<\/h3><div class='special-heading-border'><div class='special-heading-inner-border' ><\/div><\/div><\/div><br \/>\n<div  class='avia-button-wrap avia-button-left  avia-builder-el-24  el_after_av_heading  avia-builder-el-last ' ><a href='https:\/\/www2.bbs-me.de\/wp-content\/uploads\/2020\/04\/20_04_21_Erste-Schritte_mit_BigBlueButton.pdf'  class='avia-button   avia-icon_select-yes-left-icon avia-color-red avia-size-small avia-position-left '  target=\"_blank\"   ><span class='avia_button_icon avia_button_icon_left ' aria-hidden='true' data-av_icon='\ue82d' data-av_iconfont='entypo-fontello'><\/span><span class='avia_iconbox_title' >Bedienung der Konferenzsoftware (BigBlueButton)<\/span><\/a><\/div><\/p><\/div>\n","protected":false},"excerpt":{"rendered":"","protected":false},"author":1,"featured_media":0,"parent":1103,"menu_order":0,"comment_status":"closed","ping_status":"closed","template":"","meta":{"footnotes":""},"page_category":[59],"yoast_head":"<!-- This site is optimized with the Yoast SEO plugin v22.8 - https:\/\/yoast.com\/wordpress\/plugins\/seo\/ -->\n<title>Elektroniker f\u00fcr Betriebstechnik - bbs|me<\/title>\n<meta name=\"robots\" content=\"index, follow, max-snippet:-1, max-image-preview:large, max-video-preview:-1\" \/>\n<link rel=\"canonical\" href=\"https:\/\/www2.bbs-me.de\/index.php\/berufsschule-elektrotechnik\/team-betriebstechnik-gebaeude-und-infrastruktursysteme\/\" \/>\n<meta property=\"og:locale\" content=\"de_DE\" \/>\n<meta property=\"og:type\" content=\"article\" \/>\n<meta property=\"og:title\" content=\"Elektroniker f\u00fcr Betriebstechnik - bbs|me\" \/>\n<meta property=\"og:url\" content=\"https:\/\/www2.bbs-me.de\/index.php\/berufsschule-elektrotechnik\/team-betriebstechnik-gebaeude-und-infrastruktursysteme\/\" \/>\n<meta property=\"og:site_name\" content=\"bbs|me\" \/>\n<meta property=\"article:modified_time\" content=\"2025-07-01T08:32:43+00:00\" \/>\n<meta name=\"twitter:card\" content=\"summary_large_image\" \/>\n<meta name=\"twitter:label1\" content=\"Gesch\u00e4tzte Lesezeit\" \/>\n\t<meta name=\"twitter:data1\" content=\"3\u00a0Minuten\" \/>\n<script type=\"application\/ld+json\" class=\"yoast-schema-graph\">{\"@context\":\"https:\/\/schema.org\",\"@graph\":[{\"@type\":\"WebPage\",\"@id\":\"https:\/\/www2.bbs-me.de\/index.php\/berufsschule-elektrotechnik\/team-betriebstechnik-gebaeude-und-infrastruktursysteme\/\",\"url\":\"https:\/\/www2.bbs-me.de\/index.php\/berufsschule-elektrotechnik\/team-betriebstechnik-gebaeude-und-infrastruktursysteme\/\",\"name\":\"Elektroniker f\u00fcr Betriebstechnik - bbs|me\",\"isPartOf\":{\"@id\":\"https:\/\/www2.bbs-me.de\/#website\"},\"datePublished\":\"2016-03-07T15:41:36+00:00\",\"dateModified\":\"2025-07-01T08:32:43+00:00\",\"breadcrumb\":{\"@id\":\"https:\/\/www2.bbs-me.de\/index.php\/berufsschule-elektrotechnik\/team-betriebstechnik-gebaeude-und-infrastruktursysteme\/#breadcrumb\"},\"inLanguage\":\"de\",\"potentialAction\":[{\"@type\":\"ReadAction\",\"target\":[\"https:\/\/www2.bbs-me.de\/index.php\/berufsschule-elektrotechnik\/team-betriebstechnik-gebaeude-und-infrastruktursysteme\/\"]}]},{\"@type\":\"BreadcrumbList\",\"@id\":\"https:\/\/www2.bbs-me.de\/index.php\/berufsschule-elektrotechnik\/team-betriebstechnik-gebaeude-und-infrastruktursysteme\/#breadcrumb\",\"itemListElement\":[{\"@type\":\"ListItem\",\"position\":1,\"name\":\"Startseite\",\"item\":\"https:\/\/www2.bbs-me.de\/\"},{\"@type\":\"ListItem\",\"position\":2,\"name\":\"Berufsschule Elektrotechnik\",\"item\":\"https:\/\/www2.bbs-me.de\/index.php\/berufsschule-elektrotechnik\/\"},{\"@type\":\"ListItem\",\"position\":3,\"name\":\"Elektroniker f\u00fcr Betriebstechnik\"}]},{\"@type\":\"WebSite\",\"@id\":\"https:\/\/www2.bbs-me.de\/#website\",\"url\":\"https:\/\/www2.bbs-me.de\/\",\"name\":\"bbs|me\",\"description\":\"Otto-Brenner-Schule - Berufsbildende Schule Metalltechnik \u2022 Elektrotechnik der Region Hannover\",\"potentialAction\":[{\"@type\":\"SearchAction\",\"target\":{\"@type\":\"EntryPoint\",\"urlTemplate\":\"https:\/\/www2.bbs-me.de\/?s={search_term_string}\"},\"query-input\":\"required name=search_term_string\"}],\"inLanguage\":\"de\"}]}<\/script>\n<!-- \/ Yoast SEO plugin. -->","yoast_head_json":{"title":"Elektroniker f\u00fcr Betriebstechnik - bbs|me","robots":{"index":"index","follow":"follow","max-snippet":"max-snippet:-1","max-image-preview":"max-image-preview:large","max-video-preview":"max-video-preview:-1"},"canonical":"https:\/\/www2.bbs-me.de\/index.php\/berufsschule-elektrotechnik\/team-betriebstechnik-gebaeude-und-infrastruktursysteme\/","og_locale":"de_DE","og_type":"article","og_title":"Elektroniker f\u00fcr Betriebstechnik - bbs|me","og_url":"https:\/\/www2.bbs-me.de\/index.php\/berufsschule-elektrotechnik\/team-betriebstechnik-gebaeude-und-infrastruktursysteme\/","og_site_name":"bbs|me","article_modified_time":"2025-07-01T08:32:43+00:00","twitter_card":"summary_large_image","twitter_misc":{"Gesch\u00e4tzte Lesezeit":"3\u00a0Minuten"},"schema":{"@context":"https:\/\/schema.org","@graph":[{"@type":"WebPage","@id":"https:\/\/www2.bbs-me.de\/index.php\/berufsschule-elektrotechnik\/team-betriebstechnik-gebaeude-und-infrastruktursysteme\/","url":"https:\/\/www2.bbs-me.de\/index.php\/berufsschule-elektrotechnik\/team-betriebstechnik-gebaeude-und-infrastruktursysteme\/","name":"Elektroniker f\u00fcr Betriebstechnik - bbs|me","isPartOf":{"@id":"https:\/\/www2.bbs-me.de\/#website"},"datePublished":"2016-03-07T15:41:36+00:00","dateModified":"2025-07-01T08:32:43+00:00","breadcrumb":{"@id":"https:\/\/www2.bbs-me.de\/index.php\/berufsschule-elektrotechnik\/team-betriebstechnik-gebaeude-und-infrastruktursysteme\/#breadcrumb"},"inLanguage":"de","potentialAction":[{"@type":"ReadAction","target":["https:\/\/www2.bbs-me.de\/index.php\/berufsschule-elektrotechnik\/team-betriebstechnik-gebaeude-und-infrastruktursysteme\/"]}]},{"@type":"BreadcrumbList","@id":"https:\/\/www2.bbs-me.de\/index.php\/berufsschule-elektrotechnik\/team-betriebstechnik-gebaeude-und-infrastruktursysteme\/#breadcrumb","itemListElement":[{"@type":"ListItem","position":1,"name":"Startseite","item":"https:\/\/www2.bbs-me.de\/"},{"@type":"ListItem","position":2,"name":"Berufsschule Elektrotechnik","item":"https:\/\/www2.bbs-me.de\/index.php\/berufsschule-elektrotechnik\/"},{"@type":"ListItem","position":3,"name":"Elektroniker f\u00fcr Betriebstechnik"}]},{"@type":"WebSite","@id":"https:\/\/www2.bbs-me.de\/#website","url":"https:\/\/www2.bbs-me.de\/","name":"bbs|me","description":"Otto-Brenner-Schule - Berufsbildende Schule Metalltechnik \u2022 Elektrotechnik der Region Hannover","potentialAction":[{"@type":"SearchAction","target":{"@type":"EntryPoint","urlTemplate":"https:\/\/www2.bbs-me.de\/?s={search_term_string}"},"query-input":"required name=search_term_string"}],"inLanguage":"de"}]}},"publishpress_future_action":{"enabled":false,"date":"2026-04-12 22:14:13","action":"change-status","newStatus":"draft","terms":[],"taxonomy":"page_category"},"_links":{"self":[{"href":"https:\/\/www2.bbs-me.de\/index.php\/wp-json\/wp\/v2\/pages\/5142"}],"collection":[{"href":"https:\/\/www2.bbs-me.de\/index.php\/wp-json\/wp\/v2\/pages"}],"about":[{"href":"https:\/\/www2.bbs-me.de\/index.php\/wp-json\/wp\/v2\/types\/page"}],"author":[{"embeddable":true,"href":"https:\/\/www2.bbs-me.de\/index.php\/wp-json\/wp\/v2\/users\/1"}],"replies":[{"embeddable":true,"href":"https:\/\/www2.bbs-me.de\/index.php\/wp-json\/wp\/v2\/comments?post=5142"}],"version-history":[{"count":116,"href":"https:\/\/www2.bbs-me.de\/index.php\/wp-json\/wp\/v2\/pages\/5142\/revisions"}],"predecessor-version":[{"id":29395,"href":"https:\/\/www2.bbs-me.de\/index.php\/wp-json\/wp\/v2\/pages\/5142\/revisions\/29395"}],"up":[{"embeddable":true,"href":"https:\/\/www2.bbs-me.de\/index.php\/wp-json\/wp\/v2\/pages\/1103"}],"wp:attachment":[{"href":"https:\/\/www2.bbs-me.de\/index.php\/wp-json\/wp\/v2\/media?parent=5142"}],"wp:term":[{"taxonomy":"page_category","embeddable":true,"href":"https:\/\/www2.bbs-me.de\/index.php\/wp-json\/wp\/v2\/page_category?post=5142"}],"curies":[{"name":"wp","href":"https:\/\/api.w.org\/{rel}","templated":true}]}}