{"id":7636,"date":"2016-07-19T23:49:35","date_gmt":"2016-07-19T21:49:35","guid":{"rendered":"https:\/\/www2.bbs-me.de\/?page_id=7636"},"modified":"2022-02-08T14:46:12","modified_gmt":"2022-02-08T13:46:12","slug":"berufsfachschule-informationstechn-assistentin-bfi-ausbildungsinhalte","status":"publish","type":"page","link":"https:\/\/www2.bbs-me.de\/index.php\/berufsfachschule-informationstechn-assisitentin-bfi-2-2\/berufsfachschule-informationstechn-assistentin-bfi-ausbildungsinhalte\/","title":{"rendered":"Berufsfachschule Informationstechn. Assistent\/in (BFI) Ausbildungsinhalte"},"content":{"rendered":"<div class=\"flex_column av_one_full  flex_column_div first  avia-builder-el-0  el_before_av_one_full  avia-builder-el-first  \" ><p><section class=\"av_textblock_section \"  itemscope=\"itemscope\" itemtype=\"https:\/\/schema.org\/CreativeWork\" ><div class='avia_textblock  '  style='font-size:20px; '  itemprop=\"text\" ><p>Ausbildungsinhalte<\/p>\n<hr \/>\n<\/div><\/section><br \/>\n<div   data-autoplay='false'  data-interval='5'  data-animation='slide'  data-show_slide_delay='30'  class='avia-content-slider-element-container avia-content-slider-element-slider avia-content-slider avia-smallarrow-slider avia-content-slider-active avia-content-slider1 avia-content-slider-odd  avia-builder-el-2  el_after_av_textblock  avia-builder-el-last  ' ><div class='avia-smallarrow-slider-heading  no-content-slider-heading '><div class='new-special-heading'>&nbsp;<\/div><div class='avia-slideshow-arrows avia-slideshow-controls'><a href='#prev' class='prev-slide' aria-hidden='true' data-av_icon='\ue87c' data-av_iconfont='entypo-fontello'>Zur\u00fcck<\/a><a href='#next' class='next-slide' aria-hidden='true' data-av_icon='\ue87d' data-av_iconfont='entypo-fontello'>Weiter<\/a><\/div><\/div><div class='avia-content-slider-inner'><div class='slide-entry-wrap'><section class='slide-entry flex_column post-entry slide-entry-overview slide-loop-1 slide-parity-odd  av_fullwidth first'  itemscope=\"itemscope\" itemtype=\"https:\/\/schema.org\/CreativeWork\" ><h3 class='slide-entry-title entry-title '  itemprop=\"headline\" >Hardware und Lerntr\u00e4ger<\/h3><div class='slide-entry-excerpt entry-content'  itemprop=\"text\" ><p>In unseren Klassenr\u00e4umen stehen f\u00fcr alle Sch\u00fclerinnen und Sch\u00fcler <strong>Arbeits-PCs<\/strong> zur Verf\u00fcgung. Auf den PCs l\u00e4uft <strong>Linux Debian<\/strong> und es sind alle n\u00f6tigen Werkzeuge und Programme installiert. Sie schaffen sich am Anfang der Ausbildung unseren Lerntr\u00e4ger &#8211; einen <a href=\"https:\/\/www.raspberrypi.org\/\"><strong>Raspberry Pi<\/strong><\/a> &#8211; an, auf dem Sie ein entsprechendes <strong>Linux<\/strong> installieren. Sie haben die M\u00f6glichkeit, Ihren Raspberry Pi entweder bei uns im Klassenraum oder bei Ihnen Zuhause anzuschlie\u00dfen. \u00dcber unsere Arbeits-PCs sind Sie in der Lage, auf Ihren Raspberry Pi w\u00e4hrend der gesamten Ausbildung zu arbeiten.<\/p>\n<p>Die <strong>Materialliste<\/strong> f\u00fcr unseren Lerntr\u00e4ger:<\/p>\n<ul>\n<li>1 x Raspberry Pi (aktuelle Version)<\/li>\n<li>1 x entsprechendes Steckernetzteil (mind. 15W)<\/li>\n<li>1 x Geh\u00e4use Ihrer Wahl<\/li>\n<li>2 x MicroSDHC-Speicherkarten Class 10 jeweils 32GB oder mehr<\/li>\n<\/ul>\n<p>Die Kosten sind zwischen 50 und 60 Euro. Mehr Materialkosten fallen nicht an!<\/p>\n<\/div><\/section><\/div><div class='slide-entry-wrap'><section class='slide-entry flex_column post-entry slide-entry-overview slide-loop-2 slide-parity-odd  av_fullwidth first'  itemscope=\"itemscope\" itemtype=\"https:\/\/schema.org\/CreativeWork\" ><h3 class='slide-entry-title entry-title '  itemprop=\"headline\" >Programmierung und Softwareentwicklung<\/h3><div class='slide-entry-excerpt entry-content'  itemprop=\"text\" ><p>Die Softwareentwicklung wird im <strong>1. Ausbildungsjahr<\/strong> grundlegend mittels <strong>Spieldesign<\/strong> (<a href=\"https:\/\/de.wikipedia.org\/wiki\/Sokoban\">Sokoban<\/a>) in <a href=\"http:\/\/openbook.rheinwerk-verlag.de\/c_von_a_bis_z\/000_c_vorwort_001.htm\">C\/C++<\/a> gelehrt. <a href=\"https:\/\/www.python.org\/\">Python<\/a> als Skriptsprache wird zus\u00e4tzlich ausgebildet. Im <strong>2. Ausbildungsjahr<\/strong> kommen grafische Applikationen in <a href=\"http:\/\/www.gailer-net.de\/\">Java<\/a> und Web-Applikationen mit PHP oder einem PHP-Framework dazu. Innerhalb der Softwareentwicklung entfalten Sie Ihre Kreativit\u00e4t zum Nutzen der Auftraggeber.<\/p>\n<\/div><\/section><\/div><div class='slide-entry-wrap'><section class='slide-entry flex_column post-entry slide-entry-overview slide-loop-3 slide-parity-odd  av_fullwidth first'  itemscope=\"itemscope\" itemtype=\"https:\/\/schema.org\/CreativeWork\" ><h3 class='slide-entry-title entry-title '  itemprop=\"headline\" >Betriebssysteme<\/h3><div class='slide-entry-excerpt entry-content'  itemprop=\"text\" ><p><strong>Betriebssysteme<\/strong> und <strong>Rechnerarchitekturen<\/strong> sind wichtige Bestandteile der IT-Infrastrukurlandschaft. Das Betriebssystem <strong>Linux<\/strong> wird auf dem Raspberry Pi im Rahmen der System-Administration installiert und gepflegt. Die Sch\u00fclerinnen und Sch\u00fcler sind dadurch in der Lage, Rechnersysteme in den betrieblichen Ablauf zu integrieren und entsprechend zu warten. Da Linux auf dem Raspberry Pi <strong>&#8216;headless&#8217;<\/strong>, also ohne Tastatur, Maus und Bildschirm betrieben wird, werden unsere Arbeits-PCs ben\u00f6tigt.<\/p>\n<\/div><\/section><\/div><div class='slide-entry-wrap'><section class='slide-entry flex_column post-entry slide-entry-overview slide-loop-4 slide-parity-odd  av_fullwidth first'  itemscope=\"itemscope\" itemtype=\"https:\/\/schema.org\/CreativeWork\" ><h3 class='slide-entry-title entry-title '  itemprop=\"headline\" >Netzwerktechnik<\/h3><div class='slide-entry-excerpt entry-content'  itemprop=\"text\" ><p>Netzwerke sind ein stark wachsendes Wirtschaftssegment und sind heutzutage Grundlage betrieblicher Arbeitsabl\u00e4ufe. Die Lehrveranstaltungen beinhalten Netzwerktechniken wie <strong>Switching<\/strong>, <strong>Routing<\/strong>, <strong>Server- Client-Architekturen<\/strong>, <strong>Web-\/DHCP-\/DNS-Server<\/strong> und die entsprechenden <strong>Protokolle<\/strong>. In praktischen \u00dcbungen via <a href=\"http:\/\/mininet.org\/\">Mininet<\/a> (<strong>S<\/strong>oftware <strong>D<\/strong>efined <strong>N<\/strong>etworking) wird der theoretische Unterricht praktisch vertieft.<\/p>\n<\/div><\/section><\/div><div class='slide-entry-wrap'><section class='slide-entry flex_column post-entry slide-entry-overview slide-loop-5 slide-parity-odd  av_fullwidth first'  itemscope=\"itemscope\" itemtype=\"https:\/\/schema.org\/CreativeWork\" ><h3 class='slide-entry-title entry-title '  itemprop=\"headline\" >Datenbanken<\/h3><div class='slide-entry-excerpt entry-content'  itemprop=\"text\" ><p>Datenbanksysteme sind fester Bestandteil betrieblicher Abl\u00e4ufe und sichern den vertraulichen Umgang mit sensiblen Daten. Zum Einsatz kommen die relationalen <strong>D<\/strong>aten<strong>b<\/strong>ank<strong>m<\/strong>anagement<strong>s<\/strong>ysteme <a href=\"https:\/\/www.mysql.de\/\">MySQL<\/a> und <a href=\"https:\/\/www.postgresql.org\/\">PostgreSQL<\/a>. Lerninhalte sind das Aufsetzen und Administrieren der DBMS bez\u00fcglich Datenspeicherung inkl. authentifizierter Zugriff. Weiterhin werden Projekte realisiert, die den Zugriff auf die DBMS mittels Programmiersprachen wie Java und PHP erlauben und damit Grundlage moderner Softwareentwicklung sind.<\/p>\n<\/div><\/section><\/div><div class='slide-entry-wrap'><section class='slide-entry flex_column post-entry slide-entry-overview slide-loop-6 slide-parity-odd  av_fullwidth first'  itemscope=\"itemscope\" itemtype=\"https:\/\/schema.org\/CreativeWork\" ><h3 class='slide-entry-title entry-title '  itemprop=\"headline\" >Web-Design<\/h3><div class='slide-entry-excerpt entry-content'  itemprop=\"text\" ><p>Der Raspberry Pi eignet sich hervorragend f\u00fcr die Entwicklung von Web-Applikationen mit\u00a0<a href=\"http:\/\/php.net\/docs.php\">PHP<\/a>\/<a href=\"http:\/\/de.html.net\/\">HTML<\/a>\/<a href=\"http:\/\/de.html.net\/\">CSS <\/a>. LAMP (<strong>L<\/strong>inux <strong>A<\/strong>pache <strong>M<\/strong>ySQL und <strong>P<\/strong>HP) dient als Entwicklungsumgebung. Dar\u00fcber hinaus sind CMS wie\u00a0<a href=\"https:\/\/de.wordpress.org\/\">WordPress<\/a> oder PHP-Frameworks f\u00fcr moderne Web-Applikationen Thema des Unterrichts.<\/p>\n<\/div><\/section><\/div><div class='slide-entry-wrap'><section class='slide-entry flex_column post-entry slide-entry-overview slide-loop-7 slide-parity-odd  av_fullwidth first'  itemscope=\"itemscope\" itemtype=\"https:\/\/schema.org\/CreativeWork\" ><h3 class='slide-entry-title entry-title '  itemprop=\"headline\" >Software-Engineering<\/h3><div class='slide-entry-excerpt entry-content'  itemprop=\"text\" ><p><strong>Software-Engineering<\/strong> umfasst den gesamten Prozessablauf zur Erstellung des Produkts Softwareapplikation und sind im einzelnen:<\/p>\n<ul>\n<li>Planung von Softwareprojekten mit <strong>Lasten<\/strong>&#8211; und <strong>Pflichtenhefte<\/strong>, <strong>Projektstrukturpl\u00e4ne<\/strong>, <strong>Gantt<\/strong>-Diagramme oder agil mit <a href=\"https:\/\/www.scrum.org\">Scrum<\/a><\/li>\n<li>Entwurf mit <a href=\"http:\/\/www.uml.org\/\" target=\"_blank\" rel=\"noopener\">UML<\/a><\/li>\n<li>Durchf\u00fchrung mit Hilfe einer Programmiersprache <strong>C++\/Java\/PHP<\/strong><\/li>\n<li>Dokumentation mit <a href=\"https:\/\/www.latex-project.org\/\" target=\"_blank\" rel=\"noopener\">LaTex<\/a> oder Libre-Office<\/li>\n<\/ul>\n<p>Im <strong>2. Ausbildungsjahr<\/strong> wird ein unterrichtsbegleitendes Projekt (Raspberry-Router) durchgef\u00fchrt. Die resultierenden Erkenntnisse und Erfahrungen werden dann im Abschlussprojekt vertieft. Somit erleben Sie die Praxis wirklichkeitsnah.<\/p>\n<\/div><\/section><\/div><div class='slide-entry-wrap'><section class='slide-entry flex_column post-entry slide-entry-overview slide-loop-8 slide-parity-odd  post-entry-last  av_fullwidth first'  itemscope=\"itemscope\" itemtype=\"https:\/\/schema.org\/CreativeWork\" ><h3 class='slide-entry-title entry-title '  itemprop=\"headline\" >Abschlussprojekt und Praktische Ausbildung<\/h3><div class='slide-entry-excerpt entry-content'  itemprop=\"text\" ><p>Im <strong>2. Ausbildungsjahr<\/strong> werden Sie ein <strong>Abschlussprojekt<\/strong> durchf\u00fchren. Die Inhalte decken den gesamten Bereich der Informationstechnik ab. Sehen Sie sich dazu einige <strong>Screencasts<\/strong> auf unserer Startseite der BFI an. Das Abschlussprojekt wird in Teamarbeit durchgef\u00fchrt und f\u00f6rdert die Integration in eine Gemeinschaft.<\/p>\n<p>Im <strong>2. Ausbildungsjahr<\/strong> werden Sie zus\u00e4tzlich eine <strong>Praktische Ausbildung<\/strong> im zeitlichen Umfang von <strong>160<\/strong> Stunden in einer von Ihnen gew\u00e4hlten Firma absolvieren. Somit haben Sie die Chance, Ihr Potential bez\u00fcglich einer informationstechnischen Ausbildung in einem Betrieb zu entfalten.<\/p>\n<\/div><\/section><\/div><\/div><\/div><\/p><\/div><div class=\"flex_column av_one_full  flex_column_div first  avia-builder-el-3  el_after_av_one_full  el_before_av_one_full  column-top-margin\" ><section class=\"av_textblock_section \"  itemscope=\"itemscope\" itemtype=\"https:\/\/schema.org\/CreativeWork\" ><div class='avia_textblock  '   itemprop=\"text\" ><hr \/>\n<p>Theorie und Praxis sind eng verzahnt. \u00dcbungen werden am Raspberry Pi unter Linux und dem Arduino Uno durchgef\u00fchrt. Projekte, in denen Modelle oder Realsysteme mit dem Raspberry Pi\/Arduino Uno gesteuert oder geregelt werden, tragen zur guten Vorbereitung auf die beruflichen Anforderungen bei. Hierzu geh\u00f6rt auch das mindestens vierw\u00f6chige Betriebspraktikum und das Abschlussprojekt im zweiten Ausbildungsjahr.<\/p>\n<\/div><\/section><\/div><\/p>\n<div class=\"flex_column av_one_full  flex_column_div first  avia-builder-el-5  el_after_av_one_full  avia-builder-el-last  column-top-margin\" ><\/div>\n","protected":false},"excerpt":{"rendered":"","protected":false},"author":52,"featured_media":0,"parent":4212,"menu_order":0,"comment_status":"closed","ping_status":"closed","template":"","meta":{"footnotes":""},"page_category":[67],"yoast_head":"<!-- This site is optimized with the Yoast SEO plugin v22.8 - https:\/\/yoast.com\/wordpress\/plugins\/seo\/ -->\n<title>Berufsfachschule Informationstechn. Assistent\/in (BFI) Ausbildungsinhalte - bbs|me<\/title>\n<meta name=\"robots\" content=\"index, follow, max-snippet:-1, max-image-preview:large, max-video-preview:-1\" \/>\n<link rel=\"canonical\" href=\"https:\/\/www2.bbs-me.de\/index.php\/berufsfachschule-informationstechn-assisitentin-bfi-2-2\/berufsfachschule-informationstechn-assistentin-bfi-ausbildungsinhalte\/\" \/>\n<meta property=\"og:locale\" content=\"de_DE\" \/>\n<meta property=\"og:type\" content=\"article\" \/>\n<meta property=\"og:title\" content=\"Berufsfachschule Informationstechn. Assistent\/in (BFI) Ausbildungsinhalte - bbs|me\" \/>\n<meta property=\"og:url\" content=\"https:\/\/www2.bbs-me.de\/index.php\/berufsfachschule-informationstechn-assisitentin-bfi-2-2\/berufsfachschule-informationstechn-assistentin-bfi-ausbildungsinhalte\/\" \/>\n<meta property=\"og:site_name\" content=\"bbs|me\" \/>\n<meta property=\"article:modified_time\" content=\"2022-02-08T13:46:12+00:00\" \/>\n<meta name=\"twitter:card\" content=\"summary_large_image\" \/>\n<meta name=\"twitter:label1\" content=\"Gesch\u00e4tzte Lesezeit\" \/>\n\t<meta name=\"twitter:data1\" content=\"4\u00a0Minuten\" \/>\n<script type=\"application\/ld+json\" class=\"yoast-schema-graph\">{\"@context\":\"https:\/\/schema.org\",\"@graph\":[{\"@type\":\"WebPage\",\"@id\":\"https:\/\/www2.bbs-me.de\/index.php\/berufsfachschule-informationstechn-assisitentin-bfi-2-2\/berufsfachschule-informationstechn-assistentin-bfi-ausbildungsinhalte\/\",\"url\":\"https:\/\/www2.bbs-me.de\/index.php\/berufsfachschule-informationstechn-assisitentin-bfi-2-2\/berufsfachschule-informationstechn-assistentin-bfi-ausbildungsinhalte\/\",\"name\":\"Berufsfachschule Informationstechn. Assistent\/in (BFI) Ausbildungsinhalte - bbs|me\",\"isPartOf\":{\"@id\":\"https:\/\/www2.bbs-me.de\/#website\"},\"datePublished\":\"2016-07-19T21:49:35+00:00\",\"dateModified\":\"2022-02-08T13:46:12+00:00\",\"breadcrumb\":{\"@id\":\"https:\/\/www2.bbs-me.de\/index.php\/berufsfachschule-informationstechn-assisitentin-bfi-2-2\/berufsfachschule-informationstechn-assistentin-bfi-ausbildungsinhalte\/#breadcrumb\"},\"inLanguage\":\"de\",\"potentialAction\":[{\"@type\":\"ReadAction\",\"target\":[\"https:\/\/www2.bbs-me.de\/index.php\/berufsfachschule-informationstechn-assisitentin-bfi-2-2\/berufsfachschule-informationstechn-assistentin-bfi-ausbildungsinhalte\/\"]}]},{\"@type\":\"BreadcrumbList\",\"@id\":\"https:\/\/www2.bbs-me.de\/index.php\/berufsfachschule-informationstechn-assisitentin-bfi-2-2\/berufsfachschule-informationstechn-assistentin-bfi-ausbildungsinhalte\/#breadcrumb\",\"itemListElement\":[{\"@type\":\"ListItem\",\"position\":1,\"name\":\"Startseite\",\"item\":\"https:\/\/www2.bbs-me.de\/\"},{\"@type\":\"ListItem\",\"position\":2,\"name\":\"Berufsfachschule Informationstechn. Assistent\/in (BFI)\",\"item\":\"https:\/\/www2.bbs-me.de\/index.php\/berufsfachschule-informationstechn-assisitentin-bfi-2-2\/\"},{\"@type\":\"ListItem\",\"position\":3,\"name\":\"Berufsfachschule Informationstechn. Assistent\/in (BFI) Ausbildungsinhalte\"}]},{\"@type\":\"WebSite\",\"@id\":\"https:\/\/www2.bbs-me.de\/#website\",\"url\":\"https:\/\/www2.bbs-me.de\/\",\"name\":\"bbs|me\",\"description\":\"Otto-Brenner-Schule - Berufsbildende Schule Metalltechnik \u2022 Elektrotechnik der Region Hannover\",\"potentialAction\":[{\"@type\":\"SearchAction\",\"target\":{\"@type\":\"EntryPoint\",\"urlTemplate\":\"https:\/\/www2.bbs-me.de\/?s={search_term_string}\"},\"query-input\":\"required name=search_term_string\"}],\"inLanguage\":\"de\"}]}<\/script>\n<!-- \/ Yoast SEO plugin. -->","yoast_head_json":{"title":"Berufsfachschule Informationstechn. Assistent\/in (BFI) Ausbildungsinhalte - bbs|me","robots":{"index":"index","follow":"follow","max-snippet":"max-snippet:-1","max-image-preview":"max-image-preview:large","max-video-preview":"max-video-preview:-1"},"canonical":"https:\/\/www2.bbs-me.de\/index.php\/berufsfachschule-informationstechn-assisitentin-bfi-2-2\/berufsfachschule-informationstechn-assistentin-bfi-ausbildungsinhalte\/","og_locale":"de_DE","og_type":"article","og_title":"Berufsfachschule Informationstechn. Assistent\/in (BFI) Ausbildungsinhalte - bbs|me","og_url":"https:\/\/www2.bbs-me.de\/index.php\/berufsfachschule-informationstechn-assisitentin-bfi-2-2\/berufsfachschule-informationstechn-assistentin-bfi-ausbildungsinhalte\/","og_site_name":"bbs|me","article_modified_time":"2022-02-08T13:46:12+00:00","twitter_card":"summary_large_image","twitter_misc":{"Gesch\u00e4tzte Lesezeit":"4\u00a0Minuten"},"schema":{"@context":"https:\/\/schema.org","@graph":[{"@type":"WebPage","@id":"https:\/\/www2.bbs-me.de\/index.php\/berufsfachschule-informationstechn-assisitentin-bfi-2-2\/berufsfachschule-informationstechn-assistentin-bfi-ausbildungsinhalte\/","url":"https:\/\/www2.bbs-me.de\/index.php\/berufsfachschule-informationstechn-assisitentin-bfi-2-2\/berufsfachschule-informationstechn-assistentin-bfi-ausbildungsinhalte\/","name":"Berufsfachschule Informationstechn. Assistent\/in (BFI) Ausbildungsinhalte - bbs|me","isPartOf":{"@id":"https:\/\/www2.bbs-me.de\/#website"},"datePublished":"2016-07-19T21:49:35+00:00","dateModified":"2022-02-08T13:46:12+00:00","breadcrumb":{"@id":"https:\/\/www2.bbs-me.de\/index.php\/berufsfachschule-informationstechn-assisitentin-bfi-2-2\/berufsfachschule-informationstechn-assistentin-bfi-ausbildungsinhalte\/#breadcrumb"},"inLanguage":"de","potentialAction":[{"@type":"ReadAction","target":["https:\/\/www2.bbs-me.de\/index.php\/berufsfachschule-informationstechn-assisitentin-bfi-2-2\/berufsfachschule-informationstechn-assistentin-bfi-ausbildungsinhalte\/"]}]},{"@type":"BreadcrumbList","@id":"https:\/\/www2.bbs-me.de\/index.php\/berufsfachschule-informationstechn-assisitentin-bfi-2-2\/berufsfachschule-informationstechn-assistentin-bfi-ausbildungsinhalte\/#breadcrumb","itemListElement":[{"@type":"ListItem","position":1,"name":"Startseite","item":"https:\/\/www2.bbs-me.de\/"},{"@type":"ListItem","position":2,"name":"Berufsfachschule Informationstechn. Assistent\/in (BFI)","item":"https:\/\/www2.bbs-me.de\/index.php\/berufsfachschule-informationstechn-assisitentin-bfi-2-2\/"},{"@type":"ListItem","position":3,"name":"Berufsfachschule Informationstechn. Assistent\/in (BFI) Ausbildungsinhalte"}]},{"@type":"WebSite","@id":"https:\/\/www2.bbs-me.de\/#website","url":"https:\/\/www2.bbs-me.de\/","name":"bbs|me","description":"Otto-Brenner-Schule - Berufsbildende Schule Metalltechnik \u2022 Elektrotechnik der Region Hannover","potentialAction":[{"@type":"SearchAction","target":{"@type":"EntryPoint","urlTemplate":"https:\/\/www2.bbs-me.de\/?s={search_term_string}"},"query-input":"required name=search_term_string"}],"inLanguage":"de"}]}},"publishpress_future_action":{"enabled":false,"date":"2026-04-12 20:38:05","action":"change-status","newStatus":"draft","terms":[],"taxonomy":"page_category"},"_links":{"self":[{"href":"https:\/\/www2.bbs-me.de\/index.php\/wp-json\/wp\/v2\/pages\/7636"}],"collection":[{"href":"https:\/\/www2.bbs-me.de\/index.php\/wp-json\/wp\/v2\/pages"}],"about":[{"href":"https:\/\/www2.bbs-me.de\/index.php\/wp-json\/wp\/v2\/types\/page"}],"author":[{"embeddable":true,"href":"https:\/\/www2.bbs-me.de\/index.php\/wp-json\/wp\/v2\/users\/52"}],"replies":[{"embeddable":true,"href":"https:\/\/www2.bbs-me.de\/index.php\/wp-json\/wp\/v2\/comments?post=7636"}],"version-history":[{"count":22,"href":"https:\/\/www2.bbs-me.de\/index.php\/wp-json\/wp\/v2\/pages\/7636\/revisions"}],"predecessor-version":[{"id":23373,"href":"https:\/\/www2.bbs-me.de\/index.php\/wp-json\/wp\/v2\/pages\/7636\/revisions\/23373"}],"up":[{"embeddable":true,"href":"https:\/\/www2.bbs-me.de\/index.php\/wp-json\/wp\/v2\/pages\/4212"}],"wp:attachment":[{"href":"https:\/\/www2.bbs-me.de\/index.php\/wp-json\/wp\/v2\/media?parent=7636"}],"wp:term":[{"taxonomy":"page_category","embeddable":true,"href":"https:\/\/www2.bbs-me.de\/index.php\/wp-json\/wp\/v2\/page_category?post=7636"}],"curies":[{"name":"wp","href":"https:\/\/api.w.org\/{rel}","templated":true}]}}