{"id":7647,"date":"2016-07-19T23:58:15","date_gmt":"2016-07-19T21:58:15","guid":{"rendered":"https:\/\/www2.bbs-me.de\/?page_id=7647"},"modified":"2021-01-18T12:24:16","modified_gmt":"2021-01-18T11:24:16","slug":"berufsfachschule-informationstechn-assistentin-bfi-ziel","status":"publish","type":"page","link":"https:\/\/www2.bbs-me.de\/index.php\/berufsfachschule-informationstechn-assisitentin-bfi-2-2\/berufsfachschule-informationstechn-assistentin-bfi-ziel\/","title":{"rendered":"Berufsfachschule Informationstechn. Assistent\/in (BFI) Ziel"},"content":{"rendered":"<div class=\"flex_column av_one_full  flex_column_div first  avia-builder-el-0  el_before_av_one_full  avia-builder-el-first  \" ><p><section class=\"av_textblock_section \"  itemscope=\"itemscope\" itemtype=\"https:\/\/schema.org\/CreativeWork\" ><div class='avia_textblock  '  style='font-size:20px; '  itemprop=\"text\" ><p>Ziel der Ausbildung und T\u00e4tigkeitsbereiche<\/p>\n<hr \/>\n<\/div><\/section><br \/>\n<section class=\"av_textblock_section \"  itemscope=\"itemscope\" itemtype=\"https:\/\/schema.org\/CreativeWork\" ><div class='avia_textblock  '   itemprop=\"text\" ><p>Informationstechnische Assistentinnen und Assistenten sollen Ingenieure und Informatiker bei der Bearbeitung software- und hardwarebezogener Aufgaben unterst\u00fctzen und Teilaufgaben im Zusammenhang mit der Programmierung, der Inbetriebnahme, dem Service und der \u00dcberwachung von Computersystemen nach Einarbeitung selbst\u00e4ndig ausf\u00fchren k\u00f6nnen. M\u00f6gliche Aufgaben- und T\u00e4tigkeitsbereiche er\u00f6ffnen sich \u00fcberall dort, wo Computersysteme zur Daten- und Informationsverarbeitung sowie zur Steuerung und Regelung technischer Abl\u00e4ufe und Anlagen eingesetzt werden.<\/p>\n<\/div><\/section><br \/>\n<div  class='avia-icon-list-container   avia-builder-el-3  el_after_av_textblock  el_before_av_textblock '><ul class='avia-icon-list avia-icon-list-left av-iconlist-big avia_animate_when_almost_visible avia-iconlist-animate'>\n<li><div  class='iconlist_icon  avia-font-entypo-fontello'><span class='iconlist-char ' aria-hidden='true' data-av_icon='\ue855' data-av_iconfont='entypo-fontello'><\/span><\/div><article class=\"article-icon-entry \"  itemscope=\"itemscope\" itemtype=\"https:\/\/schema.org\/CreativeWork\" ><div class='iconlist_content_wrap'><header class=\"entry-content-header\"><h5 class='av_iconlist_title iconlist_title   '  itemprop=\"headline\"  >Entwicklung<\/h5><\/header><div class='iconlist_content  '  itemprop=\"text\"  ><h6><span style=\"color: #808080\">Computerfirmen f\u00fcr Software-\/Hardware-Entwicklung sowie Vertrieb und Beratung<\/span><\/h6>\n<\/div><\/div><footer class=\"entry-footer\"><\/footer><\/article><div class='iconlist-timeline'><\/div><\/li>\n<li><div  class='iconlist_icon  avia-font-entypo-fontello'><span class='iconlist-char ' aria-hidden='true' data-av_icon='\ue856' data-av_iconfont='entypo-fontello'><\/span><\/div><article class=\"article-icon-entry \"  itemscope=\"itemscope\" itemtype=\"https:\/\/schema.org\/CreativeWork\" ><div class='iconlist_content_wrap'><header class=\"entry-content-header\"><h5 class='av_iconlist_title iconlist_title   '  itemprop=\"headline\"  >Fertigung<\/h5><\/header><div class='iconlist_content  '  itemprop=\"text\"  ><h6><span style=\"color: #808080\">In Fertigungsbetrieben zur Datenerfassung\/-verarbeitung sowie bei Prozesssteuerungen<\/span><\/h6>\n<\/div><\/div><footer class=\"entry-footer\"><\/footer><\/article><div class='iconlist-timeline'><\/div><\/li>\n<li><div  class='iconlist_icon  avia-font-entypo-fontello'><span class='iconlist-char ' aria-hidden='true' data-av_icon='\ue8c9' data-av_iconfont='entypo-fontello'><\/span><\/div><article class=\"article-icon-entry \"  itemscope=\"itemscope\" itemtype=\"https:\/\/schema.org\/CreativeWork\" ><div class='iconlist_content_wrap'><header class=\"entry-content-header\"><h5 class='av_iconlist_title iconlist_title   '  itemprop=\"headline\"  >Wissenschaft<\/h5><\/header><div class='iconlist_content  '  itemprop=\"text\"  ><h6><span style=\"color: #808080\">In wissenschaftlichen Instituten bei der Systembetreuung und bei Entwicklungsaufgaben<\/span><\/h6>\n<\/div><\/div><footer class=\"entry-footer\"><\/footer><\/article><div class='iconlist-timeline'><\/div><\/li>\n<li><div  class='iconlist_icon  avia-font-entypo-fontello'><span class='iconlist-char ' aria-hidden='true' data-av_icon='\ue835' data-av_iconfont='entypo-fontello'><\/span><\/div><article class=\"article-icon-entry \"  itemscope=\"itemscope\" itemtype=\"https:\/\/schema.org\/CreativeWork\" ><div class='iconlist_content_wrap'><header class=\"entry-content-header\"><h5 class='av_iconlist_title iconlist_title   '  itemprop=\"headline\"  >Weiterbildung<\/h5><\/header><div class='iconlist_content  '  itemprop=\"text\"  ><h6><span style=\"color: #808080\">Nach der Ausbildung kann ein Fachoberschulabschluss (12. Klasse) absolviert werden,<br \/>\n<\/span><span style=\"color: #808080\">der im Anschluss ein Studium an einer (Fach-) Hochschule erm\u00f6glicht.<\/span><\/h6>\n<p><a href=\"https:\/\/www2.bbs-me.de\/wp-content\/uploads\/2021\/01\/bbs-me-Abschluesse.png\"><img loading=\"lazy\" decoding=\"async\" class=\"alignnone size-medium wp-image-21003\" src=\"https:\/\/www2.bbs-me.de\/wp-content\/uploads\/2021\/01\/bbs-me-Abschluesse-300x225.png\" alt=\"\" width=\"300\" height=\"225\" srcset=\"https:\/\/www2.bbs-me.de\/wp-content\/uploads\/2021\/01\/bbs-me-Abschluesse-300x225.png 300w, https:\/\/www2.bbs-me.de\/wp-content\/uploads\/2021\/01\/bbs-me-Abschluesse-1030x773.png 1030w, https:\/\/www2.bbs-me.de\/wp-content\/uploads\/2021\/01\/bbs-me-Abschluesse-768x576.png 768w, https:\/\/www2.bbs-me.de\/wp-content\/uploads\/2021\/01\/bbs-me-Abschluesse-1536x1152.png 1536w, https:\/\/www2.bbs-me.de\/wp-content\/uploads\/2021\/01\/bbs-me-Abschluesse-2048x1536.png 2048w, https:\/\/www2.bbs-me.de\/wp-content\/uploads\/2021\/01\/bbs-me-Abschluesse-1500x1125.png 1500w, https:\/\/www2.bbs-me.de\/wp-content\/uploads\/2021\/01\/bbs-me-Abschluesse-705x529.png 705w\" sizes=\"(max-width: 300px) 100vw, 300px\" \/><\/a><\/p>\n<\/div><\/div><footer class=\"entry-footer\"><\/footer><\/article><div class='iconlist-timeline'><\/div><\/li>\n<\/ul><\/div><br \/>\n<section class=\"av_textblock_section \"  itemscope=\"itemscope\" itemtype=\"https:\/\/schema.org\/CreativeWork\" ><div class='avia_textblock  '   itemprop=\"text\" ><p>Dieser Bildungsgang eignet sich auch als Zusatzausbildung f\u00fcr diejenigen, die eine berufliche Erstausbildung in einem technischen Beruf abgeschlossen haben.<\/p>\n<\/div><\/section><\/p><\/div><div class=\"flex_column av_one_full  flex_column_div first  avia-builder-el-5  el_after_av_one_full  avia-builder-el-last  column-top-margin\" ><\/div><\/p>\n","protected":false},"excerpt":{"rendered":"","protected":false},"author":52,"featured_media":0,"parent":4212,"menu_order":0,"comment_status":"closed","ping_status":"closed","template":"","meta":{"footnotes":""},"page_category":[67],"yoast_head":"<!-- This site is optimized with the Yoast SEO plugin v22.8 - https:\/\/yoast.com\/wordpress\/plugins\/seo\/ -->\n<title>Berufsfachschule Informationstechn. Assistent\/in (BFI) Ziel - bbs|me<\/title>\n<meta name=\"robots\" content=\"index, follow, max-snippet:-1, max-image-preview:large, max-video-preview:-1\" \/>\n<link rel=\"canonical\" href=\"https:\/\/www2.bbs-me.de\/index.php\/berufsfachschule-informationstechn-assisitentin-bfi-2-2\/berufsfachschule-informationstechn-assistentin-bfi-ziel\/\" \/>\n<meta property=\"og:locale\" content=\"de_DE\" \/>\n<meta property=\"og:type\" content=\"article\" \/>\n<meta property=\"og:title\" content=\"Berufsfachschule Informationstechn. Assistent\/in (BFI) Ziel - bbs|me\" \/>\n<meta property=\"og:url\" content=\"https:\/\/www2.bbs-me.de\/index.php\/berufsfachschule-informationstechn-assisitentin-bfi-2-2\/berufsfachschule-informationstechn-assistentin-bfi-ziel\/\" \/>\n<meta property=\"og:site_name\" content=\"bbs|me\" \/>\n<meta property=\"article:modified_time\" content=\"2021-01-18T11:24:16+00:00\" \/>\n<meta property=\"og:image\" content=\"https:\/\/www2.bbs-me.de\/wp-content\/uploads\/2021\/01\/bbs-me-Abschluesse-300x225.png\" \/>\n<meta name=\"twitter:card\" content=\"summary_large_image\" \/>\n<meta name=\"twitter:label1\" content=\"Gesch\u00e4tzte Lesezeit\" \/>\n\t<meta name=\"twitter:data1\" content=\"2\u00a0Minuten\" \/>\n<script type=\"application\/ld+json\" class=\"yoast-schema-graph\">{\"@context\":\"https:\/\/schema.org\",\"@graph\":[{\"@type\":\"WebPage\",\"@id\":\"https:\/\/www2.bbs-me.de\/index.php\/berufsfachschule-informationstechn-assisitentin-bfi-2-2\/berufsfachschule-informationstechn-assistentin-bfi-ziel\/\",\"url\":\"https:\/\/www2.bbs-me.de\/index.php\/berufsfachschule-informationstechn-assisitentin-bfi-2-2\/berufsfachschule-informationstechn-assistentin-bfi-ziel\/\",\"name\":\"Berufsfachschule Informationstechn. Assistent\/in (BFI) Ziel - bbs|me\",\"isPartOf\":{\"@id\":\"https:\/\/www2.bbs-me.de\/#website\"},\"primaryImageOfPage\":{\"@id\":\"https:\/\/www2.bbs-me.de\/index.php\/berufsfachschule-informationstechn-assisitentin-bfi-2-2\/berufsfachschule-informationstechn-assistentin-bfi-ziel\/#primaryimage\"},\"image\":{\"@id\":\"https:\/\/www2.bbs-me.de\/index.php\/berufsfachschule-informationstechn-assisitentin-bfi-2-2\/berufsfachschule-informationstechn-assistentin-bfi-ziel\/#primaryimage\"},\"thumbnailUrl\":\"https:\/\/www2.bbs-me.de\/wp-content\/uploads\/2021\/01\/bbs-me-Abschluesse-300x225.png\",\"datePublished\":\"2016-07-19T21:58:15+00:00\",\"dateModified\":\"2021-01-18T11:24:16+00:00\",\"breadcrumb\":{\"@id\":\"https:\/\/www2.bbs-me.de\/index.php\/berufsfachschule-informationstechn-assisitentin-bfi-2-2\/berufsfachschule-informationstechn-assistentin-bfi-ziel\/#breadcrumb\"},\"inLanguage\":\"de\",\"potentialAction\":[{\"@type\":\"ReadAction\",\"target\":[\"https:\/\/www2.bbs-me.de\/index.php\/berufsfachschule-informationstechn-assisitentin-bfi-2-2\/berufsfachschule-informationstechn-assistentin-bfi-ziel\/\"]}]},{\"@type\":\"ImageObject\",\"inLanguage\":\"de\",\"@id\":\"https:\/\/www2.bbs-me.de\/index.php\/berufsfachschule-informationstechn-assisitentin-bfi-2-2\/berufsfachschule-informationstechn-assistentin-bfi-ziel\/#primaryimage\",\"url\":\"https:\/\/www2.bbs-me.de\/wp-content\/uploads\/2021\/01\/bbs-me-Abschluesse-300x225.png\",\"contentUrl\":\"https:\/\/www2.bbs-me.de\/wp-content\/uploads\/2021\/01\/bbs-me-Abschluesse-300x225.png\"},{\"@type\":\"BreadcrumbList\",\"@id\":\"https:\/\/www2.bbs-me.de\/index.php\/berufsfachschule-informationstechn-assisitentin-bfi-2-2\/berufsfachschule-informationstechn-assistentin-bfi-ziel\/#breadcrumb\",\"itemListElement\":[{\"@type\":\"ListItem\",\"position\":1,\"name\":\"Startseite\",\"item\":\"https:\/\/www2.bbs-me.de\/\"},{\"@type\":\"ListItem\",\"position\":2,\"name\":\"Berufsfachschule Informationstechn. Assistent\/in (BFI)\",\"item\":\"https:\/\/www2.bbs-me.de\/index.php\/berufsfachschule-informationstechn-assisitentin-bfi-2-2\/\"},{\"@type\":\"ListItem\",\"position\":3,\"name\":\"Berufsfachschule Informationstechn. Assistent\/in (BFI) Ziel\"}]},{\"@type\":\"WebSite\",\"@id\":\"https:\/\/www2.bbs-me.de\/#website\",\"url\":\"https:\/\/www2.bbs-me.de\/\",\"name\":\"bbs|me\",\"description\":\"Otto-Brenner-Schule - Berufsbildende Schule Metalltechnik \u2022 Elektrotechnik der Region Hannover\",\"potentialAction\":[{\"@type\":\"SearchAction\",\"target\":{\"@type\":\"EntryPoint\",\"urlTemplate\":\"https:\/\/www2.bbs-me.de\/?s={search_term_string}\"},\"query-input\":\"required name=search_term_string\"}],\"inLanguage\":\"de\"}]}<\/script>\n<!-- \/ Yoast SEO plugin. -->","yoast_head_json":{"title":"Berufsfachschule Informationstechn. Assistent\/in (BFI) Ziel - bbs|me","robots":{"index":"index","follow":"follow","max-snippet":"max-snippet:-1","max-image-preview":"max-image-preview:large","max-video-preview":"max-video-preview:-1"},"canonical":"https:\/\/www2.bbs-me.de\/index.php\/berufsfachschule-informationstechn-assisitentin-bfi-2-2\/berufsfachschule-informationstechn-assistentin-bfi-ziel\/","og_locale":"de_DE","og_type":"article","og_title":"Berufsfachschule Informationstechn. Assistent\/in (BFI) Ziel - bbs|me","og_url":"https:\/\/www2.bbs-me.de\/index.php\/berufsfachschule-informationstechn-assisitentin-bfi-2-2\/berufsfachschule-informationstechn-assistentin-bfi-ziel\/","og_site_name":"bbs|me","article_modified_time":"2021-01-18T11:24:16+00:00","og_image":[{"url":"https:\/\/www2.bbs-me.de\/wp-content\/uploads\/2021\/01\/bbs-me-Abschluesse-300x225.png"}],"twitter_card":"summary_large_image","twitter_misc":{"Gesch\u00e4tzte Lesezeit":"2\u00a0Minuten"},"schema":{"@context":"https:\/\/schema.org","@graph":[{"@type":"WebPage","@id":"https:\/\/www2.bbs-me.de\/index.php\/berufsfachschule-informationstechn-assisitentin-bfi-2-2\/berufsfachschule-informationstechn-assistentin-bfi-ziel\/","url":"https:\/\/www2.bbs-me.de\/index.php\/berufsfachschule-informationstechn-assisitentin-bfi-2-2\/berufsfachschule-informationstechn-assistentin-bfi-ziel\/","name":"Berufsfachschule Informationstechn. Assistent\/in (BFI) Ziel - bbs|me","isPartOf":{"@id":"https:\/\/www2.bbs-me.de\/#website"},"primaryImageOfPage":{"@id":"https:\/\/www2.bbs-me.de\/index.php\/berufsfachschule-informationstechn-assisitentin-bfi-2-2\/berufsfachschule-informationstechn-assistentin-bfi-ziel\/#primaryimage"},"image":{"@id":"https:\/\/www2.bbs-me.de\/index.php\/berufsfachschule-informationstechn-assisitentin-bfi-2-2\/berufsfachschule-informationstechn-assistentin-bfi-ziel\/#primaryimage"},"thumbnailUrl":"https:\/\/www2.bbs-me.de\/wp-content\/uploads\/2021\/01\/bbs-me-Abschluesse-300x225.png","datePublished":"2016-07-19T21:58:15+00:00","dateModified":"2021-01-18T11:24:16+00:00","breadcrumb":{"@id":"https:\/\/www2.bbs-me.de\/index.php\/berufsfachschule-informationstechn-assisitentin-bfi-2-2\/berufsfachschule-informationstechn-assistentin-bfi-ziel\/#breadcrumb"},"inLanguage":"de","potentialAction":[{"@type":"ReadAction","target":["https:\/\/www2.bbs-me.de\/index.php\/berufsfachschule-informationstechn-assisitentin-bfi-2-2\/berufsfachschule-informationstechn-assistentin-bfi-ziel\/"]}]},{"@type":"ImageObject","inLanguage":"de","@id":"https:\/\/www2.bbs-me.de\/index.php\/berufsfachschule-informationstechn-assisitentin-bfi-2-2\/berufsfachschule-informationstechn-assistentin-bfi-ziel\/#primaryimage","url":"https:\/\/www2.bbs-me.de\/wp-content\/uploads\/2021\/01\/bbs-me-Abschluesse-300x225.png","contentUrl":"https:\/\/www2.bbs-me.de\/wp-content\/uploads\/2021\/01\/bbs-me-Abschluesse-300x225.png"},{"@type":"BreadcrumbList","@id":"https:\/\/www2.bbs-me.de\/index.php\/berufsfachschule-informationstechn-assisitentin-bfi-2-2\/berufsfachschule-informationstechn-assistentin-bfi-ziel\/#breadcrumb","itemListElement":[{"@type":"ListItem","position":1,"name":"Startseite","item":"https:\/\/www2.bbs-me.de\/"},{"@type":"ListItem","position":2,"name":"Berufsfachschule Informationstechn. Assistent\/in (BFI)","item":"https:\/\/www2.bbs-me.de\/index.php\/berufsfachschule-informationstechn-assisitentin-bfi-2-2\/"},{"@type":"ListItem","position":3,"name":"Berufsfachschule Informationstechn. Assistent\/in (BFI) Ziel"}]},{"@type":"WebSite","@id":"https:\/\/www2.bbs-me.de\/#website","url":"https:\/\/www2.bbs-me.de\/","name":"bbs|me","description":"Otto-Brenner-Schule - Berufsbildende Schule Metalltechnik \u2022 Elektrotechnik der Region Hannover","potentialAction":[{"@type":"SearchAction","target":{"@type":"EntryPoint","urlTemplate":"https:\/\/www2.bbs-me.de\/?s={search_term_string}"},"query-input":"required name=search_term_string"}],"inLanguage":"de"}]}},"publishpress_future_action":{"enabled":false,"date":"2026-04-12 23:53:21","action":"change-status","newStatus":"draft","terms":[],"taxonomy":"page_category"},"_links":{"self":[{"href":"https:\/\/www2.bbs-me.de\/index.php\/wp-json\/wp\/v2\/pages\/7647"}],"collection":[{"href":"https:\/\/www2.bbs-me.de\/index.php\/wp-json\/wp\/v2\/pages"}],"about":[{"href":"https:\/\/www2.bbs-me.de\/index.php\/wp-json\/wp\/v2\/types\/page"}],"author":[{"embeddable":true,"href":"https:\/\/www2.bbs-me.de\/index.php\/wp-json\/wp\/v2\/users\/52"}],"replies":[{"embeddable":true,"href":"https:\/\/www2.bbs-me.de\/index.php\/wp-json\/wp\/v2\/comments?post=7647"}],"version-history":[{"count":11,"href":"https:\/\/www2.bbs-me.de\/index.php\/wp-json\/wp\/v2\/pages\/7647\/revisions"}],"predecessor-version":[{"id":21004,"href":"https:\/\/www2.bbs-me.de\/index.php\/wp-json\/wp\/v2\/pages\/7647\/revisions\/21004"}],"up":[{"embeddable":true,"href":"https:\/\/www2.bbs-me.de\/index.php\/wp-json\/wp\/v2\/pages\/4212"}],"wp:attachment":[{"href":"https:\/\/www2.bbs-me.de\/index.php\/wp-json\/wp\/v2\/media?parent=7647"}],"wp:term":[{"taxonomy":"page_category","embeddable":true,"href":"https:\/\/www2.bbs-me.de\/index.php\/wp-json\/wp\/v2\/page_category?post=7647"}],"curies":[{"name":"wp","href":"https:\/\/api.w.org\/{rel}","templated":true}]}}