{"id":8290,"date":"2016-09-01T16:12:33","date_gmt":"2016-09-01T14:12:33","guid":{"rendered":"https:\/\/www2.bbs-me.de\/?page_id=8290"},"modified":"2016-09-05T20:45:23","modified_gmt":"2016-09-05T18:45:23","slug":"technische-informatik-2","status":"publish","type":"page","link":"https:\/\/www2.bbs-me.de\/index.php\/startseite-dev-dropdown\/technikerschule-2\/fachschule-elektrotechnik-2\/struktur-der-fachschule-elektrotechnik\/technische-informatik-2\/","title":{"rendered":"Betriebssysteme"},"content":{"rendered":"<div class=\"flex_column av_one_full  flex_column_div first  avia-builder-el-0  el_before_av_section  avia-builder-el-no-sibling  \" ><\/div>\n<\/div><\/div><\/div><!-- close content main div --><\/div><\/div><div id='teacher'  class='avia-section alternate_color avia-section-default avia-no-shadow  avia-bg-style-scroll  avia-builder-el-2  el_after_av_one_full  el_before_av_one_full   container_wrap sidebar_right' style=' '  ><div class='container' ><div class='template-page content  av-content-small alpha units'><div class='post-entry post-entry-type-page post-entry-8290'><div class='entry-content-wrapper clearfix'>\n<div class=\"flex_column av_one_half  flex_column_div first  avia-builder-el-3  el_before_av_one_half  avia-builder-el-first  \" ><section class=\"av_textblock_section \"  itemscope=\"itemscope\" itemtype=\"https:\/\/schema.org\/CreativeWork\" ><div class='avia_textblock  '  style='font-size:34px; '  itemprop=\"text\" ><p>Betriebssysteme<\/p>\n<\/div><\/section><\/div><div class=\"flex_column av_one_half  flex_column_div   avia-builder-el-5  el_after_av_one_half  el_before_av_one_half  \" ><div  class='avia-image-container  av-styling-    avia-builder-el-6  avia-builder-el-no-sibling  avia-align-center '  itemprop=\"image\" itemscope=\"itemscope\" itemtype=\"https:\/\/schema.org\/ImageObject\"  ><div class='avia-image-container-inner'><div class='avia-image-overlay-wrap'><img class='avia_image' src='https:\/\/www2.bbs-me.de\/wp-content\/uploads\/2016\/03\/Update_RaspberryPi_ModelB_Pi2.jpg' alt='' title=''   itemprop=\"thumbnailUrl\"  \/><\/div><\/div><\/div><\/div><div class=\"flex_column av_one_half  flex_column_div first  avia-builder-el-7  el_after_av_one_half  el_before_av_one_half  column-top-margin\" ><section class=\"av_textblock_section \"  itemscope=\"itemscope\" itemtype=\"https:\/\/schema.org\/CreativeWork\" ><div class='avia_textblock  av_inherit_color '  style='font-size:15px; color:#000000; '  itemprop=\"text\" ><hr \/>\n<p><b>Beschreibung<\/b><\/p>\n<p>Die Hauptaufgabe eines Betriebssystems ist es, dem Benutzer oder Anwendungsentwickler den Zugang der komplizierten Hardware der Rechenmaschine vereinfacht darzustellen. Modern strukturierte Betriebssysteme kapseln den Zugriff der Betriebsmittel \u00fcber Betriebssystemfunktionen. Streng genommen kann ein Betriebssystem als virtuelle Maschine angesehen werden. Als Betriebsmittel versteht man Hard- und Softwarekomponenten wie Prozessoren, Prozesse, Systemspeicher, Datenspeicher, Dateisysteme, und verschiedene Ger\u00e4te. Das Betriebssystem muss daf\u00fcr sorgen, dass exklusive Betriebsmittel konfliktfrei miteinander genutzt werden k\u00f6nnen. Die Entscheidung daf\u00fcr trifft \u00fcblicherweise der Scheduler mit unterschiedlichen Algorithmen f\u00fcr verschiedene Anwendungsbereiche.<\/p>\n<\/div><\/section><\/div><div class=\"flex_column av_one_half  flex_column_div   avia-builder-el-9  el_after_av_one_half  avia-builder-el-last  column-top-margin\" ><section class=\"av_textblock_section \"  itemscope=\"itemscope\" itemtype=\"https:\/\/schema.org\/CreativeWork\" ><div class='avia_textblock  av_inherit_color '  style='font-size:16px; color:#000000; '  itemprop=\"text\" ><hr \/>\n<p><b>Hinweise<\/b><\/p>\n<p>Die Inhalte der Betriebssysteme und der Netzwerktechnik \u00fcberlappen sich teilweise. Deshalb ist eine zeitliche sowie eine inhaltliche Verzahnung notwendig.<\/p>\n<\/div><\/section><\/div><\/div><\/div><\/div><!-- close content main div --><\/div><\/div><div id='after_section_1'  class='main_color av_default_container_wrap container_wrap sidebar_right' style=' '  ><div class='container' ><div class='template-page content  av-content-small alpha units'><div class='post-entry post-entry-type-page post-entry-8290'><div class='entry-content-wrapper clearfix'><div class=\"flex_column av_one_full  flex_column_div first  avia-builder-el-11  el_after_av_section  avia-builder-el-no-sibling  \" ><section class=\"av_textblock_section \"  itemscope=\"itemscope\" itemtype=\"https:\/\/schema.org\/CreativeWork\" ><div class='avia_textblock  '   itemprop=\"text\" ><hr \/>\n<p><b>Ausbildungsinhalte Unix\/Linux Betriebssysteme<br \/>\n<\/b><\/p>\n<ul>\n<li>Grundlagen und Grundbegriffe von Unix\/Linux<\/li>\n<li>System- und Softwareinstallation und -konfiguration<\/li>\n<li>Architekturmodelle<\/li>\n<li>Prozesskonzepte und Verwaltung von Prozessen<\/li>\n<li>Betriebsmittel und deren Verwaltung<\/li>\n<li>Aufgaben der Speicherverwaltung<\/li>\n<li>Aufbau und Funktion des Kernels<\/li>\n<li>Ein- und Ausgabesystem<\/li>\n<li>Dateiverwaltung<\/li>\n<li>Nutzung des Programmiersystems GCC f\u00fcr Systemprogramme<\/li>\n<\/ul>\n<hr \/>\n<\/div><\/section><\/div><\/p>\n","protected":false},"excerpt":{"rendered":"","protected":false},"author":52,"featured_media":0,"parent":6300,"menu_order":0,"comment_status":"closed","ping_status":"closed","template":"","meta":{"footnotes":""},"page_category":[73],"yoast_head":"<!-- This site is optimized with the Yoast SEO plugin v22.8 - https:\/\/yoast.com\/wordpress\/plugins\/seo\/ -->\n<title>Betriebssysteme - bbs|me<\/title>\n<meta name=\"robots\" content=\"index, follow, max-snippet:-1, max-image-preview:large, max-video-preview:-1\" \/>\n<link rel=\"canonical\" href=\"https:\/\/www2.bbs-me.de\/index.php\/startseite-dev-dropdown\/technikerschule-2\/fachschule-elektrotechnik-2\/struktur-der-fachschule-elektrotechnik\/technische-informatik-2\/\" \/>\n<meta property=\"og:locale\" content=\"de_DE\" \/>\n<meta property=\"og:type\" content=\"article\" \/>\n<meta property=\"og:title\" content=\"Betriebssysteme - bbs|me\" \/>\n<meta property=\"og:url\" content=\"https:\/\/www2.bbs-me.de\/index.php\/startseite-dev-dropdown\/technikerschule-2\/fachschule-elektrotechnik-2\/struktur-der-fachschule-elektrotechnik\/technische-informatik-2\/\" \/>\n<meta property=\"og:site_name\" content=\"bbs|me\" \/>\n<meta property=\"article:modified_time\" content=\"2016-09-05T18:45:23+00:00\" \/>\n<meta name=\"twitter:card\" content=\"summary_large_image\" \/>\n<meta name=\"twitter:label1\" content=\"Gesch\u00e4tzte Lesezeit\" \/>\n\t<meta name=\"twitter:data1\" content=\"2\u00a0Minuten\" \/>\n<script type=\"application\/ld+json\" class=\"yoast-schema-graph\">{\"@context\":\"https:\/\/schema.org\",\"@graph\":[{\"@type\":\"WebPage\",\"@id\":\"https:\/\/www2.bbs-me.de\/index.php\/startseite-dev-dropdown\/technikerschule-2\/fachschule-elektrotechnik-2\/struktur-der-fachschule-elektrotechnik\/technische-informatik-2\/\",\"url\":\"https:\/\/www2.bbs-me.de\/index.php\/startseite-dev-dropdown\/technikerschule-2\/fachschule-elektrotechnik-2\/struktur-der-fachschule-elektrotechnik\/technische-informatik-2\/\",\"name\":\"Betriebssysteme - bbs|me\",\"isPartOf\":{\"@id\":\"https:\/\/www2.bbs-me.de\/#website\"},\"datePublished\":\"2016-09-01T14:12:33+00:00\",\"dateModified\":\"2016-09-05T18:45:23+00:00\",\"breadcrumb\":{\"@id\":\"https:\/\/www2.bbs-me.de\/index.php\/startseite-dev-dropdown\/technikerschule-2\/fachschule-elektrotechnik-2\/struktur-der-fachschule-elektrotechnik\/technische-informatik-2\/#breadcrumb\"},\"inLanguage\":\"de\",\"potentialAction\":[{\"@type\":\"ReadAction\",\"target\":[\"https:\/\/www2.bbs-me.de\/index.php\/startseite-dev-dropdown\/technikerschule-2\/fachschule-elektrotechnik-2\/struktur-der-fachschule-elektrotechnik\/technische-informatik-2\/\"]}]},{\"@type\":\"BreadcrumbList\",\"@id\":\"https:\/\/www2.bbs-me.de\/index.php\/startseite-dev-dropdown\/technikerschule-2\/fachschule-elektrotechnik-2\/struktur-der-fachschule-elektrotechnik\/technische-informatik-2\/#breadcrumb\",\"itemListElement\":[{\"@type\":\"ListItem\",\"position\":1,\"name\":\"Startseite\",\"item\":\"https:\/\/www2.bbs-me.de\/\"},{\"@type\":\"ListItem\",\"position\":2,\"name\":\"Startseite\",\"item\":\"https:\/\/www2.bbs-me.de\/\"},{\"@type\":\"ListItem\",\"position\":3,\"name\":\"Technikerschule\",\"item\":\"https:\/\/www2.bbs-me.de\/index.php\/startseite-dev-dropdown\/technikerschule-2\/\"},{\"@type\":\"ListItem\",\"position\":4,\"name\":\"Fachschule Elektrotechnik\",\"item\":\"https:\/\/www2.bbs-me.de\/index.php\/startseite-dev-dropdown\/technikerschule-2\/fachschule-elektrotechnik-2\/\"},{\"@type\":\"ListItem\",\"position\":5,\"name\":\"Struktur der Fachschule Elektrotechnik\",\"item\":\"https:\/\/www2.bbs-me.de\/index.php\/startseite-dev-dropdown\/technikerschule-2\/fachschule-elektrotechnik-2\/struktur-der-fachschule-elektrotechnik\/\"},{\"@type\":\"ListItem\",\"position\":6,\"name\":\"Betriebssysteme\"}]},{\"@type\":\"WebSite\",\"@id\":\"https:\/\/www2.bbs-me.de\/#website\",\"url\":\"https:\/\/www2.bbs-me.de\/\",\"name\":\"bbs|me\",\"description\":\"Otto-Brenner-Schule - Berufsbildende Schule Metalltechnik \u2022 Elektrotechnik der Region Hannover\",\"potentialAction\":[{\"@type\":\"SearchAction\",\"target\":{\"@type\":\"EntryPoint\",\"urlTemplate\":\"https:\/\/www2.bbs-me.de\/?s={search_term_string}\"},\"query-input\":\"required name=search_term_string\"}],\"inLanguage\":\"de\"}]}<\/script>\n<!-- \/ Yoast SEO plugin. -->","yoast_head_json":{"title":"Betriebssysteme - bbs|me","robots":{"index":"index","follow":"follow","max-snippet":"max-snippet:-1","max-image-preview":"max-image-preview:large","max-video-preview":"max-video-preview:-1"},"canonical":"https:\/\/www2.bbs-me.de\/index.php\/startseite-dev-dropdown\/technikerschule-2\/fachschule-elektrotechnik-2\/struktur-der-fachschule-elektrotechnik\/technische-informatik-2\/","og_locale":"de_DE","og_type":"article","og_title":"Betriebssysteme - bbs|me","og_url":"https:\/\/www2.bbs-me.de\/index.php\/startseite-dev-dropdown\/technikerschule-2\/fachschule-elektrotechnik-2\/struktur-der-fachschule-elektrotechnik\/technische-informatik-2\/","og_site_name":"bbs|me","article_modified_time":"2016-09-05T18:45:23+00:00","twitter_card":"summary_large_image","twitter_misc":{"Gesch\u00e4tzte Lesezeit":"2\u00a0Minuten"},"schema":{"@context":"https:\/\/schema.org","@graph":[{"@type":"WebPage","@id":"https:\/\/www2.bbs-me.de\/index.php\/startseite-dev-dropdown\/technikerschule-2\/fachschule-elektrotechnik-2\/struktur-der-fachschule-elektrotechnik\/technische-informatik-2\/","url":"https:\/\/www2.bbs-me.de\/index.php\/startseite-dev-dropdown\/technikerschule-2\/fachschule-elektrotechnik-2\/struktur-der-fachschule-elektrotechnik\/technische-informatik-2\/","name":"Betriebssysteme - bbs|me","isPartOf":{"@id":"https:\/\/www2.bbs-me.de\/#website"},"datePublished":"2016-09-01T14:12:33+00:00","dateModified":"2016-09-05T18:45:23+00:00","breadcrumb":{"@id":"https:\/\/www2.bbs-me.de\/index.php\/startseite-dev-dropdown\/technikerschule-2\/fachschule-elektrotechnik-2\/struktur-der-fachschule-elektrotechnik\/technische-informatik-2\/#breadcrumb"},"inLanguage":"de","potentialAction":[{"@type":"ReadAction","target":["https:\/\/www2.bbs-me.de\/index.php\/startseite-dev-dropdown\/technikerschule-2\/fachschule-elektrotechnik-2\/struktur-der-fachschule-elektrotechnik\/technische-informatik-2\/"]}]},{"@type":"BreadcrumbList","@id":"https:\/\/www2.bbs-me.de\/index.php\/startseite-dev-dropdown\/technikerschule-2\/fachschule-elektrotechnik-2\/struktur-der-fachschule-elektrotechnik\/technische-informatik-2\/#breadcrumb","itemListElement":[{"@type":"ListItem","position":1,"name":"Startseite","item":"https:\/\/www2.bbs-me.de\/"},{"@type":"ListItem","position":2,"name":"Startseite","item":"https:\/\/www2.bbs-me.de\/"},{"@type":"ListItem","position":3,"name":"Technikerschule","item":"https:\/\/www2.bbs-me.de\/index.php\/startseite-dev-dropdown\/technikerschule-2\/"},{"@type":"ListItem","position":4,"name":"Fachschule Elektrotechnik","item":"https:\/\/www2.bbs-me.de\/index.php\/startseite-dev-dropdown\/technikerschule-2\/fachschule-elektrotechnik-2\/"},{"@type":"ListItem","position":5,"name":"Struktur der Fachschule Elektrotechnik","item":"https:\/\/www2.bbs-me.de\/index.php\/startseite-dev-dropdown\/technikerschule-2\/fachschule-elektrotechnik-2\/struktur-der-fachschule-elektrotechnik\/"},{"@type":"ListItem","position":6,"name":"Betriebssysteme"}]},{"@type":"WebSite","@id":"https:\/\/www2.bbs-me.de\/#website","url":"https:\/\/www2.bbs-me.de\/","name":"bbs|me","description":"Otto-Brenner-Schule - Berufsbildende Schule Metalltechnik \u2022 Elektrotechnik der Region Hannover","potentialAction":[{"@type":"SearchAction","target":{"@type":"EntryPoint","urlTemplate":"https:\/\/www2.bbs-me.de\/?s={search_term_string}"},"query-input":"required name=search_term_string"}],"inLanguage":"de"}]}},"publishpress_future_action":{"enabled":false,"date":"2026-04-12 20:52:57","action":"change-status","newStatus":"draft","terms":[],"taxonomy":"page_category"},"_links":{"self":[{"href":"https:\/\/www2.bbs-me.de\/index.php\/wp-json\/wp\/v2\/pages\/8290"}],"collection":[{"href":"https:\/\/www2.bbs-me.de\/index.php\/wp-json\/wp\/v2\/pages"}],"about":[{"href":"https:\/\/www2.bbs-me.de\/index.php\/wp-json\/wp\/v2\/types\/page"}],"author":[{"embeddable":true,"href":"https:\/\/www2.bbs-me.de\/index.php\/wp-json\/wp\/v2\/users\/52"}],"replies":[{"embeddable":true,"href":"https:\/\/www2.bbs-me.de\/index.php\/wp-json\/wp\/v2\/comments?post=8290"}],"version-history":[{"count":4,"href":"https:\/\/www2.bbs-me.de\/index.php\/wp-json\/wp\/v2\/pages\/8290\/revisions"}],"predecessor-version":[{"id":17840,"href":"https:\/\/www2.bbs-me.de\/index.php\/wp-json\/wp\/v2\/pages\/8290\/revisions\/17840"}],"up":[{"embeddable":true,"href":"https:\/\/www2.bbs-me.de\/index.php\/wp-json\/wp\/v2\/pages\/6300"}],"wp:attachment":[{"href":"https:\/\/www2.bbs-me.de\/index.php\/wp-json\/wp\/v2\/media?parent=8290"}],"wp:term":[{"taxonomy":"page_category","embeddable":true,"href":"https:\/\/www2.bbs-me.de\/index.php\/wp-json\/wp\/v2\/page_category?post=8290"}],"curies":[{"name":"wp","href":"https:\/\/api.w.org\/{rel}","templated":true}]}}