{"id":8319,"date":"2016-09-04T20:39:44","date_gmt":"2016-09-04T18:39:44","guid":{"rendered":"https:\/\/www2.bbs-me.de\/?page_id=8319"},"modified":"2017-01-23T22:44:03","modified_gmt":"2017-01-23T21:44:03","slug":"technische-informatik-2-2","status":"publish","type":"page","link":"https:\/\/www2.bbs-me.de\/index.php\/startseite-dev-dropdown\/technikerschule-2\/fachschule-elektrotechnik-2\/struktur-der-fachschule-elektrotechnik\/technische-informatik-2-2\/","title":{"rendered":"Netzwerktechnik"},"content":{"rendered":"<div class=\"flex_column av_one_full  flex_column_div first  avia-builder-el-0  el_before_av_section  avia-builder-el-no-sibling  \" ><\/div>\n<\/div><\/div><\/div><!-- close content main div --><\/div><\/div><div id='teacher'  class='avia-section alternate_color avia-section-default avia-no-shadow  avia-bg-style-scroll  avia-builder-el-2  el_after_av_one_full  el_before_av_one_full   container_wrap sidebar_right' style=' '  ><div class='container' ><div class='template-page content  av-content-small alpha units'><div class='post-entry post-entry-type-page post-entry-8319'><div class='entry-content-wrapper clearfix'>\n<div class=\"flex_column av_one_half  flex_column_div first  avia-builder-el-3  el_before_av_one_half  avia-builder-el-first  \" ><section class=\"av_textblock_section \"  itemscope=\"itemscope\" itemtype=\"https:\/\/schema.org\/CreativeWork\" ><div class='avia_textblock  '  style='font-size:34px; '  itemprop=\"text\" ><p>Netzwerktechnik<\/p>\n<\/div><\/section><\/div><div class=\"flex_column av_one_half  flex_column_div   avia-builder-el-5  el_after_av_one_half  el_before_av_one_half  \" ><div  class='avia-image-container  av-styling-    avia-builder-el-6  avia-builder-el-no-sibling  avia-align-center '  itemprop=\"image\" itemscope=\"itemscope\" itemtype=\"https:\/\/schema.org\/ImageObject\"  ><div class='avia-image-container-inner'><div class='avia-image-overlay-wrap'><img class='avia_image' src='https:\/\/www2.bbs-me.de\/wp-content\/uploads\/2016\/03\/Update_RaspberryPi_ModelB_Pi2.jpg' alt='' title=''   itemprop=\"thumbnailUrl\"  \/><\/div><\/div><\/div><\/div><div class=\"flex_column av_one_half  flex_column_div first  avia-builder-el-7  el_after_av_one_half  el_before_av_one_half  column-top-margin\" ><section class=\"av_textblock_section \"  itemscope=\"itemscope\" itemtype=\"https:\/\/schema.org\/CreativeWork\" ><div class='avia_textblock  av_inherit_color '  style='font-size:15px; color:#000000; '  itemprop=\"text\" ><hr \/>\n<p><b>Beschreibung<\/b><\/p>\n<p>Das Internet und lokale Intranetze sind in einer globalen, vernetzten Welt von gro\u00dfer Bedeutung. Um ein professionelles Netzwerk zu realisieren, sind Kenntnisse der Paket\u00fcbertragung mit den entsprechenden Potokollen und Diensten auf Basis von Windows und Linux zwingend notwendig. Netzwerkger\u00e4te wie Switche und Router sorgen f\u00fcr einen reibungslosen Betrieb von Netzwerken. Hinsichtlich ihres Verwendungszwecks wie Sicherheit oder Performance m\u00fcssen Netzwerke optimal geplant und entsprechend optimiert werden. Ein anderer Aspekt ist die Fehlersuche in Netzwerken, die Aufgrund von Konfigurationsfehler oder \u00c4nderungen in der Architektur auftreten. Die Nutzung und der Umgang von Analyse-Tools wie Netzwerk-Sniffer oder Traffic-Viewer ist selbstverst\u00e4ndlich.<\/p>\n<\/div><\/section><\/div><div class=\"flex_column av_one_half  flex_column_div   avia-builder-el-9  el_after_av_one_half  avia-builder-el-last  column-top-margin\" ><section class=\"av_textblock_section \"  itemscope=\"itemscope\" itemtype=\"https:\/\/schema.org\/CreativeWork\" ><div class='avia_textblock  av_inherit_color '  style='font-size:16px; color:#000000; '  itemprop=\"text\" ><hr \/>\n<p><b>Hinweise<\/b><\/p>\n<p>Ressourcenabh\u00e4ngig wird das CCNA Discovery Curriculum der Cisco Networking Academy mit den Modulen \u201eWorking at a Small-to-Medium Business or ISP\u201c, sowie \u201eIntroducing Routing and Switching in the Enterprise\u201d in der deutschen Fassung angewandt.<\/p>\n<\/div><\/section><\/div><\/div><\/div><\/div><!-- close content main div --><\/div><\/div><div id='after_section_1'  class='main_color av_default_container_wrap container_wrap sidebar_right' style=' '  ><div class='container' ><div class='template-page content  av-content-small alpha units'><div class='post-entry post-entry-type-page post-entry-8319'><div class='entry-content-wrapper clearfix'><div class=\"flex_column av_one_full  flex_column_div first  avia-builder-el-11  el_after_av_section  avia-builder-el-no-sibling  \" ><section class=\"av_textblock_section \"  itemscope=\"itemscope\" itemtype=\"https:\/\/schema.org\/CreativeWork\" ><div class='avia_textblock  '   itemprop=\"text\" ><hr \/>\n<p><b>Ausbildungsinhalte Netzwerktechnik<br \/>\n<\/b><\/p>\n<ul>\n<li>Einf\u00fchrung in die Netzwerktechnik<\/li>\n<li>OSI-Kommunikationsmodell<\/li>\n<li>Protokolle: Ethernet, IP, TCP, UDP, DNS, HTTP, DHCP, Telnet, SSH<\/li>\n<li>Routing und Switching inkl. RIPv2, OSPF, Spanning Tree<\/li>\n<li>Analyse von Netzwerksegmenten<\/li>\n<li>Performance von Netzwerksegmenten<\/li>\n<li>Netzwerkdienste<\/li>\n<li>Multimediakommunikation<\/li>\n<\/ul>\n<hr \/>\n<\/div><\/section><\/div><\/p>\n","protected":false},"excerpt":{"rendered":"","protected":false},"author":52,"featured_media":0,"parent":6300,"menu_order":0,"comment_status":"closed","ping_status":"closed","template":"","meta":{"footnotes":""},"page_category":[73],"yoast_head":"<!-- This site is optimized with the Yoast SEO plugin v22.8 - https:\/\/yoast.com\/wordpress\/plugins\/seo\/ -->\n<title>Netzwerktechnik - bbs|me<\/title>\n<meta name=\"robots\" content=\"index, follow, max-snippet:-1, max-image-preview:large, max-video-preview:-1\" \/>\n<link rel=\"canonical\" href=\"https:\/\/www2.bbs-me.de\/index.php\/startseite-dev-dropdown\/technikerschule-2\/fachschule-elektrotechnik-2\/struktur-der-fachschule-elektrotechnik\/technische-informatik-2-2\/\" \/>\n<meta property=\"og:locale\" content=\"de_DE\" \/>\n<meta property=\"og:type\" content=\"article\" \/>\n<meta property=\"og:title\" content=\"Netzwerktechnik - bbs|me\" \/>\n<meta property=\"og:url\" content=\"https:\/\/www2.bbs-me.de\/index.php\/startseite-dev-dropdown\/technikerschule-2\/fachschule-elektrotechnik-2\/struktur-der-fachschule-elektrotechnik\/technische-informatik-2-2\/\" \/>\n<meta property=\"og:site_name\" content=\"bbs|me\" \/>\n<meta property=\"article:modified_time\" content=\"2017-01-23T21:44:03+00:00\" \/>\n<meta name=\"twitter:card\" content=\"summary_large_image\" \/>\n<meta name=\"twitter:label1\" content=\"Gesch\u00e4tzte Lesezeit\" \/>\n\t<meta name=\"twitter:data1\" content=\"2\u00a0Minuten\" \/>\n<script type=\"application\/ld+json\" class=\"yoast-schema-graph\">{\"@context\":\"https:\/\/schema.org\",\"@graph\":[{\"@type\":\"WebPage\",\"@id\":\"https:\/\/www2.bbs-me.de\/index.php\/startseite-dev-dropdown\/technikerschule-2\/fachschule-elektrotechnik-2\/struktur-der-fachschule-elektrotechnik\/technische-informatik-2-2\/\",\"url\":\"https:\/\/www2.bbs-me.de\/index.php\/startseite-dev-dropdown\/technikerschule-2\/fachschule-elektrotechnik-2\/struktur-der-fachschule-elektrotechnik\/technische-informatik-2-2\/\",\"name\":\"Netzwerktechnik - bbs|me\",\"isPartOf\":{\"@id\":\"https:\/\/www2.bbs-me.de\/#website\"},\"datePublished\":\"2016-09-04T18:39:44+00:00\",\"dateModified\":\"2017-01-23T21:44:03+00:00\",\"breadcrumb\":{\"@id\":\"https:\/\/www2.bbs-me.de\/index.php\/startseite-dev-dropdown\/technikerschule-2\/fachschule-elektrotechnik-2\/struktur-der-fachschule-elektrotechnik\/technische-informatik-2-2\/#breadcrumb\"},\"inLanguage\":\"de\",\"potentialAction\":[{\"@type\":\"ReadAction\",\"target\":[\"https:\/\/www2.bbs-me.de\/index.php\/startseite-dev-dropdown\/technikerschule-2\/fachschule-elektrotechnik-2\/struktur-der-fachschule-elektrotechnik\/technische-informatik-2-2\/\"]}]},{\"@type\":\"BreadcrumbList\",\"@id\":\"https:\/\/www2.bbs-me.de\/index.php\/startseite-dev-dropdown\/technikerschule-2\/fachschule-elektrotechnik-2\/struktur-der-fachschule-elektrotechnik\/technische-informatik-2-2\/#breadcrumb\",\"itemListElement\":[{\"@type\":\"ListItem\",\"position\":1,\"name\":\"Startseite\",\"item\":\"https:\/\/www2.bbs-me.de\/\"},{\"@type\":\"ListItem\",\"position\":2,\"name\":\"Startseite\",\"item\":\"https:\/\/www2.bbs-me.de\/\"},{\"@type\":\"ListItem\",\"position\":3,\"name\":\"Technikerschule\",\"item\":\"https:\/\/www2.bbs-me.de\/index.php\/startseite-dev-dropdown\/technikerschule-2\/\"},{\"@type\":\"ListItem\",\"position\":4,\"name\":\"Fachschule Elektrotechnik\",\"item\":\"https:\/\/www2.bbs-me.de\/index.php\/startseite-dev-dropdown\/technikerschule-2\/fachschule-elektrotechnik-2\/\"},{\"@type\":\"ListItem\",\"position\":5,\"name\":\"Struktur der Fachschule Elektrotechnik\",\"item\":\"https:\/\/www2.bbs-me.de\/index.php\/startseite-dev-dropdown\/technikerschule-2\/fachschule-elektrotechnik-2\/struktur-der-fachschule-elektrotechnik\/\"},{\"@type\":\"ListItem\",\"position\":6,\"name\":\"Netzwerktechnik\"}]},{\"@type\":\"WebSite\",\"@id\":\"https:\/\/www2.bbs-me.de\/#website\",\"url\":\"https:\/\/www2.bbs-me.de\/\",\"name\":\"bbs|me\",\"description\":\"Otto-Brenner-Schule - Berufsbildende Schule Metalltechnik \u2022 Elektrotechnik der Region Hannover\",\"potentialAction\":[{\"@type\":\"SearchAction\",\"target\":{\"@type\":\"EntryPoint\",\"urlTemplate\":\"https:\/\/www2.bbs-me.de\/?s={search_term_string}\"},\"query-input\":\"required name=search_term_string\"}],\"inLanguage\":\"de\"}]}<\/script>\n<!-- \/ Yoast SEO plugin. -->","yoast_head_json":{"title":"Netzwerktechnik - bbs|me","robots":{"index":"index","follow":"follow","max-snippet":"max-snippet:-1","max-image-preview":"max-image-preview:large","max-video-preview":"max-video-preview:-1"},"canonical":"https:\/\/www2.bbs-me.de\/index.php\/startseite-dev-dropdown\/technikerschule-2\/fachschule-elektrotechnik-2\/struktur-der-fachschule-elektrotechnik\/technische-informatik-2-2\/","og_locale":"de_DE","og_type":"article","og_title":"Netzwerktechnik - bbs|me","og_url":"https:\/\/www2.bbs-me.de\/index.php\/startseite-dev-dropdown\/technikerschule-2\/fachschule-elektrotechnik-2\/struktur-der-fachschule-elektrotechnik\/technische-informatik-2-2\/","og_site_name":"bbs|me","article_modified_time":"2017-01-23T21:44:03+00:00","twitter_card":"summary_large_image","twitter_misc":{"Gesch\u00e4tzte Lesezeit":"2\u00a0Minuten"},"schema":{"@context":"https:\/\/schema.org","@graph":[{"@type":"WebPage","@id":"https:\/\/www2.bbs-me.de\/index.php\/startseite-dev-dropdown\/technikerschule-2\/fachschule-elektrotechnik-2\/struktur-der-fachschule-elektrotechnik\/technische-informatik-2-2\/","url":"https:\/\/www2.bbs-me.de\/index.php\/startseite-dev-dropdown\/technikerschule-2\/fachschule-elektrotechnik-2\/struktur-der-fachschule-elektrotechnik\/technische-informatik-2-2\/","name":"Netzwerktechnik - bbs|me","isPartOf":{"@id":"https:\/\/www2.bbs-me.de\/#website"},"datePublished":"2016-09-04T18:39:44+00:00","dateModified":"2017-01-23T21:44:03+00:00","breadcrumb":{"@id":"https:\/\/www2.bbs-me.de\/index.php\/startseite-dev-dropdown\/technikerschule-2\/fachschule-elektrotechnik-2\/struktur-der-fachschule-elektrotechnik\/technische-informatik-2-2\/#breadcrumb"},"inLanguage":"de","potentialAction":[{"@type":"ReadAction","target":["https:\/\/www2.bbs-me.de\/index.php\/startseite-dev-dropdown\/technikerschule-2\/fachschule-elektrotechnik-2\/struktur-der-fachschule-elektrotechnik\/technische-informatik-2-2\/"]}]},{"@type":"BreadcrumbList","@id":"https:\/\/www2.bbs-me.de\/index.php\/startseite-dev-dropdown\/technikerschule-2\/fachschule-elektrotechnik-2\/struktur-der-fachschule-elektrotechnik\/technische-informatik-2-2\/#breadcrumb","itemListElement":[{"@type":"ListItem","position":1,"name":"Startseite","item":"https:\/\/www2.bbs-me.de\/"},{"@type":"ListItem","position":2,"name":"Startseite","item":"https:\/\/www2.bbs-me.de\/"},{"@type":"ListItem","position":3,"name":"Technikerschule","item":"https:\/\/www2.bbs-me.de\/index.php\/startseite-dev-dropdown\/technikerschule-2\/"},{"@type":"ListItem","position":4,"name":"Fachschule Elektrotechnik","item":"https:\/\/www2.bbs-me.de\/index.php\/startseite-dev-dropdown\/technikerschule-2\/fachschule-elektrotechnik-2\/"},{"@type":"ListItem","position":5,"name":"Struktur der Fachschule Elektrotechnik","item":"https:\/\/www2.bbs-me.de\/index.php\/startseite-dev-dropdown\/technikerschule-2\/fachschule-elektrotechnik-2\/struktur-der-fachschule-elektrotechnik\/"},{"@type":"ListItem","position":6,"name":"Netzwerktechnik"}]},{"@type":"WebSite","@id":"https:\/\/www2.bbs-me.de\/#website","url":"https:\/\/www2.bbs-me.de\/","name":"bbs|me","description":"Otto-Brenner-Schule - Berufsbildende Schule Metalltechnik \u2022 Elektrotechnik der Region Hannover","potentialAction":[{"@type":"SearchAction","target":{"@type":"EntryPoint","urlTemplate":"https:\/\/www2.bbs-me.de\/?s={search_term_string}"},"query-input":"required name=search_term_string"}],"inLanguage":"de"}]}},"publishpress_future_action":{"enabled":false,"date":"2026-04-12 20:51:53","action":"change-status","newStatus":"draft","terms":[],"taxonomy":"page_category"},"_links":{"self":[{"href":"https:\/\/www2.bbs-me.de\/index.php\/wp-json\/wp\/v2\/pages\/8319"}],"collection":[{"href":"https:\/\/www2.bbs-me.de\/index.php\/wp-json\/wp\/v2\/pages"}],"about":[{"href":"https:\/\/www2.bbs-me.de\/index.php\/wp-json\/wp\/v2\/types\/page"}],"author":[{"embeddable":true,"href":"https:\/\/www2.bbs-me.de\/index.php\/wp-json\/wp\/v2\/users\/52"}],"replies":[{"embeddable":true,"href":"https:\/\/www2.bbs-me.de\/index.php\/wp-json\/wp\/v2\/comments?post=8319"}],"version-history":[{"count":6,"href":"https:\/\/www2.bbs-me.de\/index.php\/wp-json\/wp\/v2\/pages\/8319\/revisions"}],"predecessor-version":[{"id":17842,"href":"https:\/\/www2.bbs-me.de\/index.php\/wp-json\/wp\/v2\/pages\/8319\/revisions\/17842"}],"up":[{"embeddable":true,"href":"https:\/\/www2.bbs-me.de\/index.php\/wp-json\/wp\/v2\/pages\/6300"}],"wp:attachment":[{"href":"https:\/\/www2.bbs-me.de\/index.php\/wp-json\/wp\/v2\/media?parent=8319"}],"wp:term":[{"taxonomy":"page_category","embeddable":true,"href":"https:\/\/www2.bbs-me.de\/index.php\/wp-json\/wp\/v2\/page_category?post=8319"}],"curies":[{"name":"wp","href":"https:\/\/api.w.org\/{rel}","templated":true}]}}