{"id":8326,"date":"2016-09-04T20:45:42","date_gmt":"2016-09-04T18:45:42","guid":{"rendered":"https:\/\/www2.bbs-me.de\/?page_id=8326"},"modified":"2017-01-25T10:50:54","modified_gmt":"2017-01-25T09:50:54","slug":"technische-informatik-2-2-3","status":"publish","type":"page","link":"https:\/\/www2.bbs-me.de\/index.php\/startseite-dev-dropdown\/technikerschule-2\/fachschule-elektrotechnik-2\/struktur-der-fachschule-elektrotechnik\/technische-informatik-2-2-3\/","title":{"rendered":"Softwaretechnik"},"content":{"rendered":"<div class=\"flex_column av_one_full  flex_column_div first  avia-builder-el-0  el_before_av_section  avia-builder-el-no-sibling  \" ><\/div>\n<\/div><\/div><\/div><!-- close content main div --><\/div><\/div><div id='teacher'  class='avia-section alternate_color avia-section-default avia-no-shadow  avia-bg-style-scroll  avia-builder-el-2  el_after_av_one_full  el_before_av_one_full   container_wrap sidebar_right' style=' '  ><div class='container' ><div class='template-page content  av-content-small alpha units'><div class='post-entry post-entry-type-page post-entry-8326'><div class='entry-content-wrapper clearfix'>\n<div class=\"flex_column av_one_half  flex_column_div first  avia-builder-el-3  el_before_av_one_half  avia-builder-el-first  \" ><section class=\"av_textblock_section \"  itemscope=\"itemscope\" itemtype=\"https:\/\/schema.org\/CreativeWork\" ><div class='avia_textblock  '  style='font-size:34px; '  itemprop=\"text\" ><p>Softwaretechnik<\/p>\n<\/div><\/section><\/div><div class=\"flex_column av_one_half  flex_column_div   avia-builder-el-5  el_after_av_one_half  el_before_av_one_half  \" ><div  class='avia-image-container  av-styling-    avia-builder-el-6  avia-builder-el-no-sibling  avia-align-center '  itemprop=\"image\" itemscope=\"itemscope\" itemtype=\"https:\/\/schema.org\/ImageObject\"  ><div class='avia-image-container-inner'><div class='avia-image-overlay-wrap'><img class='avia_image' src='https:\/\/www2.bbs-me.de\/wp-content\/uploads\/2016\/03\/Update_RaspberryPi_ModelB_Pi2.jpg' alt='' title=''   itemprop=\"thumbnailUrl\"  \/><\/div><\/div><\/div><\/div><div class=\"flex_column av_one_half  flex_column_div first  avia-builder-el-7  el_after_av_one_half  el_before_av_one_half  column-top-margin\" ><section class=\"av_textblock_section \"  itemscope=\"itemscope\" itemtype=\"https:\/\/schema.org\/CreativeWork\" ><div class='avia_textblock  av_inherit_color '  style='font-size:15px; color:#000000; '  itemprop=\"text\" ><hr \/>\n<p><b>Beschreibung<\/b><\/p>\n<div>In der sog. Steinzeit der Software Entwicklung, also in den 50er und 60er Jahren des 20. Jahrhunderts wurden Computer und die daf\u00fcr notwendige Software fast ausschlie\u00dflich im naturwissenschaftlichen Bereich eingesetzt. Die eingesetzten Programme dienten haupts\u00e4chlich der effizienten L\u00f6sung von mathematischen Problemen. Die Hardware war sehr teuer, die Software war sehr preisg\u00fcnstig, wurde von den Anwendern selbst geschrieben oder von den Anwendern kostenlos zur Verf\u00fcgung gestellt.<\/div>\n<div>\n<div>Durch sinkende Hardwarepreise wurden Computer f\u00fcr eine gr\u00f6\u00dfere Zielgruppe erschwinglich. Dadurch ver\u00e4nderten sich aber auch die Anforderungen an die Software (Interdisziplin\u00e4re Evolution). Der Umfang der Software wurde immer gr\u00f6\u00dfer. Ihre Komplexit\u00e4t war mit den bis zu diesem Zeitpunkt bekannten Vorgehensweisen f\u00fcr das <strong>Programmieren im Kleinen<\/strong> nicht mehr zu beherrschen. Die daraus resultierenden Probleme wie fehlerhafte Anwendungen oder Terminverletzungen bei der Entwicklung wurde mit dem Begriff der <strong>Softwarekrise<\/strong> charakterisiert.<\/div>\n<div>\n<div>Wissenschaft und Forschung entwickelten als Reaktion darauf strukturierte Programmiersprachen und Entwicklungsmethoden zur L\u00f6sung der Probleme, die zur Softwarekrise f\u00fchrten. Der Begriff <strong>Software Engineering<\/strong> wurde zuerst auf einer Software-Engineering-Konferenz der NATO gepr\u00e4gt, die 1968 in Garmisch-<span class=\"st\">Partenkirchen<\/span> veranstaltet wurde. Diese Konferenz gilt allgemein als Geburtsstunde der Softwaretechnik.<\/div>\n<\/div>\n<\/div>\n<\/div><\/section><\/div><div class=\"flex_column av_one_half  flex_column_div   avia-builder-el-9  el_after_av_one_half  avia-builder-el-last  column-top-margin\" ><section class=\"av_textblock_section \"  itemscope=\"itemscope\" itemtype=\"https:\/\/schema.org\/CreativeWork\" ><div class='avia_textblock  av_inherit_color '  style='font-size:16px; color:#000000; '  itemprop=\"text\" ><hr \/>\n<p><b>Hinweise<\/b><\/p>\n<p>Die Inhalte der Softwaretechnik, der Betriebssysteme und der Netzwerktechnik \u00fcberlappen sich teilweise. Deshalb ist eine zeitliche sowie eine inhaltliche Verzahnung notwendig.<\/p>\n<\/div><\/section><\/div><\/div><\/div><\/div><!-- close content main div --><\/div><\/div><div id='after_section_1'  class='main_color av_default_container_wrap container_wrap sidebar_right' style=' '  ><div class='container' ><div class='template-page content  av-content-small alpha units'><div class='post-entry post-entry-type-page post-entry-8326'><div class='entry-content-wrapper clearfix'><div class=\"flex_column av_one_full  flex_column_div first  avia-builder-el-11  el_after_av_section  avia-builder-el-no-sibling  \" ><section class=\"av_textblock_section \"  itemscope=\"itemscope\" itemtype=\"https:\/\/schema.org\/CreativeWork\" ><div class='avia_textblock  '   itemprop=\"text\" ><hr \/>\n<p><b>Ausbildungsinhalte Sofwaretechnik <\/b><\/p>\n<ul>\n<li>Einf\u00fchrung in die Softwaretechnik: Probleme, Prozesse und Techniken<\/li>\n<li>Kontinuierliche Softwareentwicklung: Versions- und Konfigurationsmanagement<\/li>\n<li>Anforderungsanalyse f\u00fcr (Software-) Systeme<\/li>\n<li>(Software-) Systementwurf: Modellierung, SW-Architekturen, Entwurfsmuster<\/li>\n<li>Objektorientierte Konzepte: OOM, UML<\/li>\n<li>Qualit\u00e4tssicherung: Testen von Softwaresysteme<\/li>\n<li>Software-Evolution, Software-Wartung<\/li>\n<li>Software-Projektmanagement: Projektaufgaben, Projektf\u00fchrung, Projektkosten<\/li>\n<\/ul>\n<hr \/>\n<\/div><\/section><\/div><\/p>\n","protected":false},"excerpt":{"rendered":"","protected":false},"author":52,"featured_media":0,"parent":6300,"menu_order":0,"comment_status":"closed","ping_status":"closed","template":"","meta":{"footnotes":""},"page_category":[73],"yoast_head":"<!-- This site is optimized with the Yoast SEO plugin v22.8 - https:\/\/yoast.com\/wordpress\/plugins\/seo\/ -->\n<title>Softwaretechnik - bbs|me<\/title>\n<meta name=\"robots\" content=\"index, follow, max-snippet:-1, max-image-preview:large, max-video-preview:-1\" \/>\n<link rel=\"canonical\" href=\"https:\/\/www2.bbs-me.de\/index.php\/startseite-dev-dropdown\/technikerschule-2\/fachschule-elektrotechnik-2\/struktur-der-fachschule-elektrotechnik\/technische-informatik-2-2-3\/\" \/>\n<meta property=\"og:locale\" content=\"de_DE\" \/>\n<meta property=\"og:type\" content=\"article\" \/>\n<meta property=\"og:title\" content=\"Softwaretechnik - bbs|me\" \/>\n<meta property=\"og:url\" content=\"https:\/\/www2.bbs-me.de\/index.php\/startseite-dev-dropdown\/technikerschule-2\/fachschule-elektrotechnik-2\/struktur-der-fachschule-elektrotechnik\/technische-informatik-2-2-3\/\" \/>\n<meta property=\"og:site_name\" content=\"bbs|me\" \/>\n<meta property=\"article:modified_time\" content=\"2017-01-25T09:50:54+00:00\" \/>\n<meta name=\"twitter:card\" content=\"summary_large_image\" \/>\n<meta name=\"twitter:label1\" content=\"Gesch\u00e4tzte Lesezeit\" \/>\n\t<meta name=\"twitter:data1\" content=\"2\u00a0Minuten\" \/>\n<script type=\"application\/ld+json\" class=\"yoast-schema-graph\">{\"@context\":\"https:\/\/schema.org\",\"@graph\":[{\"@type\":\"WebPage\",\"@id\":\"https:\/\/www2.bbs-me.de\/index.php\/startseite-dev-dropdown\/technikerschule-2\/fachschule-elektrotechnik-2\/struktur-der-fachschule-elektrotechnik\/technische-informatik-2-2-3\/\",\"url\":\"https:\/\/www2.bbs-me.de\/index.php\/startseite-dev-dropdown\/technikerschule-2\/fachschule-elektrotechnik-2\/struktur-der-fachschule-elektrotechnik\/technische-informatik-2-2-3\/\",\"name\":\"Softwaretechnik - bbs|me\",\"isPartOf\":{\"@id\":\"https:\/\/www2.bbs-me.de\/#website\"},\"datePublished\":\"2016-09-04T18:45:42+00:00\",\"dateModified\":\"2017-01-25T09:50:54+00:00\",\"breadcrumb\":{\"@id\":\"https:\/\/www2.bbs-me.de\/index.php\/startseite-dev-dropdown\/technikerschule-2\/fachschule-elektrotechnik-2\/struktur-der-fachschule-elektrotechnik\/technische-informatik-2-2-3\/#breadcrumb\"},\"inLanguage\":\"de\",\"potentialAction\":[{\"@type\":\"ReadAction\",\"target\":[\"https:\/\/www2.bbs-me.de\/index.php\/startseite-dev-dropdown\/technikerschule-2\/fachschule-elektrotechnik-2\/struktur-der-fachschule-elektrotechnik\/technische-informatik-2-2-3\/\"]}]},{\"@type\":\"BreadcrumbList\",\"@id\":\"https:\/\/www2.bbs-me.de\/index.php\/startseite-dev-dropdown\/technikerschule-2\/fachschule-elektrotechnik-2\/struktur-der-fachschule-elektrotechnik\/technische-informatik-2-2-3\/#breadcrumb\",\"itemListElement\":[{\"@type\":\"ListItem\",\"position\":1,\"name\":\"Startseite\",\"item\":\"https:\/\/www2.bbs-me.de\/\"},{\"@type\":\"ListItem\",\"position\":2,\"name\":\"Startseite\",\"item\":\"https:\/\/www2.bbs-me.de\/\"},{\"@type\":\"ListItem\",\"position\":3,\"name\":\"Technikerschule\",\"item\":\"https:\/\/www2.bbs-me.de\/index.php\/startseite-dev-dropdown\/technikerschule-2\/\"},{\"@type\":\"ListItem\",\"position\":4,\"name\":\"Fachschule Elektrotechnik\",\"item\":\"https:\/\/www2.bbs-me.de\/index.php\/startseite-dev-dropdown\/technikerschule-2\/fachschule-elektrotechnik-2\/\"},{\"@type\":\"ListItem\",\"position\":5,\"name\":\"Struktur der Fachschule Elektrotechnik\",\"item\":\"https:\/\/www2.bbs-me.de\/index.php\/startseite-dev-dropdown\/technikerschule-2\/fachschule-elektrotechnik-2\/struktur-der-fachschule-elektrotechnik\/\"},{\"@type\":\"ListItem\",\"position\":6,\"name\":\"Softwaretechnik\"}]},{\"@type\":\"WebSite\",\"@id\":\"https:\/\/www2.bbs-me.de\/#website\",\"url\":\"https:\/\/www2.bbs-me.de\/\",\"name\":\"bbs|me\",\"description\":\"Otto-Brenner-Schule - Berufsbildende Schule Metalltechnik \u2022 Elektrotechnik der Region Hannover\",\"potentialAction\":[{\"@type\":\"SearchAction\",\"target\":{\"@type\":\"EntryPoint\",\"urlTemplate\":\"https:\/\/www2.bbs-me.de\/?s={search_term_string}\"},\"query-input\":\"required name=search_term_string\"}],\"inLanguage\":\"de\"}]}<\/script>\n<!-- \/ Yoast SEO plugin. -->","yoast_head_json":{"title":"Softwaretechnik - bbs|me","robots":{"index":"index","follow":"follow","max-snippet":"max-snippet:-1","max-image-preview":"max-image-preview:large","max-video-preview":"max-video-preview:-1"},"canonical":"https:\/\/www2.bbs-me.de\/index.php\/startseite-dev-dropdown\/technikerschule-2\/fachschule-elektrotechnik-2\/struktur-der-fachschule-elektrotechnik\/technische-informatik-2-2-3\/","og_locale":"de_DE","og_type":"article","og_title":"Softwaretechnik - bbs|me","og_url":"https:\/\/www2.bbs-me.de\/index.php\/startseite-dev-dropdown\/technikerschule-2\/fachschule-elektrotechnik-2\/struktur-der-fachschule-elektrotechnik\/technische-informatik-2-2-3\/","og_site_name":"bbs|me","article_modified_time":"2017-01-25T09:50:54+00:00","twitter_card":"summary_large_image","twitter_misc":{"Gesch\u00e4tzte Lesezeit":"2\u00a0Minuten"},"schema":{"@context":"https:\/\/schema.org","@graph":[{"@type":"WebPage","@id":"https:\/\/www2.bbs-me.de\/index.php\/startseite-dev-dropdown\/technikerschule-2\/fachschule-elektrotechnik-2\/struktur-der-fachschule-elektrotechnik\/technische-informatik-2-2-3\/","url":"https:\/\/www2.bbs-me.de\/index.php\/startseite-dev-dropdown\/technikerschule-2\/fachschule-elektrotechnik-2\/struktur-der-fachschule-elektrotechnik\/technische-informatik-2-2-3\/","name":"Softwaretechnik - bbs|me","isPartOf":{"@id":"https:\/\/www2.bbs-me.de\/#website"},"datePublished":"2016-09-04T18:45:42+00:00","dateModified":"2017-01-25T09:50:54+00:00","breadcrumb":{"@id":"https:\/\/www2.bbs-me.de\/index.php\/startseite-dev-dropdown\/technikerschule-2\/fachschule-elektrotechnik-2\/struktur-der-fachschule-elektrotechnik\/technische-informatik-2-2-3\/#breadcrumb"},"inLanguage":"de","potentialAction":[{"@type":"ReadAction","target":["https:\/\/www2.bbs-me.de\/index.php\/startseite-dev-dropdown\/technikerschule-2\/fachschule-elektrotechnik-2\/struktur-der-fachschule-elektrotechnik\/technische-informatik-2-2-3\/"]}]},{"@type":"BreadcrumbList","@id":"https:\/\/www2.bbs-me.de\/index.php\/startseite-dev-dropdown\/technikerschule-2\/fachschule-elektrotechnik-2\/struktur-der-fachschule-elektrotechnik\/technische-informatik-2-2-3\/#breadcrumb","itemListElement":[{"@type":"ListItem","position":1,"name":"Startseite","item":"https:\/\/www2.bbs-me.de\/"},{"@type":"ListItem","position":2,"name":"Startseite","item":"https:\/\/www2.bbs-me.de\/"},{"@type":"ListItem","position":3,"name":"Technikerschule","item":"https:\/\/www2.bbs-me.de\/index.php\/startseite-dev-dropdown\/technikerschule-2\/"},{"@type":"ListItem","position":4,"name":"Fachschule Elektrotechnik","item":"https:\/\/www2.bbs-me.de\/index.php\/startseite-dev-dropdown\/technikerschule-2\/fachschule-elektrotechnik-2\/"},{"@type":"ListItem","position":5,"name":"Struktur der Fachschule Elektrotechnik","item":"https:\/\/www2.bbs-me.de\/index.php\/startseite-dev-dropdown\/technikerschule-2\/fachschule-elektrotechnik-2\/struktur-der-fachschule-elektrotechnik\/"},{"@type":"ListItem","position":6,"name":"Softwaretechnik"}]},{"@type":"WebSite","@id":"https:\/\/www2.bbs-me.de\/#website","url":"https:\/\/www2.bbs-me.de\/","name":"bbs|me","description":"Otto-Brenner-Schule - Berufsbildende Schule Metalltechnik \u2022 Elektrotechnik der Region Hannover","potentialAction":[{"@type":"SearchAction","target":{"@type":"EntryPoint","urlTemplate":"https:\/\/www2.bbs-me.de\/?s={search_term_string}"},"query-input":"required name=search_term_string"}],"inLanguage":"de"}]}},"publishpress_future_action":{"enabled":false,"date":"2026-04-12 20:51:51","action":"change-status","newStatus":"draft","terms":[],"taxonomy":"page_category"},"_links":{"self":[{"href":"https:\/\/www2.bbs-me.de\/index.php\/wp-json\/wp\/v2\/pages\/8326"}],"collection":[{"href":"https:\/\/www2.bbs-me.de\/index.php\/wp-json\/wp\/v2\/pages"}],"about":[{"href":"https:\/\/www2.bbs-me.de\/index.php\/wp-json\/wp\/v2\/types\/page"}],"author":[{"embeddable":true,"href":"https:\/\/www2.bbs-me.de\/index.php\/wp-json\/wp\/v2\/users\/52"}],"replies":[{"embeddable":true,"href":"https:\/\/www2.bbs-me.de\/index.php\/wp-json\/wp\/v2\/comments?post=8326"}],"version-history":[{"count":5,"href":"https:\/\/www2.bbs-me.de\/index.php\/wp-json\/wp\/v2\/pages\/8326\/revisions"}],"predecessor-version":[{"id":9852,"href":"https:\/\/www2.bbs-me.de\/index.php\/wp-json\/wp\/v2\/pages\/8326\/revisions\/9852"}],"up":[{"embeddable":true,"href":"https:\/\/www2.bbs-me.de\/index.php\/wp-json\/wp\/v2\/pages\/6300"}],"wp:attachment":[{"href":"https:\/\/www2.bbs-me.de\/index.php\/wp-json\/wp\/v2\/media?parent=8326"}],"wp:term":[{"taxonomy":"page_category","embeddable":true,"href":"https:\/\/www2.bbs-me.de\/index.php\/wp-json\/wp\/v2\/page_category?post=8326"}],"curies":[{"name":"wp","href":"https:\/\/api.w.org\/{rel}","templated":true}]}}