{"id":8445,"date":"2016-09-29T12:31:16","date_gmt":"2016-09-29T10:31:16","guid":{"rendered":"https:\/\/www2.bbs-me.de\/?page_id=8445"},"modified":"2016-12-15T12:39:04","modified_gmt":"2016-12-15T11:39:04","slug":"sport-bfs_bs","status":"publish","type":"page","link":"https:\/\/www2.bbs-me.de\/index.php\/sport-2\/sport-bfs_bs\/","title":{"rendered":"Sportunterricht BFS \/ BS"},"content":{"rendered":"<div class=\"flex_column av_one_full  flex_column_div first  avia-builder-el-0  el_before_av_layout_row  avia-builder-el-no-sibling  \" ><section class=\"av_textblock_section \"  itemscope=\"itemscope\" itemtype=\"https:\/\/schema.org\/CreativeWork\" ><div class='avia_textblock  '  style='font-size:16px; '  itemprop=\"text\" ><p>Sportunterricht in der Berufsfachschule und Berufsschule der bbs|me<\/p>\n<\/div><\/section><\/div>\n<\/div><\/div><\/div><!-- close content main div --><\/div><\/div><div id='av-layout-grid-1'  class='av-layout-grid-container entry-content-wrapper main_color av-flex-cells     avia-builder-el-2  el_after_av_one_full  el_before_av_slideshow_full  submenu-not-first container_wrap sidebar_right' style=' '  >\n<div class=\"flex_cell no_margin av_one_full  avia-builder-el-3  avia-builder-el-no-sibling   \"  style='vertical-align:top; padding:30px 30px 30px 56px ; ' ><div class='flex_cell_inner' ><section class=\"av_textblock_section \"  itemscope=\"itemscope\" itemtype=\"https:\/\/schema.org\/CreativeWork\" ><div class='avia_textblock  '  style='font-size:14px; '  itemprop=\"text\" ><p>Verglichen mit Jugendlichen aus dem Jahre 1995, vollbringen etwa 2\/3 unsere Sch\u00fclerinnen und Sch\u00fcler nur noch unterdurchschnittliche und weit unterdurchschnittliche Ausdauerleistungen. Das zeigen unsere j\u00e4hrlichen Tests. Schwerwiegende Herz-Kreislauf-Erkrankungen und Erkrankungen des Bewegungsapparates, schon in jungen Jahren, sind damit vorprogrammiert.<\/p>\n<p>Dem soll ein gesundheitsorientierter Sportunterricht, gerade in der Berufs- und Berufsfachschule, entgegenwirken. Einseitige k\u00f6rperliche Belastungen, richtiges Heben und Tragen werden thematisiert und es werden M\u00f6glichkeiten aufgezeigt, sich durch gezieltes Ausgleichstraining und gesunde Ern\u00e4hrung fit zu halten.<\/p>\n<p>Dabei kommt der Spa\u00df an Sport und Spiel nicht zu kurz. Die Sch\u00fclerinnen und Sch\u00fcler lernen neue Sportarten (z.B. Speedminton, Tschoukball, Parkour u. a.) kennen und sollen so zu einem kompetenten Umgang mit kommerziellen- und Vereinssportangeboten bef\u00e4higt werden. Wir setzen damit Anreize f\u00fcr ein lebenslanges Sporttreiben.<\/p>\n<p>Wichtig ist auch soziales Handeln, Werte und Einstellungen zu entwickeln, ohne die es privat und in der Berufswelt nicht geht. Teamarbeit, Hilfen geben und annehmen sind z.B. bei der Unterrichtseinheit Akrobatik Voraussetzung f\u00fcr den Erfolg. Beim K\u00e4mpfen geht es um Fairness, das Einhalten von Regeln sowie das Erleben und die Kontrolle eigener Emotionen.<\/p>\n<\/div><\/section>\n<\/div><\/div>\n<\/div>\n<div id='full_slider_1'  class='avia-fullwidth-slider main_color avia-shadow   avia-builder-el-5  el_after_av_layout_row  el_before_av_hr   slider-not-first container_wrap sidebar_right' style=' '  ><div   data-size='large'  data-lightbox_size='large'  data-animation='slide'  data-conditional_play=''  data-ids='8409,8407,8456'  data-video_counter='0'  data-autoplay='false'  data-bg_slider='false'  data-slide_height=''  data-handle='av_slideshow_full'  data-interval='5'  data-class=' image_no_stretch'  data-el_id=''  data-css_id=''  data-scroll_down=''  data-control_layout='av-control-default'  data-custom_markup=''  data-perma_caption=''  data-autoplay_stopper=''  data-image_attachment=''  data-min_height='0px'  data-src=''  data-position='top left'  data-repeat='no-repeat'  data-attach='scroll'  data-stretch='image_no_stretch'  class='avia-slideshow avia-slideshow-1  av-control-default av-default-height-applied avia-slideshow-large av_slideshow_full  image_no_stretch avia-slide-slider '  itemprop=\"image\" itemscope=\"itemscope\" itemtype=\"https:\/\/schema.org\/ImageObject\" ><ul class='avia-slideshow-inner ' style='padding-bottom: 49.21875%;' ><li  class=' slide-1 ' ><div data-rel='slideshow-1' class='avia-slide-wrap '   ><div class = \"caption_fullwidth av-slideshow-caption caption_right caption_right_framed caption_framed\"><div class = \"container caption_container\"><div class = \"slideshow_caption\"><div class = \"slideshow_inner_caption\"><div class = \"slideshow_align_caption\"><h2  style='color:#ffffff; ' class='avia-caption-title  '  itemprop=\"name\" >Fitnesskurs<\/h2><\/div><\/div><\/div><\/div><\/div><img src='https:\/\/www2.bbs-me.de\/wp-content\/uploads\/2016\/01\/Kaiser-Center-Hot-Iron.jpg' width='640' height='315' title='A3_Sport_Fitness' alt=''  itemprop=\"thumbnailUrl\"   \/><\/div><\/li><li  class=' slide-2 ' ><div data-rel='slideshow-1' class='avia-slide-wrap '   ><div class = \"caption_fullwidth av-slideshow-caption caption_right caption_right_framed caption_framed\"><div class = \"container caption_container\"><div class = \"slideshow_caption\"><div class = \"slideshow_inner_caption\"><div class = \"slideshow_align_caption\"><h2  style='color:#ffffff; ' class='avia-caption-title  '  itemprop=\"name\" >Akrobatik<\/h2><\/div><\/div><\/div><\/div><\/div><img src='https:\/\/www2.bbs-me.de\/wp-content\/uploads\/2016\/01\/Akrobatik.jpg' width='640' height='480' title='A3_Sport_Akrobatik' alt=''  itemprop=\"thumbnailUrl\"   \/><\/div><\/li><li  class=' slide-3 ' ><div data-rel='slideshow-1' class='avia-slide-wrap '   ><div class = \"caption_fullwidth av-slideshow-caption caption_right caption_right_framed caption_framed\"><div class = \"container caption_container\"><div class = \"slideshow_caption\"><div class = \"slideshow_inner_caption\"><div class = \"slideshow_align_caption\"><h2  class='avia-caption-title  '  itemprop=\"name\" >K\u00e4mpfen<\/h2><\/div><\/div><\/div><\/div><\/div><img src='https:\/\/www2.bbs-me.de\/wp-content\/uploads\/2016\/09\/Kaempfen.jpg' width='417' height='276' title='A2_Sport_Kaempfen' alt=''  itemprop=\"thumbnailUrl\"   \/><\/div><\/li><\/ul><div class='avia-slideshow-arrows avia-slideshow-controls'><a href='#prev' class='prev-slide' aria-hidden='true' data-av_icon='\ue87c' data-av_iconfont='entypo-fontello'>Zur\u00fcck<\/a><a href='#next' class='next-slide' aria-hidden='true' data-av_icon='\ue87d' data-av_iconfont='entypo-fontello'>Weiter<\/a><\/div><div class='avia-slideshow-dots avia-slideshow-controls'><a href='#1' class='goto-slide active' >1<\/a><a href='#2' class='goto-slide ' >2<\/a><a href='#3' class='goto-slide ' >3<\/a><\/div><\/div><\/div><div id='after_full_slider_1'  class='main_color av_default_container_wrap container_wrap sidebar_right' style=' '  ><div class='container' ><div class='template-page content  av-content-small alpha units'><div class='post-entry post-entry-type-page post-entry-8445'><div class='entry-content-wrapper clearfix'>\n<div  style='height:12px' class='hr hr-invisible   avia-builder-el-6  el_after_av_slideshow_full  avia-builder-el-no-sibling '><span class='hr-inner ' ><span class='hr-inner-style'><\/span><\/span><\/div>\n","protected":false},"excerpt":{"rendered":"","protected":false},"author":6,"featured_media":0,"parent":2236,"menu_order":0,"comment_status":"closed","ping_status":"closed","template":"","meta":{"footnotes":""},"page_category":[56],"yoast_head":"<!-- This site is optimized with the Yoast SEO plugin v22.8 - https:\/\/yoast.com\/wordpress\/plugins\/seo\/ -->\n<title>Sportunterricht BFS \/ BS - bbs|me<\/title>\n<meta name=\"robots\" content=\"index, follow, max-snippet:-1, max-image-preview:large, max-video-preview:-1\" \/>\n<link rel=\"canonical\" href=\"https:\/\/www2.bbs-me.de\/index.php\/sport-2\/sport-bfs_bs\/\" \/>\n<meta property=\"og:locale\" content=\"de_DE\" \/>\n<meta property=\"og:type\" content=\"article\" \/>\n<meta property=\"og:title\" content=\"Sportunterricht BFS \/ BS - bbs|me\" \/>\n<meta property=\"og:url\" content=\"https:\/\/www2.bbs-me.de\/index.php\/sport-2\/sport-bfs_bs\/\" \/>\n<meta property=\"og:site_name\" content=\"bbs|me\" \/>\n<meta property=\"article:modified_time\" content=\"2016-12-15T11:39:04+00:00\" \/>\n<meta name=\"twitter:card\" content=\"summary_large_image\" \/>\n<meta name=\"twitter:label1\" content=\"Gesch\u00e4tzte Lesezeit\" \/>\n\t<meta name=\"twitter:data1\" content=\"3\u00a0Minuten\" \/>\n<script type=\"application\/ld+json\" class=\"yoast-schema-graph\">{\"@context\":\"https:\/\/schema.org\",\"@graph\":[{\"@type\":\"WebPage\",\"@id\":\"https:\/\/www2.bbs-me.de\/index.php\/sport-2\/sport-bfs_bs\/\",\"url\":\"https:\/\/www2.bbs-me.de\/index.php\/sport-2\/sport-bfs_bs\/\",\"name\":\"Sportunterricht BFS \/ BS - bbs|me\",\"isPartOf\":{\"@id\":\"https:\/\/www2.bbs-me.de\/#website\"},\"datePublished\":\"2016-09-29T10:31:16+00:00\",\"dateModified\":\"2016-12-15T11:39:04+00:00\",\"breadcrumb\":{\"@id\":\"https:\/\/www2.bbs-me.de\/index.php\/sport-2\/sport-bfs_bs\/#breadcrumb\"},\"inLanguage\":\"de\",\"potentialAction\":[{\"@type\":\"ReadAction\",\"target\":[\"https:\/\/www2.bbs-me.de\/index.php\/sport-2\/sport-bfs_bs\/\"]}]},{\"@type\":\"BreadcrumbList\",\"@id\":\"https:\/\/www2.bbs-me.de\/index.php\/sport-2\/sport-bfs_bs\/#breadcrumb\",\"itemListElement\":[{\"@type\":\"ListItem\",\"position\":1,\"name\":\"Startseite\",\"item\":\"https:\/\/www2.bbs-me.de\/\"},{\"@type\":\"ListItem\",\"position\":2,\"name\":\"Sportliche bbs|me\",\"item\":\"https:\/\/www2.bbs-me.de\/index.php\/sport-2\/\"},{\"@type\":\"ListItem\",\"position\":3,\"name\":\"Sportunterricht BFS \/ BS\"}]},{\"@type\":\"WebSite\",\"@id\":\"https:\/\/www2.bbs-me.de\/#website\",\"url\":\"https:\/\/www2.bbs-me.de\/\",\"name\":\"bbs|me\",\"description\":\"Otto-Brenner-Schule - Berufsbildende Schule Metalltechnik \u2022 Elektrotechnik der Region Hannover\",\"potentialAction\":[{\"@type\":\"SearchAction\",\"target\":{\"@type\":\"EntryPoint\",\"urlTemplate\":\"https:\/\/www2.bbs-me.de\/?s={search_term_string}\"},\"query-input\":\"required name=search_term_string\"}],\"inLanguage\":\"de\"}]}<\/script>\n<!-- \/ Yoast SEO plugin. -->","yoast_head_json":{"title":"Sportunterricht BFS \/ BS - bbs|me","robots":{"index":"index","follow":"follow","max-snippet":"max-snippet:-1","max-image-preview":"max-image-preview:large","max-video-preview":"max-video-preview:-1"},"canonical":"https:\/\/www2.bbs-me.de\/index.php\/sport-2\/sport-bfs_bs\/","og_locale":"de_DE","og_type":"article","og_title":"Sportunterricht BFS \/ BS - bbs|me","og_url":"https:\/\/www2.bbs-me.de\/index.php\/sport-2\/sport-bfs_bs\/","og_site_name":"bbs|me","article_modified_time":"2016-12-15T11:39:04+00:00","twitter_card":"summary_large_image","twitter_misc":{"Gesch\u00e4tzte Lesezeit":"3\u00a0Minuten"},"schema":{"@context":"https:\/\/schema.org","@graph":[{"@type":"WebPage","@id":"https:\/\/www2.bbs-me.de\/index.php\/sport-2\/sport-bfs_bs\/","url":"https:\/\/www2.bbs-me.de\/index.php\/sport-2\/sport-bfs_bs\/","name":"Sportunterricht BFS \/ BS - bbs|me","isPartOf":{"@id":"https:\/\/www2.bbs-me.de\/#website"},"datePublished":"2016-09-29T10:31:16+00:00","dateModified":"2016-12-15T11:39:04+00:00","breadcrumb":{"@id":"https:\/\/www2.bbs-me.de\/index.php\/sport-2\/sport-bfs_bs\/#breadcrumb"},"inLanguage":"de","potentialAction":[{"@type":"ReadAction","target":["https:\/\/www2.bbs-me.de\/index.php\/sport-2\/sport-bfs_bs\/"]}]},{"@type":"BreadcrumbList","@id":"https:\/\/www2.bbs-me.de\/index.php\/sport-2\/sport-bfs_bs\/#breadcrumb","itemListElement":[{"@type":"ListItem","position":1,"name":"Startseite","item":"https:\/\/www2.bbs-me.de\/"},{"@type":"ListItem","position":2,"name":"Sportliche bbs|me","item":"https:\/\/www2.bbs-me.de\/index.php\/sport-2\/"},{"@type":"ListItem","position":3,"name":"Sportunterricht BFS \/ BS"}]},{"@type":"WebSite","@id":"https:\/\/www2.bbs-me.de\/#website","url":"https:\/\/www2.bbs-me.de\/","name":"bbs|me","description":"Otto-Brenner-Schule - Berufsbildende Schule Metalltechnik \u2022 Elektrotechnik der Region Hannover","potentialAction":[{"@type":"SearchAction","target":{"@type":"EntryPoint","urlTemplate":"https:\/\/www2.bbs-me.de\/?s={search_term_string}"},"query-input":"required name=search_term_string"}],"inLanguage":"de"}]}},"publishpress_future_action":{"enabled":false,"date":"2026-04-12 20:50:41","action":"change-status","newStatus":"draft","terms":[],"taxonomy":"page_category"},"_links":{"self":[{"href":"https:\/\/www2.bbs-me.de\/index.php\/wp-json\/wp\/v2\/pages\/8445"}],"collection":[{"href":"https:\/\/www2.bbs-me.de\/index.php\/wp-json\/wp\/v2\/pages"}],"about":[{"href":"https:\/\/www2.bbs-me.de\/index.php\/wp-json\/wp\/v2\/types\/page"}],"author":[{"embeddable":true,"href":"https:\/\/www2.bbs-me.de\/index.php\/wp-json\/wp\/v2\/users\/6"}],"replies":[{"embeddable":true,"href":"https:\/\/www2.bbs-me.de\/index.php\/wp-json\/wp\/v2\/comments?post=8445"}],"version-history":[{"count":11,"href":"https:\/\/www2.bbs-me.de\/index.php\/wp-json\/wp\/v2\/pages\/8445\/revisions"}],"predecessor-version":[{"id":8545,"href":"https:\/\/www2.bbs-me.de\/index.php\/wp-json\/wp\/v2\/pages\/8445\/revisions\/8545"}],"up":[{"embeddable":true,"href":"https:\/\/www2.bbs-me.de\/index.php\/wp-json\/wp\/v2\/pages\/2236"}],"wp:attachment":[{"href":"https:\/\/www2.bbs-me.de\/index.php\/wp-json\/wp\/v2\/media?parent=8445"}],"wp:term":[{"taxonomy":"page_category","embeddable":true,"href":"https:\/\/www2.bbs-me.de\/index.php\/wp-json\/wp\/v2\/page_category?post=8445"}],"curies":[{"name":"wp","href":"https:\/\/api.w.org\/{rel}","templated":true}]}}