{"id":8535,"date":"2016-09-29T12:39:22","date_gmt":"2016-09-29T10:39:22","guid":{"rendered":"https:\/\/www2.bbs-me.de\/?page_id=8535"},"modified":"2016-12-15T12:47:16","modified_gmt":"2016-12-15T11:47:16","slug":"sport-bgt","status":"publish","type":"page","link":"https:\/\/www2.bbs-me.de\/index.php\/sport-2\/sport-bgt\/","title":{"rendered":"Sportunterricht im BGT"},"content":{"rendered":"<div class=\"flex_column av_one_full  flex_column_div first  avia-builder-el-0  el_before_av_textblock  avia-builder-el-first  \" ><section class=\"av_textblock_section \"  itemscope=\"itemscope\" itemtype=\"https:\/\/schema.org\/CreativeWork\" ><div class='avia_textblock  '  style='font-size:16px; '  itemprop=\"text\" ><p>Sportunterricht im Beruflichen Gymnasium der bbs|me<\/p>\n<\/div><\/section><\/div>\n<section class=\"av_textblock_section \"  itemscope=\"itemscope\" itemtype=\"https:\/\/schema.org\/CreativeWork\" ><div class='avia_textblock  '  style='font-size:14px; '  itemprop=\"text\" ><p>Der Sportunterricht in der Gymnasialen Oberstufe stellt f\u00fcr die meisten Sch\u00fclerinnen und Sch\u00fcler die letzte institutionelle Stufe des Sporttreibens dar. Im Sportunterricht des Beruflichen Gymnasiums geht es deshalb heute nicht mehr nur darum Sportarten zu erlernen und zu beherrschen, sondern auch um den Erwerb von Kompetenzen, mit denen sich die Sch\u00fclerinnen und Sch\u00fcler in einer immer komplexer werdenden Sport- und Bewegungswelt zurecht finden und sich im Alltags- und Berufsleben gesundheitsbewusst verhalten k\u00f6nnen.<\/p>\n<p>Neben dem Sport im Verein gewinnen die Sportangebote von kommerziellen Anbietern immer mehr an Bedeutung. Wir verlegen deshalb unseren Sportunterricht teilweise auch in Sport-, Fitness- und Kampfsportstudios. Dort finden Squash-, Tennis- und auch Judokurse statt.<\/p>\n<p>In Fitnesskursen werden Trainingspl\u00e4ne erarbeitet und beim Krafttraining an Ger\u00e4ten umgesetzt. Trendsportarten wie Spinning, Tae Bo, Hot Iron usw. werden dort ausprobiert und kritisch hinterfragt. Auf diese Weise erhalten Sch\u00fclerinnen und Sch\u00fcler einen Einblick in verschiedene Bereiche des kommerziellen Sports, \u00fcberwinden Schwellen\u00e4ngste und k\u00f6nnen &#8211; im Sinne von lebenslangem Sporttreiben &#8211; die passenden Angebote kompetent ausw\u00e4hlen.<\/p>\n<p>Auch Sportarten aus Freizeitbereich werden thematisiert: Koordination und Gleichgewicht spielen beim Fahren und Spielen auf Inlinern und bei der jungen Sportart Parkour eine wichtige Rolle. In unseren Kompaktkursen Ski und Snowboard sowie <a href=\"https:\/\/www2.bbs-me.de\/?page_id=8561&amp;preview=true\"><strong>Windsurfen<\/strong><\/a>, bestehend aus einer Vorbereitungsphase und einer einw\u00f6chigen Kursfahrt, setzen sich unsere Sch\u00fclerinnen und Sch\u00fcler intensiv mit diesen Sportarten auseinander. Die Erlebnisse w\u00e4hrend dieser Zeit wirken in vielen F\u00e4llen noch lange nach.<\/p>\n<\/div><\/section>\n<div  style='height:12px' class='hr hr-invisible   avia-builder-el-3  el_after_av_textblock  el_before_av_slideshow_full  avia-builder-el-last '><span class='hr-inner ' ><span class='hr-inner-style'><\/span><\/span><\/div>\n<\/div><\/div><\/div><!-- close content main div --><\/div><\/div><div id='full_slider_1'  class='avia-fullwidth-slider main_color avia-shadow   avia-builder-el-4  el_after_av_hr  avia-builder-el-last   slider-not-first container_wrap sidebar_right' style=' '  ><div   data-size='large'  data-lightbox_size='large'  data-animation='slide'  data-conditional_play=''  data-ids='8410,8408,8409'  data-video_counter='0'  data-autoplay='true'  data-bg_slider='false'  data-slide_height=''  data-handle='av_slideshow_full'  data-interval='5'  data-class=' image_no_stretch'  data-el_id=''  data-css_id=''  data-scroll_down=''  data-control_layout='av-control-default'  data-custom_markup=''  data-perma_caption=''  data-autoplay_stopper=''  data-image_attachment=''  data-min_height='0px'  data-src=''  data-position='top left'  data-repeat='no-repeat'  data-attach='scroll'  data-stretch='image_no_stretch'  class='avia-slideshow avia-slideshow-1  av-control-default av-default-height-applied avia-slideshow-large av_slideshow_full  image_no_stretch avia-slide-slider '  itemprop=\"image\" itemscope=\"itemscope\" itemtype=\"https:\/\/schema.org\/ImageObject\" ><ul class='avia-slideshow-inner ' style='padding-bottom: 43.4375%;' ><li  class=' slide-1 ' ><a href='https:\/\/www2.bbs-me.de\/?page_id=8561&amp;preview=true' data-rel='slideshow-1' class='avia-slide-wrap '   ><div class = \"caption_fullwidth av-slideshow-caption caption_right caption_right_framed caption_framed\"><div class = \"container caption_container\"><div class = \"slideshow_caption\"><div class = \"slideshow_inner_caption\"><div class = \"slideshow_align_caption\"><h2  style='color:#ffffff; ' class='avia-caption-title  '  itemprop=\"name\" >Surfkurs BGT<\/h2><\/div><\/div><\/div><\/div><\/div><img src='https:\/\/www2.bbs-me.de\/wp-content\/uploads\/2016\/01\/Regattachaos-an-der-Wendeboje.jpg' width='640' height='278' title='A3_Sport_Surfkurs2' alt=''  itemprop=\"thumbnailUrl\"   \/><\/a><\/li><li  class=' slide-2 ' ><div data-rel='slideshow-1' class='avia-slide-wrap '   ><div class = \"caption_fullwidth av-slideshow-caption caption_right caption_right_framed caption_framed\"><div class = \"container caption_container\"><div class = \"slideshow_caption\"><div class = \"slideshow_inner_caption\"><div class = \"slideshow_align_caption\"><h2  style='color:#ffffff; ' class='avia-caption-title  '  itemprop=\"name\" >Inlinerkurs BGT<\/h2><\/div><\/div><\/div><\/div><\/div><img src='https:\/\/www2.bbs-me.de\/wp-content\/uploads\/2016\/01\/Inlnerkurs.jpg' width='640' height='273' title='A3_Sport_Inlnerkurs' alt=''  itemprop=\"thumbnailUrl\"   \/><\/div><\/li><li  class=' slide-3 ' ><div data-rel='slideshow-1' class='avia-slide-wrap '   ><div class = \"caption_fullwidth av-slideshow-caption caption_right caption_right_framed caption_framed\"><div class = \"container caption_container\"><div class = \"slideshow_caption\"><div class = \"slideshow_inner_caption\"><div class = \"slideshow_align_caption\"><h2  style='color:#ffffff; ' class='avia-caption-title  '  itemprop=\"name\" >Fitnesskurs<\/h2><\/div><\/div><\/div><\/div><\/div><img src='https:\/\/www2.bbs-me.de\/wp-content\/uploads\/2016\/01\/Kaiser-Center-Hot-Iron.jpg' width='640' height='315' title='A3_Sport_Fitness' alt=''  itemprop=\"thumbnailUrl\"   \/><\/div><\/li><\/ul><div class='avia-slideshow-arrows avia-slideshow-controls'><a href='#prev' class='prev-slide' aria-hidden='true' data-av_icon='\ue87c' data-av_iconfont='entypo-fontello'>Zur\u00fcck<\/a><a href='#next' class='next-slide' aria-hidden='true' data-av_icon='\ue87d' data-av_iconfont='entypo-fontello'>Weiter<\/a><\/div><div class='avia-slideshow-dots avia-slideshow-controls'><a href='#1' class='goto-slide active' >1<\/a><a href='#2' class='goto-slide ' >2<\/a><a href='#3' class='goto-slide ' >3<\/a><\/div><\/div><\/div>\n","protected":false},"excerpt":{"rendered":"","protected":false},"author":6,"featured_media":0,"parent":2236,"menu_order":0,"comment_status":"closed","ping_status":"closed","template":"","meta":{"footnotes":""},"page_category":[56],"yoast_head":"<!-- This site is optimized with the Yoast SEO plugin v22.8 - https:\/\/yoast.com\/wordpress\/plugins\/seo\/ -->\n<title>Sportunterricht im BGT - bbs|me<\/title>\n<meta name=\"robots\" content=\"index, follow, max-snippet:-1, max-image-preview:large, max-video-preview:-1\" \/>\n<link rel=\"canonical\" href=\"https:\/\/www2.bbs-me.de\/index.php\/sport-2\/sport-bgt\/\" \/>\n<meta property=\"og:locale\" content=\"de_DE\" \/>\n<meta property=\"og:type\" content=\"article\" \/>\n<meta property=\"og:title\" content=\"Sportunterricht im BGT - bbs|me\" \/>\n<meta property=\"og:url\" content=\"https:\/\/www2.bbs-me.de\/index.php\/sport-2\/sport-bgt\/\" \/>\n<meta property=\"og:site_name\" content=\"bbs|me\" \/>\n<meta property=\"article:modified_time\" content=\"2016-12-15T11:47:16+00:00\" \/>\n<meta name=\"twitter:card\" content=\"summary_large_image\" \/>\n<meta name=\"twitter:label1\" content=\"Gesch\u00e4tzte Lesezeit\" \/>\n\t<meta name=\"twitter:data1\" content=\"3\u00a0Minuten\" \/>\n<script type=\"application\/ld+json\" class=\"yoast-schema-graph\">{\"@context\":\"https:\/\/schema.org\",\"@graph\":[{\"@type\":\"WebPage\",\"@id\":\"https:\/\/www2.bbs-me.de\/index.php\/sport-2\/sport-bgt\/\",\"url\":\"https:\/\/www2.bbs-me.de\/index.php\/sport-2\/sport-bgt\/\",\"name\":\"Sportunterricht im BGT - bbs|me\",\"isPartOf\":{\"@id\":\"https:\/\/www2.bbs-me.de\/#website\"},\"datePublished\":\"2016-09-29T10:39:22+00:00\",\"dateModified\":\"2016-12-15T11:47:16+00:00\",\"breadcrumb\":{\"@id\":\"https:\/\/www2.bbs-me.de\/index.php\/sport-2\/sport-bgt\/#breadcrumb\"},\"inLanguage\":\"de\",\"potentialAction\":[{\"@type\":\"ReadAction\",\"target\":[\"https:\/\/www2.bbs-me.de\/index.php\/sport-2\/sport-bgt\/\"]}]},{\"@type\":\"BreadcrumbList\",\"@id\":\"https:\/\/www2.bbs-me.de\/index.php\/sport-2\/sport-bgt\/#breadcrumb\",\"itemListElement\":[{\"@type\":\"ListItem\",\"position\":1,\"name\":\"Startseite\",\"item\":\"https:\/\/www2.bbs-me.de\/\"},{\"@type\":\"ListItem\",\"position\":2,\"name\":\"Sportliche bbs|me\",\"item\":\"https:\/\/www2.bbs-me.de\/index.php\/sport-2\/\"},{\"@type\":\"ListItem\",\"position\":3,\"name\":\"Sportunterricht im BGT\"}]},{\"@type\":\"WebSite\",\"@id\":\"https:\/\/www2.bbs-me.de\/#website\",\"url\":\"https:\/\/www2.bbs-me.de\/\",\"name\":\"bbs|me\",\"description\":\"Otto-Brenner-Schule - Berufsbildende Schule Metalltechnik \u2022 Elektrotechnik der Region Hannover\",\"potentialAction\":[{\"@type\":\"SearchAction\",\"target\":{\"@type\":\"EntryPoint\",\"urlTemplate\":\"https:\/\/www2.bbs-me.de\/?s={search_term_string}\"},\"query-input\":\"required name=search_term_string\"}],\"inLanguage\":\"de\"}]}<\/script>\n<!-- \/ Yoast SEO plugin. -->","yoast_head_json":{"title":"Sportunterricht im BGT - bbs|me","robots":{"index":"index","follow":"follow","max-snippet":"max-snippet:-1","max-image-preview":"max-image-preview:large","max-video-preview":"max-video-preview:-1"},"canonical":"https:\/\/www2.bbs-me.de\/index.php\/sport-2\/sport-bgt\/","og_locale":"de_DE","og_type":"article","og_title":"Sportunterricht im BGT - bbs|me","og_url":"https:\/\/www2.bbs-me.de\/index.php\/sport-2\/sport-bgt\/","og_site_name":"bbs|me","article_modified_time":"2016-12-15T11:47:16+00:00","twitter_card":"summary_large_image","twitter_misc":{"Gesch\u00e4tzte Lesezeit":"3\u00a0Minuten"},"schema":{"@context":"https:\/\/schema.org","@graph":[{"@type":"WebPage","@id":"https:\/\/www2.bbs-me.de\/index.php\/sport-2\/sport-bgt\/","url":"https:\/\/www2.bbs-me.de\/index.php\/sport-2\/sport-bgt\/","name":"Sportunterricht im BGT - bbs|me","isPartOf":{"@id":"https:\/\/www2.bbs-me.de\/#website"},"datePublished":"2016-09-29T10:39:22+00:00","dateModified":"2016-12-15T11:47:16+00:00","breadcrumb":{"@id":"https:\/\/www2.bbs-me.de\/index.php\/sport-2\/sport-bgt\/#breadcrumb"},"inLanguage":"de","potentialAction":[{"@type":"ReadAction","target":["https:\/\/www2.bbs-me.de\/index.php\/sport-2\/sport-bgt\/"]}]},{"@type":"BreadcrumbList","@id":"https:\/\/www2.bbs-me.de\/index.php\/sport-2\/sport-bgt\/#breadcrumb","itemListElement":[{"@type":"ListItem","position":1,"name":"Startseite","item":"https:\/\/www2.bbs-me.de\/"},{"@type":"ListItem","position":2,"name":"Sportliche bbs|me","item":"https:\/\/www2.bbs-me.de\/index.php\/sport-2\/"},{"@type":"ListItem","position":3,"name":"Sportunterricht im BGT"}]},{"@type":"WebSite","@id":"https:\/\/www2.bbs-me.de\/#website","url":"https:\/\/www2.bbs-me.de\/","name":"bbs|me","description":"Otto-Brenner-Schule - Berufsbildende Schule Metalltechnik \u2022 Elektrotechnik der Region Hannover","potentialAction":[{"@type":"SearchAction","target":{"@type":"EntryPoint","urlTemplate":"https:\/\/www2.bbs-me.de\/?s={search_term_string}"},"query-input":"required name=search_term_string"}],"inLanguage":"de"}]}},"publishpress_future_action":{"enabled":false,"date":"2026-04-12 20:51:11","action":"change-status","newStatus":"draft","terms":[],"taxonomy":"page_category"},"_links":{"self":[{"href":"https:\/\/www2.bbs-me.de\/index.php\/wp-json\/wp\/v2\/pages\/8535"}],"collection":[{"href":"https:\/\/www2.bbs-me.de\/index.php\/wp-json\/wp\/v2\/pages"}],"about":[{"href":"https:\/\/www2.bbs-me.de\/index.php\/wp-json\/wp\/v2\/types\/page"}],"author":[{"embeddable":true,"href":"https:\/\/www2.bbs-me.de\/index.php\/wp-json\/wp\/v2\/users\/6"}],"replies":[{"embeddable":true,"href":"https:\/\/www2.bbs-me.de\/index.php\/wp-json\/wp\/v2\/comments?post=8535"}],"version-history":[{"count":9,"href":"https:\/\/www2.bbs-me.de\/index.php\/wp-json\/wp\/v2\/pages\/8535\/revisions"}],"predecessor-version":[{"id":9511,"href":"https:\/\/www2.bbs-me.de\/index.php\/wp-json\/wp\/v2\/pages\/8535\/revisions\/9511"}],"up":[{"embeddable":true,"href":"https:\/\/www2.bbs-me.de\/index.php\/wp-json\/wp\/v2\/pages\/2236"}],"wp:attachment":[{"href":"https:\/\/www2.bbs-me.de\/index.php\/wp-json\/wp\/v2\/media?parent=8535"}],"wp:term":[{"taxonomy":"page_category","embeddable":true,"href":"https:\/\/www2.bbs-me.de\/index.php\/wp-json\/wp\/v2\/page_category?post=8535"}],"curies":[{"name":"wp","href":"https:\/\/api.w.org\/{rel}","templated":true}]}}