{"id":8561,"date":"2016-12-15T12:32:45","date_gmt":"2016-12-15T11:32:45","guid":{"rendered":"https:\/\/www2.bbs-me.de\/?page_id=8561"},"modified":"2016-12-15T12:47:52","modified_gmt":"2016-12-15T11:47:52","slug":"windsurfen","status":"publish","type":"page","link":"https:\/\/www2.bbs-me.de\/index.php\/sport-2\/sport-bgt\/windsurfen\/","title":{"rendered":"Sportunterricht im BGT &#8211; Windsurfkurs"},"content":{"rendered":"<div class=\"flex_column av_one_full  flex_column_div first  avia-builder-el-0  el_before_av_textblock  avia-builder-el-first  \" ><section class=\"av_textblock_section \"  itemscope=\"itemscope\" itemtype=\"https:\/\/schema.org\/CreativeWork\" ><div class='avia_textblock  '  style='font-size:16px; '  itemprop=\"text\" ><p>Sportkurs Windsurfen im Beruflichen Gymnasium<\/p>\n<\/div><\/section><\/div>\n<section class=\"av_textblock_section \"  itemscope=\"itemscope\" itemtype=\"https:\/\/schema.org\/CreativeWork\" ><div class='avia_textblock  '  style='font-size:14px; '  itemprop=\"text\" ><p>Bericht eines Sch\u00fclers von den ersten Tagen:<\/p>\n<p>&#8220;Erster Tag auf Fehmarn: Segel aufbauen, Vorliek strecken, Achterliek trimmen, alles noch fremd. Dann auf dem Wasser, bei 12 Knoten Windgeschwindigkeit &#8211; der Einf\u00fchrungskurs vor vier Wochen am Steinhuder Meer zeigt Fr\u00fcchte &#8211; irgendwie kommen alle mit dem wackeligen Ger\u00e4t zurecht. Von woher kommt der Wind, wie halte ich das Segel, wie stehe ich richtig auf dem Brett, wie ver\u00e4ndere ich die Richtung, wie fahre ich schneller? Ganz sch\u00f6n komplexe Angelegenheit!<\/p>\n<p>Zweiter Tag, der Wind steht gut, fast alle k\u00f6nnen halbwegs H\u00f6he halten. Wir lernen, an die Stelle zur\u00fcckzukehren, von der aus wir gestartet sind. Und dies mehr oder weniger elegant, mal durch \u201eLuv\u201c, mal durch \u201eLee\u201c. Dann voller \u00dcbermut Kurs auf das gegen\u00fcberliegende Ufer, etwa 4 km entfernt, ob wir das schaffen? Der Lehrer vorneweg, die Sch\u00fcler wie Enten hinterher. Alle kommen heile zur\u00fcck, wenn auch v\u00f6llig ersch\u00f6pft.<\/p>\n<p>Am dritten Tag dann die \u201ePflicht\u201c. Einer nach dem Anderen f\u00e4hrt vor, die Lehrer vergeben Punkte. Gerecht, ungerecht? Das m\u00fcssen Sch\u00fcler aushalten k\u00f6nnen: Lehrer haben immer recht!? Danach die \u201eK\u00fcr\u201c auf kleinen Brettern im Trapez h\u00e4ngend \u00fcber das Wasser gleiten. Als Belohnung gibt es das unvergessliche Gef\u00fchl:<\/p>\n<p style=\"padding-left: 480px\"><strong>Wir k\u00f6nnen es!<\/strong><\/p>\n<p>Was haben wir bei dem Kurs nicht alles gelernt! Wie cool sich surfen anf\u00fchlt, trotz Muskelkater, Sonnenbrand und Blasen an den H\u00e4nden. Wie wir uns in der Surfszene nicht mehr wie Deppen, bewegen k\u00f6nnen, sondern dazu geh\u00f6ren. Wie wir in unserer Gruppe klar kamen, uns unterst\u00fctzten und aufmunterten.&#8221;<\/p>\n<p>Zum Windsurfkurses geh\u00f6ren sieben Tage disziplinierte Schulung mit praxisorientierter Theorie und hartem Training auf dem Wasser. Ca. 20 Sch\u00fclerinnen und Sch\u00fcler, vorwiegend ohne Vorerfahrung, stellen sich der Herausforderung die Ostsee zu erobern und \u00fcber die See zu gleiten. Es wird nichts verschenkt, schon gar nicht von den beiden Lehrern, die bis in den Sonnenuntergang hinein auf dem Wasser zeigten, dass sich die Anstrengung lohnt.<\/p>\n<\/div><\/section>\n<div  style='height:12px' class='hr hr-invisible   avia-builder-el-3  el_after_av_textblock  el_before_av_slideshow_full  avia-builder-el-last '><span class='hr-inner ' ><span class='hr-inner-style'><\/span><\/span><\/div>\n<\/div><\/div><\/div><!-- close content main div --><\/div><\/div><div id='full_slider_1'  class='avia-fullwidth-slider main_color avia-shadow   avia-builder-el-4  el_after_av_hr  avia-builder-el-last   slider-not-first container_wrap sidebar_right' style=' '  ><div   data-size='large'  data-lightbox_size='large'  data-animation='slide'  data-conditional_play=''  data-ids='8563,8564,8565,8410,8566,8567,8568,8569'  data-video_counter='0'  data-autoplay='true'  data-bg_slider='false'  data-slide_height=''  data-handle='av_slideshow_full'  data-interval='5'  data-class=' image_no_stretch'  data-el_id=''  data-css_id=''  data-scroll_down=''  data-control_layout='av-control-default'  data-custom_markup=''  data-perma_caption=''  data-autoplay_stopper=''  data-image_attachment=''  data-min_height='0px'  data-src=''  data-position='top left'  data-repeat='no-repeat'  data-attach='scroll'  data-stretch='image_no_stretch'  class='avia-slideshow avia-slideshow-1  av-control-default av-default-height-applied avia-slideshow-large av_slideshow_full  image_no_stretch avia-slide-slider '  itemprop=\"image\" itemscope=\"itemscope\" itemtype=\"https:\/\/schema.org\/ImageObject\" ><ul class='avia-slideshow-inner ' style='padding-bottom: 49.0625%;' ><li  class=' slide-1 ' ><div data-rel='slideshow-1' class='avia-slide-wrap '   ><img src='https:\/\/www2.bbs-me.de\/wp-content\/uploads\/2016\/09\/WS-Regattastart.jpg' width='640' height='314' title='WS Regattastart' alt=''  itemprop=\"thumbnailUrl\"   \/><\/div><\/li><li  class=' slide-2 ' ><div data-rel='slideshow-1' class='avia-slide-wrap '   ><img src='https:\/\/www2.bbs-me.de\/wp-content\/uploads\/2016\/09\/WS-Trocken\u00fcbung.jpg' width='640' height='480' title='WS Trocken\u00fcbung' alt=''  itemprop=\"thumbnailUrl\"   \/><\/div><\/li><li  class=' slide-3 ' ><div data-rel='slideshow-1' class='avia-slide-wrap '   ><img src='https:\/\/www2.bbs-me.de\/wp-content\/uploads\/2016\/09\/WS-Wetterkunde.jpg' width='640' height='345' title='WS Wetterkunde' alt=''  itemprop=\"thumbnailUrl\"   \/><\/div><\/li><li  class=' slide-4 ' ><div data-rel='slideshow-1' class='avia-slide-wrap '   ><img src='https:\/\/www2.bbs-me.de\/wp-content\/uploads\/2016\/01\/Regattachaos-an-der-Wendeboje.jpg' width='640' height='278' title='A3_Sport_Surfkurs2' alt=''  itemprop=\"thumbnailUrl\"   \/><\/div><\/li><li  class=' slide-5 ' ><div data-rel='slideshow-1' class='avia-slide-wrap '   ><img src='https:\/\/www2.bbs-me.de\/wp-content\/uploads\/2016\/09\/WS-Zieleinlauf.jpg' width='496' height='480' title='WS Zieleinlauf' alt=''  itemprop=\"thumbnailUrl\"   \/><\/div><\/li><li  class=' slide-6 ' ><div data-rel='slideshow-1' class='avia-slide-wrap '   ><img src='https:\/\/www2.bbs-me.de\/wp-content\/uploads\/2016\/09\/wir-k\u00f6nnen-es.jpg' width='640' height='425' title='wir k\u00f6nnen es' alt=''  itemprop=\"thumbnailUrl\"   \/><\/div><\/li><li  class=' slide-7 ' ><div data-rel='slideshow-1' class='avia-slide-wrap '   ><img src='https:\/\/www2.bbs-me.de\/wp-content\/uploads\/2016\/09\/WS-Abschlusspr\u00fcfung.jpg' width='640' height='382' title='WS Abschlusspr\u00fcfung' alt=''  itemprop=\"thumbnailUrl\"   \/><\/div><\/li><li  class=' slide-8 ' ><div data-rel='slideshow-1' class='avia-slide-wrap '   ><img src='https:\/\/www2.bbs-me.de\/wp-content\/uploads\/2016\/09\/WS-nicht-ganz-fair.jpg' width='358' height='480' title='WS nicht ganz fair' alt=''  itemprop=\"thumbnailUrl\"   \/><\/div><\/li><\/ul><div class='avia-slideshow-arrows avia-slideshow-controls'><a href='#prev' class='prev-slide' aria-hidden='true' data-av_icon='\ue87c' data-av_iconfont='entypo-fontello'>Zur\u00fcck<\/a><a href='#next' class='next-slide' aria-hidden='true' data-av_icon='\ue87d' data-av_iconfont='entypo-fontello'>Weiter<\/a><\/div><div class='avia-slideshow-dots avia-slideshow-controls'><a href='#1' class='goto-slide active' >1<\/a><a href='#2' class='goto-slide ' >2<\/a><a href='#3' class='goto-slide ' >3<\/a><a href='#4' class='goto-slide ' >4<\/a><a href='#5' class='goto-slide ' >5<\/a><a href='#6' class='goto-slide ' >6<\/a><a href='#7' class='goto-slide ' >7<\/a><a href='#8' class='goto-slide ' >8<\/a><\/div><\/div><\/div>\n","protected":false},"excerpt":{"rendered":"","protected":false},"author":6,"featured_media":0,"parent":8535,"menu_order":0,"comment_status":"closed","ping_status":"closed","template":"","meta":{"footnotes":""},"page_category":[56],"yoast_head":"<!-- This site is optimized with the Yoast SEO plugin v22.8 - https:\/\/yoast.com\/wordpress\/plugins\/seo\/ -->\n<title>Sportunterricht im BGT - Windsurfkurs - bbs|me<\/title>\n<meta name=\"robots\" content=\"index, follow, max-snippet:-1, max-image-preview:large, max-video-preview:-1\" \/>\n<link rel=\"canonical\" href=\"https:\/\/www2.bbs-me.de\/index.php\/sport-2\/sport-bgt\/windsurfen\/\" \/>\n<meta property=\"og:locale\" content=\"de_DE\" \/>\n<meta property=\"og:type\" content=\"article\" \/>\n<meta property=\"og:title\" content=\"Sportunterricht im BGT - Windsurfkurs - bbs|me\" \/>\n<meta property=\"og:url\" content=\"https:\/\/www2.bbs-me.de\/index.php\/sport-2\/sport-bgt\/windsurfen\/\" \/>\n<meta property=\"og:site_name\" content=\"bbs|me\" \/>\n<meta property=\"article:modified_time\" content=\"2016-12-15T11:47:52+00:00\" \/>\n<meta name=\"twitter:card\" content=\"summary_large_image\" \/>\n<meta name=\"twitter:label1\" content=\"Gesch\u00e4tzte Lesezeit\" \/>\n\t<meta name=\"twitter:data1\" content=\"6\u00a0Minuten\" \/>\n<script type=\"application\/ld+json\" class=\"yoast-schema-graph\">{\"@context\":\"https:\/\/schema.org\",\"@graph\":[{\"@type\":\"WebPage\",\"@id\":\"https:\/\/www2.bbs-me.de\/index.php\/sport-2\/sport-bgt\/windsurfen\/\",\"url\":\"https:\/\/www2.bbs-me.de\/index.php\/sport-2\/sport-bgt\/windsurfen\/\",\"name\":\"Sportunterricht im BGT - Windsurfkurs - bbs|me\",\"isPartOf\":{\"@id\":\"https:\/\/www2.bbs-me.de\/#website\"},\"datePublished\":\"2016-12-15T11:32:45+00:00\",\"dateModified\":\"2016-12-15T11:47:52+00:00\",\"breadcrumb\":{\"@id\":\"https:\/\/www2.bbs-me.de\/index.php\/sport-2\/sport-bgt\/windsurfen\/#breadcrumb\"},\"inLanguage\":\"de\",\"potentialAction\":[{\"@type\":\"ReadAction\",\"target\":[\"https:\/\/www2.bbs-me.de\/index.php\/sport-2\/sport-bgt\/windsurfen\/\"]}]},{\"@type\":\"BreadcrumbList\",\"@id\":\"https:\/\/www2.bbs-me.de\/index.php\/sport-2\/sport-bgt\/windsurfen\/#breadcrumb\",\"itemListElement\":[{\"@type\":\"ListItem\",\"position\":1,\"name\":\"Startseite\",\"item\":\"https:\/\/www2.bbs-me.de\/\"},{\"@type\":\"ListItem\",\"position\":2,\"name\":\"Sportliche bbs|me\",\"item\":\"https:\/\/www2.bbs-me.de\/index.php\/sport-2\/\"},{\"@type\":\"ListItem\",\"position\":3,\"name\":\"Sportunterricht im BGT\",\"item\":\"https:\/\/www2.bbs-me.de\/index.php\/sport-2\/sport-bgt\/\"},{\"@type\":\"ListItem\",\"position\":4,\"name\":\"Sportunterricht im BGT &#8211; Windsurfkurs\"}]},{\"@type\":\"WebSite\",\"@id\":\"https:\/\/www2.bbs-me.de\/#website\",\"url\":\"https:\/\/www2.bbs-me.de\/\",\"name\":\"bbs|me\",\"description\":\"Otto-Brenner-Schule - Berufsbildende Schule Metalltechnik \u2022 Elektrotechnik der Region Hannover\",\"potentialAction\":[{\"@type\":\"SearchAction\",\"target\":{\"@type\":\"EntryPoint\",\"urlTemplate\":\"https:\/\/www2.bbs-me.de\/?s={search_term_string}\"},\"query-input\":\"required name=search_term_string\"}],\"inLanguage\":\"de\"}]}<\/script>\n<!-- \/ Yoast SEO plugin. -->","yoast_head_json":{"title":"Sportunterricht im BGT - Windsurfkurs - bbs|me","robots":{"index":"index","follow":"follow","max-snippet":"max-snippet:-1","max-image-preview":"max-image-preview:large","max-video-preview":"max-video-preview:-1"},"canonical":"https:\/\/www2.bbs-me.de\/index.php\/sport-2\/sport-bgt\/windsurfen\/","og_locale":"de_DE","og_type":"article","og_title":"Sportunterricht im BGT - Windsurfkurs - bbs|me","og_url":"https:\/\/www2.bbs-me.de\/index.php\/sport-2\/sport-bgt\/windsurfen\/","og_site_name":"bbs|me","article_modified_time":"2016-12-15T11:47:52+00:00","twitter_card":"summary_large_image","twitter_misc":{"Gesch\u00e4tzte Lesezeit":"6\u00a0Minuten"},"schema":{"@context":"https:\/\/schema.org","@graph":[{"@type":"WebPage","@id":"https:\/\/www2.bbs-me.de\/index.php\/sport-2\/sport-bgt\/windsurfen\/","url":"https:\/\/www2.bbs-me.de\/index.php\/sport-2\/sport-bgt\/windsurfen\/","name":"Sportunterricht im BGT - Windsurfkurs - bbs|me","isPartOf":{"@id":"https:\/\/www2.bbs-me.de\/#website"},"datePublished":"2016-12-15T11:32:45+00:00","dateModified":"2016-12-15T11:47:52+00:00","breadcrumb":{"@id":"https:\/\/www2.bbs-me.de\/index.php\/sport-2\/sport-bgt\/windsurfen\/#breadcrumb"},"inLanguage":"de","potentialAction":[{"@type":"ReadAction","target":["https:\/\/www2.bbs-me.de\/index.php\/sport-2\/sport-bgt\/windsurfen\/"]}]},{"@type":"BreadcrumbList","@id":"https:\/\/www2.bbs-me.de\/index.php\/sport-2\/sport-bgt\/windsurfen\/#breadcrumb","itemListElement":[{"@type":"ListItem","position":1,"name":"Startseite","item":"https:\/\/www2.bbs-me.de\/"},{"@type":"ListItem","position":2,"name":"Sportliche bbs|me","item":"https:\/\/www2.bbs-me.de\/index.php\/sport-2\/"},{"@type":"ListItem","position":3,"name":"Sportunterricht im BGT","item":"https:\/\/www2.bbs-me.de\/index.php\/sport-2\/sport-bgt\/"},{"@type":"ListItem","position":4,"name":"Sportunterricht im BGT &#8211; Windsurfkurs"}]},{"@type":"WebSite","@id":"https:\/\/www2.bbs-me.de\/#website","url":"https:\/\/www2.bbs-me.de\/","name":"bbs|me","description":"Otto-Brenner-Schule - Berufsbildende Schule Metalltechnik \u2022 Elektrotechnik der Region Hannover","potentialAction":[{"@type":"SearchAction","target":{"@type":"EntryPoint","urlTemplate":"https:\/\/www2.bbs-me.de\/?s={search_term_string}"},"query-input":"required name=search_term_string"}],"inLanguage":"de"}]}},"publishpress_future_action":{"enabled":false,"date":"2026-04-12 20:52:56","action":"change-status","newStatus":"draft","terms":[],"taxonomy":"page_category"},"_links":{"self":[{"href":"https:\/\/www2.bbs-me.de\/index.php\/wp-json\/wp\/v2\/pages\/8561"}],"collection":[{"href":"https:\/\/www2.bbs-me.de\/index.php\/wp-json\/wp\/v2\/pages"}],"about":[{"href":"https:\/\/www2.bbs-me.de\/index.php\/wp-json\/wp\/v2\/types\/page"}],"author":[{"embeddable":true,"href":"https:\/\/www2.bbs-me.de\/index.php\/wp-json\/wp\/v2\/users\/6"}],"replies":[{"embeddable":true,"href":"https:\/\/www2.bbs-me.de\/index.php\/wp-json\/wp\/v2\/comments?post=8561"}],"version-history":[{"count":4,"href":"https:\/\/www2.bbs-me.de\/index.php\/wp-json\/wp\/v2\/pages\/8561\/revisions"}],"predecessor-version":[{"id":9508,"href":"https:\/\/www2.bbs-me.de\/index.php\/wp-json\/wp\/v2\/pages\/8561\/revisions\/9508"}],"up":[{"embeddable":true,"href":"https:\/\/www2.bbs-me.de\/index.php\/wp-json\/wp\/v2\/pages\/8535"}],"wp:attachment":[{"href":"https:\/\/www2.bbs-me.de\/index.php\/wp-json\/wp\/v2\/media?parent=8561"}],"wp:term":[{"taxonomy":"page_category","embeddable":true,"href":"https:\/\/www2.bbs-me.de\/index.php\/wp-json\/wp\/v2\/page_category?post=8561"}],"curies":[{"name":"wp","href":"https:\/\/api.w.org\/{rel}","templated":true}]}}