{"id":8897,"date":"2016-11-11T13:58:02","date_gmt":"2016-11-11T12:58:02","guid":{"rendered":"https:\/\/www2.bbs-me.de\/?page_id=8897"},"modified":"2021-05-05T12:51:43","modified_gmt":"2021-05-05T10:51:43","slug":"berufliches-gymnasium-3-2","status":"publish","type":"page","link":"https:\/\/www2.bbs-me.de\/index.php\/berufliches-gymnasium-3\/berufliches-gymnasium-3-2\/","title":{"rendered":"Berufliches Gymnasium Technik &#8211; Informationen Jahrgang 12 und 13"},"content":{"rendered":"<div id='av-layout-grid-1'  class='av-layout-grid-container entry-content-wrapper header_color av-flex-cells     avia-builder-el-0  el_before_av_layout_row  avia-builder-el-first  container_wrap sidebar_right' style=' '  >\n<div class=\"flex_cell no_margin av_one_full  avia-builder-el-1  avia-builder-el-no-sibling   \"  style='vertical-align:top; padding:30; ' ><div class='flex_cell_inner' ><section class=\"av_textblock_section \"  itemscope=\"itemscope\" itemtype=\"https:\/\/schema.org\/CreativeWork\" ><div class='avia_textblock  '  style='font-size:24px; '  itemprop=\"text\" ><p><strong>Berufliches Gymnasium Technik<br \/>\n<\/strong><\/p>\n<\/div><\/section>\n<\/div><\/div>\n<\/div>\n<div id='av-layout-grid-2'  class='av-layout-grid-container entry-content-wrapper main_color av-flex-cells     avia-builder-el-3  el_after_av_layout_row  el_before_av_layout_row  submenu-not-first container_wrap sidebar_right' style=' '  >\n<div class=\"flex_cell no_margin av_one_full  avia-builder-el-4  avia-builder-el-no-sibling   \"  style='vertical-align:top; padding:30px; background-color:#739e2f; ' ><div class='flex_cell_inner' ><article  class=\"iconbox iconbox_left_content    avia-builder-el-5  avia-builder-el-no-sibling  \"  itemscope=\"itemscope\" itemtype=\"https:\/\/schema.org\/CreativeWork\" ><div class=\"iconbox_icon heading-color\" aria-hidden='true' data-av_icon='\ue8a8' data-av_iconfont='entypo-fontello'  style='background-color:#ffffff; border:1px solid #ffffff; color:#1e73be; ' ><\/div><div class=\"iconbox_content\"><header class=\"entry-content-header\"><h3 class='iconbox_content_title  '  itemprop=\"headline\"   style='color:#ffffff; '>Informationen Jahrgang 12 und 13 Qualifikationsphase<\/h3><\/header><div class='iconbox_content_container  '  itemprop=\"text\"  ><\/div><\/div><footer class=\"entry-footer\"><\/footer><\/article>\n<\/div><\/div>\n<\/div>\n<div id='av-layout-grid-3'  class='av-layout-grid-container entry-content-wrapper main_color av-flex-cells     avia-builder-el-6  el_after_av_layout_row  el_before_av_one_full  submenu-not-first container_wrap sidebar_right' style=' '  >\n<div class=\"flex_cell no_margin av_one_full  avia-builder-el-7  avia-builder-el-no-sibling   \"  style='vertical-align:top; padding:30px; ' ><div class='flex_cell_inner' ><p><div class=\"flex_column av_three_fifth  flex_column_div first  avia-builder-el-8  el_before_av_two_fifth  avia-builder-el-first  \" ><section class=\"av_textblock_section \"  itemscope=\"itemscope\" itemtype=\"https:\/\/schema.org\/CreativeWork\" ><div class='avia_textblock  '   itemprop=\"text\" ><p>Nach dem erfolgreichen Ablegen der Abiturpr\u00fcfungen an unserem Beruflichen Gymnasium wird den Sch\u00fcler*innen die<\/p>\n<h3>Allgemeine Hochschulreife<\/h3>\n<p>verliehen und sie k\u00f6nnen zu<strong> jedem Studiengang<\/strong> an <strong>allen wissenschaftlichen Hochschulen<\/strong> (Universit\u00e4ten) zugelassen werden.<\/p>\n<p>Die<strong> Qualifikationsphase<\/strong> beginnt nach erfolgreichem Abschluss der <strong><a href=\"https:\/\/www2.bbs-me.de\/index.php\/berufliches-gymnasium-3\/berufliches-gymnasium-3\/\">Einf\u00fchrungsphase<\/a><\/strong> (Klasse 11). Die Sch\u00fclerinnen und Sch\u00fcler w\u00e4hlen nun <strong>F\u00e4cher mit erh\u00f6hten bzw. grundlegenden Anforderungen<\/strong> <a href=\"https:\/\/www2.bbs-me.de\/wp-content\/uploads\/2016\/09\/BGT-INF-37-REV.11-Gymnasium-web.pdf\"> (LINK zu Brosch\u00fcre) <\/a> und werden entsprechend den Kursen zugeteilt.<br \/>\nDie inhaltlichen <a href=\"http:\/\/www.nibis.de\/nibis.php?menid=1395\">Schwerpunkte der allgemeinbildenden F\u00e4cher <\/a> werden vom Kultusministerium vorgeben.<br \/>\nZu Beginn der Kursstufe 12 w\u00e4hlen die Sch\u00fcler*innen ihre <strong>Tutorinnen und Tutoren<\/strong>, die \u2013 neben dem Jahrgangsleiter Henning Meyer und dem Abteilungsleiter Alfons We\u00df \u2013 direkte Ansprechpartner sind und mit <strong>Rat und Tat zur Seite stehen<\/strong>.<\/p>\n<p>Der <strong>schulische Teil der Fachhochschulreife<\/strong> kann fr\u00fchestens nach Kursstufe 12 erworben werden. Dazu m\u00fcssen entsprechende Leistungen in einzelnen F\u00e4chern aus zwei Kurshalbjahren nachgewiesen werden ( <a href=\"https:\/\/www2.bbs-me.de\/wp-content\/uploads\/2021\/03\/Abitur-ab-2021-Beratungsrechner_website.xlsx\">Beratungsrechner<\/a>). Anschlie\u00dfend ist ein mindestens einj\u00e4hriges Praktikum oder eine mindestens zweij\u00e4hrige Berufsausbildung zu absolvieren.<\/p>\n<p>Die Benotung in der Qualifizierungsphase (Klasse 12 und 13) erfolgt in nach der KMK-Punkteskala von 00 bis 15.<\/p>\n<p>In der Kursstufe 12 besch\u00e4ftigen sich die Sch\u00fcler*innen \u00fcber einen Zeitraum von sechs bis acht Wochen mit einem praxisorientierten Projekt und dessen schriftlicher Ausarbeitung\/ Dokumentation, um auf das wissenschaftliche Arbeiten an der Universit\u00e4t oder Hochschule vorzubereiten.<\/p>\n<p>Zur <strong>Vorbereitung der Abiturpr\u00fcfungen<\/strong> bieten die Lehrerinnen und Lehrer \u00fcber den Unterricht hinaus<strong> Kolloquien<\/strong> an.<\/p>\n<p>Eine individuelle <strong>Beratung<\/strong> der Sch\u00fclerinnen und Sch\u00fcler wird nach jedem Semester von der Jahrgangsleitung durchgef\u00fchrt. Fr\u00fchzeitig werden Ma\u00dfnahmen ergriffen und Alternativen besprochen, falls es mal \u201enicht so rund\u201c l\u00e4uft.<\/p>\n<p>Verschiedene <strong>Kursfahrten<\/strong> (London, Ohio, Abenteuer in den Alpen, u. a.) in Jahrgang 13 werden angeboten.<\/p>\n<p>Unsere Schule verf\u00fcgt \u00fcber ein gro\u00dfes <strong>Sportangebot<\/strong> aus dem die Sch\u00fclerinnen und Sch\u00fcler im 12. und 13. Jahrgang w\u00e4hlen k\u00f6nnen. Hierzu z\u00e4hlen <strong>Ski\/Snowboard<\/strong> in S\u00fcdtirol, <strong>Windsurfen<\/strong> auf <strong>Fehmarn<\/strong>, <strong>Le Parkour<\/strong>, <strong>American Sports<\/strong> und vieles mehr.<\/p>\n<p>Jahrgangsleitung f\u00fcr die 12er und 13er Klassen: <a href=\"mailto:\/\/h.meyer@bbs-me.de\">Henning Meyer<\/a><\/p>\n<p>Sprechzeiten sind per E-Mail abzustimmen.<\/p>\n<\/div><\/section><\/div><div class=\"flex_column av_two_fifth  flex_column_div av-zero-column-padding   avia-builder-el-10  el_after_av_three_fifth  avia-builder-el-last  \" style='border-radius:0px; '><div   data-size='portfolio'  data-lightbox_size='large'  data-animation='slide'  data-conditional_play=''  data-ids='10129,10128,10127,10126,10125,10124,10123'  data-video_counter='0'  data-autoplay='true'  data-bg_slider='false'  data-slide_height=''  data-handle='av_slideshow'  data-interval='5'  data-class=' avia-builder-el-11  avia-builder-el-no-sibling   avia-small-width-slider'  data-el_id=''  data-css_id=''  data-scroll_down=''  data-control_layout=''  data-custom_markup=''  data-perma_caption=''  data-autoplay_stopper=''  data-image_attachment=''  data-min_height='0px'  data-default-height='80.808080808081'  class='avia-slideshow avia-slideshow-1  av-default-height-applied avia-slideshow-portfolio av_slideshow  avia-builder-el-11  avia-builder-el-no-sibling   avia-small-width-slider avia-slide-slider '  itemprop=\"image\" itemscope=\"itemscope\" itemtype=\"https:\/\/schema.org\/ImageObject\" ><ul class='avia-slideshow-inner ' style='padding-bottom: 80.808080808081%;' ><li  class=' slide-1 ' ><div data-rel='slideshow-1' class='avia-slide-wrap '   ><img src='https:\/\/www2.bbs-me.de\/wp-content\/uploads\/2016\/11\/bgt_WSRegattastart-495x400.jpg' width='495' height='400' title='bgt_wsregattastart' alt=''  itemprop=\"thumbnailUrl\"   \/><\/div><\/li><li  class=' slide-2 ' ><div data-rel='slideshow-1' class='avia-slide-wrap '   ><img src='https:\/\/www2.bbs-me.de\/wp-content\/uploads\/2016\/11\/bgt_Regattachaos_Wendeboje-495x400.jpg' width='495' height='400' title='bgt_regattachaos_wendeboje' alt=''  itemprop=\"thumbnailUrl\"   \/><\/div><\/li><li  class=' slide-3 ' ><div data-rel='slideshow-1' class='avia-slide-wrap '   ><img src='https:\/\/www2.bbs-me.de\/wp-content\/uploads\/2016\/11\/bgt_quali_kanu2-495x400.jpg' width='495' height='400' title='bgt_quali_kanu2' alt=''  itemprop=\"thumbnailUrl\"   \/><\/div><\/li><li  class=' slide-4 ' ><div data-rel='slideshow-1' class='avia-slide-wrap '   ><img src='https:\/\/www2.bbs-me.de\/wp-content\/uploads\/2016\/11\/bgt_quali_kanu1-495x400.jpg' width='495' height='400' title='bgt_quali_kanu1' alt=''  itemprop=\"thumbnailUrl\"   \/><\/div><\/li><li  class=' slide-5 ' ><div data-rel='slideshow-1' class='avia-slide-wrap '   ><img src='https:\/\/www2.bbs-me.de\/wp-content\/uploads\/2016\/11\/bgt_ausflug_2-495x400.jpg' width='495' height='400' title='bgt_ausflug_2' alt=''  itemprop=\"thumbnailUrl\"   \/><\/div><\/li><li  class=' slide-6 ' ><div data-rel='slideshow-1' class='avia-slide-wrap '   ><img src='https:\/\/www2.bbs-me.de\/wp-content\/uploads\/2016\/11\/bgt_ausflug_1-495x400.jpg' width='495' height='400' title='bgt_ausflug_1' alt=''  itemprop=\"thumbnailUrl\"   \/><\/div><\/li><li  class=' slide-7 ' ><div data-rel='slideshow-1' class='avia-slide-wrap '   ><img src='https:\/\/www2.bbs-me.de\/wp-content\/uploads\/2016\/11\/bgt_-Zieleinlauf-495x400.jpg' width='495' height='400' title='bgt_-zieleinlauf' alt=''  itemprop=\"thumbnailUrl\"   \/><\/div><\/li><\/ul><div class='avia-slideshow-arrows avia-slideshow-controls'><a href='#prev' class='prev-slide' aria-hidden='true' data-av_icon='\ue87c' data-av_iconfont='entypo-fontello'>Zur\u00fcck<\/a><a href='#next' class='next-slide' aria-hidden='true' data-av_icon='\ue87d' data-av_iconfont='entypo-fontello'>Weiter<\/a><\/div><div class='avia-slideshow-dots avia-slideshow-controls'><a href='#1' class='goto-slide active' >1<\/a><a href='#2' class='goto-slide ' >2<\/a><a href='#3' class='goto-slide ' >3<\/a><a href='#4' class='goto-slide ' >4<\/a><a href='#5' class='goto-slide ' >5<\/a><a href='#6' class='goto-slide ' >6<\/a><a href='#7' class='goto-slide ' >7<\/a><\/div><\/div><\/div><\/p>\n<\/div><\/div><\/div><div id='after_submenu_3'  class='main_color av_default_container_wrap container_wrap sidebar_right' style=' '  ><div class='container' ><div class='template-page content  av-content-small alpha units'><div class='post-entry post-entry-type-page post-entry-8897'><div class='entry-content-wrapper clearfix'><div class=\"flex_column av_one_full  flex_column_div first  avia-builder-el-12  el_after_av_layout_row  avia-builder-el-no-sibling  \" ><section class=\"av_textblock_section \"  itemscope=\"itemscope\" itemtype=\"https:\/\/schema.org\/CreativeWork\" ><div class='avia_textblock  '   itemprop=\"text\" ><span  class=\"av_font_icon avia_animate_when_visible avia-icon-animate  av-icon-style-  avia-icon-pos-left \" style=\"color:#1e73be; border-color:#1e73be;\"><span class='av-icon-char' style='font-size:40px;line-height:40px;' aria-hidden='true' data-av_icon='\ue82d' data-av_iconfont='entypo-fontello' ><\/span><\/span>\n<h4>Downloadbereich<\/h4>\n<p><code>\u00a0<\/code><\/p>\n<p><code><\/code><a href=\"https:\/\/bbs-me.org\/login\">Krankmeldungen<\/a><\/p>\n<p><a href=\"https:\/\/bbs-me.org\/seafile\">bbs-me.org\/seafile<\/a><\/p>\n<p><a href=\"https:\/\/www2.bbs-me.de\/wp-content\/uploads\/2021\/03\/Abitur-ab-2021-Beratungsrechner_website.xlsx\">Abitur-ab-2021-Beratungsrechner<\/a><\/p>\n<\/div><\/section><\/div><\/p>\n","protected":false},"excerpt":{"rendered":"","protected":false},"author":46,"featured_media":0,"parent":8644,"menu_order":0,"comment_status":"closed","ping_status":"closed","template":"","meta":{"footnotes":""},"page_category":[],"yoast_head":"<!-- This site is optimized with the Yoast SEO plugin v22.8 - https:\/\/yoast.com\/wordpress\/plugins\/seo\/ -->\n<title>Berufliches Gymnasium Technik - Informationen Jahrgang 12 und 13 - bbs|me<\/title>\n<meta name=\"robots\" content=\"index, follow, max-snippet:-1, max-image-preview:large, max-video-preview:-1\" \/>\n<link rel=\"canonical\" href=\"https:\/\/www2.bbs-me.de\/index.php\/berufliches-gymnasium-3\/berufliches-gymnasium-3-2\/\" \/>\n<meta property=\"og:locale\" content=\"de_DE\" \/>\n<meta property=\"og:type\" content=\"article\" \/>\n<meta property=\"og:title\" content=\"Berufliches Gymnasium Technik - Informationen Jahrgang 12 und 13 - bbs|me\" \/>\n<meta property=\"og:url\" content=\"https:\/\/www2.bbs-me.de\/index.php\/berufliches-gymnasium-3\/berufliches-gymnasium-3-2\/\" \/>\n<meta property=\"og:site_name\" content=\"bbs|me\" \/>\n<meta property=\"article:modified_time\" content=\"2021-05-05T10:51:43+00:00\" \/>\n<meta name=\"twitter:card\" content=\"summary_large_image\" \/>\n<meta name=\"twitter:label1\" content=\"Gesch\u00e4tzte Lesezeit\" \/>\n\t<meta name=\"twitter:data1\" content=\"3\u00a0Minuten\" \/>\n<script type=\"application\/ld+json\" class=\"yoast-schema-graph\">{\"@context\":\"https:\/\/schema.org\",\"@graph\":[{\"@type\":\"WebPage\",\"@id\":\"https:\/\/www2.bbs-me.de\/index.php\/berufliches-gymnasium-3\/berufliches-gymnasium-3-2\/\",\"url\":\"https:\/\/www2.bbs-me.de\/index.php\/berufliches-gymnasium-3\/berufliches-gymnasium-3-2\/\",\"name\":\"Berufliches Gymnasium Technik - Informationen Jahrgang 12 und 13 - bbs|me\",\"isPartOf\":{\"@id\":\"https:\/\/www2.bbs-me.de\/#website\"},\"datePublished\":\"2016-11-11T12:58:02+00:00\",\"dateModified\":\"2021-05-05T10:51:43+00:00\",\"breadcrumb\":{\"@id\":\"https:\/\/www2.bbs-me.de\/index.php\/berufliches-gymnasium-3\/berufliches-gymnasium-3-2\/#breadcrumb\"},\"inLanguage\":\"de\",\"potentialAction\":[{\"@type\":\"ReadAction\",\"target\":[\"https:\/\/www2.bbs-me.de\/index.php\/berufliches-gymnasium-3\/berufliches-gymnasium-3-2\/\"]}]},{\"@type\":\"BreadcrumbList\",\"@id\":\"https:\/\/www2.bbs-me.de\/index.php\/berufliches-gymnasium-3\/berufliches-gymnasium-3-2\/#breadcrumb\",\"itemListElement\":[{\"@type\":\"ListItem\",\"position\":1,\"name\":\"Startseite\",\"item\":\"https:\/\/www2.bbs-me.de\/\"},{\"@type\":\"ListItem\",\"position\":2,\"name\":\"Berufliches Gymnasium Technik &#8211; in drei Jahren zum Abitur &#8211; in Hannover\",\"item\":\"https:\/\/www2.bbs-me.de\/index.php\/berufliches-gymnasium-3\/\"},{\"@type\":\"ListItem\",\"position\":3,\"name\":\"Berufliches Gymnasium Technik &#8211; Informationen Jahrgang 12 und 13\"}]},{\"@type\":\"WebSite\",\"@id\":\"https:\/\/www2.bbs-me.de\/#website\",\"url\":\"https:\/\/www2.bbs-me.de\/\",\"name\":\"bbs|me\",\"description\":\"Otto-Brenner-Schule - Berufsbildende Schule Metalltechnik \u2022 Elektrotechnik der Region Hannover\",\"potentialAction\":[{\"@type\":\"SearchAction\",\"target\":{\"@type\":\"EntryPoint\",\"urlTemplate\":\"https:\/\/www2.bbs-me.de\/?s={search_term_string}\"},\"query-input\":\"required name=search_term_string\"}],\"inLanguage\":\"de\"}]}<\/script>\n<!-- \/ Yoast SEO plugin. -->","yoast_head_json":{"title":"Berufliches Gymnasium Technik - Informationen Jahrgang 12 und 13 - bbs|me","robots":{"index":"index","follow":"follow","max-snippet":"max-snippet:-1","max-image-preview":"max-image-preview:large","max-video-preview":"max-video-preview:-1"},"canonical":"https:\/\/www2.bbs-me.de\/index.php\/berufliches-gymnasium-3\/berufliches-gymnasium-3-2\/","og_locale":"de_DE","og_type":"article","og_title":"Berufliches Gymnasium Technik - Informationen Jahrgang 12 und 13 - bbs|me","og_url":"https:\/\/www2.bbs-me.de\/index.php\/berufliches-gymnasium-3\/berufliches-gymnasium-3-2\/","og_site_name":"bbs|me","article_modified_time":"2021-05-05T10:51:43+00:00","twitter_card":"summary_large_image","twitter_misc":{"Gesch\u00e4tzte Lesezeit":"3\u00a0Minuten"},"schema":{"@context":"https:\/\/schema.org","@graph":[{"@type":"WebPage","@id":"https:\/\/www2.bbs-me.de\/index.php\/berufliches-gymnasium-3\/berufliches-gymnasium-3-2\/","url":"https:\/\/www2.bbs-me.de\/index.php\/berufliches-gymnasium-3\/berufliches-gymnasium-3-2\/","name":"Berufliches Gymnasium Technik - Informationen Jahrgang 12 und 13 - bbs|me","isPartOf":{"@id":"https:\/\/www2.bbs-me.de\/#website"},"datePublished":"2016-11-11T12:58:02+00:00","dateModified":"2021-05-05T10:51:43+00:00","breadcrumb":{"@id":"https:\/\/www2.bbs-me.de\/index.php\/berufliches-gymnasium-3\/berufliches-gymnasium-3-2\/#breadcrumb"},"inLanguage":"de","potentialAction":[{"@type":"ReadAction","target":["https:\/\/www2.bbs-me.de\/index.php\/berufliches-gymnasium-3\/berufliches-gymnasium-3-2\/"]}]},{"@type":"BreadcrumbList","@id":"https:\/\/www2.bbs-me.de\/index.php\/berufliches-gymnasium-3\/berufliches-gymnasium-3-2\/#breadcrumb","itemListElement":[{"@type":"ListItem","position":1,"name":"Startseite","item":"https:\/\/www2.bbs-me.de\/"},{"@type":"ListItem","position":2,"name":"Berufliches Gymnasium Technik &#8211; in drei Jahren zum Abitur &#8211; in Hannover","item":"https:\/\/www2.bbs-me.de\/index.php\/berufliches-gymnasium-3\/"},{"@type":"ListItem","position":3,"name":"Berufliches Gymnasium Technik &#8211; Informationen Jahrgang 12 und 13"}]},{"@type":"WebSite","@id":"https:\/\/www2.bbs-me.de\/#website","url":"https:\/\/www2.bbs-me.de\/","name":"bbs|me","description":"Otto-Brenner-Schule - Berufsbildende Schule Metalltechnik \u2022 Elektrotechnik der Region Hannover","potentialAction":[{"@type":"SearchAction","target":{"@type":"EntryPoint","urlTemplate":"https:\/\/www2.bbs-me.de\/?s={search_term_string}"},"query-input":"required name=search_term_string"}],"inLanguage":"de"}]}},"publishpress_future_action":{"enabled":false,"date":"2026-04-12 20:43:47","action":"change-status","newStatus":"draft","terms":[],"taxonomy":"page_category"},"_links":{"self":[{"href":"https:\/\/www2.bbs-me.de\/index.php\/wp-json\/wp\/v2\/pages\/8897"}],"collection":[{"href":"https:\/\/www2.bbs-me.de\/index.php\/wp-json\/wp\/v2\/pages"}],"about":[{"href":"https:\/\/www2.bbs-me.de\/index.php\/wp-json\/wp\/v2\/types\/page"}],"author":[{"embeddable":true,"href":"https:\/\/www2.bbs-me.de\/index.php\/wp-json\/wp\/v2\/users\/46"}],"replies":[{"embeddable":true,"href":"https:\/\/www2.bbs-me.de\/index.php\/wp-json\/wp\/v2\/comments?post=8897"}],"version-history":[{"count":35,"href":"https:\/\/www2.bbs-me.de\/index.php\/wp-json\/wp\/v2\/pages\/8897\/revisions"}],"predecessor-version":[{"id":21972,"href":"https:\/\/www2.bbs-me.de\/index.php\/wp-json\/wp\/v2\/pages\/8897\/revisions\/21972"}],"up":[{"embeddable":true,"href":"https:\/\/www2.bbs-me.de\/index.php\/wp-json\/wp\/v2\/pages\/8644"}],"wp:attachment":[{"href":"https:\/\/www2.bbs-me.de\/index.php\/wp-json\/wp\/v2\/media?parent=8897"}],"wp:term":[{"taxonomy":"page_category","embeddable":true,"href":"https:\/\/www2.bbs-me.de\/index.php\/wp-json\/wp\/v2\/page_category?post=8897"}],"curies":[{"name":"wp","href":"https:\/\/api.w.org\/{rel}","templated":true}]}}